{"id":6272,"date":"2023-11-05T11:08:33","date_gmt":"2023-11-05T11:08:33","guid":{"rendered":"https:\/\/unrostore.com\/?post_type=product&#038;p=6272"},"modified":"2026-01-19T20:42:49","modified_gmt":"2026-01-19T20:42:49","slug":"grune-cappuccino-tassen-4-stuck-amazonia-grun","status":"publish","type":"product","link":"https:\/\/unrostore.com\/de-de\/shop\/terrafina\/amazonia-grun\/grune-cappuccino-tassen-4-stuck-amazonia-grun\/","title":{"rendered":"Gr\u00fcner Cappuccino Becher 350 ml Amazonia Gr\u00fcn - 4-tlg."},"content":{"rendered":"<h3>Sch\u00f6nes Set aus 4 gr\u00fcnen Cappuccinotassen!<\/h3>\n<p>Die<strong> gro\u00dfe dunkelgr\u00fcne Cappuccinotassen<\/strong> Set ist von der portugiesischen Marke <a href=\"https:\/\/www.terrafinastore.com\/en\/representatives\/unro\">Terrafina<\/a> und perfekt f\u00fcr Ihr Lieblingshei\u00dfgetr\u00e4nk. Von Cappuccino, Kaffee und Tee bis hin zu hei\u00dfer Schokolade und Chai Latte. Die sch\u00f6ne gr\u00fcne Farbe macht diese Tassen so einzigartig zusammen mit der feinen runden Form, die die Tassen sehr angenehm zu trinken aus macht. Sie sind nicht nur ideal f\u00fcr die t\u00e4gliche Tasse Kaffee, sondern auch f\u00fcr eine Tasse Tee oder Kaffee und Kuchen. Kombinieren Sie dieses gro\u00dfe Kaffeebecher-Set mit passenden gr\u00fcnen <a href=\"https:\/\/unrostore.com\/de-de\/shop\/terrafina\/amazonia-grun\/gruner-teller-amazonia-grun-2-stuck\/\">Schalen<\/a> oder <a href=\"https:\/\/unrostore.com\/de-de\/shop\/terrafina\/amazonia-grun\/gebaksbordjes-groen-amazonia-green-4-delig\/\">Fr\u00fchst\u00fccksteller<\/a> und genie\u00dfen Sie eine sch\u00f6ne <a href=\"https:\/\/unrostore.com\/de-de\/shop\/terrafina\/amazonia-grun\/fruhstucksset-amazonia-grun-4-personen\/?_gl=1*rnogel*_up*MQ..*_ga*NzE4NTU4NjAzLjE3MTA3MDI1NDU.*_ga_QGLN1EFSS8*MTcxMDcwMjU0My4xLjEuMTcxMDcwMjU2MC4wLjAuMzU2NzM2NzIw\">Fr\u00fchst\u00fccksset<\/a>!<\/p>\n<h3>Dies ist die Anzahl der Becher, die Sie geliefert bekommen<\/h3>\n<ul>\n<li>4x Amazonia Green Cappuccinotassen (350ml Fassungsverm\u00f6gen)<\/li>\n<li>2x Terrafina Geschenkbox<\/li>\n<\/ul>\n<p>\u00a0<\/p>\n<p><em><strong>Duurzaam voor mens & milieu:<\/strong><br \/>\nJedes Produkt ist ein Unikat, denn es wird in Handarbeit hergestellt.<br \/>\nDruck und Textur k\u00f6nnen daher leicht vom Produktfoto abweichen.<\/em><\/p>","protected":false},"excerpt":{"rendered":"<div style=\"font-family: nunito sans; font-size: 14px; border: 1px solid #dedede; border-radius: 4px; padding: 15px 0 0 14px; margin-top: 20px; margin-bottom: 20px; width: 160px; box-shadow: 1px 1px 7px 0px rgb(0 0 0 \/ 15%), 0px 0px 2px 0px rgb(0 0 0 \/ 5%); color: #00b900;\">\n<p>Mit diesem Festpreis sparen Sie <strong>\u20ac4,-<\/strong><\/p>\n<\/div>\n<div class=\"usps\"><i class=\"far fa-check-circle\"><\/i> Mikrowellenfest<br \/>\n<i class=\"far fa-check-circle\"><\/i> Backofenfest (bis zu 200 Grad)<br \/>\n<i class=\"far fa-check-circle\"><\/i> Sp\u00fclmaschinenfest<br \/>\n<i class=\"far fa-thumbs-up\"><\/i> Handgefertigt<\/div>","protected":false},"featured_media":6273,"template":"","meta":[],"product_brand":[],"product_cat":[316,170,132,871,119],"product_tag":[309,634,374,640,639,862,861,633,399],"class_list":{"0":"post-6272","1":"product","2":"type-product","3":"status-publish","4":"has-post-thumbnail","6":"product_cat-cappuccino-mokken","7":"product_cat-amazonia-green","8":"product_cat-kopjes-en-mokken","9":"product_cat-unro-populair-portugees-keramiek","10":"product_cat-terrafina","11":"product_tag-cappuccino-mokken","12":"product_tag-chai-latte","13":"product_tag-groene-kopjes","14":"product_tag-groene-mokken","15":"product_tag-grote-mokken","16":"product_tag-koffie-mokken","17":"product_tag-kopjes-en-mokken","18":"product_tag-latte-macchiato","19":"product_tag-thee-mokken","21":"first","22":"outofstock","23":"sale","24":"taxable","25":"shipping-taxable","26":"purchasable","27":"product-type-simple"},"yoast_head":"<!-- This site is optimized with the Yoast SEO plugin v27.6 - https:\/\/yoast.com\/product\/yoast-seo-wordpress\/ -->\n<title>Groene Cappuccino Mokken 350 ml Amazonia Green - 4-delig &#8226; UNRO<\/title>\n<meta name=\"description\" content=\"Ontdek deze mooie set van 4 groene cappuccino mokken die op een duurzame wijze handgemaakt worden in Portugal door lokale vakmensen.\" \/>\n<meta name=\"robots\" content=\"index, follow, max-snippet:-1, max-image-preview:large, max-video-preview:-1\" \/>\n<link rel=\"canonical\" href=\"https:\/\/unrostore.com\/de-de\/shop\/terrafina\/amazonia-grun\/grune-cappuccino-tassen-4-stuck-amazonia-grun\/\" \/>\n<meta property=\"og:locale\" content=\"de_DE\" \/>\n<meta property=\"og:type\" content=\"article\" \/>\n<meta property=\"og:title\" content=\"Groene Cappuccino Mokken 350 ml Amazonia Green - 4-delig &#8226; UNRO\" \/>\n<meta property=\"og:description\" content=\"Ontdek deze mooie set van 4 groene cappuccino mokken die op een duurzame wijze handgemaakt worden in Portugal door lokale vakmensen.\" \/>\n<meta property=\"og:url\" content=\"https:\/\/unrostore.com\/de-de\/shop\/terrafina\/amazonia-grun\/grune-cappuccino-tassen-4-stuck-amazonia-grun\/\" \/>\n<meta property=\"og:site_name\" content=\"UNRO\" \/>\n<meta property=\"article:modified_time\" content=\"2026-01-19T20:42:49+00:00\" \/>\n<meta property=\"og:image\" content=\"https:\/\/unrostore.com\/wp-content\/uploads\/2023\/11\/unro-groene-mokken.jpg\" \/>\n\t<meta property=\"og:image:width\" content=\"1000\" \/>\n\t<meta property=\"og:image:height\" content=\"1000\" \/>\n\t<meta property=\"og:image:type\" content=\"image\/jpeg\" \/>\n<meta name=\"twitter:card\" content=\"summary_large_image\" \/>\n<script type=\"application\/ld+json\" class=\"yoast-schema-graph\">{\"@context\":\"https:\\\/\\\/schema.org\",\"@graph\":[{\"@type\":\"WebPage\",\"@id\":\"https:\\\/\\\/unrostore.com\\\/shop\\\/terrafina\\\/amazonia-green\\\/groene-cappuccino-mokken-4-delig-amazonia-green\\\/\",\"url\":\"https:\\\/\\\/unrostore.com\\\/shop\\\/terrafina\\\/amazonia-green\\\/groene-cappuccino-mokken-4-delig-amazonia-green\\\/\",\"name\":\"Groene Cappuccino Mokken 350 ml Amazonia Green - 4-delig &#8226; UNRO\",\"isPartOf\":{\"@id\":\"https:\\\/\\\/unrostore.com\\\/#website\"},\"primaryImageOfPage\":{\"@id\":\"https:\\\/\\\/unrostore.com\\\/shop\\\/terrafina\\\/amazonia-green\\\/groene-cappuccino-mokken-4-delig-amazonia-green\\\/#primaryimage\"},\"image\":{\"@id\":\"https:\\\/\\\/unrostore.com\\\/shop\\\/terrafina\\\/amazonia-green\\\/groene-cappuccino-mokken-4-delig-amazonia-green\\\/#primaryimage\"},\"thumbnailUrl\":\"https:\\\/\\\/unrostore.com\\\/wp-content\\\/uploads\\\/2023\\\/11\\\/unro-groene-mokken.jpg\",\"datePublished\":\"2023-11-05T11:08:33+00:00\",\"dateModified\":\"2026-01-19T20:42:49+00:00\",\"description\":\"Ontdek deze mooie set van 4 groene cappuccino mokken die op een duurzame wijze handgemaakt worden in Portugal door lokale vakmensen.\",\"breadcrumb\":{\"@id\":\"https:\\\/\\\/unrostore.com\\\/shop\\\/terrafina\\\/amazonia-green\\\/groene-cappuccino-mokken-4-delig-amazonia-green\\\/#breadcrumb\"},\"inLanguage\":\"de\",\"potentialAction\":[{\"@type\":\"ReadAction\",\"target\":[\"https:\\\/\\\/unrostore.com\\\/shop\\\/terrafina\\\/amazonia-green\\\/groene-cappuccino-mokken-4-delig-amazonia-green\\\/\"]}]},{\"@type\":\"ImageObject\",\"inLanguage\":\"de\",\"@id\":\"https:\\\/\\\/unrostore.com\\\/shop\\\/terrafina\\\/amazonia-green\\\/groene-cappuccino-mokken-4-delig-amazonia-green\\\/#primaryimage\",\"url\":\"https:\\\/\\\/unrostore.com\\\/wp-content\\\/uploads\\\/2023\\\/11\\\/unro-groene-mokken.jpg\",\"contentUrl\":\"https:\\\/\\\/unrostore.com\\\/wp-content\\\/uploads\\\/2023\\\/11\\\/unro-groene-mokken.jpg\",\"width\":1000,\"height\":1000,\"caption\":\"groene mokken\"},{\"@type\":\"BreadcrumbList\",\"@id\":\"https:\\\/\\\/unrostore.com\\\/shop\\\/terrafina\\\/amazonia-green\\\/groene-cappuccino-mokken-4-delig-amazonia-green\\\/#breadcrumb\",\"itemListElement\":[{\"@type\":\"ListItem\",\"position\":1,\"name\":\"Home\",\"item\":\"https:\\\/\\\/unrostore.com\\\/\"},{\"@type\":\"ListItem\",\"position\":2,\"name\":\"Shop\",\"item\":\"https:\\\/\\\/unrostore.com\\\/shop\\\/\"},{\"@type\":\"ListItem\",\"position\":3,\"name\":\"Groene Cappuccino Mokken 350 ml Amazonia Green &#8211; 4-delig\"}]},{\"@type\":\"WebSite\",\"@id\":\"https:\\\/\\\/unrostore.com\\\/#website\",\"url\":\"https:\\\/\\\/unrostore.com\\\/\",\"name\":\"UNRO\",\"description\":\"Portugees servies waar je blij van wordt!\",\"publisher\":{\"@id\":\"https:\\\/\\\/unrostore.com\\\/#organization\"},\"potentialAction\":[{\"@type\":\"SearchAction\",\"target\":{\"@type\":\"EntryPoint\",\"urlTemplate\":\"https:\\\/\\\/unrostore.com\\\/?s={search_term_string}\"},\"query-input\":{\"@type\":\"PropertyValueSpecification\",\"valueRequired\":true,\"valueName\":\"search_term_string\"}}],\"inLanguage\":\"de\"},{\"@type\":\"Organization\",\"@id\":\"https:\\\/\\\/unrostore.com\\\/#organization\",\"name\":\"UNRO\",\"url\":\"https:\\\/\\\/unrostore.com\\\/\",\"logo\":{\"@type\":\"ImageObject\",\"inLanguage\":\"de\",\"@id\":\"https:\\\/\\\/unrostore.com\\\/#\\\/schema\\\/logo\\\/image\\\/\",\"url\":\"https:\\\/\\\/unrostore.com\\\/wp-content\\\/uploads\\\/2022\\\/05\\\/Logo-UNRO.png\",\"contentUrl\":\"https:\\\/\\\/unrostore.com\\\/wp-content\\\/uploads\\\/2022\\\/05\\\/Logo-UNRO.png\",\"width\":605,\"height\":179,\"caption\":\"UNRO\"},\"image\":{\"@id\":\"https:\\\/\\\/unrostore.com\\\/#\\\/schema\\\/logo\\\/image\\\/\"}}]}<\/script>\n<!-- \/ Yoast SEO plugin. -->","yoast_head_json":{"title":"Gr\u00fcne Cappuccinotassen 350 ml Amazonia Gr\u00fcn - 4 St\u00fcck - UNRO","description":"Entdecken Sie dieses sch\u00f6ne Set aus 4 gr\u00fcnen Cappuccinotassen, die in Portugal von lokalen Handwerkern nachhaltig handgefertigt werden.","robots":{"index":"index","follow":"follow","max-snippet":"max-snippet:-1","max-image-preview":"max-image-preview:large","max-video-preview":"max-video-preview:-1"},"canonical":"https:\/\/unrostore.com\/de-de\/shop\/terrafina\/amazonia-grun\/grune-cappuccino-tassen-4-stuck-amazonia-grun\/","og_locale":"de_DE","og_type":"article","og_title":"Groene Cappuccino Mokken 350 ml Amazonia Green - 4-delig &#8226; UNRO","og_description":"Ontdek deze mooie set van 4 groene cappuccino mokken die op een duurzame wijze handgemaakt worden in Portugal door lokale vakmensen.","og_url":"https:\/\/unrostore.com\/de-de\/shop\/terrafina\/amazonia-grun\/grune-cappuccino-tassen-4-stuck-amazonia-grun\/","og_site_name":"UNRO","article_modified_time":"2026-01-19T20:42:49+00:00","og_image":[{"width":1000,"height":1000,"url":"https:\/\/unrostore.com\/wp-content\/uploads\/2023\/11\/unro-groene-mokken.jpg","type":"image\/jpeg"}],"twitter_card":"summary_large_image","schema":{"@context":"https:\/\/schema.org","@graph":[{"@type":"WebPage","@id":"https:\/\/unrostore.com\/shop\/terrafina\/amazonia-green\/groene-cappuccino-mokken-4-delig-amazonia-green\/","url":"https:\/\/unrostore.com\/shop\/terrafina\/amazonia-green\/groene-cappuccino-mokken-4-delig-amazonia-green\/","name":"Gr\u00fcne Cappuccinotassen 350 ml Amazonia Gr\u00fcn - 4 St\u00fcck - UNRO","isPartOf":{"@id":"https:\/\/unrostore.com\/#website"},"primaryImageOfPage":{"@id":"https:\/\/unrostore.com\/shop\/terrafina\/amazonia-green\/groene-cappuccino-mokken-4-delig-amazonia-green\/#primaryimage"},"image":{"@id":"https:\/\/unrostore.com\/shop\/terrafina\/amazonia-green\/groene-cappuccino-mokken-4-delig-amazonia-green\/#primaryimage"},"thumbnailUrl":"https:\/\/unrostore.com\/wp-content\/uploads\/2023\/11\/unro-groene-mokken.jpg","datePublished":"2023-11-05T11:08:33+00:00","dateModified":"2026-01-19T20:42:49+00:00","description":"Entdecken Sie dieses sch\u00f6ne Set aus 4 gr\u00fcnen Cappuccinotassen, die in Portugal von lokalen Handwerkern nachhaltig handgefertigt werden.","breadcrumb":{"@id":"https:\/\/unrostore.com\/shop\/terrafina\/amazonia-green\/groene-cappuccino-mokken-4-delig-amazonia-green\/#breadcrumb"},"inLanguage":"de","potentialAction":[{"@type":"ReadAction","target":["https:\/\/unrostore.com\/shop\/terrafina\/amazonia-green\/groene-cappuccino-mokken-4-delig-amazonia-green\/"]}]},{"@type":"ImageObject","inLanguage":"de","@id":"https:\/\/unrostore.com\/shop\/terrafina\/amazonia-green\/groene-cappuccino-mokken-4-delig-amazonia-green\/#primaryimage","url":"https:\/\/unrostore.com\/wp-content\/uploads\/2023\/11\/unro-groene-mokken.jpg","contentUrl":"https:\/\/unrostore.com\/wp-content\/uploads\/2023\/11\/unro-groene-mokken.jpg","width":1000,"height":1000,"caption":"groene mokken"},{"@type":"BreadcrumbList","@id":"https:\/\/unrostore.com\/shop\/terrafina\/amazonia-green\/groene-cappuccino-mokken-4-delig-amazonia-green\/#breadcrumb","itemListElement":[{"@type":"ListItem","position":1,"name":"Home","item":"https:\/\/unrostore.com\/"},{"@type":"ListItem","position":2,"name":"Shop","item":"https:\/\/unrostore.com\/shop\/"},{"@type":"ListItem","position":3,"name":"Groene Cappuccino Mokken 350 ml Amazonia Green &#8211; 4-delig"}]},{"@type":"WebSite","@id":"https:\/\/unrostore.com\/#website","url":"https:\/\/unrostore.com\/","name":"UNRO","description":"Portugiesisches Geschirr, das Sie gl\u00fccklich machen wird!","publisher":{"@id":"https:\/\/unrostore.com\/#organization"},"potentialAction":[{"@type":"SearchAction","target":{"@type":"EntryPoint","urlTemplate":"https:\/\/unrostore.com\/?s={search_term_string}"},"query-input":{"@type":"PropertyValueSpecification","valueRequired":true,"valueName":"search_term_string"}}],"inLanguage":"de"},{"@type":"Organization","@id":"https:\/\/unrostore.com\/#organization","name":"UNRO","url":"https:\/\/unrostore.com\/","logo":{"@type":"ImageObject","inLanguage":"de","@id":"https:\/\/unrostore.com\/#\/schema\/logo\/image\/","url":"https:\/\/unrostore.com\/wp-content\/uploads\/2022\/05\/Logo-UNRO.png","contentUrl":"https:\/\/unrostore.com\/wp-content\/uploads\/2022\/05\/Logo-UNRO.png","width":605,"height":179,"caption":"UNRO"},"image":{"@id":"https:\/\/unrostore.com\/#\/schema\/logo\/image\/"}}]}},"_links":{"self":[{"href":"https:\/\/unrostore.com\/de-de\/wp-json\/wp\/v2\/product\/6272","targetHints":{"allow":["GET"]}}],"collection":[{"href":"https:\/\/unrostore.com\/de-de\/wp-json\/wp\/v2\/product"}],"about":[{"href":"https:\/\/unrostore.com\/de-de\/wp-json\/wp\/v2\/types\/product"}],"wp:featuredmedia":[{"embeddable":true,"href":"https:\/\/unrostore.com\/de-de\/wp-json\/wp\/v2\/media\/6273"}],"wp:attachment":[{"href":"https:\/\/unrostore.com\/de-de\/wp-json\/wp\/v2\/media?parent=6272"}],"wp:term":[{"taxonomy":"product_brand","embeddable":true,"href":"https:\/\/unrostore.com\/de-de\/wp-json\/wp\/v2\/product_brand?post=6272"},{"taxonomy":"product_cat","embeddable":true,"href":"https:\/\/unrostore.com\/de-de\/wp-json\/wp\/v2\/product_cat?post=6272"},{"taxonomy":"product_tag","embeddable":true,"href":"https:\/\/unrostore.com\/de-de\/wp-json\/wp\/v2\/product_tag?post=6272"}],"curies":[{"name":"wp","href":"https:\/\/api.w.org\/{rel}","templated":true}]}}