{"id":6252,"date":"2023-11-04T11:44:38","date_gmt":"2023-11-04T11:44:38","guid":{"rendered":"https:\/\/unrostore.com\/?post_type=product&#038;p=6252"},"modified":"2026-01-19T20:37:22","modified_gmt":"2026-01-19T20:37:22","slug":"weise-espressotassen-segel-4-stuck","status":"publish","type":"product","link":"https:\/\/unrostore.com\/de-de\/shop\/terrafina\/segel\/weise-espressotassen-segel-4-stuck\/","title":{"rendered":"Wei\u00dfe Espresso-Tassen 100 ml Segel - 4 St\u00fcck"},"content":{"rendered":"<h3>Beginnen Sie Ihren Tag stilvoll und voller Energie mit diesen wei\u00dfen Espressotassen<\/h3>\n<p>Die\u00a0<strong>wei\u00dfes Espressotassen-Set<\/strong> von 4 kleinen Tassen Portugiesisch <a href=\"https:\/\/www.terrafinastore.com\/en\/collections\/sail\">Terrafina<\/a> sehen toll aus in Ihrer K\u00fcche, Kaffeeecke oder im Esszimmer. Beginnen Sie Ihren Tag gut und beenden Sie ihn mit einem k\u00f6stlichen frischen Espresso in den kleinen Espressotassen in Wei\u00df mit blauer Farbe. Die Tassen sind jeweils Unikate und werden in Portugal in liebevoller Handarbeit von lokalen Handwerkern hergestellt. Diese kleinen Tassen mit Ohr gibt es auch in einer <strong><a href=\"https:\/\/unrostore.com\/de-de\/shop\/terrafina\/segel\/weise-espressotassen-segel-2-stuck\/\">2er-Set wei\u00dfe Espressotassen<\/a><\/strong>, <strong><a href=\"https:\/\/unrostore.com\/de-de\/shop\/terrafina\/segel\/witte-koffiemokken-groot-sail\/\">2er-Set gro\u00dfe Kaffeebecher<\/a><\/strong> oder als gro\u00dfe Variante <strong><a href=\"https:\/\/unrostore.com\/de-de\/shop\/terrafina\/segel\/witte-mokken-sail-4-delig\/\">wei\u00dfe Cappuccinotassen<\/a><\/strong>.<\/p>\n<p>&nbsp;<\/p>\n<h3>Dies ist die Anzahl der Tassen, die Sie geliefert bekommen:<\/h3>\n<ul>\n<li>4x Sail Espressotassen (100 ml trinkbares Volumen)<\/li>\n<li>2x Terrafina Geschenkbox<\/li>\n<\/ul>\n<p>&nbsp;<\/p>\n<p><em><strong>Nachhaltig f\u00fcr Mensch und Umwelt<\/strong><br \/>\nJedes Produkt ist ein Unikat, denn es wird in Handarbeit hergestellt.<br \/>\nDruck und Textur k\u00f6nnen daher leicht vom Produktfoto abweichen.<\/em><\/p>","protected":false},"excerpt":{"rendered":"<div style=\"font-family: nunito sans; font-size: 14px; border: 1px solid #dedede; border-radius: 4px; padding: 15px 0 0 14px; margin-top: 20px; margin-bottom: 20px; width: 160px; box-shadow: 1px 1px 7px 0px rgb(0 0 0 \/ 15%), 0px 0px 2px 0px rgb(0 0 0 \/ 5%); color: #00b900;\">\n<p>Mit diesem Festpreis sparen Sie <strong>\u20ac2,-<\/strong><\/p>\n<\/div>\n<div class=\"usps\"><i class=\"far fa-check-circle\"><\/i> Mikrowellenfest<br \/>\n<i class=\"far fa-check-circle\"><\/i> Backofenfest (bis zu 200 Grad)<br \/>\n<i class=\"far fa-check-circle\"><\/i> Sp\u00fclmaschinenfest<br \/>\n<i class=\"far fa-thumbs-up\"><\/i> Handgefertigt<\/div>","protected":false},"featured_media":6255,"template":"","meta":[],"product_brand":[],"product_cat":[869,307,132,119,139],"product_tag":[784,371,659,638,626,130,124,123,632,224,783],"class_list":{"0":"post-6252","1":"product","2":"type-product","3":"status-publish","4":"has-post-thumbnail","6":"product_cat-unro-cadeautips","7":"product_cat-espresso-kopjes","8":"product_cat-kopjes-en-mokken","9":"product_cat-terrafina","10":"product_cat-sail","11":"product_tag-blauw-wit","12":"product_tag-espresso-kopje","13":"product_tag-espressokopjes","14":"product_tag-koffiekopjes","15":"product_tag-koffiemokken","16":"product_tag-mokken","17":"product_tag-sail","18":"product_tag-terrafina","19":"product_tag-theemokken","20":"product_tag-wit","21":"product_tag-wit-met-blauw","22":"product_shipping_class-pakket","24":"first","25":"instock","26":"sale","27":"taxable","28":"shipping-taxable","29":"purchasable","30":"product-type-simple"},"yoast_head":"<!-- This site is optimized with the Yoast SEO plugin v27.4 - https:\/\/yoast.com\/product\/yoast-seo-wordpress\/ -->\n<title>Witte Espresso Kopjes 100 ml Sail - 4-delig &#8226; UNRO<\/title>\n<meta name=\"description\" content=\"Begin jouw dag vol energie \u00e9n in stijl met deze t\u00e9 leuke handgemaakte witte espresso kopjes in wit met blauwe kleur combinatie.\" \/>\n<meta name=\"robots\" content=\"index, follow, max-snippet:-1, max-image-preview:large, max-video-preview:-1\" \/>\n<link rel=\"canonical\" href=\"https:\/\/unrostore.com\/de-de\/shop\/terrafina\/segel\/weise-espressotassen-segel-4-stuck\/\" \/>\n<meta property=\"og:locale\" content=\"de_DE\" \/>\n<meta property=\"og:type\" content=\"article\" \/>\n<meta property=\"og:title\" content=\"Witte Espresso Kopjes 100 ml Sail - 4-delig &#8226; UNRO\" \/>\n<meta property=\"og:description\" content=\"Begin jouw dag vol energie \u00e9n in stijl met deze t\u00e9 leuke handgemaakte witte espresso kopjes in wit met blauwe kleur combinatie.\" \/>\n<meta property=\"og:url\" content=\"https:\/\/unrostore.com\/de-de\/shop\/terrafina\/segel\/weise-espressotassen-segel-4-stuck\/\" \/>\n<meta property=\"og:site_name\" content=\"UNRO\" \/>\n<meta property=\"article:modified_time\" content=\"2026-01-19T20:37:22+00:00\" \/>\n<meta property=\"og:image\" content=\"https:\/\/unrostore.com\/wp-content\/uploads\/2023\/11\/unro-witte-espresso-kopjes-set-van-4.webp\" \/>\n\t<meta property=\"og:image:width\" content=\"1000\" \/>\n\t<meta property=\"og:image:height\" content=\"1000\" \/>\n\t<meta property=\"og:image:type\" content=\"image\/webp\" \/>\n<meta name=\"twitter:card\" content=\"summary_large_image\" \/>\n<script type=\"application\/ld+json\" class=\"yoast-schema-graph\">{\"@context\":\"https:\\\/\\\/schema.org\",\"@graph\":[{\"@type\":\"WebPage\",\"@id\":\"https:\\\/\\\/unrostore.com\\\/shop\\\/terrafina\\\/sail\\\/witte-espresso-kopjes-sail-4-delig\\\/\",\"url\":\"https:\\\/\\\/unrostore.com\\\/shop\\\/terrafina\\\/sail\\\/witte-espresso-kopjes-sail-4-delig\\\/\",\"name\":\"Witte Espresso Kopjes 100 ml Sail - 4-delig &#8226; UNRO\",\"isPartOf\":{\"@id\":\"https:\\\/\\\/unrostore.com\\\/#website\"},\"primaryImageOfPage\":{\"@id\":\"https:\\\/\\\/unrostore.com\\\/shop\\\/terrafina\\\/sail\\\/witte-espresso-kopjes-sail-4-delig\\\/#primaryimage\"},\"image\":{\"@id\":\"https:\\\/\\\/unrostore.com\\\/shop\\\/terrafina\\\/sail\\\/witte-espresso-kopjes-sail-4-delig\\\/#primaryimage\"},\"thumbnailUrl\":\"https:\\\/\\\/unrostore.com\\\/wp-content\\\/uploads\\\/2023\\\/11\\\/unro-witte-espresso-kopjes-set-van-4.webp\",\"datePublished\":\"2023-11-04T11:44:38+00:00\",\"dateModified\":\"2026-01-19T20:37:22+00:00\",\"description\":\"Begin jouw dag vol energie \u00e9n in stijl met deze t\u00e9 leuke handgemaakte witte espresso kopjes in wit met blauwe kleur combinatie.\",\"breadcrumb\":{\"@id\":\"https:\\\/\\\/unrostore.com\\\/shop\\\/terrafina\\\/sail\\\/witte-espresso-kopjes-sail-4-delig\\\/#breadcrumb\"},\"inLanguage\":\"de\",\"potentialAction\":[{\"@type\":\"ReadAction\",\"target\":[\"https:\\\/\\\/unrostore.com\\\/shop\\\/terrafina\\\/sail\\\/witte-espresso-kopjes-sail-4-delig\\\/\"]}]},{\"@type\":\"ImageObject\",\"inLanguage\":\"de\",\"@id\":\"https:\\\/\\\/unrostore.com\\\/shop\\\/terrafina\\\/sail\\\/witte-espresso-kopjes-sail-4-delig\\\/#primaryimage\",\"url\":\"https:\\\/\\\/unrostore.com\\\/wp-content\\\/uploads\\\/2023\\\/11\\\/unro-witte-espresso-kopjes-set-van-4.webp\",\"contentUrl\":\"https:\\\/\\\/unrostore.com\\\/wp-content\\\/uploads\\\/2023\\\/11\\\/unro-witte-espresso-kopjes-set-van-4.webp\",\"width\":1000,\"height\":1000,\"caption\":\"witte espresso kopjes\"},{\"@type\":\"BreadcrumbList\",\"@id\":\"https:\\\/\\\/unrostore.com\\\/shop\\\/terrafina\\\/sail\\\/witte-espresso-kopjes-sail-4-delig\\\/#breadcrumb\",\"itemListElement\":[{\"@type\":\"ListItem\",\"position\":1,\"name\":\"Home\",\"item\":\"https:\\\/\\\/unrostore.com\\\/\"},{\"@type\":\"ListItem\",\"position\":2,\"name\":\"Shop\",\"item\":\"https:\\\/\\\/unrostore.com\\\/shop\\\/\"},{\"@type\":\"ListItem\",\"position\":3,\"name\":\"Witte Espresso Kopjes 100 ml Sail &#8211; 4-delig\"}]},{\"@type\":\"WebSite\",\"@id\":\"https:\\\/\\\/unrostore.com\\\/#website\",\"url\":\"https:\\\/\\\/unrostore.com\\\/\",\"name\":\"UNRO\",\"description\":\"Portugees servies waar je blij van wordt!\",\"publisher\":{\"@id\":\"https:\\\/\\\/unrostore.com\\\/#organization\"},\"potentialAction\":[{\"@type\":\"SearchAction\",\"target\":{\"@type\":\"EntryPoint\",\"urlTemplate\":\"https:\\\/\\\/unrostore.com\\\/?s={search_term_string}\"},\"query-input\":{\"@type\":\"PropertyValueSpecification\",\"valueRequired\":true,\"valueName\":\"search_term_string\"}}],\"inLanguage\":\"de\"},{\"@type\":\"Organization\",\"@id\":\"https:\\\/\\\/unrostore.com\\\/#organization\",\"name\":\"UNRO\",\"url\":\"https:\\\/\\\/unrostore.com\\\/\",\"logo\":{\"@type\":\"ImageObject\",\"inLanguage\":\"de\",\"@id\":\"https:\\\/\\\/unrostore.com\\\/#\\\/schema\\\/logo\\\/image\\\/\",\"url\":\"https:\\\/\\\/unrostore.com\\\/wp-content\\\/uploads\\\/2022\\\/05\\\/Logo-UNRO.png\",\"contentUrl\":\"https:\\\/\\\/unrostore.com\\\/wp-content\\\/uploads\\\/2022\\\/05\\\/Logo-UNRO.png\",\"width\":605,\"height\":179,\"caption\":\"UNRO\"},\"image\":{\"@id\":\"https:\\\/\\\/unrostore.com\\\/#\\\/schema\\\/logo\\\/image\\\/\"}}]}<\/script>\n<!-- \/ Yoast SEO plugin. -->","yoast_head_json":{"title":"Wei\u00dfe Espresso-Tassen 100 ml Segel - 4 St\u00fcck - UNRO","description":"Beginnen Sie Ihren Tag voller Energie und mit Stil mit diesen super s\u00fc\u00dfen handgefertigten wei\u00dfen Espressotassen in wei\u00dfer und blauer Farbkombination.","robots":{"index":"index","follow":"follow","max-snippet":"max-snippet:-1","max-image-preview":"max-image-preview:large","max-video-preview":"max-video-preview:-1"},"canonical":"https:\/\/unrostore.com\/de-de\/shop\/terrafina\/segel\/weise-espressotassen-segel-4-stuck\/","og_locale":"de_DE","og_type":"article","og_title":"Witte Espresso Kopjes 100 ml Sail - 4-delig &#8226; UNRO","og_description":"Begin jouw dag vol energie \u00e9n in stijl met deze t\u00e9 leuke handgemaakte witte espresso kopjes in wit met blauwe kleur combinatie.","og_url":"https:\/\/unrostore.com\/de-de\/shop\/terrafina\/segel\/weise-espressotassen-segel-4-stuck\/","og_site_name":"UNRO","article_modified_time":"2026-01-19T20:37:22+00:00","og_image":[{"width":1000,"height":1000,"url":"https:\/\/unrostore.com\/wp-content\/uploads\/2023\/11\/unro-witte-espresso-kopjes-set-van-4.webp","type":"image\/webp"}],"twitter_card":"summary_large_image","schema":{"@context":"https:\/\/schema.org","@graph":[{"@type":"WebPage","@id":"https:\/\/unrostore.com\/shop\/terrafina\/sail\/witte-espresso-kopjes-sail-4-delig\/","url":"https:\/\/unrostore.com\/shop\/terrafina\/sail\/witte-espresso-kopjes-sail-4-delig\/","name":"Wei\u00dfe Espresso-Tassen 100 ml Segel - 4 St\u00fcck - UNRO","isPartOf":{"@id":"https:\/\/unrostore.com\/#website"},"primaryImageOfPage":{"@id":"https:\/\/unrostore.com\/shop\/terrafina\/sail\/witte-espresso-kopjes-sail-4-delig\/#primaryimage"},"image":{"@id":"https:\/\/unrostore.com\/shop\/terrafina\/sail\/witte-espresso-kopjes-sail-4-delig\/#primaryimage"},"thumbnailUrl":"https:\/\/unrostore.com\/wp-content\/uploads\/2023\/11\/unro-witte-espresso-kopjes-set-van-4.webp","datePublished":"2023-11-04T11:44:38+00:00","dateModified":"2026-01-19T20:37:22+00:00","description":"Beginnen Sie Ihren Tag voller Energie und mit Stil mit diesen super s\u00fc\u00dfen handgefertigten wei\u00dfen Espressotassen in wei\u00dfer und blauer Farbkombination.","breadcrumb":{"@id":"https:\/\/unrostore.com\/shop\/terrafina\/sail\/witte-espresso-kopjes-sail-4-delig\/#breadcrumb"},"inLanguage":"de","potentialAction":[{"@type":"ReadAction","target":["https:\/\/unrostore.com\/shop\/terrafina\/sail\/witte-espresso-kopjes-sail-4-delig\/"]}]},{"@type":"ImageObject","inLanguage":"de","@id":"https:\/\/unrostore.com\/shop\/terrafina\/sail\/witte-espresso-kopjes-sail-4-delig\/#primaryimage","url":"https:\/\/unrostore.com\/wp-content\/uploads\/2023\/11\/unro-witte-espresso-kopjes-set-van-4.webp","contentUrl":"https:\/\/unrostore.com\/wp-content\/uploads\/2023\/11\/unro-witte-espresso-kopjes-set-van-4.webp","width":1000,"height":1000,"caption":"witte espresso kopjes"},{"@type":"BreadcrumbList","@id":"https:\/\/unrostore.com\/shop\/terrafina\/sail\/witte-espresso-kopjes-sail-4-delig\/#breadcrumb","itemListElement":[{"@type":"ListItem","position":1,"name":"Home","item":"https:\/\/unrostore.com\/"},{"@type":"ListItem","position":2,"name":"Shop","item":"https:\/\/unrostore.com\/shop\/"},{"@type":"ListItem","position":3,"name":"Witte Espresso Kopjes 100 ml Sail &#8211; 4-delig"}]},{"@type":"WebSite","@id":"https:\/\/unrostore.com\/#website","url":"https:\/\/unrostore.com\/","name":"UNRO","description":"Portugiesisches Geschirr, das Sie gl\u00fccklich machen wird!","publisher":{"@id":"https:\/\/unrostore.com\/#organization"},"potentialAction":[{"@type":"SearchAction","target":{"@type":"EntryPoint","urlTemplate":"https:\/\/unrostore.com\/?s={search_term_string}"},"query-input":{"@type":"PropertyValueSpecification","valueRequired":true,"valueName":"search_term_string"}}],"inLanguage":"de"},{"@type":"Organization","@id":"https:\/\/unrostore.com\/#organization","name":"UNRO","url":"https:\/\/unrostore.com\/","logo":{"@type":"ImageObject","inLanguage":"de","@id":"https:\/\/unrostore.com\/#\/schema\/logo\/image\/","url":"https:\/\/unrostore.com\/wp-content\/uploads\/2022\/05\/Logo-UNRO.png","contentUrl":"https:\/\/unrostore.com\/wp-content\/uploads\/2022\/05\/Logo-UNRO.png","width":605,"height":179,"caption":"UNRO"},"image":{"@id":"https:\/\/unrostore.com\/#\/schema\/logo\/image\/"}}]}},"_links":{"self":[{"href":"https:\/\/unrostore.com\/de-de\/wp-json\/wp\/v2\/product\/6252","targetHints":{"allow":["GET"]}}],"collection":[{"href":"https:\/\/unrostore.com\/de-de\/wp-json\/wp\/v2\/product"}],"about":[{"href":"https:\/\/unrostore.com\/de-de\/wp-json\/wp\/v2\/types\/product"}],"wp:featuredmedia":[{"embeddable":true,"href":"https:\/\/unrostore.com\/de-de\/wp-json\/wp\/v2\/media\/6255"}],"wp:attachment":[{"href":"https:\/\/unrostore.com\/de-de\/wp-json\/wp\/v2\/media?parent=6252"}],"wp:term":[{"taxonomy":"product_brand","embeddable":true,"href":"https:\/\/unrostore.com\/de-de\/wp-json\/wp\/v2\/product_brand?post=6252"},{"taxonomy":"product_cat","embeddable":true,"href":"https:\/\/unrostore.com\/de-de\/wp-json\/wp\/v2\/product_cat?post=6252"},{"taxonomy":"product_tag","embeddable":true,"href":"https:\/\/unrostore.com\/de-de\/wp-json\/wp\/v2\/product_tag?post=6252"}],"curies":[{"name":"wp","href":"https:\/\/api.w.org\/{rel}","templated":true}]}}