{"id":5247,"date":"2023-08-12T14:58:26","date_gmt":"2023-08-12T14:58:26","guid":{"rendered":"https:\/\/unrostore.com\/?post_type=product&#038;p=5247"},"modified":"2025-05-20T19:26:53","modified_gmt":"2025-05-20T19:26:53","slug":"geschenkgutschein-100","status":"publish","type":"product","link":"https:\/\/unrostore.com\/de-de\/shop\/geschenkgutscheine\/geschenkgutschein-100\/","title":{"rendered":"Geschenkgutschein \u20ac100"},"content":{"rendered":"<h2>UNRO-Gutschein \u20ac100<\/h2>\n<p>Mit einem UNRO-Geschenkgutschein im Wert von 100 \u20ac k\u00f6nnen Sie immer punkten. Lassen Sie Ihre Mutter, Ihren Vater, Ihren Bruder, Ihre Schwester, Ihren Kollegen oder Ihren Freund ihre Lieblingskeramik aus Portugal aussuchen. So m\u00fcssen Sie nicht daran zweifeln, ob Sie das richtige Geschenk ausgesucht haben, und Sie geben ihnen die M\u00f6glichkeit, selbst zu st\u00f6bern und in aller Ruhe etwas nach ihrem Geschmack zu bestellen.<\/p>\n<p>Sie k\u00f6nnen den e-Gutschein auch mit einer pers\u00f6nlichen Nachricht versehen, so dass er ein Geschenkgutschein und eine Karte in einem ist, was sehr praktisch ist. Ein fertiges Geschenk, das ausgedruckt und sofort verschenkt werden kann. Praktisch, wenn Sie ein Geschenk in letzter Minute brauchen \ud83d\ude09 .<\/p>\n<p><span style=\"text-decoration: underline;\"><strong>Wie es funktioniert.<\/strong><\/span><\/p>\n<ol>\n<li style=\"font-weight: 400;\" aria-level=\"1\"><span style=\"font-weight: 400;\">Nach der Bezahlung erhalten Sie den Geschenkgutschein (A4-Format) als pdf in Ihrem Postfach und drucken ihn aus.<\/span><\/li>\n<li style=\"font-weight: 400;\" aria-level=\"1\"><span style=\"font-weight: 400;\">Schreiben Sie den Namen und eine nette Notiz an die Person, der Sie es schenken m\u00f6chten.<\/span><\/li>\n<li style=\"font-weight: 400;\" aria-level=\"1\"><span style=\"font-weight: 400;\">Falten Sie den Geschenkgutschein an den beiden blauen Faltlinien (ggf. in einen Umschlag stecken). Voil\u00e0, Ihr Geschenk ist fertig!<\/span><\/li>\n<\/ol>\n<p>UNRO-Tipp: Sch\u00f6n, dass es sie gibt, unsere <a href=\"https:\/\/unrostore.com\/de-de\/produktkategorie\/tassen-und-becher\/\">kopjes & mokken<\/a>.<br \/>\nInspiration finden Sie auf unseren Konten unter <a href=\"https:\/\/nl.pinterest.com\/nlunro\/\">Pinterest<\/a>, <a href=\"https:\/\/www.instagram.com\/unro.nl\/\">Instagram<\/a> & <a href=\"https:\/\/www.facebook.com\/unro.nl\">Facebook<\/a>.<\/p>\n<p><strong><span style=\"text-decoration: underline;\">Bedingungen:<\/span><\/strong><em><br \/>\nGeschenkgutscheine sind bis zu zwei Jahre nach dem Kauf g\u00fcltig und k\u00f6nnen sowohl f\u00fcr normale als auch f\u00fcr reduzierte Artikel verwendet werden. Geschenkgutscheine sind <span style=\"text-decoration: underline;\">nicht<\/span> gegen Bargeld einl\u00f6sbar und k\u00f6nnen <span style=\"text-decoration: underline;\">nicht<\/span> zur\u00fcckgegeben werden.<\/em><\/p>","protected":false},"excerpt":{"rendered":"<div class=\"usps\"><i class=\"far fa-check-circle\"><\/i> 100 \u20ac Einkaufsguthaben<br \/>\n<i class=\"far fa-check-circle\"><\/i> F\u00fcr alle, die herumschn\u00fcffeln<br \/>\n<i class=\"far fa-check-circle\"><\/i> E-Voucher zum Ausdrucken<br \/>\n<i class=\"far fa-thumbs-up\"><\/i> Sitzt immer gut<\/div>","protected":false},"featured_media":5254,"template":"","meta":[],"product_brand":[],"product_cat":[832],"product_tag":[843,844,833,842,841,837,838],"class_list":{"0":"post-5247","1":"product","2":"type-product","3":"status-publish","4":"has-post-thumbnail","6":"product_cat-cadeaubonnen","7":"product_tag-e100","8":"product_tag-844","9":"product_tag-cadeaubon","10":"product_tag-cadeaubone100","11":"product_tag-cadeaubon100","12":"product_tag-e-voucher","13":"product_tag-voucher","15":"first","16":"instock","17":"virtual","18":"taxable","19":"purchasable","20":"product-type-simple"},"yoast_head":"<!-- This site is optimized with the Yoast SEO plugin v27.6 - https:\/\/yoast.com\/product\/yoast-seo-wordpress\/ -->\n<title>Cadeaubon \u20ac100 &#8226; UNRO<\/title>\n<meta name=\"description\" content=\"Verras iemand met een UNRO cadeaubon t.w.v. \u20ac100,- en maak hen blij met het duurzame en handgemaakte Portugese servies van keramiek naar keuze!\" \/>\n<meta name=\"robots\" content=\"index, follow, max-snippet:-1, max-image-preview:large, max-video-preview:-1\" \/>\n<link rel=\"canonical\" href=\"https:\/\/unrostore.com\/de-de\/shop\/geschenkgutscheine\/geschenkgutschein-100\/\" \/>\n<meta property=\"og:locale\" content=\"de_DE\" \/>\n<meta property=\"og:type\" content=\"article\" \/>\n<meta property=\"og:title\" content=\"Cadeaubon \u20ac100 &#8226; UNRO\" \/>\n<meta property=\"og:description\" content=\"Verras iemand met een UNRO cadeaubon t.w.v. \u20ac100,- en maak hen blij met het duurzame en handgemaakte Portugese servies van keramiek naar keuze!\" \/>\n<meta property=\"og:url\" content=\"https:\/\/unrostore.com\/de-de\/shop\/geschenkgutscheine\/geschenkgutschein-100\/\" \/>\n<meta property=\"og:site_name\" content=\"UNRO\" \/>\n<meta property=\"article:modified_time\" content=\"2025-05-20T19:26:53+00:00\" \/>\n<meta property=\"og:image\" content=\"https:\/\/unrostore.com\/wp-content\/uploads\/2023\/08\/unro-giftcard-100-voucher.jpg\" \/>\n\t<meta property=\"og:image:width\" content=\"1819\" \/>\n\t<meta property=\"og:image:height\" content=\"1819\" \/>\n\t<meta property=\"og:image:type\" content=\"image\/jpeg\" \/>\n<meta name=\"twitter:card\" content=\"summary_large_image\" \/>\n<script type=\"application\/ld+json\" class=\"yoast-schema-graph\">{\"@context\":\"https:\\\/\\\/schema.org\",\"@graph\":[{\"@type\":\"WebPage\",\"@id\":\"https:\\\/\\\/unrostore.com\\\/shop\\\/cadeaubonnen\\\/cadeaubon-100\\\/\",\"url\":\"https:\\\/\\\/unrostore.com\\\/shop\\\/cadeaubonnen\\\/cadeaubon-100\\\/\",\"name\":\"Cadeaubon \u20ac100 &#8226; UNRO\",\"isPartOf\":{\"@id\":\"https:\\\/\\\/unrostore.com\\\/#website\"},\"primaryImageOfPage\":{\"@id\":\"https:\\\/\\\/unrostore.com\\\/shop\\\/cadeaubonnen\\\/cadeaubon-100\\\/#primaryimage\"},\"image\":{\"@id\":\"https:\\\/\\\/unrostore.com\\\/shop\\\/cadeaubonnen\\\/cadeaubon-100\\\/#primaryimage\"},\"thumbnailUrl\":\"https:\\\/\\\/unrostore.com\\\/wp-content\\\/uploads\\\/2023\\\/08\\\/unro-giftcard-100-voucher.jpg\",\"datePublished\":\"2023-08-12T14:58:26+00:00\",\"dateModified\":\"2025-05-20T19:26:53+00:00\",\"description\":\"Verras iemand met een UNRO cadeaubon t.w.v. \u20ac100,- en maak hen blij met het duurzame en handgemaakte Portugese servies van keramiek naar keuze!\",\"breadcrumb\":{\"@id\":\"https:\\\/\\\/unrostore.com\\\/shop\\\/cadeaubonnen\\\/cadeaubon-100\\\/#breadcrumb\"},\"inLanguage\":\"de\",\"potentialAction\":[{\"@type\":\"ReadAction\",\"target\":[\"https:\\\/\\\/unrostore.com\\\/shop\\\/cadeaubonnen\\\/cadeaubon-100\\\/\"]}]},{\"@type\":\"ImageObject\",\"inLanguage\":\"de\",\"@id\":\"https:\\\/\\\/unrostore.com\\\/shop\\\/cadeaubonnen\\\/cadeaubon-100\\\/#primaryimage\",\"url\":\"https:\\\/\\\/unrostore.com\\\/wp-content\\\/uploads\\\/2023\\\/08\\\/unro-giftcard-100-voucher.jpg\",\"contentUrl\":\"https:\\\/\\\/unrostore.com\\\/wp-content\\\/uploads\\\/2023\\\/08\\\/unro-giftcard-100-voucher.jpg\",\"width\":1819,\"height\":1819,\"caption\":\"cadeaubon \u20ac100 e-voucher UNRO\"},{\"@type\":\"BreadcrumbList\",\"@id\":\"https:\\\/\\\/unrostore.com\\\/shop\\\/cadeaubonnen\\\/cadeaubon-100\\\/#breadcrumb\",\"itemListElement\":[{\"@type\":\"ListItem\",\"position\":1,\"name\":\"Home\",\"item\":\"https:\\\/\\\/unrostore.com\\\/\"},{\"@type\":\"ListItem\",\"position\":2,\"name\":\"Shop\",\"item\":\"https:\\\/\\\/unrostore.com\\\/shop\\\/\"},{\"@type\":\"ListItem\",\"position\":3,\"name\":\"Cadeaubon \u20ac100\"}]},{\"@type\":\"WebSite\",\"@id\":\"https:\\\/\\\/unrostore.com\\\/#website\",\"url\":\"https:\\\/\\\/unrostore.com\\\/\",\"name\":\"UNRO\",\"description\":\"Portugees servies waar je blij van wordt!\",\"publisher\":{\"@id\":\"https:\\\/\\\/unrostore.com\\\/#organization\"},\"potentialAction\":[{\"@type\":\"SearchAction\",\"target\":{\"@type\":\"EntryPoint\",\"urlTemplate\":\"https:\\\/\\\/unrostore.com\\\/?s={search_term_string}\"},\"query-input\":{\"@type\":\"PropertyValueSpecification\",\"valueRequired\":true,\"valueName\":\"search_term_string\"}}],\"inLanguage\":\"de\"},{\"@type\":\"Organization\",\"@id\":\"https:\\\/\\\/unrostore.com\\\/#organization\",\"name\":\"UNRO\",\"url\":\"https:\\\/\\\/unrostore.com\\\/\",\"logo\":{\"@type\":\"ImageObject\",\"inLanguage\":\"de\",\"@id\":\"https:\\\/\\\/unrostore.com\\\/#\\\/schema\\\/logo\\\/image\\\/\",\"url\":\"https:\\\/\\\/unrostore.com\\\/wp-content\\\/uploads\\\/2022\\\/05\\\/Logo-UNRO.png\",\"contentUrl\":\"https:\\\/\\\/unrostore.com\\\/wp-content\\\/uploads\\\/2022\\\/05\\\/Logo-UNRO.png\",\"width\":605,\"height\":179,\"caption\":\"UNRO\"},\"image\":{\"@id\":\"https:\\\/\\\/unrostore.com\\\/#\\\/schema\\\/logo\\\/image\\\/\"}}]}<\/script>\n<!-- \/ Yoast SEO plugin. -->","yoast_head_json":{"title":"Geschenkgutschein \u20ac100 - UNRO","description":"\u00dcberraschen Sie jemanden mit einem UNRO-Geschenkgutschein im Wert von 100 \u20ac und machen Sie ihm eine Freude mit dem nachhaltigen und handgefertigten portugiesischen Keramikgeschirr Ihrer Wahl!","robots":{"index":"index","follow":"follow","max-snippet":"max-snippet:-1","max-image-preview":"max-image-preview:large","max-video-preview":"max-video-preview:-1"},"canonical":"https:\/\/unrostore.com\/de-de\/shop\/geschenkgutscheine\/geschenkgutschein-100\/","og_locale":"de_DE","og_type":"article","og_title":"Cadeaubon \u20ac100 &#8226; UNRO","og_description":"Verras iemand met een UNRO cadeaubon t.w.v. \u20ac100,- en maak hen blij met het duurzame en handgemaakte Portugese servies van keramiek naar keuze!","og_url":"https:\/\/unrostore.com\/de-de\/shop\/geschenkgutscheine\/geschenkgutschein-100\/","og_site_name":"UNRO","article_modified_time":"2025-05-20T19:26:53+00:00","og_image":[{"width":1819,"height":1819,"url":"https:\/\/unrostore.com\/wp-content\/uploads\/2023\/08\/unro-giftcard-100-voucher.jpg","type":"image\/jpeg"}],"twitter_card":"summary_large_image","schema":{"@context":"https:\/\/schema.org","@graph":[{"@type":"WebPage","@id":"https:\/\/unrostore.com\/shop\/cadeaubonnen\/cadeaubon-100\/","url":"https:\/\/unrostore.com\/shop\/cadeaubonnen\/cadeaubon-100\/","name":"Geschenkgutschein \u20ac100 - UNRO","isPartOf":{"@id":"https:\/\/unrostore.com\/#website"},"primaryImageOfPage":{"@id":"https:\/\/unrostore.com\/shop\/cadeaubonnen\/cadeaubon-100\/#primaryimage"},"image":{"@id":"https:\/\/unrostore.com\/shop\/cadeaubonnen\/cadeaubon-100\/#primaryimage"},"thumbnailUrl":"https:\/\/unrostore.com\/wp-content\/uploads\/2023\/08\/unro-giftcard-100-voucher.jpg","datePublished":"2023-08-12T14:58:26+00:00","dateModified":"2025-05-20T19:26:53+00:00","description":"\u00dcberraschen Sie jemanden mit einem UNRO-Geschenkgutschein im Wert von 100 \u20ac und machen Sie ihm eine Freude mit dem nachhaltigen und handgefertigten portugiesischen Keramikgeschirr Ihrer Wahl!","breadcrumb":{"@id":"https:\/\/unrostore.com\/shop\/cadeaubonnen\/cadeaubon-100\/#breadcrumb"},"inLanguage":"de","potentialAction":[{"@type":"ReadAction","target":["https:\/\/unrostore.com\/shop\/cadeaubonnen\/cadeaubon-100\/"]}]},{"@type":"ImageObject","inLanguage":"de","@id":"https:\/\/unrostore.com\/shop\/cadeaubonnen\/cadeaubon-100\/#primaryimage","url":"https:\/\/unrostore.com\/wp-content\/uploads\/2023\/08\/unro-giftcard-100-voucher.jpg","contentUrl":"https:\/\/unrostore.com\/wp-content\/uploads\/2023\/08\/unro-giftcard-100-voucher.jpg","width":1819,"height":1819,"caption":"cadeaubon \u20ac100 e-voucher UNRO"},{"@type":"BreadcrumbList","@id":"https:\/\/unrostore.com\/shop\/cadeaubonnen\/cadeaubon-100\/#breadcrumb","itemListElement":[{"@type":"ListItem","position":1,"name":"Home","item":"https:\/\/unrostore.com\/"},{"@type":"ListItem","position":2,"name":"Shop","item":"https:\/\/unrostore.com\/shop\/"},{"@type":"ListItem","position":3,"name":"Cadeaubon \u20ac100"}]},{"@type":"WebSite","@id":"https:\/\/unrostore.com\/#website","url":"https:\/\/unrostore.com\/","name":"UNRO","description":"Portugiesisches Geschirr, das Sie gl\u00fccklich machen wird!","publisher":{"@id":"https:\/\/unrostore.com\/#organization"},"potentialAction":[{"@type":"SearchAction","target":{"@type":"EntryPoint","urlTemplate":"https:\/\/unrostore.com\/?s={search_term_string}"},"query-input":{"@type":"PropertyValueSpecification","valueRequired":true,"valueName":"search_term_string"}}],"inLanguage":"de"},{"@type":"Organization","@id":"https:\/\/unrostore.com\/#organization","name":"UNRO","url":"https:\/\/unrostore.com\/","logo":{"@type":"ImageObject","inLanguage":"de","@id":"https:\/\/unrostore.com\/#\/schema\/logo\/image\/","url":"https:\/\/unrostore.com\/wp-content\/uploads\/2022\/05\/Logo-UNRO.png","contentUrl":"https:\/\/unrostore.com\/wp-content\/uploads\/2022\/05\/Logo-UNRO.png","width":605,"height":179,"caption":"UNRO"},"image":{"@id":"https:\/\/unrostore.com\/#\/schema\/logo\/image\/"}}]}},"_links":{"self":[{"href":"https:\/\/unrostore.com\/de-de\/wp-json\/wp\/v2\/product\/5247","targetHints":{"allow":["GET"]}}],"collection":[{"href":"https:\/\/unrostore.com\/de-de\/wp-json\/wp\/v2\/product"}],"about":[{"href":"https:\/\/unrostore.com\/de-de\/wp-json\/wp\/v2\/types\/product"}],"wp:featuredmedia":[{"embeddable":true,"href":"https:\/\/unrostore.com\/de-de\/wp-json\/wp\/v2\/media\/5254"}],"wp:attachment":[{"href":"https:\/\/unrostore.com\/de-de\/wp-json\/wp\/v2\/media?parent=5247"}],"wp:term":[{"taxonomy":"product_brand","embeddable":true,"href":"https:\/\/unrostore.com\/de-de\/wp-json\/wp\/v2\/product_brand?post=5247"},{"taxonomy":"product_cat","embeddable":true,"href":"https:\/\/unrostore.com\/de-de\/wp-json\/wp\/v2\/product_cat?post=5247"},{"taxonomy":"product_tag","embeddable":true,"href":"https:\/\/unrostore.com\/de-de\/wp-json\/wp\/v2\/product_tag?post=5247"}],"curies":[{"name":"wp","href":"https:\/\/api.w.org\/{rel}","templated":true}]}}