{"id":5049,"date":"2023-07-29T11:22:32","date_gmt":"2023-07-29T11:22:32","guid":{"rendered":"https:\/\/unrostore.com\/?post_type=product&#038;p=5049"},"modified":"2026-01-19T20:37:24","modified_gmt":"2026-01-19T20:37:24","slug":"cremefarbenes-geschirrset-16-teilig-amazonia-creme","status":"publish","type":"product","link":"https:\/\/unrostore.com\/de-de\/shop\/terrafina\/amazonia-creme\/cremefarbenes-geschirrset-16-teilig-amazonia-creme\/","title":{"rendered":"Creme Geschirr 16 St\u00fcck mit Pastatellern und Sch\u00fcsseln"},"content":{"rendered":"<h3>Ein komplettes Cremeservice 16-teilig mit Pastatellern und Sch\u00fcsseln f\u00fcr 4 Personen (16-teilig)<\/h3>\n<p>Mit dem\u00a0<strong>Creme Geschirr 16 St\u00fcck mit Pastatellern und Sch\u00fcsseln<\/strong> von <a href=\"https:\/\/www.terrafinastore.com\/en\/collections\/amazonia\">Terrafina<\/a>, aus der Kollektion Amazonia Cream haben Sie ein komplettes Geschirrset mit 16 Teilen f\u00fcr Fr\u00fchst\u00fcck, Brunch, Mittagessen, Getr\u00e4nke und Abendessen! Mit diesem Geschirrset in der Farbe Beige werden Sie jeden Tag eine einfache oder aufwendige Mahlzeit genie\u00dfen. Genie\u00dfen Sie gemeinsam mit Ihrer Familie, Verwandten oder Freunden das sch\u00f6ne Geschirr, das auch sp\u00fclmaschinenfest ist. Jeder Teller ist ein Unikat, da er in Portugal in ehrlicher Handarbeit aus bester Keramik hergestellt wird: reines Steingut. Das beigefarbene Geschirrset kann f\u00fcr mehrere Personen zubereitet werden und l\u00e4sst sich auch mit passenden <a href=\"https:\/\/unrostore.com\/de-de\/shop\/terrafina\/amazonia-creme\/beige-mokken-amazonia-cream-2-delig\/\">Cappuccino-Tassen<\/a>, <a href=\"https:\/\/unrostore.com\/de-de\/shop\/terrafina\/amazonia-creme\/beige-espressokopjes-amazonia-cream-2-delig\/\">Espressotassen<\/a> und eine <a href=\"https:\/\/unrostore.com\/de-de\/shop\/terrafina\/amazonia-creme\/fruitschaal-beige-amazonia-cream\/\">Obstschale\/Salatsch\u00fcssel<\/a>. Dar\u00fcber hinaus ist dieses Geschirr-Set ein sch\u00f6nes Geschenk f\u00fcr eine Einweihung, Hochzeit oder Geburtstag.<\/p>\n<h3>Dies ist die Nummer, die Sie zugestellt bekommen<\/h3>\n<ul>\n<li>4x Amazonia Cream Schalen \u00f8 15 cm<\/li>\n<li>4x Amazonia Cream Nudelplatten \u00f8 23 cm<\/li>\n<li>4x Amazonia Cream Fr\u00fchst\u00fccksteller \u00f8 21 cm<\/li>\n<li>4x Amazonia Cream Essteller \u00f8 29 cm<\/li>\n<li>5x Terrafina Geschenkbox<\/li>\n<\/ul>\n<p>\u00a0<\/p>\n<p><em><strong>Duurzaam voor mens & milieu:<\/strong><br \/>\nJedes Produkt ist ein Unikat, denn es wird in Handarbeit hergestellt.<br \/>\nDruck und Textur k\u00f6nnen daher leicht vom Produktfoto abweichen.<\/em><\/p>","protected":false},"excerpt":{"rendered":"<div class=\"usps\"><i class=\"far fa-check-circle\"><\/i> Mikrowellenfest<br \/>\n<i class=\"far fa-check-circle\"><\/i> Backofenfest (bis zu 200 Grad)<br \/>\n<i class=\"far fa-check-circle\"><\/i> Sp\u00fclmaschinenfest<br \/>\n<i class=\"far fa-thumbs-up\"><\/i> Handgefertigt<\/div>","protected":false},"featured_media":6417,"template":"","meta":[],"product_brand":[],"product_cat":[144,730,122,119],"product_tag":[696,145,800,284,289,620,765,801,767,405,649,123],"class_list":{"0":"post-5049","1":"product","2":"type-product","3":"status-publish","4":"has-post-thumbnail","6":"product_cat-amazonia-cream","7":"product_cat-servies-16-delig","8":"product_cat-serviesset","9":"product_cat-terrafina","10":"product_tag-acai-bowl","11":"product_tag-amazonia-cream","12":"product_tag-beige-servies","13":"product_tag-dinerborden","14":"product_tag-ontbijtborden","15":"product_tag-pastaborden-en-kommen","16":"product_tag-servies-16-delig","17":"product_tag-servies-beige","18":"product_tag-serviesset-beige","19":"product_tag-serviesset-pastaborden","20":"product_tag-serviesset-voor-4-personen","21":"product_tag-terrafina","22":"product_shipping_class-pakket","24":"first","25":"outofstock","26":"sale","27":"taxable","28":"shipping-taxable","29":"purchasable","30":"product-type-simple"},"yoast_head":"<!-- This site is optimized with the Yoast SEO plugin v27.6 - https:\/\/yoast.com\/product\/yoast-seo-wordpress\/ -->\n<title>Creme Servies 16 delig met Pastaborden en Kommen &#8226; UNRO<\/title>\n<meta name=\"description\" content=\"De 16-delige creme servies met pastaborden en kommen is ideaal om van elk gerecht te kunnen genieten, elke dag en tijdens speciale gelegenheden!\" \/>\n<meta name=\"robots\" content=\"index, follow, max-snippet:-1, max-image-preview:large, max-video-preview:-1\" \/>\n<link rel=\"canonical\" href=\"https:\/\/unrostore.com\/de-de\/shop\/terrafina\/amazonia-creme\/cremefarbenes-geschirrset-16-teilig-amazonia-creme\/\" \/>\n<meta property=\"og:locale\" content=\"de_DE\" \/>\n<meta property=\"og:type\" content=\"article\" \/>\n<meta property=\"og:title\" content=\"Creme Servies 16 delig met Pastaborden en Kommen &#8226; UNRO\" \/>\n<meta property=\"og:description\" content=\"De 16-delige creme servies met pastaborden en kommen is ideaal om van elk gerecht te kunnen genieten, elke dag en tijdens speciale gelegenheden!\" \/>\n<meta property=\"og:url\" content=\"https:\/\/unrostore.com\/de-de\/shop\/terrafina\/amazonia-creme\/cremefarbenes-geschirrset-16-teilig-amazonia-creme\/\" \/>\n<meta property=\"og:site_name\" content=\"UNRO\" \/>\n<meta property=\"article:modified_time\" content=\"2026-01-19T20:37:24+00:00\" \/>\n<meta property=\"og:image\" content=\"https:\/\/unrostore.com\/wp-content\/uploads\/2023\/07\/unro-creme-serviesset-16-delig.webp\" \/>\n\t<meta property=\"og:image:width\" content=\"1000\" \/>\n\t<meta property=\"og:image:height\" content=\"1000\" \/>\n\t<meta property=\"og:image:type\" content=\"image\/webp\" \/>\n<meta name=\"twitter:card\" content=\"summary_large_image\" \/>\n<script type=\"application\/ld+json\" class=\"yoast-schema-graph\">{\"@context\":\"https:\\\/\\\/schema.org\",\"@graph\":[{\"@type\":\"WebPage\",\"@id\":\"https:\\\/\\\/unrostore.com\\\/shop\\\/terrafina\\\/amazonia-cream\\\/creme-serviesset-16-delig-amazonia-cream\\\/\",\"url\":\"https:\\\/\\\/unrostore.com\\\/shop\\\/terrafina\\\/amazonia-cream\\\/creme-serviesset-16-delig-amazonia-cream\\\/\",\"name\":\"Creme Servies 16 delig met Pastaborden en Kommen &#8226; UNRO\",\"isPartOf\":{\"@id\":\"https:\\\/\\\/unrostore.com\\\/#website\"},\"primaryImageOfPage\":{\"@id\":\"https:\\\/\\\/unrostore.com\\\/shop\\\/terrafina\\\/amazonia-cream\\\/creme-serviesset-16-delig-amazonia-cream\\\/#primaryimage\"},\"image\":{\"@id\":\"https:\\\/\\\/unrostore.com\\\/shop\\\/terrafina\\\/amazonia-cream\\\/creme-serviesset-16-delig-amazonia-cream\\\/#primaryimage\"},\"thumbnailUrl\":\"https:\\\/\\\/unrostore.com\\\/wp-content\\\/uploads\\\/2023\\\/07\\\/unro-creme-serviesset-16-delig.webp\",\"datePublished\":\"2023-07-29T11:22:32+00:00\",\"dateModified\":\"2026-01-19T20:37:24+00:00\",\"description\":\"De 16-delige creme servies met pastaborden en kommen is ideaal om van elk gerecht te kunnen genieten, elke dag en tijdens speciale gelegenheden!\",\"breadcrumb\":{\"@id\":\"https:\\\/\\\/unrostore.com\\\/shop\\\/terrafina\\\/amazonia-cream\\\/creme-serviesset-16-delig-amazonia-cream\\\/#breadcrumb\"},\"inLanguage\":\"de\",\"potentialAction\":[{\"@type\":\"ReadAction\",\"target\":[\"https:\\\/\\\/unrostore.com\\\/shop\\\/terrafina\\\/amazonia-cream\\\/creme-serviesset-16-delig-amazonia-cream\\\/\"]}]},{\"@type\":\"ImageObject\",\"inLanguage\":\"de\",\"@id\":\"https:\\\/\\\/unrostore.com\\\/shop\\\/terrafina\\\/amazonia-cream\\\/creme-serviesset-16-delig-amazonia-cream\\\/#primaryimage\",\"url\":\"https:\\\/\\\/unrostore.com\\\/wp-content\\\/uploads\\\/2023\\\/07\\\/unro-creme-serviesset-16-delig.webp\",\"contentUrl\":\"https:\\\/\\\/unrostore.com\\\/wp-content\\\/uploads\\\/2023\\\/07\\\/unro-creme-serviesset-16-delig.webp\",\"width\":1000,\"height\":1000,\"caption\":\"Creme serviesset 16-delig\"},{\"@type\":\"BreadcrumbList\",\"@id\":\"https:\\\/\\\/unrostore.com\\\/shop\\\/terrafina\\\/amazonia-cream\\\/creme-serviesset-16-delig-amazonia-cream\\\/#breadcrumb\",\"itemListElement\":[{\"@type\":\"ListItem\",\"position\":1,\"name\":\"Home\",\"item\":\"https:\\\/\\\/unrostore.com\\\/\"},{\"@type\":\"ListItem\",\"position\":2,\"name\":\"Shop\",\"item\":\"https:\\\/\\\/unrostore.com\\\/shop\\\/\"},{\"@type\":\"ListItem\",\"position\":3,\"name\":\"Creme Servies 16 delig met Pastaborden en Kommen\"}]},{\"@type\":\"WebSite\",\"@id\":\"https:\\\/\\\/unrostore.com\\\/#website\",\"url\":\"https:\\\/\\\/unrostore.com\\\/\",\"name\":\"UNRO\",\"description\":\"Portugees servies waar je blij van wordt!\",\"publisher\":{\"@id\":\"https:\\\/\\\/unrostore.com\\\/#organization\"},\"potentialAction\":[{\"@type\":\"SearchAction\",\"target\":{\"@type\":\"EntryPoint\",\"urlTemplate\":\"https:\\\/\\\/unrostore.com\\\/?s={search_term_string}\"},\"query-input\":{\"@type\":\"PropertyValueSpecification\",\"valueRequired\":true,\"valueName\":\"search_term_string\"}}],\"inLanguage\":\"de\"},{\"@type\":\"Organization\",\"@id\":\"https:\\\/\\\/unrostore.com\\\/#organization\",\"name\":\"UNRO\",\"url\":\"https:\\\/\\\/unrostore.com\\\/\",\"logo\":{\"@type\":\"ImageObject\",\"inLanguage\":\"de\",\"@id\":\"https:\\\/\\\/unrostore.com\\\/#\\\/schema\\\/logo\\\/image\\\/\",\"url\":\"https:\\\/\\\/unrostore.com\\\/wp-content\\\/uploads\\\/2022\\\/05\\\/Logo-UNRO.png\",\"contentUrl\":\"https:\\\/\\\/unrostore.com\\\/wp-content\\\/uploads\\\/2022\\\/05\\\/Logo-UNRO.png\",\"width\":605,\"height\":179,\"caption\":\"UNRO\"},\"image\":{\"@id\":\"https:\\\/\\\/unrostore.com\\\/#\\\/schema\\\/logo\\\/image\\\/\"}}]}<\/script>\n<!-- \/ Yoast SEO plugin. -->","yoast_head_json":{"title":"Cremefarbenes Geschirr 16-teilig mit Pastatellern und Sch\u00fcsseln - UNRO","description":"Das 16-teilige beigefarbene Tafelservice mit Pastatellern und Schalen ist ideal, um jedes Gericht zu genie\u00dfen, jeden Tag und zu besonderen Anl\u00e4ssen!","robots":{"index":"index","follow":"follow","max-snippet":"max-snippet:-1","max-image-preview":"max-image-preview:large","max-video-preview":"max-video-preview:-1"},"canonical":"https:\/\/unrostore.com\/de-de\/shop\/terrafina\/amazonia-creme\/cremefarbenes-geschirrset-16-teilig-amazonia-creme\/","og_locale":"de_DE","og_type":"article","og_title":"Creme Servies 16 delig met Pastaborden en Kommen &#8226; UNRO","og_description":"De 16-delige creme servies met pastaborden en kommen is ideaal om van elk gerecht te kunnen genieten, elke dag en tijdens speciale gelegenheden!","og_url":"https:\/\/unrostore.com\/de-de\/shop\/terrafina\/amazonia-creme\/cremefarbenes-geschirrset-16-teilig-amazonia-creme\/","og_site_name":"UNRO","article_modified_time":"2026-01-19T20:37:24+00:00","og_image":[{"width":1000,"height":1000,"url":"https:\/\/unrostore.com\/wp-content\/uploads\/2023\/07\/unro-creme-serviesset-16-delig.webp","type":"image\/webp"}],"twitter_card":"summary_large_image","schema":{"@context":"https:\/\/schema.org","@graph":[{"@type":"WebPage","@id":"https:\/\/unrostore.com\/shop\/terrafina\/amazonia-cream\/creme-serviesset-16-delig-amazonia-cream\/","url":"https:\/\/unrostore.com\/shop\/terrafina\/amazonia-cream\/creme-serviesset-16-delig-amazonia-cream\/","name":"Cremefarbenes Geschirr 16-teilig mit Pastatellern und Sch\u00fcsseln - UNRO","isPartOf":{"@id":"https:\/\/unrostore.com\/#website"},"primaryImageOfPage":{"@id":"https:\/\/unrostore.com\/shop\/terrafina\/amazonia-cream\/creme-serviesset-16-delig-amazonia-cream\/#primaryimage"},"image":{"@id":"https:\/\/unrostore.com\/shop\/terrafina\/amazonia-cream\/creme-serviesset-16-delig-amazonia-cream\/#primaryimage"},"thumbnailUrl":"https:\/\/unrostore.com\/wp-content\/uploads\/2023\/07\/unro-creme-serviesset-16-delig.webp","datePublished":"2023-07-29T11:22:32+00:00","dateModified":"2026-01-19T20:37:24+00:00","description":"Das 16-teilige beigefarbene Tafelservice mit Pastatellern und Schalen ist ideal, um jedes Gericht zu genie\u00dfen, jeden Tag und zu besonderen Anl\u00e4ssen!","breadcrumb":{"@id":"https:\/\/unrostore.com\/shop\/terrafina\/amazonia-cream\/creme-serviesset-16-delig-amazonia-cream\/#breadcrumb"},"inLanguage":"de","potentialAction":[{"@type":"ReadAction","target":["https:\/\/unrostore.com\/shop\/terrafina\/amazonia-cream\/creme-serviesset-16-delig-amazonia-cream\/"]}]},{"@type":"ImageObject","inLanguage":"de","@id":"https:\/\/unrostore.com\/shop\/terrafina\/amazonia-cream\/creme-serviesset-16-delig-amazonia-cream\/#primaryimage","url":"https:\/\/unrostore.com\/wp-content\/uploads\/2023\/07\/unro-creme-serviesset-16-delig.webp","contentUrl":"https:\/\/unrostore.com\/wp-content\/uploads\/2023\/07\/unro-creme-serviesset-16-delig.webp","width":1000,"height":1000,"caption":"Creme serviesset 16-delig"},{"@type":"BreadcrumbList","@id":"https:\/\/unrostore.com\/shop\/terrafina\/amazonia-cream\/creme-serviesset-16-delig-amazonia-cream\/#breadcrumb","itemListElement":[{"@type":"ListItem","position":1,"name":"Home","item":"https:\/\/unrostore.com\/"},{"@type":"ListItem","position":2,"name":"Shop","item":"https:\/\/unrostore.com\/shop\/"},{"@type":"ListItem","position":3,"name":"Creme Servies 16 delig met Pastaborden en Kommen"}]},{"@type":"WebSite","@id":"https:\/\/unrostore.com\/#website","url":"https:\/\/unrostore.com\/","name":"UNRO","description":"Portugiesisches Geschirr, das Sie gl\u00fccklich machen wird!","publisher":{"@id":"https:\/\/unrostore.com\/#organization"},"potentialAction":[{"@type":"SearchAction","target":{"@type":"EntryPoint","urlTemplate":"https:\/\/unrostore.com\/?s={search_term_string}"},"query-input":{"@type":"PropertyValueSpecification","valueRequired":true,"valueName":"search_term_string"}}],"inLanguage":"de"},{"@type":"Organization","@id":"https:\/\/unrostore.com\/#organization","name":"UNRO","url":"https:\/\/unrostore.com\/","logo":{"@type":"ImageObject","inLanguage":"de","@id":"https:\/\/unrostore.com\/#\/schema\/logo\/image\/","url":"https:\/\/unrostore.com\/wp-content\/uploads\/2022\/05\/Logo-UNRO.png","contentUrl":"https:\/\/unrostore.com\/wp-content\/uploads\/2022\/05\/Logo-UNRO.png","width":605,"height":179,"caption":"UNRO"},"image":{"@id":"https:\/\/unrostore.com\/#\/schema\/logo\/image\/"}}]}},"_links":{"self":[{"href":"https:\/\/unrostore.com\/de-de\/wp-json\/wp\/v2\/product\/5049","targetHints":{"allow":["GET"]}}],"collection":[{"href":"https:\/\/unrostore.com\/de-de\/wp-json\/wp\/v2\/product"}],"about":[{"href":"https:\/\/unrostore.com\/de-de\/wp-json\/wp\/v2\/types\/product"}],"wp:featuredmedia":[{"embeddable":true,"href":"https:\/\/unrostore.com\/de-de\/wp-json\/wp\/v2\/media\/6417"}],"wp:attachment":[{"href":"https:\/\/unrostore.com\/de-de\/wp-json\/wp\/v2\/media?parent=5049"}],"wp:term":[{"taxonomy":"product_brand","embeddable":true,"href":"https:\/\/unrostore.com\/de-de\/wp-json\/wp\/v2\/product_brand?post=5049"},{"taxonomy":"product_cat","embeddable":true,"href":"https:\/\/unrostore.com\/de-de\/wp-json\/wp\/v2\/product_cat?post=5049"},{"taxonomy":"product_tag","embeddable":true,"href":"https:\/\/unrostore.com\/de-de\/wp-json\/wp\/v2\/product_tag?post=5049"}],"curies":[{"name":"wp","href":"https:\/\/api.w.org\/{rel}","templated":true}]}}