{"id":4931,"date":"2023-07-16T13:33:51","date_gmt":"2023-07-16T13:33:51","guid":{"rendered":"https:\/\/unrostore.com\/?post_type=product&#038;p=4931"},"modified":"2026-01-19T20:37:24","modified_gmt":"2026-01-19T20:37:24","slug":"nudelteller-farbig-4er-set-korallen","status":"publish","type":"product","link":"https:\/\/unrostore.com\/de-de\/shop\/terrafina\/korallen\/nudelteller-farbig-4er-set-korallen\/","title":{"rendered":"Bunte Pastateller Corals 4er-Set"},"content":{"rendered":"<h3>Entdecken Sie das Farbenspiel der bunte Pastateller Corals im 4er-Set<\/h3>\n<p>Die<strong> bunte Nudelplatten Corals <\/strong>Satz von 4 tiefen Tellern der portugiesischen Marke <a href=\"https:\/\/www.terrafinastore.com\/en\/collections\/sail\">Terrafina<\/a> sind Nudelteller zum Fr\u00f6hlichmachen. Als Suppenteller aus Keramik mit blauen und gelben Farben sind sie auch praktisch als Acai-Schale, Suppenteller und Salatteller. Bereiten Sie Ihr Lieblingsgericht zu und \u00fcberraschen Sie sich und Ihre G\u00e4ste mit diesem luxuri\u00f6sen Restauranterlebnis. Oder sind Sie noch auf der Suche nach einem sch\u00f6nen Geschenk f\u00fcr einen Geburtstag, eine Einweihung oder ein Jubil\u00e4um? Die Corals Pastateller sind perfekt daf\u00fcr, entdecken Sie ihre Bequemlichkeit, Vielseitigkeit und sch\u00f6nen Farben!<\/p>\n<p>Kombinations-Tipp von UNRO: Beim Kochen mehrerer G\u00e4nge ist die bunte <a href=\"https:\/\/unrostore.com\/de-de\/shop\/terrafina\/korallen\/kleurrijk-dinerborden-corals-4-delig\/\">Essteller<\/a>, <a href=\"https:\/\/unrostore.com\/de-de\/shop\/terrafina\/korallen\/corals-serveerschalen-2-groottes\/\">bunte Servierschalen<\/a> und <a href=\"https:\/\/unrostore.com\/de-de\/shop\/terrafina\/korallen\/corals-kleurrijk-saladekom\/\">bunte Salatsch\u00fcssel<\/a> und sind eine tolle Erg\u00e4nzung zu Ihrem sch\u00f6n gedeckten Tisch!<\/p>\n<h3>Das ist die Anzahl der Nudelplatten, die Sie geliefert bekommen:<\/h3>\n<ul>\n<li><strong>4x<\/strong>\u00a0Corals Nudelplatten \u00f8 23 cm<\/li>\n<li><strong>1x\u00a0<\/strong>Terrafina Geschenkbox<\/li>\n<\/ul>\n<p>\u00a0<\/p>\n<p><em><strong>Duurzaam voor mens & milieu:<\/strong><br \/>\nJedes Produkt ist einzigartig, da es handgefertigt ist.<br \/>\nDruck und Textur k\u00f6nnen daher leicht vom Produktfoto abweichen.<\/em><\/p>","protected":false},"excerpt":{"rendered":"<div class=\"usps\"><i class=\"far fa-check-circle\"><\/i> Mikrowellenfest<br \/>\n<i class=\"far fa-check-circle\"><\/i> Backofenfest (bis zu 200 Grad)<br \/>\n<i class=\"far fa-check-circle\"><\/i> Sp\u00fclmaschinenfest<br \/>\n<i class=\"far fa-thumbs-up\"><\/i> Handgefertigt<\/div>","protected":false},"featured_media":7088,"template":"","meta":[],"product_brand":[],"product_cat":[235,127,585,119],"product_tag":[696,129,622,590,238,601,623,772,404,243,589,588,123],"class_list":{"0":"post-4931","1":"product","2":"type-product","3":"status-publish","4":"has-post-thumbnail","6":"product_cat-borden","7":"product_cat-corals","8":"product_cat-pastaborden","9":"product_cat-terrafina","10":"product_tag-acai-bowl","11":"product_tag-borden","12":"product_tag-corals-pastaborden","13":"product_tag-diepe-borden","14":"product_tag-grote-borden","15":"product_tag-hapjesschaal","16":"product_tag-kleurrijk-pastaborden","17":"product_tag-pasta-borden-gekleurd","18":"product_tag-pastaborden","19":"product_tag-salade-borden","20":"product_tag-saladeborden","21":"product_tag-soepborden","22":"product_tag-terrafina","23":"product_shipping_class-pakket","25":"first","26":"outofstock","27":"sale","28":"taxable","29":"shipping-taxable","30":"purchasable","31":"product-type-simple"},"yoast_head":"<!-- This site is optimized with the Yoast SEO plugin v27.5 - https:\/\/yoast.com\/product\/yoast-seo-wordpress\/ -->\n<title>Pasta Borden Gekleurd Corals set van 4 &#8226; UNRO<\/title>\n<meta name=\"description\" content=\"Wordt elke dag blij van het vrolijke kleurenspel van de unieke Portugese Pasta Borden Gekleurd Corals set van 4 diepe borden met blauwe en gele kleuren!\" \/>\n<meta name=\"robots\" content=\"index, follow, max-snippet:-1, max-image-preview:large, max-video-preview:-1\" \/>\n<link rel=\"canonical\" href=\"https:\/\/unrostore.com\/de-de\/shop\/terrafina\/korallen\/nudelteller-farbig-4er-set-korallen\/\" \/>\n<meta property=\"og:locale\" content=\"de_DE\" \/>\n<meta property=\"og:type\" content=\"article\" \/>\n<meta property=\"og:title\" content=\"Pasta Borden Gekleurd Corals set van 4 &#8226; UNRO\" \/>\n<meta property=\"og:description\" content=\"Wordt elke dag blij van het vrolijke kleurenspel van de unieke Portugese Pasta Borden Gekleurd Corals set van 4 diepe borden met blauwe en gele kleuren!\" \/>\n<meta property=\"og:url\" content=\"https:\/\/unrostore.com\/de-de\/shop\/terrafina\/korallen\/nudelteller-farbig-4er-set-korallen\/\" \/>\n<meta property=\"og:site_name\" content=\"UNRO\" \/>\n<meta property=\"article:modified_time\" content=\"2026-01-19T20:37:24+00:00\" \/>\n<meta property=\"og:image\" content=\"https:\/\/unrostore.com\/wp-content\/uploads\/2023\/07\/unro-soepkommen-gekleurd-pastaborden.webp\" \/>\n\t<meta property=\"og:image:width\" content=\"1000\" \/>\n\t<meta property=\"og:image:height\" content=\"1000\" \/>\n\t<meta property=\"og:image:type\" content=\"image\/webp\" \/>\n<meta name=\"twitter:card\" content=\"summary_large_image\" \/>\n<script type=\"application\/ld+json\" class=\"yoast-schema-graph\">{\"@context\":\"https:\\\/\\\/schema.org\",\"@graph\":[{\"@type\":\"WebPage\",\"@id\":\"https:\\\/\\\/unrostore.com\\\/shop\\\/terrafina\\\/corals\\\/pasta-borden-gekleurd-set-van-4-corals\\\/\",\"url\":\"https:\\\/\\\/unrostore.com\\\/shop\\\/terrafina\\\/corals\\\/pasta-borden-gekleurd-set-van-4-corals\\\/\",\"name\":\"Pasta Borden Gekleurd Corals set van 4 &#8226; UNRO\",\"isPartOf\":{\"@id\":\"https:\\\/\\\/unrostore.com\\\/#website\"},\"primaryImageOfPage\":{\"@id\":\"https:\\\/\\\/unrostore.com\\\/shop\\\/terrafina\\\/corals\\\/pasta-borden-gekleurd-set-van-4-corals\\\/#primaryimage\"},\"image\":{\"@id\":\"https:\\\/\\\/unrostore.com\\\/shop\\\/terrafina\\\/corals\\\/pasta-borden-gekleurd-set-van-4-corals\\\/#primaryimage\"},\"thumbnailUrl\":\"https:\\\/\\\/unrostore.com\\\/wp-content\\\/uploads\\\/2023\\\/07\\\/unro-soepkommen-gekleurd-pastaborden.webp\",\"datePublished\":\"2023-07-16T13:33:51+00:00\",\"dateModified\":\"2026-01-19T20:37:24+00:00\",\"description\":\"Wordt elke dag blij van het vrolijke kleurenspel van de unieke Portugese Pasta Borden Gekleurd Corals set van 4 diepe borden met blauwe en gele kleuren!\",\"breadcrumb\":{\"@id\":\"https:\\\/\\\/unrostore.com\\\/shop\\\/terrafina\\\/corals\\\/pasta-borden-gekleurd-set-van-4-corals\\\/#breadcrumb\"},\"inLanguage\":\"de\",\"potentialAction\":[{\"@type\":\"ReadAction\",\"target\":[\"https:\\\/\\\/unrostore.com\\\/shop\\\/terrafina\\\/corals\\\/pasta-borden-gekleurd-set-van-4-corals\\\/\"]}]},{\"@type\":\"ImageObject\",\"inLanguage\":\"de\",\"@id\":\"https:\\\/\\\/unrostore.com\\\/shop\\\/terrafina\\\/corals\\\/pasta-borden-gekleurd-set-van-4-corals\\\/#primaryimage\",\"url\":\"https:\\\/\\\/unrostore.com\\\/wp-content\\\/uploads\\\/2023\\\/07\\\/unro-soepkommen-gekleurd-pastaborden.webp\",\"contentUrl\":\"https:\\\/\\\/unrostore.com\\\/wp-content\\\/uploads\\\/2023\\\/07\\\/unro-soepkommen-gekleurd-pastaborden.webp\",\"width\":1000,\"height\":1000,\"caption\":\"pasta borden gekleurd\"},{\"@type\":\"BreadcrumbList\",\"@id\":\"https:\\\/\\\/unrostore.com\\\/shop\\\/terrafina\\\/corals\\\/pasta-borden-gekleurd-set-van-4-corals\\\/#breadcrumb\",\"itemListElement\":[{\"@type\":\"ListItem\",\"position\":1,\"name\":\"Home\",\"item\":\"https:\\\/\\\/unrostore.com\\\/\"},{\"@type\":\"ListItem\",\"position\":2,\"name\":\"Shop\",\"item\":\"https:\\\/\\\/unrostore.com\\\/shop\\\/\"},{\"@type\":\"ListItem\",\"position\":3,\"name\":\"Pasta Borden Gekleurd Corals set van 4\"}]},{\"@type\":\"WebSite\",\"@id\":\"https:\\\/\\\/unrostore.com\\\/#website\",\"url\":\"https:\\\/\\\/unrostore.com\\\/\",\"name\":\"UNRO\",\"description\":\"Portugees servies waar je blij van wordt!\",\"publisher\":{\"@id\":\"https:\\\/\\\/unrostore.com\\\/#organization\"},\"potentialAction\":[{\"@type\":\"SearchAction\",\"target\":{\"@type\":\"EntryPoint\",\"urlTemplate\":\"https:\\\/\\\/unrostore.com\\\/?s={search_term_string}\"},\"query-input\":{\"@type\":\"PropertyValueSpecification\",\"valueRequired\":true,\"valueName\":\"search_term_string\"}}],\"inLanguage\":\"de\"},{\"@type\":\"Organization\",\"@id\":\"https:\\\/\\\/unrostore.com\\\/#organization\",\"name\":\"UNRO\",\"url\":\"https:\\\/\\\/unrostore.com\\\/\",\"logo\":{\"@type\":\"ImageObject\",\"inLanguage\":\"de\",\"@id\":\"https:\\\/\\\/unrostore.com\\\/#\\\/schema\\\/logo\\\/image\\\/\",\"url\":\"https:\\\/\\\/unrostore.com\\\/wp-content\\\/uploads\\\/2022\\\/05\\\/Logo-UNRO.png\",\"contentUrl\":\"https:\\\/\\\/unrostore.com\\\/wp-content\\\/uploads\\\/2022\\\/05\\\/Logo-UNRO.png\",\"width\":605,\"height\":179,\"caption\":\"UNRO\"},\"image\":{\"@id\":\"https:\\\/\\\/unrostore.com\\\/#\\\/schema\\\/logo\\\/image\\\/\"}}]}<\/script>\n<!-- \/ Yoast SEO plugin. -->","yoast_head_json":{"title":"Pastateller Bunte Korallen 4er Set - UNRO","description":"Freuen Sie sich jeden Tag \u00fcber das fr\u00f6hliche Farbenspiel der einzigartigen portugiesischen Pastateller Coloured Corals, ein Set aus 4 tiefen Tellern mit blauen und gelben Farben!","robots":{"index":"index","follow":"follow","max-snippet":"max-snippet:-1","max-image-preview":"max-image-preview:large","max-video-preview":"max-video-preview:-1"},"canonical":"https:\/\/unrostore.com\/de-de\/shop\/terrafina\/korallen\/nudelteller-farbig-4er-set-korallen\/","og_locale":"de_DE","og_type":"article","og_title":"Pasta Borden Gekleurd Corals set van 4 &#8226; UNRO","og_description":"Wordt elke dag blij van het vrolijke kleurenspel van de unieke Portugese Pasta Borden Gekleurd Corals set van 4 diepe borden met blauwe en gele kleuren!","og_url":"https:\/\/unrostore.com\/de-de\/shop\/terrafina\/korallen\/nudelteller-farbig-4er-set-korallen\/","og_site_name":"UNRO","article_modified_time":"2026-01-19T20:37:24+00:00","og_image":[{"width":1000,"height":1000,"url":"https:\/\/unrostore.com\/wp-content\/uploads\/2023\/07\/unro-soepkommen-gekleurd-pastaborden.webp","type":"image\/webp"}],"twitter_card":"summary_large_image","schema":{"@context":"https:\/\/schema.org","@graph":[{"@type":"WebPage","@id":"https:\/\/unrostore.com\/shop\/terrafina\/corals\/pasta-borden-gekleurd-set-van-4-corals\/","url":"https:\/\/unrostore.com\/shop\/terrafina\/corals\/pasta-borden-gekleurd-set-van-4-corals\/","name":"Pastateller Bunte Korallen 4er Set - UNRO","isPartOf":{"@id":"https:\/\/unrostore.com\/#website"},"primaryImageOfPage":{"@id":"https:\/\/unrostore.com\/shop\/terrafina\/corals\/pasta-borden-gekleurd-set-van-4-corals\/#primaryimage"},"image":{"@id":"https:\/\/unrostore.com\/shop\/terrafina\/corals\/pasta-borden-gekleurd-set-van-4-corals\/#primaryimage"},"thumbnailUrl":"https:\/\/unrostore.com\/wp-content\/uploads\/2023\/07\/unro-soepkommen-gekleurd-pastaborden.webp","datePublished":"2023-07-16T13:33:51+00:00","dateModified":"2026-01-19T20:37:24+00:00","description":"Freuen Sie sich jeden Tag \u00fcber das fr\u00f6hliche Farbenspiel der einzigartigen portugiesischen Pastateller Coloured Corals, ein Set aus 4 tiefen Tellern mit blauen und gelben Farben!","breadcrumb":{"@id":"https:\/\/unrostore.com\/shop\/terrafina\/corals\/pasta-borden-gekleurd-set-van-4-corals\/#breadcrumb"},"inLanguage":"de","potentialAction":[{"@type":"ReadAction","target":["https:\/\/unrostore.com\/shop\/terrafina\/corals\/pasta-borden-gekleurd-set-van-4-corals\/"]}]},{"@type":"ImageObject","inLanguage":"de","@id":"https:\/\/unrostore.com\/shop\/terrafina\/corals\/pasta-borden-gekleurd-set-van-4-corals\/#primaryimage","url":"https:\/\/unrostore.com\/wp-content\/uploads\/2023\/07\/unro-soepkommen-gekleurd-pastaborden.webp","contentUrl":"https:\/\/unrostore.com\/wp-content\/uploads\/2023\/07\/unro-soepkommen-gekleurd-pastaborden.webp","width":1000,"height":1000,"caption":"pasta borden gekleurd"},{"@type":"BreadcrumbList","@id":"https:\/\/unrostore.com\/shop\/terrafina\/corals\/pasta-borden-gekleurd-set-van-4-corals\/#breadcrumb","itemListElement":[{"@type":"ListItem","position":1,"name":"Home","item":"https:\/\/unrostore.com\/"},{"@type":"ListItem","position":2,"name":"Shop","item":"https:\/\/unrostore.com\/shop\/"},{"@type":"ListItem","position":3,"name":"Pasta Borden Gekleurd Corals set van 4"}]},{"@type":"WebSite","@id":"https:\/\/unrostore.com\/#website","url":"https:\/\/unrostore.com\/","name":"UNRO","description":"Portugiesisches Geschirr, das Sie gl\u00fccklich machen wird!","publisher":{"@id":"https:\/\/unrostore.com\/#organization"},"potentialAction":[{"@type":"SearchAction","target":{"@type":"EntryPoint","urlTemplate":"https:\/\/unrostore.com\/?s={search_term_string}"},"query-input":{"@type":"PropertyValueSpecification","valueRequired":true,"valueName":"search_term_string"}}],"inLanguage":"de"},{"@type":"Organization","@id":"https:\/\/unrostore.com\/#organization","name":"UNRO","url":"https:\/\/unrostore.com\/","logo":{"@type":"ImageObject","inLanguage":"de","@id":"https:\/\/unrostore.com\/#\/schema\/logo\/image\/","url":"https:\/\/unrostore.com\/wp-content\/uploads\/2022\/05\/Logo-UNRO.png","contentUrl":"https:\/\/unrostore.com\/wp-content\/uploads\/2022\/05\/Logo-UNRO.png","width":605,"height":179,"caption":"UNRO"},"image":{"@id":"https:\/\/unrostore.com\/#\/schema\/logo\/image\/"}}]}},"_links":{"self":[{"href":"https:\/\/unrostore.com\/de-de\/wp-json\/wp\/v2\/product\/4931","targetHints":{"allow":["GET"]}}],"collection":[{"href":"https:\/\/unrostore.com\/de-de\/wp-json\/wp\/v2\/product"}],"about":[{"href":"https:\/\/unrostore.com\/de-de\/wp-json\/wp\/v2\/types\/product"}],"wp:featuredmedia":[{"embeddable":true,"href":"https:\/\/unrostore.com\/de-de\/wp-json\/wp\/v2\/media\/7088"}],"wp:attachment":[{"href":"https:\/\/unrostore.com\/de-de\/wp-json\/wp\/v2\/media?parent=4931"}],"wp:term":[{"taxonomy":"product_brand","embeddable":true,"href":"https:\/\/unrostore.com\/de-de\/wp-json\/wp\/v2\/product_brand?post=4931"},{"taxonomy":"product_cat","embeddable":true,"href":"https:\/\/unrostore.com\/de-de\/wp-json\/wp\/v2\/product_cat?post=4931"},{"taxonomy":"product_tag","embeddable":true,"href":"https:\/\/unrostore.com\/de-de\/wp-json\/wp\/v2\/product_tag?post=4931"}],"curies":[{"name":"wp","href":"https:\/\/api.w.org\/{rel}","templated":true}]}}