{"id":4743,"date":"2023-07-06T20:26:18","date_gmt":"2023-07-06T20:26:18","guid":{"rendered":"https:\/\/unrostore.com\/?post_type=product&#038;p=4743"},"modified":"2026-01-19T20:37:25","modified_gmt":"2026-01-19T20:37:25","slug":"nudelteller-creme-amazonia-creme-4er-set","status":"publish","type":"product","link":"https:\/\/unrostore.com\/de-de\/shop\/terrafina\/amazonia-creme\/nudelteller-creme-amazonia-creme-4er-set\/","title":{"rendered":"Pastateller Creme Amazonia Cream 4er Set"},"content":{"rendered":"<h3>Entdecken Sie die einzigartigen Pastateller Creme 4er-Set Amazonia Cream von Terrafina<\/h3>\n<p>Die <strong>Nudelplatten Creme<\/strong> Amazonia Cream<strong>\u00a0<\/strong>4er-Set der portugiesischen Marke <a href=\"https:\/\/www.terrafinastore.com\/en\/collections\/sail\">Terrafina<\/a> sind sch\u00f6ne tiefe Teller, die sich auch als Salatteller, Suppenteller oder als Acai-Schalen eignen. Die tiefen Teller werden in Portugal aus hochwertiger Keramik handgefertigt: reines Steingut. Das macht die Teller sp\u00fclmaschinen-, magenton- und ofenfest (bis 200 Grad). Genie\u00dfen Sie ein k\u00f6stliches Gericht, das gro\u00dfz\u00fcgig auf den sch\u00f6nen cremefarbenen Pastatellern serviert wird, allein, mit Ihrer Familie oder Ihren Freunden. So holen Sie sich das luxuri\u00f6se Restauranterlebnis nach Hause und bringen jedes Gericht zum Strahlen, entdecken Sie es selbst!<\/p>\n<p>Geschenk- &amp; Kombinationstipp von UNRO: Verschenken Sie die Cremeteller (als 4er-Set sind sie in einer sch\u00f6nen Geschenkbox verpackt). Au\u00dferdem lassen sich die Cremesuppenteller auch gut mit den <a href=\"https:\/\/unrostore.com\/de-de\/shop\/terrafina\/amazonia-grun\/groene-dinerborden-amazonia-green-4-delig\/\">Amazonia Creme Essteller<\/a> und <a href=\"https:\/\/unrostore.com\/de-de\/shop\/terrafina\/amazonia-creme\/amazonia-cream-kommen-2-delig-kopie\/\">Amazonia Cream Schalen<\/a> f\u00fcr einen sch\u00f6n gedeckten Tisch und ein \u00fcppiges Brunch, Mittagessen, Abendessen oder Getr\u00e4nke.<\/p>\n<h3>Das ist die Anzahl der Nudelplatten, die Sie geliefert bekommen:<\/h3>\n<ul>\n<li><strong>4x<\/strong> Amazonia Cream Nudelteller \u00f8 23 cm<\/li>\n<li><strong>1x\u00a0<\/strong>Terrafina Geschenkbox<\/li>\n<\/ul>\n<p>\u00a0<\/p>\n<p><em><strong>Duurzaam voor mens & milieu:<\/strong><br \/>\nJedes Produkt ist einzigartig, da es handgefertigt ist.<br \/>\nDruck und Textur k\u00f6nnen daher leicht vom Produktfoto abweichen.<\/em><\/p>","protected":false},"excerpt":{"rendered":"<div class=\"usps\"><i class=\"far fa-check-circle\"><\/i> Mikrowellenfest<br \/>\n<i class=\"far fa-check-circle\"><\/i> Backofenfest (bis zu 200 Grad)<br \/>\n<i class=\"far fa-check-circle\"><\/i> Sp\u00fclmaschinenfest<br \/>\n<i class=\"far fa-thumbs-up\"><\/i> Handgefertigt<\/div>","protected":false},"featured_media":4747,"template":"","meta":[],"product_brand":[],"product_cat":[235,144,585,119],"product_tag":[696,145,234,129,233,590,238,601,587,764,404,243,589,582,588,123],"class_list":{"0":"post-4743","1":"product","2":"type-product","3":"status-publish","4":"has-post-thumbnail","6":"product_cat-borden","7":"product_cat-amazonia-cream","8":"product_cat-pastaborden","9":"product_cat-terrafina","10":"product_tag-acai-bowl","11":"product_tag-amazonia-cream","12":"product_tag-beige","13":"product_tag-borden","14":"product_tag-creme","15":"product_tag-diepe-borden","16":"product_tag-grote-borden","17":"product_tag-hapjesschaal","18":"product_tag-pasta-borden","19":"product_tag-pasta-borden-beige","20":"product_tag-pastaborden","21":"product_tag-salade-borden","22":"product_tag-saladeborden","23":"product_tag-soep-borden","24":"product_tag-soepborden","25":"product_tag-terrafina","26":"product_shipping_class-pakket","28":"first","29":"outofstock","30":"sale","31":"taxable","32":"shipping-taxable","33":"purchasable","34":"product-type-simple"},"yoast_head":"<!-- This site is optimized with the Yoast SEO plugin v27.5 - https:\/\/yoast.com\/product\/yoast-seo-wordpress\/ -->\n<title>Pasta Borden Creme Amazonia Cream set van 4 &#8226; UNRO<\/title>\n<meta name=\"description\" content=\"De prachtige Portugese Pasta Borden Creme Amazonia Cream set van 4 pastaborden zijn de meest veelzijdige diepe borden, ontdek het nu zelf!\" \/>\n<meta name=\"robots\" content=\"index, follow, max-snippet:-1, max-image-preview:large, max-video-preview:-1\" \/>\n<link rel=\"canonical\" href=\"https:\/\/unrostore.com\/de-de\/shop\/terrafina\/amazonia-creme\/nudelteller-creme-amazonia-creme-4er-set\/\" \/>\n<meta property=\"og:locale\" content=\"de_DE\" \/>\n<meta property=\"og:type\" content=\"article\" \/>\n<meta property=\"og:title\" content=\"Pasta Borden Creme Amazonia Cream set van 4 &#8226; UNRO\" \/>\n<meta property=\"og:description\" content=\"De prachtige Portugese Pasta Borden Creme Amazonia Cream set van 4 pastaborden zijn de meest veelzijdige diepe borden, ontdek het nu zelf!\" \/>\n<meta property=\"og:url\" content=\"https:\/\/unrostore.com\/de-de\/shop\/terrafina\/amazonia-creme\/nudelteller-creme-amazonia-creme-4er-set\/\" \/>\n<meta property=\"og:site_name\" content=\"UNRO\" \/>\n<meta property=\"article:modified_time\" content=\"2026-01-19T20:37:25+00:00\" \/>\n<meta property=\"og:image\" content=\"https:\/\/unrostore.com\/wp-content\/uploads\/2023\/07\/unro-creme-pastaborden-amazonia-cream-handgemaakt-keramiek-portugees-servies.jpg\" \/>\n\t<meta property=\"og:image:width\" content=\"1440\" \/>\n\t<meta property=\"og:image:height\" content=\"1440\" \/>\n\t<meta property=\"og:image:type\" content=\"image\/jpeg\" \/>\n<meta name=\"twitter:card\" content=\"summary_large_image\" \/>\n<script type=\"application\/ld+json\" class=\"yoast-schema-graph\">{\"@context\":\"https:\\\/\\\/schema.org\",\"@graph\":[{\"@type\":\"WebPage\",\"@id\":\"https:\\\/\\\/unrostore.com\\\/shop\\\/terrafina\\\/amazonia-cream\\\/pasta-borden-creme-amazonia-cream-set-van-4\\\/\",\"url\":\"https:\\\/\\\/unrostore.com\\\/shop\\\/terrafina\\\/amazonia-cream\\\/pasta-borden-creme-amazonia-cream-set-van-4\\\/\",\"name\":\"Pasta Borden Creme Amazonia Cream set van 4 &#8226; UNRO\",\"isPartOf\":{\"@id\":\"https:\\\/\\\/unrostore.com\\\/#website\"},\"primaryImageOfPage\":{\"@id\":\"https:\\\/\\\/unrostore.com\\\/shop\\\/terrafina\\\/amazonia-cream\\\/pasta-borden-creme-amazonia-cream-set-van-4\\\/#primaryimage\"},\"image\":{\"@id\":\"https:\\\/\\\/unrostore.com\\\/shop\\\/terrafina\\\/amazonia-cream\\\/pasta-borden-creme-amazonia-cream-set-van-4\\\/#primaryimage\"},\"thumbnailUrl\":\"https:\\\/\\\/unrostore.com\\\/wp-content\\\/uploads\\\/2023\\\/07\\\/unro-creme-pastaborden-amazonia-cream-handgemaakt-keramiek-portugees-servies.jpg\",\"datePublished\":\"2023-07-06T20:26:18+00:00\",\"dateModified\":\"2026-01-19T20:37:25+00:00\",\"description\":\"De prachtige Portugese Pasta Borden Creme Amazonia Cream set van 4 pastaborden zijn de meest veelzijdige diepe borden, ontdek het nu zelf!\",\"breadcrumb\":{\"@id\":\"https:\\\/\\\/unrostore.com\\\/shop\\\/terrafina\\\/amazonia-cream\\\/pasta-borden-creme-amazonia-cream-set-van-4\\\/#breadcrumb\"},\"inLanguage\":\"de\",\"potentialAction\":[{\"@type\":\"ReadAction\",\"target\":[\"https:\\\/\\\/unrostore.com\\\/shop\\\/terrafina\\\/amazonia-cream\\\/pasta-borden-creme-amazonia-cream-set-van-4\\\/\"]}]},{\"@type\":\"ImageObject\",\"inLanguage\":\"de\",\"@id\":\"https:\\\/\\\/unrostore.com\\\/shop\\\/terrafina\\\/amazonia-cream\\\/pasta-borden-creme-amazonia-cream-set-van-4\\\/#primaryimage\",\"url\":\"https:\\\/\\\/unrostore.com\\\/wp-content\\\/uploads\\\/2023\\\/07\\\/unro-creme-pastaborden-amazonia-cream-handgemaakt-keramiek-portugees-servies.jpg\",\"contentUrl\":\"https:\\\/\\\/unrostore.com\\\/wp-content\\\/uploads\\\/2023\\\/07\\\/unro-creme-pastaborden-amazonia-cream-handgemaakt-keramiek-portugees-servies.jpg\",\"width\":1440,\"height\":1440,\"caption\":\"Creme diepe pastaborden soepborden\"},{\"@type\":\"BreadcrumbList\",\"@id\":\"https:\\\/\\\/unrostore.com\\\/shop\\\/terrafina\\\/amazonia-cream\\\/pasta-borden-creme-amazonia-cream-set-van-4\\\/#breadcrumb\",\"itemListElement\":[{\"@type\":\"ListItem\",\"position\":1,\"name\":\"Home\",\"item\":\"https:\\\/\\\/unrostore.com\\\/\"},{\"@type\":\"ListItem\",\"position\":2,\"name\":\"Shop\",\"item\":\"https:\\\/\\\/unrostore.com\\\/shop\\\/\"},{\"@type\":\"ListItem\",\"position\":3,\"name\":\"Pasta Borden Creme Amazonia Cream set van 4\"}]},{\"@type\":\"WebSite\",\"@id\":\"https:\\\/\\\/unrostore.com\\\/#website\",\"url\":\"https:\\\/\\\/unrostore.com\\\/\",\"name\":\"UNRO\",\"description\":\"Portugees servies waar je blij van wordt!\",\"publisher\":{\"@id\":\"https:\\\/\\\/unrostore.com\\\/#organization\"},\"potentialAction\":[{\"@type\":\"SearchAction\",\"target\":{\"@type\":\"EntryPoint\",\"urlTemplate\":\"https:\\\/\\\/unrostore.com\\\/?s={search_term_string}\"},\"query-input\":{\"@type\":\"PropertyValueSpecification\",\"valueRequired\":true,\"valueName\":\"search_term_string\"}}],\"inLanguage\":\"de\"},{\"@type\":\"Organization\",\"@id\":\"https:\\\/\\\/unrostore.com\\\/#organization\",\"name\":\"UNRO\",\"url\":\"https:\\\/\\\/unrostore.com\\\/\",\"logo\":{\"@type\":\"ImageObject\",\"inLanguage\":\"de\",\"@id\":\"https:\\\/\\\/unrostore.com\\\/#\\\/schema\\\/logo\\\/image\\\/\",\"url\":\"https:\\\/\\\/unrostore.com\\\/wp-content\\\/uploads\\\/2022\\\/05\\\/Logo-UNRO.png\",\"contentUrl\":\"https:\\\/\\\/unrostore.com\\\/wp-content\\\/uploads\\\/2022\\\/05\\\/Logo-UNRO.png\",\"width\":605,\"height\":179,\"caption\":\"UNRO\"},\"image\":{\"@id\":\"https:\\\/\\\/unrostore.com\\\/#\\\/schema\\\/logo\\\/image\\\/\"}}]}<\/script>\n<!-- \/ Yoast SEO plugin. -->","yoast_head_json":{"title":"Pastateller Creme Amazonia Creme 4er Set - UNRO","description":"Die sch\u00f6nen portugiesischen Pastateller Beige Amazonia Creme im 4er-Set sind die vielseitigsten tiefen Teller, entdecken Sie sie jetzt selbst!","robots":{"index":"index","follow":"follow","max-snippet":"max-snippet:-1","max-image-preview":"max-image-preview:large","max-video-preview":"max-video-preview:-1"},"canonical":"https:\/\/unrostore.com\/de-de\/shop\/terrafina\/amazonia-creme\/nudelteller-creme-amazonia-creme-4er-set\/","og_locale":"de_DE","og_type":"article","og_title":"Pasta Borden Creme Amazonia Cream set van 4 &#8226; UNRO","og_description":"De prachtige Portugese Pasta Borden Creme Amazonia Cream set van 4 pastaborden zijn de meest veelzijdige diepe borden, ontdek het nu zelf!","og_url":"https:\/\/unrostore.com\/de-de\/shop\/terrafina\/amazonia-creme\/nudelteller-creme-amazonia-creme-4er-set\/","og_site_name":"UNRO","article_modified_time":"2026-01-19T20:37:25+00:00","og_image":[{"width":1440,"height":1440,"url":"https:\/\/unrostore.com\/wp-content\/uploads\/2023\/07\/unro-creme-pastaborden-amazonia-cream-handgemaakt-keramiek-portugees-servies.jpg","type":"image\/jpeg"}],"twitter_card":"summary_large_image","schema":{"@context":"https:\/\/schema.org","@graph":[{"@type":"WebPage","@id":"https:\/\/unrostore.com\/shop\/terrafina\/amazonia-cream\/pasta-borden-creme-amazonia-cream-set-van-4\/","url":"https:\/\/unrostore.com\/shop\/terrafina\/amazonia-cream\/pasta-borden-creme-amazonia-cream-set-van-4\/","name":"Pastateller Creme Amazonia Creme 4er Set - UNRO","isPartOf":{"@id":"https:\/\/unrostore.com\/#website"},"primaryImageOfPage":{"@id":"https:\/\/unrostore.com\/shop\/terrafina\/amazonia-cream\/pasta-borden-creme-amazonia-cream-set-van-4\/#primaryimage"},"image":{"@id":"https:\/\/unrostore.com\/shop\/terrafina\/amazonia-cream\/pasta-borden-creme-amazonia-cream-set-van-4\/#primaryimage"},"thumbnailUrl":"https:\/\/unrostore.com\/wp-content\/uploads\/2023\/07\/unro-creme-pastaborden-amazonia-cream-handgemaakt-keramiek-portugees-servies.jpg","datePublished":"2023-07-06T20:26:18+00:00","dateModified":"2026-01-19T20:37:25+00:00","description":"Die sch\u00f6nen portugiesischen Pastateller Beige Amazonia Creme im 4er-Set sind die vielseitigsten tiefen Teller, entdecken Sie sie jetzt selbst!","breadcrumb":{"@id":"https:\/\/unrostore.com\/shop\/terrafina\/amazonia-cream\/pasta-borden-creme-amazonia-cream-set-van-4\/#breadcrumb"},"inLanguage":"de","potentialAction":[{"@type":"ReadAction","target":["https:\/\/unrostore.com\/shop\/terrafina\/amazonia-cream\/pasta-borden-creme-amazonia-cream-set-van-4\/"]}]},{"@type":"ImageObject","inLanguage":"de","@id":"https:\/\/unrostore.com\/shop\/terrafina\/amazonia-cream\/pasta-borden-creme-amazonia-cream-set-van-4\/#primaryimage","url":"https:\/\/unrostore.com\/wp-content\/uploads\/2023\/07\/unro-creme-pastaborden-amazonia-cream-handgemaakt-keramiek-portugees-servies.jpg","contentUrl":"https:\/\/unrostore.com\/wp-content\/uploads\/2023\/07\/unro-creme-pastaborden-amazonia-cream-handgemaakt-keramiek-portugees-servies.jpg","width":1440,"height":1440,"caption":"Creme diepe pastaborden soepborden"},{"@type":"BreadcrumbList","@id":"https:\/\/unrostore.com\/shop\/terrafina\/amazonia-cream\/pasta-borden-creme-amazonia-cream-set-van-4\/#breadcrumb","itemListElement":[{"@type":"ListItem","position":1,"name":"Home","item":"https:\/\/unrostore.com\/"},{"@type":"ListItem","position":2,"name":"Shop","item":"https:\/\/unrostore.com\/shop\/"},{"@type":"ListItem","position":3,"name":"Pasta Borden Creme Amazonia Cream set van 4"}]},{"@type":"WebSite","@id":"https:\/\/unrostore.com\/#website","url":"https:\/\/unrostore.com\/","name":"UNRO","description":"Portugiesisches Geschirr, das Sie gl\u00fccklich machen wird!","publisher":{"@id":"https:\/\/unrostore.com\/#organization"},"potentialAction":[{"@type":"SearchAction","target":{"@type":"EntryPoint","urlTemplate":"https:\/\/unrostore.com\/?s={search_term_string}"},"query-input":{"@type":"PropertyValueSpecification","valueRequired":true,"valueName":"search_term_string"}}],"inLanguage":"de"},{"@type":"Organization","@id":"https:\/\/unrostore.com\/#organization","name":"UNRO","url":"https:\/\/unrostore.com\/","logo":{"@type":"ImageObject","inLanguage":"de","@id":"https:\/\/unrostore.com\/#\/schema\/logo\/image\/","url":"https:\/\/unrostore.com\/wp-content\/uploads\/2022\/05\/Logo-UNRO.png","contentUrl":"https:\/\/unrostore.com\/wp-content\/uploads\/2022\/05\/Logo-UNRO.png","width":605,"height":179,"caption":"UNRO"},"image":{"@id":"https:\/\/unrostore.com\/#\/schema\/logo\/image\/"}}]}},"_links":{"self":[{"href":"https:\/\/unrostore.com\/de-de\/wp-json\/wp\/v2\/product\/4743","targetHints":{"allow":["GET"]}}],"collection":[{"href":"https:\/\/unrostore.com\/de-de\/wp-json\/wp\/v2\/product"}],"about":[{"href":"https:\/\/unrostore.com\/de-de\/wp-json\/wp\/v2\/types\/product"}],"wp:featuredmedia":[{"embeddable":true,"href":"https:\/\/unrostore.com\/de-de\/wp-json\/wp\/v2\/media\/4747"}],"wp:attachment":[{"href":"https:\/\/unrostore.com\/de-de\/wp-json\/wp\/v2\/media?parent=4743"}],"wp:term":[{"taxonomy":"product_brand","embeddable":true,"href":"https:\/\/unrostore.com\/de-de\/wp-json\/wp\/v2\/product_brand?post=4743"},{"taxonomy":"product_cat","embeddable":true,"href":"https:\/\/unrostore.com\/de-de\/wp-json\/wp\/v2\/product_cat?post=4743"},{"taxonomy":"product_tag","embeddable":true,"href":"https:\/\/unrostore.com\/de-de\/wp-json\/wp\/v2\/product_tag?post=4743"}],"curies":[{"name":"wp","href":"https:\/\/api.w.org\/{rel}","templated":true}]}}