{"id":4225,"date":"2023-05-18T16:11:47","date_gmt":"2023-05-18T16:11:47","guid":{"rendered":"https:\/\/unrostore.com\/?post_type=product&#038;p=4225"},"modified":"2026-01-19T20:37:27","modified_gmt":"2026-01-19T20:37:27","slug":"schwarze-becher-schwarzer-stein","status":"publish","type":"product","link":"https:\/\/unrostore.com\/de-de\/shop\/terrafina\/schwarzes-geschirr-schwarzer-stein-2\/schwarze-becher-schwarzer-stein\/","title":{"rendered":"Schwarzer Becher 350 ml Schwarzer Stein - 2-teilig"},"content":{"rendered":"<h3>Sch\u00f6ne schwarze und exklusive Keramik: die schwarzen Becher Black Stone<\/h3>\n<p>Das neue und exklusive Set von 2<strong> Schwarze Becher<\/strong> <strong>Black Stone <\/strong>von <a href=\"https:\/\/www.terrafinastore.com\/en\/collections\/coffee\">Terrafina<\/a> sind jetzt in limitierter Auflage bei UNRO erh\u00e4ltlich. Die matte und dezent gl\u00e4nzende Textur in Kombination mit der intensiven schwarzen Farbe machen diese Kaffeetassen schwarz einzigartig. Die schwarzen handgefertigten Becher schwarz sind nicht nur f\u00fcr Cappuccino, sondern auch f\u00fcr Tee, Kaffee und (Chai) Latte geeignet. Auch ideal als kleines Geschenk zu einem Geburtstag oder einem anderen besonderen Anlass zu geben. Werfen Sie auch einen Blick auf das Set von <a href=\"https:\/\/unrostore.com\/de-de\/shop\/terrafina\/schwarzes-geschirr-schwarzer-stein-2\/black-stone-espresso-bekers-6-delig\/\">6 schwarze Espressotassen aus Keramik<\/a> um Ihren Cappuccino, Tee oder Kaffee mit einem reinen Espresso abzuwechseln.<\/p>\n<h3>Dies ist die Anzahl der schwarzen Kaffeetassen, die Sie erhalten werden<\/h3>\n<ul>\n<li>2x Black Stone Becher (350ml Trinkvolumen)<\/li>\n<li>1x Terrafina Geschenkbox<\/li>\n<\/ul>\n<p>\u00a0<\/p>\n<p><em><strong>Duurzaam voor mens & milieu:<\/strong><br \/>\nJedes Produkt ist ein Unikat, denn es wird in Handarbeit hergestellt.<br \/>\nDruck und Textur k\u00f6nnen daher leicht vom Produktfoto abweichen.<\/em><\/p>","protected":false},"excerpt":{"rendered":"<div class=\"usps\"><i class=\"far fa-check-circle\"><\/i> Mikrowellenfest<br \/>\n<i class=\"far fa-check-circle\"><\/i> Backofenfest (bis zu 200 Grad)<br \/>\n<i class=\"far fa-check-circle\"><\/i> Sp\u00fclmaschinenfest<br \/>\n<i class=\"far fa-thumbs-up\"><\/i> Handgefertigt<\/div>","protected":false},"featured_media":6746,"template":"","meta":[],"product_brand":[],"product_cat":[869,316,132,119,384],"product_tag":[380,280,739,309,634,638,626,633,641,740,637,632,385,738],"class_list":{"0":"post-4225","1":"product","2":"type-product","3":"status-publish","4":"has-post-thumbnail","6":"product_cat-unro-cadeautips","7":"product_cat-cappuccino-mokken","8":"product_cat-kopjes-en-mokken","9":"product_cat-terrafina","10":"product_cat-zwart-servies-black-stone","11":"product_tag-black-stone","12":"product_tag-cappuccino","13":"product_tag-cappuccino-kopjes-zwart","14":"product_tag-cappuccino-mokken","15":"product_tag-chai-latte","16":"product_tag-koffiekopjes","17":"product_tag-koffiemokken","18":"product_tag-latte-macchiato","19":"product_tag-modern","20":"product_tag-mokken-zwart","21":"product_tag-theekopjes","22":"product_tag-theemokken","23":"product_tag-zwart-servies","24":"product_tag-zwarte-mokken","25":"product_shipping_class-pakket","27":"first","28":"outofstock","29":"sale","30":"taxable","31":"shipping-taxable","32":"purchasable","33":"product-type-simple"},"yoast_head":"<!-- This site is optimized with the Yoast SEO plugin v27.5 - https:\/\/yoast.com\/product\/yoast-seo-wordpress\/ -->\n<title>Zwarte Mokken 350 ml Black Stone - 2-delig &#8226; UNRO<\/title>\n<meta name=\"description\" content=\"De nieuwe en exclusieve Black Stone Zwarte Mokken zijn nu gelimiteerd verkrijgbaar bij UNRO. Erg leuk als vaderdag cadeau of verjaardagscadeau!\" \/>\n<meta name=\"robots\" content=\"index, follow, max-snippet:-1, max-image-preview:large, max-video-preview:-1\" \/>\n<link rel=\"canonical\" href=\"https:\/\/unrostore.com\/de-de\/shop\/terrafina\/schwarzes-geschirr-schwarzer-stein-2\/schwarze-becher-schwarzer-stein\/\" \/>\n<meta property=\"og:locale\" content=\"de_DE\" \/>\n<meta property=\"og:type\" content=\"article\" \/>\n<meta property=\"og:title\" content=\"Zwarte Mokken 350 ml Black Stone - 2-delig &#8226; UNRO\" \/>\n<meta property=\"og:description\" content=\"De nieuwe en exclusieve Black Stone Zwarte Mokken zijn nu gelimiteerd verkrijgbaar bij UNRO. Erg leuk als vaderdag cadeau of verjaardagscadeau!\" \/>\n<meta property=\"og:url\" content=\"https:\/\/unrostore.com\/de-de\/shop\/terrafina\/schwarzes-geschirr-schwarzer-stein-2\/schwarze-becher-schwarzer-stein\/\" \/>\n<meta property=\"og:site_name\" content=\"UNRO\" \/>\n<meta property=\"article:modified_time\" content=\"2026-01-19T20:37:27+00:00\" \/>\n<meta property=\"og:image\" content=\"https:\/\/unrostore.com\/wp-content\/uploads\/2023\/05\/unro-zwarte-cappuccino-mokken.webp\" \/>\n\t<meta property=\"og:image:width\" content=\"1000\" \/>\n\t<meta property=\"og:image:height\" content=\"1000\" \/>\n\t<meta property=\"og:image:type\" content=\"image\/webp\" \/>\n<meta name=\"twitter:card\" content=\"summary_large_image\" \/>\n<script type=\"application\/ld+json\" class=\"yoast-schema-graph\">{\"@context\":\"https:\\\/\\\/schema.org\",\"@graph\":[{\"@type\":\"WebPage\",\"@id\":\"https:\\\/\\\/unrostore.com\\\/shop\\\/terrafina\\\/zwart-servies-black-stone\\\/zwarte-mokken-black-stone\\\/\",\"url\":\"https:\\\/\\\/unrostore.com\\\/shop\\\/terrafina\\\/zwart-servies-black-stone\\\/zwarte-mokken-black-stone\\\/\",\"name\":\"Zwarte Mokken 350 ml Black Stone - 2-delig &#8226; UNRO\",\"isPartOf\":{\"@id\":\"https:\\\/\\\/unrostore.com\\\/#website\"},\"primaryImageOfPage\":{\"@id\":\"https:\\\/\\\/unrostore.com\\\/shop\\\/terrafina\\\/zwart-servies-black-stone\\\/zwarte-mokken-black-stone\\\/#primaryimage\"},\"image\":{\"@id\":\"https:\\\/\\\/unrostore.com\\\/shop\\\/terrafina\\\/zwart-servies-black-stone\\\/zwarte-mokken-black-stone\\\/#primaryimage\"},\"thumbnailUrl\":\"https:\\\/\\\/unrostore.com\\\/wp-content\\\/uploads\\\/2023\\\/05\\\/unro-zwarte-cappuccino-mokken.webp\",\"datePublished\":\"2023-05-18T16:11:47+00:00\",\"dateModified\":\"2026-01-19T20:37:27+00:00\",\"description\":\"De nieuwe en exclusieve Black Stone Zwarte Mokken zijn nu gelimiteerd verkrijgbaar bij UNRO. Erg leuk als vaderdag cadeau of verjaardagscadeau!\",\"breadcrumb\":{\"@id\":\"https:\\\/\\\/unrostore.com\\\/shop\\\/terrafina\\\/zwart-servies-black-stone\\\/zwarte-mokken-black-stone\\\/#breadcrumb\"},\"inLanguage\":\"de\",\"potentialAction\":[{\"@type\":\"ReadAction\",\"target\":[\"https:\\\/\\\/unrostore.com\\\/shop\\\/terrafina\\\/zwart-servies-black-stone\\\/zwarte-mokken-black-stone\\\/\"]}]},{\"@type\":\"ImageObject\",\"inLanguage\":\"de\",\"@id\":\"https:\\\/\\\/unrostore.com\\\/shop\\\/terrafina\\\/zwart-servies-black-stone\\\/zwarte-mokken-black-stone\\\/#primaryimage\",\"url\":\"https:\\\/\\\/unrostore.com\\\/wp-content\\\/uploads\\\/2023\\\/05\\\/unro-zwarte-cappuccino-mokken.webp\",\"contentUrl\":\"https:\\\/\\\/unrostore.com\\\/wp-content\\\/uploads\\\/2023\\\/05\\\/unro-zwarte-cappuccino-mokken.webp\",\"width\":1000,\"height\":1000,\"caption\":\"zwarte mokken\"},{\"@type\":\"BreadcrumbList\",\"@id\":\"https:\\\/\\\/unrostore.com\\\/shop\\\/terrafina\\\/zwart-servies-black-stone\\\/zwarte-mokken-black-stone\\\/#breadcrumb\",\"itemListElement\":[{\"@type\":\"ListItem\",\"position\":1,\"name\":\"Home\",\"item\":\"https:\\\/\\\/unrostore.com\\\/\"},{\"@type\":\"ListItem\",\"position\":2,\"name\":\"Shop\",\"item\":\"https:\\\/\\\/unrostore.com\\\/shop\\\/\"},{\"@type\":\"ListItem\",\"position\":3,\"name\":\"Zwarte Mokken 350 ml Black Stone &#8211; 2-delig\"}]},{\"@type\":\"WebSite\",\"@id\":\"https:\\\/\\\/unrostore.com\\\/#website\",\"url\":\"https:\\\/\\\/unrostore.com\\\/\",\"name\":\"UNRO\",\"description\":\"Portugees servies waar je blij van wordt!\",\"publisher\":{\"@id\":\"https:\\\/\\\/unrostore.com\\\/#organization\"},\"potentialAction\":[{\"@type\":\"SearchAction\",\"target\":{\"@type\":\"EntryPoint\",\"urlTemplate\":\"https:\\\/\\\/unrostore.com\\\/?s={search_term_string}\"},\"query-input\":{\"@type\":\"PropertyValueSpecification\",\"valueRequired\":true,\"valueName\":\"search_term_string\"}}],\"inLanguage\":\"de\"},{\"@type\":\"Organization\",\"@id\":\"https:\\\/\\\/unrostore.com\\\/#organization\",\"name\":\"UNRO\",\"url\":\"https:\\\/\\\/unrostore.com\\\/\",\"logo\":{\"@type\":\"ImageObject\",\"inLanguage\":\"de\",\"@id\":\"https:\\\/\\\/unrostore.com\\\/#\\\/schema\\\/logo\\\/image\\\/\",\"url\":\"https:\\\/\\\/unrostore.com\\\/wp-content\\\/uploads\\\/2022\\\/05\\\/Logo-UNRO.png\",\"contentUrl\":\"https:\\\/\\\/unrostore.com\\\/wp-content\\\/uploads\\\/2022\\\/05\\\/Logo-UNRO.png\",\"width\":605,\"height\":179,\"caption\":\"UNRO\"},\"image\":{\"@id\":\"https:\\\/\\\/unrostore.com\\\/#\\\/schema\\\/logo\\\/image\\\/\"}}]}<\/script>\n<!-- \/ Yoast SEO plugin. -->","yoast_head_json":{"title":"Schwarzer Becher 350 ml Schwarzer Stein - 2-teilig - UNRO","description":"Die neuen und exklusiven Black Stone Black Becher sind jetzt bei UNRO in begrenzter St\u00fcckzahl erh\u00e4ltlich. Sehr sch\u00f6n als Vatertagsgeschenk oder Geburtstagsgeschenk!","robots":{"index":"index","follow":"follow","max-snippet":"max-snippet:-1","max-image-preview":"max-image-preview:large","max-video-preview":"max-video-preview:-1"},"canonical":"https:\/\/unrostore.com\/de-de\/shop\/terrafina\/schwarzes-geschirr-schwarzer-stein-2\/schwarze-becher-schwarzer-stein\/","og_locale":"de_DE","og_type":"article","og_title":"Zwarte Mokken 350 ml Black Stone - 2-delig &#8226; UNRO","og_description":"De nieuwe en exclusieve Black Stone Zwarte Mokken zijn nu gelimiteerd verkrijgbaar bij UNRO. Erg leuk als vaderdag cadeau of verjaardagscadeau!","og_url":"https:\/\/unrostore.com\/de-de\/shop\/terrafina\/schwarzes-geschirr-schwarzer-stein-2\/schwarze-becher-schwarzer-stein\/","og_site_name":"UNRO","article_modified_time":"2026-01-19T20:37:27+00:00","og_image":[{"width":1000,"height":1000,"url":"https:\/\/unrostore.com\/wp-content\/uploads\/2023\/05\/unro-zwarte-cappuccino-mokken.webp","type":"image\/webp"}],"twitter_card":"summary_large_image","schema":{"@context":"https:\/\/schema.org","@graph":[{"@type":"WebPage","@id":"https:\/\/unrostore.com\/shop\/terrafina\/zwart-servies-black-stone\/zwarte-mokken-black-stone\/","url":"https:\/\/unrostore.com\/shop\/terrafina\/zwart-servies-black-stone\/zwarte-mokken-black-stone\/","name":"Schwarzer Becher 350 ml Schwarzer Stein - 2-teilig - UNRO","isPartOf":{"@id":"https:\/\/unrostore.com\/#website"},"primaryImageOfPage":{"@id":"https:\/\/unrostore.com\/shop\/terrafina\/zwart-servies-black-stone\/zwarte-mokken-black-stone\/#primaryimage"},"image":{"@id":"https:\/\/unrostore.com\/shop\/terrafina\/zwart-servies-black-stone\/zwarte-mokken-black-stone\/#primaryimage"},"thumbnailUrl":"https:\/\/unrostore.com\/wp-content\/uploads\/2023\/05\/unro-zwarte-cappuccino-mokken.webp","datePublished":"2023-05-18T16:11:47+00:00","dateModified":"2026-01-19T20:37:27+00:00","description":"Die neuen und exklusiven Black Stone Black Becher sind jetzt bei UNRO in begrenzter St\u00fcckzahl erh\u00e4ltlich. Sehr sch\u00f6n als Vatertagsgeschenk oder Geburtstagsgeschenk!","breadcrumb":{"@id":"https:\/\/unrostore.com\/shop\/terrafina\/zwart-servies-black-stone\/zwarte-mokken-black-stone\/#breadcrumb"},"inLanguage":"de","potentialAction":[{"@type":"ReadAction","target":["https:\/\/unrostore.com\/shop\/terrafina\/zwart-servies-black-stone\/zwarte-mokken-black-stone\/"]}]},{"@type":"ImageObject","inLanguage":"de","@id":"https:\/\/unrostore.com\/shop\/terrafina\/zwart-servies-black-stone\/zwarte-mokken-black-stone\/#primaryimage","url":"https:\/\/unrostore.com\/wp-content\/uploads\/2023\/05\/unro-zwarte-cappuccino-mokken.webp","contentUrl":"https:\/\/unrostore.com\/wp-content\/uploads\/2023\/05\/unro-zwarte-cappuccino-mokken.webp","width":1000,"height":1000,"caption":"zwarte mokken"},{"@type":"BreadcrumbList","@id":"https:\/\/unrostore.com\/shop\/terrafina\/zwart-servies-black-stone\/zwarte-mokken-black-stone\/#breadcrumb","itemListElement":[{"@type":"ListItem","position":1,"name":"Home","item":"https:\/\/unrostore.com\/"},{"@type":"ListItem","position":2,"name":"Shop","item":"https:\/\/unrostore.com\/shop\/"},{"@type":"ListItem","position":3,"name":"Zwarte Mokken 350 ml Black Stone &#8211; 2-delig"}]},{"@type":"WebSite","@id":"https:\/\/unrostore.com\/#website","url":"https:\/\/unrostore.com\/","name":"UNRO","description":"Portugiesisches Geschirr, das Sie gl\u00fccklich machen wird!","publisher":{"@id":"https:\/\/unrostore.com\/#organization"},"potentialAction":[{"@type":"SearchAction","target":{"@type":"EntryPoint","urlTemplate":"https:\/\/unrostore.com\/?s={search_term_string}"},"query-input":{"@type":"PropertyValueSpecification","valueRequired":true,"valueName":"search_term_string"}}],"inLanguage":"de"},{"@type":"Organization","@id":"https:\/\/unrostore.com\/#organization","name":"UNRO","url":"https:\/\/unrostore.com\/","logo":{"@type":"ImageObject","inLanguage":"de","@id":"https:\/\/unrostore.com\/#\/schema\/logo\/image\/","url":"https:\/\/unrostore.com\/wp-content\/uploads\/2022\/05\/Logo-UNRO.png","contentUrl":"https:\/\/unrostore.com\/wp-content\/uploads\/2022\/05\/Logo-UNRO.png","width":605,"height":179,"caption":"UNRO"},"image":{"@id":"https:\/\/unrostore.com\/#\/schema\/logo\/image\/"}}]}},"_links":{"self":[{"href":"https:\/\/unrostore.com\/de-de\/wp-json\/wp\/v2\/product\/4225","targetHints":{"allow":["GET"]}}],"collection":[{"href":"https:\/\/unrostore.com\/de-de\/wp-json\/wp\/v2\/product"}],"about":[{"href":"https:\/\/unrostore.com\/de-de\/wp-json\/wp\/v2\/types\/product"}],"wp:featuredmedia":[{"embeddable":true,"href":"https:\/\/unrostore.com\/de-de\/wp-json\/wp\/v2\/media\/6746"}],"wp:attachment":[{"href":"https:\/\/unrostore.com\/de-de\/wp-json\/wp\/v2\/media?parent=4225"}],"wp:term":[{"taxonomy":"product_brand","embeddable":true,"href":"https:\/\/unrostore.com\/de-de\/wp-json\/wp\/v2\/product_brand?post=4225"},{"taxonomy":"product_cat","embeddable":true,"href":"https:\/\/unrostore.com\/de-de\/wp-json\/wp\/v2\/product_cat?post=4225"},{"taxonomy":"product_tag","embeddable":true,"href":"https:\/\/unrostore.com\/de-de\/wp-json\/wp\/v2\/product_tag?post=4225"}],"curies":[{"name":"wp","href":"https:\/\/api.w.org\/{rel}","templated":true}]}}