{"id":4217,"date":"2023-05-18T14:31:08","date_gmt":"2023-05-18T14:31:08","guid":{"rendered":"https:\/\/unrostore.com\/?post_type=product&#038;p=4217"},"modified":"2026-01-19T20:37:49","modified_gmt":"2026-01-19T20:37:49","slug":"tortenstander-schwarzer-stein","status":"publish","type":"product","link":"https:\/\/unrostore.com\/de-de\/shop\/dekoration-2\/kerzenhalter-und-kerzenstander-2\/tortenstander-schwarzer-stein\/","title":{"rendered":"Tortenplatte Schwarz Black Stone"},"content":{"rendered":"<h3>Entdecken Sie die Vielseitigkeit das stilvolle schwarze Tortenbrett Black Stone<\/h3>\n<p>Die <strong>Tortenplatte Schwarz<\/strong> Keramik aus der exklusiven neuen Black Stone-Kollektion der portugiesischen Marke <a href=\"https:\/\/www.terrafinastore.com\/en\/collections\/coffee\">Terrafina<\/a> ist jetzt in einer sehr begrenzten Auflage erh\u00e4ltlich. Der schwarze Kuchenteller mit Fu\u00df aus der sch\u00f6nen schwarzen Geschirrkollektion Black Stone ist nicht nur praktisch f\u00fcr Ihr Geb\u00e4ck, Kuchen und Torten, sondern auch perfekt als K\u00e4setablett, um edle K\u00e4sesorten zu pr\u00e4sentieren. Aber auch als Kerzentablett, um eine gem\u00fctliche Atmosph\u00e4re in Ihrem Zuhause zu schaffen, sind Platten wie diese ideal. Das schwarze Keramiktablett ist also sehr vielseitig und eignet sich auch hervorragend zum Verschenken oder Erhalten. Sehen Sie sich den passenden Black Stone an <a href=\"https:\/\/unrostore.com\/de-de\/shop\/terrafina\/schwarzes-geschirr-schwarzer-stein-2\/black-stone-espresso-bekers-6-delig\/\">Espressotassen - 6-teilig<\/a> Erg\u00e4nzen Sie Ihren K\u00e4se oder Kuchen mit einer k\u00f6stlichen Tasse Espresso. Ideal f\u00fcr High Tea, Kaffee und Kuchen oder Kaffeezeit mit Freundinnen.<\/p>\n<h3>Dies ist die Nummer, die Sie zugestellt bekommen<\/h3>\n<ul>\n<li>1x Black Stone Tortenteller \u00f8 32 cm<\/li>\n<li>1x Terrafina Geschenkbox<\/li>\n<\/ul>\n<p>&nbsp;<\/p>\n<p><em><strong>Nachhaltig f\u00fcr Mensch und Umwelt:<\/strong><br \/>\nJedes Produkt ist ein Unikat, denn es wird in Handarbeit hergestellt.<br \/>\nDruck und Textur k\u00f6nnen daher leicht vom Produktfoto abweichen.<\/em><\/p>","protected":false},"excerpt":{"rendered":"<div class=\"usps\"><i class=\"far fa-check-circle\"><\/i> Mikrowellenfest<br \/>\n<i class=\"far fa-check-circle\"><\/i> Backofenfest (bis zu 200 Grad)<br \/>\n<i class=\"far fa-check-circle\"><\/i> Sp\u00fclmaschinenfest<br \/>\n<i class=\"far fa-thumbs-up\"><\/i> Handgefertigt<\/div>","protected":false},"featured_media":6750,"template":"","meta":[],"product_brand":[],"product_cat":[273,265,119,384],"product_tag":[380,732,401,397,734,733,394,819,735,411,731,390,385,820,821],"class_list":{"0":"post-4217","1":"product","2":"type-product","3":"status-publish","4":"has-post-thumbnail","6":"product_cat-decoratie","7":"product_cat-kaarshouders-en-kandelaars","8":"product_cat-terrafina","9":"product_cat-zwart-servies-black-stone","10":"product_tag-black-stone","11":"product_tag-cake-schaal","12":"product_tag-kaars-plateau","13":"product_tag-kaasplateau","14":"product_tag-plateau-voor-kaarsen","15":"product_tag-taart-plateaus","16":"product_tag-taartplateau","17":"product_tag-taartplateau-op-voet","18":"product_tag-taartplateau-zwart","19":"product_tag-taartschaal","20":"product_tag-taartschaal-op-voet","21":"product_tag-zwart-keramiek","22":"product_tag-zwart-servies","23":"product_tag-zwart-taartplateau","24":"product_tag-zwarte-taartschaal","25":"product_shipping_class-pakket","27":"first","28":"outofstock","29":"sale","30":"taxable","31":"shipping-taxable","32":"purchasable","33":"product-type-simple"},"yoast_head":"<!-- This site is optimized with the Yoast SEO plugin v27.4 - https:\/\/yoast.com\/product\/yoast-seo-wordpress\/ -->\n<title>Taartplateau Zwart Black Stone &#8226; UNRO<\/title>\n<meta name=\"description\" content=\"Het taartplateau zwart Black Stone is naast gebak of taart ook perfect als zwart kaasplateau om jouw luxe kaasjes chic te kunnen presenteren.\" \/>\n<meta name=\"robots\" content=\"index, follow, max-snippet:-1, max-image-preview:large, max-video-preview:-1\" \/>\n<link rel=\"canonical\" href=\"https:\/\/unrostore.com\/de-de\/shop\/dekoration-2\/kerzenhalter-und-kerzenstander-2\/tortenstander-schwarzer-stein\/\" \/>\n<meta property=\"og:locale\" content=\"de_DE\" \/>\n<meta property=\"og:type\" content=\"article\" \/>\n<meta property=\"og:title\" content=\"Taartplateau Zwart Black Stone &#8226; UNRO\" \/>\n<meta property=\"og:description\" content=\"Het taartplateau zwart Black Stone is naast gebak of taart ook perfect als zwart kaasplateau om jouw luxe kaasjes chic te kunnen presenteren.\" \/>\n<meta property=\"og:url\" content=\"https:\/\/unrostore.com\/de-de\/shop\/dekoration-2\/kerzenhalter-und-kerzenstander-2\/tortenstander-schwarzer-stein\/\" \/>\n<meta property=\"og:site_name\" content=\"UNRO\" \/>\n<meta property=\"article:modified_time\" content=\"2026-01-19T20:37:49+00:00\" \/>\n<meta property=\"og:image\" content=\"https:\/\/unrostore.com\/wp-content\/uploads\/2023\/05\/unro-zwart-taartplateau-portugees-servies.webp\" \/>\n\t<meta property=\"og:image:width\" content=\"1000\" \/>\n\t<meta property=\"og:image:height\" content=\"1000\" \/>\n\t<meta property=\"og:image:type\" content=\"image\/webp\" \/>\n<meta name=\"twitter:card\" content=\"summary_large_image\" \/>\n<script type=\"application\/ld+json\" class=\"yoast-schema-graph\">{\"@context\":\"https:\\\/\\\/schema.org\",\"@graph\":[{\"@type\":\"WebPage\",\"@id\":\"https:\\\/\\\/unrostore.com\\\/shop\\\/decoratie\\\/kaarshouders-en-kandelaars\\\/taartplateau-zwart-black-stone\\\/\",\"url\":\"https:\\\/\\\/unrostore.com\\\/shop\\\/decoratie\\\/kaarshouders-en-kandelaars\\\/taartplateau-zwart-black-stone\\\/\",\"name\":\"Taartplateau Zwart Black Stone &#8226; UNRO\",\"isPartOf\":{\"@id\":\"https:\\\/\\\/unrostore.com\\\/#website\"},\"primaryImageOfPage\":{\"@id\":\"https:\\\/\\\/unrostore.com\\\/shop\\\/decoratie\\\/kaarshouders-en-kandelaars\\\/taartplateau-zwart-black-stone\\\/#primaryimage\"},\"image\":{\"@id\":\"https:\\\/\\\/unrostore.com\\\/shop\\\/decoratie\\\/kaarshouders-en-kandelaars\\\/taartplateau-zwart-black-stone\\\/#primaryimage\"},\"thumbnailUrl\":\"https:\\\/\\\/unrostore.com\\\/wp-content\\\/uploads\\\/2023\\\/05\\\/unro-zwart-taartplateau-portugees-servies.webp\",\"datePublished\":\"2023-05-18T14:31:08+00:00\",\"dateModified\":\"2026-01-19T20:37:49+00:00\",\"description\":\"Het taartplateau zwart Black Stone is naast gebak of taart ook perfect als zwart kaasplateau om jouw luxe kaasjes chic te kunnen presenteren.\",\"breadcrumb\":{\"@id\":\"https:\\\/\\\/unrostore.com\\\/shop\\\/decoratie\\\/kaarshouders-en-kandelaars\\\/taartplateau-zwart-black-stone\\\/#breadcrumb\"},\"inLanguage\":\"de\",\"potentialAction\":[{\"@type\":\"ReadAction\",\"target\":[\"https:\\\/\\\/unrostore.com\\\/shop\\\/decoratie\\\/kaarshouders-en-kandelaars\\\/taartplateau-zwart-black-stone\\\/\"]}]},{\"@type\":\"ImageObject\",\"inLanguage\":\"de\",\"@id\":\"https:\\\/\\\/unrostore.com\\\/shop\\\/decoratie\\\/kaarshouders-en-kandelaars\\\/taartplateau-zwart-black-stone\\\/#primaryimage\",\"url\":\"https:\\\/\\\/unrostore.com\\\/wp-content\\\/uploads\\\/2023\\\/05\\\/unro-zwart-taartplateau-portugees-servies.webp\",\"contentUrl\":\"https:\\\/\\\/unrostore.com\\\/wp-content\\\/uploads\\\/2023\\\/05\\\/unro-zwart-taartplateau-portugees-servies.webp\",\"width\":1000,\"height\":1000,\"caption\":\"zwart taartplateau\"},{\"@type\":\"BreadcrumbList\",\"@id\":\"https:\\\/\\\/unrostore.com\\\/shop\\\/decoratie\\\/kaarshouders-en-kandelaars\\\/taartplateau-zwart-black-stone\\\/#breadcrumb\",\"itemListElement\":[{\"@type\":\"ListItem\",\"position\":1,\"name\":\"Home\",\"item\":\"https:\\\/\\\/unrostore.com\\\/\"},{\"@type\":\"ListItem\",\"position\":2,\"name\":\"Shop\",\"item\":\"https:\\\/\\\/unrostore.com\\\/shop\\\/\"},{\"@type\":\"ListItem\",\"position\":3,\"name\":\"Taartplateau Zwart Black Stone\"}]},{\"@type\":\"WebSite\",\"@id\":\"https:\\\/\\\/unrostore.com\\\/#website\",\"url\":\"https:\\\/\\\/unrostore.com\\\/\",\"name\":\"UNRO\",\"description\":\"Portugees servies waar je blij van wordt!\",\"publisher\":{\"@id\":\"https:\\\/\\\/unrostore.com\\\/#organization\"},\"potentialAction\":[{\"@type\":\"SearchAction\",\"target\":{\"@type\":\"EntryPoint\",\"urlTemplate\":\"https:\\\/\\\/unrostore.com\\\/?s={search_term_string}\"},\"query-input\":{\"@type\":\"PropertyValueSpecification\",\"valueRequired\":true,\"valueName\":\"search_term_string\"}}],\"inLanguage\":\"de\"},{\"@type\":\"Organization\",\"@id\":\"https:\\\/\\\/unrostore.com\\\/#organization\",\"name\":\"UNRO\",\"url\":\"https:\\\/\\\/unrostore.com\\\/\",\"logo\":{\"@type\":\"ImageObject\",\"inLanguage\":\"de\",\"@id\":\"https:\\\/\\\/unrostore.com\\\/#\\\/schema\\\/logo\\\/image\\\/\",\"url\":\"https:\\\/\\\/unrostore.com\\\/wp-content\\\/uploads\\\/2022\\\/05\\\/Logo-UNRO.png\",\"contentUrl\":\"https:\\\/\\\/unrostore.com\\\/wp-content\\\/uploads\\\/2022\\\/05\\\/Logo-UNRO.png\",\"width\":605,\"height\":179,\"caption\":\"UNRO\"},\"image\":{\"@id\":\"https:\\\/\\\/unrostore.com\\\/#\\\/schema\\\/logo\\\/image\\\/\"}}]}<\/script>\n<!-- \/ Yoast SEO plugin. -->","yoast_head_json":{"title":"Kuchenteller Schwarz Schwarzer Stein - UNRO","description":"Neben Geb\u00e4ck oder Kuchen eignet sich der Kuchenteller schwarz Black Stone auch perfekt als schwarze K\u00e4seplatte, um Ihre Luxus-K\u00e4se schick zu pr\u00e4sentieren.","robots":{"index":"index","follow":"follow","max-snippet":"max-snippet:-1","max-image-preview":"max-image-preview:large","max-video-preview":"max-video-preview:-1"},"canonical":"https:\/\/unrostore.com\/de-de\/shop\/dekoration-2\/kerzenhalter-und-kerzenstander-2\/tortenstander-schwarzer-stein\/","og_locale":"de_DE","og_type":"article","og_title":"Taartplateau Zwart Black Stone &#8226; UNRO","og_description":"Het taartplateau zwart Black Stone is naast gebak of taart ook perfect als zwart kaasplateau om jouw luxe kaasjes chic te kunnen presenteren.","og_url":"https:\/\/unrostore.com\/de-de\/shop\/dekoration-2\/kerzenhalter-und-kerzenstander-2\/tortenstander-schwarzer-stein\/","og_site_name":"UNRO","article_modified_time":"2026-01-19T20:37:49+00:00","og_image":[{"width":1000,"height":1000,"url":"https:\/\/unrostore.com\/wp-content\/uploads\/2023\/05\/unro-zwart-taartplateau-portugees-servies.webp","type":"image\/webp"}],"twitter_card":"summary_large_image","schema":{"@context":"https:\/\/schema.org","@graph":[{"@type":"WebPage","@id":"https:\/\/unrostore.com\/shop\/decoratie\/kaarshouders-en-kandelaars\/taartplateau-zwart-black-stone\/","url":"https:\/\/unrostore.com\/shop\/decoratie\/kaarshouders-en-kandelaars\/taartplateau-zwart-black-stone\/","name":"Kuchenteller Schwarz Schwarzer Stein - UNRO","isPartOf":{"@id":"https:\/\/unrostore.com\/#website"},"primaryImageOfPage":{"@id":"https:\/\/unrostore.com\/shop\/decoratie\/kaarshouders-en-kandelaars\/taartplateau-zwart-black-stone\/#primaryimage"},"image":{"@id":"https:\/\/unrostore.com\/shop\/decoratie\/kaarshouders-en-kandelaars\/taartplateau-zwart-black-stone\/#primaryimage"},"thumbnailUrl":"https:\/\/unrostore.com\/wp-content\/uploads\/2023\/05\/unro-zwart-taartplateau-portugees-servies.webp","datePublished":"2023-05-18T14:31:08+00:00","dateModified":"2026-01-19T20:37:49+00:00","description":"Neben Geb\u00e4ck oder Kuchen eignet sich der Kuchenteller schwarz Black Stone auch perfekt als schwarze K\u00e4seplatte, um Ihre Luxus-K\u00e4se schick zu pr\u00e4sentieren.","breadcrumb":{"@id":"https:\/\/unrostore.com\/shop\/decoratie\/kaarshouders-en-kandelaars\/taartplateau-zwart-black-stone\/#breadcrumb"},"inLanguage":"de","potentialAction":[{"@type":"ReadAction","target":["https:\/\/unrostore.com\/shop\/decoratie\/kaarshouders-en-kandelaars\/taartplateau-zwart-black-stone\/"]}]},{"@type":"ImageObject","inLanguage":"de","@id":"https:\/\/unrostore.com\/shop\/decoratie\/kaarshouders-en-kandelaars\/taartplateau-zwart-black-stone\/#primaryimage","url":"https:\/\/unrostore.com\/wp-content\/uploads\/2023\/05\/unro-zwart-taartplateau-portugees-servies.webp","contentUrl":"https:\/\/unrostore.com\/wp-content\/uploads\/2023\/05\/unro-zwart-taartplateau-portugees-servies.webp","width":1000,"height":1000,"caption":"zwart taartplateau"},{"@type":"BreadcrumbList","@id":"https:\/\/unrostore.com\/shop\/decoratie\/kaarshouders-en-kandelaars\/taartplateau-zwart-black-stone\/#breadcrumb","itemListElement":[{"@type":"ListItem","position":1,"name":"Home","item":"https:\/\/unrostore.com\/"},{"@type":"ListItem","position":2,"name":"Shop","item":"https:\/\/unrostore.com\/shop\/"},{"@type":"ListItem","position":3,"name":"Taartplateau Zwart Black Stone"}]},{"@type":"WebSite","@id":"https:\/\/unrostore.com\/#website","url":"https:\/\/unrostore.com\/","name":"UNRO","description":"Portugiesisches Geschirr, das Sie gl\u00fccklich machen wird!","publisher":{"@id":"https:\/\/unrostore.com\/#organization"},"potentialAction":[{"@type":"SearchAction","target":{"@type":"EntryPoint","urlTemplate":"https:\/\/unrostore.com\/?s={search_term_string}"},"query-input":{"@type":"PropertyValueSpecification","valueRequired":true,"valueName":"search_term_string"}}],"inLanguage":"de"},{"@type":"Organization","@id":"https:\/\/unrostore.com\/#organization","name":"UNRO","url":"https:\/\/unrostore.com\/","logo":{"@type":"ImageObject","inLanguage":"de","@id":"https:\/\/unrostore.com\/#\/schema\/logo\/image\/","url":"https:\/\/unrostore.com\/wp-content\/uploads\/2022\/05\/Logo-UNRO.png","contentUrl":"https:\/\/unrostore.com\/wp-content\/uploads\/2022\/05\/Logo-UNRO.png","width":605,"height":179,"caption":"UNRO"},"image":{"@id":"https:\/\/unrostore.com\/#\/schema\/logo\/image\/"}}]}},"_links":{"self":[{"href":"https:\/\/unrostore.com\/de-de\/wp-json\/wp\/v2\/product\/4217","targetHints":{"allow":["GET"]}}],"collection":[{"href":"https:\/\/unrostore.com\/de-de\/wp-json\/wp\/v2\/product"}],"about":[{"href":"https:\/\/unrostore.com\/de-de\/wp-json\/wp\/v2\/types\/product"}],"wp:featuredmedia":[{"embeddable":true,"href":"https:\/\/unrostore.com\/de-de\/wp-json\/wp\/v2\/media\/6750"}],"wp:attachment":[{"href":"https:\/\/unrostore.com\/de-de\/wp-json\/wp\/v2\/media?parent=4217"}],"wp:term":[{"taxonomy":"product_brand","embeddable":true,"href":"https:\/\/unrostore.com\/de-de\/wp-json\/wp\/v2\/product_brand?post=4217"},{"taxonomy":"product_cat","embeddable":true,"href":"https:\/\/unrostore.com\/de-de\/wp-json\/wp\/v2\/product_cat?post=4217"},{"taxonomy":"product_tag","embeddable":true,"href":"https:\/\/unrostore.com\/de-de\/wp-json\/wp\/v2\/product_tag?post=4217"}],"curies":[{"name":"wp","href":"https:\/\/api.w.org\/{rel}","templated":true}]}}