{"id":4209,"date":"2023-05-18T13:43:47","date_gmt":"2023-05-18T13:43:47","guid":{"rendered":"https:\/\/unrostore.com\/?post_type=product&#038;p=4209"},"modified":"2026-01-19T20:37:49","modified_gmt":"2026-01-19T20:37:49","slug":"schwarzes-geschirr-set-pasta-teller-schwarzer-stein","status":"publish","type":"product","link":"https:\/\/unrostore.com\/de-de\/shop\/terrafina\/schwarzes-geschirr-schwarzer-stein-2\/schwarzes-geschirr-set-pasta-teller-schwarzer-stein\/","title":{"rendered":"Schwarzes Nudelteller-Set Black Stone - 4 Personen"},"content":{"rendered":"<h3>Stilvolles schwarzes Geschirrset mit Pastatellern Black Stone f\u00fcr 4 Personen (12-teiliges Geschirrset)<\/h3>\n<p>Die exklusive<strong> Schwarzes Geschirrset mit Pastatellern Black Stone<\/strong> von portugiesische Marke <a href=\"https:\/\/www.terrafinastore.com\/en\/collections\/amazonia\">Terrafina<\/a> ist perfekt f\u00fcr alle Pasta-Liebhaber unter uns. Dieses 12-teilige Geschirrset schwarz mit Pastatellern ist f\u00fcr 4 Personen geeignet. Die tiefen Pastateller sind auch ideal, um sie als Suppenteller oder Akaziensch\u00fcssel zu verwenden. Sehen Sie sich auch die <a href=\"https:\/\/unrostore.com\/de-de\/shop\/terrafina\/schwarzes-geschirr-schwarzer-stein-2\/black-stone-serviesset-kommen\/\">Black Stone Geschirr Set mit Schalen<\/a> wenn Sie kleinere Schalen bevorzugen und die <a href=\"https:\/\/unrostore.com\/de-de\/shop\/terrafina\/schwarzes-geschirr-schwarzer-stein-2\/black-stone-espresso-bekers-6-delig\/\">Espressotassen - 6-teilig<\/a> um Ihr(e) Geschirrset(s) zu erg\u00e4nzen. Vervollst\u00e4ndigen Sie Ihr schickes, stilvolles Interieur mit einem sch\u00f6n gedeckten Tisch mit schwarzem Geschirr, das perfekt zu den schwarzen Akzenten in Ihrer Wohnung passt!<\/p>\n<h3>Dies ist die Nummer, die Sie zugestellt bekommen<\/h3>\n<ul>\n<li>4x Black Stone Nudelteller \u00f8 23 cm<\/li>\n<li>4x Black Stone Fr\u00fchst\u00fccksteller \u00f8 21 cm<\/li>\n<li>4x Black Stone Essteller \u00f8 29,5 cm<\/li>\n<li>3x Terrafina Geschenkbox<\/li>\n<\/ul>\n<p>&nbsp;<\/p>\n<p><em><strong>Nachhaltig f\u00fcr Mensch und Umwelt:<\/strong><br \/>\nJedes Produkt ist ein Unikat, denn es wird in Handarbeit hergestellt.<br \/>\nDruck und Textur k\u00f6nnen daher leicht vom Produktfoto abweichen.<\/em><\/p>","protected":false},"excerpt":{"rendered":"<div class=\"usps\"><i class=\"far fa-check-circle\"><\/i> Mikrowellenfest<br \/>\n<i class=\"far fa-check-circle\"><\/i> Backofenfest (bis zu 200 Grad)<br \/>\n<i class=\"far fa-check-circle\"><\/i> Sp\u00fclmaschinenfest<br \/>\n<i class=\"far fa-thumbs-up\"><\/i> Handgefertigt<\/div>","protected":false},"featured_media":6752,"template":"","meta":[],"product_brand":[],"product_cat":[728,122,119,384],"product_tag":[381,380,129,284,583,581,131,291,289,404,582,579,123,383,385,667],"class_list":{"0":"post-4209","1":"product","2":"type-product","3":"status-publish","4":"has-post-thumbnail","6":"product_cat-12-delig-servies-pasta","7":"product_cat-serviesset","8":"product_cat-terrafina","9":"product_cat-zwart-servies-black-stone","10":"product_tag-black","11":"product_tag-black-stone","12":"product_tag-borden","13":"product_tag-dinerborden","14":"product_tag-gebaks-bordjes","15":"product_tag-gebaksbordjes","16":"product_tag-kommen","17":"product_tag-kommetjes","18":"product_tag-ontbijtborden","19":"product_tag-pastaborden","20":"product_tag-soep-borden","21":"product_tag-taart-bordjes","22":"product_tag-terrafina","23":"product_tag-zwart","24":"product_tag-zwart-servies","25":"product_tag-zwart-serviesset","26":"product_shipping_class-pakket","28":"first","29":"outofstock","30":"sale","31":"taxable","32":"shipping-taxable","33":"purchasable","34":"product-type-simple"},"yoast_head":"<!-- This site is optimized with the Yoast SEO plugin v27.4 - https:\/\/yoast.com\/product\/yoast-seo-wordpress\/ -->\n<title>Zwarte Serviesset Pastaborden Black Stone - 4-personen &#8226; UNRO<\/title>\n<meta name=\"description\" content=\"Ontdek nu de gloednieuwe zwarte serviesset met Pastaborden Black Stone van keramiek van Portugees merk Terrafina. Speciaal bij UNRO verkrijgbaar!\" \/>\n<meta name=\"robots\" content=\"index, follow, max-snippet:-1, max-image-preview:large, max-video-preview:-1\" \/>\n<link rel=\"canonical\" href=\"https:\/\/unrostore.com\/de-de\/shop\/terrafina\/schwarzes-geschirr-schwarzer-stein-2\/schwarzes-geschirr-set-pasta-teller-schwarzer-stein\/\" \/>\n<meta property=\"og:locale\" content=\"de_DE\" \/>\n<meta property=\"og:type\" content=\"article\" \/>\n<meta property=\"og:title\" content=\"Zwarte Serviesset Pastaborden Black Stone - 4-personen &#8226; UNRO\" \/>\n<meta property=\"og:description\" content=\"Ontdek nu de gloednieuwe zwarte serviesset met Pastaborden Black Stone van keramiek van Portugees merk Terrafina. Speciaal bij UNRO verkrijgbaar!\" \/>\n<meta property=\"og:url\" content=\"https:\/\/unrostore.com\/de-de\/shop\/terrafina\/schwarzes-geschirr-schwarzer-stein-2\/schwarzes-geschirr-set-pasta-teller-schwarzer-stein\/\" \/>\n<meta property=\"og:site_name\" content=\"UNRO\" \/>\n<meta property=\"article:modified_time\" content=\"2026-01-19T20:37:49+00:00\" \/>\n<meta property=\"og:image\" content=\"https:\/\/unrostore.com\/wp-content\/uploads\/2023\/05\/unro-zwarte-serviesset-pastaborden.webp\" \/>\n\t<meta property=\"og:image:width\" content=\"1000\" \/>\n\t<meta property=\"og:image:height\" content=\"1000\" \/>\n\t<meta property=\"og:image:type\" content=\"image\/webp\" \/>\n<meta name=\"twitter:card\" content=\"summary_large_image\" \/>\n<script type=\"application\/ld+json\" class=\"yoast-schema-graph\">{\"@context\":\"https:\\\/\\\/schema.org\",\"@graph\":[{\"@type\":\"WebPage\",\"@id\":\"https:\\\/\\\/unrostore.com\\\/shop\\\/terrafina\\\/zwart-servies-black-stone\\\/zwarte-serviesset-pastaborden-black-stone\\\/\",\"url\":\"https:\\\/\\\/unrostore.com\\\/shop\\\/terrafina\\\/zwart-servies-black-stone\\\/zwarte-serviesset-pastaborden-black-stone\\\/\",\"name\":\"Zwarte Serviesset Pastaborden Black Stone - 4-personen &#8226; UNRO\",\"isPartOf\":{\"@id\":\"https:\\\/\\\/unrostore.com\\\/#website\"},\"primaryImageOfPage\":{\"@id\":\"https:\\\/\\\/unrostore.com\\\/shop\\\/terrafina\\\/zwart-servies-black-stone\\\/zwarte-serviesset-pastaborden-black-stone\\\/#primaryimage\"},\"image\":{\"@id\":\"https:\\\/\\\/unrostore.com\\\/shop\\\/terrafina\\\/zwart-servies-black-stone\\\/zwarte-serviesset-pastaborden-black-stone\\\/#primaryimage\"},\"thumbnailUrl\":\"https:\\\/\\\/unrostore.com\\\/wp-content\\\/uploads\\\/2023\\\/05\\\/unro-zwarte-serviesset-pastaborden.webp\",\"datePublished\":\"2023-05-18T13:43:47+00:00\",\"dateModified\":\"2026-01-19T20:37:49+00:00\",\"description\":\"Ontdek nu de gloednieuwe zwarte serviesset met Pastaborden Black Stone van keramiek van Portugees merk Terrafina. Speciaal bij UNRO verkrijgbaar!\",\"breadcrumb\":{\"@id\":\"https:\\\/\\\/unrostore.com\\\/shop\\\/terrafina\\\/zwart-servies-black-stone\\\/zwarte-serviesset-pastaborden-black-stone\\\/#breadcrumb\"},\"inLanguage\":\"de\",\"potentialAction\":[{\"@type\":\"ReadAction\",\"target\":[\"https:\\\/\\\/unrostore.com\\\/shop\\\/terrafina\\\/zwart-servies-black-stone\\\/zwarte-serviesset-pastaborden-black-stone\\\/\"]}]},{\"@type\":\"ImageObject\",\"inLanguage\":\"de\",\"@id\":\"https:\\\/\\\/unrostore.com\\\/shop\\\/terrafina\\\/zwart-servies-black-stone\\\/zwarte-serviesset-pastaborden-black-stone\\\/#primaryimage\",\"url\":\"https:\\\/\\\/unrostore.com\\\/wp-content\\\/uploads\\\/2023\\\/05\\\/unro-zwarte-serviesset-pastaborden.webp\",\"contentUrl\":\"https:\\\/\\\/unrostore.com\\\/wp-content\\\/uploads\\\/2023\\\/05\\\/unro-zwarte-serviesset-pastaborden.webp\",\"width\":1000,\"height\":1000,\"caption\":\"zwarte serviesset pastaborden\"},{\"@type\":\"BreadcrumbList\",\"@id\":\"https:\\\/\\\/unrostore.com\\\/shop\\\/terrafina\\\/zwart-servies-black-stone\\\/zwarte-serviesset-pastaborden-black-stone\\\/#breadcrumb\",\"itemListElement\":[{\"@type\":\"ListItem\",\"position\":1,\"name\":\"Home\",\"item\":\"https:\\\/\\\/unrostore.com\\\/\"},{\"@type\":\"ListItem\",\"position\":2,\"name\":\"Shop\",\"item\":\"https:\\\/\\\/unrostore.com\\\/shop\\\/\"},{\"@type\":\"ListItem\",\"position\":3,\"name\":\"Zwarte Serviesset Pastaborden Black Stone &#8211; 4-personen\"}]},{\"@type\":\"WebSite\",\"@id\":\"https:\\\/\\\/unrostore.com\\\/#website\",\"url\":\"https:\\\/\\\/unrostore.com\\\/\",\"name\":\"UNRO\",\"description\":\"Portugees servies waar je blij van wordt!\",\"publisher\":{\"@id\":\"https:\\\/\\\/unrostore.com\\\/#organization\"},\"potentialAction\":[{\"@type\":\"SearchAction\",\"target\":{\"@type\":\"EntryPoint\",\"urlTemplate\":\"https:\\\/\\\/unrostore.com\\\/?s={search_term_string}\"},\"query-input\":{\"@type\":\"PropertyValueSpecification\",\"valueRequired\":true,\"valueName\":\"search_term_string\"}}],\"inLanguage\":\"de\"},{\"@type\":\"Organization\",\"@id\":\"https:\\\/\\\/unrostore.com\\\/#organization\",\"name\":\"UNRO\",\"url\":\"https:\\\/\\\/unrostore.com\\\/\",\"logo\":{\"@type\":\"ImageObject\",\"inLanguage\":\"de\",\"@id\":\"https:\\\/\\\/unrostore.com\\\/#\\\/schema\\\/logo\\\/image\\\/\",\"url\":\"https:\\\/\\\/unrostore.com\\\/wp-content\\\/uploads\\\/2022\\\/05\\\/Logo-UNRO.png\",\"contentUrl\":\"https:\\\/\\\/unrostore.com\\\/wp-content\\\/uploads\\\/2022\\\/05\\\/Logo-UNRO.png\",\"width\":605,\"height\":179,\"caption\":\"UNRO\"},\"image\":{\"@id\":\"https:\\\/\\\/unrostore.com\\\/#\\\/schema\\\/logo\\\/image\\\/\"}}]}<\/script>\n<!-- \/ Yoast SEO plugin. -->","yoast_head_json":{"title":"Schwarzes Pastateller-Set Black Stone - 4-Personen - UNRO","description":"Entdecken Sie jetzt das brandneue schwarze Geschirrset mit Pastatellern Black Stone aus Keramik der portugiesischen Marke Terrafina. Speziell bei UNRO erh\u00e4ltlich!","robots":{"index":"index","follow":"follow","max-snippet":"max-snippet:-1","max-image-preview":"max-image-preview:large","max-video-preview":"max-video-preview:-1"},"canonical":"https:\/\/unrostore.com\/de-de\/shop\/terrafina\/schwarzes-geschirr-schwarzer-stein-2\/schwarzes-geschirr-set-pasta-teller-schwarzer-stein\/","og_locale":"de_DE","og_type":"article","og_title":"Zwarte Serviesset Pastaborden Black Stone - 4-personen &#8226; UNRO","og_description":"Ontdek nu de gloednieuwe zwarte serviesset met Pastaborden Black Stone van keramiek van Portugees merk Terrafina. Speciaal bij UNRO verkrijgbaar!","og_url":"https:\/\/unrostore.com\/de-de\/shop\/terrafina\/schwarzes-geschirr-schwarzer-stein-2\/schwarzes-geschirr-set-pasta-teller-schwarzer-stein\/","og_site_name":"UNRO","article_modified_time":"2026-01-19T20:37:49+00:00","og_image":[{"width":1000,"height":1000,"url":"https:\/\/unrostore.com\/wp-content\/uploads\/2023\/05\/unro-zwarte-serviesset-pastaborden.webp","type":"image\/webp"}],"twitter_card":"summary_large_image","schema":{"@context":"https:\/\/schema.org","@graph":[{"@type":"WebPage","@id":"https:\/\/unrostore.com\/shop\/terrafina\/zwart-servies-black-stone\/zwarte-serviesset-pastaborden-black-stone\/","url":"https:\/\/unrostore.com\/shop\/terrafina\/zwart-servies-black-stone\/zwarte-serviesset-pastaborden-black-stone\/","name":"Schwarzes Pastateller-Set Black Stone - 4-Personen - UNRO","isPartOf":{"@id":"https:\/\/unrostore.com\/#website"},"primaryImageOfPage":{"@id":"https:\/\/unrostore.com\/shop\/terrafina\/zwart-servies-black-stone\/zwarte-serviesset-pastaborden-black-stone\/#primaryimage"},"image":{"@id":"https:\/\/unrostore.com\/shop\/terrafina\/zwart-servies-black-stone\/zwarte-serviesset-pastaborden-black-stone\/#primaryimage"},"thumbnailUrl":"https:\/\/unrostore.com\/wp-content\/uploads\/2023\/05\/unro-zwarte-serviesset-pastaborden.webp","datePublished":"2023-05-18T13:43:47+00:00","dateModified":"2026-01-19T20:37:49+00:00","description":"Entdecken Sie jetzt das brandneue schwarze Geschirrset mit Pastatellern Black Stone aus Keramik der portugiesischen Marke Terrafina. Speziell bei UNRO erh\u00e4ltlich!","breadcrumb":{"@id":"https:\/\/unrostore.com\/shop\/terrafina\/zwart-servies-black-stone\/zwarte-serviesset-pastaborden-black-stone\/#breadcrumb"},"inLanguage":"de","potentialAction":[{"@type":"ReadAction","target":["https:\/\/unrostore.com\/shop\/terrafina\/zwart-servies-black-stone\/zwarte-serviesset-pastaborden-black-stone\/"]}]},{"@type":"ImageObject","inLanguage":"de","@id":"https:\/\/unrostore.com\/shop\/terrafina\/zwart-servies-black-stone\/zwarte-serviesset-pastaborden-black-stone\/#primaryimage","url":"https:\/\/unrostore.com\/wp-content\/uploads\/2023\/05\/unro-zwarte-serviesset-pastaborden.webp","contentUrl":"https:\/\/unrostore.com\/wp-content\/uploads\/2023\/05\/unro-zwarte-serviesset-pastaborden.webp","width":1000,"height":1000,"caption":"zwarte serviesset pastaborden"},{"@type":"BreadcrumbList","@id":"https:\/\/unrostore.com\/shop\/terrafina\/zwart-servies-black-stone\/zwarte-serviesset-pastaborden-black-stone\/#breadcrumb","itemListElement":[{"@type":"ListItem","position":1,"name":"Home","item":"https:\/\/unrostore.com\/"},{"@type":"ListItem","position":2,"name":"Shop","item":"https:\/\/unrostore.com\/shop\/"},{"@type":"ListItem","position":3,"name":"Zwarte Serviesset Pastaborden Black Stone &#8211; 4-personen"}]},{"@type":"WebSite","@id":"https:\/\/unrostore.com\/#website","url":"https:\/\/unrostore.com\/","name":"UNRO","description":"Portugiesisches Geschirr, das Sie gl\u00fccklich machen wird!","publisher":{"@id":"https:\/\/unrostore.com\/#organization"},"potentialAction":[{"@type":"SearchAction","target":{"@type":"EntryPoint","urlTemplate":"https:\/\/unrostore.com\/?s={search_term_string}"},"query-input":{"@type":"PropertyValueSpecification","valueRequired":true,"valueName":"search_term_string"}}],"inLanguage":"de"},{"@type":"Organization","@id":"https:\/\/unrostore.com\/#organization","name":"UNRO","url":"https:\/\/unrostore.com\/","logo":{"@type":"ImageObject","inLanguage":"de","@id":"https:\/\/unrostore.com\/#\/schema\/logo\/image\/","url":"https:\/\/unrostore.com\/wp-content\/uploads\/2022\/05\/Logo-UNRO.png","contentUrl":"https:\/\/unrostore.com\/wp-content\/uploads\/2022\/05\/Logo-UNRO.png","width":605,"height":179,"caption":"UNRO"},"image":{"@id":"https:\/\/unrostore.com\/#\/schema\/logo\/image\/"}}]}},"_links":{"self":[{"href":"https:\/\/unrostore.com\/de-de\/wp-json\/wp\/v2\/product\/4209","targetHints":{"allow":["GET"]}}],"collection":[{"href":"https:\/\/unrostore.com\/de-de\/wp-json\/wp\/v2\/product"}],"about":[{"href":"https:\/\/unrostore.com\/de-de\/wp-json\/wp\/v2\/types\/product"}],"wp:featuredmedia":[{"embeddable":true,"href":"https:\/\/unrostore.com\/de-de\/wp-json\/wp\/v2\/media\/6752"}],"wp:attachment":[{"href":"https:\/\/unrostore.com\/de-de\/wp-json\/wp\/v2\/media?parent=4209"}],"wp:term":[{"taxonomy":"product_brand","embeddable":true,"href":"https:\/\/unrostore.com\/de-de\/wp-json\/wp\/v2\/product_brand?post=4209"},{"taxonomy":"product_cat","embeddable":true,"href":"https:\/\/unrostore.com\/de-de\/wp-json\/wp\/v2\/product_cat?post=4209"},{"taxonomy":"product_tag","embeddable":true,"href":"https:\/\/unrostore.com\/de-de\/wp-json\/wp\/v2\/product_tag?post=4209"}],"curies":[{"name":"wp","href":"https:\/\/api.w.org\/{rel}","templated":true}]}}