{"id":4201,"date":"2023-05-18T13:13:35","date_gmt":"2023-05-18T13:13:35","guid":{"rendered":"https:\/\/unrostore.com\/?post_type=product&#038;p=4201"},"modified":"2026-01-19T20:37:49","modified_gmt":"2026-01-19T20:37:49","slug":"schwarzes-geschirrset-schalen-schwarzer-stein","status":"publish","type":"product","link":"https:\/\/unrostore.com\/de-de\/shop\/terrafina\/schwarzes-geschirr-schwarzer-stein-2\/schwarzes-geschirrset-schalen-schwarzer-stein\/","title":{"rendered":"Schwarzes Geschirrset Schalen Black Stone"},"content":{"rendered":"<h3>Intensiv schwarz ist das Schwarze Geschirrset mit Schalen Black Stone f\u00fcr 4 Personen (12-teilig)<\/h3>\n<p>Die exklusive<strong> Schwarzes Geschirrset mit Sch\u00fcsseln<\/strong> <strong>Black Stone <\/strong>von portugiesische Marke <a href=\"https:\/\/www.terrafinastore.com\/en\/collections\/amazonia\">Terrafina<\/a> wird in liebevoller Handarbeit aus hochwertiger Keramik in Portugal hergestellt. Dieses 12-teilige Geschirrset ist f\u00fcr 4 Personen geeignet. So schaffen Sie mit dem luxuri\u00f6sen schwarzen Geschirr eine Einheit am Tisch und sind immer auf G\u00e4ste f\u00fcr die spontanen gem\u00fctlichen Momente vorbereitet. Dieses Geschirrset ist ideal f\u00fcr ein 3-G\u00e4nge-Men\u00fc, aber auch f\u00fcr Ihr Fr\u00fchst\u00fcck, Mittagessen, Brunch, Getr\u00e4nke oder Abendessen. Holen Sie sich den Boutique-Chic nach Hause mit dem handgefertigten Black Stone Keramikgeschirr. Sind Sie ein Pasta-Liebhaber? Dann ist das Black Stone Geschirrset Pastateller vielleicht die bessere Wahl f\u00fcr Sie. Sehen Sie sich auch die passenden Artikel aus der <a href=\"https:\/\/unrostore.com\/de-de\/produktkategorie\/terrafina\/schwarzes-geschirr-schwarzer-stein-2\/\">Kollektion Black Stone<\/a>.<\/p>\n<h3>Dies ist die Nummer, die Sie zugestellt bekommen<\/h3>\n<ul>\n<li>4x Black Stone Schalen \u00f8 15 cm<\/li>\n<li>4x Black Stone Fr\u00fchst\u00fccksteller \u00f8 21 cm<\/li>\n<li>4x Black Stone Essteller \u00f8 29,5 cm<\/li>\n<li>4x Terrafina Geschenkbox<\/li>\n<\/ul>\n<p>&nbsp;<\/p>\n<p><em><strong>Nachhaltig f\u00fcr Mensch und Umwelt:<\/strong><br \/>\nJedes Produkt ist ein Unikat, denn es wird in Handarbeit hergestellt.<br \/>\nDruck und Textur k\u00f6nnen daher leicht vom Produktfoto abweichen.<\/em><\/p>","protected":false},"excerpt":{"rendered":"<div class=\"usps\"><i class=\"far fa-check-circle\"><\/i> Mikrowellenfest<br \/>\n<i class=\"far fa-check-circle\"><\/i> Backofenfest (bis zu 200 Grad)<br \/>\n<i class=\"far fa-check-circle\"><\/i> Sp\u00fclmaschinenfest<br \/>\n<i class=\"far fa-thumbs-up\"><\/i> Handgefertigt<\/div>","protected":false},"featured_media":6753,"template":"","meta":[],"product_brand":[],"product_cat":[729,122,119,384],"product_tag":[668,381,380,129,284,581,131,291,289,125,337,123,383,385,667],"class_list":{"0":"post-4201","1":"product","2":"type-product","3":"status-publish","4":"has-post-thumbnail","6":"product_cat-12-delig-servies-schaaltjes","7":"product_cat-serviesset","8":"product_cat-terrafina","9":"product_cat-zwart-servies-black-stone","10":"product_tag-12-delig-servies","11":"product_tag-black","12":"product_tag-black-stone","13":"product_tag-borden","14":"product_tag-dinerborden","15":"product_tag-gebaksbordjes","16":"product_tag-kommen","17":"product_tag-kommetjes","18":"product_tag-ontbijtborden","19":"product_tag-serviesset","20":"product_tag-serviesset-4-personen","21":"product_tag-terrafina","22":"product_tag-zwart","23":"product_tag-zwart-servies","24":"product_tag-zwart-serviesset","25":"product_shipping_class-pakket","27":"first","28":"outofstock","29":"sale","30":"taxable","31":"shipping-taxable","32":"purchasable","33":"product-type-simple"},"yoast_head":"<!-- This site is optimized with the Yoast SEO plugin v27.4 - https:\/\/yoast.com\/product\/yoast-seo-wordpress\/ -->\n<title>Zwarte Serviesset Kommen Black Stone &#8226; UNRO<\/title>\n<meta name=\"description\" content=\"Ontdek nu de gloednieuwe Black Stone Zwarte Serviesset met Kommen van keramiek van Portugees merk Terrafina. Vanaf nu bij UNRO verkrijgbaar!\" \/>\n<meta name=\"robots\" content=\"index, follow, max-snippet:-1, max-image-preview:large, max-video-preview:-1\" \/>\n<link rel=\"canonical\" href=\"https:\/\/unrostore.com\/de-de\/shop\/terrafina\/schwarzes-geschirr-schwarzer-stein-2\/schwarzes-geschirrset-schalen-schwarzer-stein\/\" \/>\n<meta property=\"og:locale\" content=\"de_DE\" \/>\n<meta property=\"og:type\" content=\"article\" \/>\n<meta property=\"og:title\" content=\"Zwarte Serviesset Kommen Black Stone &#8226; UNRO\" \/>\n<meta property=\"og:description\" content=\"Ontdek nu de gloednieuwe Black Stone Zwarte Serviesset met Kommen van keramiek van Portugees merk Terrafina. Vanaf nu bij UNRO verkrijgbaar!\" \/>\n<meta property=\"og:url\" content=\"https:\/\/unrostore.com\/de-de\/shop\/terrafina\/schwarzes-geschirr-schwarzer-stein-2\/schwarzes-geschirrset-schalen-schwarzer-stein\/\" \/>\n<meta property=\"og:site_name\" content=\"UNRO\" \/>\n<meta property=\"article:modified_time\" content=\"2026-01-19T20:37:49+00:00\" \/>\n<meta property=\"og:image\" content=\"https:\/\/unrostore.com\/wp-content\/uploads\/2023\/05\/unro-zwarte-serviesset-kommen-1.webp\" \/>\n\t<meta property=\"og:image:width\" content=\"1000\" \/>\n\t<meta property=\"og:image:height\" content=\"1000\" \/>\n\t<meta property=\"og:image:type\" content=\"image\/webp\" \/>\n<meta name=\"twitter:card\" content=\"summary_large_image\" \/>\n<script type=\"application\/ld+json\" class=\"yoast-schema-graph\">{\"@context\":\"https:\\\/\\\/schema.org\",\"@graph\":[{\"@type\":\"WebPage\",\"@id\":\"https:\\\/\\\/unrostore.com\\\/shop\\\/terrafina\\\/zwart-servies-black-stone\\\/zwarte-serviesset-kommen-black-stone\\\/\",\"url\":\"https:\\\/\\\/unrostore.com\\\/shop\\\/terrafina\\\/zwart-servies-black-stone\\\/zwarte-serviesset-kommen-black-stone\\\/\",\"name\":\"Zwarte Serviesset Kommen Black Stone &#8226; UNRO\",\"isPartOf\":{\"@id\":\"https:\\\/\\\/unrostore.com\\\/#website\"},\"primaryImageOfPage\":{\"@id\":\"https:\\\/\\\/unrostore.com\\\/shop\\\/terrafina\\\/zwart-servies-black-stone\\\/zwarte-serviesset-kommen-black-stone\\\/#primaryimage\"},\"image\":{\"@id\":\"https:\\\/\\\/unrostore.com\\\/shop\\\/terrafina\\\/zwart-servies-black-stone\\\/zwarte-serviesset-kommen-black-stone\\\/#primaryimage\"},\"thumbnailUrl\":\"https:\\\/\\\/unrostore.com\\\/wp-content\\\/uploads\\\/2023\\\/05\\\/unro-zwarte-serviesset-kommen-1.webp\",\"datePublished\":\"2023-05-18T13:13:35+00:00\",\"dateModified\":\"2026-01-19T20:37:49+00:00\",\"description\":\"Ontdek nu de gloednieuwe Black Stone Zwarte Serviesset met Kommen van keramiek van Portugees merk Terrafina. Vanaf nu bij UNRO verkrijgbaar!\",\"breadcrumb\":{\"@id\":\"https:\\\/\\\/unrostore.com\\\/shop\\\/terrafina\\\/zwart-servies-black-stone\\\/zwarte-serviesset-kommen-black-stone\\\/#breadcrumb\"},\"inLanguage\":\"de\",\"potentialAction\":[{\"@type\":\"ReadAction\",\"target\":[\"https:\\\/\\\/unrostore.com\\\/shop\\\/terrafina\\\/zwart-servies-black-stone\\\/zwarte-serviesset-kommen-black-stone\\\/\"]}]},{\"@type\":\"ImageObject\",\"inLanguage\":\"de\",\"@id\":\"https:\\\/\\\/unrostore.com\\\/shop\\\/terrafina\\\/zwart-servies-black-stone\\\/zwarte-serviesset-kommen-black-stone\\\/#primaryimage\",\"url\":\"https:\\\/\\\/unrostore.com\\\/wp-content\\\/uploads\\\/2023\\\/05\\\/unro-zwarte-serviesset-kommen-1.webp\",\"contentUrl\":\"https:\\\/\\\/unrostore.com\\\/wp-content\\\/uploads\\\/2023\\\/05\\\/unro-zwarte-serviesset-kommen-1.webp\",\"width\":1000,\"height\":1000,\"caption\":\"zwarte serviesset kommen\"},{\"@type\":\"BreadcrumbList\",\"@id\":\"https:\\\/\\\/unrostore.com\\\/shop\\\/terrafina\\\/zwart-servies-black-stone\\\/zwarte-serviesset-kommen-black-stone\\\/#breadcrumb\",\"itemListElement\":[{\"@type\":\"ListItem\",\"position\":1,\"name\":\"Home\",\"item\":\"https:\\\/\\\/unrostore.com\\\/\"},{\"@type\":\"ListItem\",\"position\":2,\"name\":\"Shop\",\"item\":\"https:\\\/\\\/unrostore.com\\\/shop\\\/\"},{\"@type\":\"ListItem\",\"position\":3,\"name\":\"Zwarte Serviesset Kommen Black Stone\"}]},{\"@type\":\"WebSite\",\"@id\":\"https:\\\/\\\/unrostore.com\\\/#website\",\"url\":\"https:\\\/\\\/unrostore.com\\\/\",\"name\":\"UNRO\",\"description\":\"Portugees servies waar je blij van wordt!\",\"publisher\":{\"@id\":\"https:\\\/\\\/unrostore.com\\\/#organization\"},\"potentialAction\":[{\"@type\":\"SearchAction\",\"target\":{\"@type\":\"EntryPoint\",\"urlTemplate\":\"https:\\\/\\\/unrostore.com\\\/?s={search_term_string}\"},\"query-input\":{\"@type\":\"PropertyValueSpecification\",\"valueRequired\":true,\"valueName\":\"search_term_string\"}}],\"inLanguage\":\"de\"},{\"@type\":\"Organization\",\"@id\":\"https:\\\/\\\/unrostore.com\\\/#organization\",\"name\":\"UNRO\",\"url\":\"https:\\\/\\\/unrostore.com\\\/\",\"logo\":{\"@type\":\"ImageObject\",\"inLanguage\":\"de\",\"@id\":\"https:\\\/\\\/unrostore.com\\\/#\\\/schema\\\/logo\\\/image\\\/\",\"url\":\"https:\\\/\\\/unrostore.com\\\/wp-content\\\/uploads\\\/2022\\\/05\\\/Logo-UNRO.png\",\"contentUrl\":\"https:\\\/\\\/unrostore.com\\\/wp-content\\\/uploads\\\/2022\\\/05\\\/Logo-UNRO.png\",\"width\":605,\"height\":179,\"caption\":\"UNRO\"},\"image\":{\"@id\":\"https:\\\/\\\/unrostore.com\\\/#\\\/schema\\\/logo\\\/image\\\/\"}}]}<\/script>\n<!-- \/ Yoast SEO plugin. -->","yoast_head_json":{"title":"Schwarzes Geschirrset Schalen Schwarzer Stein - UNRO","description":"Entdecken Sie jetzt das brandneue Black Stone Black Geschirrset mit Schalen aus Keramik der portugiesischen Marke Terrafina. Ab sofort bei UNRO erh\u00e4ltlich!","robots":{"index":"index","follow":"follow","max-snippet":"max-snippet:-1","max-image-preview":"max-image-preview:large","max-video-preview":"max-video-preview:-1"},"canonical":"https:\/\/unrostore.com\/de-de\/shop\/terrafina\/schwarzes-geschirr-schwarzer-stein-2\/schwarzes-geschirrset-schalen-schwarzer-stein\/","og_locale":"de_DE","og_type":"article","og_title":"Zwarte Serviesset Kommen Black Stone &#8226; UNRO","og_description":"Ontdek nu de gloednieuwe Black Stone Zwarte Serviesset met Kommen van keramiek van Portugees merk Terrafina. Vanaf nu bij UNRO verkrijgbaar!","og_url":"https:\/\/unrostore.com\/de-de\/shop\/terrafina\/schwarzes-geschirr-schwarzer-stein-2\/schwarzes-geschirrset-schalen-schwarzer-stein\/","og_site_name":"UNRO","article_modified_time":"2026-01-19T20:37:49+00:00","og_image":[{"width":1000,"height":1000,"url":"https:\/\/unrostore.com\/wp-content\/uploads\/2023\/05\/unro-zwarte-serviesset-kommen-1.webp","type":"image\/webp"}],"twitter_card":"summary_large_image","schema":{"@context":"https:\/\/schema.org","@graph":[{"@type":"WebPage","@id":"https:\/\/unrostore.com\/shop\/terrafina\/zwart-servies-black-stone\/zwarte-serviesset-kommen-black-stone\/","url":"https:\/\/unrostore.com\/shop\/terrafina\/zwart-servies-black-stone\/zwarte-serviesset-kommen-black-stone\/","name":"Schwarzes Geschirrset Schalen Schwarzer Stein - UNRO","isPartOf":{"@id":"https:\/\/unrostore.com\/#website"},"primaryImageOfPage":{"@id":"https:\/\/unrostore.com\/shop\/terrafina\/zwart-servies-black-stone\/zwarte-serviesset-kommen-black-stone\/#primaryimage"},"image":{"@id":"https:\/\/unrostore.com\/shop\/terrafina\/zwart-servies-black-stone\/zwarte-serviesset-kommen-black-stone\/#primaryimage"},"thumbnailUrl":"https:\/\/unrostore.com\/wp-content\/uploads\/2023\/05\/unro-zwarte-serviesset-kommen-1.webp","datePublished":"2023-05-18T13:13:35+00:00","dateModified":"2026-01-19T20:37:49+00:00","description":"Entdecken Sie jetzt das brandneue Black Stone Black Geschirrset mit Schalen aus Keramik der portugiesischen Marke Terrafina. Ab sofort bei UNRO erh\u00e4ltlich!","breadcrumb":{"@id":"https:\/\/unrostore.com\/shop\/terrafina\/zwart-servies-black-stone\/zwarte-serviesset-kommen-black-stone\/#breadcrumb"},"inLanguage":"de","potentialAction":[{"@type":"ReadAction","target":["https:\/\/unrostore.com\/shop\/terrafina\/zwart-servies-black-stone\/zwarte-serviesset-kommen-black-stone\/"]}]},{"@type":"ImageObject","inLanguage":"de","@id":"https:\/\/unrostore.com\/shop\/terrafina\/zwart-servies-black-stone\/zwarte-serviesset-kommen-black-stone\/#primaryimage","url":"https:\/\/unrostore.com\/wp-content\/uploads\/2023\/05\/unro-zwarte-serviesset-kommen-1.webp","contentUrl":"https:\/\/unrostore.com\/wp-content\/uploads\/2023\/05\/unro-zwarte-serviesset-kommen-1.webp","width":1000,"height":1000,"caption":"zwarte serviesset kommen"},{"@type":"BreadcrumbList","@id":"https:\/\/unrostore.com\/shop\/terrafina\/zwart-servies-black-stone\/zwarte-serviesset-kommen-black-stone\/#breadcrumb","itemListElement":[{"@type":"ListItem","position":1,"name":"Home","item":"https:\/\/unrostore.com\/"},{"@type":"ListItem","position":2,"name":"Shop","item":"https:\/\/unrostore.com\/shop\/"},{"@type":"ListItem","position":3,"name":"Zwarte Serviesset Kommen Black Stone"}]},{"@type":"WebSite","@id":"https:\/\/unrostore.com\/#website","url":"https:\/\/unrostore.com\/","name":"UNRO","description":"Portugiesisches Geschirr, das Sie gl\u00fccklich machen wird!","publisher":{"@id":"https:\/\/unrostore.com\/#organization"},"potentialAction":[{"@type":"SearchAction","target":{"@type":"EntryPoint","urlTemplate":"https:\/\/unrostore.com\/?s={search_term_string}"},"query-input":{"@type":"PropertyValueSpecification","valueRequired":true,"valueName":"search_term_string"}}],"inLanguage":"de"},{"@type":"Organization","@id":"https:\/\/unrostore.com\/#organization","name":"UNRO","url":"https:\/\/unrostore.com\/","logo":{"@type":"ImageObject","inLanguage":"de","@id":"https:\/\/unrostore.com\/#\/schema\/logo\/image\/","url":"https:\/\/unrostore.com\/wp-content\/uploads\/2022\/05\/Logo-UNRO.png","contentUrl":"https:\/\/unrostore.com\/wp-content\/uploads\/2022\/05\/Logo-UNRO.png","width":605,"height":179,"caption":"UNRO"},"image":{"@id":"https:\/\/unrostore.com\/#\/schema\/logo\/image\/"}}]}},"_links":{"self":[{"href":"https:\/\/unrostore.com\/de-de\/wp-json\/wp\/v2\/product\/4201","targetHints":{"allow":["GET"]}}],"collection":[{"href":"https:\/\/unrostore.com\/de-de\/wp-json\/wp\/v2\/product"}],"about":[{"href":"https:\/\/unrostore.com\/de-de\/wp-json\/wp\/v2\/types\/product"}],"wp:featuredmedia":[{"embeddable":true,"href":"https:\/\/unrostore.com\/de-de\/wp-json\/wp\/v2\/media\/6753"}],"wp:attachment":[{"href":"https:\/\/unrostore.com\/de-de\/wp-json\/wp\/v2\/media?parent=4201"}],"wp:term":[{"taxonomy":"product_brand","embeddable":true,"href":"https:\/\/unrostore.com\/de-de\/wp-json\/wp\/v2\/product_brand?post=4201"},{"taxonomy":"product_cat","embeddable":true,"href":"https:\/\/unrostore.com\/de-de\/wp-json\/wp\/v2\/product_cat?post=4201"},{"taxonomy":"product_tag","embeddable":true,"href":"https:\/\/unrostore.com\/de-de\/wp-json\/wp\/v2\/product_tag?post=4201"}],"curies":[{"name":"wp","href":"https:\/\/api.w.org\/{rel}","templated":true}]}}