{"id":2846,"date":"2023-01-16T18:15:35","date_gmt":"2023-01-16T18:15:35","guid":{"rendered":"https:\/\/unrostore.com\/?post_type=product&#038;p=2846"},"modified":"2026-01-19T20:37:52","modified_gmt":"2026-01-19T20:37:52","slug":"blaue-essteller-amazonia-blau-4-stuck","status":"publish","type":"product","link":"https:\/\/unrostore.com\/de-de\/shop\/terrafina\/amazonenblau\/blaue-essteller-amazonia-blau-4-stuck\/","title":{"rendered":"Blaue Speiseteller Amazonia Bleu - 4-teilig"},"content":{"rendered":"<h3>Tr\u00e4umen Sie sich weg mit den blauen Speisetellern Amazonia Blue - 4-tlg. von Terrafina<\/h3>\n<p>Die <strong>Amazonia Blue Essteller<\/strong> 4er-Satz aus <a href=\"https:\/\/www.terrafinastore.com\/en\/collections\/amazonia\">Terrafina<\/a> aus Portugal sind die perfekte Erg\u00e4nzung f\u00fcr Ihren gedeckten Tisch. Aus hochwertiger Keramik gefertigt, sind diese Teller langlebig, stilvoll und pflegeleicht. Die Teller sind mit einer sch\u00f6nen blauen Glasur versehen, die ihnen ein einzigartiges und elegantes Aussehen verleiht. Die Teller eignen sich sowohl f\u00fcr warme als auch f\u00fcr kalte Speisen und sind sp\u00fclmaschinenfest. Beeindrucken Sie Ihre G\u00e4ste beim Abendessen mit unseren sch\u00f6nen blauen Keramik-Tellern aus Portugal. Sehen Sie sich auch die passenden <a href=\"https:\/\/unrostore.com\/de-de\/shop\/terrafina\/amazonenblau\/amazonia-blue-ontbijtborden-4-delig\/\">Amazonia Blue Fr\u00fchst\u00fccksteller - 4-tlg.<\/a>, ob die <a href=\"https:\/\/unrostore.com\/de-de\/shop\/terrafina\/amazonenblau\/amazonia-blue-kommen-2-delig\/\">Amazonia Blue Schalen - 2-teilig<\/a> Und vervollst\u00e4ndigen Sie Ihr Set!<\/p>\n<h3>Dies ist die Anzahl der Essteller, die Sie geliefert bekommen:<\/h3>\n<ul>\n<li><strong>4x <\/strong>Amazonia Blue Essteller \u00f8 29 cm<\/li>\n<li><strong>1x<\/strong> Terrafina-Geschenkverpackungen<\/li>\n<\/ul>\n<p><em><strong><br \/>\nNachhaltig f\u00fcr Mensch und Umwelt:<\/strong><br \/>\n<\/em><em>Jedes Produkt ist ein Unikat, denn es wird in Handarbeit hergestellt.<br \/>\nDruck und Textur k\u00f6nnen daher leicht vom Produktfoto abweichen.<\/em><\/p>","protected":false},"excerpt":{"rendered":"<div class=\"usps\"><i class=\"far fa-check-circle\"><\/i> Mikrowellenfest<br \/>\n<i class=\"far fa-check-circle\"><\/i> Backofenfest (bis zu 200 Grad)<br \/>\n<i class=\"far fa-check-circle\"><\/i> Sp\u00fclmaschinenfest<br \/>\n<i class=\"far fa-thumbs-up\"><\/i> Handgefertigt<\/div>","protected":false},"featured_media":3359,"template":"","meta":[],"product_brand":[],"product_cat":[174,235,318,119],"product_tag":[147,177,685,176,129,686,233,284,237,238],"class_list":{"0":"post-2846","1":"product","2":"type-product","3":"status-publish","4":"has-post-thumbnail","6":"product_cat-amazonia-blue","7":"product_cat-borden","8":"product_cat-dinerborden","9":"product_cat-terrafina","10":"product_tag-amazonia","11":"product_tag-blauw","12":"product_tag-blauwe-dinerborden","13":"product_tag-blue","14":"product_tag-borden","15":"product_tag-borden-set","16":"product_tag-creme","17":"product_tag-dinerborden","18":"product_tag-groot-bord","19":"product_tag-grote-borden","21":"first","22":"outofstock","23":"sale","24":"taxable","25":"shipping-taxable","26":"purchasable","27":"product-type-simple"},"yoast_head":"<!-- This site is optimized with the Yoast SEO plugin v27.4 - https:\/\/yoast.com\/product\/yoast-seo-wordpress\/ -->\n<title>Blauwe Dinerborden Amazonia Blue - 4-delig &#8226; UNRO<\/title>\n<meta name=\"description\" content=\"Terrafina&#039;s Blauwe Dinerborden Amazonia Blue uit Portugal zijn gemaakt van hoogwaardige keramiek en zijn duurzaam, stijlvol en makkelijk te onderhouden!\" \/>\n<meta name=\"robots\" content=\"index, follow, max-snippet:-1, max-image-preview:large, max-video-preview:-1\" \/>\n<link rel=\"canonical\" href=\"https:\/\/unrostore.com\/de-de\/shop\/terrafina\/amazonenblau\/blaue-essteller-amazonia-blau-4-stuck\/\" \/>\n<meta property=\"og:locale\" content=\"de_DE\" \/>\n<meta property=\"og:type\" content=\"article\" \/>\n<meta property=\"og:title\" content=\"Blauwe Dinerborden Amazonia Blue - 4-delig &#8226; UNRO\" \/>\n<meta property=\"og:description\" content=\"Terrafina&#039;s Blauwe Dinerborden Amazonia Blue uit Portugal zijn gemaakt van hoogwaardige keramiek en zijn duurzaam, stijlvol en makkelijk te onderhouden!\" \/>\n<meta property=\"og:url\" content=\"https:\/\/unrostore.com\/de-de\/shop\/terrafina\/amazonenblau\/blaue-essteller-amazonia-blau-4-stuck\/\" \/>\n<meta property=\"og:site_name\" content=\"UNRO\" \/>\n<meta property=\"article:modified_time\" content=\"2026-01-19T20:37:52+00:00\" \/>\n<meta property=\"og:image\" content=\"https:\/\/unrostore.com\/wp-content\/uploads\/2023\/01\/unro-portugees-servies-amazonia-blue-dinerborden-4-delig.jpg\" \/>\n\t<meta property=\"og:image:width\" content=\"1440\" \/>\n\t<meta property=\"og:image:height\" content=\"1440\" \/>\n\t<meta property=\"og:image:type\" content=\"image\/jpeg\" \/>\n<meta name=\"twitter:card\" content=\"summary_large_image\" \/>\n<script type=\"application\/ld+json\" class=\"yoast-schema-graph\">{\"@context\":\"https:\\\/\\\/schema.org\",\"@graph\":[{\"@type\":\"WebPage\",\"@id\":\"https:\\\/\\\/unrostore.com\\\/shop\\\/terrafina\\\/amazonia-blue\\\/blauwe-dinerborden-amazonia-blue-4-delig\\\/\",\"url\":\"https:\\\/\\\/unrostore.com\\\/shop\\\/terrafina\\\/amazonia-blue\\\/blauwe-dinerborden-amazonia-blue-4-delig\\\/\",\"name\":\"Blauwe Dinerborden Amazonia Blue - 4-delig &#8226; UNRO\",\"isPartOf\":{\"@id\":\"https:\\\/\\\/unrostore.com\\\/#website\"},\"primaryImageOfPage\":{\"@id\":\"https:\\\/\\\/unrostore.com\\\/shop\\\/terrafina\\\/amazonia-blue\\\/blauwe-dinerborden-amazonia-blue-4-delig\\\/#primaryimage\"},\"image\":{\"@id\":\"https:\\\/\\\/unrostore.com\\\/shop\\\/terrafina\\\/amazonia-blue\\\/blauwe-dinerborden-amazonia-blue-4-delig\\\/#primaryimage\"},\"thumbnailUrl\":\"https:\\\/\\\/unrostore.com\\\/wp-content\\\/uploads\\\/2023\\\/01\\\/unro-portugees-servies-amazonia-blue-dinerborden-4-delig.jpg\",\"datePublished\":\"2023-01-16T18:15:35+00:00\",\"dateModified\":\"2026-01-19T20:37:52+00:00\",\"description\":\"Terrafina's Blauwe Dinerborden Amazonia Blue uit Portugal zijn gemaakt van hoogwaardige keramiek en zijn duurzaam, stijlvol en makkelijk te onderhouden!\",\"breadcrumb\":{\"@id\":\"https:\\\/\\\/unrostore.com\\\/shop\\\/terrafina\\\/amazonia-blue\\\/blauwe-dinerborden-amazonia-blue-4-delig\\\/#breadcrumb\"},\"inLanguage\":\"de\",\"potentialAction\":[{\"@type\":\"ReadAction\",\"target\":[\"https:\\\/\\\/unrostore.com\\\/shop\\\/terrafina\\\/amazonia-blue\\\/blauwe-dinerborden-amazonia-blue-4-delig\\\/\"]}]},{\"@type\":\"ImageObject\",\"inLanguage\":\"de\",\"@id\":\"https:\\\/\\\/unrostore.com\\\/shop\\\/terrafina\\\/amazonia-blue\\\/blauwe-dinerborden-amazonia-blue-4-delig\\\/#primaryimage\",\"url\":\"https:\\\/\\\/unrostore.com\\\/wp-content\\\/uploads\\\/2023\\\/01\\\/unro-portugees-servies-amazonia-blue-dinerborden-4-delig.jpg\",\"contentUrl\":\"https:\\\/\\\/unrostore.com\\\/wp-content\\\/uploads\\\/2023\\\/01\\\/unro-portugees-servies-amazonia-blue-dinerborden-4-delig.jpg\",\"width\":1440,\"height\":1440,\"caption\":\"Blauwe Dinerborden - Amazonia Blue - handgemaakt Keramiek - Blauw Portugees Servies\"},{\"@type\":\"BreadcrumbList\",\"@id\":\"https:\\\/\\\/unrostore.com\\\/shop\\\/terrafina\\\/amazonia-blue\\\/blauwe-dinerborden-amazonia-blue-4-delig\\\/#breadcrumb\",\"itemListElement\":[{\"@type\":\"ListItem\",\"position\":1,\"name\":\"Home\",\"item\":\"https:\\\/\\\/unrostore.com\\\/\"},{\"@type\":\"ListItem\",\"position\":2,\"name\":\"Shop\",\"item\":\"https:\\\/\\\/unrostore.com\\\/shop\\\/\"},{\"@type\":\"ListItem\",\"position\":3,\"name\":\"Blauwe Dinerborden Amazonia Blue &#8211; 4-delig\"}]},{\"@type\":\"WebSite\",\"@id\":\"https:\\\/\\\/unrostore.com\\\/#website\",\"url\":\"https:\\\/\\\/unrostore.com\\\/\",\"name\":\"UNRO\",\"description\":\"Portugees servies waar je blij van wordt!\",\"publisher\":{\"@id\":\"https:\\\/\\\/unrostore.com\\\/#organization\"},\"potentialAction\":[{\"@type\":\"SearchAction\",\"target\":{\"@type\":\"EntryPoint\",\"urlTemplate\":\"https:\\\/\\\/unrostore.com\\\/?s={search_term_string}\"},\"query-input\":{\"@type\":\"PropertyValueSpecification\",\"valueRequired\":true,\"valueName\":\"search_term_string\"}}],\"inLanguage\":\"de\"},{\"@type\":\"Organization\",\"@id\":\"https:\\\/\\\/unrostore.com\\\/#organization\",\"name\":\"UNRO\",\"url\":\"https:\\\/\\\/unrostore.com\\\/\",\"logo\":{\"@type\":\"ImageObject\",\"inLanguage\":\"de\",\"@id\":\"https:\\\/\\\/unrostore.com\\\/#\\\/schema\\\/logo\\\/image\\\/\",\"url\":\"https:\\\/\\\/unrostore.com\\\/wp-content\\\/uploads\\\/2022\\\/05\\\/Logo-UNRO.png\",\"contentUrl\":\"https:\\\/\\\/unrostore.com\\\/wp-content\\\/uploads\\\/2022\\\/05\\\/Logo-UNRO.png\",\"width\":605,\"height\":179,\"caption\":\"UNRO\"},\"image\":{\"@id\":\"https:\\\/\\\/unrostore.com\\\/#\\\/schema\\\/logo\\\/image\\\/\"}}]}<\/script>\n<!-- \/ Yoast SEO plugin. -->","yoast_head_json":{"title":"Blaue Essteller Amazonia Blau - 4 St\u00fcck - UNRO","description":"Die blauen Speiseteller Amazonia Blue von Terrafina aus Portugal bestehen aus hochwertiger Keramik und sind langlebig, stilvoll und pflegeleicht!","robots":{"index":"index","follow":"follow","max-snippet":"max-snippet:-1","max-image-preview":"max-image-preview:large","max-video-preview":"max-video-preview:-1"},"canonical":"https:\/\/unrostore.com\/de-de\/shop\/terrafina\/amazonenblau\/blaue-essteller-amazonia-blau-4-stuck\/","og_locale":"de_DE","og_type":"article","og_title":"Blauwe Dinerborden Amazonia Blue - 4-delig &#8226; UNRO","og_description":"Terrafina's Blauwe Dinerborden Amazonia Blue uit Portugal zijn gemaakt van hoogwaardige keramiek en zijn duurzaam, stijlvol en makkelijk te onderhouden!","og_url":"https:\/\/unrostore.com\/de-de\/shop\/terrafina\/amazonenblau\/blaue-essteller-amazonia-blau-4-stuck\/","og_site_name":"UNRO","article_modified_time":"2026-01-19T20:37:52+00:00","og_image":[{"width":1440,"height":1440,"url":"https:\/\/unrostore.com\/wp-content\/uploads\/2023\/01\/unro-portugees-servies-amazonia-blue-dinerborden-4-delig.jpg","type":"image\/jpeg"}],"twitter_card":"summary_large_image","schema":{"@context":"https:\/\/schema.org","@graph":[{"@type":"WebPage","@id":"https:\/\/unrostore.com\/shop\/terrafina\/amazonia-blue\/blauwe-dinerborden-amazonia-blue-4-delig\/","url":"https:\/\/unrostore.com\/shop\/terrafina\/amazonia-blue\/blauwe-dinerborden-amazonia-blue-4-delig\/","name":"Blaue Essteller Amazonia Blau - 4 St\u00fcck - UNRO","isPartOf":{"@id":"https:\/\/unrostore.com\/#website"},"primaryImageOfPage":{"@id":"https:\/\/unrostore.com\/shop\/terrafina\/amazonia-blue\/blauwe-dinerborden-amazonia-blue-4-delig\/#primaryimage"},"image":{"@id":"https:\/\/unrostore.com\/shop\/terrafina\/amazonia-blue\/blauwe-dinerborden-amazonia-blue-4-delig\/#primaryimage"},"thumbnailUrl":"https:\/\/unrostore.com\/wp-content\/uploads\/2023\/01\/unro-portugees-servies-amazonia-blue-dinerborden-4-delig.jpg","datePublished":"2023-01-16T18:15:35+00:00","dateModified":"2026-01-19T20:37:52+00:00","description":"Die blauen Speiseteller Amazonia Blue von Terrafina aus Portugal bestehen aus hochwertiger Keramik und sind langlebig, stilvoll und pflegeleicht!","breadcrumb":{"@id":"https:\/\/unrostore.com\/shop\/terrafina\/amazonia-blue\/blauwe-dinerborden-amazonia-blue-4-delig\/#breadcrumb"},"inLanguage":"de","potentialAction":[{"@type":"ReadAction","target":["https:\/\/unrostore.com\/shop\/terrafina\/amazonia-blue\/blauwe-dinerborden-amazonia-blue-4-delig\/"]}]},{"@type":"ImageObject","inLanguage":"de","@id":"https:\/\/unrostore.com\/shop\/terrafina\/amazonia-blue\/blauwe-dinerborden-amazonia-blue-4-delig\/#primaryimage","url":"https:\/\/unrostore.com\/wp-content\/uploads\/2023\/01\/unro-portugees-servies-amazonia-blue-dinerborden-4-delig.jpg","contentUrl":"https:\/\/unrostore.com\/wp-content\/uploads\/2023\/01\/unro-portugees-servies-amazonia-blue-dinerborden-4-delig.jpg","width":1440,"height":1440,"caption":"Blauwe Dinerborden - Amazonia Blue - handgemaakt Keramiek - Blauw Portugees Servies"},{"@type":"BreadcrumbList","@id":"https:\/\/unrostore.com\/shop\/terrafina\/amazonia-blue\/blauwe-dinerborden-amazonia-blue-4-delig\/#breadcrumb","itemListElement":[{"@type":"ListItem","position":1,"name":"Home","item":"https:\/\/unrostore.com\/"},{"@type":"ListItem","position":2,"name":"Shop","item":"https:\/\/unrostore.com\/shop\/"},{"@type":"ListItem","position":3,"name":"Blauwe Dinerborden Amazonia Blue &#8211; 4-delig"}]},{"@type":"WebSite","@id":"https:\/\/unrostore.com\/#website","url":"https:\/\/unrostore.com\/","name":"UNRO","description":"Portugiesisches Geschirr, das Sie gl\u00fccklich machen wird!","publisher":{"@id":"https:\/\/unrostore.com\/#organization"},"potentialAction":[{"@type":"SearchAction","target":{"@type":"EntryPoint","urlTemplate":"https:\/\/unrostore.com\/?s={search_term_string}"},"query-input":{"@type":"PropertyValueSpecification","valueRequired":true,"valueName":"search_term_string"}}],"inLanguage":"de"},{"@type":"Organization","@id":"https:\/\/unrostore.com\/#organization","name":"UNRO","url":"https:\/\/unrostore.com\/","logo":{"@type":"ImageObject","inLanguage":"de","@id":"https:\/\/unrostore.com\/#\/schema\/logo\/image\/","url":"https:\/\/unrostore.com\/wp-content\/uploads\/2022\/05\/Logo-UNRO.png","contentUrl":"https:\/\/unrostore.com\/wp-content\/uploads\/2022\/05\/Logo-UNRO.png","width":605,"height":179,"caption":"UNRO"},"image":{"@id":"https:\/\/unrostore.com\/#\/schema\/logo\/image\/"}}]}},"_links":{"self":[{"href":"https:\/\/unrostore.com\/de-de\/wp-json\/wp\/v2\/product\/2846","targetHints":{"allow":["GET"]}}],"collection":[{"href":"https:\/\/unrostore.com\/de-de\/wp-json\/wp\/v2\/product"}],"about":[{"href":"https:\/\/unrostore.com\/de-de\/wp-json\/wp\/v2\/types\/product"}],"wp:featuredmedia":[{"embeddable":true,"href":"https:\/\/unrostore.com\/de-de\/wp-json\/wp\/v2\/media\/3359"}],"wp:attachment":[{"href":"https:\/\/unrostore.com\/de-de\/wp-json\/wp\/v2\/media?parent=2846"}],"wp:term":[{"taxonomy":"product_brand","embeddable":true,"href":"https:\/\/unrostore.com\/de-de\/wp-json\/wp\/v2\/product_brand?post=2846"},{"taxonomy":"product_cat","embeddable":true,"href":"https:\/\/unrostore.com\/de-de\/wp-json\/wp\/v2\/product_cat?post=2846"},{"taxonomy":"product_tag","embeddable":true,"href":"https:\/\/unrostore.com\/de-de\/wp-json\/wp\/v2\/product_tag?post=2846"}],"curies":[{"name":"wp","href":"https:\/\/api.w.org\/{rel}","templated":true}]}}