{"id":2838,"date":"2023-01-16T17:26:53","date_gmt":"2023-01-16T17:26:53","guid":{"rendered":"https:\/\/unrostore.com\/?post_type=product&#038;p=2838"},"modified":"2026-01-19T20:37:53","modified_gmt":"2026-01-19T20:37:53","slug":"cremegeschirr-amazonia-creme-2-stuck","status":"publish","type":"product","link":"https:\/\/unrostore.com\/de-de\/shop\/terrafina\/amazonia-creme\/cremegeschirr-amazonia-creme-2-stuck\/","title":{"rendered":"Cremeschalen Amazonia Cream - 2-teilig"},"content":{"rendered":"<h3>Entdecken Sie die Cremeschalen Amazonia Creme - 2-teilig<\/h3>\n<p>Lassen Sie die<strong> Cremeschalen<\/strong>\u00a0<strong>Amazonia Cream <\/strong>- 2-teilig aus <a href=\"https:\/\/www.terrafinastore.com\/en\/collections\/amazonia\">Terrafina<\/a> \u00fcberraschen Sie beim Fr\u00fchst\u00fcck, Tapas-Dinner oder Mittagessen. Die Schalen sind aus hochwertiger Keramik gefertigt, wodurch sie nicht nur langlebig und stilvoll, sondern auch leicht zu pflegen sind. Die Tapas-Schalen sind handgefertigt, so dass jede Schale ein einzigartiges Muster enth\u00e4lt, das ein sch\u00f6nes Aussehen verleiht. Beginnen Sie Ihren Tag stilvoll mit den portugiesischen Amazonia Cream Schalen aus hochwertiger Keramik! Sehen Sie sich auch die passenden <a href=\"https:\/\/unrostore.com\/de-de\/shop\/terrafina\/amazonia-creme\/beige-gebaksbordjes-amazonia-cream-4-delig\/\">Amazonia Cream Tortenteller<\/a>.<\/p>\n<p>&nbsp;<\/p>\n<h3>Dies ist die Anzahl der Schalen, die Sie geliefert bekommen<\/h3>\n<ul>\n<li><strong>2x <\/strong>Amazonia Cream Schalen \u00f8 15 cm<\/li>\n<li><strong>1x<\/strong> Terrafina-Geschenkverpackungen<\/li>\n<\/ul>\n<p><em><strong><br \/>\nNachhaltig f\u00fcr Mensch und Umwelt:<\/strong><br \/>\n<\/em><em>Jedes Produkt ist ein Unikat, denn es wird in Handarbeit hergestellt.<br \/>\nDruck und Textur k\u00f6nnen daher leicht vom Produktfoto abweichen.<\/em><\/p>","protected":false},"excerpt":{"rendered":"<div class=\"usps\"><i class=\"far fa-check-circle\"><\/i> Mikrowellenfest<br \/>\n<i class=\"far fa-check-circle\"><\/i> Backofenfest (bis zu 200 Grad)<br \/>\n<i class=\"far fa-check-circle\"><\/i> Sp\u00fclmaschinenfest<br \/>\n<i class=\"far fa-thumbs-up\"><\/i> Handgefertigt<\/div>","protected":false},"featured_media":3370,"template":"","meta":[],"product_brand":[],"product_cat":[144,135],"product_tag":[147,680,676,233,682,601,137,241,242,677,681,683,679,678,603],"class_list":{"0":"post-2838","1":"product","2":"type-product","3":"status-publish","4":"has-post-thumbnail","6":"product_cat-amazonia-cream","7":"product_cat-kommen","8":"product_tag-amazonia","9":"product_tag-amuse-schaaltjes","10":"product_tag-beige-schaaltjes","11":"product_tag-creme","12":"product_tag-dessertschaaltje","13":"product_tag-hapjesschaal","14":"product_tag-kom","15":"product_tag-muesli","16":"product_tag-ontbijt","17":"product_tag-schaaltjes","18":"product_tag-sieradenschaaltje","19":"product_tag-soepkom","20":"product_tag-tapas-bakje","21":"product_tag-tapas-schaaltjes","22":"product_tag-yoghurt","24":"first","25":"outofstock","26":"sale","27":"taxable","28":"shipping-taxable","29":"purchasable","30":"product-type-simple"},"yoast_head":"<!-- This site is optimized with the Yoast SEO plugin v27.4 - https:\/\/yoast.com\/product\/yoast-seo-wordpress\/ -->\n<title>Creme Schaaltjes Amazonia Cream - 2-delig &#8226; UNRO<\/title>\n<meta name=\"description\" content=\"Start je dag in stijl met de Portugese creme Schaaltjes Amazonia Cream van keramiek. De borden zijn duurzaam, stijlvol en gemakkelijk in onderhoud!\" \/>\n<meta name=\"robots\" content=\"index, follow, max-snippet:-1, max-image-preview:large, max-video-preview:-1\" \/>\n<link rel=\"canonical\" href=\"https:\/\/unrostore.com\/de-de\/shop\/terrafina\/amazonia-creme\/cremegeschirr-amazonia-creme-2-stuck\/\" \/>\n<meta property=\"og:locale\" content=\"de_DE\" \/>\n<meta property=\"og:type\" content=\"article\" \/>\n<meta property=\"og:title\" content=\"Creme Schaaltjes Amazonia Cream - 2-delig &#8226; UNRO\" \/>\n<meta property=\"og:description\" content=\"Start je dag in stijl met de Portugese creme Schaaltjes Amazonia Cream van keramiek. De borden zijn duurzaam, stijlvol en gemakkelijk in onderhoud!\" \/>\n<meta property=\"og:url\" content=\"https:\/\/unrostore.com\/de-de\/shop\/terrafina\/amazonia-creme\/cremegeschirr-amazonia-creme-2-stuck\/\" \/>\n<meta property=\"og:site_name\" content=\"UNRO\" \/>\n<meta property=\"article:modified_time\" content=\"2026-01-19T20:37:53+00:00\" \/>\n<meta property=\"og:image\" content=\"https:\/\/unrostore.com\/wp-content\/uploads\/2023\/01\/unro-portugees-servies-terrafina-amazonia-cream-kommen-2-delig.jpg\" \/>\n\t<meta property=\"og:image:width\" content=\"1440\" \/>\n\t<meta property=\"og:image:height\" content=\"1440\" \/>\n\t<meta property=\"og:image:type\" content=\"image\/jpeg\" \/>\n<meta name=\"twitter:card\" content=\"summary_large_image\" \/>\n<script type=\"application\/ld+json\" class=\"yoast-schema-graph\">{\"@context\":\"https:\\\/\\\/schema.org\",\"@graph\":[{\"@type\":\"WebPage\",\"@id\":\"https:\\\/\\\/unrostore.com\\\/shop\\\/terrafina\\\/amazonia-cream\\\/creme-schaaltjes-amazonia-cream-2-delig\\\/\",\"url\":\"https:\\\/\\\/unrostore.com\\\/shop\\\/terrafina\\\/amazonia-cream\\\/creme-schaaltjes-amazonia-cream-2-delig\\\/\",\"name\":\"Creme Schaaltjes Amazonia Cream - 2-delig &#8226; UNRO\",\"isPartOf\":{\"@id\":\"https:\\\/\\\/unrostore.com\\\/#website\"},\"primaryImageOfPage\":{\"@id\":\"https:\\\/\\\/unrostore.com\\\/shop\\\/terrafina\\\/amazonia-cream\\\/creme-schaaltjes-amazonia-cream-2-delig\\\/#primaryimage\"},\"image\":{\"@id\":\"https:\\\/\\\/unrostore.com\\\/shop\\\/terrafina\\\/amazonia-cream\\\/creme-schaaltjes-amazonia-cream-2-delig\\\/#primaryimage\"},\"thumbnailUrl\":\"https:\\\/\\\/unrostore.com\\\/wp-content\\\/uploads\\\/2023\\\/01\\\/unro-portugees-servies-terrafina-amazonia-cream-kommen-2-delig.jpg\",\"datePublished\":\"2023-01-16T17:26:53+00:00\",\"dateModified\":\"2026-01-19T20:37:53+00:00\",\"description\":\"Start je dag in stijl met de Portugese creme Schaaltjes Amazonia Cream van keramiek. De borden zijn duurzaam, stijlvol en gemakkelijk in onderhoud!\",\"breadcrumb\":{\"@id\":\"https:\\\/\\\/unrostore.com\\\/shop\\\/terrafina\\\/amazonia-cream\\\/creme-schaaltjes-amazonia-cream-2-delig\\\/#breadcrumb\"},\"inLanguage\":\"de\",\"potentialAction\":[{\"@type\":\"ReadAction\",\"target\":[\"https:\\\/\\\/unrostore.com\\\/shop\\\/terrafina\\\/amazonia-cream\\\/creme-schaaltjes-amazonia-cream-2-delig\\\/\"]}]},{\"@type\":\"ImageObject\",\"inLanguage\":\"de\",\"@id\":\"https:\\\/\\\/unrostore.com\\\/shop\\\/terrafina\\\/amazonia-cream\\\/creme-schaaltjes-amazonia-cream-2-delig\\\/#primaryimage\",\"url\":\"https:\\\/\\\/unrostore.com\\\/wp-content\\\/uploads\\\/2023\\\/01\\\/unro-portugees-servies-terrafina-amazonia-cream-kommen-2-delig.jpg\",\"contentUrl\":\"https:\\\/\\\/unrostore.com\\\/wp-content\\\/uploads\\\/2023\\\/01\\\/unro-portugees-servies-terrafina-amazonia-cream-kommen-2-delig.jpg\",\"width\":1440,\"height\":1440,\"caption\":\"Beige Schaaltjes Amazonia Cream - 2-delig Portugees Keramiek Servies exclusief bij UNRO.\"},{\"@type\":\"BreadcrumbList\",\"@id\":\"https:\\\/\\\/unrostore.com\\\/shop\\\/terrafina\\\/amazonia-cream\\\/creme-schaaltjes-amazonia-cream-2-delig\\\/#breadcrumb\",\"itemListElement\":[{\"@type\":\"ListItem\",\"position\":1,\"name\":\"Home\",\"item\":\"https:\\\/\\\/unrostore.com\\\/\"},{\"@type\":\"ListItem\",\"position\":2,\"name\":\"Shop\",\"item\":\"https:\\\/\\\/unrostore.com\\\/shop\\\/\"},{\"@type\":\"ListItem\",\"position\":3,\"name\":\"Creme Schaaltjes Amazonia Cream &#8211; 2-delig\"}]},{\"@type\":\"WebSite\",\"@id\":\"https:\\\/\\\/unrostore.com\\\/#website\",\"url\":\"https:\\\/\\\/unrostore.com\\\/\",\"name\":\"UNRO\",\"description\":\"Portugees servies waar je blij van wordt!\",\"publisher\":{\"@id\":\"https:\\\/\\\/unrostore.com\\\/#organization\"},\"potentialAction\":[{\"@type\":\"SearchAction\",\"target\":{\"@type\":\"EntryPoint\",\"urlTemplate\":\"https:\\\/\\\/unrostore.com\\\/?s={search_term_string}\"},\"query-input\":{\"@type\":\"PropertyValueSpecification\",\"valueRequired\":true,\"valueName\":\"search_term_string\"}}],\"inLanguage\":\"de\"},{\"@type\":\"Organization\",\"@id\":\"https:\\\/\\\/unrostore.com\\\/#organization\",\"name\":\"UNRO\",\"url\":\"https:\\\/\\\/unrostore.com\\\/\",\"logo\":{\"@type\":\"ImageObject\",\"inLanguage\":\"de\",\"@id\":\"https:\\\/\\\/unrostore.com\\\/#\\\/schema\\\/logo\\\/image\\\/\",\"url\":\"https:\\\/\\\/unrostore.com\\\/wp-content\\\/uploads\\\/2022\\\/05\\\/Logo-UNRO.png\",\"contentUrl\":\"https:\\\/\\\/unrostore.com\\\/wp-content\\\/uploads\\\/2022\\\/05\\\/Logo-UNRO.png\",\"width\":605,\"height\":179,\"caption\":\"UNRO\"},\"image\":{\"@id\":\"https:\\\/\\\/unrostore.com\\\/#\\\/schema\\\/logo\\\/image\\\/\"}}]}<\/script>\n<!-- \/ Yoast SEO plugin. -->","yoast_head_json":{"title":"Cremeschalen Amazonia Creme - 2-teilig - UNRO","description":"Beginnen Sie Ihren Tag stilvoll mit den Keramik-Tellern Amazonia Cream Portuguese. Die Teller sind langlebig, stilvoll und pflegeleicht!","robots":{"index":"index","follow":"follow","max-snippet":"max-snippet:-1","max-image-preview":"max-image-preview:large","max-video-preview":"max-video-preview:-1"},"canonical":"https:\/\/unrostore.com\/de-de\/shop\/terrafina\/amazonia-creme\/cremegeschirr-amazonia-creme-2-stuck\/","og_locale":"de_DE","og_type":"article","og_title":"Creme Schaaltjes Amazonia Cream - 2-delig &#8226; UNRO","og_description":"Start je dag in stijl met de Portugese creme Schaaltjes Amazonia Cream van keramiek. De borden zijn duurzaam, stijlvol en gemakkelijk in onderhoud!","og_url":"https:\/\/unrostore.com\/de-de\/shop\/terrafina\/amazonia-creme\/cremegeschirr-amazonia-creme-2-stuck\/","og_site_name":"UNRO","article_modified_time":"2026-01-19T20:37:53+00:00","og_image":[{"width":1440,"height":1440,"url":"https:\/\/unrostore.com\/wp-content\/uploads\/2023\/01\/unro-portugees-servies-terrafina-amazonia-cream-kommen-2-delig.jpg","type":"image\/jpeg"}],"twitter_card":"summary_large_image","schema":{"@context":"https:\/\/schema.org","@graph":[{"@type":"WebPage","@id":"https:\/\/unrostore.com\/shop\/terrafina\/amazonia-cream\/creme-schaaltjes-amazonia-cream-2-delig\/","url":"https:\/\/unrostore.com\/shop\/terrafina\/amazonia-cream\/creme-schaaltjes-amazonia-cream-2-delig\/","name":"Cremeschalen Amazonia Creme - 2-teilig - UNRO","isPartOf":{"@id":"https:\/\/unrostore.com\/#website"},"primaryImageOfPage":{"@id":"https:\/\/unrostore.com\/shop\/terrafina\/amazonia-cream\/creme-schaaltjes-amazonia-cream-2-delig\/#primaryimage"},"image":{"@id":"https:\/\/unrostore.com\/shop\/terrafina\/amazonia-cream\/creme-schaaltjes-amazonia-cream-2-delig\/#primaryimage"},"thumbnailUrl":"https:\/\/unrostore.com\/wp-content\/uploads\/2023\/01\/unro-portugees-servies-terrafina-amazonia-cream-kommen-2-delig.jpg","datePublished":"2023-01-16T17:26:53+00:00","dateModified":"2026-01-19T20:37:53+00:00","description":"Beginnen Sie Ihren Tag stilvoll mit den Keramik-Tellern Amazonia Cream Portuguese. Die Teller sind langlebig, stilvoll und pflegeleicht!","breadcrumb":{"@id":"https:\/\/unrostore.com\/shop\/terrafina\/amazonia-cream\/creme-schaaltjes-amazonia-cream-2-delig\/#breadcrumb"},"inLanguage":"de","potentialAction":[{"@type":"ReadAction","target":["https:\/\/unrostore.com\/shop\/terrafina\/amazonia-cream\/creme-schaaltjes-amazonia-cream-2-delig\/"]}]},{"@type":"ImageObject","inLanguage":"de","@id":"https:\/\/unrostore.com\/shop\/terrafina\/amazonia-cream\/creme-schaaltjes-amazonia-cream-2-delig\/#primaryimage","url":"https:\/\/unrostore.com\/wp-content\/uploads\/2023\/01\/unro-portugees-servies-terrafina-amazonia-cream-kommen-2-delig.jpg","contentUrl":"https:\/\/unrostore.com\/wp-content\/uploads\/2023\/01\/unro-portugees-servies-terrafina-amazonia-cream-kommen-2-delig.jpg","width":1440,"height":1440,"caption":"Beige Schaaltjes Amazonia Cream - 2-delig Portugees Keramiek Servies exclusief bij UNRO."},{"@type":"BreadcrumbList","@id":"https:\/\/unrostore.com\/shop\/terrafina\/amazonia-cream\/creme-schaaltjes-amazonia-cream-2-delig\/#breadcrumb","itemListElement":[{"@type":"ListItem","position":1,"name":"Home","item":"https:\/\/unrostore.com\/"},{"@type":"ListItem","position":2,"name":"Shop","item":"https:\/\/unrostore.com\/shop\/"},{"@type":"ListItem","position":3,"name":"Creme Schaaltjes Amazonia Cream &#8211; 2-delig"}]},{"@type":"WebSite","@id":"https:\/\/unrostore.com\/#website","url":"https:\/\/unrostore.com\/","name":"UNRO","description":"Portugiesisches Geschirr, das Sie gl\u00fccklich machen wird!","publisher":{"@id":"https:\/\/unrostore.com\/#organization"},"potentialAction":[{"@type":"SearchAction","target":{"@type":"EntryPoint","urlTemplate":"https:\/\/unrostore.com\/?s={search_term_string}"},"query-input":{"@type":"PropertyValueSpecification","valueRequired":true,"valueName":"search_term_string"}}],"inLanguage":"de"},{"@type":"Organization","@id":"https:\/\/unrostore.com\/#organization","name":"UNRO","url":"https:\/\/unrostore.com\/","logo":{"@type":"ImageObject","inLanguage":"de","@id":"https:\/\/unrostore.com\/#\/schema\/logo\/image\/","url":"https:\/\/unrostore.com\/wp-content\/uploads\/2022\/05\/Logo-UNRO.png","contentUrl":"https:\/\/unrostore.com\/wp-content\/uploads\/2022\/05\/Logo-UNRO.png","width":605,"height":179,"caption":"UNRO"},"image":{"@id":"https:\/\/unrostore.com\/#\/schema\/logo\/image\/"}}]}},"_links":{"self":[{"href":"https:\/\/unrostore.com\/de-de\/wp-json\/wp\/v2\/product\/2838","targetHints":{"allow":["GET"]}}],"collection":[{"href":"https:\/\/unrostore.com\/de-de\/wp-json\/wp\/v2\/product"}],"about":[{"href":"https:\/\/unrostore.com\/de-de\/wp-json\/wp\/v2\/types\/product"}],"wp:featuredmedia":[{"embeddable":true,"href":"https:\/\/unrostore.com\/de-de\/wp-json\/wp\/v2\/media\/3370"}],"wp:attachment":[{"href":"https:\/\/unrostore.com\/de-de\/wp-json\/wp\/v2\/media?parent=2838"}],"wp:term":[{"taxonomy":"product_brand","embeddable":true,"href":"https:\/\/unrostore.com\/de-de\/wp-json\/wp\/v2\/product_brand?post=2838"},{"taxonomy":"product_cat","embeddable":true,"href":"https:\/\/unrostore.com\/de-de\/wp-json\/wp\/v2\/product_cat?post=2838"},{"taxonomy":"product_tag","embeddable":true,"href":"https:\/\/unrostore.com\/de-de\/wp-json\/wp\/v2\/product_tag?post=2838"}],"curies":[{"name":"wp","href":"https:\/\/api.w.org\/{rel}","templated":true}]}}