{"id":2827,"date":"2023-01-14T11:57:51","date_gmt":"2023-01-14T11:57:51","guid":{"rendered":"https:\/\/unrostore.com\/?post_type=product&#038;p=2827"},"modified":"2026-01-19T20:37:53","modified_gmt":"2026-01-19T20:37:53","slug":"essteller-amazonia-creme-4-stuck","status":"publish","type":"product","link":"https:\/\/unrostore.com\/de-de\/shop\/terrafina\/amazonia-creme\/essteller-amazonia-creme-4-stuck\/","title":{"rendered":"Speiseteller Creme Amazonia Cream - 4-tlg."},"content":{"rendered":"<h3>Tr\u00e4umen Sie sich weg mit den Terrafina Tellern Creme Amazonia Cream<\/h3>\n<p>Die<strong>\u00a0<\/strong><strong>Teller gro\u00df<\/strong> <strong>Creme<\/strong> <strong>Amazonia Cream <\/strong>\u2013 4-delig van <a href=\"https:\/\/www.terrafinastore.com\/en\/collections\/amazonia\">Terrafina<\/a> haben eine sch\u00f6ne zartbeige-cremige Farbe, die Ihren Esstisch ordentlich und (hotel)schick aussehen l\u00e4sst. Jedes Gericht sieht auf diesen sch\u00f6nen Tellern schick und luxuri\u00f6s aus und bringt das Restaurant-Erlebnis f\u00fcr ein gem\u00fctliches Abendessen mit Freunden und Familie nach Hause. Die Essteller sind nicht nur eine Augenweide, sondern auch praktisch und langlebig. Lassen Sie sich von den sch\u00f6nen Amazonia Cream Dinner Plates begeistern und kombinieren Sie sie mit den <a href=\"https:\/\/unrostore.com\/de-de\/shop\/terrafina\/amazonia-creme\/amazonia-cream-ontbijtborden-4-delig\/\">Amazonia Cream Ontbijtborden \u2013 4-delig<\/a>.<\/p>\n<p>\u00a0<\/p>\n<h3>Dies ist die Anzahl der Essteller, die Sie geliefert bekommen:<\/h3>\n<ul>\n<li><strong>4x <\/strong>Amazonia Cream Essteller \u00f8 29 cm<\/li>\n<li><strong>1x<\/strong> Terrafina Geschenkbox<\/li>\n<\/ul>\n<p><em><strong><br \/>\nDuurzaam voor mens & milieu:<\/strong><br \/>\n<\/em><em>Jedes Produkt ist ein Unikat, denn es wird in Handarbeit hergestellt.<br \/>\nDruck und Textur k\u00f6nnen daher leicht vom Produktfoto abweichen.<\/em><\/p>","protected":false},"excerpt":{"rendered":"<div class=\"usps\"><i class=\"far fa-check-circle\"><\/i> Mikrowellenfest<br \/>\n<i class=\"far fa-check-circle\"><\/i> Backofenfest (bis zu 200 Grad)<br \/>\n<i class=\"far fa-check-circle\"><\/i> Sp\u00fclmaschinenfest<br \/>\n<i class=\"far fa-thumbs-up\"><\/i> Handgefertigt<\/div>","protected":false},"featured_media":3383,"template":"","meta":[],"product_brand":[],"product_cat":[235,144,318,119],"product_tag":[147,670,286,146,233,284,671,672,237,238,207],"class_list":{"0":"post-2827","1":"product","2":"type-product","3":"status-publish","4":"has-post-thumbnail","6":"product_cat-borden","7":"product_cat-amazonia-cream","8":"product_cat-dinerborden","9":"product_cat-terrafina","10":"product_tag-amazonia","11":"product_tag-beige-dinerborden","12":"product_tag-bord","13":"product_tag-cream","14":"product_tag-creme","15":"product_tag-dinerborden","16":"product_tag-dinerborden-beige","17":"product_tag-dinerborden-creme","18":"product_tag-groot-bord","19":"product_tag-grote-borden","20":"product_tag-lila","22":"first","23":"outofstock","24":"sale","25":"taxable","26":"shipping-taxable","27":"purchasable","28":"product-type-simple"},"yoast_head":"<!-- This site is optimized with the Yoast SEO plugin v27.6 - https:\/\/yoast.com\/product\/yoast-seo-wordpress\/ -->\n<title>Dinerborden Creme Amazonia Cream - 4-delig &#8226; UNRO<\/title>\n<meta name=\"description\" content=\"De Dinerborden Creme hebben een mooie zachte beige creme kleur die jouw eettafel er verzorgd en chique uit laat zien tijdens een diner bij jou thuis!\" \/>\n<meta name=\"robots\" content=\"index, follow, max-snippet:-1, max-image-preview:large, max-video-preview:-1\" \/>\n<link rel=\"canonical\" href=\"https:\/\/unrostore.com\/de-de\/shop\/terrafina\/amazonia-creme\/essteller-amazonia-creme-4-stuck\/\" \/>\n<meta property=\"og:locale\" content=\"de_DE\" \/>\n<meta property=\"og:type\" content=\"article\" \/>\n<meta property=\"og:title\" content=\"Dinerborden Creme Amazonia Cream - 4-delig &#8226; UNRO\" \/>\n<meta property=\"og:description\" content=\"De Dinerborden Creme hebben een mooie zachte beige creme kleur die jouw eettafel er verzorgd en chique uit laat zien tijdens een diner bij jou thuis!\" \/>\n<meta property=\"og:url\" content=\"https:\/\/unrostore.com\/de-de\/shop\/terrafina\/amazonia-creme\/essteller-amazonia-creme-4-stuck\/\" \/>\n<meta property=\"og:site_name\" content=\"UNRO\" \/>\n<meta property=\"article:modified_time\" content=\"2026-01-19T20:37:53+00:00\" \/>\n<meta property=\"og:image\" content=\"https:\/\/unrostore.com\/wp-content\/uploads\/2023\/01\/unro-portugees-servies-terrafina-amazonia-cream-dinerbord-voorkant.jpg\" \/>\n\t<meta property=\"og:image:width\" content=\"1440\" \/>\n\t<meta property=\"og:image:height\" content=\"1440\" \/>\n\t<meta property=\"og:image:type\" content=\"image\/jpeg\" \/>\n<meta name=\"twitter:card\" content=\"summary_large_image\" \/>\n<script type=\"application\/ld+json\" class=\"yoast-schema-graph\">{\"@context\":\"https:\\\/\\\/schema.org\",\"@graph\":[{\"@type\":\"WebPage\",\"@id\":\"https:\\\/\\\/unrostore.com\\\/shop\\\/terrafina\\\/amazonia-cream\\\/dinerborden-creme-amazonia-cream-4-delig\\\/\",\"url\":\"https:\\\/\\\/unrostore.com\\\/shop\\\/terrafina\\\/amazonia-cream\\\/dinerborden-creme-amazonia-cream-4-delig\\\/\",\"name\":\"Dinerborden Creme Amazonia Cream - 4-delig &#8226; UNRO\",\"isPartOf\":{\"@id\":\"https:\\\/\\\/unrostore.com\\\/#website\"},\"primaryImageOfPage\":{\"@id\":\"https:\\\/\\\/unrostore.com\\\/shop\\\/terrafina\\\/amazonia-cream\\\/dinerborden-creme-amazonia-cream-4-delig\\\/#primaryimage\"},\"image\":{\"@id\":\"https:\\\/\\\/unrostore.com\\\/shop\\\/terrafina\\\/amazonia-cream\\\/dinerborden-creme-amazonia-cream-4-delig\\\/#primaryimage\"},\"thumbnailUrl\":\"https:\\\/\\\/unrostore.com\\\/wp-content\\\/uploads\\\/2023\\\/01\\\/unro-portugees-servies-terrafina-amazonia-cream-dinerbord-voorkant.jpg\",\"datePublished\":\"2023-01-14T11:57:51+00:00\",\"dateModified\":\"2026-01-19T20:37:53+00:00\",\"description\":\"De Dinerborden Creme hebben een mooie zachte beige creme kleur die jouw eettafel er verzorgd en chique uit laat zien tijdens een diner bij jou thuis!\",\"breadcrumb\":{\"@id\":\"https:\\\/\\\/unrostore.com\\\/shop\\\/terrafina\\\/amazonia-cream\\\/dinerborden-creme-amazonia-cream-4-delig\\\/#breadcrumb\"},\"inLanguage\":\"de\",\"potentialAction\":[{\"@type\":\"ReadAction\",\"target\":[\"https:\\\/\\\/unrostore.com\\\/shop\\\/terrafina\\\/amazonia-cream\\\/dinerborden-creme-amazonia-cream-4-delig\\\/\"]}]},{\"@type\":\"ImageObject\",\"inLanguage\":\"de\",\"@id\":\"https:\\\/\\\/unrostore.com\\\/shop\\\/terrafina\\\/amazonia-cream\\\/dinerborden-creme-amazonia-cream-4-delig\\\/#primaryimage\",\"url\":\"https:\\\/\\\/unrostore.com\\\/wp-content\\\/uploads\\\/2023\\\/01\\\/unro-portugees-servies-terrafina-amazonia-cream-dinerbord-voorkant.jpg\",\"contentUrl\":\"https:\\\/\\\/unrostore.com\\\/wp-content\\\/uploads\\\/2023\\\/01\\\/unro-portugees-servies-terrafina-amazonia-cream-dinerbord-voorkant.jpg\",\"width\":1440,\"height\":1440,\"caption\":\"Amazonia Cream Dinerborden - 4-delig Portugees Servies Keramiek exclusief bij UNRO.\"},{\"@type\":\"BreadcrumbList\",\"@id\":\"https:\\\/\\\/unrostore.com\\\/shop\\\/terrafina\\\/amazonia-cream\\\/dinerborden-creme-amazonia-cream-4-delig\\\/#breadcrumb\",\"itemListElement\":[{\"@type\":\"ListItem\",\"position\":1,\"name\":\"Home\",\"item\":\"https:\\\/\\\/unrostore.com\\\/\"},{\"@type\":\"ListItem\",\"position\":2,\"name\":\"Shop\",\"item\":\"https:\\\/\\\/unrostore.com\\\/shop\\\/\"},{\"@type\":\"ListItem\",\"position\":3,\"name\":\"Dinerborden Creme Amazonia Cream &#8211; 4-delig\"}]},{\"@type\":\"WebSite\",\"@id\":\"https:\\\/\\\/unrostore.com\\\/#website\",\"url\":\"https:\\\/\\\/unrostore.com\\\/\",\"name\":\"UNRO\",\"description\":\"Portugees servies waar je blij van wordt!\",\"publisher\":{\"@id\":\"https:\\\/\\\/unrostore.com\\\/#organization\"},\"potentialAction\":[{\"@type\":\"SearchAction\",\"target\":{\"@type\":\"EntryPoint\",\"urlTemplate\":\"https:\\\/\\\/unrostore.com\\\/?s={search_term_string}\"},\"query-input\":{\"@type\":\"PropertyValueSpecification\",\"valueRequired\":true,\"valueName\":\"search_term_string\"}}],\"inLanguage\":\"de\"},{\"@type\":\"Organization\",\"@id\":\"https:\\\/\\\/unrostore.com\\\/#organization\",\"name\":\"UNRO\",\"url\":\"https:\\\/\\\/unrostore.com\\\/\",\"logo\":{\"@type\":\"ImageObject\",\"inLanguage\":\"de\",\"@id\":\"https:\\\/\\\/unrostore.com\\\/#\\\/schema\\\/logo\\\/image\\\/\",\"url\":\"https:\\\/\\\/unrostore.com\\\/wp-content\\\/uploads\\\/2022\\\/05\\\/Logo-UNRO.png\",\"contentUrl\":\"https:\\\/\\\/unrostore.com\\\/wp-content\\\/uploads\\\/2022\\\/05\\\/Logo-UNRO.png\",\"width\":605,\"height\":179,\"caption\":\"UNRO\"},\"image\":{\"@id\":\"https:\\\/\\\/unrostore.com\\\/#\\\/schema\\\/logo\\\/image\\\/\"}}]}<\/script>\n<!-- \/ Yoast SEO plugin. -->","yoast_head_json":{"title":"Speiseteller Creme Amazonia Creme - 4-teilig - UNRO","description":"Die Speiseteller Beige haben eine sch\u00f6ne, weiche, cremefarbene Farbe, die Ihren Esstisch bei einer Dinnerparty bei Ihnen zu Hause ordentlich und schick aussehen lassen wird!","robots":{"index":"index","follow":"follow","max-snippet":"max-snippet:-1","max-image-preview":"max-image-preview:large","max-video-preview":"max-video-preview:-1"},"canonical":"https:\/\/unrostore.com\/de-de\/shop\/terrafina\/amazonia-creme\/essteller-amazonia-creme-4-stuck\/","og_locale":"de_DE","og_type":"article","og_title":"Dinerborden Creme Amazonia Cream - 4-delig &#8226; UNRO","og_description":"De Dinerborden Creme hebben een mooie zachte beige creme kleur die jouw eettafel er verzorgd en chique uit laat zien tijdens een diner bij jou thuis!","og_url":"https:\/\/unrostore.com\/de-de\/shop\/terrafina\/amazonia-creme\/essteller-amazonia-creme-4-stuck\/","og_site_name":"UNRO","article_modified_time":"2026-01-19T20:37:53+00:00","og_image":[{"width":1440,"height":1440,"url":"https:\/\/unrostore.com\/wp-content\/uploads\/2023\/01\/unro-portugees-servies-terrafina-amazonia-cream-dinerbord-voorkant.jpg","type":"image\/jpeg"}],"twitter_card":"summary_large_image","schema":{"@context":"https:\/\/schema.org","@graph":[{"@type":"WebPage","@id":"https:\/\/unrostore.com\/shop\/terrafina\/amazonia-cream\/dinerborden-creme-amazonia-cream-4-delig\/","url":"https:\/\/unrostore.com\/shop\/terrafina\/amazonia-cream\/dinerborden-creme-amazonia-cream-4-delig\/","name":"Speiseteller Creme Amazonia Creme - 4-teilig - UNRO","isPartOf":{"@id":"https:\/\/unrostore.com\/#website"},"primaryImageOfPage":{"@id":"https:\/\/unrostore.com\/shop\/terrafina\/amazonia-cream\/dinerborden-creme-amazonia-cream-4-delig\/#primaryimage"},"image":{"@id":"https:\/\/unrostore.com\/shop\/terrafina\/amazonia-cream\/dinerborden-creme-amazonia-cream-4-delig\/#primaryimage"},"thumbnailUrl":"https:\/\/unrostore.com\/wp-content\/uploads\/2023\/01\/unro-portugees-servies-terrafina-amazonia-cream-dinerbord-voorkant.jpg","datePublished":"2023-01-14T11:57:51+00:00","dateModified":"2026-01-19T20:37:53+00:00","description":"Die Speiseteller Beige haben eine sch\u00f6ne, weiche, cremefarbene Farbe, die Ihren Esstisch bei einer Dinnerparty bei Ihnen zu Hause ordentlich und schick aussehen lassen wird!","breadcrumb":{"@id":"https:\/\/unrostore.com\/shop\/terrafina\/amazonia-cream\/dinerborden-creme-amazonia-cream-4-delig\/#breadcrumb"},"inLanguage":"de","potentialAction":[{"@type":"ReadAction","target":["https:\/\/unrostore.com\/shop\/terrafina\/amazonia-cream\/dinerborden-creme-amazonia-cream-4-delig\/"]}]},{"@type":"ImageObject","inLanguage":"de","@id":"https:\/\/unrostore.com\/shop\/terrafina\/amazonia-cream\/dinerborden-creme-amazonia-cream-4-delig\/#primaryimage","url":"https:\/\/unrostore.com\/wp-content\/uploads\/2023\/01\/unro-portugees-servies-terrafina-amazonia-cream-dinerbord-voorkant.jpg","contentUrl":"https:\/\/unrostore.com\/wp-content\/uploads\/2023\/01\/unro-portugees-servies-terrafina-amazonia-cream-dinerbord-voorkant.jpg","width":1440,"height":1440,"caption":"Amazonia Cream Dinerborden - 4-delig Portugees Servies Keramiek exclusief bij UNRO."},{"@type":"BreadcrumbList","@id":"https:\/\/unrostore.com\/shop\/terrafina\/amazonia-cream\/dinerborden-creme-amazonia-cream-4-delig\/#breadcrumb","itemListElement":[{"@type":"ListItem","position":1,"name":"Home","item":"https:\/\/unrostore.com\/"},{"@type":"ListItem","position":2,"name":"Shop","item":"https:\/\/unrostore.com\/shop\/"},{"@type":"ListItem","position":3,"name":"Dinerborden Creme Amazonia Cream &#8211; 4-delig"}]},{"@type":"WebSite","@id":"https:\/\/unrostore.com\/#website","url":"https:\/\/unrostore.com\/","name":"UNRO","description":"Portugiesisches Geschirr, das Sie gl\u00fccklich machen wird!","publisher":{"@id":"https:\/\/unrostore.com\/#organization"},"potentialAction":[{"@type":"SearchAction","target":{"@type":"EntryPoint","urlTemplate":"https:\/\/unrostore.com\/?s={search_term_string}"},"query-input":{"@type":"PropertyValueSpecification","valueRequired":true,"valueName":"search_term_string"}}],"inLanguage":"de"},{"@type":"Organization","@id":"https:\/\/unrostore.com\/#organization","name":"UNRO","url":"https:\/\/unrostore.com\/","logo":{"@type":"ImageObject","inLanguage":"de","@id":"https:\/\/unrostore.com\/#\/schema\/logo\/image\/","url":"https:\/\/unrostore.com\/wp-content\/uploads\/2022\/05\/Logo-UNRO.png","contentUrl":"https:\/\/unrostore.com\/wp-content\/uploads\/2022\/05\/Logo-UNRO.png","width":605,"height":179,"caption":"UNRO"},"image":{"@id":"https:\/\/unrostore.com\/#\/schema\/logo\/image\/"}}]}},"_links":{"self":[{"href":"https:\/\/unrostore.com\/de-de\/wp-json\/wp\/v2\/product\/2827","targetHints":{"allow":["GET"]}}],"collection":[{"href":"https:\/\/unrostore.com\/de-de\/wp-json\/wp\/v2\/product"}],"about":[{"href":"https:\/\/unrostore.com\/de-de\/wp-json\/wp\/v2\/types\/product"}],"wp:featuredmedia":[{"embeddable":true,"href":"https:\/\/unrostore.com\/de-de\/wp-json\/wp\/v2\/media\/3383"}],"wp:attachment":[{"href":"https:\/\/unrostore.com\/de-de\/wp-json\/wp\/v2\/media?parent=2827"}],"wp:term":[{"taxonomy":"product_brand","embeddable":true,"href":"https:\/\/unrostore.com\/de-de\/wp-json\/wp\/v2\/product_brand?post=2827"},{"taxonomy":"product_cat","embeddable":true,"href":"https:\/\/unrostore.com\/de-de\/wp-json\/wp\/v2\/product_cat?post=2827"},{"taxonomy":"product_tag","embeddable":true,"href":"https:\/\/unrostore.com\/de-de\/wp-json\/wp\/v2\/product_tag?post=2827"}],"curies":[{"name":"wp","href":"https:\/\/api.w.org\/{rel}","templated":true}]}}