{"id":2825,"date":"2023-01-14T11:25:45","date_gmt":"2023-01-14T11:25:45","guid":{"rendered":"https:\/\/unrostore.com\/?post_type=product&#038;p=2825"},"modified":"2026-01-19T20:37:53","modified_gmt":"2026-01-19T20:37:53","slug":"bunte-essteller-korallen-4-stuck","status":"publish","type":"product","link":"https:\/\/unrostore.com\/de-de\/shop\/terrafina\/korallen\/bunte-essteller-korallen-4-stuck\/","title":{"rendered":"Farbige Speiseteller Corals - 4-tlg."},"content":{"rendered":"<h3>Die sch\u00f6nen bunten Essteller Corals - 4-tlg. von Terrafina<\/h3>\n<p>Die <strong>Bunte Essteller Corals <\/strong>- 4-teilig aus <a href=\"https:\/\/www.terrafinastore.com\/en\/collections\/corals\">Terrafina<\/a> sind perfekt f\u00fcr jede Gelegenheit. Es ist eines unserer Lieblingsst\u00fccke und wird garantiert Ihren Tag versch\u00f6nern! Sie k\u00f6nnen diese Teller t\u00e4glich zum Abendessen oder f\u00fcr besondere Anl\u00e4sse verwenden. Sind Sie mit dem Essen fertig? Dann k\u00f6nnen Sie sie direkt in die Sp\u00fclmaschine stellen und am n\u00e4chsten Tag f\u00fcr Ihr Mittagessen, Ihre Vorspeise oder Ihr Abendessen wiederverwenden. Wenigstens m\u00fcssen Sie sie nicht im Schrank aufbewahren. ;-). Ideal zum Kombinieren mit dem <a href=\"https:\/\/unrostore.com\/de-de\/shop\/terrafina\/korallen\/corals-ontbijtborden-4-delig\/\">Corals Fr\u00fchst\u00fccksteller - 4-tlg.<\/a>, die <a href=\"https:\/\/unrostore.com\/de-de\/shop\/terrafina\/korallen\/nudelteller-farbig-4er-set-korallen\/\">Nudelplatten Corals<\/a> und die <a href=\"https:\/\/unrostore.com\/de-de\/shop\/terrafina\/korallen\/corals-kommen-2-delig\/\">Korallen Schalen - 2-tlg.<\/a>. Kaufen Sie diese bunten Teller jetzt und erhalten Sie dazu eine sch\u00f6ne Geschenkbox von Terrafina. Durch die Geschenkbox mit Platz f\u00fcr eine pers\u00f6nliche Nachricht eignet sich dieses bunte Tellerset auch sehr gut als Geschenk zur Hochzeit oder zum Jubil\u00e4um. Aber auch auf Ihrem h\u00f6lzernen Esstisch werden sie zweifelsohne eine gute Figur machen \ud83d\ude42 .<\/p>\n<p>&nbsp;<\/p>\n<h3>Dies ist die Anzahl der Essteller, die Sie geliefert bekommen:<\/h3>\n<ul>\n<li><strong>4x<\/strong> Corals Essteller \u00f8 28,5 cm<\/li>\n<li><strong>1x<\/strong> Terrafina Geschenkbox<\/li>\n<\/ul>\n<p>&nbsp;<\/p>\n<p><em><strong>Nachhaltig f\u00fcr Mensch und Umwelt:<\/strong><br \/>\nJedes Produkt ist einzigartig, da es handgefertigt ist.<br \/>\nDruck und Textur k\u00f6nnen daher leicht vom Produktfoto abweichen.<\/em><\/p>","protected":false},"excerpt":{"rendered":"<div class=\"usps\"><i class=\"far fa-check-circle\"><\/i> Mikrowellenfest<br \/>\n<i class=\"far fa-check-circle\"><\/i> Backofenfest (bis zu 200 Grad)<br \/>\n<i class=\"far fa-check-circle\"><\/i> Sp\u00fclmaschinenfest<br \/>\n<i class=\"far fa-thumbs-up\"><\/i> Handgefertigt<\/div>","protected":false},"featured_media":7087,"template":"","meta":[],"product_brand":[],"product_cat":[235,318,127,119],"product_tag":[129,128,298,283,284,884,673,237,238,674,308,650,123],"class_list":{"0":"post-2825","1":"product","2":"type-product","3":"status-publish","4":"has-post-thumbnail","6":"product_cat-borden","7":"product_cat-dinerborden","8":"product_cat-corals","9":"product_cat-terrafina","10":"product_tag-borden","11":"product_tag-corals","12":"product_tag-diner","13":"product_tag-dinerbord","14":"product_tag-dinerborden","15":"product_tag-gekleurde","16":"product_tag-gekleurde-dinerborden","17":"product_tag-groot-bord","18":"product_tag-grote-borden","19":"product_tag-kleur","20":"product_tag-kleurrijk","21":"product_tag-kleurrijke","22":"product_tag-terrafina","23":"product_shipping_class-pakket","25":"first","26":"outofstock","27":"sale","28":"taxable","29":"shipping-taxable","30":"purchasable","31":"product-type-simple"},"yoast_head":"<!-- This site is optimized with the Yoast SEO plugin v27.4 - https:\/\/yoast.com\/product\/yoast-seo-wordpress\/ -->\n<title>Gekleurde Dinerborden Corals - 4-delig &#8226; UNRO<\/title>\n<meta name=\"description\" content=\"Gekleurde modern Portugese Kleurrijk Dinerborden Corals bij UNRO. Combineer jouw dinerborden met een mooie schaal, kleine of grotere kopjes en kommetjes.\" \/>\n<meta name=\"robots\" content=\"index, follow, max-snippet:-1, max-image-preview:large, max-video-preview:-1\" \/>\n<link rel=\"canonical\" href=\"https:\/\/unrostore.com\/de-de\/shop\/terrafina\/korallen\/bunte-essteller-korallen-4-stuck\/\" \/>\n<meta property=\"og:locale\" content=\"de_DE\" \/>\n<meta property=\"og:type\" content=\"article\" \/>\n<meta property=\"og:title\" content=\"Gekleurde Dinerborden Corals - 4-delig &#8226; UNRO\" \/>\n<meta property=\"og:description\" content=\"Gekleurde modern Portugese Kleurrijk Dinerborden Corals bij UNRO. Combineer jouw dinerborden met een mooie schaal, kleine of grotere kopjes en kommetjes.\" \/>\n<meta property=\"og:url\" content=\"https:\/\/unrostore.com\/de-de\/shop\/terrafina\/korallen\/bunte-essteller-korallen-4-stuck\/\" \/>\n<meta property=\"og:site_name\" content=\"UNRO\" \/>\n<meta property=\"article:modified_time\" content=\"2026-01-19T20:37:53+00:00\" \/>\n<meta property=\"og:image\" content=\"https:\/\/unrostore.com\/wp-content\/uploads\/2023\/01\/unro-gekleurd-bord-blauw-geel.webp\" \/>\n\t<meta property=\"og:image:width\" content=\"1000\" \/>\n\t<meta property=\"og:image:height\" content=\"1000\" \/>\n\t<meta property=\"og:image:type\" content=\"image\/webp\" \/>\n<meta name=\"twitter:card\" content=\"summary_large_image\" \/>\n<script type=\"application\/ld+json\" class=\"yoast-schema-graph\">{\"@context\":\"https:\\\/\\\/schema.org\",\"@graph\":[{\"@type\":\"WebPage\",\"@id\":\"https:\\\/\\\/unrostore.com\\\/shop\\\/terrafina\\\/corals\\\/gekleurde-dinerborden-corals-4-delig\\\/\",\"url\":\"https:\\\/\\\/unrostore.com\\\/shop\\\/terrafina\\\/corals\\\/gekleurde-dinerborden-corals-4-delig\\\/\",\"name\":\"Gekleurde Dinerborden Corals - 4-delig &#8226; UNRO\",\"isPartOf\":{\"@id\":\"https:\\\/\\\/unrostore.com\\\/#website\"},\"primaryImageOfPage\":{\"@id\":\"https:\\\/\\\/unrostore.com\\\/shop\\\/terrafina\\\/corals\\\/gekleurde-dinerborden-corals-4-delig\\\/#primaryimage\"},\"image\":{\"@id\":\"https:\\\/\\\/unrostore.com\\\/shop\\\/terrafina\\\/corals\\\/gekleurde-dinerborden-corals-4-delig\\\/#primaryimage\"},\"thumbnailUrl\":\"https:\\\/\\\/unrostore.com\\\/wp-content\\\/uploads\\\/2023\\\/01\\\/unro-gekleurd-bord-blauw-geel.webp\",\"datePublished\":\"2023-01-14T11:25:45+00:00\",\"dateModified\":\"2026-01-19T20:37:53+00:00\",\"description\":\"Gekleurde modern Portugese Kleurrijk Dinerborden Corals bij UNRO. Combineer jouw dinerborden met een mooie schaal, kleine of grotere kopjes en kommetjes.\",\"breadcrumb\":{\"@id\":\"https:\\\/\\\/unrostore.com\\\/shop\\\/terrafina\\\/corals\\\/gekleurde-dinerborden-corals-4-delig\\\/#breadcrumb\"},\"inLanguage\":\"de\",\"potentialAction\":[{\"@type\":\"ReadAction\",\"target\":[\"https:\\\/\\\/unrostore.com\\\/shop\\\/terrafina\\\/corals\\\/gekleurde-dinerborden-corals-4-delig\\\/\"]}]},{\"@type\":\"ImageObject\",\"inLanguage\":\"de\",\"@id\":\"https:\\\/\\\/unrostore.com\\\/shop\\\/terrafina\\\/corals\\\/gekleurde-dinerborden-corals-4-delig\\\/#primaryimage\",\"url\":\"https:\\\/\\\/unrostore.com\\\/wp-content\\\/uploads\\\/2023\\\/01\\\/unro-gekleurd-bord-blauw-geel.webp\",\"contentUrl\":\"https:\\\/\\\/unrostore.com\\\/wp-content\\\/uploads\\\/2023\\\/01\\\/unro-gekleurd-bord-blauw-geel.webp\",\"width\":1000,\"height\":1000,\"caption\":\"gekleurde dinerborden\"},{\"@type\":\"BreadcrumbList\",\"@id\":\"https:\\\/\\\/unrostore.com\\\/shop\\\/terrafina\\\/corals\\\/gekleurde-dinerborden-corals-4-delig\\\/#breadcrumb\",\"itemListElement\":[{\"@type\":\"ListItem\",\"position\":1,\"name\":\"Home\",\"item\":\"https:\\\/\\\/unrostore.com\\\/\"},{\"@type\":\"ListItem\",\"position\":2,\"name\":\"Shop\",\"item\":\"https:\\\/\\\/unrostore.com\\\/shop\\\/\"},{\"@type\":\"ListItem\",\"position\":3,\"name\":\"Gekleurde Dinerborden Corals &#8211; 4-delig\"}]},{\"@type\":\"WebSite\",\"@id\":\"https:\\\/\\\/unrostore.com\\\/#website\",\"url\":\"https:\\\/\\\/unrostore.com\\\/\",\"name\":\"UNRO\",\"description\":\"Portugees servies waar je blij van wordt!\",\"publisher\":{\"@id\":\"https:\\\/\\\/unrostore.com\\\/#organization\"},\"potentialAction\":[{\"@type\":\"SearchAction\",\"target\":{\"@type\":\"EntryPoint\",\"urlTemplate\":\"https:\\\/\\\/unrostore.com\\\/?s={search_term_string}\"},\"query-input\":{\"@type\":\"PropertyValueSpecification\",\"valueRequired\":true,\"valueName\":\"search_term_string\"}}],\"inLanguage\":\"de\"},{\"@type\":\"Organization\",\"@id\":\"https:\\\/\\\/unrostore.com\\\/#organization\",\"name\":\"UNRO\",\"url\":\"https:\\\/\\\/unrostore.com\\\/\",\"logo\":{\"@type\":\"ImageObject\",\"inLanguage\":\"de\",\"@id\":\"https:\\\/\\\/unrostore.com\\\/#\\\/schema\\\/logo\\\/image\\\/\",\"url\":\"https:\\\/\\\/unrostore.com\\\/wp-content\\\/uploads\\\/2022\\\/05\\\/Logo-UNRO.png\",\"contentUrl\":\"https:\\\/\\\/unrostore.com\\\/wp-content\\\/uploads\\\/2022\\\/05\\\/Logo-UNRO.png\",\"width\":605,\"height\":179,\"caption\":\"UNRO\"},\"image\":{\"@id\":\"https:\\\/\\\/unrostore.com\\\/#\\\/schema\\\/logo\\\/image\\\/\"}}]}<\/script>\n<!-- \/ Yoast SEO plugin. -->","yoast_head_json":{"title":"Bunte Speiseteller Korallen - 4-teilig - UNRO","description":"Bunte moderne portugiesische farbenfrohe Essteller Korallen bei UNRO. Kombinieren Sie Ihre Essteller mit einer h\u00fcbschen Schale, kleinen oder gr\u00f6\u00dferen Tassen und Sch\u00fcsseln.","robots":{"index":"index","follow":"follow","max-snippet":"max-snippet:-1","max-image-preview":"max-image-preview:large","max-video-preview":"max-video-preview:-1"},"canonical":"https:\/\/unrostore.com\/de-de\/shop\/terrafina\/korallen\/bunte-essteller-korallen-4-stuck\/","og_locale":"de_DE","og_type":"article","og_title":"Gekleurde Dinerborden Corals - 4-delig &#8226; UNRO","og_description":"Gekleurde modern Portugese Kleurrijk Dinerborden Corals bij UNRO. Combineer jouw dinerborden met een mooie schaal, kleine of grotere kopjes en kommetjes.","og_url":"https:\/\/unrostore.com\/de-de\/shop\/terrafina\/korallen\/bunte-essteller-korallen-4-stuck\/","og_site_name":"UNRO","article_modified_time":"2026-01-19T20:37:53+00:00","og_image":[{"width":1000,"height":1000,"url":"https:\/\/unrostore.com\/wp-content\/uploads\/2023\/01\/unro-gekleurd-bord-blauw-geel.webp","type":"image\/webp"}],"twitter_card":"summary_large_image","schema":{"@context":"https:\/\/schema.org","@graph":[{"@type":"WebPage","@id":"https:\/\/unrostore.com\/shop\/terrafina\/corals\/gekleurde-dinerborden-corals-4-delig\/","url":"https:\/\/unrostore.com\/shop\/terrafina\/corals\/gekleurde-dinerborden-corals-4-delig\/","name":"Bunte Speiseteller Korallen - 4-teilig - UNRO","isPartOf":{"@id":"https:\/\/unrostore.com\/#website"},"primaryImageOfPage":{"@id":"https:\/\/unrostore.com\/shop\/terrafina\/corals\/gekleurde-dinerborden-corals-4-delig\/#primaryimage"},"image":{"@id":"https:\/\/unrostore.com\/shop\/terrafina\/corals\/gekleurde-dinerborden-corals-4-delig\/#primaryimage"},"thumbnailUrl":"https:\/\/unrostore.com\/wp-content\/uploads\/2023\/01\/unro-gekleurd-bord-blauw-geel.webp","datePublished":"2023-01-14T11:25:45+00:00","dateModified":"2026-01-19T20:37:53+00:00","description":"Bunte moderne portugiesische farbenfrohe Essteller Korallen bei UNRO. Kombinieren Sie Ihre Essteller mit einer h\u00fcbschen Schale, kleinen oder gr\u00f6\u00dferen Tassen und Sch\u00fcsseln.","breadcrumb":{"@id":"https:\/\/unrostore.com\/shop\/terrafina\/corals\/gekleurde-dinerborden-corals-4-delig\/#breadcrumb"},"inLanguage":"de","potentialAction":[{"@type":"ReadAction","target":["https:\/\/unrostore.com\/shop\/terrafina\/corals\/gekleurde-dinerborden-corals-4-delig\/"]}]},{"@type":"ImageObject","inLanguage":"de","@id":"https:\/\/unrostore.com\/shop\/terrafina\/corals\/gekleurde-dinerborden-corals-4-delig\/#primaryimage","url":"https:\/\/unrostore.com\/wp-content\/uploads\/2023\/01\/unro-gekleurd-bord-blauw-geel.webp","contentUrl":"https:\/\/unrostore.com\/wp-content\/uploads\/2023\/01\/unro-gekleurd-bord-blauw-geel.webp","width":1000,"height":1000,"caption":"gekleurde dinerborden"},{"@type":"BreadcrumbList","@id":"https:\/\/unrostore.com\/shop\/terrafina\/corals\/gekleurde-dinerborden-corals-4-delig\/#breadcrumb","itemListElement":[{"@type":"ListItem","position":1,"name":"Home","item":"https:\/\/unrostore.com\/"},{"@type":"ListItem","position":2,"name":"Shop","item":"https:\/\/unrostore.com\/shop\/"},{"@type":"ListItem","position":3,"name":"Gekleurde Dinerborden Corals &#8211; 4-delig"}]},{"@type":"WebSite","@id":"https:\/\/unrostore.com\/#website","url":"https:\/\/unrostore.com\/","name":"UNRO","description":"Portugiesisches Geschirr, das Sie gl\u00fccklich machen wird!","publisher":{"@id":"https:\/\/unrostore.com\/#organization"},"potentialAction":[{"@type":"SearchAction","target":{"@type":"EntryPoint","urlTemplate":"https:\/\/unrostore.com\/?s={search_term_string}"},"query-input":{"@type":"PropertyValueSpecification","valueRequired":true,"valueName":"search_term_string"}}],"inLanguage":"de"},{"@type":"Organization","@id":"https:\/\/unrostore.com\/#organization","name":"UNRO","url":"https:\/\/unrostore.com\/","logo":{"@type":"ImageObject","inLanguage":"de","@id":"https:\/\/unrostore.com\/#\/schema\/logo\/image\/","url":"https:\/\/unrostore.com\/wp-content\/uploads\/2022\/05\/Logo-UNRO.png","contentUrl":"https:\/\/unrostore.com\/wp-content\/uploads\/2022\/05\/Logo-UNRO.png","width":605,"height":179,"caption":"UNRO"},"image":{"@id":"https:\/\/unrostore.com\/#\/schema\/logo\/image\/"}}]}},"_links":{"self":[{"href":"https:\/\/unrostore.com\/de-de\/wp-json\/wp\/v2\/product\/2825","targetHints":{"allow":["GET"]}}],"collection":[{"href":"https:\/\/unrostore.com\/de-de\/wp-json\/wp\/v2\/product"}],"about":[{"href":"https:\/\/unrostore.com\/de-de\/wp-json\/wp\/v2\/types\/product"}],"wp:featuredmedia":[{"embeddable":true,"href":"https:\/\/unrostore.com\/de-de\/wp-json\/wp\/v2\/media\/7087"}],"wp:attachment":[{"href":"https:\/\/unrostore.com\/de-de\/wp-json\/wp\/v2\/media?parent=2825"}],"wp:term":[{"taxonomy":"product_brand","embeddable":true,"href":"https:\/\/unrostore.com\/de-de\/wp-json\/wp\/v2\/product_brand?post=2825"},{"taxonomy":"product_cat","embeddable":true,"href":"https:\/\/unrostore.com\/de-de\/wp-json\/wp\/v2\/product_cat?post=2825"},{"taxonomy":"product_tag","embeddable":true,"href":"https:\/\/unrostore.com\/de-de\/wp-json\/wp\/v2\/product_tag?post=2825"}],"curies":[{"name":"wp","href":"https:\/\/api.w.org\/{rel}","templated":true}]}}