{"id":2436,"date":"2022-11-03T20:04:19","date_gmt":"2022-11-03T20:04:19","guid":{"rendered":"https:\/\/unrostore.com\/?post_type=product&#038;p=2436"},"modified":"2026-01-19T20:37:56","modified_gmt":"2026-01-19T20:37:56","slug":"weise-vase-bio-h14","status":"publish","type":"product","link":"https:\/\/unrostore.com\/de-de\/shop\/dekoration-2\/vasen\/weise-vase-bio-h14\/","title":{"rendered":"Wei\u00dfe Vase Bio H14"},"content":{"rendered":"<h3>Moderne wei\u00dfe Vase Bio H14<\/h3>\n<p><span style=\"font-weight: 400;\">Die wei\u00dfe Vase Bio H14 der portugiesischen Marke <a href=\"https:\/\/www.companhiaatlantica.pt\/en\/about-us\/\">C\u00aa Atlantica<\/a> ist die kleine Schwester der <a href=\"https:\/\/unrostore.com\/de-de\/shop\/dekoration-2\/vasen\/bio-vase-h19\/\">Bio Vase Wei\u00df H19<\/a>. Beide sind einzigartig handgefertigt aus hochwertiger Keramik in Portugal. Das Innere der Vase ist aus Glas und h\u00e4lt Ihre Blumen frisch. F\u00fcgen Sie ein paar h\u00fcbsche (k\u00fcnstliche) Blumen oder dekorative Zweige hinzu, und Ihr Zuhause ist sofort dekoriert. Tipp: Ideal zum Verschenken!\u00a0<\/span><\/p>\n<p>\u00a0<\/p>\n<h3>Dies ist die Nummer, die Sie zugestellt bekommen<\/h3>\n<ul>\n<li>1x Bio Vase H14 \u00f8 8 cm<\/li>\n<\/ul>\n<p>\u00a0<\/p>\n<p><em><strong>Nachhaltig f\u00fcr Mensch und Umwelt:<br \/>\n<\/strong>Jedes Produkt ist ein Unikat, denn es wird in Handarbeit hergestellt.<br \/>\nDruck und Textur k\u00f6nnen daher leicht vom Produktfoto abweichen.<\/em><\/p>","protected":false},"excerpt":{"rendered":"<div class=\"usps\"><i class=\"far fa-check-circle\"><\/i> Schlankes Design<br \/>\n<i class=\"far fa-check-circle\"><\/i> F\u00fcr jede Inneneinrichtung<br \/>\n<i class=\"far fa-check-circle\"><\/i> Kombinieren Sie mit einer gro\u00dfen Vase<br \/>\n<i class=\"far fa-thumbs-up\"><\/i> Handgefertigt<\/div>","protected":false},"featured_media":3431,"template":"","meta":[],"product_brand":[],"product_cat":[120,869,273,212],"product_tag":[221,216,311,220,219,225,224],"class_list":{"0":"post-2436","1":"product","2":"type-product","3":"status-publish","4":"has-post-thumbnail","6":"product_cat-ca-atlantica","7":"product_cat-unro-cadeautips","8":"product_cat-decoratie","9":"product_cat-vazen","10":"product_tag-bio","11":"product_tag-ca-atlantica","12":"product_tag-h14","13":"product_tag-vaas","14":"product_tag-vazen","15":"product_tag-white","16":"product_tag-wit","17":"product_shipping_class-pakket","19":"first","20":"instock","21":"sale","22":"taxable","23":"shipping-taxable","24":"purchasable","25":"product-type-simple"},"yoast_head":"<!-- This site is optimized with the Yoast SEO plugin v27.6 - https:\/\/yoast.com\/product\/yoast-seo-wordpress\/ -->\n<title>Witte Vaas Bio H14 &#8226; UNRO<\/title>\n<meta name=\"description\" content=\"Met de witte vaas Bio H14 is je interieur direct gezellig en ideaal ter decoratie met witte vaas Bio H19. Ook perfect cadeau te geven bij een verjaardag!\" \/>\n<meta name=\"robots\" content=\"index, follow, max-snippet:-1, max-image-preview:large, max-video-preview:-1\" \/>\n<link rel=\"canonical\" href=\"https:\/\/unrostore.com\/de-de\/shop\/dekoration-2\/vasen\/weise-vase-bio-h14\/\" \/>\n<meta property=\"og:locale\" content=\"de_DE\" \/>\n<meta property=\"og:type\" content=\"article\" \/>\n<meta property=\"og:title\" content=\"Witte Vaas Bio H14 &#8226; UNRO\" \/>\n<meta property=\"og:description\" content=\"Met de witte vaas Bio H14 is je interieur direct gezellig en ideaal ter decoratie met witte vaas Bio H19. Ook perfect cadeau te geven bij een verjaardag!\" \/>\n<meta property=\"og:url\" content=\"https:\/\/unrostore.com\/de-de\/shop\/dekoration-2\/vasen\/weise-vase-bio-h14\/\" \/>\n<meta property=\"og:site_name\" content=\"UNRO\" \/>\n<meta property=\"article:modified_time\" content=\"2026-01-19T20:37:56+00:00\" \/>\n<meta property=\"og:image\" content=\"https:\/\/unrostore.com\/wp-content\/uploads\/2022\/11\/unro-portugees-keramiek-bio-vaas-wit-h14-ca-atlantica.jpeg\" \/>\n\t<meta property=\"og:image:width\" content=\"2560\" \/>\n\t<meta property=\"og:image:height\" content=\"2560\" \/>\n\t<meta property=\"og:image:type\" content=\"image\/jpeg\" \/>\n<meta name=\"twitter:card\" content=\"summary_large_image\" \/>\n<script type=\"application\/ld+json\" class=\"yoast-schema-graph\">{\"@context\":\"https:\\\/\\\/schema.org\",\"@graph\":[{\"@type\":\"WebPage\",\"@id\":\"https:\\\/\\\/unrostore.com\\\/shop\\\/decoratie\\\/vazen\\\/witte-vaas-bio-h14\\\/\",\"url\":\"https:\\\/\\\/unrostore.com\\\/shop\\\/decoratie\\\/vazen\\\/witte-vaas-bio-h14\\\/\",\"name\":\"Witte Vaas Bio H14 &#8226; UNRO\",\"isPartOf\":{\"@id\":\"https:\\\/\\\/unrostore.com\\\/#website\"},\"primaryImageOfPage\":{\"@id\":\"https:\\\/\\\/unrostore.com\\\/shop\\\/decoratie\\\/vazen\\\/witte-vaas-bio-h14\\\/#primaryimage\"},\"image\":{\"@id\":\"https:\\\/\\\/unrostore.com\\\/shop\\\/decoratie\\\/vazen\\\/witte-vaas-bio-h14\\\/#primaryimage\"},\"thumbnailUrl\":\"https:\\\/\\\/unrostore.com\\\/wp-content\\\/uploads\\\/2022\\\/11\\\/unro-portugees-keramiek-bio-vaas-wit-h14-ca-atlantica.jpeg\",\"datePublished\":\"2022-11-03T20:04:19+00:00\",\"dateModified\":\"2026-01-19T20:37:56+00:00\",\"description\":\"Met de witte vaas Bio H14 is je interieur direct gezellig en ideaal ter decoratie met witte vaas Bio H19. Ook perfect cadeau te geven bij een verjaardag!\",\"breadcrumb\":{\"@id\":\"https:\\\/\\\/unrostore.com\\\/shop\\\/decoratie\\\/vazen\\\/witte-vaas-bio-h14\\\/#breadcrumb\"},\"inLanguage\":\"de\",\"potentialAction\":[{\"@type\":\"ReadAction\",\"target\":[\"https:\\\/\\\/unrostore.com\\\/shop\\\/decoratie\\\/vazen\\\/witte-vaas-bio-h14\\\/\"]}]},{\"@type\":\"ImageObject\",\"inLanguage\":\"de\",\"@id\":\"https:\\\/\\\/unrostore.com\\\/shop\\\/decoratie\\\/vazen\\\/witte-vaas-bio-h14\\\/#primaryimage\",\"url\":\"https:\\\/\\\/unrostore.com\\\/wp-content\\\/uploads\\\/2022\\\/11\\\/unro-portugees-keramiek-bio-vaas-wit-h14-ca-atlantica.jpeg\",\"contentUrl\":\"https:\\\/\\\/unrostore.com\\\/wp-content\\\/uploads\\\/2022\\\/11\\\/unro-portugees-keramiek-bio-vaas-wit-h14-ca-atlantica.jpeg\",\"width\":2560,\"height\":2560,\"caption\":\"Ca Atlantica Bio Vaas Wit H14 Portugees Keramiek exclusief bij UNRO.\"},{\"@type\":\"BreadcrumbList\",\"@id\":\"https:\\\/\\\/unrostore.com\\\/shop\\\/decoratie\\\/vazen\\\/witte-vaas-bio-h14\\\/#breadcrumb\",\"itemListElement\":[{\"@type\":\"ListItem\",\"position\":1,\"name\":\"Home\",\"item\":\"https:\\\/\\\/unrostore.com\\\/\"},{\"@type\":\"ListItem\",\"position\":2,\"name\":\"Shop\",\"item\":\"https:\\\/\\\/unrostore.com\\\/shop\\\/\"},{\"@type\":\"ListItem\",\"position\":3,\"name\":\"Witte Vaas Bio H14\"}]},{\"@type\":\"WebSite\",\"@id\":\"https:\\\/\\\/unrostore.com\\\/#website\",\"url\":\"https:\\\/\\\/unrostore.com\\\/\",\"name\":\"UNRO\",\"description\":\"Portugees servies waar je blij van wordt!\",\"publisher\":{\"@id\":\"https:\\\/\\\/unrostore.com\\\/#organization\"},\"potentialAction\":[{\"@type\":\"SearchAction\",\"target\":{\"@type\":\"EntryPoint\",\"urlTemplate\":\"https:\\\/\\\/unrostore.com\\\/?s={search_term_string}\"},\"query-input\":{\"@type\":\"PropertyValueSpecification\",\"valueRequired\":true,\"valueName\":\"search_term_string\"}}],\"inLanguage\":\"de\"},{\"@type\":\"Organization\",\"@id\":\"https:\\\/\\\/unrostore.com\\\/#organization\",\"name\":\"UNRO\",\"url\":\"https:\\\/\\\/unrostore.com\\\/\",\"logo\":{\"@type\":\"ImageObject\",\"inLanguage\":\"de\",\"@id\":\"https:\\\/\\\/unrostore.com\\\/#\\\/schema\\\/logo\\\/image\\\/\",\"url\":\"https:\\\/\\\/unrostore.com\\\/wp-content\\\/uploads\\\/2022\\\/05\\\/Logo-UNRO.png\",\"contentUrl\":\"https:\\\/\\\/unrostore.com\\\/wp-content\\\/uploads\\\/2022\\\/05\\\/Logo-UNRO.png\",\"width\":605,\"height\":179,\"caption\":\"UNRO\"},\"image\":{\"@id\":\"https:\\\/\\\/unrostore.com\\\/#\\\/schema\\\/logo\\\/image\\\/\"}}]}<\/script>\n<!-- \/ Yoast SEO plugin. -->","yoast_head_json":{"title":"Wei\u00dfe Vase Bio H14 - UNRO","description":"Mit der wei\u00dfen Vase Bio H14 ist Ihr Interieur sofort gem\u00fctlich und ideal f\u00fcr die Dekoration mit der wei\u00dfen Vase Bio H19. Auch perfekt als Geburtstagsgeschenk!","robots":{"index":"index","follow":"follow","max-snippet":"max-snippet:-1","max-image-preview":"max-image-preview:large","max-video-preview":"max-video-preview:-1"},"canonical":"https:\/\/unrostore.com\/de-de\/shop\/dekoration-2\/vasen\/weise-vase-bio-h14\/","og_locale":"de_DE","og_type":"article","og_title":"Witte Vaas Bio H14 &#8226; UNRO","og_description":"Met de witte vaas Bio H14 is je interieur direct gezellig en ideaal ter decoratie met witte vaas Bio H19. Ook perfect cadeau te geven bij een verjaardag!","og_url":"https:\/\/unrostore.com\/de-de\/shop\/dekoration-2\/vasen\/weise-vase-bio-h14\/","og_site_name":"UNRO","article_modified_time":"2026-01-19T20:37:56+00:00","og_image":[{"width":2560,"height":2560,"url":"https:\/\/unrostore.com\/wp-content\/uploads\/2022\/11\/unro-portugees-keramiek-bio-vaas-wit-h14-ca-atlantica.jpeg","type":"image\/jpeg"}],"twitter_card":"summary_large_image","schema":{"@context":"https:\/\/schema.org","@graph":[{"@type":"WebPage","@id":"https:\/\/unrostore.com\/shop\/decoratie\/vazen\/witte-vaas-bio-h14\/","url":"https:\/\/unrostore.com\/shop\/decoratie\/vazen\/witte-vaas-bio-h14\/","name":"Wei\u00dfe Vase Bio H14 - UNRO","isPartOf":{"@id":"https:\/\/unrostore.com\/#website"},"primaryImageOfPage":{"@id":"https:\/\/unrostore.com\/shop\/decoratie\/vazen\/witte-vaas-bio-h14\/#primaryimage"},"image":{"@id":"https:\/\/unrostore.com\/shop\/decoratie\/vazen\/witte-vaas-bio-h14\/#primaryimage"},"thumbnailUrl":"https:\/\/unrostore.com\/wp-content\/uploads\/2022\/11\/unro-portugees-keramiek-bio-vaas-wit-h14-ca-atlantica.jpeg","datePublished":"2022-11-03T20:04:19+00:00","dateModified":"2026-01-19T20:37:56+00:00","description":"Mit der wei\u00dfen Vase Bio H14 ist Ihr Interieur sofort gem\u00fctlich und ideal f\u00fcr die Dekoration mit der wei\u00dfen Vase Bio H19. Auch perfekt als Geburtstagsgeschenk!","breadcrumb":{"@id":"https:\/\/unrostore.com\/shop\/decoratie\/vazen\/witte-vaas-bio-h14\/#breadcrumb"},"inLanguage":"de","potentialAction":[{"@type":"ReadAction","target":["https:\/\/unrostore.com\/shop\/decoratie\/vazen\/witte-vaas-bio-h14\/"]}]},{"@type":"ImageObject","inLanguage":"de","@id":"https:\/\/unrostore.com\/shop\/decoratie\/vazen\/witte-vaas-bio-h14\/#primaryimage","url":"https:\/\/unrostore.com\/wp-content\/uploads\/2022\/11\/unro-portugees-keramiek-bio-vaas-wit-h14-ca-atlantica.jpeg","contentUrl":"https:\/\/unrostore.com\/wp-content\/uploads\/2022\/11\/unro-portugees-keramiek-bio-vaas-wit-h14-ca-atlantica.jpeg","width":2560,"height":2560,"caption":"Ca Atlantica Bio Vaas Wit H14 Portugees Keramiek exclusief bij UNRO."},{"@type":"BreadcrumbList","@id":"https:\/\/unrostore.com\/shop\/decoratie\/vazen\/witte-vaas-bio-h14\/#breadcrumb","itemListElement":[{"@type":"ListItem","position":1,"name":"Home","item":"https:\/\/unrostore.com\/"},{"@type":"ListItem","position":2,"name":"Shop","item":"https:\/\/unrostore.com\/shop\/"},{"@type":"ListItem","position":3,"name":"Witte Vaas Bio H14"}]},{"@type":"WebSite","@id":"https:\/\/unrostore.com\/#website","url":"https:\/\/unrostore.com\/","name":"UNRO","description":"Portugiesisches Geschirr, das Sie gl\u00fccklich machen wird!","publisher":{"@id":"https:\/\/unrostore.com\/#organization"},"potentialAction":[{"@type":"SearchAction","target":{"@type":"EntryPoint","urlTemplate":"https:\/\/unrostore.com\/?s={search_term_string}"},"query-input":{"@type":"PropertyValueSpecification","valueRequired":true,"valueName":"search_term_string"}}],"inLanguage":"de"},{"@type":"Organization","@id":"https:\/\/unrostore.com\/#organization","name":"UNRO","url":"https:\/\/unrostore.com\/","logo":{"@type":"ImageObject","inLanguage":"de","@id":"https:\/\/unrostore.com\/#\/schema\/logo\/image\/","url":"https:\/\/unrostore.com\/wp-content\/uploads\/2022\/05\/Logo-UNRO.png","contentUrl":"https:\/\/unrostore.com\/wp-content\/uploads\/2022\/05\/Logo-UNRO.png","width":605,"height":179,"caption":"UNRO"},"image":{"@id":"https:\/\/unrostore.com\/#\/schema\/logo\/image\/"}}]}},"_links":{"self":[{"href":"https:\/\/unrostore.com\/de-de\/wp-json\/wp\/v2\/product\/2436","targetHints":{"allow":["GET"]}}],"collection":[{"href":"https:\/\/unrostore.com\/de-de\/wp-json\/wp\/v2\/product"}],"about":[{"href":"https:\/\/unrostore.com\/de-de\/wp-json\/wp\/v2\/types\/product"}],"wp:featuredmedia":[{"embeddable":true,"href":"https:\/\/unrostore.com\/de-de\/wp-json\/wp\/v2\/media\/3431"}],"wp:attachment":[{"href":"https:\/\/unrostore.com\/de-de\/wp-json\/wp\/v2\/media?parent=2436"}],"wp:term":[{"taxonomy":"product_brand","embeddable":true,"href":"https:\/\/unrostore.com\/de-de\/wp-json\/wp\/v2\/product_brand?post=2436"},{"taxonomy":"product_cat","embeddable":true,"href":"https:\/\/unrostore.com\/de-de\/wp-json\/wp\/v2\/product_cat?post=2436"},{"taxonomy":"product_tag","embeddable":true,"href":"https:\/\/unrostore.com\/de-de\/wp-json\/wp\/v2\/product_tag?post=2436"}],"curies":[{"name":"wp","href":"https:\/\/api.w.org\/{rel}","templated":true}]}}