{"id":2214,"date":"2022-10-16T14:45:51","date_gmt":"2022-10-16T14:45:51","guid":{"rendered":"https:\/\/unrostore.com\/?post_type=product&#038;p=2214"},"modified":"2026-01-19T20:38:14","modified_gmt":"2026-01-19T20:38:14","slug":"obstschale-blau-amazonia-blau","status":"publish","type":"product","link":"https:\/\/unrostore.com\/de-de\/shop\/terrafina\/amazonenblau\/obstschale-blau-amazonia-blau\/","title":{"rendered":"Obstschale Blau Amazonia Blue"},"content":{"rendered":"<h3>Entdecken Sie die sch\u00f6ne Blaue Obstschale Amazonia Blue<\/h3>\n<p>Die<strong> Obstschale Blau<\/strong>\u00a0<strong>Amazonia Blue <\/strong>von portugiesische Marke <a href=\"https:\/\/www.terrafinastore.com\/en\/collections\/amazonia\">Terrafina<\/a> ist aus hochwertiger, handgefertigter Keramik hergestellt. Die sch\u00f6ne k\u00f6nigsblaue Farbe ist noch intensiver als das Blau des Meeres und bringt jedes Gericht zum Strahlen. Von der Salatsch\u00fcssel \u00fcber die Salatschale bis hin zur Brotschale oder Obstschale, diese gro\u00dfe Servierschale ist multifunktional und kann nach dem Gebrauch direkt in die Sp\u00fclmaschine gestellt werden. Servieren Sie Ihr Gericht jetzt auf dieser Salatsch\u00fcssel und vervollst\u00e4ndigen Sie Ihr Mittag- oder Abendessen! Entdecken Sie jetzt auch die <a href=\"https:\/\/unrostore.com\/de-de\/shop\/terrafina\/amazonenblau\/amazonia-blue-kommen-2-delig\/\">Amazonia Blue Schalen<\/a>, <a href=\"https:\/\/unrostore.com\/de-de\/shop\/terrafina\/amazonenblau\/amazonia-blue-ontbijtborden-4-delig\/\">Amazonia Blue Fr\u00fchst\u00fccksteller<\/a> und die <a href=\"https:\/\/unrostore.com\/de-de\/shop\/terrafina\/amazonenblau\/amazonia-blue-dinerborden-4-delig\/\">Amazonia Blue Essteller<\/a>.<\/p>\n<p>\u00a0<\/p>\n<h3>Dies ist die Nummer, die Sie zugestellt bekommen<\/h3>\n<ul>\n<li>1x Amazonia Blue Obstschale <span style=\"font-weight: 400;\">\u00f8 26,5 cm<\/span><\/li>\n<li>1x Terrafina Geschenkbox<\/li>\n<\/ul>\n<p>\u00a0<\/p>\n<p><em><strong>Duurzaam voor mens & milieu:<\/strong><br \/>\nJedes Produkt ist ein Unikat, denn es wird in Handarbeit hergestellt.<br \/>\nDruck und Textur k\u00f6nnen daher leicht vom Produktfoto abweichen.<\/em><\/p>","protected":false},"excerpt":{"rendered":"<div class=\"usps\"><i class=\"far fa-check-circle\"><\/i> Mikrowellenfest<br \/>\n<i class=\"far fa-check-circle\"><\/i> Backofenfest (bis zu 200 Grad)<br \/>\n<i class=\"far fa-check-circle\"><\/i> Sp\u00fclmaschinenfest<br \/>\n<i class=\"far fa-thumbs-up\"><\/i> Handgefertigt<\/div>","protected":false},"featured_media":3529,"template":"","meta":[],"product_brand":[],"product_cat":[174,869,273,657,135,871,138,119],"product_tag":[175,177,253,607,251,254,601,605,631,143,148],"class_list":{"0":"post-2214","1":"product","2":"type-product","3":"status-publish","4":"has-post-thumbnail","6":"product_cat-amazonia-blue","7":"product_cat-unro-cadeautips","8":"product_cat-decoratie","9":"product_cat-fruitschalen-en-saladeschalen","10":"product_cat-kommen","11":"product_cat-unro-populair-portugees-keramiek","12":"product_cat-serveerschalen","13":"product_cat-terrafina","14":"product_tag-amazonia-blue","15":"product_tag-blauw","16":"product_tag-fruitschaal","17":"product_tag-groente-kom","18":"product_tag-grote-kom","19":"product_tag-grote-schaal","20":"product_tag-hapjesschaal","21":"product_tag-saladekom","22":"product_tag-saladeschaal","23":"product_tag-serveerkom","24":"product_tag-serveerschaal","25":"product_shipping_class-pakket","27":"first","28":"outofstock","29":"sale","30":"taxable","31":"shipping-taxable","32":"purchasable","33":"product-type-simple"},"yoast_head":"<!-- This site is optimized with the Yoast SEO plugin v27.6 - https:\/\/yoast.com\/product\/yoast-seo-wordpress\/ -->\n<title>Fruitschaal Blauw Amazonia Blue &#8226; UNRO<\/title>\n<meta name=\"description\" content=\"Nog intenser dan de zee is de Fruitschaal Blauw Amazonia Blue. Deze prachtige Koningsblauwe kleur laat elk gerecht stralen, ontdek het nu zelf!\" \/>\n<meta name=\"robots\" content=\"index, follow, max-snippet:-1, max-image-preview:large, max-video-preview:-1\" \/>\n<link rel=\"canonical\" href=\"https:\/\/unrostore.com\/de-de\/shop\/terrafina\/amazonenblau\/obstschale-blau-amazonia-blau\/\" \/>\n<meta property=\"og:locale\" content=\"de_DE\" \/>\n<meta property=\"og:type\" content=\"article\" \/>\n<meta property=\"og:title\" content=\"Fruitschaal Blauw Amazonia Blue &#8226; UNRO\" \/>\n<meta property=\"og:description\" content=\"Nog intenser dan de zee is de Fruitschaal Blauw Amazonia Blue. Deze prachtige Koningsblauwe kleur laat elk gerecht stralen, ontdek het nu zelf!\" \/>\n<meta property=\"og:url\" content=\"https:\/\/unrostore.com\/de-de\/shop\/terrafina\/amazonenblau\/obstschale-blau-amazonia-blau\/\" \/>\n<meta property=\"og:site_name\" content=\"UNRO\" \/>\n<meta property=\"article:modified_time\" content=\"2026-01-19T20:38:14+00:00\" \/>\n<meta property=\"og:image\" content=\"https:\/\/unrostore.com\/wp-content\/uploads\/2022\/10\/unro-portugees-servies-terrafina-amazonia-blue-serveerkom.jpg\" \/>\n\t<meta property=\"og:image:width\" content=\"1440\" \/>\n\t<meta property=\"og:image:height\" content=\"1440\" \/>\n\t<meta property=\"og:image:type\" content=\"image\/jpeg\" \/>\n<meta name=\"twitter:card\" content=\"summary_large_image\" \/>\n<script type=\"application\/ld+json\" class=\"yoast-schema-graph\">{\"@context\":\"https:\\\/\\\/schema.org\",\"@graph\":[{\"@type\":\"WebPage\",\"@id\":\"https:\\\/\\\/unrostore.com\\\/shop\\\/terrafina\\\/amazonia-blue\\\/fruitschaal-blauw-amazonia-blue\\\/\",\"url\":\"https:\\\/\\\/unrostore.com\\\/shop\\\/terrafina\\\/amazonia-blue\\\/fruitschaal-blauw-amazonia-blue\\\/\",\"name\":\"Fruitschaal Blauw Amazonia Blue &#8226; UNRO\",\"isPartOf\":{\"@id\":\"https:\\\/\\\/unrostore.com\\\/#website\"},\"primaryImageOfPage\":{\"@id\":\"https:\\\/\\\/unrostore.com\\\/shop\\\/terrafina\\\/amazonia-blue\\\/fruitschaal-blauw-amazonia-blue\\\/#primaryimage\"},\"image\":{\"@id\":\"https:\\\/\\\/unrostore.com\\\/shop\\\/terrafina\\\/amazonia-blue\\\/fruitschaal-blauw-amazonia-blue\\\/#primaryimage\"},\"thumbnailUrl\":\"https:\\\/\\\/unrostore.com\\\/wp-content\\\/uploads\\\/2022\\\/10\\\/unro-portugees-servies-terrafina-amazonia-blue-serveerkom.jpg\",\"datePublished\":\"2022-10-16T14:45:51+00:00\",\"dateModified\":\"2026-01-19T20:38:14+00:00\",\"description\":\"Nog intenser dan de zee is de Fruitschaal Blauw Amazonia Blue. Deze prachtige Koningsblauwe kleur laat elk gerecht stralen, ontdek het nu zelf!\",\"breadcrumb\":{\"@id\":\"https:\\\/\\\/unrostore.com\\\/shop\\\/terrafina\\\/amazonia-blue\\\/fruitschaal-blauw-amazonia-blue\\\/#breadcrumb\"},\"inLanguage\":\"de\",\"potentialAction\":[{\"@type\":\"ReadAction\",\"target\":[\"https:\\\/\\\/unrostore.com\\\/shop\\\/terrafina\\\/amazonia-blue\\\/fruitschaal-blauw-amazonia-blue\\\/\"]}]},{\"@type\":\"ImageObject\",\"inLanguage\":\"de\",\"@id\":\"https:\\\/\\\/unrostore.com\\\/shop\\\/terrafina\\\/amazonia-blue\\\/fruitschaal-blauw-amazonia-blue\\\/#primaryimage\",\"url\":\"https:\\\/\\\/unrostore.com\\\/wp-content\\\/uploads\\\/2022\\\/10\\\/unro-portugees-servies-terrafina-amazonia-blue-serveerkom.jpg\",\"contentUrl\":\"https:\\\/\\\/unrostore.com\\\/wp-content\\\/uploads\\\/2022\\\/10\\\/unro-portugees-servies-terrafina-amazonia-blue-serveerkom.jpg\",\"width\":1440,\"height\":1440,\"caption\":\"Fruitschaal Blauw Amazonia Blue Portugees Keramiek Servies\"},{\"@type\":\"BreadcrumbList\",\"@id\":\"https:\\\/\\\/unrostore.com\\\/shop\\\/terrafina\\\/amazonia-blue\\\/fruitschaal-blauw-amazonia-blue\\\/#breadcrumb\",\"itemListElement\":[{\"@type\":\"ListItem\",\"position\":1,\"name\":\"Home\",\"item\":\"https:\\\/\\\/unrostore.com\\\/\"},{\"@type\":\"ListItem\",\"position\":2,\"name\":\"Shop\",\"item\":\"https:\\\/\\\/unrostore.com\\\/shop\\\/\"},{\"@type\":\"ListItem\",\"position\":3,\"name\":\"Fruitschaal Blauw Amazonia Blue\"}]},{\"@type\":\"WebSite\",\"@id\":\"https:\\\/\\\/unrostore.com\\\/#website\",\"url\":\"https:\\\/\\\/unrostore.com\\\/\",\"name\":\"UNRO\",\"description\":\"Portugees servies waar je blij van wordt!\",\"publisher\":{\"@id\":\"https:\\\/\\\/unrostore.com\\\/#organization\"},\"potentialAction\":[{\"@type\":\"SearchAction\",\"target\":{\"@type\":\"EntryPoint\",\"urlTemplate\":\"https:\\\/\\\/unrostore.com\\\/?s={search_term_string}\"},\"query-input\":{\"@type\":\"PropertyValueSpecification\",\"valueRequired\":true,\"valueName\":\"search_term_string\"}}],\"inLanguage\":\"de\"},{\"@type\":\"Organization\",\"@id\":\"https:\\\/\\\/unrostore.com\\\/#organization\",\"name\":\"UNRO\",\"url\":\"https:\\\/\\\/unrostore.com\\\/\",\"logo\":{\"@type\":\"ImageObject\",\"inLanguage\":\"de\",\"@id\":\"https:\\\/\\\/unrostore.com\\\/#\\\/schema\\\/logo\\\/image\\\/\",\"url\":\"https:\\\/\\\/unrostore.com\\\/wp-content\\\/uploads\\\/2022\\\/05\\\/Logo-UNRO.png\",\"contentUrl\":\"https:\\\/\\\/unrostore.com\\\/wp-content\\\/uploads\\\/2022\\\/05\\\/Logo-UNRO.png\",\"width\":605,\"height\":179,\"caption\":\"UNRO\"},\"image\":{\"@id\":\"https:\\\/\\\/unrostore.com\\\/#\\\/schema\\\/logo\\\/image\\\/\"}}]}<\/script>\n<!-- \/ Yoast SEO plugin. -->","yoast_head_json":{"title":"Obstschale Blau Amazonien Blau - UNRO","description":"Noch intensiver als das Meer ist die Fruit Bowl Blue Amazonia Blue. Diese wundersch\u00f6ne k\u00f6nigsblaue Farbe bringt jedes Gericht zum Strahlen, entdecken Sie sie jetzt selbst!","robots":{"index":"index","follow":"follow","max-snippet":"max-snippet:-1","max-image-preview":"max-image-preview:large","max-video-preview":"max-video-preview:-1"},"canonical":"https:\/\/unrostore.com\/de-de\/shop\/terrafina\/amazonenblau\/obstschale-blau-amazonia-blau\/","og_locale":"de_DE","og_type":"article","og_title":"Fruitschaal Blauw Amazonia Blue &#8226; UNRO","og_description":"Nog intenser dan de zee is de Fruitschaal Blauw Amazonia Blue. Deze prachtige Koningsblauwe kleur laat elk gerecht stralen, ontdek het nu zelf!","og_url":"https:\/\/unrostore.com\/de-de\/shop\/terrafina\/amazonenblau\/obstschale-blau-amazonia-blau\/","og_site_name":"UNRO","article_modified_time":"2026-01-19T20:38:14+00:00","og_image":[{"width":1440,"height":1440,"url":"https:\/\/unrostore.com\/wp-content\/uploads\/2022\/10\/unro-portugees-servies-terrafina-amazonia-blue-serveerkom.jpg","type":"image\/jpeg"}],"twitter_card":"summary_large_image","schema":{"@context":"https:\/\/schema.org","@graph":[{"@type":"WebPage","@id":"https:\/\/unrostore.com\/shop\/terrafina\/amazonia-blue\/fruitschaal-blauw-amazonia-blue\/","url":"https:\/\/unrostore.com\/shop\/terrafina\/amazonia-blue\/fruitschaal-blauw-amazonia-blue\/","name":"Obstschale Blau Amazonien Blau - UNRO","isPartOf":{"@id":"https:\/\/unrostore.com\/#website"},"primaryImageOfPage":{"@id":"https:\/\/unrostore.com\/shop\/terrafina\/amazonia-blue\/fruitschaal-blauw-amazonia-blue\/#primaryimage"},"image":{"@id":"https:\/\/unrostore.com\/shop\/terrafina\/amazonia-blue\/fruitschaal-blauw-amazonia-blue\/#primaryimage"},"thumbnailUrl":"https:\/\/unrostore.com\/wp-content\/uploads\/2022\/10\/unro-portugees-servies-terrafina-amazonia-blue-serveerkom.jpg","datePublished":"2022-10-16T14:45:51+00:00","dateModified":"2026-01-19T20:38:14+00:00","description":"Noch intensiver als das Meer ist die Fruit Bowl Blue Amazonia Blue. Diese wundersch\u00f6ne k\u00f6nigsblaue Farbe bringt jedes Gericht zum Strahlen, entdecken Sie sie jetzt selbst!","breadcrumb":{"@id":"https:\/\/unrostore.com\/shop\/terrafina\/amazonia-blue\/fruitschaal-blauw-amazonia-blue\/#breadcrumb"},"inLanguage":"de","potentialAction":[{"@type":"ReadAction","target":["https:\/\/unrostore.com\/shop\/terrafina\/amazonia-blue\/fruitschaal-blauw-amazonia-blue\/"]}]},{"@type":"ImageObject","inLanguage":"de","@id":"https:\/\/unrostore.com\/shop\/terrafina\/amazonia-blue\/fruitschaal-blauw-amazonia-blue\/#primaryimage","url":"https:\/\/unrostore.com\/wp-content\/uploads\/2022\/10\/unro-portugees-servies-terrafina-amazonia-blue-serveerkom.jpg","contentUrl":"https:\/\/unrostore.com\/wp-content\/uploads\/2022\/10\/unro-portugees-servies-terrafina-amazonia-blue-serveerkom.jpg","width":1440,"height":1440,"caption":"Fruitschaal Blauw Amazonia Blue Portugees Keramiek Servies"},{"@type":"BreadcrumbList","@id":"https:\/\/unrostore.com\/shop\/terrafina\/amazonia-blue\/fruitschaal-blauw-amazonia-blue\/#breadcrumb","itemListElement":[{"@type":"ListItem","position":1,"name":"Home","item":"https:\/\/unrostore.com\/"},{"@type":"ListItem","position":2,"name":"Shop","item":"https:\/\/unrostore.com\/shop\/"},{"@type":"ListItem","position":3,"name":"Fruitschaal Blauw Amazonia Blue"}]},{"@type":"WebSite","@id":"https:\/\/unrostore.com\/#website","url":"https:\/\/unrostore.com\/","name":"UNRO","description":"Portugiesisches Geschirr, das Sie gl\u00fccklich machen wird!","publisher":{"@id":"https:\/\/unrostore.com\/#organization"},"potentialAction":[{"@type":"SearchAction","target":{"@type":"EntryPoint","urlTemplate":"https:\/\/unrostore.com\/?s={search_term_string}"},"query-input":{"@type":"PropertyValueSpecification","valueRequired":true,"valueName":"search_term_string"}}],"inLanguage":"de"},{"@type":"Organization","@id":"https:\/\/unrostore.com\/#organization","name":"UNRO","url":"https:\/\/unrostore.com\/","logo":{"@type":"ImageObject","inLanguage":"de","@id":"https:\/\/unrostore.com\/#\/schema\/logo\/image\/","url":"https:\/\/unrostore.com\/wp-content\/uploads\/2022\/05\/Logo-UNRO.png","contentUrl":"https:\/\/unrostore.com\/wp-content\/uploads\/2022\/05\/Logo-UNRO.png","width":605,"height":179,"caption":"UNRO"},"image":{"@id":"https:\/\/unrostore.com\/#\/schema\/logo\/image\/"}}]}},"_links":{"self":[{"href":"https:\/\/unrostore.com\/de-de\/wp-json\/wp\/v2\/product\/2214","targetHints":{"allow":["GET"]}}],"collection":[{"href":"https:\/\/unrostore.com\/de-de\/wp-json\/wp\/v2\/product"}],"about":[{"href":"https:\/\/unrostore.com\/de-de\/wp-json\/wp\/v2\/types\/product"}],"wp:featuredmedia":[{"embeddable":true,"href":"https:\/\/unrostore.com\/de-de\/wp-json\/wp\/v2\/media\/3529"}],"wp:attachment":[{"href":"https:\/\/unrostore.com\/de-de\/wp-json\/wp\/v2\/media?parent=2214"}],"wp:term":[{"taxonomy":"product_brand","embeddable":true,"href":"https:\/\/unrostore.com\/de-de\/wp-json\/wp\/v2\/product_brand?post=2214"},{"taxonomy":"product_cat","embeddable":true,"href":"https:\/\/unrostore.com\/de-de\/wp-json\/wp\/v2\/product_cat?post=2214"},{"taxonomy":"product_tag","embeddable":true,"href":"https:\/\/unrostore.com\/de-de\/wp-json\/wp\/v2\/product_tag?post=2214"}],"curies":[{"name":"wp","href":"https:\/\/api.w.org\/{rel}","templated":true}]}}