{"id":2204,"date":"2022-10-16T09:33:40","date_gmt":"2022-10-16T09:33:40","guid":{"rendered":"https:\/\/unrostore.com\/?post_type=product&#038;p=2204"},"modified":"2026-01-19T20:38:15","modified_gmt":"2026-01-19T20:38:15","slug":"blaues-geschirrset-amazonia-blau-4-personen","status":"publish","type":"product","link":"https:\/\/unrostore.com\/de-de\/shop\/terrafina\/amazonenblau\/blaues-geschirrset-amazonia-blau-4-personen\/","title":{"rendered":"Blaues Geschirrset Amazonia Blue - 4 Personen"},"content":{"rendered":"<h3>Das beste blaue Geschirrset Amazonia Blue - 4 Personen<\/h3>\n<p>Die <strong>Blaues Geschirrset mit Schalen Amazonia Blue - 4 Personen<\/strong> von portugiesische Marke <a href=\"https:\/\/www.terrafinastore.com\/en\/collections\/amazonia\">Terrafina<\/a> ist aus hochwertiger Keramik handgefertigt. <span style=\"font-weight: 400;\">Die leuchtend blaue Farbe der Kollektion Amazonia Blue wird Sie zum Staunen bringen. Lassen Sie den\/die K\u00fcchenprinzen in sich heraus und \u00fcberraschen Sie sich selbst oder Ihre Freunde und Familie und servieren Sie Ihre Kochk\u00fcnste auf dem Geschirr der Kollektion Amazonia! Jetzt auch einzeln erh\u00e4ltlich: <\/span><a href=\"https:\/\/unrostore.com\/de-de\/shop\/terrafina\/amazonenblau\/amazonia-blue-kommen-2-delig\/\">Amazonia Blue Schalen<\/a>, <a href=\"https:\/\/unrostore.com\/de-de\/shop\/terrafina\/amazonenblau\/amazonia-blue-ontbijtborden-4-delig\/\">Amazonia Blue Fr\u00fchst\u00fccksteller<\/a>, <a href=\"https:\/\/unrostore.com\/de-de\/shop\/terrafina\/amazonenblau\/blaue-essteller-amazonia-blau-4-stuck\/\">Amazonia Blue Essteller<\/a>.<\/p>\n<p>&nbsp;<\/p>\n<h3>Dies ist die Nummer, die Sie zugestellt bekommen<\/h3>\n<ul>\n<li>4x Amazonia Blue Schalen \u00f8 15 cm<\/li>\n<li>4x Amazonia Blue Fr\u00fchst\u00fccksteller \u00f8 22,5 cm<\/li>\n<li>4x Amazonia Blue Essteller \u00f8 28,5 cm<\/li>\n<li>4x Terrafina Geschenkbox<\/li>\n<\/ul>\n<p>&nbsp;<\/p>\n<p><em><strong>Nachhaltig f\u00fcr Mensch und Umwelt:<\/strong><br \/>\nJedes Produkt ist ein Unikat, denn es wird in Handarbeit hergestellt.<br \/>\nDruck und Textur k\u00f6nnen daher leicht vom Produktfoto abweichen.<\/em><\/p>","protected":false},"excerpt":{"rendered":"<div class=\"usps\"><i class=\"far fa-check-circle\"><\/i> Mikrowellenfest<br \/>\n<i class=\"far fa-check-circle\"><\/i> Backofenfest (bis zu 200 Grad)<br \/>\n<i class=\"far fa-check-circle\"><\/i> Sp\u00fclmaschinenfest<br \/>\n<i class=\"far fa-thumbs-up\"><\/i> Handgefertigt<\/div>","protected":false},"featured_media":7174,"template":"","meta":[],"product_brand":[],"product_cat":[729,174,122,119],"product_tag":[647,175,177,407,125,646,662,649,123],"class_list":{"0":"post-2204","1":"product","2":"type-product","3":"status-publish","4":"has-post-thumbnail","6":"product_cat-12-delig-servies-schaaltjes","7":"product_cat-amazonia-blue","8":"product_cat-serviesset","9":"product_cat-terrafina","10":"product_tag-12-delige-serviesset","11":"product_tag-amazonia-blue","12":"product_tag-blauw","13":"product_tag-blauwe-serviesset","14":"product_tag-serviesset","15":"product_tag-serviesset-met-kommen","16":"product_tag-serviesset-met-kommetjes","17":"product_tag-serviesset-voor-4-personen","18":"product_tag-terrafina","19":"product_shipping_class-pakket","21":"first","22":"outofstock","23":"sale","24":"taxable","25":"shipping-taxable","26":"purchasable","27":"product-type-simple"},"yoast_head":"<!-- This site is optimized with the Yoast SEO plugin v27.4 - https:\/\/yoast.com\/product\/yoast-seo-wordpress\/ -->\n<title>Blauwe Serviesset Amazonia Blue - 4 personen &#8226; UNRO<\/title>\n<meta name=\"description\" content=\"Laat de keukenprins(es) in jezelf naar boven komen en serveer jouw kookkunsten op de Blauwe Serviesset Amazonia Blue - 4 personen, nu ook apart bestelbaar.\" \/>\n<meta name=\"robots\" content=\"index, follow, max-snippet:-1, max-image-preview:large, max-video-preview:-1\" \/>\n<link rel=\"canonical\" href=\"https:\/\/unrostore.com\/de-de\/shop\/terrafina\/amazonenblau\/blaues-geschirrset-amazonia-blau-4-personen\/\" \/>\n<meta property=\"og:locale\" content=\"de_DE\" \/>\n<meta property=\"og:type\" content=\"article\" \/>\n<meta property=\"og:title\" content=\"Blauwe Serviesset Amazonia Blue - 4 personen &#8226; UNRO\" \/>\n<meta property=\"og:description\" content=\"Laat de keukenprins(es) in jezelf naar boven komen en serveer jouw kookkunsten op de Blauwe Serviesset Amazonia Blue - 4 personen, nu ook apart bestelbaar.\" \/>\n<meta property=\"og:url\" content=\"https:\/\/unrostore.com\/de-de\/shop\/terrafina\/amazonenblau\/blaues-geschirrset-amazonia-blau-4-personen\/\" \/>\n<meta property=\"og:site_name\" content=\"UNRO\" \/>\n<meta property=\"article:modified_time\" content=\"2026-01-19T20:38:15+00:00\" \/>\n<meta property=\"og:image\" content=\"https:\/\/unrostore.com\/wp-content\/uploads\/2022\/10\/unro-blauwe-serviesset-met-kommen-servies-12-delig.webp\" \/>\n\t<meta property=\"og:image:width\" content=\"1000\" \/>\n\t<meta property=\"og:image:height\" content=\"1000\" \/>\n\t<meta property=\"og:image:type\" content=\"image\/webp\" \/>\n<meta name=\"twitter:card\" content=\"summary_large_image\" \/>\n<script type=\"application\/ld+json\" class=\"yoast-schema-graph\">{\"@context\":\"https:\\\/\\\/schema.org\",\"@graph\":[{\"@type\":\"WebPage\",\"@id\":\"https:\\\/\\\/unrostore.com\\\/shop\\\/terrafina\\\/amazonia-blue\\\/blauwe-serviesset-amazonia-blue-4-personen\\\/\",\"url\":\"https:\\\/\\\/unrostore.com\\\/shop\\\/terrafina\\\/amazonia-blue\\\/blauwe-serviesset-amazonia-blue-4-personen\\\/\",\"name\":\"Blauwe Serviesset Amazonia Blue - 4 personen &#8226; UNRO\",\"isPartOf\":{\"@id\":\"https:\\\/\\\/unrostore.com\\\/#website\"},\"primaryImageOfPage\":{\"@id\":\"https:\\\/\\\/unrostore.com\\\/shop\\\/terrafina\\\/amazonia-blue\\\/blauwe-serviesset-amazonia-blue-4-personen\\\/#primaryimage\"},\"image\":{\"@id\":\"https:\\\/\\\/unrostore.com\\\/shop\\\/terrafina\\\/amazonia-blue\\\/blauwe-serviesset-amazonia-blue-4-personen\\\/#primaryimage\"},\"thumbnailUrl\":\"https:\\\/\\\/unrostore.com\\\/wp-content\\\/uploads\\\/2022\\\/10\\\/unro-blauwe-serviesset-met-kommen-servies-12-delig.webp\",\"datePublished\":\"2022-10-16T09:33:40+00:00\",\"dateModified\":\"2026-01-19T20:38:15+00:00\",\"description\":\"Laat de keukenprins(es) in jezelf naar boven komen en serveer jouw kookkunsten op de Blauwe Serviesset Amazonia Blue - 4 personen, nu ook apart bestelbaar.\",\"breadcrumb\":{\"@id\":\"https:\\\/\\\/unrostore.com\\\/shop\\\/terrafina\\\/amazonia-blue\\\/blauwe-serviesset-amazonia-blue-4-personen\\\/#breadcrumb\"},\"inLanguage\":\"de\",\"potentialAction\":[{\"@type\":\"ReadAction\",\"target\":[\"https:\\\/\\\/unrostore.com\\\/shop\\\/terrafina\\\/amazonia-blue\\\/blauwe-serviesset-amazonia-blue-4-personen\\\/\"]}]},{\"@type\":\"ImageObject\",\"inLanguage\":\"de\",\"@id\":\"https:\\\/\\\/unrostore.com\\\/shop\\\/terrafina\\\/amazonia-blue\\\/blauwe-serviesset-amazonia-blue-4-personen\\\/#primaryimage\",\"url\":\"https:\\\/\\\/unrostore.com\\\/wp-content\\\/uploads\\\/2022\\\/10\\\/unro-blauwe-serviesset-met-kommen-servies-12-delig.webp\",\"contentUrl\":\"https:\\\/\\\/unrostore.com\\\/wp-content\\\/uploads\\\/2022\\\/10\\\/unro-blauwe-serviesset-met-kommen-servies-12-delig.webp\",\"width\":1000,\"height\":1000,\"caption\":\"blauwe serviesset 12 delig\"},{\"@type\":\"BreadcrumbList\",\"@id\":\"https:\\\/\\\/unrostore.com\\\/shop\\\/terrafina\\\/amazonia-blue\\\/blauwe-serviesset-amazonia-blue-4-personen\\\/#breadcrumb\",\"itemListElement\":[{\"@type\":\"ListItem\",\"position\":1,\"name\":\"Home\",\"item\":\"https:\\\/\\\/unrostore.com\\\/\"},{\"@type\":\"ListItem\",\"position\":2,\"name\":\"Shop\",\"item\":\"https:\\\/\\\/unrostore.com\\\/shop\\\/\"},{\"@type\":\"ListItem\",\"position\":3,\"name\":\"Blauwe Serviesset Amazonia Blue &#8211; 4 personen\"}]},{\"@type\":\"WebSite\",\"@id\":\"https:\\\/\\\/unrostore.com\\\/#website\",\"url\":\"https:\\\/\\\/unrostore.com\\\/\",\"name\":\"UNRO\",\"description\":\"Portugees servies waar je blij van wordt!\",\"publisher\":{\"@id\":\"https:\\\/\\\/unrostore.com\\\/#organization\"},\"potentialAction\":[{\"@type\":\"SearchAction\",\"target\":{\"@type\":\"EntryPoint\",\"urlTemplate\":\"https:\\\/\\\/unrostore.com\\\/?s={search_term_string}\"},\"query-input\":{\"@type\":\"PropertyValueSpecification\",\"valueRequired\":true,\"valueName\":\"search_term_string\"}}],\"inLanguage\":\"de\"},{\"@type\":\"Organization\",\"@id\":\"https:\\\/\\\/unrostore.com\\\/#organization\",\"name\":\"UNRO\",\"url\":\"https:\\\/\\\/unrostore.com\\\/\",\"logo\":{\"@type\":\"ImageObject\",\"inLanguage\":\"de\",\"@id\":\"https:\\\/\\\/unrostore.com\\\/#\\\/schema\\\/logo\\\/image\\\/\",\"url\":\"https:\\\/\\\/unrostore.com\\\/wp-content\\\/uploads\\\/2022\\\/05\\\/Logo-UNRO.png\",\"contentUrl\":\"https:\\\/\\\/unrostore.com\\\/wp-content\\\/uploads\\\/2022\\\/05\\\/Logo-UNRO.png\",\"width\":605,\"height\":179,\"caption\":\"UNRO\"},\"image\":{\"@id\":\"https:\\\/\\\/unrostore.com\\\/#\\\/schema\\\/logo\\\/image\\\/\"}}]}<\/script>\n<!-- \/ Yoast SEO plugin. -->","yoast_head_json":{"title":"Blaues Geschirrset Amazonia Blue - 4 Personen - UNRO","description":"Lassen Sie den oder die K\u00fcchenprinzen in sich heraus und servieren Sie Ihre Kochk\u00fcnste auf dem blauen Geschirrset Amazonia Blue - 4 Personen, das jetzt auch separat zu bestellen ist.","robots":{"index":"index","follow":"follow","max-snippet":"max-snippet:-1","max-image-preview":"max-image-preview:large","max-video-preview":"max-video-preview:-1"},"canonical":"https:\/\/unrostore.com\/de-de\/shop\/terrafina\/amazonenblau\/blaues-geschirrset-amazonia-blau-4-personen\/","og_locale":"de_DE","og_type":"article","og_title":"Blauwe Serviesset Amazonia Blue - 4 personen &#8226; UNRO","og_description":"Laat de keukenprins(es) in jezelf naar boven komen en serveer jouw kookkunsten op de Blauwe Serviesset Amazonia Blue - 4 personen, nu ook apart bestelbaar.","og_url":"https:\/\/unrostore.com\/de-de\/shop\/terrafina\/amazonenblau\/blaues-geschirrset-amazonia-blau-4-personen\/","og_site_name":"UNRO","article_modified_time":"2026-01-19T20:38:15+00:00","og_image":[{"width":1000,"height":1000,"url":"https:\/\/unrostore.com\/wp-content\/uploads\/2022\/10\/unro-blauwe-serviesset-met-kommen-servies-12-delig.webp","type":"image\/webp"}],"twitter_card":"summary_large_image","schema":{"@context":"https:\/\/schema.org","@graph":[{"@type":"WebPage","@id":"https:\/\/unrostore.com\/shop\/terrafina\/amazonia-blue\/blauwe-serviesset-amazonia-blue-4-personen\/","url":"https:\/\/unrostore.com\/shop\/terrafina\/amazonia-blue\/blauwe-serviesset-amazonia-blue-4-personen\/","name":"Blaues Geschirrset Amazonia Blue - 4 Personen - UNRO","isPartOf":{"@id":"https:\/\/unrostore.com\/#website"},"primaryImageOfPage":{"@id":"https:\/\/unrostore.com\/shop\/terrafina\/amazonia-blue\/blauwe-serviesset-amazonia-blue-4-personen\/#primaryimage"},"image":{"@id":"https:\/\/unrostore.com\/shop\/terrafina\/amazonia-blue\/blauwe-serviesset-amazonia-blue-4-personen\/#primaryimage"},"thumbnailUrl":"https:\/\/unrostore.com\/wp-content\/uploads\/2022\/10\/unro-blauwe-serviesset-met-kommen-servies-12-delig.webp","datePublished":"2022-10-16T09:33:40+00:00","dateModified":"2026-01-19T20:38:15+00:00","description":"Lassen Sie den oder die K\u00fcchenprinzen in sich heraus und servieren Sie Ihre Kochk\u00fcnste auf dem blauen Geschirrset Amazonia Blue - 4 Personen, das jetzt auch separat zu bestellen ist.","breadcrumb":{"@id":"https:\/\/unrostore.com\/shop\/terrafina\/amazonia-blue\/blauwe-serviesset-amazonia-blue-4-personen\/#breadcrumb"},"inLanguage":"de","potentialAction":[{"@type":"ReadAction","target":["https:\/\/unrostore.com\/shop\/terrafina\/amazonia-blue\/blauwe-serviesset-amazonia-blue-4-personen\/"]}]},{"@type":"ImageObject","inLanguage":"de","@id":"https:\/\/unrostore.com\/shop\/terrafina\/amazonia-blue\/blauwe-serviesset-amazonia-blue-4-personen\/#primaryimage","url":"https:\/\/unrostore.com\/wp-content\/uploads\/2022\/10\/unro-blauwe-serviesset-met-kommen-servies-12-delig.webp","contentUrl":"https:\/\/unrostore.com\/wp-content\/uploads\/2022\/10\/unro-blauwe-serviesset-met-kommen-servies-12-delig.webp","width":1000,"height":1000,"caption":"blauwe serviesset 12 delig"},{"@type":"BreadcrumbList","@id":"https:\/\/unrostore.com\/shop\/terrafina\/amazonia-blue\/blauwe-serviesset-amazonia-blue-4-personen\/#breadcrumb","itemListElement":[{"@type":"ListItem","position":1,"name":"Home","item":"https:\/\/unrostore.com\/"},{"@type":"ListItem","position":2,"name":"Shop","item":"https:\/\/unrostore.com\/shop\/"},{"@type":"ListItem","position":3,"name":"Blauwe Serviesset Amazonia Blue &#8211; 4 personen"}]},{"@type":"WebSite","@id":"https:\/\/unrostore.com\/#website","url":"https:\/\/unrostore.com\/","name":"UNRO","description":"Portugiesisches Geschirr, das Sie gl\u00fccklich machen wird!","publisher":{"@id":"https:\/\/unrostore.com\/#organization"},"potentialAction":[{"@type":"SearchAction","target":{"@type":"EntryPoint","urlTemplate":"https:\/\/unrostore.com\/?s={search_term_string}"},"query-input":{"@type":"PropertyValueSpecification","valueRequired":true,"valueName":"search_term_string"}}],"inLanguage":"de"},{"@type":"Organization","@id":"https:\/\/unrostore.com\/#organization","name":"UNRO","url":"https:\/\/unrostore.com\/","logo":{"@type":"ImageObject","inLanguage":"de","@id":"https:\/\/unrostore.com\/#\/schema\/logo\/image\/","url":"https:\/\/unrostore.com\/wp-content\/uploads\/2022\/05\/Logo-UNRO.png","contentUrl":"https:\/\/unrostore.com\/wp-content\/uploads\/2022\/05\/Logo-UNRO.png","width":605,"height":179,"caption":"UNRO"},"image":{"@id":"https:\/\/unrostore.com\/#\/schema\/logo\/image\/"}}]}},"_links":{"self":[{"href":"https:\/\/unrostore.com\/de-de\/wp-json\/wp\/v2\/product\/2204","targetHints":{"allow":["GET"]}}],"collection":[{"href":"https:\/\/unrostore.com\/de-de\/wp-json\/wp\/v2\/product"}],"about":[{"href":"https:\/\/unrostore.com\/de-de\/wp-json\/wp\/v2\/types\/product"}],"wp:featuredmedia":[{"embeddable":true,"href":"https:\/\/unrostore.com\/de-de\/wp-json\/wp\/v2\/media\/7174"}],"wp:attachment":[{"href":"https:\/\/unrostore.com\/de-de\/wp-json\/wp\/v2\/media?parent=2204"}],"wp:term":[{"taxonomy":"product_brand","embeddable":true,"href":"https:\/\/unrostore.com\/de-de\/wp-json\/wp\/v2\/product_brand?post=2204"},{"taxonomy":"product_cat","embeddable":true,"href":"https:\/\/unrostore.com\/de-de\/wp-json\/wp\/v2\/product_cat?post=2204"},{"taxonomy":"product_tag","embeddable":true,"href":"https:\/\/unrostore.com\/de-de\/wp-json\/wp\/v2\/product_tag?post=2204"}],"curies":[{"name":"wp","href":"https:\/\/api.w.org\/{rel}","templated":true}]}}