{"id":2192,"date":"2022-10-16T09:20:16","date_gmt":"2022-10-16T09:20:16","guid":{"rendered":"https:\/\/unrostore.com\/?post_type=product&#038;p=2192"},"modified":"2026-01-19T20:38:15","modified_gmt":"2026-01-19T20:38:15","slug":"obstschale-grun-amazonia-grun","status":"publish","type":"product","link":"https:\/\/unrostore.com\/de-de\/shop\/terrafina\/amazonia-grun\/obstschale-grun-amazonia-grun\/","title":{"rendered":"Obstschale Gr\u00fcn Amazonia Green"},"content":{"rendered":"<h3>Einzigartige Obstschale Gr\u00fcn aus der Geschirrkollektion Amazonia Green<\/h3>\n<p>Die<strong> Obstschale Gr\u00fcn Amazonia Green<\/strong>\u00a0von portugiesische Marke <a href=\"https:\/\/www.terrafinastore.com\/en\/collections\/amazonia\">Terrafina<\/a> ist aus hochwertiger Keramik handgefertigt. Daher kann die Servierplatte direkt in die Sp\u00fclmaschine, in die Mikrowelle oder in den Backofen (bis zu 200 Grad) gestellt werden. <span style=\"font-weight: 400;\">Die Servierschale ist sehr vielseitig und eignet sich perfekt als Salatsch\u00fcssel, Salatsch\u00fcssel oder Servierplatte. Man w\u00fcrde die Amazonia Green Kollektion schon allein wegen ihres Aussehens kaufen. <\/span><span style=\"font-weight: 400;\">Entdecken Sie jetzt dieses Prunkst\u00fcck in einem aussagekr\u00e4ftigen Dunkelgr\u00fcn f\u00fcr Ihren Tisch oder Ihre K\u00fcche. Kombinieren Sie es auch mit dem <a href=\"https:\/\/unrostore.com\/de-de\/shop\/terrafina\/amazonia-grun\/amazonia-green-serviesset-12-delig\/\">Geschirrset Amazonia Gr\u00fcn<\/a>, die <a href=\"https:\/\/unrostore.com\/de-de\/shop\/terrafina\/amazonia-grun\/amazonia-green-mokken-2-delig\/\">Amazonia Gr\u00fcn Cappuccinotassen<\/a> oder <a href=\"https:\/\/unrostore.com\/de-de\/shop\/terrafina\/amazonia-grun\/amazonia-green-espresso-kopjes-2-delig\/\">Amazonia Gr\u00fcne Espresso-Tassen<\/a>.\u00a0<\/span><\/p>\n<p>\u00a0<\/p>\n<h3>Dies ist die Nummer, die Sie zugestellt bekommen<\/h3>\n<ul>\n<li>1x Amazonia Gr\u00fcne Obstschale <span style=\"font-weight: 400;\">\u00f8 26,5 cm<\/span><\/li>\n<li>1x Terrafina Geschenkbox<\/li>\n<\/ul>\n<p>\u00a0<\/p>\n<p><em><strong>Duurzaam voor mens & milieu:<\/strong><br \/>\nJedes Produkt ist ein Unikat, denn es wird in Handarbeit hergestellt.<br \/>\nDruck und Textur k\u00f6nnen daher leicht vom Produktfoto abweichen.<\/em><\/p>","protected":false},"excerpt":{"rendered":"<div class=\"usps\"><i class=\"far fa-check-circle\"><\/i> Mikrowellenfest<br \/>\n<i class=\"far fa-check-circle\"><\/i> Backofenfest (bis zu 200 Grad)<br \/>\n<i class=\"far fa-check-circle\"><\/i> Sp\u00fclmaschinenfest<br \/>\n<i class=\"far fa-thumbs-up\"><\/i> Handgefertigt<\/div>","protected":false},"featured_media":3548,"template":"","meta":[],"product_brand":[],"product_cat":[869,273,657,170,135,871,138,119],"product_tag":[173,253,663,171,402,612,607,254,601,605,252,143,123],"class_list":{"0":"post-2192","1":"product","2":"type-product","3":"status-publish","4":"has-post-thumbnail","6":"product_cat-unro-cadeautips","7":"product_cat-decoratie","8":"product_cat-fruitschalen-en-saladeschalen","9":"product_cat-amazonia-green","10":"product_cat-kommen","11":"product_cat-unro-populair-portugees-keramiek","12":"product_cat-serveerschalen","13":"product_cat-terrafina","14":"product_tag-amazonia-green","15":"product_tag-fruitschaal","16":"product_tag-fruitschaal-groen","17":"product_tag-groen","18":"product_tag-groen-servies","19":"product_tag-groene-serveerschaal","20":"product_tag-groente-kom","21":"product_tag-grote-schaal","22":"product_tag-hapjesschaal","23":"product_tag-saladekom","24":"product_tag-schaal","25":"product_tag-serveerkom","26":"product_tag-terrafina","27":"product_shipping_class-pakket","29":"first","30":"outofstock","31":"sale","32":"taxable","33":"shipping-taxable","34":"purchasable","35":"product-type-simple"},"yoast_head":"<!-- This site is optimized with the Yoast SEO plugin v27.5 - https:\/\/yoast.com\/product\/yoast-seo-wordpress\/ -->\n<title>Fruitschaal Groen Amazonia Green &#8226; UNRO<\/title>\n<meta name=\"description\" content=\"Ontdek nu dit pronkstuk voor op tafel in de natuurlijke kleur groen en bestel de fruitschaal groen om jouw servies set compleet te maken!\" \/>\n<meta name=\"robots\" content=\"index, follow, max-snippet:-1, max-image-preview:large, max-video-preview:-1\" \/>\n<link rel=\"canonical\" href=\"https:\/\/unrostore.com\/de-de\/shop\/terrafina\/amazonia-grun\/obstschale-grun-amazonia-grun\/\" \/>\n<meta property=\"og:locale\" content=\"de_DE\" \/>\n<meta property=\"og:type\" content=\"article\" \/>\n<meta property=\"og:title\" content=\"Fruitschaal Groen Amazonia Green &#8226; UNRO\" \/>\n<meta property=\"og:description\" content=\"Ontdek nu dit pronkstuk voor op tafel in de natuurlijke kleur groen en bestel de fruitschaal groen om jouw servies set compleet te maken!\" \/>\n<meta property=\"og:url\" content=\"https:\/\/unrostore.com\/de-de\/shop\/terrafina\/amazonia-grun\/obstschale-grun-amazonia-grun\/\" \/>\n<meta property=\"og:site_name\" content=\"UNRO\" \/>\n<meta property=\"article:modified_time\" content=\"2026-01-19T20:38:15+00:00\" \/>\n<meta property=\"og:image\" content=\"https:\/\/unrostore.com\/wp-content\/uploads\/2022\/10\/unro-portugees-servies-terrafina-amazonia-green-serveerkom-zijkant.jpg\" \/>\n\t<meta property=\"og:image:width\" content=\"1440\" \/>\n\t<meta property=\"og:image:height\" content=\"1440\" \/>\n\t<meta property=\"og:image:type\" content=\"image\/jpeg\" \/>\n<meta name=\"twitter:card\" content=\"summary_large_image\" \/>\n<script type=\"application\/ld+json\" class=\"yoast-schema-graph\">{\"@context\":\"https:\\\/\\\/schema.org\",\"@graph\":[{\"@type\":\"WebPage\",\"@id\":\"https:\\\/\\\/unrostore.com\\\/shop\\\/terrafina\\\/amazonia-green\\\/fruitschaal-groen-amazonia-green\\\/\",\"url\":\"https:\\\/\\\/unrostore.com\\\/shop\\\/terrafina\\\/amazonia-green\\\/fruitschaal-groen-amazonia-green\\\/\",\"name\":\"Fruitschaal Groen Amazonia Green &#8226; UNRO\",\"isPartOf\":{\"@id\":\"https:\\\/\\\/unrostore.com\\\/#website\"},\"primaryImageOfPage\":{\"@id\":\"https:\\\/\\\/unrostore.com\\\/shop\\\/terrafina\\\/amazonia-green\\\/fruitschaal-groen-amazonia-green\\\/#primaryimage\"},\"image\":{\"@id\":\"https:\\\/\\\/unrostore.com\\\/shop\\\/terrafina\\\/amazonia-green\\\/fruitschaal-groen-amazonia-green\\\/#primaryimage\"},\"thumbnailUrl\":\"https:\\\/\\\/unrostore.com\\\/wp-content\\\/uploads\\\/2022\\\/10\\\/unro-portugees-servies-terrafina-amazonia-green-serveerkom-zijkant.jpg\",\"datePublished\":\"2022-10-16T09:20:16+00:00\",\"dateModified\":\"2026-01-19T20:38:15+00:00\",\"description\":\"Ontdek nu dit pronkstuk voor op tafel in de natuurlijke kleur groen en bestel de fruitschaal groen om jouw servies set compleet te maken!\",\"breadcrumb\":{\"@id\":\"https:\\\/\\\/unrostore.com\\\/shop\\\/terrafina\\\/amazonia-green\\\/fruitschaal-groen-amazonia-green\\\/#breadcrumb\"},\"inLanguage\":\"de\",\"potentialAction\":[{\"@type\":\"ReadAction\",\"target\":[\"https:\\\/\\\/unrostore.com\\\/shop\\\/terrafina\\\/amazonia-green\\\/fruitschaal-groen-amazonia-green\\\/\"]}]},{\"@type\":\"ImageObject\",\"inLanguage\":\"de\",\"@id\":\"https:\\\/\\\/unrostore.com\\\/shop\\\/terrafina\\\/amazonia-green\\\/fruitschaal-groen-amazonia-green\\\/#primaryimage\",\"url\":\"https:\\\/\\\/unrostore.com\\\/wp-content\\\/uploads\\\/2022\\\/10\\\/unro-portugees-servies-terrafina-amazonia-green-serveerkom-zijkant.jpg\",\"contentUrl\":\"https:\\\/\\\/unrostore.com\\\/wp-content\\\/uploads\\\/2022\\\/10\\\/unro-portugees-servies-terrafina-amazonia-green-serveerkom-zijkant.jpg\",\"width\":1440,\"height\":1440,\"caption\":\"Fruitschaal Groen Amazonia Green Portugees Keramiek Servies\"},{\"@type\":\"BreadcrumbList\",\"@id\":\"https:\\\/\\\/unrostore.com\\\/shop\\\/terrafina\\\/amazonia-green\\\/fruitschaal-groen-amazonia-green\\\/#breadcrumb\",\"itemListElement\":[{\"@type\":\"ListItem\",\"position\":1,\"name\":\"Home\",\"item\":\"https:\\\/\\\/unrostore.com\\\/\"},{\"@type\":\"ListItem\",\"position\":2,\"name\":\"Shop\",\"item\":\"https:\\\/\\\/unrostore.com\\\/shop\\\/\"},{\"@type\":\"ListItem\",\"position\":3,\"name\":\"Fruitschaal Groen Amazonia Green\"}]},{\"@type\":\"WebSite\",\"@id\":\"https:\\\/\\\/unrostore.com\\\/#website\",\"url\":\"https:\\\/\\\/unrostore.com\\\/\",\"name\":\"UNRO\",\"description\":\"Portugees servies waar je blij van wordt!\",\"publisher\":{\"@id\":\"https:\\\/\\\/unrostore.com\\\/#organization\"},\"potentialAction\":[{\"@type\":\"SearchAction\",\"target\":{\"@type\":\"EntryPoint\",\"urlTemplate\":\"https:\\\/\\\/unrostore.com\\\/?s={search_term_string}\"},\"query-input\":{\"@type\":\"PropertyValueSpecification\",\"valueRequired\":true,\"valueName\":\"search_term_string\"}}],\"inLanguage\":\"de\"},{\"@type\":\"Organization\",\"@id\":\"https:\\\/\\\/unrostore.com\\\/#organization\",\"name\":\"UNRO\",\"url\":\"https:\\\/\\\/unrostore.com\\\/\",\"logo\":{\"@type\":\"ImageObject\",\"inLanguage\":\"de\",\"@id\":\"https:\\\/\\\/unrostore.com\\\/#\\\/schema\\\/logo\\\/image\\\/\",\"url\":\"https:\\\/\\\/unrostore.com\\\/wp-content\\\/uploads\\\/2022\\\/05\\\/Logo-UNRO.png\",\"contentUrl\":\"https:\\\/\\\/unrostore.com\\\/wp-content\\\/uploads\\\/2022\\\/05\\\/Logo-UNRO.png\",\"width\":605,\"height\":179,\"caption\":\"UNRO\"},\"image\":{\"@id\":\"https:\\\/\\\/unrostore.com\\\/#\\\/schema\\\/logo\\\/image\\\/\"}}]}<\/script>\n<!-- \/ Yoast SEO plugin. -->","yoast_head_json":{"title":"Obstschale Gr\u00fcn Amazonien Gr\u00fcn - UNRO","description":"Entdecken Sie jetzt dieses Prunkst\u00fcck f\u00fcr den Tisch in der nat\u00fcrlichen Farbe Gr\u00fcn und bestellen Sie die Obstschale gr\u00fcn zur Vervollst\u00e4ndigung Ihres Geschirrsets!","robots":{"index":"index","follow":"follow","max-snippet":"max-snippet:-1","max-image-preview":"max-image-preview:large","max-video-preview":"max-video-preview:-1"},"canonical":"https:\/\/unrostore.com\/de-de\/shop\/terrafina\/amazonia-grun\/obstschale-grun-amazonia-grun\/","og_locale":"de_DE","og_type":"article","og_title":"Fruitschaal Groen Amazonia Green &#8226; UNRO","og_description":"Ontdek nu dit pronkstuk voor op tafel in de natuurlijke kleur groen en bestel de fruitschaal groen om jouw servies set compleet te maken!","og_url":"https:\/\/unrostore.com\/de-de\/shop\/terrafina\/amazonia-grun\/obstschale-grun-amazonia-grun\/","og_site_name":"UNRO","article_modified_time":"2026-01-19T20:38:15+00:00","og_image":[{"width":1440,"height":1440,"url":"https:\/\/unrostore.com\/wp-content\/uploads\/2022\/10\/unro-portugees-servies-terrafina-amazonia-green-serveerkom-zijkant.jpg","type":"image\/jpeg"}],"twitter_card":"summary_large_image","schema":{"@context":"https:\/\/schema.org","@graph":[{"@type":"WebPage","@id":"https:\/\/unrostore.com\/shop\/terrafina\/amazonia-green\/fruitschaal-groen-amazonia-green\/","url":"https:\/\/unrostore.com\/shop\/terrafina\/amazonia-green\/fruitschaal-groen-amazonia-green\/","name":"Obstschale Gr\u00fcn Amazonien Gr\u00fcn - UNRO","isPartOf":{"@id":"https:\/\/unrostore.com\/#website"},"primaryImageOfPage":{"@id":"https:\/\/unrostore.com\/shop\/terrafina\/amazonia-green\/fruitschaal-groen-amazonia-green\/#primaryimage"},"image":{"@id":"https:\/\/unrostore.com\/shop\/terrafina\/amazonia-green\/fruitschaal-groen-amazonia-green\/#primaryimage"},"thumbnailUrl":"https:\/\/unrostore.com\/wp-content\/uploads\/2022\/10\/unro-portugees-servies-terrafina-amazonia-green-serveerkom-zijkant.jpg","datePublished":"2022-10-16T09:20:16+00:00","dateModified":"2026-01-19T20:38:15+00:00","description":"Entdecken Sie jetzt dieses Prunkst\u00fcck f\u00fcr den Tisch in der nat\u00fcrlichen Farbe Gr\u00fcn und bestellen Sie die Obstschale gr\u00fcn zur Vervollst\u00e4ndigung Ihres Geschirrsets!","breadcrumb":{"@id":"https:\/\/unrostore.com\/shop\/terrafina\/amazonia-green\/fruitschaal-groen-amazonia-green\/#breadcrumb"},"inLanguage":"de","potentialAction":[{"@type":"ReadAction","target":["https:\/\/unrostore.com\/shop\/terrafina\/amazonia-green\/fruitschaal-groen-amazonia-green\/"]}]},{"@type":"ImageObject","inLanguage":"de","@id":"https:\/\/unrostore.com\/shop\/terrafina\/amazonia-green\/fruitschaal-groen-amazonia-green\/#primaryimage","url":"https:\/\/unrostore.com\/wp-content\/uploads\/2022\/10\/unro-portugees-servies-terrafina-amazonia-green-serveerkom-zijkant.jpg","contentUrl":"https:\/\/unrostore.com\/wp-content\/uploads\/2022\/10\/unro-portugees-servies-terrafina-amazonia-green-serveerkom-zijkant.jpg","width":1440,"height":1440,"caption":"Fruitschaal Groen Amazonia Green Portugees Keramiek Servies"},{"@type":"BreadcrumbList","@id":"https:\/\/unrostore.com\/shop\/terrafina\/amazonia-green\/fruitschaal-groen-amazonia-green\/#breadcrumb","itemListElement":[{"@type":"ListItem","position":1,"name":"Home","item":"https:\/\/unrostore.com\/"},{"@type":"ListItem","position":2,"name":"Shop","item":"https:\/\/unrostore.com\/shop\/"},{"@type":"ListItem","position":3,"name":"Fruitschaal Groen Amazonia Green"}]},{"@type":"WebSite","@id":"https:\/\/unrostore.com\/#website","url":"https:\/\/unrostore.com\/","name":"UNRO","description":"Portugiesisches Geschirr, das Sie gl\u00fccklich machen wird!","publisher":{"@id":"https:\/\/unrostore.com\/#organization"},"potentialAction":[{"@type":"SearchAction","target":{"@type":"EntryPoint","urlTemplate":"https:\/\/unrostore.com\/?s={search_term_string}"},"query-input":{"@type":"PropertyValueSpecification","valueRequired":true,"valueName":"search_term_string"}}],"inLanguage":"de"},{"@type":"Organization","@id":"https:\/\/unrostore.com\/#organization","name":"UNRO","url":"https:\/\/unrostore.com\/","logo":{"@type":"ImageObject","inLanguage":"de","@id":"https:\/\/unrostore.com\/#\/schema\/logo\/image\/","url":"https:\/\/unrostore.com\/wp-content\/uploads\/2022\/05\/Logo-UNRO.png","contentUrl":"https:\/\/unrostore.com\/wp-content\/uploads\/2022\/05\/Logo-UNRO.png","width":605,"height":179,"caption":"UNRO"},"image":{"@id":"https:\/\/unrostore.com\/#\/schema\/logo\/image\/"}}]}},"_links":{"self":[{"href":"https:\/\/unrostore.com\/de-de\/wp-json\/wp\/v2\/product\/2192","targetHints":{"allow":["GET"]}}],"collection":[{"href":"https:\/\/unrostore.com\/de-de\/wp-json\/wp\/v2\/product"}],"about":[{"href":"https:\/\/unrostore.com\/de-de\/wp-json\/wp\/v2\/types\/product"}],"wp:featuredmedia":[{"embeddable":true,"href":"https:\/\/unrostore.com\/de-de\/wp-json\/wp\/v2\/media\/3548"}],"wp:attachment":[{"href":"https:\/\/unrostore.com\/de-de\/wp-json\/wp\/v2\/media?parent=2192"}],"wp:term":[{"taxonomy":"product_brand","embeddable":true,"href":"https:\/\/unrostore.com\/de-de\/wp-json\/wp\/v2\/product_brand?post=2192"},{"taxonomy":"product_cat","embeddable":true,"href":"https:\/\/unrostore.com\/de-de\/wp-json\/wp\/v2\/product_cat?post=2192"},{"taxonomy":"product_tag","embeddable":true,"href":"https:\/\/unrostore.com\/de-de\/wp-json\/wp\/v2\/product_tag?post=2192"}],"curies":[{"name":"wp","href":"https:\/\/api.w.org\/{rel}","templated":true}]}}