{"id":2189,"date":"2022-10-16T09:13:32","date_gmt":"2022-10-16T09:13:32","guid":{"rendered":"https:\/\/unrostore.com\/?post_type=product&#038;p=2189"},"modified":"2026-01-19T20:43:08","modified_gmt":"2026-01-19T20:43:08","slug":"espressotassen-grun-amazonia-grun-2-stuck","status":"publish","type":"product","link":"https:\/\/unrostore.com\/de-de\/shop\/terrafina\/amazonia-grun\/espressotassen-grun-amazonia-grun-2-stuck\/","title":{"rendered":"Espresso-Tassen Gr\u00fcn 100 ml Amazonien Gr\u00fcn - 2 St\u00fcck"},"content":{"rendered":"<h3>Prachtige Espresso Kopjes Groen Amazonia Green \u2013 2-delig uit de Amazonia Green servies collectie<\/h3>\n<p>Die <strong>Espresso-Tassen Gr\u00fcn<\/strong> Amazonia Green \u2013 2-delig van Portugees merk <a href=\"https:\/\/www.terrafinastore.com\/en\/collections\/amazonia\">Terrafina<\/a> sind aus hochwertiger Keramik handgefertigt. <span style=\"font-weight: 400;\">Die kleine Gr\u00f6\u00dfe ist besonders w\u00e4hrend der Kaffeezeit f\u00fcr Espresso-Fanatiker. Und wenn Sie nicht bereits ein Fan von Espresso waren, werden Sie es sein, wenn Sie diese dunkelgr\u00fcnen Espressotassen mit Ohr sehen. Servieren Sie Ihren G\u00e4sten beim High Tea oder g\u00f6nnen Sie sich nach dem Essen einen Espresso, der zu Ihrem Amazonia Green <a href=\"https:\/\/unrostore.com\/de-de\/shop\/terrafina\/amazonia-grun\/amazonia-green-serviesset-12-delig\/\">Geschirrset<\/a> oder <a href=\"https:\/\/unrostore.com\/de-de\/shop\/terrafina\/amazonia-grun\/amazonia-green-mokken-2-delig\/\">Tassen &amp; Becher<\/a> f\u00fcr ein wahres Luxus-Restaurant-Erlebnis bei Ihnen zu Hause!<\/span><\/p>\n<p>\u00a0<\/p>\n<h3>Das ist die Anzahl der Tassen, die Sie geliefert bekommen<\/h3>\n<ul>\n<li>4x Amazonia Green Espresso Tassen (100 ml trinkbares Volumen)<\/li>\n<li>1x Terrafina Geschenkbox<\/li>\n<\/ul>\n<p>\u00a0<\/p>\n<p><em><strong>Duurzaam voor mens & milieu:<\/strong><br \/>\nJedes Produkt ist ein Unikat, denn es wird in Handarbeit hergestellt.<br \/>\nDruck und Textur k\u00f6nnen daher leicht vom Produktfoto abweichen.<\/em><\/p>","protected":false},"excerpt":{"rendered":"<div class=\"usps\"><i class=\"far fa-check-circle\"><\/i> Mikrowellenfest<br \/>\n<i class=\"far fa-check-circle\"><\/i> Backofenfest (bis zu 200 Grad)<br \/>\n<i class=\"far fa-check-circle\"><\/i> Sp\u00fclmaschinenfest<br \/>\n<i class=\"far fa-thumbs-up\"><\/i> Handgefertigt<\/div>","protected":false},"featured_media":3551,"template":"","meta":[],"product_brand":[],"product_cat":[869,307,170,132,871,119],"product_tag":[173,193,664,171,665,374,372,666,123],"class_list":{"0":"post-2189","1":"product","2":"type-product","3":"status-publish","4":"has-post-thumbnail","6":"product_cat-unro-cadeautips","7":"product_cat-espresso-kopjes","8":"product_cat-amazonia-green","9":"product_cat-kopjes-en-mokken","10":"product_cat-unro-populair-portugees-keramiek","11":"product_cat-terrafina","12":"product_tag-amazonia-green","13":"product_tag-espresso-kopjes","14":"product_tag-espresso-kopjes-groen","15":"product_tag-groen","16":"product_tag-groene-espresso-kopjes","17":"product_tag-groene-kopjes","18":"product_tag-kleine-kopjes","19":"product_tag-koffie-kopjes","20":"product_tag-terrafina","21":"product_shipping_class-pakket","23":"first","24":"outofstock","25":"sale","26":"taxable","27":"shipping-taxable","28":"purchasable","29":"product-type-simple"},"yoast_head":"<!-- This site is optimized with the Yoast SEO plugin v27.6 - https:\/\/yoast.com\/product\/yoast-seo-wordpress\/ -->\n<title>Espresso Kopjes Groen 100 ml Amazonia Green - 2-delig &#8226; UNRO<\/title>\n<meta name=\"description\" content=\"De Espresso Kopjes Groen - 2-delig uit de Amazonia Green collectie passen perfect bij je groene Serviesset voor de echte restaurant beleving bij jou thuis!\" \/>\n<meta name=\"robots\" content=\"index, follow, max-snippet:-1, max-image-preview:large, max-video-preview:-1\" \/>\n<link rel=\"canonical\" href=\"https:\/\/unrostore.com\/de-de\/shop\/terrafina\/amazonia-grun\/espressotassen-grun-amazonia-grun-2-stuck\/\" \/>\n<meta property=\"og:locale\" content=\"de_DE\" \/>\n<meta property=\"og:type\" content=\"article\" \/>\n<meta property=\"og:title\" content=\"Espresso Kopjes Groen 100 ml Amazonia Green - 2-delig &#8226; UNRO\" \/>\n<meta property=\"og:description\" content=\"De Espresso Kopjes Groen - 2-delig uit de Amazonia Green collectie passen perfect bij je groene Serviesset voor de echte restaurant beleving bij jou thuis!\" \/>\n<meta property=\"og:url\" content=\"https:\/\/unrostore.com\/de-de\/shop\/terrafina\/amazonia-grun\/espressotassen-grun-amazonia-grun-2-stuck\/\" \/>\n<meta property=\"og:site_name\" content=\"UNRO\" \/>\n<meta property=\"article:modified_time\" content=\"2026-01-19T20:43:08+00:00\" \/>\n<meta property=\"og:image\" content=\"https:\/\/unrostore.com\/wp-content\/uploads\/2022\/10\/unro-portugees-servies-terrafina-amazonia-green-espresso-kopjes-2-delig.jpg\" \/>\n\t<meta property=\"og:image:width\" content=\"1440\" \/>\n\t<meta property=\"og:image:height\" content=\"1440\" \/>\n\t<meta property=\"og:image:type\" content=\"image\/jpeg\" \/>\n<meta name=\"twitter:card\" content=\"summary_large_image\" \/>\n<script type=\"application\/ld+json\" class=\"yoast-schema-graph\">{\"@context\":\"https:\\\/\\\/schema.org\",\"@graph\":[{\"@type\":\"WebPage\",\"@id\":\"https:\\\/\\\/unrostore.com\\\/shop\\\/terrafina\\\/amazonia-green\\\/espresso-kopjes-groen-amazonia-green-2-delig\\\/\",\"url\":\"https:\\\/\\\/unrostore.com\\\/shop\\\/terrafina\\\/amazonia-green\\\/espresso-kopjes-groen-amazonia-green-2-delig\\\/\",\"name\":\"Espresso Kopjes Groen 100 ml Amazonia Green - 2-delig &#8226; UNRO\",\"isPartOf\":{\"@id\":\"https:\\\/\\\/unrostore.com\\\/#website\"},\"primaryImageOfPage\":{\"@id\":\"https:\\\/\\\/unrostore.com\\\/shop\\\/terrafina\\\/amazonia-green\\\/espresso-kopjes-groen-amazonia-green-2-delig\\\/#primaryimage\"},\"image\":{\"@id\":\"https:\\\/\\\/unrostore.com\\\/shop\\\/terrafina\\\/amazonia-green\\\/espresso-kopjes-groen-amazonia-green-2-delig\\\/#primaryimage\"},\"thumbnailUrl\":\"https:\\\/\\\/unrostore.com\\\/wp-content\\\/uploads\\\/2022\\\/10\\\/unro-portugees-servies-terrafina-amazonia-green-espresso-kopjes-2-delig.jpg\",\"datePublished\":\"2022-10-16T09:13:32+00:00\",\"dateModified\":\"2026-01-19T20:43:08+00:00\",\"description\":\"De Espresso Kopjes Groen - 2-delig uit de Amazonia Green collectie passen perfect bij je groene Serviesset voor de echte restaurant beleving bij jou thuis!\",\"breadcrumb\":{\"@id\":\"https:\\\/\\\/unrostore.com\\\/shop\\\/terrafina\\\/amazonia-green\\\/espresso-kopjes-groen-amazonia-green-2-delig\\\/#breadcrumb\"},\"inLanguage\":\"de\",\"potentialAction\":[{\"@type\":\"ReadAction\",\"target\":[\"https:\\\/\\\/unrostore.com\\\/shop\\\/terrafina\\\/amazonia-green\\\/espresso-kopjes-groen-amazonia-green-2-delig\\\/\"]}]},{\"@type\":\"ImageObject\",\"inLanguage\":\"de\",\"@id\":\"https:\\\/\\\/unrostore.com\\\/shop\\\/terrafina\\\/amazonia-green\\\/espresso-kopjes-groen-amazonia-green-2-delig\\\/#primaryimage\",\"url\":\"https:\\\/\\\/unrostore.com\\\/wp-content\\\/uploads\\\/2022\\\/10\\\/unro-portugees-servies-terrafina-amazonia-green-espresso-kopjes-2-delig.jpg\",\"contentUrl\":\"https:\\\/\\\/unrostore.com\\\/wp-content\\\/uploads\\\/2022\\\/10\\\/unro-portugees-servies-terrafina-amazonia-green-espresso-kopjes-2-delig.jpg\",\"width\":1440,\"height\":1440,\"caption\":\"AEspresso Kopjes Groen Amazonia Green- 2-delig Portugees Keramiek Servies\"},{\"@type\":\"BreadcrumbList\",\"@id\":\"https:\\\/\\\/unrostore.com\\\/shop\\\/terrafina\\\/amazonia-green\\\/espresso-kopjes-groen-amazonia-green-2-delig\\\/#breadcrumb\",\"itemListElement\":[{\"@type\":\"ListItem\",\"position\":1,\"name\":\"Home\",\"item\":\"https:\\\/\\\/unrostore.com\\\/\"},{\"@type\":\"ListItem\",\"position\":2,\"name\":\"Shop\",\"item\":\"https:\\\/\\\/unrostore.com\\\/shop\\\/\"},{\"@type\":\"ListItem\",\"position\":3,\"name\":\"Espresso Kopjes Groen 100 ml Amazonia Green &#8211; 2-delig\"}]},{\"@type\":\"WebSite\",\"@id\":\"https:\\\/\\\/unrostore.com\\\/#website\",\"url\":\"https:\\\/\\\/unrostore.com\\\/\",\"name\":\"UNRO\",\"description\":\"Portugees servies waar je blij van wordt!\",\"publisher\":{\"@id\":\"https:\\\/\\\/unrostore.com\\\/#organization\"},\"potentialAction\":[{\"@type\":\"SearchAction\",\"target\":{\"@type\":\"EntryPoint\",\"urlTemplate\":\"https:\\\/\\\/unrostore.com\\\/?s={search_term_string}\"},\"query-input\":{\"@type\":\"PropertyValueSpecification\",\"valueRequired\":true,\"valueName\":\"search_term_string\"}}],\"inLanguage\":\"de\"},{\"@type\":\"Organization\",\"@id\":\"https:\\\/\\\/unrostore.com\\\/#organization\",\"name\":\"UNRO\",\"url\":\"https:\\\/\\\/unrostore.com\\\/\",\"logo\":{\"@type\":\"ImageObject\",\"inLanguage\":\"de\",\"@id\":\"https:\\\/\\\/unrostore.com\\\/#\\\/schema\\\/logo\\\/image\\\/\",\"url\":\"https:\\\/\\\/unrostore.com\\\/wp-content\\\/uploads\\\/2022\\\/05\\\/Logo-UNRO.png\",\"contentUrl\":\"https:\\\/\\\/unrostore.com\\\/wp-content\\\/uploads\\\/2022\\\/05\\\/Logo-UNRO.png\",\"width\":605,\"height\":179,\"caption\":\"UNRO\"},\"image\":{\"@id\":\"https:\\\/\\\/unrostore.com\\\/#\\\/schema\\\/logo\\\/image\\\/\"}}]}<\/script>\n<!-- \/ Yoast SEO plugin. -->","yoast_head_json":{"title":"Espressotassen Gr\u00fcn 100 ml Amazonien Gr\u00fcn - 2-teilig - UNRO","description":"Die Espressotassen Gr\u00fcn - 2-teilig aus der Kollektion Amazonia Green passen perfekt zu Ihrem gr\u00fcnen Geschirrset f\u00fcr ein echtes Restauranterlebnis bei Ihnen zu Hause!","robots":{"index":"index","follow":"follow","max-snippet":"max-snippet:-1","max-image-preview":"max-image-preview:large","max-video-preview":"max-video-preview:-1"},"canonical":"https:\/\/unrostore.com\/de-de\/shop\/terrafina\/amazonia-grun\/espressotassen-grun-amazonia-grun-2-stuck\/","og_locale":"de_DE","og_type":"article","og_title":"Espresso Kopjes Groen 100 ml Amazonia Green - 2-delig &#8226; UNRO","og_description":"De Espresso Kopjes Groen - 2-delig uit de Amazonia Green collectie passen perfect bij je groene Serviesset voor de echte restaurant beleving bij jou thuis!","og_url":"https:\/\/unrostore.com\/de-de\/shop\/terrafina\/amazonia-grun\/espressotassen-grun-amazonia-grun-2-stuck\/","og_site_name":"UNRO","article_modified_time":"2026-01-19T20:43:08+00:00","og_image":[{"width":1440,"height":1440,"url":"https:\/\/unrostore.com\/wp-content\/uploads\/2022\/10\/unro-portugees-servies-terrafina-amazonia-green-espresso-kopjes-2-delig.jpg","type":"image\/jpeg"}],"twitter_card":"summary_large_image","schema":{"@context":"https:\/\/schema.org","@graph":[{"@type":"WebPage","@id":"https:\/\/unrostore.com\/shop\/terrafina\/amazonia-green\/espresso-kopjes-groen-amazonia-green-2-delig\/","url":"https:\/\/unrostore.com\/shop\/terrafina\/amazonia-green\/espresso-kopjes-groen-amazonia-green-2-delig\/","name":"Espressotassen Gr\u00fcn 100 ml Amazonien Gr\u00fcn - 2-teilig - UNRO","isPartOf":{"@id":"https:\/\/unrostore.com\/#website"},"primaryImageOfPage":{"@id":"https:\/\/unrostore.com\/shop\/terrafina\/amazonia-green\/espresso-kopjes-groen-amazonia-green-2-delig\/#primaryimage"},"image":{"@id":"https:\/\/unrostore.com\/shop\/terrafina\/amazonia-green\/espresso-kopjes-groen-amazonia-green-2-delig\/#primaryimage"},"thumbnailUrl":"https:\/\/unrostore.com\/wp-content\/uploads\/2022\/10\/unro-portugees-servies-terrafina-amazonia-green-espresso-kopjes-2-delig.jpg","datePublished":"2022-10-16T09:13:32+00:00","dateModified":"2026-01-19T20:43:08+00:00","description":"Die Espressotassen Gr\u00fcn - 2-teilig aus der Kollektion Amazonia Green passen perfekt zu Ihrem gr\u00fcnen Geschirrset f\u00fcr ein echtes Restauranterlebnis bei Ihnen zu Hause!","breadcrumb":{"@id":"https:\/\/unrostore.com\/shop\/terrafina\/amazonia-green\/espresso-kopjes-groen-amazonia-green-2-delig\/#breadcrumb"},"inLanguage":"de","potentialAction":[{"@type":"ReadAction","target":["https:\/\/unrostore.com\/shop\/terrafina\/amazonia-green\/espresso-kopjes-groen-amazonia-green-2-delig\/"]}]},{"@type":"ImageObject","inLanguage":"de","@id":"https:\/\/unrostore.com\/shop\/terrafina\/amazonia-green\/espresso-kopjes-groen-amazonia-green-2-delig\/#primaryimage","url":"https:\/\/unrostore.com\/wp-content\/uploads\/2022\/10\/unro-portugees-servies-terrafina-amazonia-green-espresso-kopjes-2-delig.jpg","contentUrl":"https:\/\/unrostore.com\/wp-content\/uploads\/2022\/10\/unro-portugees-servies-terrafina-amazonia-green-espresso-kopjes-2-delig.jpg","width":1440,"height":1440,"caption":"AEspresso Kopjes Groen Amazonia Green- 2-delig Portugees Keramiek Servies"},{"@type":"BreadcrumbList","@id":"https:\/\/unrostore.com\/shop\/terrafina\/amazonia-green\/espresso-kopjes-groen-amazonia-green-2-delig\/#breadcrumb","itemListElement":[{"@type":"ListItem","position":1,"name":"Home","item":"https:\/\/unrostore.com\/"},{"@type":"ListItem","position":2,"name":"Shop","item":"https:\/\/unrostore.com\/shop\/"},{"@type":"ListItem","position":3,"name":"Espresso Kopjes Groen 100 ml Amazonia Green &#8211; 2-delig"}]},{"@type":"WebSite","@id":"https:\/\/unrostore.com\/#website","url":"https:\/\/unrostore.com\/","name":"UNRO","description":"Portugiesisches Geschirr, das Sie gl\u00fccklich machen wird!","publisher":{"@id":"https:\/\/unrostore.com\/#organization"},"potentialAction":[{"@type":"SearchAction","target":{"@type":"EntryPoint","urlTemplate":"https:\/\/unrostore.com\/?s={search_term_string}"},"query-input":{"@type":"PropertyValueSpecification","valueRequired":true,"valueName":"search_term_string"}}],"inLanguage":"de"},{"@type":"Organization","@id":"https:\/\/unrostore.com\/#organization","name":"UNRO","url":"https:\/\/unrostore.com\/","logo":{"@type":"ImageObject","inLanguage":"de","@id":"https:\/\/unrostore.com\/#\/schema\/logo\/image\/","url":"https:\/\/unrostore.com\/wp-content\/uploads\/2022\/05\/Logo-UNRO.png","contentUrl":"https:\/\/unrostore.com\/wp-content\/uploads\/2022\/05\/Logo-UNRO.png","width":605,"height":179,"caption":"UNRO"},"image":{"@id":"https:\/\/unrostore.com\/#\/schema\/logo\/image\/"}}]}},"_links":{"self":[{"href":"https:\/\/unrostore.com\/de-de\/wp-json\/wp\/v2\/product\/2189","targetHints":{"allow":["GET"]}}],"collection":[{"href":"https:\/\/unrostore.com\/de-de\/wp-json\/wp\/v2\/product"}],"about":[{"href":"https:\/\/unrostore.com\/de-de\/wp-json\/wp\/v2\/types\/product"}],"wp:featuredmedia":[{"embeddable":true,"href":"https:\/\/unrostore.com\/de-de\/wp-json\/wp\/v2\/media\/3551"}],"wp:attachment":[{"href":"https:\/\/unrostore.com\/de-de\/wp-json\/wp\/v2\/media?parent=2189"}],"wp:term":[{"taxonomy":"product_brand","embeddable":true,"href":"https:\/\/unrostore.com\/de-de\/wp-json\/wp\/v2\/product_brand?post=2189"},{"taxonomy":"product_cat","embeddable":true,"href":"https:\/\/unrostore.com\/de-de\/wp-json\/wp\/v2\/product_cat?post=2189"},{"taxonomy":"product_tag","embeddable":true,"href":"https:\/\/unrostore.com\/de-de\/wp-json\/wp\/v2\/product_tag?post=2189"}],"curies":[{"name":"wp","href":"https:\/\/api.w.org\/{rel}","templated":true}]}}