{"id":2186,"date":"2022-10-16T09:06:32","date_gmt":"2022-10-16T09:06:32","guid":{"rendered":"https:\/\/unrostore.com\/?post_type=product&#038;p=2186"},"modified":"2026-01-19T20:38:16","modified_gmt":"2026-01-19T20:38:16","slug":"cappuccinotassen-grun-amazonia-grun-2-stuck","status":"publish","type":"product","link":"https:\/\/unrostore.com\/de-de\/shop\/terrafina\/amazonia-grun\/cappuccinotassen-grun-amazonia-grun-2-stuck\/","title":{"rendered":"Cappuccinotassen Gr\u00fcn 350 ml Amazonia Gr\u00fcn - 2 St\u00fcck"},"content":{"rendered":"<h3>Einzigartige Cappuccinotassen Gr\u00fcn aus portugiesischer Keramik<\/h3>\n<p>Der Satz von 2<strong> Cappuccino Becher Gr\u00fcn<\/strong> aus der Geschirr-Kollektion Amazonia Green der portugiesischen Marke <a href=\"https:\/\/www.terrafinastore.com\/en\/collections\/amazonia\">Terrafina<\/a> ist aus hochwertiger Keramik handgefertigt. <span style=\"font-weight: 400;\">Diese Gr\u00f6\u00dfe ist ideal f\u00fcr Ihren Cappuccino, Kaffee, Latte Macchiato, Chai Latte oder Tee zu jeder Tageszeit oder beim High Tea mit Freunden. Au\u00dferdem sind die Tassen Teil der Amazonia Green Kollektion und lassen sich perfekt mit der <a href=\"https:\/\/unrostore.com\/de-de\/shop\/terrafina\/amazonia-grun\/amazonia-green-espresso-kopjes-2-delig\/\">Amazonia Green Espressotassen<\/a>, <a href=\"https:\/\/unrostore.com\/de-de\/shop\/terrafina\/amazonia-grun\/amazonia-green-serveerkom\/\">Amazonia Green Servierschale<\/a> und <a href=\"https:\/\/unrostore.com\/de-de\/shop\/terrafina\/amazonia-grun\/amazonia-green-serviesset-12-delig\/\">Geschirrset Amazonia Gr\u00fcn<\/a>. Beginnen Sie Ihren Tag mit einem L\u00e4cheln mit der Kollektion Amazonia Green. Die einzigartige tiefgr\u00fcne Farbe macht einen Moment f\u00fcr Sie zu etwas ganz Besonderem.\u00a0<\/span><\/p>\n<p>&nbsp;<\/p>\n<h3>Dies ist die Anzahl der Becher, die Sie geliefert bekommen<\/h3>\n<ul>\n<li>4x Amazonia Green Cappuccino Becher (350ml Trinkvolumen)<\/li>\n<li>1x Terrafina Geschenkbox<\/li>\n<\/ul>\n<p>&nbsp;<\/p>\n<p><em><strong>Nachhaltig f\u00fcr Mensch und Umwelt:<\/strong><br \/>\nJedes Produkt ist ein Unikat, denn es wird in Handarbeit hergestellt.<br \/>\nDruck und Textur k\u00f6nnen daher leicht vom Produktfoto abweichen.<\/em><\/p>","protected":false},"excerpt":{"rendered":"<div class=\"usps\"><i class=\"far fa-check-circle\"><\/i> Mikrowellenfest<br \/>\n<i class=\"far fa-check-circle\"><\/i> Backofenfest (bis zu 200 Grad)<br \/>\n<i class=\"far fa-check-circle\"><\/i> Sp\u00fclmaschinenfest<br \/>\n<i class=\"far fa-thumbs-up\"><\/i> Handgefertigt<\/div>","protected":false},"featured_media":3561,"template":"","meta":[],"product_brand":[],"product_cat":[869,316,170,132,871,119],"product_tag":[173,613,634,655,374,640,639,626,656,633,790,785,632],"class_list":{"0":"post-2186","1":"product","2":"type-product","3":"status-publish","4":"has-post-thumbnail","6":"product_cat-unro-cadeautips","7":"product_cat-cappuccino-mokken","8":"product_cat-amazonia-green","9":"product_cat-kopjes-en-mokken","10":"product_cat-unro-populair-portugees-keramiek","11":"product_cat-terrafina","12":"product_tag-amazonia-green","13":"product_tag-capuccino-mokken","14":"product_tag-chai-latte","15":"product_tag-groene-koffiekopjes","16":"product_tag-groene-kopjes","17":"product_tag-groene-mokken","18":"product_tag-grote-mokken","19":"product_tag-koffiemokken","20":"product_tag-koffiemokken-groen","21":"product_tag-latte-macchiato","22":"product_tag-mokken-met-oor","23":"product_tag-set-van-2","24":"product_tag-theemokken","25":"product_shipping_class-pakket","27":"first","28":"outofstock","29":"sale","30":"taxable","31":"shipping-taxable","32":"purchasable","33":"product-type-simple"},"yoast_head":"<!-- This site is optimized with the Yoast SEO plugin v27.4 - https:\/\/yoast.com\/product\/yoast-seo-wordpress\/ -->\n<title>Cappuccino Mokken Groen 350 ml Amazonia Green - 2-delig &#8226; UNRO<\/title>\n<meta name=\"description\" content=\"De unieke donkere kleur van de Amazonia Green Cappuccino Mokken Groen maakt jouw koffietijd of thee momentje voor jezelf extra speciaal, ervaar het nu zelf!\" \/>\n<meta name=\"robots\" content=\"index, follow, max-snippet:-1, max-image-preview:large, max-video-preview:-1\" \/>\n<link rel=\"canonical\" href=\"https:\/\/unrostore.com\/de-de\/shop\/terrafina\/amazonia-grun\/cappuccinotassen-grun-amazonia-grun-2-stuck\/\" \/>\n<meta property=\"og:locale\" content=\"de_DE\" \/>\n<meta property=\"og:type\" content=\"article\" \/>\n<meta property=\"og:title\" content=\"Cappuccino Mokken Groen 350 ml Amazonia Green - 2-delig &#8226; UNRO\" \/>\n<meta property=\"og:description\" content=\"De unieke donkere kleur van de Amazonia Green Cappuccino Mokken Groen maakt jouw koffietijd of thee momentje voor jezelf extra speciaal, ervaar het nu zelf!\" \/>\n<meta property=\"og:url\" content=\"https:\/\/unrostore.com\/de-de\/shop\/terrafina\/amazonia-grun\/cappuccinotassen-grun-amazonia-grun-2-stuck\/\" \/>\n<meta property=\"og:site_name\" content=\"UNRO\" \/>\n<meta property=\"article:modified_time\" content=\"2026-01-19T20:38:16+00:00\" \/>\n<meta property=\"og:image\" content=\"https:\/\/unrostore.com\/wp-content\/uploads\/2022\/10\/unro-portugees-servies-terrafina-amazonia-green-cappuccino-mokken-2-delig.jpg\" \/>\n\t<meta property=\"og:image:width\" content=\"1440\" \/>\n\t<meta property=\"og:image:height\" content=\"1440\" \/>\n\t<meta property=\"og:image:type\" content=\"image\/jpeg\" \/>\n<meta name=\"twitter:card\" content=\"summary_large_image\" \/>\n<script type=\"application\/ld+json\" class=\"yoast-schema-graph\">{\"@context\":\"https:\\\/\\\/schema.org\",\"@graph\":[{\"@type\":\"WebPage\",\"@id\":\"https:\\\/\\\/unrostore.com\\\/shop\\\/terrafina\\\/amazonia-green\\\/cappuccino-mokken-groen-amazonia-green-2-delig\\\/\",\"url\":\"https:\\\/\\\/unrostore.com\\\/shop\\\/terrafina\\\/amazonia-green\\\/cappuccino-mokken-groen-amazonia-green-2-delig\\\/\",\"name\":\"Cappuccino Mokken Groen 350 ml Amazonia Green - 2-delig &#8226; UNRO\",\"isPartOf\":{\"@id\":\"https:\\\/\\\/unrostore.com\\\/#website\"},\"primaryImageOfPage\":{\"@id\":\"https:\\\/\\\/unrostore.com\\\/shop\\\/terrafina\\\/amazonia-green\\\/cappuccino-mokken-groen-amazonia-green-2-delig\\\/#primaryimage\"},\"image\":{\"@id\":\"https:\\\/\\\/unrostore.com\\\/shop\\\/terrafina\\\/amazonia-green\\\/cappuccino-mokken-groen-amazonia-green-2-delig\\\/#primaryimage\"},\"thumbnailUrl\":\"https:\\\/\\\/unrostore.com\\\/wp-content\\\/uploads\\\/2022\\\/10\\\/unro-portugees-servies-terrafina-amazonia-green-cappuccino-mokken-2-delig.jpg\",\"datePublished\":\"2022-10-16T09:06:32+00:00\",\"dateModified\":\"2026-01-19T20:38:16+00:00\",\"description\":\"De unieke donkere kleur van de Amazonia Green Cappuccino Mokken Groen maakt jouw koffietijd of thee momentje voor jezelf extra speciaal, ervaar het nu zelf!\",\"breadcrumb\":{\"@id\":\"https:\\\/\\\/unrostore.com\\\/shop\\\/terrafina\\\/amazonia-green\\\/cappuccino-mokken-groen-amazonia-green-2-delig\\\/#breadcrumb\"},\"inLanguage\":\"de\",\"potentialAction\":[{\"@type\":\"ReadAction\",\"target\":[\"https:\\\/\\\/unrostore.com\\\/shop\\\/terrafina\\\/amazonia-green\\\/cappuccino-mokken-groen-amazonia-green-2-delig\\\/\"]}]},{\"@type\":\"ImageObject\",\"inLanguage\":\"de\",\"@id\":\"https:\\\/\\\/unrostore.com\\\/shop\\\/terrafina\\\/amazonia-green\\\/cappuccino-mokken-groen-amazonia-green-2-delig\\\/#primaryimage\",\"url\":\"https:\\\/\\\/unrostore.com\\\/wp-content\\\/uploads\\\/2022\\\/10\\\/unro-portugees-servies-terrafina-amazonia-green-cappuccino-mokken-2-delig.jpg\",\"contentUrl\":\"https:\\\/\\\/unrostore.com\\\/wp-content\\\/uploads\\\/2022\\\/10\\\/unro-portugees-servies-terrafina-amazonia-green-cappuccino-mokken-2-delig.jpg\",\"width\":1440,\"height\":1440,\"caption\":\"Amazonia Green Koffiemokken - 2-delig Portugees Keramiek Servies\"},{\"@type\":\"BreadcrumbList\",\"@id\":\"https:\\\/\\\/unrostore.com\\\/shop\\\/terrafina\\\/amazonia-green\\\/cappuccino-mokken-groen-amazonia-green-2-delig\\\/#breadcrumb\",\"itemListElement\":[{\"@type\":\"ListItem\",\"position\":1,\"name\":\"Home\",\"item\":\"https:\\\/\\\/unrostore.com\\\/\"},{\"@type\":\"ListItem\",\"position\":2,\"name\":\"Shop\",\"item\":\"https:\\\/\\\/unrostore.com\\\/shop\\\/\"},{\"@type\":\"ListItem\",\"position\":3,\"name\":\"Cappuccino Mokken Groen 350 ml Amazonia Green &#8211; 2-delig\"}]},{\"@type\":\"WebSite\",\"@id\":\"https:\\\/\\\/unrostore.com\\\/#website\",\"url\":\"https:\\\/\\\/unrostore.com\\\/\",\"name\":\"UNRO\",\"description\":\"Portugees servies waar je blij van wordt!\",\"publisher\":{\"@id\":\"https:\\\/\\\/unrostore.com\\\/#organization\"},\"potentialAction\":[{\"@type\":\"SearchAction\",\"target\":{\"@type\":\"EntryPoint\",\"urlTemplate\":\"https:\\\/\\\/unrostore.com\\\/?s={search_term_string}\"},\"query-input\":{\"@type\":\"PropertyValueSpecification\",\"valueRequired\":true,\"valueName\":\"search_term_string\"}}],\"inLanguage\":\"de\"},{\"@type\":\"Organization\",\"@id\":\"https:\\\/\\\/unrostore.com\\\/#organization\",\"name\":\"UNRO\",\"url\":\"https:\\\/\\\/unrostore.com\\\/\",\"logo\":{\"@type\":\"ImageObject\",\"inLanguage\":\"de\",\"@id\":\"https:\\\/\\\/unrostore.com\\\/#\\\/schema\\\/logo\\\/image\\\/\",\"url\":\"https:\\\/\\\/unrostore.com\\\/wp-content\\\/uploads\\\/2022\\\/05\\\/Logo-UNRO.png\",\"contentUrl\":\"https:\\\/\\\/unrostore.com\\\/wp-content\\\/uploads\\\/2022\\\/05\\\/Logo-UNRO.png\",\"width\":605,\"height\":179,\"caption\":\"UNRO\"},\"image\":{\"@id\":\"https:\\\/\\\/unrostore.com\\\/#\\\/schema\\\/logo\\\/image\\\/\"}}]}<\/script>\n<!-- \/ Yoast SEO plugin. -->","yoast_head_json":{"title":"Cappuccinotassen Gr\u00fcn 350 ml Amazonia Gr\u00fcn - 2-teilig - UNRO","description":"Die einzigartige dunkle Farbe der Amazonia Green Cappuccino Mugs Green macht Ihre Kaffeezeit oder Ihren Teemoment f\u00fcr Sie selbst zu etwas ganz Besonderem, erleben Sie es jetzt selbst!","robots":{"index":"index","follow":"follow","max-snippet":"max-snippet:-1","max-image-preview":"max-image-preview:large","max-video-preview":"max-video-preview:-1"},"canonical":"https:\/\/unrostore.com\/de-de\/shop\/terrafina\/amazonia-grun\/cappuccinotassen-grun-amazonia-grun-2-stuck\/","og_locale":"de_DE","og_type":"article","og_title":"Cappuccino Mokken Groen 350 ml Amazonia Green - 2-delig &#8226; UNRO","og_description":"De unieke donkere kleur van de Amazonia Green Cappuccino Mokken Groen maakt jouw koffietijd of thee momentje voor jezelf extra speciaal, ervaar het nu zelf!","og_url":"https:\/\/unrostore.com\/de-de\/shop\/terrafina\/amazonia-grun\/cappuccinotassen-grun-amazonia-grun-2-stuck\/","og_site_name":"UNRO","article_modified_time":"2026-01-19T20:38:16+00:00","og_image":[{"width":1440,"height":1440,"url":"https:\/\/unrostore.com\/wp-content\/uploads\/2022\/10\/unro-portugees-servies-terrafina-amazonia-green-cappuccino-mokken-2-delig.jpg","type":"image\/jpeg"}],"twitter_card":"summary_large_image","schema":{"@context":"https:\/\/schema.org","@graph":[{"@type":"WebPage","@id":"https:\/\/unrostore.com\/shop\/terrafina\/amazonia-green\/cappuccino-mokken-groen-amazonia-green-2-delig\/","url":"https:\/\/unrostore.com\/shop\/terrafina\/amazonia-green\/cappuccino-mokken-groen-amazonia-green-2-delig\/","name":"Cappuccinotassen Gr\u00fcn 350 ml Amazonia Gr\u00fcn - 2-teilig - UNRO","isPartOf":{"@id":"https:\/\/unrostore.com\/#website"},"primaryImageOfPage":{"@id":"https:\/\/unrostore.com\/shop\/terrafina\/amazonia-green\/cappuccino-mokken-groen-amazonia-green-2-delig\/#primaryimage"},"image":{"@id":"https:\/\/unrostore.com\/shop\/terrafina\/amazonia-green\/cappuccino-mokken-groen-amazonia-green-2-delig\/#primaryimage"},"thumbnailUrl":"https:\/\/unrostore.com\/wp-content\/uploads\/2022\/10\/unro-portugees-servies-terrafina-amazonia-green-cappuccino-mokken-2-delig.jpg","datePublished":"2022-10-16T09:06:32+00:00","dateModified":"2026-01-19T20:38:16+00:00","description":"Die einzigartige dunkle Farbe der Amazonia Green Cappuccino Mugs Green macht Ihre Kaffeezeit oder Ihren Teemoment f\u00fcr Sie selbst zu etwas ganz Besonderem, erleben Sie es jetzt selbst!","breadcrumb":{"@id":"https:\/\/unrostore.com\/shop\/terrafina\/amazonia-green\/cappuccino-mokken-groen-amazonia-green-2-delig\/#breadcrumb"},"inLanguage":"de","potentialAction":[{"@type":"ReadAction","target":["https:\/\/unrostore.com\/shop\/terrafina\/amazonia-green\/cappuccino-mokken-groen-amazonia-green-2-delig\/"]}]},{"@type":"ImageObject","inLanguage":"de","@id":"https:\/\/unrostore.com\/shop\/terrafina\/amazonia-green\/cappuccino-mokken-groen-amazonia-green-2-delig\/#primaryimage","url":"https:\/\/unrostore.com\/wp-content\/uploads\/2022\/10\/unro-portugees-servies-terrafina-amazonia-green-cappuccino-mokken-2-delig.jpg","contentUrl":"https:\/\/unrostore.com\/wp-content\/uploads\/2022\/10\/unro-portugees-servies-terrafina-amazonia-green-cappuccino-mokken-2-delig.jpg","width":1440,"height":1440,"caption":"Amazonia Green Koffiemokken - 2-delig Portugees Keramiek Servies"},{"@type":"BreadcrumbList","@id":"https:\/\/unrostore.com\/shop\/terrafina\/amazonia-green\/cappuccino-mokken-groen-amazonia-green-2-delig\/#breadcrumb","itemListElement":[{"@type":"ListItem","position":1,"name":"Home","item":"https:\/\/unrostore.com\/"},{"@type":"ListItem","position":2,"name":"Shop","item":"https:\/\/unrostore.com\/shop\/"},{"@type":"ListItem","position":3,"name":"Cappuccino Mokken Groen 350 ml Amazonia Green &#8211; 2-delig"}]},{"@type":"WebSite","@id":"https:\/\/unrostore.com\/#website","url":"https:\/\/unrostore.com\/","name":"UNRO","description":"Portugiesisches Geschirr, das Sie gl\u00fccklich machen wird!","publisher":{"@id":"https:\/\/unrostore.com\/#organization"},"potentialAction":[{"@type":"SearchAction","target":{"@type":"EntryPoint","urlTemplate":"https:\/\/unrostore.com\/?s={search_term_string}"},"query-input":{"@type":"PropertyValueSpecification","valueRequired":true,"valueName":"search_term_string"}}],"inLanguage":"de"},{"@type":"Organization","@id":"https:\/\/unrostore.com\/#organization","name":"UNRO","url":"https:\/\/unrostore.com\/","logo":{"@type":"ImageObject","inLanguage":"de","@id":"https:\/\/unrostore.com\/#\/schema\/logo\/image\/","url":"https:\/\/unrostore.com\/wp-content\/uploads\/2022\/05\/Logo-UNRO.png","contentUrl":"https:\/\/unrostore.com\/wp-content\/uploads\/2022\/05\/Logo-UNRO.png","width":605,"height":179,"caption":"UNRO"},"image":{"@id":"https:\/\/unrostore.com\/#\/schema\/logo\/image\/"}}]}},"_links":{"self":[{"href":"https:\/\/unrostore.com\/de-de\/wp-json\/wp\/v2\/product\/2186","targetHints":{"allow":["GET"]}}],"collection":[{"href":"https:\/\/unrostore.com\/de-de\/wp-json\/wp\/v2\/product"}],"about":[{"href":"https:\/\/unrostore.com\/de-de\/wp-json\/wp\/v2\/types\/product"}],"wp:featuredmedia":[{"embeddable":true,"href":"https:\/\/unrostore.com\/de-de\/wp-json\/wp\/v2\/media\/3561"}],"wp:attachment":[{"href":"https:\/\/unrostore.com\/de-de\/wp-json\/wp\/v2\/media?parent=2186"}],"wp:term":[{"taxonomy":"product_brand","embeddable":true,"href":"https:\/\/unrostore.com\/de-de\/wp-json\/wp\/v2\/product_brand?post=2186"},{"taxonomy":"product_cat","embeddable":true,"href":"https:\/\/unrostore.com\/de-de\/wp-json\/wp\/v2\/product_cat?post=2186"},{"taxonomy":"product_tag","embeddable":true,"href":"https:\/\/unrostore.com\/de-de\/wp-json\/wp\/v2\/product_tag?post=2186"}],"curies":[{"name":"wp","href":"https:\/\/api.w.org\/{rel}","templated":true}]}}