{"id":2150,"date":"2022-10-15T19:39:16","date_gmt":"2022-10-15T19:39:16","guid":{"rendered":"https:\/\/unrostore.com\/?post_type=product&#038;p=2150"},"modified":"2026-01-19T20:38:16","modified_gmt":"2026-01-19T20:38:16","slug":"amazonia-creme-fruchtschale","status":"publish","type":"product","link":"https:\/\/unrostore.com\/de-de\/shop\/terrafina\/amazonia-creme\/amazonia-creme-fruchtschale\/","title":{"rendered":"Creme Obstschale Amazonia Cream"},"content":{"rendered":"<h3>Wondersch\u00f6ne Creme Schale Amazonia Cream<\/h3>\n<p>Die<strong> Obstschale Creme<\/strong>\u00a0<strong>Amazonia Cream <\/strong>von <a href=\"https:\/\/www.terrafinastore.com\/en\/collections\/amazonia\">Terrafina<\/a> wird in Portugal aus hochwertiger Keramik handgefertigt. <span style=\"font-weight: 400;\">Die Servierschale hat eine sch\u00f6ne nat\u00fcrliche beige-creme Farbe und ist sehr vielseitig. Nicht nur perfekt als Obstschale, sondern auch als Salatsch\u00fcssel, Salatsch\u00fcssel, Sch\u00fcssel f\u00fcr Gem\u00fcse und f\u00fcr alle m\u00f6glichen anderen leckeren Gerichte. Entdecken Sie jetzt dieses Prunkst\u00fcck f\u00fcr Ihren Tisch oder werfen Sie einen Blick auf die anderen Artikel der Kollektion Amazonia Cream: <a href=\"https:\/\/unrostore.com\/de-de\/shop\/terrafina\/amazonia-creme\/amazonia-cream-espresso-kopjes-2-delig\/\">Amazonia Creme Espresso Tassen<\/a>, <a href=\"https:\/\/unrostore.com\/de-de\/shop\/terrafina\/amazonia-creme\/amazonia-cream-mokken-2-delig\/\">Amazonia Cream Kaffeebecher<\/a> oder <a href=\"https:\/\/unrostore.com\/de-de\/shop\/terrafina\/amazonia-creme\/amazonia-cream-serviesset-12-delig\/\">Amazonia Cream Geschirrset<\/a>.\u00a0<\/span><\/p>\n<p>UNRO-Tipps: Diese sch\u00f6ne, handgefertigte Obstschale aus Keramik eignet sich auch sehr gut als Einweihungsgeschenk.<\/p>\n<h3>Dies ist die Nummer, die Sie zugestellt bekommen<\/h3>\n<ul>\n<li>1x Amazonia Cream Fruchtschale <span style=\"font-weight: 400;\">\u00f8 <\/span>26,5<\/li>\n<li>1x Terrafina Geschenkbox<\/li>\n<\/ul>\n<p>&nbsp;<\/p>\n<p><em><strong>Nachhaltig f\u00fcr Mensch und Umwelt:<\/strong><br \/>\nJedes Produkt ist ein Unikat, denn es wird in Handarbeit hergestellt.<br \/>\nDruck und Textur k\u00f6nnen daher leicht vom Produktfoto abweichen.<\/em><\/p>","protected":false},"excerpt":{"rendered":"<div class=\"usps\"><i class=\"far fa-check-circle\"><\/i> Mikrowellenfest<br \/>\n<i class=\"far fa-check-circle\"><\/i> Backofenfest (bis zu 200 Grad)<br \/>\n<i class=\"far fa-check-circle\"><\/i> Sp\u00fclmaschinenfest<br \/>\n<i class=\"far fa-thumbs-up\"><\/i> Handgefertigt<\/div>","protected":false},"featured_media":8151,"template":"","meta":[],"product_brand":[],"product_cat":[869,144,273,657,135,871,138,119],"product_tag":[147,145,792,146,233,253,791,601,137,131,207,605,631,252,143,148,123],"class_list":{"0":"post-2150","1":"product","2":"type-product","3":"status-publish","4":"has-post-thumbnail","6":"product_cat-unro-cadeautips","7":"product_cat-amazonia-cream","8":"product_cat-decoratie","9":"product_cat-fruitschalen-en-saladeschalen","10":"product_cat-kommen","11":"product_cat-unro-populair-portugees-keramiek","12":"product_cat-serveerschalen","13":"product_cat-terrafina","14":"product_tag-amazonia","15":"product_tag-amazonia-cream","16":"product_tag-beige-fruitschaalen","17":"product_tag-cream","18":"product_tag-creme","19":"product_tag-fruitschaal","20":"product_tag-fruitschaal-beige","21":"product_tag-hapjesschaal","22":"product_tag-kom","23":"product_tag-kommen","24":"product_tag-lila","25":"product_tag-saladekom","26":"product_tag-saladeschaal","27":"product_tag-schaal","28":"product_tag-serveerkom","29":"product_tag-serveerschaal","30":"product_tag-terrafina","31":"product_shipping_class-pakket","33":"first","34":"outofstock","35":"sale","36":"taxable","37":"shipping-taxable","38":"purchasable","39":"product-type-simple"},"yoast_head":"<!-- This site is optimized with the Yoast SEO plugin v27.4 - https:\/\/yoast.com\/product\/yoast-seo-wordpress\/ -->\n<title>Creme Fruitschaal Amazonia Cream &#8226; UNRO<\/title>\n<meta name=\"description\" content=\"Ontdek nu dit pronkstuk voor op tafel de Creme Fruitschaal Amazonia Cream voor jouw groentes of salades of om jouw servies set compleet mee te maken!\" \/>\n<meta name=\"robots\" content=\"index, follow, max-snippet:-1, max-image-preview:large, max-video-preview:-1\" \/>\n<link rel=\"canonical\" href=\"https:\/\/unrostore.com\/de-de\/shop\/terrafina\/amazonia-creme\/amazonia-creme-fruchtschale\/\" \/>\n<meta property=\"og:locale\" content=\"de_DE\" \/>\n<meta property=\"og:type\" content=\"article\" \/>\n<meta property=\"og:title\" content=\"Creme Fruitschaal Amazonia Cream &#8226; UNRO\" \/>\n<meta property=\"og:description\" content=\"Ontdek nu dit pronkstuk voor op tafel de Creme Fruitschaal Amazonia Cream voor jouw groentes of salades of om jouw servies set compleet mee te maken!\" \/>\n<meta property=\"og:url\" content=\"https:\/\/unrostore.com\/de-de\/shop\/terrafina\/amazonia-creme\/amazonia-creme-fruchtschale\/\" \/>\n<meta property=\"og:site_name\" content=\"UNRO\" \/>\n<meta property=\"article:modified_time\" content=\"2026-01-19T20:38:16+00:00\" \/>\n<meta property=\"og:image\" content=\"https:\/\/unrostore.com\/wp-content\/uploads\/2022\/10\/unro-amazonia-cream-fruitschaal-creme.webp\" \/>\n\t<meta property=\"og:image:width\" content=\"1000\" \/>\n\t<meta property=\"og:image:height\" content=\"1000\" \/>\n\t<meta property=\"og:image:type\" content=\"image\/webp\" \/>\n<meta name=\"twitter:card\" content=\"summary_large_image\" \/>\n<script type=\"application\/ld+json\" class=\"yoast-schema-graph\">{\"@context\":\"https:\\\/\\\/schema.org\",\"@graph\":[{\"@type\":\"WebPage\",\"@id\":\"https:\\\/\\\/unrostore.com\\\/shop\\\/terrafina\\\/amazonia-cream\\\/creme-fruitschaal-amazonia-cream\\\/\",\"url\":\"https:\\\/\\\/unrostore.com\\\/shop\\\/terrafina\\\/amazonia-cream\\\/creme-fruitschaal-amazonia-cream\\\/\",\"name\":\"Creme Fruitschaal Amazonia Cream &#8226; UNRO\",\"isPartOf\":{\"@id\":\"https:\\\/\\\/unrostore.com\\\/#website\"},\"primaryImageOfPage\":{\"@id\":\"https:\\\/\\\/unrostore.com\\\/shop\\\/terrafina\\\/amazonia-cream\\\/creme-fruitschaal-amazonia-cream\\\/#primaryimage\"},\"image\":{\"@id\":\"https:\\\/\\\/unrostore.com\\\/shop\\\/terrafina\\\/amazonia-cream\\\/creme-fruitschaal-amazonia-cream\\\/#primaryimage\"},\"thumbnailUrl\":\"https:\\\/\\\/unrostore.com\\\/wp-content\\\/uploads\\\/2022\\\/10\\\/unro-amazonia-cream-fruitschaal-creme.webp\",\"datePublished\":\"2022-10-15T19:39:16+00:00\",\"dateModified\":\"2026-01-19T20:38:16+00:00\",\"description\":\"Ontdek nu dit pronkstuk voor op tafel de Creme Fruitschaal Amazonia Cream voor jouw groentes of salades of om jouw servies set compleet mee te maken!\",\"breadcrumb\":{\"@id\":\"https:\\\/\\\/unrostore.com\\\/shop\\\/terrafina\\\/amazonia-cream\\\/creme-fruitschaal-amazonia-cream\\\/#breadcrumb\"},\"inLanguage\":\"de\",\"potentialAction\":[{\"@type\":\"ReadAction\",\"target\":[\"https:\\\/\\\/unrostore.com\\\/shop\\\/terrafina\\\/amazonia-cream\\\/creme-fruitschaal-amazonia-cream\\\/\"]}]},{\"@type\":\"ImageObject\",\"inLanguage\":\"de\",\"@id\":\"https:\\\/\\\/unrostore.com\\\/shop\\\/terrafina\\\/amazonia-cream\\\/creme-fruitschaal-amazonia-cream\\\/#primaryimage\",\"url\":\"https:\\\/\\\/unrostore.com\\\/wp-content\\\/uploads\\\/2022\\\/10\\\/unro-amazonia-cream-fruitschaal-creme.webp\",\"contentUrl\":\"https:\\\/\\\/unrostore.com\\\/wp-content\\\/uploads\\\/2022\\\/10\\\/unro-amazonia-cream-fruitschaal-creme.webp\",\"width\":1000,\"height\":1000,\"caption\":\"creme fruitschaal keramiek slakom\"},{\"@type\":\"BreadcrumbList\",\"@id\":\"https:\\\/\\\/unrostore.com\\\/shop\\\/terrafina\\\/amazonia-cream\\\/creme-fruitschaal-amazonia-cream\\\/#breadcrumb\",\"itemListElement\":[{\"@type\":\"ListItem\",\"position\":1,\"name\":\"Home\",\"item\":\"https:\\\/\\\/unrostore.com\\\/\"},{\"@type\":\"ListItem\",\"position\":2,\"name\":\"Shop\",\"item\":\"https:\\\/\\\/unrostore.com\\\/shop\\\/\"},{\"@type\":\"ListItem\",\"position\":3,\"name\":\"Creme Fruitschaal Amazonia Cream\"}]},{\"@type\":\"WebSite\",\"@id\":\"https:\\\/\\\/unrostore.com\\\/#website\",\"url\":\"https:\\\/\\\/unrostore.com\\\/\",\"name\":\"UNRO\",\"description\":\"Portugees servies waar je blij van wordt!\",\"publisher\":{\"@id\":\"https:\\\/\\\/unrostore.com\\\/#organization\"},\"potentialAction\":[{\"@type\":\"SearchAction\",\"target\":{\"@type\":\"EntryPoint\",\"urlTemplate\":\"https:\\\/\\\/unrostore.com\\\/?s={search_term_string}\"},\"query-input\":{\"@type\":\"PropertyValueSpecification\",\"valueRequired\":true,\"valueName\":\"search_term_string\"}}],\"inLanguage\":\"de\"},{\"@type\":\"Organization\",\"@id\":\"https:\\\/\\\/unrostore.com\\\/#organization\",\"name\":\"UNRO\",\"url\":\"https:\\\/\\\/unrostore.com\\\/\",\"logo\":{\"@type\":\"ImageObject\",\"inLanguage\":\"de\",\"@id\":\"https:\\\/\\\/unrostore.com\\\/#\\\/schema\\\/logo\\\/image\\\/\",\"url\":\"https:\\\/\\\/unrostore.com\\\/wp-content\\\/uploads\\\/2022\\\/05\\\/Logo-UNRO.png\",\"contentUrl\":\"https:\\\/\\\/unrostore.com\\\/wp-content\\\/uploads\\\/2022\\\/05\\\/Logo-UNRO.png\",\"width\":605,\"height\":179,\"caption\":\"UNRO\"},\"image\":{\"@id\":\"https:\\\/\\\/unrostore.com\\\/#\\\/schema\\\/logo\\\/image\\\/\"}}]}<\/script>\n<!-- \/ Yoast SEO plugin. -->","yoast_head_json":{"title":"Sahne Fruchtschale Amazonia Creme - UNRO","description":"Entdecken Sie jetzt dieses Prunkst\u00fcck f\u00fcr den Tisch, die Obstschale Beige Amazonia Creme f\u00fcr Ihr Gem\u00fcse oder Ihren Salat oder zur Vervollst\u00e4ndigung Ihres Geschirrsets!","robots":{"index":"index","follow":"follow","max-snippet":"max-snippet:-1","max-image-preview":"max-image-preview:large","max-video-preview":"max-video-preview:-1"},"canonical":"https:\/\/unrostore.com\/de-de\/shop\/terrafina\/amazonia-creme\/amazonia-creme-fruchtschale\/","og_locale":"de_DE","og_type":"article","og_title":"Creme Fruitschaal Amazonia Cream &#8226; UNRO","og_description":"Ontdek nu dit pronkstuk voor op tafel de Creme Fruitschaal Amazonia Cream voor jouw groentes of salades of om jouw servies set compleet mee te maken!","og_url":"https:\/\/unrostore.com\/de-de\/shop\/terrafina\/amazonia-creme\/amazonia-creme-fruchtschale\/","og_site_name":"UNRO","article_modified_time":"2026-01-19T20:38:16+00:00","og_image":[{"width":1000,"height":1000,"url":"https:\/\/unrostore.com\/wp-content\/uploads\/2022\/10\/unro-amazonia-cream-fruitschaal-creme.webp","type":"image\/webp"}],"twitter_card":"summary_large_image","schema":{"@context":"https:\/\/schema.org","@graph":[{"@type":"WebPage","@id":"https:\/\/unrostore.com\/shop\/terrafina\/amazonia-cream\/creme-fruitschaal-amazonia-cream\/","url":"https:\/\/unrostore.com\/shop\/terrafina\/amazonia-cream\/creme-fruitschaal-amazonia-cream\/","name":"Sahne Fruchtschale Amazonia Creme - UNRO","isPartOf":{"@id":"https:\/\/unrostore.com\/#website"},"primaryImageOfPage":{"@id":"https:\/\/unrostore.com\/shop\/terrafina\/amazonia-cream\/creme-fruitschaal-amazonia-cream\/#primaryimage"},"image":{"@id":"https:\/\/unrostore.com\/shop\/terrafina\/amazonia-cream\/creme-fruitschaal-amazonia-cream\/#primaryimage"},"thumbnailUrl":"https:\/\/unrostore.com\/wp-content\/uploads\/2022\/10\/unro-amazonia-cream-fruitschaal-creme.webp","datePublished":"2022-10-15T19:39:16+00:00","dateModified":"2026-01-19T20:38:16+00:00","description":"Entdecken Sie jetzt dieses Prunkst\u00fcck f\u00fcr den Tisch, die Obstschale Beige Amazonia Creme f\u00fcr Ihr Gem\u00fcse oder Ihren Salat oder zur Vervollst\u00e4ndigung Ihres Geschirrsets!","breadcrumb":{"@id":"https:\/\/unrostore.com\/shop\/terrafina\/amazonia-cream\/creme-fruitschaal-amazonia-cream\/#breadcrumb"},"inLanguage":"de","potentialAction":[{"@type":"ReadAction","target":["https:\/\/unrostore.com\/shop\/terrafina\/amazonia-cream\/creme-fruitschaal-amazonia-cream\/"]}]},{"@type":"ImageObject","inLanguage":"de","@id":"https:\/\/unrostore.com\/shop\/terrafina\/amazonia-cream\/creme-fruitschaal-amazonia-cream\/#primaryimage","url":"https:\/\/unrostore.com\/wp-content\/uploads\/2022\/10\/unro-amazonia-cream-fruitschaal-creme.webp","contentUrl":"https:\/\/unrostore.com\/wp-content\/uploads\/2022\/10\/unro-amazonia-cream-fruitschaal-creme.webp","width":1000,"height":1000,"caption":"creme fruitschaal keramiek slakom"},{"@type":"BreadcrumbList","@id":"https:\/\/unrostore.com\/shop\/terrafina\/amazonia-cream\/creme-fruitschaal-amazonia-cream\/#breadcrumb","itemListElement":[{"@type":"ListItem","position":1,"name":"Home","item":"https:\/\/unrostore.com\/"},{"@type":"ListItem","position":2,"name":"Shop","item":"https:\/\/unrostore.com\/shop\/"},{"@type":"ListItem","position":3,"name":"Creme Fruitschaal Amazonia Cream"}]},{"@type":"WebSite","@id":"https:\/\/unrostore.com\/#website","url":"https:\/\/unrostore.com\/","name":"UNRO","description":"Portugiesisches Geschirr, das Sie gl\u00fccklich machen wird!","publisher":{"@id":"https:\/\/unrostore.com\/#organization"},"potentialAction":[{"@type":"SearchAction","target":{"@type":"EntryPoint","urlTemplate":"https:\/\/unrostore.com\/?s={search_term_string}"},"query-input":{"@type":"PropertyValueSpecification","valueRequired":true,"valueName":"search_term_string"}}],"inLanguage":"de"},{"@type":"Organization","@id":"https:\/\/unrostore.com\/#organization","name":"UNRO","url":"https:\/\/unrostore.com\/","logo":{"@type":"ImageObject","inLanguage":"de","@id":"https:\/\/unrostore.com\/#\/schema\/logo\/image\/","url":"https:\/\/unrostore.com\/wp-content\/uploads\/2022\/05\/Logo-UNRO.png","contentUrl":"https:\/\/unrostore.com\/wp-content\/uploads\/2022\/05\/Logo-UNRO.png","width":605,"height":179,"caption":"UNRO"},"image":{"@id":"https:\/\/unrostore.com\/#\/schema\/logo\/image\/"}}]}},"_links":{"self":[{"href":"https:\/\/unrostore.com\/de-de\/wp-json\/wp\/v2\/product\/2150","targetHints":{"allow":["GET"]}}],"collection":[{"href":"https:\/\/unrostore.com\/de-de\/wp-json\/wp\/v2\/product"}],"about":[{"href":"https:\/\/unrostore.com\/de-de\/wp-json\/wp\/v2\/types\/product"}],"wp:featuredmedia":[{"embeddable":true,"href":"https:\/\/unrostore.com\/de-de\/wp-json\/wp\/v2\/media\/8151"}],"wp:attachment":[{"href":"https:\/\/unrostore.com\/de-de\/wp-json\/wp\/v2\/media?parent=2150"}],"wp:term":[{"taxonomy":"product_brand","embeddable":true,"href":"https:\/\/unrostore.com\/de-de\/wp-json\/wp\/v2\/product_brand?post=2150"},{"taxonomy":"product_cat","embeddable":true,"href":"https:\/\/unrostore.com\/de-de\/wp-json\/wp\/v2\/product_cat?post=2150"},{"taxonomy":"product_tag","embeddable":true,"href":"https:\/\/unrostore.com\/de-de\/wp-json\/wp\/v2\/product_tag?post=2150"}],"curies":[{"name":"wp","href":"https:\/\/api.w.org\/{rel}","templated":true}]}}