{"id":2121,"date":"2022-10-15T18:25:09","date_gmt":"2022-10-15T18:25:09","guid":{"rendered":"https:\/\/unrostore.com\/?post_type=product&#038;p=2121"},"modified":"2026-01-19T20:38:17","modified_gmt":"2026-01-19T20:38:17","slug":"obstschale-weises-segel","status":"publish","type":"product","link":"https:\/\/unrostore.com\/de-de\/shop\/terrafina\/segel\/obstschale-weises-segel\/","title":{"rendered":"Obstschale Wei\u00dfes Sail"},"content":{"rendered":"<h3>Die Obstschale<strong> Wei\u00dfes Segel<\/strong> leuchtet in Ihrem Interieur!<\/h3>\n<p><span style=\"font-weight: 400;\">Nat\u00fcrlich ist Ihr Geschirrset nicht komplett ohne die h\u00fcbschen<strong> Obstschale Wei\u00dfes Sail<\/strong>\u00a0von <a href=\"https:\/\/www.terrafinastore.com\/en\/collections\/sail\">Terrafina<\/a> in der Sie auch Ihre Salate servieren k\u00f6nnen. Diese wei\u00dfe gro\u00dfe Serviersch\u00fcssel macht sich gut in Ihrer K\u00fcche, auf der K\u00fccheninsel oder auf Ihrem Esstisch und ist gro\u00df genug f\u00fcr all Ihre leckeren Gerichte. Diese sch\u00f6ne wei\u00dfe und blaue handgefertigte Salatsch\u00fcssel ist ein echter Blickfang in Ihrem Zuhause. <\/span><span style=\"font-weight: 400;\">Bestellen Sie die wei\u00dfe Servierschale und entdecken Sie ihre Vielseitigkeit! Siehe auch die <a href=\"https:\/\/unrostore.com\/de-de\/shop\/terrafina\/segel\/weises-serviergeschirr-segel\/\">Serviergeschirr-Set Segel<\/a> und kombinieren die handgefertigten Schalen mit dem <a href=\"https:\/\/unrostore.com\/de-de\/shop\/terrafina\/segel\/sail-serviesset\/\">Segelgeschirrset Schalen - 4 Personen<\/a>, <a href=\"https:\/\/unrostore.com\/de-de\/shop\/terrafina\/segel\/geschirrset-weis-nudelteller-segel\/\">Segelservierset mit Pastatellern<\/a> ob die <a href=\"https:\/\/unrostore.com\/de-de\/shop\/terrafina\/segel\/weises-geschirr-16-stuck-mit-pastatellern-und-schusseln-segel\/\">16-teiliges Sail-Geschirrset mit Sch\u00fcsseln und Pastatellern<\/a>. So haben Sie ein sch\u00f6nes komplettes Set in Ihrem Haus f\u00fcr eine stilvolle Tabelle Erfahrung. Wussten Sie, dass diese wei\u00df-blaue Salatsch\u00fcssel auch ein sehr sch\u00f6nes und einzigartiges Geschenk f\u00fcr Sie und Ihn zum Geburtstag ist?<\/span><\/p>\n<p>&nbsp;<\/p>\n<h3>Dies ist die Nummer, die Sie zugestellt bekommen<\/h3>\n<ul>\n<li>1x Sail Obstschale \u00f8 26 cm<\/li>\n<li>1x Terrafina Geschenkbox<\/li>\n<\/ul>\n<p>&nbsp;<\/p>\n<p><em><strong>Nachhaltig f\u00fcr Mensch und Umwelt:<\/strong><br \/>\nJedes Produkt ist ein Unikat, denn es wird in Handarbeit hergestellt.<br \/>\nDruck und Textur k\u00f6nnen daher leicht vom Produktfoto abweichen.<\/em><\/p>","protected":false},"excerpt":{"rendered":"<div class=\"usps\"><i class=\"far fa-check-circle\"><\/i> Mikrowellenfest<br \/>\n<i class=\"far fa-check-circle\"><\/i> Backofenfest (bis zu 200 Grad)<br \/>\n<i class=\"far fa-check-circle\"><\/i> Sp\u00fclmaschinenfest<br \/>\n<i class=\"far fa-thumbs-up\"><\/i> Handgefertigt<\/div>","protected":false},"featured_media":7172,"template":"","meta":[],"product_brand":[],"product_cat":[869,273,657,135,138,119,139],"product_tag":[253,601,137,786,124,605,631,252,136,143,148,123,787,608],"class_list":{"0":"post-2121","1":"product","2":"type-product","3":"status-publish","4":"has-post-thumbnail","6":"product_cat-unro-cadeautips","7":"product_cat-decoratie","8":"product_cat-fruitschalen-en-saladeschalen","9":"product_cat-kommen","10":"product_cat-serveerschalen","11":"product_cat-terrafina","12":"product_cat-sail","13":"product_tag-fruitschaal","14":"product_tag-hapjesschaal","15":"product_tag-kom","16":"product_tag-ovenschaal","17":"product_tag-sail","18":"product_tag-saladekom","19":"product_tag-saladeschaal","20":"product_tag-schaal","21":"product_tag-serveer-kom","22":"product_tag-serveerkom","23":"product_tag-serveerschaal","24":"product_tag-terrafina","25":"product_tag-vuurvaste-schaal","26":"product_tag-witte","27":"product_shipping_class-pakket","29":"first","30":"outofstock","31":"sale","32":"taxable","33":"shipping-taxable","34":"purchasable","35":"product-type-simple"},"yoast_head":"<!-- This site is optimized with the Yoast SEO plugin v27.4 - https:\/\/yoast.com\/product\/yoast-seo-wordpress\/ -->\n<title>Fruitschaal Wit Sail &#8226; UNRO<\/title>\n<meta name=\"description\" content=\"Maak jouw serviesset compleet met de Fruitschaal Wit Sail om ook je salade in op te dienen. Bestel de Sail Serveerschaal voor jouw stijlvolle interieur!\" \/>\n<meta name=\"robots\" content=\"index, follow, max-snippet:-1, max-image-preview:large, max-video-preview:-1\" \/>\n<link rel=\"canonical\" href=\"https:\/\/unrostore.com\/de-de\/shop\/terrafina\/segel\/obstschale-weises-segel\/\" \/>\n<meta property=\"og:locale\" content=\"de_DE\" \/>\n<meta property=\"og:type\" content=\"article\" \/>\n<meta property=\"og:title\" content=\"Fruitschaal Wit Sail &#8226; UNRO\" \/>\n<meta property=\"og:description\" content=\"Maak jouw serviesset compleet met de Fruitschaal Wit Sail om ook je salade in op te dienen. Bestel de Sail Serveerschaal voor jouw stijlvolle interieur!\" \/>\n<meta property=\"og:url\" content=\"https:\/\/unrostore.com\/de-de\/shop\/terrafina\/segel\/obstschale-weises-segel\/\" \/>\n<meta property=\"og:site_name\" content=\"UNRO\" \/>\n<meta property=\"article:modified_time\" content=\"2026-01-19T20:38:17+00:00\" \/>\n<meta property=\"og:image\" content=\"https:\/\/unrostore.com\/wp-content\/uploads\/2022\/10\/unro-fruitschaal-wit-blauwe-serveerschaal.webp\" \/>\n\t<meta property=\"og:image:width\" content=\"1000\" \/>\n\t<meta property=\"og:image:height\" content=\"1000\" \/>\n\t<meta property=\"og:image:type\" content=\"image\/webp\" \/>\n<meta name=\"twitter:card\" content=\"summary_large_image\" \/>\n<script type=\"application\/ld+json\" class=\"yoast-schema-graph\">{\"@context\":\"https:\\\/\\\/schema.org\",\"@graph\":[{\"@type\":\"WebPage\",\"@id\":\"https:\\\/\\\/unrostore.com\\\/shop\\\/terrafina\\\/sail\\\/fruitschaal-wit-sail\\\/\",\"url\":\"https:\\\/\\\/unrostore.com\\\/shop\\\/terrafina\\\/sail\\\/fruitschaal-wit-sail\\\/\",\"name\":\"Fruitschaal Wit Sail &#8226; UNRO\",\"isPartOf\":{\"@id\":\"https:\\\/\\\/unrostore.com\\\/#website\"},\"primaryImageOfPage\":{\"@id\":\"https:\\\/\\\/unrostore.com\\\/shop\\\/terrafina\\\/sail\\\/fruitschaal-wit-sail\\\/#primaryimage\"},\"image\":{\"@id\":\"https:\\\/\\\/unrostore.com\\\/shop\\\/terrafina\\\/sail\\\/fruitschaal-wit-sail\\\/#primaryimage\"},\"thumbnailUrl\":\"https:\\\/\\\/unrostore.com\\\/wp-content\\\/uploads\\\/2022\\\/10\\\/unro-fruitschaal-wit-blauwe-serveerschaal.webp\",\"datePublished\":\"2022-10-15T18:25:09+00:00\",\"dateModified\":\"2026-01-19T20:38:17+00:00\",\"description\":\"Maak jouw serviesset compleet met de Fruitschaal Wit Sail om ook je salade in op te dienen. Bestel de Sail Serveerschaal voor jouw stijlvolle interieur!\",\"breadcrumb\":{\"@id\":\"https:\\\/\\\/unrostore.com\\\/shop\\\/terrafina\\\/sail\\\/fruitschaal-wit-sail\\\/#breadcrumb\"},\"inLanguage\":\"de\",\"potentialAction\":[{\"@type\":\"ReadAction\",\"target\":[\"https:\\\/\\\/unrostore.com\\\/shop\\\/terrafina\\\/sail\\\/fruitschaal-wit-sail\\\/\"]}]},{\"@type\":\"ImageObject\",\"inLanguage\":\"de\",\"@id\":\"https:\\\/\\\/unrostore.com\\\/shop\\\/terrafina\\\/sail\\\/fruitschaal-wit-sail\\\/#primaryimage\",\"url\":\"https:\\\/\\\/unrostore.com\\\/wp-content\\\/uploads\\\/2022\\\/10\\\/unro-fruitschaal-wit-blauwe-serveerschaal.webp\",\"contentUrl\":\"https:\\\/\\\/unrostore.com\\\/wp-content\\\/uploads\\\/2022\\\/10\\\/unro-fruitschaal-wit-blauwe-serveerschaal.webp\",\"width\":1000,\"height\":1000,\"caption\":\"witte fruitschaal handgemaakt keramiek portugees servies\"},{\"@type\":\"BreadcrumbList\",\"@id\":\"https:\\\/\\\/unrostore.com\\\/shop\\\/terrafina\\\/sail\\\/fruitschaal-wit-sail\\\/#breadcrumb\",\"itemListElement\":[{\"@type\":\"ListItem\",\"position\":1,\"name\":\"Home\",\"item\":\"https:\\\/\\\/unrostore.com\\\/\"},{\"@type\":\"ListItem\",\"position\":2,\"name\":\"Shop\",\"item\":\"https:\\\/\\\/unrostore.com\\\/shop\\\/\"},{\"@type\":\"ListItem\",\"position\":3,\"name\":\"Fruitschaal Wit Sail\"}]},{\"@type\":\"WebSite\",\"@id\":\"https:\\\/\\\/unrostore.com\\\/#website\",\"url\":\"https:\\\/\\\/unrostore.com\\\/\",\"name\":\"UNRO\",\"description\":\"Portugees servies waar je blij van wordt!\",\"publisher\":{\"@id\":\"https:\\\/\\\/unrostore.com\\\/#organization\"},\"potentialAction\":[{\"@type\":\"SearchAction\",\"target\":{\"@type\":\"EntryPoint\",\"urlTemplate\":\"https:\\\/\\\/unrostore.com\\\/?s={search_term_string}\"},\"query-input\":{\"@type\":\"PropertyValueSpecification\",\"valueRequired\":true,\"valueName\":\"search_term_string\"}}],\"inLanguage\":\"de\"},{\"@type\":\"Organization\",\"@id\":\"https:\\\/\\\/unrostore.com\\\/#organization\",\"name\":\"UNRO\",\"url\":\"https:\\\/\\\/unrostore.com\\\/\",\"logo\":{\"@type\":\"ImageObject\",\"inLanguage\":\"de\",\"@id\":\"https:\\\/\\\/unrostore.com\\\/#\\\/schema\\\/logo\\\/image\\\/\",\"url\":\"https:\\\/\\\/unrostore.com\\\/wp-content\\\/uploads\\\/2022\\\/05\\\/Logo-UNRO.png\",\"contentUrl\":\"https:\\\/\\\/unrostore.com\\\/wp-content\\\/uploads\\\/2022\\\/05\\\/Logo-UNRO.png\",\"width\":605,\"height\":179,\"caption\":\"UNRO\"},\"image\":{\"@id\":\"https:\\\/\\\/unrostore.com\\\/#\\\/schema\\\/logo\\\/image\\\/\"}}]}<\/script>\n<!-- \/ Yoast SEO plugin. -->","yoast_head_json":{"title":"Obstschale Wei\u00dfes Segel - UNRO","description":"Vervollst\u00e4ndigen Sie Ihr Geschirrset mit der Sail White Fruit Bowl, um auch Ihren Salat zu servieren. Bestellen Sie die Sail Serviersch\u00fcssel f\u00fcr Ihr stilvolles Interieur!","robots":{"index":"index","follow":"follow","max-snippet":"max-snippet:-1","max-image-preview":"max-image-preview:large","max-video-preview":"max-video-preview:-1"},"canonical":"https:\/\/unrostore.com\/de-de\/shop\/terrafina\/segel\/obstschale-weises-segel\/","og_locale":"de_DE","og_type":"article","og_title":"Fruitschaal Wit Sail &#8226; UNRO","og_description":"Maak jouw serviesset compleet met de Fruitschaal Wit Sail om ook je salade in op te dienen. Bestel de Sail Serveerschaal voor jouw stijlvolle interieur!","og_url":"https:\/\/unrostore.com\/de-de\/shop\/terrafina\/segel\/obstschale-weises-segel\/","og_site_name":"UNRO","article_modified_time":"2026-01-19T20:38:17+00:00","og_image":[{"width":1000,"height":1000,"url":"https:\/\/unrostore.com\/wp-content\/uploads\/2022\/10\/unro-fruitschaal-wit-blauwe-serveerschaal.webp","type":"image\/webp"}],"twitter_card":"summary_large_image","schema":{"@context":"https:\/\/schema.org","@graph":[{"@type":"WebPage","@id":"https:\/\/unrostore.com\/shop\/terrafina\/sail\/fruitschaal-wit-sail\/","url":"https:\/\/unrostore.com\/shop\/terrafina\/sail\/fruitschaal-wit-sail\/","name":"Obstschale Wei\u00dfes Segel - UNRO","isPartOf":{"@id":"https:\/\/unrostore.com\/#website"},"primaryImageOfPage":{"@id":"https:\/\/unrostore.com\/shop\/terrafina\/sail\/fruitschaal-wit-sail\/#primaryimage"},"image":{"@id":"https:\/\/unrostore.com\/shop\/terrafina\/sail\/fruitschaal-wit-sail\/#primaryimage"},"thumbnailUrl":"https:\/\/unrostore.com\/wp-content\/uploads\/2022\/10\/unro-fruitschaal-wit-blauwe-serveerschaal.webp","datePublished":"2022-10-15T18:25:09+00:00","dateModified":"2026-01-19T20:38:17+00:00","description":"Vervollst\u00e4ndigen Sie Ihr Geschirrset mit der Sail White Fruit Bowl, um auch Ihren Salat zu servieren. Bestellen Sie die Sail Serviersch\u00fcssel f\u00fcr Ihr stilvolles Interieur!","breadcrumb":{"@id":"https:\/\/unrostore.com\/shop\/terrafina\/sail\/fruitschaal-wit-sail\/#breadcrumb"},"inLanguage":"de","potentialAction":[{"@type":"ReadAction","target":["https:\/\/unrostore.com\/shop\/terrafina\/sail\/fruitschaal-wit-sail\/"]}]},{"@type":"ImageObject","inLanguage":"de","@id":"https:\/\/unrostore.com\/shop\/terrafina\/sail\/fruitschaal-wit-sail\/#primaryimage","url":"https:\/\/unrostore.com\/wp-content\/uploads\/2022\/10\/unro-fruitschaal-wit-blauwe-serveerschaal.webp","contentUrl":"https:\/\/unrostore.com\/wp-content\/uploads\/2022\/10\/unro-fruitschaal-wit-blauwe-serveerschaal.webp","width":1000,"height":1000,"caption":"witte fruitschaal handgemaakt keramiek portugees servies"},{"@type":"BreadcrumbList","@id":"https:\/\/unrostore.com\/shop\/terrafina\/sail\/fruitschaal-wit-sail\/#breadcrumb","itemListElement":[{"@type":"ListItem","position":1,"name":"Home","item":"https:\/\/unrostore.com\/"},{"@type":"ListItem","position":2,"name":"Shop","item":"https:\/\/unrostore.com\/shop\/"},{"@type":"ListItem","position":3,"name":"Fruitschaal Wit Sail"}]},{"@type":"WebSite","@id":"https:\/\/unrostore.com\/#website","url":"https:\/\/unrostore.com\/","name":"UNRO","description":"Portugiesisches Geschirr, das Sie gl\u00fccklich machen wird!","publisher":{"@id":"https:\/\/unrostore.com\/#organization"},"potentialAction":[{"@type":"SearchAction","target":{"@type":"EntryPoint","urlTemplate":"https:\/\/unrostore.com\/?s={search_term_string}"},"query-input":{"@type":"PropertyValueSpecification","valueRequired":true,"valueName":"search_term_string"}}],"inLanguage":"de"},{"@type":"Organization","@id":"https:\/\/unrostore.com\/#organization","name":"UNRO","url":"https:\/\/unrostore.com\/","logo":{"@type":"ImageObject","inLanguage":"de","@id":"https:\/\/unrostore.com\/#\/schema\/logo\/image\/","url":"https:\/\/unrostore.com\/wp-content\/uploads\/2022\/05\/Logo-UNRO.png","contentUrl":"https:\/\/unrostore.com\/wp-content\/uploads\/2022\/05\/Logo-UNRO.png","width":605,"height":179,"caption":"UNRO"},"image":{"@id":"https:\/\/unrostore.com\/#\/schema\/logo\/image\/"}}]}},"_links":{"self":[{"href":"https:\/\/unrostore.com\/de-de\/wp-json\/wp\/v2\/product\/2121","targetHints":{"allow":["GET"]}}],"collection":[{"href":"https:\/\/unrostore.com\/de-de\/wp-json\/wp\/v2\/product"}],"about":[{"href":"https:\/\/unrostore.com\/de-de\/wp-json\/wp\/v2\/types\/product"}],"wp:featuredmedia":[{"embeddable":true,"href":"https:\/\/unrostore.com\/de-de\/wp-json\/wp\/v2\/media\/7172"}],"wp:attachment":[{"href":"https:\/\/unrostore.com\/de-de\/wp-json\/wp\/v2\/media?parent=2121"}],"wp:term":[{"taxonomy":"product_brand","embeddable":true,"href":"https:\/\/unrostore.com\/de-de\/wp-json\/wp\/v2\/product_brand?post=2121"},{"taxonomy":"product_cat","embeddable":true,"href":"https:\/\/unrostore.com\/de-de\/wp-json\/wp\/v2\/product_cat?post=2121"},{"taxonomy":"product_tag","embeddable":true,"href":"https:\/\/unrostore.com\/de-de\/wp-json\/wp\/v2\/product_tag?post=2121"}],"curies":[{"name":"wp","href":"https:\/\/api.w.org\/{rel}","templated":true}]}}