{"id":2118,"date":"2022-10-15T18:14:37","date_gmt":"2022-10-15T18:14:37","guid":{"rendered":"https:\/\/unrostore.com\/?post_type=product&#038;p=2118"},"modified":"2026-01-21T10:52:59","modified_gmt":"2026-01-21T10:52:59","slug":"weise-espressotassen-segel-2-stuck","status":"publish","type":"product","link":"https:\/\/unrostore.com\/de-de\/shop\/terrafina\/segel\/weise-espressotassen-segel-2-stuck\/","title":{"rendered":"Wei\u00dfe Espressotassen 100 ml Segel - 2-tlg."},"content":{"rendered":"<h3>K\u00f6stlicher Espresso aus den wei\u00dfen Espressotassen Sail 2er-Set<\/h3>\n<p>Vervollst\u00e4ndigen Sie Ihr Sail-Geschirrset und f\u00fcgen Sie dieses sch\u00f6ne <strong>Wei\u00dfe Espressotassen Segel Satz von 2<\/strong>\u00a0von <a href=\"https:\/\/www.terrafinastore.com\/en\/collections\/sail\">Terrafina<\/a> zu Ihrer Sammlung hinzuf\u00fcgen. <span style=\"font-weight: 400;\">Das Gl\u00fcck liegt in den kleinen Dingen und Gesten des Lebens, wie einer Tasse Espresso. Morgens, tags\u00fcber oder einfach nach dem Essen. Wie sch\u00f6n also, dass Ihre Espressotasse zu Ihrem Geschirrset passt. Entdecken Sie es jetzt und bestellen Sie die Sail Small Mugs oder entscheiden Sie sich f\u00fcr die gr\u00f6\u00dfere Variante die <a href=\"https:\/\/unrostore.com\/de-de\/shop\/terrafina\/segel\/sail-mokken-2-delig\/\">Segelbecher - 2-teilig<\/a>!<\/span><\/p>\n<p>&nbsp;<\/p>\n<h3>Dies ist die Anzahl der Becher, die Sie geliefert bekommen<\/h3>\n<ul>\n<li>2x Sail Espressotassen (100 ml trinkbares Volumen)<\/li>\n<li>1x Terrafina Geschenkbox<\/li>\n<\/ul>\n<p>&nbsp;<\/p>\n<p><em><strong>Nachhaltig f\u00fcr Mensch und Umwelt<\/strong><br \/>\nJedes Produkt ist ein Unikat, denn es wird in Handarbeit hergestellt.<br \/>\nDruck und Textur k\u00f6nnen daher leicht vom Produktfoto abweichen.<\/em><\/p>","protected":false},"excerpt":{"rendered":"<div class=\"usps\"><i class=\"far fa-check-circle\"><\/i> Mikrowellenfest<br \/>\n<i class=\"far fa-check-circle\"><\/i> Backofenfest (bis zu 200 Grad)<br \/>\n<i class=\"far fa-check-circle\"><\/i> Sp\u00fclmaschinenfest<br \/>\n<i class=\"far fa-thumbs-up\"><\/i> Handgefertigt<\/div>","protected":false},"featured_media":3612,"template":"","meta":[],"product_brand":[],"product_cat":[869,307,132,119,139],"product_tag":[301,193,660,742,689,134,142,703,690,302,338,652,114,130,124,785,224,651],"class_list":{"0":"post-2118","1":"product","2":"type-product","3":"status-publish","4":"has-post-thumbnail","6":"product_cat-unro-cadeautips","7":"product_cat-espresso-kopjes","8":"product_cat-kopjes-en-mokken","9":"product_cat-terrafina","10":"product_cat-sail","11":"product_tag-espresso","12":"product_tag-espresso-kopjes","13":"product_tag-espresso-kopjes-met-oor","14":"product_tag-espresso-mokken","15":"product_tag-high-tea","16":"product_tag-kleine-mok","17":"product_tag-kleine-mokken","18":"product_tag-koffie-met-gebak","19":"product_tag-koffietijd","20":"product_tag-kopjes","21":"product_tag-koppen","22":"product_tag-met-oor","23":"product_tag-mok","24":"product_tag-mokken","25":"product_tag-sail","26":"product_tag-set-van-2","27":"product_tag-wit","28":"product_tag-witte-espressokopjes","29":"product_shipping_class-pakket","31":"first","32":"instock","33":"sale","34":"taxable","35":"shipping-taxable","36":"purchasable","37":"product-type-simple"},"yoast_head":"<!-- This site is optimized with the Yoast SEO plugin v27.4 - https:\/\/yoast.com\/product\/yoast-seo-wordpress\/ -->\n<title>Witte Espressokopjes 100 ml Sail - 2-delig &#8226; UNRO<\/title>\n<meta name=\"description\" content=\"Geluk zit hem in de kleine dingen en gebaren in het leven. Zoals een heerlijke espresso uit de Witte Espressokopjes Sail op elk moment van de dag.\" \/>\n<meta name=\"robots\" content=\"index, follow, max-snippet:-1, max-image-preview:large, max-video-preview:-1\" \/>\n<link rel=\"canonical\" href=\"https:\/\/unrostore.com\/de-de\/shop\/terrafina\/segel\/weise-espressotassen-segel-2-stuck\/\" \/>\n<meta property=\"og:locale\" content=\"de_DE\" \/>\n<meta property=\"og:type\" content=\"article\" \/>\n<meta property=\"og:title\" content=\"Witte Espressokopjes 100 ml Sail - 2-delig &#8226; UNRO\" \/>\n<meta property=\"og:description\" content=\"Geluk zit hem in de kleine dingen en gebaren in het leven. Zoals een heerlijke espresso uit de Witte Espressokopjes Sail op elk moment van de dag.\" \/>\n<meta property=\"og:url\" content=\"https:\/\/unrostore.com\/de-de\/shop\/terrafina\/segel\/weise-espressotassen-segel-2-stuck\/\" \/>\n<meta property=\"og:site_name\" content=\"UNRO\" \/>\n<meta property=\"article:modified_time\" content=\"2026-01-21T10:52:59+00:00\" \/>\n<meta property=\"og:image\" content=\"https:\/\/unrostore.com\/wp-content\/uploads\/2022\/10\/unro-portugees-servies-terrafina-sail-espresso-kopjes-2-delig.jpg\" \/>\n\t<meta property=\"og:image:width\" content=\"1440\" \/>\n\t<meta property=\"og:image:height\" content=\"1440\" \/>\n\t<meta property=\"og:image:type\" content=\"image\/jpeg\" \/>\n<meta name=\"twitter:card\" content=\"summary_large_image\" \/>\n<script type=\"application\/ld+json\" class=\"yoast-schema-graph\">{\"@context\":\"https:\\\/\\\/schema.org\",\"@graph\":[{\"@type\":\"WebPage\",\"@id\":\"https:\\\/\\\/unrostore.com\\\/shop\\\/terrafina\\\/sail\\\/witte-espressokopjes-sail-2-delig\\\/\",\"url\":\"https:\\\/\\\/unrostore.com\\\/shop\\\/terrafina\\\/sail\\\/witte-espressokopjes-sail-2-delig\\\/\",\"name\":\"Witte Espressokopjes 100 ml Sail - 2-delig &#8226; UNRO\",\"isPartOf\":{\"@id\":\"https:\\\/\\\/unrostore.com\\\/#website\"},\"primaryImageOfPage\":{\"@id\":\"https:\\\/\\\/unrostore.com\\\/shop\\\/terrafina\\\/sail\\\/witte-espressokopjes-sail-2-delig\\\/#primaryimage\"},\"image\":{\"@id\":\"https:\\\/\\\/unrostore.com\\\/shop\\\/terrafina\\\/sail\\\/witte-espressokopjes-sail-2-delig\\\/#primaryimage\"},\"thumbnailUrl\":\"https:\\\/\\\/unrostore.com\\\/wp-content\\\/uploads\\\/2022\\\/10\\\/unro-portugees-servies-terrafina-sail-espresso-kopjes-2-delig.jpg\",\"datePublished\":\"2022-10-15T18:14:37+00:00\",\"dateModified\":\"2026-01-21T10:52:59+00:00\",\"description\":\"Geluk zit hem in de kleine dingen en gebaren in het leven. Zoals een heerlijke espresso uit de Witte Espressokopjes Sail op elk moment van de dag.\",\"breadcrumb\":{\"@id\":\"https:\\\/\\\/unrostore.com\\\/shop\\\/terrafina\\\/sail\\\/witte-espressokopjes-sail-2-delig\\\/#breadcrumb\"},\"inLanguage\":\"de\",\"potentialAction\":[{\"@type\":\"ReadAction\",\"target\":[\"https:\\\/\\\/unrostore.com\\\/shop\\\/terrafina\\\/sail\\\/witte-espressokopjes-sail-2-delig\\\/\"]}]},{\"@type\":\"ImageObject\",\"inLanguage\":\"de\",\"@id\":\"https:\\\/\\\/unrostore.com\\\/shop\\\/terrafina\\\/sail\\\/witte-espressokopjes-sail-2-delig\\\/#primaryimage\",\"url\":\"https:\\\/\\\/unrostore.com\\\/wp-content\\\/uploads\\\/2022\\\/10\\\/unro-portugees-servies-terrafina-sail-espresso-kopjes-2-delig.jpg\",\"contentUrl\":\"https:\\\/\\\/unrostore.com\\\/wp-content\\\/uploads\\\/2022\\\/10\\\/unro-portugees-servies-terrafina-sail-espresso-kopjes-2-delig.jpg\",\"width\":1440,\"height\":1440,\"caption\":\"Sail Espresso Kopjes - 2-delig van Terrafina portugees keramiek Servies exclusief bij UNRO.\"},{\"@type\":\"BreadcrumbList\",\"@id\":\"https:\\\/\\\/unrostore.com\\\/shop\\\/terrafina\\\/sail\\\/witte-espressokopjes-sail-2-delig\\\/#breadcrumb\",\"itemListElement\":[{\"@type\":\"ListItem\",\"position\":1,\"name\":\"Home\",\"item\":\"https:\\\/\\\/unrostore.com\\\/\"},{\"@type\":\"ListItem\",\"position\":2,\"name\":\"Shop\",\"item\":\"https:\\\/\\\/unrostore.com\\\/shop\\\/\"},{\"@type\":\"ListItem\",\"position\":3,\"name\":\"Witte Espressokopjes 100 ml Sail &#8211; 2-delig\"}]},{\"@type\":\"WebSite\",\"@id\":\"https:\\\/\\\/unrostore.com\\\/#website\",\"url\":\"https:\\\/\\\/unrostore.com\\\/\",\"name\":\"UNRO\",\"description\":\"Portugees servies waar je blij van wordt!\",\"publisher\":{\"@id\":\"https:\\\/\\\/unrostore.com\\\/#organization\"},\"potentialAction\":[{\"@type\":\"SearchAction\",\"target\":{\"@type\":\"EntryPoint\",\"urlTemplate\":\"https:\\\/\\\/unrostore.com\\\/?s={search_term_string}\"},\"query-input\":{\"@type\":\"PropertyValueSpecification\",\"valueRequired\":true,\"valueName\":\"search_term_string\"}}],\"inLanguage\":\"de\"},{\"@type\":\"Organization\",\"@id\":\"https:\\\/\\\/unrostore.com\\\/#organization\",\"name\":\"UNRO\",\"url\":\"https:\\\/\\\/unrostore.com\\\/\",\"logo\":{\"@type\":\"ImageObject\",\"inLanguage\":\"de\",\"@id\":\"https:\\\/\\\/unrostore.com\\\/#\\\/schema\\\/logo\\\/image\\\/\",\"url\":\"https:\\\/\\\/unrostore.com\\\/wp-content\\\/uploads\\\/2022\\\/05\\\/Logo-UNRO.png\",\"contentUrl\":\"https:\\\/\\\/unrostore.com\\\/wp-content\\\/uploads\\\/2022\\\/05\\\/Logo-UNRO.png\",\"width\":605,\"height\":179,\"caption\":\"UNRO\"},\"image\":{\"@id\":\"https:\\\/\\\/unrostore.com\\\/#\\\/schema\\\/logo\\\/image\\\/\"}}]}<\/script>\n<!-- \/ Yoast SEO plugin. -->","yoast_head_json":{"title":"Wei\u00dfe Espressotassen 100 ml Segel - 2-teilig - UNRO","description":"Das Gl\u00fcck liegt in den kleinen Dingen und Gesten des Lebens. Wie ein k\u00f6stlicher Espresso aus der White Espresso Cup Sail zu jeder Zeit des Tages.","robots":{"index":"index","follow":"follow","max-snippet":"max-snippet:-1","max-image-preview":"max-image-preview:large","max-video-preview":"max-video-preview:-1"},"canonical":"https:\/\/unrostore.com\/de-de\/shop\/terrafina\/segel\/weise-espressotassen-segel-2-stuck\/","og_locale":"de_DE","og_type":"article","og_title":"Witte Espressokopjes 100 ml Sail - 2-delig &#8226; UNRO","og_description":"Geluk zit hem in de kleine dingen en gebaren in het leven. Zoals een heerlijke espresso uit de Witte Espressokopjes Sail op elk moment van de dag.","og_url":"https:\/\/unrostore.com\/de-de\/shop\/terrafina\/segel\/weise-espressotassen-segel-2-stuck\/","og_site_name":"UNRO","article_modified_time":"2026-01-21T10:52:59+00:00","og_image":[{"width":1440,"height":1440,"url":"https:\/\/unrostore.com\/wp-content\/uploads\/2022\/10\/unro-portugees-servies-terrafina-sail-espresso-kopjes-2-delig.jpg","type":"image\/jpeg"}],"twitter_card":"summary_large_image","schema":{"@context":"https:\/\/schema.org","@graph":[{"@type":"WebPage","@id":"https:\/\/unrostore.com\/shop\/terrafina\/sail\/witte-espressokopjes-sail-2-delig\/","url":"https:\/\/unrostore.com\/shop\/terrafina\/sail\/witte-espressokopjes-sail-2-delig\/","name":"Wei\u00dfe Espressotassen 100 ml Segel - 2-teilig - UNRO","isPartOf":{"@id":"https:\/\/unrostore.com\/#website"},"primaryImageOfPage":{"@id":"https:\/\/unrostore.com\/shop\/terrafina\/sail\/witte-espressokopjes-sail-2-delig\/#primaryimage"},"image":{"@id":"https:\/\/unrostore.com\/shop\/terrafina\/sail\/witte-espressokopjes-sail-2-delig\/#primaryimage"},"thumbnailUrl":"https:\/\/unrostore.com\/wp-content\/uploads\/2022\/10\/unro-portugees-servies-terrafina-sail-espresso-kopjes-2-delig.jpg","datePublished":"2022-10-15T18:14:37+00:00","dateModified":"2026-01-21T10:52:59+00:00","description":"Das Gl\u00fcck liegt in den kleinen Dingen und Gesten des Lebens. Wie ein k\u00f6stlicher Espresso aus der White Espresso Cup Sail zu jeder Zeit des Tages.","breadcrumb":{"@id":"https:\/\/unrostore.com\/shop\/terrafina\/sail\/witte-espressokopjes-sail-2-delig\/#breadcrumb"},"inLanguage":"de","potentialAction":[{"@type":"ReadAction","target":["https:\/\/unrostore.com\/shop\/terrafina\/sail\/witte-espressokopjes-sail-2-delig\/"]}]},{"@type":"ImageObject","inLanguage":"de","@id":"https:\/\/unrostore.com\/shop\/terrafina\/sail\/witte-espressokopjes-sail-2-delig\/#primaryimage","url":"https:\/\/unrostore.com\/wp-content\/uploads\/2022\/10\/unro-portugees-servies-terrafina-sail-espresso-kopjes-2-delig.jpg","contentUrl":"https:\/\/unrostore.com\/wp-content\/uploads\/2022\/10\/unro-portugees-servies-terrafina-sail-espresso-kopjes-2-delig.jpg","width":1440,"height":1440,"caption":"Sail Espresso Kopjes - 2-delig van Terrafina portugees keramiek Servies exclusief bij UNRO."},{"@type":"BreadcrumbList","@id":"https:\/\/unrostore.com\/shop\/terrafina\/sail\/witte-espressokopjes-sail-2-delig\/#breadcrumb","itemListElement":[{"@type":"ListItem","position":1,"name":"Home","item":"https:\/\/unrostore.com\/"},{"@type":"ListItem","position":2,"name":"Shop","item":"https:\/\/unrostore.com\/shop\/"},{"@type":"ListItem","position":3,"name":"Witte Espressokopjes 100 ml Sail &#8211; 2-delig"}]},{"@type":"WebSite","@id":"https:\/\/unrostore.com\/#website","url":"https:\/\/unrostore.com\/","name":"UNRO","description":"Portugiesisches Geschirr, das Sie gl\u00fccklich machen wird!","publisher":{"@id":"https:\/\/unrostore.com\/#organization"},"potentialAction":[{"@type":"SearchAction","target":{"@type":"EntryPoint","urlTemplate":"https:\/\/unrostore.com\/?s={search_term_string}"},"query-input":{"@type":"PropertyValueSpecification","valueRequired":true,"valueName":"search_term_string"}}],"inLanguage":"de"},{"@type":"Organization","@id":"https:\/\/unrostore.com\/#organization","name":"UNRO","url":"https:\/\/unrostore.com\/","logo":{"@type":"ImageObject","inLanguage":"de","@id":"https:\/\/unrostore.com\/#\/schema\/logo\/image\/","url":"https:\/\/unrostore.com\/wp-content\/uploads\/2022\/05\/Logo-UNRO.png","contentUrl":"https:\/\/unrostore.com\/wp-content\/uploads\/2022\/05\/Logo-UNRO.png","width":605,"height":179,"caption":"UNRO"},"image":{"@id":"https:\/\/unrostore.com\/#\/schema\/logo\/image\/"}}]}},"_links":{"self":[{"href":"https:\/\/unrostore.com\/de-de\/wp-json\/wp\/v2\/product\/2118","targetHints":{"allow":["GET"]}}],"collection":[{"href":"https:\/\/unrostore.com\/de-de\/wp-json\/wp\/v2\/product"}],"about":[{"href":"https:\/\/unrostore.com\/de-de\/wp-json\/wp\/v2\/types\/product"}],"wp:featuredmedia":[{"embeddable":true,"href":"https:\/\/unrostore.com\/de-de\/wp-json\/wp\/v2\/media\/3612"}],"wp:attachment":[{"href":"https:\/\/unrostore.com\/de-de\/wp-json\/wp\/v2\/media?parent=2118"}],"wp:term":[{"taxonomy":"product_brand","embeddable":true,"href":"https:\/\/unrostore.com\/de-de\/wp-json\/wp\/v2\/product_brand?post=2118"},{"taxonomy":"product_cat","embeddable":true,"href":"https:\/\/unrostore.com\/de-de\/wp-json\/wp\/v2\/product_cat?post=2118"},{"taxonomy":"product_tag","embeddable":true,"href":"https:\/\/unrostore.com\/de-de\/wp-json\/wp\/v2\/product_tag?post=2118"}],"curies":[{"name":"wp","href":"https:\/\/api.w.org\/{rel}","templated":true}]}}