{"id":2114,"date":"2022-10-15T18:02:36","date_gmt":"2022-10-15T18:02:36","guid":{"rendered":"https:\/\/unrostore.com\/?post_type=product&#038;p=2114"},"modified":"2026-03-28T19:17:55","modified_gmt":"2026-03-28T19:17:55","slug":"teebecher-weises-segel-2-stuck","status":"publish","type":"product","link":"https:\/\/unrostore.com\/de-de\/shop\/terrafina\/segel\/teebecher-weises-segel-2-stuck\/","title":{"rendered":"Teebecher Wei\u00df 450 ml Segel - 2-teilig"},"content":{"rendered":"<h3>K\u00f6stliche Kaffee- und Teemomente mit den Teebechern White Sail 2er-Set<\/h3>\n<p>Vervollst\u00e4ndigen Sie Ihr Sail-Geschirrset und f\u00fcgen Sie dieses sch\u00f6ne<strong> Teebecher White Sail <\/strong>2er-Set aus Portugiesisch <a href=\"https:\/\/www.terrafinastore.com\/en\/collections\/sail\">Terrafina<\/a> zu Ihrer Sammlung hinzuf\u00fcgen. <span style=\"font-weight: 400;\">Diese handgefertigten Keramikbecher sind ideal f\u00fcr Ihren t\u00e4glichen Chai Latte, Latte Macchiato, Cappuccino oder Kaffee w\u00e4hrend Ihrer Kaffeezeit oder Ihres Teemoments, der jetzt noch feiner und besonderer wird. Genie\u00dfen Sie die kleinen Dinge, die das Leben zu etwas ganz Besonderem machen, wie zum Beispiel einen gem\u00fctlichen High Tea mit Freunden oder der Familie. Lassen Sie die Seele baumeln und tr\u00e4umen Sie sich weg vom Hier und Jetzt mit diesen extra gro\u00dfen wei\u00dfen Keramikbechern! <\/span>Kaufen Sie jetzt dieses Set aus 2 wei\u00dfen Cappuccino-Tassen und erhalten Sie eine kostenlose Geschenkbox dazu. Wir haben diese Tassen auch in einer kleineren Variante f\u00fcr unsere Espresso-Liebhaber: <a href=\"https:\/\/unrostore.com\/de-de\/shop\/terrafina\/segel\/sail-kleine-mokken-2-delig\/\">Segel Espressotassen - 2-teilig<\/a>.<\/p>\n<p>&nbsp;<\/p>\n<h3>Dies ist die Anzahl der Tassen, die Sie geliefert bekommen:<\/h3>\n<ul>\n<li>2x Sail-Teebecher (450ml Trinkvolumen)<\/li>\n<li>1x Terrafina Geschenkbox<\/li>\n<\/ul>\n<p>&nbsp;<\/p>\n<p><em><strong>Nachhaltig f\u00fcr Mensch und Umwelt<\/strong><br \/>\nJedes Produkt ist ein Unikat, denn es wird in Handarbeit hergestellt.<br \/>\nDruck und Textur k\u00f6nnen daher leicht vom Produktfoto abweichen.<\/em><\/p>","protected":false},"excerpt":{"rendered":"<div class=\"usps\"><i class=\"far fa-check-circle\"><\/i> Mikrowellenfest<br \/>\n<i class=\"far fa-check-circle\"><\/i> Backofenfest (bis zu 200 Grad)<br \/>\n<i class=\"far fa-check-circle\"><\/i> Sp\u00fclmaschinenfest<br \/>\n<i class=\"far fa-thumbs-up\"><\/i> Handgefertigt<\/div>","protected":false},"featured_media":3615,"template":"","meta":[],"product_brand":[],"product_cat":[869,316,132,871,119,139],"product_tag":[784,280,309,634,639,638,626,633,114,130,124,123,637,632,224,783],"class_list":{"0":"post-2114","1":"product","2":"type-product","3":"status-publish","4":"has-post-thumbnail","6":"product_cat-unro-cadeautips","7":"product_cat-cappuccino-mokken","8":"product_cat-kopjes-en-mokken","9":"product_cat-unro-populair-portugees-keramiek","10":"product_cat-terrafina","11":"product_cat-sail","12":"product_tag-blauw-wit","13":"product_tag-cappuccino","14":"product_tag-cappuccino-mokken","15":"product_tag-chai-latte","16":"product_tag-grote-mokken","17":"product_tag-koffiekopjes","18":"product_tag-koffiemokken","19":"product_tag-latte-macchiato","20":"product_tag-mok","21":"product_tag-mokken","22":"product_tag-sail","23":"product_tag-terrafina","24":"product_tag-theekopjes","25":"product_tag-theemokken","26":"product_tag-wit","27":"product_tag-wit-met-blauw","28":"product_shipping_class-pakket","30":"first","31":"outofstock","32":"sale","33":"taxable","34":"shipping-taxable","35":"purchasable","36":"product-type-simple"},"yoast_head":"<!-- This site is optimized with the Yoast SEO plugin v27.4 - https:\/\/yoast.com\/product\/yoast-seo-wordpress\/ -->\n<title>Theemokken Wit 450 ml Sail - 2-delig &#8226; UNRO<\/title>\n<meta name=\"description\" content=\"De theemokken wit Sail zijn ideaal voor jouw dagelijkse koffietijd of thee moment. Kom even tot rust met de Sail Thee Mokken tijdens een high tea!\" \/>\n<meta name=\"robots\" content=\"index, follow, max-snippet:-1, max-image-preview:large, max-video-preview:-1\" \/>\n<link rel=\"canonical\" href=\"https:\/\/unrostore.com\/de-de\/shop\/terrafina\/segel\/teebecher-weises-segel-2-stuck\/\" \/>\n<meta property=\"og:locale\" content=\"de_DE\" \/>\n<meta property=\"og:type\" content=\"article\" \/>\n<meta property=\"og:title\" content=\"Theemokken Wit 450 ml Sail - 2-delig &#8226; UNRO\" \/>\n<meta property=\"og:description\" content=\"De theemokken wit Sail zijn ideaal voor jouw dagelijkse koffietijd of thee moment. Kom even tot rust met de Sail Thee Mokken tijdens een high tea!\" \/>\n<meta property=\"og:url\" content=\"https:\/\/unrostore.com\/de-de\/shop\/terrafina\/segel\/teebecher-weises-segel-2-stuck\/\" \/>\n<meta property=\"og:site_name\" content=\"UNRO\" \/>\n<meta property=\"article:modified_time\" content=\"2026-03-28T19:17:55+00:00\" \/>\n<meta property=\"og:image\" content=\"https:\/\/unrostore.com\/wp-content\/uploads\/2022\/10\/unro-portugees-servies-terrafina-sail-cappuccino-mokken-2-delig.jpg\" \/>\n\t<meta property=\"og:image:width\" content=\"1440\" \/>\n\t<meta property=\"og:image:height\" content=\"1440\" \/>\n\t<meta property=\"og:image:type\" content=\"image\/jpeg\" \/>\n<meta name=\"twitter:card\" content=\"summary_large_image\" \/>\n<script type=\"application\/ld+json\" class=\"yoast-schema-graph\">{\"@context\":\"https:\\\/\\\/schema.org\",\"@graph\":[{\"@type\":\"WebPage\",\"@id\":\"https:\\\/\\\/unrostore.com\\\/shop\\\/terrafina\\\/sail\\\/theemokken-wit-sail-2-delig\\\/\",\"url\":\"https:\\\/\\\/unrostore.com\\\/shop\\\/terrafina\\\/sail\\\/theemokken-wit-sail-2-delig\\\/\",\"name\":\"Theemokken Wit 450 ml Sail - 2-delig &#8226; UNRO\",\"isPartOf\":{\"@id\":\"https:\\\/\\\/unrostore.com\\\/#website\"},\"primaryImageOfPage\":{\"@id\":\"https:\\\/\\\/unrostore.com\\\/shop\\\/terrafina\\\/sail\\\/theemokken-wit-sail-2-delig\\\/#primaryimage\"},\"image\":{\"@id\":\"https:\\\/\\\/unrostore.com\\\/shop\\\/terrafina\\\/sail\\\/theemokken-wit-sail-2-delig\\\/#primaryimage\"},\"thumbnailUrl\":\"https:\\\/\\\/unrostore.com\\\/wp-content\\\/uploads\\\/2022\\\/10\\\/unro-portugees-servies-terrafina-sail-cappuccino-mokken-2-delig.jpg\",\"datePublished\":\"2022-10-15T18:02:36+00:00\",\"dateModified\":\"2026-03-28T19:17:55+00:00\",\"description\":\"De theemokken wit Sail zijn ideaal voor jouw dagelijkse koffietijd of thee moment. Kom even tot rust met de Sail Thee Mokken tijdens een high tea!\",\"breadcrumb\":{\"@id\":\"https:\\\/\\\/unrostore.com\\\/shop\\\/terrafina\\\/sail\\\/theemokken-wit-sail-2-delig\\\/#breadcrumb\"},\"inLanguage\":\"de\",\"potentialAction\":[{\"@type\":\"ReadAction\",\"target\":[\"https:\\\/\\\/unrostore.com\\\/shop\\\/terrafina\\\/sail\\\/theemokken-wit-sail-2-delig\\\/\"]}]},{\"@type\":\"ImageObject\",\"inLanguage\":\"de\",\"@id\":\"https:\\\/\\\/unrostore.com\\\/shop\\\/terrafina\\\/sail\\\/theemokken-wit-sail-2-delig\\\/#primaryimage\",\"url\":\"https:\\\/\\\/unrostore.com\\\/wp-content\\\/uploads\\\/2022\\\/10\\\/unro-portugees-servies-terrafina-sail-cappuccino-mokken-2-delig.jpg\",\"contentUrl\":\"https:\\\/\\\/unrostore.com\\\/wp-content\\\/uploads\\\/2022\\\/10\\\/unro-portugees-servies-terrafina-sail-cappuccino-mokken-2-delig.jpg\",\"width\":1440,\"height\":1440,\"caption\":\"Witte Theemokken Sail set van 2 Portugees Keramiek Servies\"},{\"@type\":\"BreadcrumbList\",\"@id\":\"https:\\\/\\\/unrostore.com\\\/shop\\\/terrafina\\\/sail\\\/theemokken-wit-sail-2-delig\\\/#breadcrumb\",\"itemListElement\":[{\"@type\":\"ListItem\",\"position\":1,\"name\":\"Home\",\"item\":\"https:\\\/\\\/unrostore.com\\\/\"},{\"@type\":\"ListItem\",\"position\":2,\"name\":\"Shop\",\"item\":\"https:\\\/\\\/unrostore.com\\\/shop\\\/\"},{\"@type\":\"ListItem\",\"position\":3,\"name\":\"Theemokken Wit 450 ml Sail &#8211; 2-delig\"}]},{\"@type\":\"WebSite\",\"@id\":\"https:\\\/\\\/unrostore.com\\\/#website\",\"url\":\"https:\\\/\\\/unrostore.com\\\/\",\"name\":\"UNRO\",\"description\":\"Portugees servies waar je blij van wordt!\",\"publisher\":{\"@id\":\"https:\\\/\\\/unrostore.com\\\/#organization\"},\"potentialAction\":[{\"@type\":\"SearchAction\",\"target\":{\"@type\":\"EntryPoint\",\"urlTemplate\":\"https:\\\/\\\/unrostore.com\\\/?s={search_term_string}\"},\"query-input\":{\"@type\":\"PropertyValueSpecification\",\"valueRequired\":true,\"valueName\":\"search_term_string\"}}],\"inLanguage\":\"de\"},{\"@type\":\"Organization\",\"@id\":\"https:\\\/\\\/unrostore.com\\\/#organization\",\"name\":\"UNRO\",\"url\":\"https:\\\/\\\/unrostore.com\\\/\",\"logo\":{\"@type\":\"ImageObject\",\"inLanguage\":\"de\",\"@id\":\"https:\\\/\\\/unrostore.com\\\/#\\\/schema\\\/logo\\\/image\\\/\",\"url\":\"https:\\\/\\\/unrostore.com\\\/wp-content\\\/uploads\\\/2022\\\/05\\\/Logo-UNRO.png\",\"contentUrl\":\"https:\\\/\\\/unrostore.com\\\/wp-content\\\/uploads\\\/2022\\\/05\\\/Logo-UNRO.png\",\"width\":605,\"height\":179,\"caption\":\"UNRO\"},\"image\":{\"@id\":\"https:\\\/\\\/unrostore.com\\\/#\\\/schema\\\/logo\\\/image\\\/\"}}]}<\/script>\n<!-- \/ Yoast SEO plugin. -->","yoast_head_json":{"title":"Teebecher Wei\u00df 450 ml Segel - 2-teilig - UNRO","description":"Die Teebecher wei\u00df Sail sind ideal f\u00fcr Ihre t\u00e4gliche Kaffeezeit oder Tee Moment. Entspannen Sie sich mit den Sail Teebechern bei einem High Tea!","robots":{"index":"index","follow":"follow","max-snippet":"max-snippet:-1","max-image-preview":"max-image-preview:large","max-video-preview":"max-video-preview:-1"},"canonical":"https:\/\/unrostore.com\/de-de\/shop\/terrafina\/segel\/teebecher-weises-segel-2-stuck\/","og_locale":"de_DE","og_type":"article","og_title":"Theemokken Wit 450 ml Sail - 2-delig &#8226; UNRO","og_description":"De theemokken wit Sail zijn ideaal voor jouw dagelijkse koffietijd of thee moment. Kom even tot rust met de Sail Thee Mokken tijdens een high tea!","og_url":"https:\/\/unrostore.com\/de-de\/shop\/terrafina\/segel\/teebecher-weises-segel-2-stuck\/","og_site_name":"UNRO","article_modified_time":"2026-03-28T19:17:55+00:00","og_image":[{"width":1440,"height":1440,"url":"https:\/\/unrostore.com\/wp-content\/uploads\/2022\/10\/unro-portugees-servies-terrafina-sail-cappuccino-mokken-2-delig.jpg","type":"image\/jpeg"}],"twitter_card":"summary_large_image","schema":{"@context":"https:\/\/schema.org","@graph":[{"@type":"WebPage","@id":"https:\/\/unrostore.com\/shop\/terrafina\/sail\/theemokken-wit-sail-2-delig\/","url":"https:\/\/unrostore.com\/shop\/terrafina\/sail\/theemokken-wit-sail-2-delig\/","name":"Teebecher Wei\u00df 450 ml Segel - 2-teilig - UNRO","isPartOf":{"@id":"https:\/\/unrostore.com\/#website"},"primaryImageOfPage":{"@id":"https:\/\/unrostore.com\/shop\/terrafina\/sail\/theemokken-wit-sail-2-delig\/#primaryimage"},"image":{"@id":"https:\/\/unrostore.com\/shop\/terrafina\/sail\/theemokken-wit-sail-2-delig\/#primaryimage"},"thumbnailUrl":"https:\/\/unrostore.com\/wp-content\/uploads\/2022\/10\/unro-portugees-servies-terrafina-sail-cappuccino-mokken-2-delig.jpg","datePublished":"2022-10-15T18:02:36+00:00","dateModified":"2026-03-28T19:17:55+00:00","description":"Die Teebecher wei\u00df Sail sind ideal f\u00fcr Ihre t\u00e4gliche Kaffeezeit oder Tee Moment. Entspannen Sie sich mit den Sail Teebechern bei einem High Tea!","breadcrumb":{"@id":"https:\/\/unrostore.com\/shop\/terrafina\/sail\/theemokken-wit-sail-2-delig\/#breadcrumb"},"inLanguage":"de","potentialAction":[{"@type":"ReadAction","target":["https:\/\/unrostore.com\/shop\/terrafina\/sail\/theemokken-wit-sail-2-delig\/"]}]},{"@type":"ImageObject","inLanguage":"de","@id":"https:\/\/unrostore.com\/shop\/terrafina\/sail\/theemokken-wit-sail-2-delig\/#primaryimage","url":"https:\/\/unrostore.com\/wp-content\/uploads\/2022\/10\/unro-portugees-servies-terrafina-sail-cappuccino-mokken-2-delig.jpg","contentUrl":"https:\/\/unrostore.com\/wp-content\/uploads\/2022\/10\/unro-portugees-servies-terrafina-sail-cappuccino-mokken-2-delig.jpg","width":1440,"height":1440,"caption":"Witte Theemokken Sail set van 2 Portugees Keramiek Servies"},{"@type":"BreadcrumbList","@id":"https:\/\/unrostore.com\/shop\/terrafina\/sail\/theemokken-wit-sail-2-delig\/#breadcrumb","itemListElement":[{"@type":"ListItem","position":1,"name":"Home","item":"https:\/\/unrostore.com\/"},{"@type":"ListItem","position":2,"name":"Shop","item":"https:\/\/unrostore.com\/shop\/"},{"@type":"ListItem","position":3,"name":"Theemokken Wit 450 ml Sail &#8211; 2-delig"}]},{"@type":"WebSite","@id":"https:\/\/unrostore.com\/#website","url":"https:\/\/unrostore.com\/","name":"UNRO","description":"Portugiesisches Geschirr, das Sie gl\u00fccklich machen wird!","publisher":{"@id":"https:\/\/unrostore.com\/#organization"},"potentialAction":[{"@type":"SearchAction","target":{"@type":"EntryPoint","urlTemplate":"https:\/\/unrostore.com\/?s={search_term_string}"},"query-input":{"@type":"PropertyValueSpecification","valueRequired":true,"valueName":"search_term_string"}}],"inLanguage":"de"},{"@type":"Organization","@id":"https:\/\/unrostore.com\/#organization","name":"UNRO","url":"https:\/\/unrostore.com\/","logo":{"@type":"ImageObject","inLanguage":"de","@id":"https:\/\/unrostore.com\/#\/schema\/logo\/image\/","url":"https:\/\/unrostore.com\/wp-content\/uploads\/2022\/05\/Logo-UNRO.png","contentUrl":"https:\/\/unrostore.com\/wp-content\/uploads\/2022\/05\/Logo-UNRO.png","width":605,"height":179,"caption":"UNRO"},"image":{"@id":"https:\/\/unrostore.com\/#\/schema\/logo\/image\/"}}]}},"_links":{"self":[{"href":"https:\/\/unrostore.com\/de-de\/wp-json\/wp\/v2\/product\/2114","targetHints":{"allow":["GET"]}}],"collection":[{"href":"https:\/\/unrostore.com\/de-de\/wp-json\/wp\/v2\/product"}],"about":[{"href":"https:\/\/unrostore.com\/de-de\/wp-json\/wp\/v2\/types\/product"}],"wp:featuredmedia":[{"embeddable":true,"href":"https:\/\/unrostore.com\/de-de\/wp-json\/wp\/v2\/media\/3615"}],"wp:attachment":[{"href":"https:\/\/unrostore.com\/de-de\/wp-json\/wp\/v2\/media?parent=2114"}],"wp:term":[{"taxonomy":"product_brand","embeddable":true,"href":"https:\/\/unrostore.com\/de-de\/wp-json\/wp\/v2\/product_brand?post=2114"},{"taxonomy":"product_cat","embeddable":true,"href":"https:\/\/unrostore.com\/de-de\/wp-json\/wp\/v2\/product_cat?post=2114"},{"taxonomy":"product_tag","embeddable":true,"href":"https:\/\/unrostore.com\/de-de\/wp-json\/wp\/v2\/product_tag?post=2114"}],"curies":[{"name":"wp","href":"https:\/\/api.w.org\/{rel}","templated":true}]}}