{"id":2063,"date":"2022-10-14T10:29:18","date_gmt":"2022-10-14T10:29:18","guid":{"rendered":"https:\/\/unrostore.com\/?post_type=product&#038;p=2063"},"modified":"2026-01-19T20:38:18","modified_gmt":"2026-01-19T20:38:18","slug":"farbige-espressotasse-mit-henkel-korallen-2-stuck","status":"publish","type":"product","link":"https:\/\/unrostore.com\/de-de\/shop\/terrafina\/korallen\/farbige-espressotasse-mit-henkel-korallen-2-stuck\/","title":{"rendered":"Farbige Espressotassen mit Ohr 100 ml Korallen - 2-teilig"},"content":{"rendered":"<h3>Bunte Espressotassen mit Henkel Corals - 2-teilig<\/h3>\n<p>Der Satz von 2 <strong>Farbige Espressotassen Corals mit Henkel<\/strong> von portugiesische Marke <a href=\"https:\/\/www.terrafinastore.com\/en\/collections\/corals\">Terrafina<\/a> wird aus hochwertiger Keramik handgefertigt. Dies macht jede Tasse wirklich einzigartig und macht sie perfekt f\u00fcr Ihren t\u00e4glichen Espresso Moment. Die hohe Qualit\u00e4t sorgt daf\u00fcr, dass die braun-blauen Espressotassen sp\u00fclmaschinenfest, sch\u00f6n und einfach zu bedienen sind. <span style=\"font-weight: 400;\">Die farbigen Espressotassen mit Ohr haben eine perfekte Kombination aus einer matten beige-braunen und hellblauen glasierten Oberfl\u00e4che, um Ihrem Espresso oder Nespresso einen besonderen Glanz zu verleihen. Nicht nur sch\u00f6n in Ihrer Kaffeeecke oder Kaffeebar, sondern auch nett als Geschenk bei einer Einweihungsparty oder einem Geburtstag. Die neutrale Farbe macht sie zu einem geeigneten Geschenk f\u00fcr M\u00e4nner und Frauen, auf jeden Fall f\u00fcr jeden Espressoliebhaber. Entdecken Sie jetzt die <a href=\"https:\/\/unrostore.com\/de-de\/shop\/terrafina\/korallen\/farbige-espressotassen-korallen-4-stuck\/\">Set aus 4 farbigen Corals Espressotassen<\/a>, die <a href=\"https:\/\/unrostore.com\/de-de\/shop\/terrafina\/korallen\/corals-mugs-2-delig\/\">Corals Becher<\/a>, die <a href=\"https:\/\/unrostore.com\/de-de\/shop\/terrafina\/korallen\/corals-ontbijtborden-4-delig\/\">Corals Fr\u00fchst\u00fccksteller<\/a> und <a href=\"https:\/\/unrostore.com\/de-de\/shop\/terrafina\/korallen\/farbige-schalen-korallen-4-stuck\/\">Corals bunte Schalen<\/a> um Ihr Fr\u00fchst\u00fcck oder Ihren Tee zu vervollst\u00e4ndigen.<\/span><\/p>\n<p>&nbsp;<\/p>\n<h3>Das ist die Anzahl der Tassen, die Sie geliefert bekommen<\/h3>\n<ul>\n<li>2x Corals Espressotassen (100 ml Trinkvolumen)<\/li>\n<li>1x Terrafina Geschenkbox<\/li>\n<\/ul>\n<p>&nbsp;<\/p>\n<p><em><strong>Nachhaltig f\u00fcr Mensch und Umwelt:<\/strong><br \/>\nJedes Produkt ist ein Unikat, denn es wird in Handarbeit hergestellt.<br \/>\nDruck und Textur k\u00f6nnen daher leicht vom Produktfoto abweichen.<\/em><\/p>","protected":false},"excerpt":{"rendered":"<div class=\"usps\"><i class=\"far fa-check-circle\"><\/i> Mikrowellenfest<br \/>\n<i class=\"far fa-check-circle\"><\/i> Backofenfest (bis zu 200 Grad)<br \/>\n<i class=\"far fa-check-circle\"><\/i> Sp\u00fclmaschinenfest<br \/>\n<i class=\"far fa-thumbs-up\"><\/i> Handgefertigt<\/div>","protected":false},"featured_media":7163,"template":"","meta":[],"product_brand":[],"product_cat":[869,307,127,132,119],"product_tag":[128,301,193,778,776,777,133,134,142,308,723,302,123],"class_list":{"0":"post-2063","1":"product","2":"type-product","3":"status-publish","4":"has-post-thumbnail","6":"product_cat-unro-cadeautips","7":"product_cat-espresso-kopjes","8":"product_cat-corals","9":"product_cat-kopjes-en-mokken","10":"product_cat-terrafina","11":"product_tag-corals","12":"product_tag-espresso","13":"product_tag-espresso-kopjes","14":"product_tag-espresso-kopjes-gekleurd","15":"product_tag-gekleurde-espresso-kopjes-met-oor","16":"product_tag-gekleurde-kopjes","17":"product_tag-klein","18":"product_tag-kleine-mok","19":"product_tag-kleine-mokken","20":"product_tag-kleurrijk","21":"product_tag-kleurrijke-kopjes","22":"product_tag-kopjes","23":"product_tag-terrafina","24":"product_shipping_class-pakket","26":"first","27":"outofstock","28":"sale","29":"taxable","30":"shipping-taxable","31":"purchasable","32":"product-type-simple"},"yoast_head":"<!-- This site is optimized with the Yoast SEO plugin v27.4 - https:\/\/yoast.com\/product\/yoast-seo-wordpress\/ -->\n<title>Gekleurde Espresso Kopjes Met Oor 100 ml Corals - 2-delig &#8226; UNRO<\/title>\n<meta name=\"description\" content=\"De Gekleurde Espresso Kopjes Met Oor Corals geven jouw espresso momentje extra glans door de prachtige kleurencombinatie van beige, bruin en blauw.\" \/>\n<meta name=\"robots\" content=\"index, follow, max-snippet:-1, max-image-preview:large, max-video-preview:-1\" \/>\n<link rel=\"canonical\" href=\"https:\/\/unrostore.com\/de-de\/shop\/terrafina\/korallen\/farbige-espressotasse-mit-henkel-korallen-2-stuck\/\" \/>\n<meta property=\"og:locale\" content=\"de_DE\" \/>\n<meta property=\"og:type\" content=\"article\" \/>\n<meta property=\"og:title\" content=\"Gekleurde Espresso Kopjes Met Oor 100 ml Corals - 2-delig &#8226; UNRO\" \/>\n<meta property=\"og:description\" content=\"De Gekleurde Espresso Kopjes Met Oor Corals geven jouw espresso momentje extra glans door de prachtige kleurencombinatie van beige, bruin en blauw.\" \/>\n<meta property=\"og:url\" content=\"https:\/\/unrostore.com\/de-de\/shop\/terrafina\/korallen\/farbige-espressotasse-mit-henkel-korallen-2-stuck\/\" \/>\n<meta property=\"og:site_name\" content=\"UNRO\" \/>\n<meta property=\"article:modified_time\" content=\"2026-01-19T20:38:18+00:00\" \/>\n<meta property=\"og:image\" content=\"https:\/\/unrostore.com\/wp-content\/uploads\/2022\/10\/unro-bruin-blauwe-espresso-kopjes-set-van2.webp\" \/>\n\t<meta property=\"og:image:width\" content=\"1000\" \/>\n\t<meta property=\"og:image:height\" content=\"1000\" \/>\n\t<meta property=\"og:image:type\" content=\"image\/webp\" \/>\n<meta name=\"twitter:card\" content=\"summary_large_image\" \/>\n<script type=\"application\/ld+json\" class=\"yoast-schema-graph\">{\"@context\":\"https:\\\/\\\/schema.org\",\"@graph\":[{\"@type\":\"WebPage\",\"@id\":\"https:\\\/\\\/unrostore.com\\\/shop\\\/terrafina\\\/corals\\\/gekleurde-espresso-kopjes-met-oor-corals-2-delig\\\/\",\"url\":\"https:\\\/\\\/unrostore.com\\\/shop\\\/terrafina\\\/corals\\\/gekleurde-espresso-kopjes-met-oor-corals-2-delig\\\/\",\"name\":\"Gekleurde Espresso Kopjes Met Oor 100 ml Corals - 2-delig &#8226; UNRO\",\"isPartOf\":{\"@id\":\"https:\\\/\\\/unrostore.com\\\/#website\"},\"primaryImageOfPage\":{\"@id\":\"https:\\\/\\\/unrostore.com\\\/shop\\\/terrafina\\\/corals\\\/gekleurde-espresso-kopjes-met-oor-corals-2-delig\\\/#primaryimage\"},\"image\":{\"@id\":\"https:\\\/\\\/unrostore.com\\\/shop\\\/terrafina\\\/corals\\\/gekleurde-espresso-kopjes-met-oor-corals-2-delig\\\/#primaryimage\"},\"thumbnailUrl\":\"https:\\\/\\\/unrostore.com\\\/wp-content\\\/uploads\\\/2022\\\/10\\\/unro-bruin-blauwe-espresso-kopjes-set-van2.webp\",\"datePublished\":\"2022-10-14T10:29:18+00:00\",\"dateModified\":\"2026-01-19T20:38:18+00:00\",\"description\":\"De Gekleurde Espresso Kopjes Met Oor Corals geven jouw espresso momentje extra glans door de prachtige kleurencombinatie van beige, bruin en blauw.\",\"breadcrumb\":{\"@id\":\"https:\\\/\\\/unrostore.com\\\/shop\\\/terrafina\\\/corals\\\/gekleurde-espresso-kopjes-met-oor-corals-2-delig\\\/#breadcrumb\"},\"inLanguage\":\"de\",\"potentialAction\":[{\"@type\":\"ReadAction\",\"target\":[\"https:\\\/\\\/unrostore.com\\\/shop\\\/terrafina\\\/corals\\\/gekleurde-espresso-kopjes-met-oor-corals-2-delig\\\/\"]}]},{\"@type\":\"ImageObject\",\"inLanguage\":\"de\",\"@id\":\"https:\\\/\\\/unrostore.com\\\/shop\\\/terrafina\\\/corals\\\/gekleurde-espresso-kopjes-met-oor-corals-2-delig\\\/#primaryimage\",\"url\":\"https:\\\/\\\/unrostore.com\\\/wp-content\\\/uploads\\\/2022\\\/10\\\/unro-bruin-blauwe-espresso-kopjes-set-van2.webp\",\"contentUrl\":\"https:\\\/\\\/unrostore.com\\\/wp-content\\\/uploads\\\/2022\\\/10\\\/unro-bruin-blauwe-espresso-kopjes-set-van2.webp\",\"width\":1000,\"height\":1000,\"caption\":\"gekleurde espresso kopjes bruin blauw\"},{\"@type\":\"BreadcrumbList\",\"@id\":\"https:\\\/\\\/unrostore.com\\\/shop\\\/terrafina\\\/corals\\\/gekleurde-espresso-kopjes-met-oor-corals-2-delig\\\/#breadcrumb\",\"itemListElement\":[{\"@type\":\"ListItem\",\"position\":1,\"name\":\"Home\",\"item\":\"https:\\\/\\\/unrostore.com\\\/\"},{\"@type\":\"ListItem\",\"position\":2,\"name\":\"Shop\",\"item\":\"https:\\\/\\\/unrostore.com\\\/shop\\\/\"},{\"@type\":\"ListItem\",\"position\":3,\"name\":\"Gekleurde Espresso Kopjes Met Oor 100 ml Corals &#8211; 2-delig\"}]},{\"@type\":\"WebSite\",\"@id\":\"https:\\\/\\\/unrostore.com\\\/#website\",\"url\":\"https:\\\/\\\/unrostore.com\\\/\",\"name\":\"UNRO\",\"description\":\"Portugees servies waar je blij van wordt!\",\"publisher\":{\"@id\":\"https:\\\/\\\/unrostore.com\\\/#organization\"},\"potentialAction\":[{\"@type\":\"SearchAction\",\"target\":{\"@type\":\"EntryPoint\",\"urlTemplate\":\"https:\\\/\\\/unrostore.com\\\/?s={search_term_string}\"},\"query-input\":{\"@type\":\"PropertyValueSpecification\",\"valueRequired\":true,\"valueName\":\"search_term_string\"}}],\"inLanguage\":\"de\"},{\"@type\":\"Organization\",\"@id\":\"https:\\\/\\\/unrostore.com\\\/#organization\",\"name\":\"UNRO\",\"url\":\"https:\\\/\\\/unrostore.com\\\/\",\"logo\":{\"@type\":\"ImageObject\",\"inLanguage\":\"de\",\"@id\":\"https:\\\/\\\/unrostore.com\\\/#\\\/schema\\\/logo\\\/image\\\/\",\"url\":\"https:\\\/\\\/unrostore.com\\\/wp-content\\\/uploads\\\/2022\\\/05\\\/Logo-UNRO.png\",\"contentUrl\":\"https:\\\/\\\/unrostore.com\\\/wp-content\\\/uploads\\\/2022\\\/05\\\/Logo-UNRO.png\",\"width\":605,\"height\":179,\"caption\":\"UNRO\"},\"image\":{\"@id\":\"https:\\\/\\\/unrostore.com\\\/#\\\/schema\\\/logo\\\/image\\\/\"}}]}<\/script>\n<!-- \/ Yoast SEO plugin. -->","yoast_head_json":{"title":"Farbige Espressotassen mit Ohr 100 ml Korallen - 2-teilig - UNRO","description":"Die farbigen Espressotassen mit Ohrenkorallen bringen mit der sch\u00f6nen Farbkombination aus Beige, Braun und Blau Glanz in Ihren Espressomoment.","robots":{"index":"index","follow":"follow","max-snippet":"max-snippet:-1","max-image-preview":"max-image-preview:large","max-video-preview":"max-video-preview:-1"},"canonical":"https:\/\/unrostore.com\/de-de\/shop\/terrafina\/korallen\/farbige-espressotasse-mit-henkel-korallen-2-stuck\/","og_locale":"de_DE","og_type":"article","og_title":"Gekleurde Espresso Kopjes Met Oor 100 ml Corals - 2-delig &#8226; UNRO","og_description":"De Gekleurde Espresso Kopjes Met Oor Corals geven jouw espresso momentje extra glans door de prachtige kleurencombinatie van beige, bruin en blauw.","og_url":"https:\/\/unrostore.com\/de-de\/shop\/terrafina\/korallen\/farbige-espressotasse-mit-henkel-korallen-2-stuck\/","og_site_name":"UNRO","article_modified_time":"2026-01-19T20:38:18+00:00","og_image":[{"width":1000,"height":1000,"url":"https:\/\/unrostore.com\/wp-content\/uploads\/2022\/10\/unro-bruin-blauwe-espresso-kopjes-set-van2.webp","type":"image\/webp"}],"twitter_card":"summary_large_image","schema":{"@context":"https:\/\/schema.org","@graph":[{"@type":"WebPage","@id":"https:\/\/unrostore.com\/shop\/terrafina\/corals\/gekleurde-espresso-kopjes-met-oor-corals-2-delig\/","url":"https:\/\/unrostore.com\/shop\/terrafina\/corals\/gekleurde-espresso-kopjes-met-oor-corals-2-delig\/","name":"Farbige Espressotassen mit Ohr 100 ml Korallen - 2-teilig - UNRO","isPartOf":{"@id":"https:\/\/unrostore.com\/#website"},"primaryImageOfPage":{"@id":"https:\/\/unrostore.com\/shop\/terrafina\/corals\/gekleurde-espresso-kopjes-met-oor-corals-2-delig\/#primaryimage"},"image":{"@id":"https:\/\/unrostore.com\/shop\/terrafina\/corals\/gekleurde-espresso-kopjes-met-oor-corals-2-delig\/#primaryimage"},"thumbnailUrl":"https:\/\/unrostore.com\/wp-content\/uploads\/2022\/10\/unro-bruin-blauwe-espresso-kopjes-set-van2.webp","datePublished":"2022-10-14T10:29:18+00:00","dateModified":"2026-01-19T20:38:18+00:00","description":"Die farbigen Espressotassen mit Ohrenkorallen bringen mit der sch\u00f6nen Farbkombination aus Beige, Braun und Blau Glanz in Ihren Espressomoment.","breadcrumb":{"@id":"https:\/\/unrostore.com\/shop\/terrafina\/corals\/gekleurde-espresso-kopjes-met-oor-corals-2-delig\/#breadcrumb"},"inLanguage":"de","potentialAction":[{"@type":"ReadAction","target":["https:\/\/unrostore.com\/shop\/terrafina\/corals\/gekleurde-espresso-kopjes-met-oor-corals-2-delig\/"]}]},{"@type":"ImageObject","inLanguage":"de","@id":"https:\/\/unrostore.com\/shop\/terrafina\/corals\/gekleurde-espresso-kopjes-met-oor-corals-2-delig\/#primaryimage","url":"https:\/\/unrostore.com\/wp-content\/uploads\/2022\/10\/unro-bruin-blauwe-espresso-kopjes-set-van2.webp","contentUrl":"https:\/\/unrostore.com\/wp-content\/uploads\/2022\/10\/unro-bruin-blauwe-espresso-kopjes-set-van2.webp","width":1000,"height":1000,"caption":"gekleurde espresso kopjes bruin blauw"},{"@type":"BreadcrumbList","@id":"https:\/\/unrostore.com\/shop\/terrafina\/corals\/gekleurde-espresso-kopjes-met-oor-corals-2-delig\/#breadcrumb","itemListElement":[{"@type":"ListItem","position":1,"name":"Home","item":"https:\/\/unrostore.com\/"},{"@type":"ListItem","position":2,"name":"Shop","item":"https:\/\/unrostore.com\/shop\/"},{"@type":"ListItem","position":3,"name":"Gekleurde Espresso Kopjes Met Oor 100 ml Corals &#8211; 2-delig"}]},{"@type":"WebSite","@id":"https:\/\/unrostore.com\/#website","url":"https:\/\/unrostore.com\/","name":"UNRO","description":"Portugiesisches Geschirr, das Sie gl\u00fccklich machen wird!","publisher":{"@id":"https:\/\/unrostore.com\/#organization"},"potentialAction":[{"@type":"SearchAction","target":{"@type":"EntryPoint","urlTemplate":"https:\/\/unrostore.com\/?s={search_term_string}"},"query-input":{"@type":"PropertyValueSpecification","valueRequired":true,"valueName":"search_term_string"}}],"inLanguage":"de"},{"@type":"Organization","@id":"https:\/\/unrostore.com\/#organization","name":"UNRO","url":"https:\/\/unrostore.com\/","logo":{"@type":"ImageObject","inLanguage":"de","@id":"https:\/\/unrostore.com\/#\/schema\/logo\/image\/","url":"https:\/\/unrostore.com\/wp-content\/uploads\/2022\/05\/Logo-UNRO.png","contentUrl":"https:\/\/unrostore.com\/wp-content\/uploads\/2022\/05\/Logo-UNRO.png","width":605,"height":179,"caption":"UNRO"},"image":{"@id":"https:\/\/unrostore.com\/#\/schema\/logo\/image\/"}}]}},"_links":{"self":[{"href":"https:\/\/unrostore.com\/de-de\/wp-json\/wp\/v2\/product\/2063","targetHints":{"allow":["GET"]}}],"collection":[{"href":"https:\/\/unrostore.com\/de-de\/wp-json\/wp\/v2\/product"}],"about":[{"href":"https:\/\/unrostore.com\/de-de\/wp-json\/wp\/v2\/types\/product"}],"wp:featuredmedia":[{"embeddable":true,"href":"https:\/\/unrostore.com\/de-de\/wp-json\/wp\/v2\/media\/7163"}],"wp:attachment":[{"href":"https:\/\/unrostore.com\/de-de\/wp-json\/wp\/v2\/media?parent=2063"}],"wp:term":[{"taxonomy":"product_brand","embeddable":true,"href":"https:\/\/unrostore.com\/de-de\/wp-json\/wp\/v2\/product_brand?post=2063"},{"taxonomy":"product_cat","embeddable":true,"href":"https:\/\/unrostore.com\/de-de\/wp-json\/wp\/v2\/product_cat?post=2063"},{"taxonomy":"product_tag","embeddable":true,"href":"https:\/\/unrostore.com\/de-de\/wp-json\/wp\/v2\/product_tag?post=2063"}],"curies":[{"name":"wp","href":"https:\/\/api.w.org\/{rel}","templated":true}]}}