{"id":2025,"date":"2022-10-13T10:28:11","date_gmt":"2022-10-13T10:28:11","guid":{"rendered":"https:\/\/unrostore.com\/?post_type=product&#038;p=2025"},"modified":"2026-01-19T20:38:19","modified_gmt":"2026-01-19T20:38:19","slug":"weises-geschirrset-segel-4-personen","status":"publish","type":"product","link":"https:\/\/unrostore.com\/de-de\/shop\/terrafina\/segel\/weises-geschirrset-segel-4-personen\/","title":{"rendered":"Wei\u00dfes Geschirrset Sail - 4 Personen"},"content":{"rendered":"<h3>Das einzigartigste Geschirrset in unserem Sortiment: das<strong> Wei\u00dfes Geschirrset <\/strong><strong>Sail\u00a0<\/strong><strong>f\u00fcr 4 Personen!<\/strong><\/h3>\n<p>Die<strong> Wei\u00dfes Geschirrset Sail f\u00fcr 4 Personen<\/strong> (12-teilig) ist von der portugiesischen Marke <a href=\"https:\/\/www.terrafinastore.com\/en\/collections\/sail\">Terrafina<\/a> und ist aus sehr hochwertiger Keramik handgefertigt: reines Steingut, das bei sehr hohen Temperaturen gebrannt wird. Das macht das Geschirr benutzerfreundlich und es ist sp\u00fclmaschinen-, mikrowellen- und backofenfest (bis 200 Grad). <span style=\"font-weight: 400;\">Das wei\u00dfe Geschirr aus der Sail-Geschirr-Kollektion bringt Strandatmosph\u00e4re in Ihr Zuhause und sorgt f\u00fcr eine moderne Einrichtung im Boho-Chic. Ein einzigartiges Geschirr wie dieses setzt ein Statement und wird Sie garantiert beeindrucken. Verwenden Sie die wei\u00dfe Schale als Fr\u00fchst\u00fcckssch\u00fcssel oder f\u00fcr Ihr Joghurt oder M\u00fcsli am Morgen und als Suppensch\u00fcssel beim Mittag- oder Abendessen. \u00dcberraschen Sie sich oder Ihre G\u00e4ste jetzt mit der <a href=\"https:\/\/unrostore.com\/de-de\/shop\/terrafina\/segel\/sail-dinerborden-4-delig\/\">Segel Essteller<\/a>, <a href=\"https:\/\/unrostore.com\/de-de\/shop\/terrafina\/segel\/sail-ontbijtborden-4-delig\/\">Segel Fr\u00fchst\u00fccksteller<\/a> und die <a href=\"https:\/\/unrostore.com\/de-de\/shop\/terrafina\/segel\/sail-kommen-2-delig\/\">Segelschalen<\/a> und lassen jedes Gericht noch besser schmecken!<\/span><\/p>\n<h3><\/h3>\n<h3>Dies ist die Nummer, die Sie zugestellt bekommen:<\/h3>\n<ul>\n<li>4x Sail Schale \u00f8 15 cm<\/li>\n<li>4x Sail Fr\u00fchst\u00fccksteller \u00f8 22 cm<\/li>\n<li>4x Sail Essteller \u00f8 28,5 cm<\/li>\n<li>4x Terrafina Geschenkbox<\/li>\n<\/ul>\n<p>&nbsp;<\/p>\n<p><em><strong>Nachhaltig f\u00fcr Mensch und Umwelt:<\/strong><br \/>\nJedes Produkt ist ein Unikat, denn es wird in Handarbeit hergestellt.<br \/>\nDruck und Textur k\u00f6nnen daher leicht vom Produktfoto abweichen.<\/em><\/p>","protected":false},"excerpt":{"rendered":"<div class=\"usps\"><i class=\"far fa-check-circle\"><\/i> Mikrowellenfest<br \/>\n<i class=\"far fa-check-circle\"><\/i> Backofenfest (bis zu 200 Grad)<br \/>\n<i class=\"far fa-check-circle\"><\/i> Sp\u00fclmaschinenfest<br \/>\n<i class=\"far fa-thumbs-up\"><\/i> Handgefertigt<\/div>","protected":false},"featured_media":7133,"template":"","meta":[],"product_brand":[],"product_cat":[729,122,119,139],"product_tag":[647,310,284,131,291,289,124,125,337,646,123,644,645],"class_list":{"0":"post-2025","1":"product","2":"type-product","3":"status-publish","4":"has-post-thumbnail","6":"product_cat-12-delig-servies-schaaltjes","7":"product_cat-serviesset","8":"product_cat-terrafina","9":"product_cat-sail","10":"product_tag-12-delige-serviesset","11":"product_tag-4-personen","12":"product_tag-dinerborden","13":"product_tag-kommen","14":"product_tag-kommetjes","15":"product_tag-ontbijtborden","16":"product_tag-sail","17":"product_tag-serviesset","18":"product_tag-serviesset-4-personen","19":"product_tag-serviesset-met-kommen","20":"product_tag-terrafina","21":"product_tag-wit-servies","22":"product_tag-witte-serviesset","23":"product_shipping_class-pakket","25":"first","26":"outofstock","27":"sale","28":"taxable","29":"shipping-taxable","30":"purchasable","31":"product-type-simple"},"yoast_head":"<!-- This site is optimized with the Yoast SEO plugin v27.4 - https:\/\/yoast.com\/product\/yoast-seo-wordpress\/ -->\n<title>Witte Serviesset Sail - 4 personen &#8226; UNRO<\/title>\n<meta name=\"description\" content=\"De Witte Serviesset Sail voor 4 personen zorgt voor een beach vibe bij jou thuis. Een uniek wit servies zoals deze maakt gegarandeerd indruk op jouw gasten!\" \/>\n<meta name=\"robots\" content=\"index, follow, max-snippet:-1, max-image-preview:large, max-video-preview:-1\" \/>\n<link rel=\"canonical\" href=\"https:\/\/unrostore.com\/de-de\/shop\/terrafina\/segel\/weises-geschirrset-segel-4-personen\/\" \/>\n<meta property=\"og:locale\" content=\"de_DE\" \/>\n<meta property=\"og:type\" content=\"article\" \/>\n<meta property=\"og:title\" content=\"Witte Serviesset Sail - 4 personen &#8226; UNRO\" \/>\n<meta property=\"og:description\" content=\"De Witte Serviesset Sail voor 4 personen zorgt voor een beach vibe bij jou thuis. Een uniek wit servies zoals deze maakt gegarandeerd indruk op jouw gasten!\" \/>\n<meta property=\"og:url\" content=\"https:\/\/unrostore.com\/de-de\/shop\/terrafina\/segel\/weises-geschirrset-segel-4-personen\/\" \/>\n<meta property=\"og:site_name\" content=\"UNRO\" \/>\n<meta property=\"article:modified_time\" content=\"2026-01-19T20:38:19+00:00\" \/>\n<meta property=\"og:image\" content=\"https:\/\/unrostore.com\/wp-content\/uploads\/2022\/10\/unro-white-blue-crockery-cereal-bowls.webp\" \/>\n\t<meta property=\"og:image:width\" content=\"1000\" \/>\n\t<meta property=\"og:image:height\" content=\"1000\" \/>\n\t<meta property=\"og:image:type\" content=\"image\/webp\" \/>\n<meta name=\"twitter:card\" content=\"summary_large_image\" \/>\n<script type=\"application\/ld+json\" class=\"yoast-schema-graph\">{\"@context\":\"https:\\\/\\\/schema.org\",\"@graph\":[{\"@type\":\"WebPage\",\"@id\":\"https:\\\/\\\/unrostore.com\\\/shop\\\/terrafina\\\/sail\\\/witte-serviesset-sail-4-personen\\\/\",\"url\":\"https:\\\/\\\/unrostore.com\\\/shop\\\/terrafina\\\/sail\\\/witte-serviesset-sail-4-personen\\\/\",\"name\":\"Witte Serviesset Sail - 4 personen &#8226; UNRO\",\"isPartOf\":{\"@id\":\"https:\\\/\\\/unrostore.com\\\/#website\"},\"primaryImageOfPage\":{\"@id\":\"https:\\\/\\\/unrostore.com\\\/shop\\\/terrafina\\\/sail\\\/witte-serviesset-sail-4-personen\\\/#primaryimage\"},\"image\":{\"@id\":\"https:\\\/\\\/unrostore.com\\\/shop\\\/terrafina\\\/sail\\\/witte-serviesset-sail-4-personen\\\/#primaryimage\"},\"thumbnailUrl\":\"https:\\\/\\\/unrostore.com\\\/wp-content\\\/uploads\\\/2022\\\/10\\\/unro-white-blue-crockery-cereal-bowls.webp\",\"datePublished\":\"2022-10-13T10:28:11+00:00\",\"dateModified\":\"2026-01-19T20:38:19+00:00\",\"description\":\"De Witte Serviesset Sail voor 4 personen zorgt voor een beach vibe bij jou thuis. Een uniek wit servies zoals deze maakt gegarandeerd indruk op jouw gasten!\",\"breadcrumb\":{\"@id\":\"https:\\\/\\\/unrostore.com\\\/shop\\\/terrafina\\\/sail\\\/witte-serviesset-sail-4-personen\\\/#breadcrumb\"},\"inLanguage\":\"de\",\"potentialAction\":[{\"@type\":\"ReadAction\",\"target\":[\"https:\\\/\\\/unrostore.com\\\/shop\\\/terrafina\\\/sail\\\/witte-serviesset-sail-4-personen\\\/\"]}]},{\"@type\":\"ImageObject\",\"inLanguage\":\"de\",\"@id\":\"https:\\\/\\\/unrostore.com\\\/shop\\\/terrafina\\\/sail\\\/witte-serviesset-sail-4-personen\\\/#primaryimage\",\"url\":\"https:\\\/\\\/unrostore.com\\\/wp-content\\\/uploads\\\/2022\\\/10\\\/unro-white-blue-crockery-cereal-bowls.webp\",\"contentUrl\":\"https:\\\/\\\/unrostore.com\\\/wp-content\\\/uploads\\\/2022\\\/10\\\/unro-white-blue-crockery-cereal-bowls.webp\",\"width\":1000,\"height\":1000,\"caption\":\"witte serviesset ontbijtkommen\"},{\"@type\":\"BreadcrumbList\",\"@id\":\"https:\\\/\\\/unrostore.com\\\/shop\\\/terrafina\\\/sail\\\/witte-serviesset-sail-4-personen\\\/#breadcrumb\",\"itemListElement\":[{\"@type\":\"ListItem\",\"position\":1,\"name\":\"Home\",\"item\":\"https:\\\/\\\/unrostore.com\\\/\"},{\"@type\":\"ListItem\",\"position\":2,\"name\":\"Shop\",\"item\":\"https:\\\/\\\/unrostore.com\\\/shop\\\/\"},{\"@type\":\"ListItem\",\"position\":3,\"name\":\"Witte Serviesset Sail &#8211; 4 personen\"}]},{\"@type\":\"WebSite\",\"@id\":\"https:\\\/\\\/unrostore.com\\\/#website\",\"url\":\"https:\\\/\\\/unrostore.com\\\/\",\"name\":\"UNRO\",\"description\":\"Portugees servies waar je blij van wordt!\",\"publisher\":{\"@id\":\"https:\\\/\\\/unrostore.com\\\/#organization\"},\"potentialAction\":[{\"@type\":\"SearchAction\",\"target\":{\"@type\":\"EntryPoint\",\"urlTemplate\":\"https:\\\/\\\/unrostore.com\\\/?s={search_term_string}\"},\"query-input\":{\"@type\":\"PropertyValueSpecification\",\"valueRequired\":true,\"valueName\":\"search_term_string\"}}],\"inLanguage\":\"de\"},{\"@type\":\"Organization\",\"@id\":\"https:\\\/\\\/unrostore.com\\\/#organization\",\"name\":\"UNRO\",\"url\":\"https:\\\/\\\/unrostore.com\\\/\",\"logo\":{\"@type\":\"ImageObject\",\"inLanguage\":\"de\",\"@id\":\"https:\\\/\\\/unrostore.com\\\/#\\\/schema\\\/logo\\\/image\\\/\",\"url\":\"https:\\\/\\\/unrostore.com\\\/wp-content\\\/uploads\\\/2022\\\/05\\\/Logo-UNRO.png\",\"contentUrl\":\"https:\\\/\\\/unrostore.com\\\/wp-content\\\/uploads\\\/2022\\\/05\\\/Logo-UNRO.png\",\"width\":605,\"height\":179,\"caption\":\"UNRO\"},\"image\":{\"@id\":\"https:\\\/\\\/unrostore.com\\\/#\\\/schema\\\/logo\\\/image\\\/\"}}]}<\/script>\n<!-- \/ Yoast SEO plugin. -->","yoast_head_json":{"title":"Wei\u00dfes Geschirrset Segel - 4 Personen - UNRO","description":"Das wei\u00dfe Sail-Geschirrset f\u00fcr 4 Personen bringt Strandatmosph\u00e4re in Ihr Zuhause. Einzigartiges wei\u00dfes Geschirr wie dieses wird Ihre G\u00e4ste garantiert beeindrucken!","robots":{"index":"index","follow":"follow","max-snippet":"max-snippet:-1","max-image-preview":"max-image-preview:large","max-video-preview":"max-video-preview:-1"},"canonical":"https:\/\/unrostore.com\/de-de\/shop\/terrafina\/segel\/weises-geschirrset-segel-4-personen\/","og_locale":"de_DE","og_type":"article","og_title":"Witte Serviesset Sail - 4 personen &#8226; UNRO","og_description":"De Witte Serviesset Sail voor 4 personen zorgt voor een beach vibe bij jou thuis. Een uniek wit servies zoals deze maakt gegarandeerd indruk op jouw gasten!","og_url":"https:\/\/unrostore.com\/de-de\/shop\/terrafina\/segel\/weises-geschirrset-segel-4-personen\/","og_site_name":"UNRO","article_modified_time":"2026-01-19T20:38:19+00:00","og_image":[{"width":1000,"height":1000,"url":"https:\/\/unrostore.com\/wp-content\/uploads\/2022\/10\/unro-white-blue-crockery-cereal-bowls.webp","type":"image\/webp"}],"twitter_card":"summary_large_image","schema":{"@context":"https:\/\/schema.org","@graph":[{"@type":"WebPage","@id":"https:\/\/unrostore.com\/shop\/terrafina\/sail\/witte-serviesset-sail-4-personen\/","url":"https:\/\/unrostore.com\/shop\/terrafina\/sail\/witte-serviesset-sail-4-personen\/","name":"Wei\u00dfes Geschirrset Segel - 4 Personen - UNRO","isPartOf":{"@id":"https:\/\/unrostore.com\/#website"},"primaryImageOfPage":{"@id":"https:\/\/unrostore.com\/shop\/terrafina\/sail\/witte-serviesset-sail-4-personen\/#primaryimage"},"image":{"@id":"https:\/\/unrostore.com\/shop\/terrafina\/sail\/witte-serviesset-sail-4-personen\/#primaryimage"},"thumbnailUrl":"https:\/\/unrostore.com\/wp-content\/uploads\/2022\/10\/unro-white-blue-crockery-cereal-bowls.webp","datePublished":"2022-10-13T10:28:11+00:00","dateModified":"2026-01-19T20:38:19+00:00","description":"Das wei\u00dfe Sail-Geschirrset f\u00fcr 4 Personen bringt Strandatmosph\u00e4re in Ihr Zuhause. Einzigartiges wei\u00dfes Geschirr wie dieses wird Ihre G\u00e4ste garantiert beeindrucken!","breadcrumb":{"@id":"https:\/\/unrostore.com\/shop\/terrafina\/sail\/witte-serviesset-sail-4-personen\/#breadcrumb"},"inLanguage":"de","potentialAction":[{"@type":"ReadAction","target":["https:\/\/unrostore.com\/shop\/terrafina\/sail\/witte-serviesset-sail-4-personen\/"]}]},{"@type":"ImageObject","inLanguage":"de","@id":"https:\/\/unrostore.com\/shop\/terrafina\/sail\/witte-serviesset-sail-4-personen\/#primaryimage","url":"https:\/\/unrostore.com\/wp-content\/uploads\/2022\/10\/unro-white-blue-crockery-cereal-bowls.webp","contentUrl":"https:\/\/unrostore.com\/wp-content\/uploads\/2022\/10\/unro-white-blue-crockery-cereal-bowls.webp","width":1000,"height":1000,"caption":"witte serviesset ontbijtkommen"},{"@type":"BreadcrumbList","@id":"https:\/\/unrostore.com\/shop\/terrafina\/sail\/witte-serviesset-sail-4-personen\/#breadcrumb","itemListElement":[{"@type":"ListItem","position":1,"name":"Home","item":"https:\/\/unrostore.com\/"},{"@type":"ListItem","position":2,"name":"Shop","item":"https:\/\/unrostore.com\/shop\/"},{"@type":"ListItem","position":3,"name":"Witte Serviesset Sail &#8211; 4 personen"}]},{"@type":"WebSite","@id":"https:\/\/unrostore.com\/#website","url":"https:\/\/unrostore.com\/","name":"UNRO","description":"Portugiesisches Geschirr, das Sie gl\u00fccklich machen wird!","publisher":{"@id":"https:\/\/unrostore.com\/#organization"},"potentialAction":[{"@type":"SearchAction","target":{"@type":"EntryPoint","urlTemplate":"https:\/\/unrostore.com\/?s={search_term_string}"},"query-input":{"@type":"PropertyValueSpecification","valueRequired":true,"valueName":"search_term_string"}}],"inLanguage":"de"},{"@type":"Organization","@id":"https:\/\/unrostore.com\/#organization","name":"UNRO","url":"https:\/\/unrostore.com\/","logo":{"@type":"ImageObject","inLanguage":"de","@id":"https:\/\/unrostore.com\/#\/schema\/logo\/image\/","url":"https:\/\/unrostore.com\/wp-content\/uploads\/2022\/05\/Logo-UNRO.png","contentUrl":"https:\/\/unrostore.com\/wp-content\/uploads\/2022\/05\/Logo-UNRO.png","width":605,"height":179,"caption":"UNRO"},"image":{"@id":"https:\/\/unrostore.com\/#\/schema\/logo\/image\/"}}]}},"_links":{"self":[{"href":"https:\/\/unrostore.com\/de-de\/wp-json\/wp\/v2\/product\/2025","targetHints":{"allow":["GET"]}}],"collection":[{"href":"https:\/\/unrostore.com\/de-de\/wp-json\/wp\/v2\/product"}],"about":[{"href":"https:\/\/unrostore.com\/de-de\/wp-json\/wp\/v2\/types\/product"}],"wp:featuredmedia":[{"embeddable":true,"href":"https:\/\/unrostore.com\/de-de\/wp-json\/wp\/v2\/media\/7133"}],"wp:attachment":[{"href":"https:\/\/unrostore.com\/de-de\/wp-json\/wp\/v2\/media?parent=2025"}],"wp:term":[{"taxonomy":"product_brand","embeddable":true,"href":"https:\/\/unrostore.com\/de-de\/wp-json\/wp\/v2\/product_brand?post=2025"},{"taxonomy":"product_cat","embeddable":true,"href":"https:\/\/unrostore.com\/de-de\/wp-json\/wp\/v2\/product_cat?post=2025"},{"taxonomy":"product_tag","embeddable":true,"href":"https:\/\/unrostore.com\/de-de\/wp-json\/wp\/v2\/product_tag?post=2025"}],"curies":[{"name":"wp","href":"https:\/\/api.w.org\/{rel}","templated":true}]}}