{"id":6330,"date":"2023-11-12T10:58:15","date_gmt":"2023-11-12T10:58:15","guid":{"rendered":"https:\/\/unrostore.com\/?page_id=6330"},"modified":"2023-11-12T11:26:25","modified_gmt":"2023-11-12T11:26:25","slug":"wabi-sabi-geschirr-catering","status":"publish","type":"page","link":"https:\/\/unrostore.com\/de-de\/wabi-sabi-geschirr-catering\/","title":{"rendered":"Wabi Sabi-Geschirr Gastronomie"},"content":{"rendered":"<div style=\"height:30px\" aria-hidden=\"true\" class=\"wp-block-spacer\"><\/div>\n\n\n\n<div class=\"wp-block-media-text has-media-on-the-right is-stacked-on-mobile has-background\" style=\"background-color:#fbf2e647\"><div class=\"wp-block-media-text__content\">\n<h2 class=\"wp-block-heading\">Japanisches Gastronomiegeschirr<\/h2>\n\n\n\n<p>Das Geschirr Wabi Sabi aus der Serie Japanese Cuisine der portugiesischen Marke Terrafina ist wie geschaffen f\u00fcr das Servieren von Sushi. Dieser Tafelgeschirr ist auch perfekt f\u00fcr Asian Fusion und Fine Dining-Gerichte aus der orientalischen K\u00fcche. <\/p>\n\n\n\n<p><\/p>\n\n\n\n<p>Die organischen Formen und das moderne Design sorgen f\u00fcr eine luxuri\u00f6se Tischgestaltung. Das japanische Catering-Geschirr ist in Wei\u00df und Schwarz erh\u00e4ltlich. Diese Farben strahlen Ruhe aus und sind wie eine Leinwand f\u00fcr Ihre hochwertigen Gerichte. <\/p>\n\n\n\n<p>Bringen Sie das Restauranterlebnis Ihrer G\u00e4ste auf ein neues Niveau mit diesem hochwertigen Geschirr!<\/p>\n<\/div><figure class=\"wp-block-media-text__media\"><img loading=\"lazy\" decoding=\"async\" width=\"1000\" height=\"1000\" src=\"https:\/\/unrostore.com\/wp-content\/uploads\/2023\/11\/unro-asian-fusion-servies-portugees.webp\" alt=\"Wabi-Sabi-Geschirr\" class=\"wp-image-6331 size-full\" srcset=\"https:\/\/unrostore.com\/wp-content\/uploads\/2023\/11\/unro-asian-fusion-servies-portugees.webp 1000w, https:\/\/unrostore.com\/wp-content\/uploads\/2023\/11\/unro-asian-fusion-servies-portugees-640x640.webp 640w, https:\/\/unrostore.com\/wp-content\/uploads\/2023\/11\/unro-asian-fusion-servies-portugees-300x300.webp 300w, https:\/\/unrostore.com\/wp-content\/uploads\/2023\/11\/unro-asian-fusion-servies-portugees-150x150.webp 150w, https:\/\/unrostore.com\/wp-content\/uploads\/2023\/11\/unro-asian-fusion-servies-portugees-768x768.webp 768w\" sizes=\"auto, (max-width: 1000px) 100vw, 1000px\" \/><\/figure><\/div>\n\n\n\n<div style=\"height:200px\" aria-hidden=\"true\" class=\"wp-block-spacer\"><\/div>\n\n\n\n<figure class=\"wp-block-gallery aligncenter has-nested-images columns-default is-cropped wp-block-gallery-1 is-layout-flex wp-block-gallery-is-layout-flex\"><div class=\"wp-block-image is-style-default\">\n<figure class=\"aligncenter size-full is-resized\"><img loading=\"lazy\" decoding=\"async\" width=\"1000\" height=\"1000\" data-id=\"6355\" src=\"https:\/\/unrostore.com\/wp-content\/uploads\/2023\/11\/unro-zwart-horeca-servies-suhsi-1.webp\" alt=\"Schwarzes Sushi-Geschirr\" class=\"wp-image-6355\" style=\"object-fit:cover;width:250px;height:250px\" srcset=\"https:\/\/unrostore.com\/wp-content\/uploads\/2023\/11\/unro-zwart-horeca-servies-suhsi-1.webp 1000w, https:\/\/unrostore.com\/wp-content\/uploads\/2023\/11\/unro-zwart-horeca-servies-suhsi-1-640x640.webp 640w, https:\/\/unrostore.com\/wp-content\/uploads\/2023\/11\/unro-zwart-horeca-servies-suhsi-1-300x300.webp 300w, https:\/\/unrostore.com\/wp-content\/uploads\/2023\/11\/unro-zwart-horeca-servies-suhsi-1-150x150.webp 150w, https:\/\/unrostore.com\/wp-content\/uploads\/2023\/11\/unro-zwart-horeca-servies-suhsi-1-768x768.webp 768w\" sizes=\"auto, (max-width: 1000px) 100vw, 1000px\" \/><\/figure><\/div>\n\n<div class=\"wp-block-image is-style-default\">\n<figure class=\"aligncenter size-full is-resized\"><img loading=\"lazy\" decoding=\"async\" width=\"1000\" height=\"1000\" data-id=\"6356\" src=\"https:\/\/unrostore.com\/wp-content\/uploads\/2023\/11\/unro-zwart-sushi-bord.webp\" alt=\"schwarzer Sushi-Teller\" class=\"wp-image-6356\" style=\"object-fit:cover;width:250px;height:250px\" srcset=\"https:\/\/unrostore.com\/wp-content\/uploads\/2023\/11\/unro-zwart-sushi-bord.webp 1000w, https:\/\/unrostore.com\/wp-content\/uploads\/2023\/11\/unro-zwart-sushi-bord-640x640.webp 640w, https:\/\/unrostore.com\/wp-content\/uploads\/2023\/11\/unro-zwart-sushi-bord-300x300.webp 300w, https:\/\/unrostore.com\/wp-content\/uploads\/2023\/11\/unro-zwart-sushi-bord-150x150.webp 150w, https:\/\/unrostore.com\/wp-content\/uploads\/2023\/11\/unro-zwart-sushi-bord-768x768.webp 768w\" sizes=\"auto, (max-width: 1000px) 100vw, 1000px\" \/><\/figure><\/div>\n\n<div class=\"wp-block-image is-style-default\">\n<figure class=\"aligncenter size-full is-resized\"><img loading=\"lazy\" decoding=\"async\" width=\"1000\" height=\"1000\" data-id=\"6357\" src=\"https:\/\/unrostore.com\/wp-content\/uploads\/2023\/11\/unro-zwart-sushi-servies-portugees.webp\" alt=\"\" class=\"wp-image-6357\" style=\"object-fit:cover;width:250px;height:250px\" srcset=\"https:\/\/unrostore.com\/wp-content\/uploads\/2023\/11\/unro-zwart-sushi-servies-portugees.webp 1000w, https:\/\/unrostore.com\/wp-content\/uploads\/2023\/11\/unro-zwart-sushi-servies-portugees-640x640.webp 640w, https:\/\/unrostore.com\/wp-content\/uploads\/2023\/11\/unro-zwart-sushi-servies-portugees-300x300.webp 300w, https:\/\/unrostore.com\/wp-content\/uploads\/2023\/11\/unro-zwart-sushi-servies-portugees-150x150.webp 150w, https:\/\/unrostore.com\/wp-content\/uploads\/2023\/11\/unro-zwart-sushi-servies-portugees-768x768.webp 768w\" sizes=\"auto, (max-width: 1000px) 100vw, 1000px\" \/><\/figure><\/div><\/figure>\n\n\n\n<div style=\"height:200px\" aria-hidden=\"true\" class=\"wp-block-spacer\"><\/div>\n\n\n\n<div class=\"wp-block-media-text is-stacked-on-mobile has-background\" style=\"background-color:#fbf2e647\"><figure class=\"wp-block-media-text__media\"><img loading=\"lazy\" decoding=\"async\" width=\"1000\" height=\"1000\" src=\"https:\/\/unrostore.com\/wp-content\/uploads\/2023\/11\/unro-portugees-servies-japanse-keuken.webp\" alt=\"unro Japanisches Tafelgeschirr\" class=\"wp-image-6332 size-full\" srcset=\"https:\/\/unrostore.com\/wp-content\/uploads\/2023\/11\/unro-portugees-servies-japanse-keuken.webp 1000w, https:\/\/unrostore.com\/wp-content\/uploads\/2023\/11\/unro-portugees-servies-japanse-keuken-640x640.webp 640w, https:\/\/unrostore.com\/wp-content\/uploads\/2023\/11\/unro-portugees-servies-japanse-keuken-300x300.webp 300w, https:\/\/unrostore.com\/wp-content\/uploads\/2023\/11\/unro-portugees-servies-japanse-keuken-150x150.webp 150w, https:\/\/unrostore.com\/wp-content\/uploads\/2023\/11\/unro-portugees-servies-japanse-keuken-768x768.webp 768w\" sizes=\"auto, (max-width: 1000px) 100vw, 1000px\" \/><\/figure><div class=\"wp-block-media-text__content\">\n<h2 class=\"wp-block-heading\">Vorteile des Wabi Sabi-Geschirrs<\/h2>\n\n\n\n<p>  \u2661 Vaatwasser-, magnetron- & oven bestendig (tot 200\u00b0C)<br>  K\u00fchlschrank- und gefrierfest (bis -20\u00b0C)<br>  \u2661 Fair und nachhaltig handgefertigt in Portugal <br>  \u2661 Luxuri\u00f6se Ausf\u00fchrung von sehr <a href=\"https:\/\/unrostore.com\/de-de\/2023\/07\/31\/worauf-ist-beim-kauf-von-geschirr-zu-achten-teil-1-qualitat\/\"><strong>hohe Qualit\u00e4t <\/strong><\/a>keramik <br>  \u2661 Speziell f\u00fcr die japanische K\u00fcche entwickelt und exklusiv bei UNRO in den Niederlanden erh\u00e4ltlich!<\/p>\n\n\n\n<div class=\"wp-block-buttons is-content-justification-center is-layout-flex wp-container-core-buttons-is-layout-16018d1d wp-block-buttons-is-layout-flex\">\n<div class=\"wp-block-button\"><a class=\"wp-block-button__link has-pale-cyan-blue-background-color has-background wp-element-button\" href=\"https:\/\/us8.list-manage.com\/contact-form?u=06cfcb8bb2cb88da8e73fa1ec&form_id=514a03457c615d5eb8df05dea8c959ea\" style=\"border-radius:5px\">Nehmen Sie Kontakt mit uns auf!<\/a><\/div>\n<\/div>\n<\/div><\/div>\n\n\n\n<div style=\"height:200px\" aria-hidden=\"true\" class=\"wp-block-spacer\"><\/div>\n\n\n\n<figure class=\"wp-block-gallery aligncenter has-nested-images columns-default is-cropped wp-block-gallery-2 is-layout-flex wp-block-gallery-is-layout-flex\"><div class=\"wp-block-image is-style-default\">\n<figure class=\"aligncenter size-full is-resized\"><img loading=\"lazy\" decoding=\"async\" width=\"1000\" height=\"1000\" data-id=\"6359\" src=\"https:\/\/unrostore.com\/wp-content\/uploads\/2023\/11\/unro-zwart-sushi-servies-portugees-terrafina.webp\" alt=\"schwarzes japanisches geschirr\" class=\"wp-image-6359\" style=\"object-fit:cover;width:250px;height:250px\" srcset=\"https:\/\/unrostore.com\/wp-content\/uploads\/2023\/11\/unro-zwart-sushi-servies-portugees-terrafina.webp 1000w, https:\/\/unrostore.com\/wp-content\/uploads\/2023\/11\/unro-zwart-sushi-servies-portugees-terrafina-640x640.webp 640w, https:\/\/unrostore.com\/wp-content\/uploads\/2023\/11\/unro-zwart-sushi-servies-portugees-terrafina-300x300.webp 300w, https:\/\/unrostore.com\/wp-content\/uploads\/2023\/11\/unro-zwart-sushi-servies-portugees-terrafina-150x150.webp 150w, https:\/\/unrostore.com\/wp-content\/uploads\/2023\/11\/unro-zwart-sushi-servies-portugees-terrafina-768x768.webp 768w\" sizes=\"auto, (max-width: 1000px) 100vw, 1000px\" \/><\/figure><\/div>\n\n<div class=\"wp-block-image is-style-default\">\n<figure class=\"aligncenter size-full is-resized\"><img loading=\"lazy\" decoding=\"async\" width=\"1000\" height=\"1000\" data-id=\"6360\" src=\"https:\/\/unrostore.com\/wp-content\/uploads\/2023\/11\/unro-wit-sushi-bord.webp\" alt=\"wei\u00dfer Sushi-Teller\" class=\"wp-image-6360\" style=\"object-fit:cover;width:250px;height:250px\" srcset=\"https:\/\/unrostore.com\/wp-content\/uploads\/2023\/11\/unro-wit-sushi-bord.webp 1000w, https:\/\/unrostore.com\/wp-content\/uploads\/2023\/11\/unro-wit-sushi-bord-640x640.webp 640w, https:\/\/unrostore.com\/wp-content\/uploads\/2023\/11\/unro-wit-sushi-bord-300x300.webp 300w, https:\/\/unrostore.com\/wp-content\/uploads\/2023\/11\/unro-wit-sushi-bord-150x150.webp 150w, https:\/\/unrostore.com\/wp-content\/uploads\/2023\/11\/unro-wit-sushi-bord-768x768.webp 768w\" sizes=\"auto, (max-width: 1000px) 100vw, 1000px\" \/><\/figure><\/div>\n\n<div class=\"wp-block-image is-style-default\">\n<figure class=\"aligncenter size-full is-resized\"><img loading=\"lazy\" decoding=\"async\" width=\"1000\" height=\"1000\" data-id=\"6361\" src=\"https:\/\/unrostore.com\/wp-content\/uploads\/2023\/11\/unro-wit-sushi-servies-sake.webp\" alt=\"wei\u00dfes Sushi-Geschirr\" class=\"wp-image-6361\" style=\"object-fit:cover;width:250px;height:250px\" srcset=\"https:\/\/unrostore.com\/wp-content\/uploads\/2023\/11\/unro-wit-sushi-servies-sake.webp 1000w, https:\/\/unrostore.com\/wp-content\/uploads\/2023\/11\/unro-wit-sushi-servies-sake-640x640.webp 640w, https:\/\/unrostore.com\/wp-content\/uploads\/2023\/11\/unro-wit-sushi-servies-sake-300x300.webp 300w, https:\/\/unrostore.com\/wp-content\/uploads\/2023\/11\/unro-wit-sushi-servies-sake-150x150.webp 150w, https:\/\/unrostore.com\/wp-content\/uploads\/2023\/11\/unro-wit-sushi-servies-sake-768x768.webp 768w\" sizes=\"auto, (max-width: 1000px) 100vw, 1000px\" \/><\/figure><\/div><\/figure>\n\n\n\n<div style=\"height:200px\" aria-hidden=\"true\" class=\"wp-block-spacer\"><\/div>\n\n\n\n<div class=\"wp-block-media-text has-media-on-the-right is-stacked-on-mobile has-background\" style=\"background-color:#fbf2e647\"><div class=\"wp-block-media-text__content\">\n<p>Sind Sie neugierig auf die komplette japanische Geschirrkollektion f\u00fcr Ihr Sushi, Asion Fusion oder japanisches Restaurant? \u2193<\/p>\n\n\n\n<div class=\"wp-block-buttons is-content-justification-center is-layout-flex wp-container-core-buttons-is-layout-16018d1d wp-block-buttons-is-layout-flex\">\n<div class=\"wp-block-button\"><a class=\"wp-block-button__link has-pale-cyan-blue-background-color has-background wp-element-button\" href=\"https:\/\/us8.list-manage.com\/contact-form?u=06cfcb8bb2cb88da8e73fa1ec&form_id=514a03457c615d5eb8df05dea8c959ea\" style=\"border-radius:5px\">Nehmen Sie Kontakt mit uns auf!<\/a><\/div>\n<\/div>\n<\/div><figure class=\"wp-block-media-text__media\"><img loading=\"lazy\" decoding=\"async\" width=\"1000\" height=\"1000\" src=\"https:\/\/unrostore.com\/wp-content\/uploads\/2023\/11\/unro-sushi-servies.webp\" alt=\"Wabi-Sabi-Geschirr\" class=\"wp-image-6333 size-full\" srcset=\"https:\/\/unrostore.com\/wp-content\/uploads\/2023\/11\/unro-sushi-servies.webp 1000w, https:\/\/unrostore.com\/wp-content\/uploads\/2023\/11\/unro-sushi-servies-640x640.webp 640w, https:\/\/unrostore.com\/wp-content\/uploads\/2023\/11\/unro-sushi-servies-300x300.webp 300w, https:\/\/unrostore.com\/wp-content\/uploads\/2023\/11\/unro-sushi-servies-150x150.webp 150w, https:\/\/unrostore.com\/wp-content\/uploads\/2023\/11\/unro-sushi-servies-768x768.webp 768w\" sizes=\"auto, (max-width: 1000px) 100vw, 1000px\" \/><\/figure><\/div>","protected":false},"excerpt":{"rendered":"<p>Japanisches Catering-Geschirr Das Geschirr Wabi Sabi aus der Serie Japanese Cuisine der portugiesischen Marke Terrafina ist wie geschaffen f\u00fcr das Servieren von Sushi. Dieses Cateringservice ist auch perfekt f\u00fcr asiatische Fusions- und Fine-Dining-Gerichte. Die organischen Formen und das moderne Design sorgen f\u00fcr ein luxuri\u00f6ses Tischbild. Der japanische Cateringservice ist erh\u00e4ltlich in...<\/p>","protected":false},"author":7,"featured_media":0,"parent":0,"menu_order":0,"comment_status":"closed","ping_status":"closed","template":"template-pagetitle.php","meta":{"footnotes":""},"class_list":["post-6330","page","type-page","status-publish","hentry"],"yoast_head":"<!-- This site is optimized with the Yoast SEO plugin v27.5 - https:\/\/yoast.com\/product\/yoast-seo-wordpress\/ -->\n<title>Wabi Sabi Servies Horeca &#8226; UNRO<\/title>\n<meta name=\"description\" content=\"Verrijk jouw horeca-ervaring met ons exclusieve Portugees Wabi Sabi servies: natuurlijke charme en tijdloze elegantie in elk handgemaakt stuk.\" \/>\n<meta name=\"robots\" content=\"index, follow, max-snippet:-1, max-image-preview:large, max-video-preview:-1\" \/>\n<link rel=\"canonical\" href=\"https:\/\/unrostore.com\/de-de\/wabi-sabi-geschirr-catering\/\" \/>\n<meta property=\"og:locale\" content=\"de_DE\" \/>\n<meta property=\"og:type\" content=\"article\" \/>\n<meta property=\"og:title\" content=\"Wabi Sabi Servies Horeca &#8226; UNRO\" \/>\n<meta property=\"og:description\" content=\"Verrijk jouw horeca-ervaring met ons exclusieve Portugees Wabi Sabi servies: natuurlijke charme en tijdloze elegantie in elk handgemaakt stuk.\" \/>\n<meta property=\"og:url\" content=\"https:\/\/unrostore.com\/de-de\/wabi-sabi-geschirr-catering\/\" \/>\n<meta property=\"og:site_name\" content=\"UNRO\" \/>\n<meta property=\"article:modified_time\" content=\"2023-11-12T11:26:25+00:00\" \/>\n<meta property=\"og:image\" content=\"https:\/\/unrostore.com\/wp-content\/uploads\/2023\/11\/unro-asian-fusion-servies-portugees.webp\" \/>\n<meta name=\"twitter:card\" content=\"summary_large_image\" \/>\n<script type=\"application\/ld+json\" class=\"yoast-schema-graph\">{\"@context\":\"https:\\\/\\\/schema.org\",\"@graph\":[{\"@type\":\"WebPage\",\"@id\":\"https:\\\/\\\/unrostore.com\\\/wabi-sabi-servies-horeca\\\/\",\"url\":\"https:\\\/\\\/unrostore.com\\\/wabi-sabi-servies-horeca\\\/\",\"name\":\"Wabi Sabi Servies Horeca &#8226; UNRO\",\"isPartOf\":{\"@id\":\"https:\\\/\\\/unrostore.com\\\/#website\"},\"primaryImageOfPage\":{\"@id\":\"https:\\\/\\\/unrostore.com\\\/wabi-sabi-servies-horeca\\\/#primaryimage\"},\"image\":{\"@id\":\"https:\\\/\\\/unrostore.com\\\/wabi-sabi-servies-horeca\\\/#primaryimage\"},\"thumbnailUrl\":\"https:\\\/\\\/unrostore.com\\\/wp-content\\\/uploads\\\/2023\\\/11\\\/unro-asian-fusion-servies-portugees.webp\",\"datePublished\":\"2023-11-12T10:58:15+00:00\",\"dateModified\":\"2023-11-12T11:26:25+00:00\",\"description\":\"Verrijk jouw horeca-ervaring met ons exclusieve Portugees Wabi Sabi servies: natuurlijke charme en tijdloze elegantie in elk handgemaakt stuk.\",\"breadcrumb\":{\"@id\":\"https:\\\/\\\/unrostore.com\\\/wabi-sabi-servies-horeca\\\/#breadcrumb\"},\"inLanguage\":\"de\",\"potentialAction\":[{\"@type\":\"ReadAction\",\"target\":[\"https:\\\/\\\/unrostore.com\\\/wabi-sabi-servies-horeca\\\/\"]}]},{\"@type\":\"ImageObject\",\"inLanguage\":\"de\",\"@id\":\"https:\\\/\\\/unrostore.com\\\/wabi-sabi-servies-horeca\\\/#primaryimage\",\"url\":\"https:\\\/\\\/unrostore.com\\\/wp-content\\\/uploads\\\/2023\\\/11\\\/unro-asian-fusion-servies-portugees.webp\",\"contentUrl\":\"https:\\\/\\\/unrostore.com\\\/wp-content\\\/uploads\\\/2023\\\/11\\\/unro-asian-fusion-servies-portugees.webp\"},{\"@type\":\"BreadcrumbList\",\"@id\":\"https:\\\/\\\/unrostore.com\\\/wabi-sabi-servies-horeca\\\/#breadcrumb\",\"itemListElement\":[{\"@type\":\"ListItem\",\"position\":1,\"name\":\"Home\",\"item\":\"https:\\\/\\\/unrostore.com\\\/\"},{\"@type\":\"ListItem\",\"position\":2,\"name\":\"Wabi Sabi Servies Horeca\"}]},{\"@type\":\"WebSite\",\"@id\":\"https:\\\/\\\/unrostore.com\\\/#website\",\"url\":\"https:\\\/\\\/unrostore.com\\\/\",\"name\":\"UNRO\",\"description\":\"Portugees servies waar je blij van wordt!\",\"publisher\":{\"@id\":\"https:\\\/\\\/unrostore.com\\\/#organization\"},\"potentialAction\":[{\"@type\":\"SearchAction\",\"target\":{\"@type\":\"EntryPoint\",\"urlTemplate\":\"https:\\\/\\\/unrostore.com\\\/?s={search_term_string}\"},\"query-input\":{\"@type\":\"PropertyValueSpecification\",\"valueRequired\":true,\"valueName\":\"search_term_string\"}}],\"inLanguage\":\"de\"},{\"@type\":\"Organization\",\"@id\":\"https:\\\/\\\/unrostore.com\\\/#organization\",\"name\":\"UNRO\",\"url\":\"https:\\\/\\\/unrostore.com\\\/\",\"logo\":{\"@type\":\"ImageObject\",\"inLanguage\":\"de\",\"@id\":\"https:\\\/\\\/unrostore.com\\\/#\\\/schema\\\/logo\\\/image\\\/\",\"url\":\"https:\\\/\\\/unrostore.com\\\/wp-content\\\/uploads\\\/2022\\\/05\\\/Logo-UNRO.png\",\"contentUrl\":\"https:\\\/\\\/unrostore.com\\\/wp-content\\\/uploads\\\/2022\\\/05\\\/Logo-UNRO.png\",\"width\":605,\"height\":179,\"caption\":\"UNRO\"},\"image\":{\"@id\":\"https:\\\/\\\/unrostore.com\\\/#\\\/schema\\\/logo\\\/image\\\/\"}}]}<\/script>\n<!-- \/ Yoast SEO plugin. -->","yoast_head_json":{"title":"Wabi Sabi-Geschirr Catering - UNRO","description":"Bereichern Sie Ihr Catering-Erlebnis mit unserem exklusiven portugiesischen Wabi Sabi-Geschirr: nat\u00fcrlicher Charme und zeitlose Eleganz in jedem handgefertigten St\u00fcck.","robots":{"index":"index","follow":"follow","max-snippet":"max-snippet:-1","max-image-preview":"max-image-preview:large","max-video-preview":"max-video-preview:-1"},"canonical":"https:\/\/unrostore.com\/de-de\/wabi-sabi-geschirr-catering\/","og_locale":"de_DE","og_type":"article","og_title":"Wabi Sabi Servies Horeca &#8226; UNRO","og_description":"Verrijk jouw horeca-ervaring met ons exclusieve Portugees Wabi Sabi servies: natuurlijke charme en tijdloze elegantie in elk handgemaakt stuk.","og_url":"https:\/\/unrostore.com\/de-de\/wabi-sabi-geschirr-catering\/","og_site_name":"UNRO","article_modified_time":"2023-11-12T11:26:25+00:00","og_image":[{"url":"https:\/\/unrostore.com\/wp-content\/uploads\/2023\/11\/unro-asian-fusion-servies-portugees.webp","type":"","width":"","height":""}],"twitter_card":"summary_large_image","schema":{"@context":"https:\/\/schema.org","@graph":[{"@type":"WebPage","@id":"https:\/\/unrostore.com\/wabi-sabi-servies-horeca\/","url":"https:\/\/unrostore.com\/wabi-sabi-servies-horeca\/","name":"Wabi Sabi-Geschirr Catering - UNRO","isPartOf":{"@id":"https:\/\/unrostore.com\/#website"},"primaryImageOfPage":{"@id":"https:\/\/unrostore.com\/wabi-sabi-servies-horeca\/#primaryimage"},"image":{"@id":"https:\/\/unrostore.com\/wabi-sabi-servies-horeca\/#primaryimage"},"thumbnailUrl":"https:\/\/unrostore.com\/wp-content\/uploads\/2023\/11\/unro-asian-fusion-servies-portugees.webp","datePublished":"2023-11-12T10:58:15+00:00","dateModified":"2023-11-12T11:26:25+00:00","description":"Bereichern Sie Ihr Catering-Erlebnis mit unserem exklusiven portugiesischen Wabi Sabi-Geschirr: nat\u00fcrlicher Charme und zeitlose Eleganz in jedem handgefertigten St\u00fcck.","breadcrumb":{"@id":"https:\/\/unrostore.com\/wabi-sabi-servies-horeca\/#breadcrumb"},"inLanguage":"de","potentialAction":[{"@type":"ReadAction","target":["https:\/\/unrostore.com\/wabi-sabi-servies-horeca\/"]}]},{"@type":"ImageObject","inLanguage":"de","@id":"https:\/\/unrostore.com\/wabi-sabi-servies-horeca\/#primaryimage","url":"https:\/\/unrostore.com\/wp-content\/uploads\/2023\/11\/unro-asian-fusion-servies-portugees.webp","contentUrl":"https:\/\/unrostore.com\/wp-content\/uploads\/2023\/11\/unro-asian-fusion-servies-portugees.webp"},{"@type":"BreadcrumbList","@id":"https:\/\/unrostore.com\/wabi-sabi-servies-horeca\/#breadcrumb","itemListElement":[{"@type":"ListItem","position":1,"name":"Home","item":"https:\/\/unrostore.com\/"},{"@type":"ListItem","position":2,"name":"Wabi Sabi Servies Horeca"}]},{"@type":"WebSite","@id":"https:\/\/unrostore.com\/#website","url":"https:\/\/unrostore.com\/","name":"UNRO","description":"Portugiesisches Geschirr, das Sie gl\u00fccklich machen wird!","publisher":{"@id":"https:\/\/unrostore.com\/#organization"},"potentialAction":[{"@type":"SearchAction","target":{"@type":"EntryPoint","urlTemplate":"https:\/\/unrostore.com\/?s={search_term_string}"},"query-input":{"@type":"PropertyValueSpecification","valueRequired":true,"valueName":"search_term_string"}}],"inLanguage":"de"},{"@type":"Organization","@id":"https:\/\/unrostore.com\/#organization","name":"UNRO","url":"https:\/\/unrostore.com\/","logo":{"@type":"ImageObject","inLanguage":"de","@id":"https:\/\/unrostore.com\/#\/schema\/logo\/image\/","url":"https:\/\/unrostore.com\/wp-content\/uploads\/2022\/05\/Logo-UNRO.png","contentUrl":"https:\/\/unrostore.com\/wp-content\/uploads\/2022\/05\/Logo-UNRO.png","width":605,"height":179,"caption":"UNRO"},"image":{"@id":"https:\/\/unrostore.com\/#\/schema\/logo\/image\/"}}]}},"_links":{"self":[{"href":"https:\/\/unrostore.com\/de-de\/wp-json\/wp\/v2\/pages\/6330","targetHints":{"allow":["GET"]}}],"collection":[{"href":"https:\/\/unrostore.com\/de-de\/wp-json\/wp\/v2\/pages"}],"about":[{"href":"https:\/\/unrostore.com\/de-de\/wp-json\/wp\/v2\/types\/page"}],"author":[{"embeddable":true,"href":"https:\/\/unrostore.com\/de-de\/wp-json\/wp\/v2\/users\/7"}],"replies":[{"embeddable":true,"href":"https:\/\/unrostore.com\/de-de\/wp-json\/wp\/v2\/comments?post=6330"}],"version-history":[{"count":0,"href":"https:\/\/unrostore.com\/de-de\/wp-json\/wp\/v2\/pages\/6330\/revisions"}],"wp:attachment":[{"href":"https:\/\/unrostore.com\/de-de\/wp-json\/wp\/v2\/media?parent=6330"}],"curies":[{"name":"wp","href":"https:\/\/api.w.org\/{rel}","templated":true}]}}