{"id":5402,"date":"2023-08-30T17:34:01","date_gmt":"2023-08-30T17:34:01","guid":{"rendered":"https:\/\/unrostore.com\/?page_id=5402"},"modified":"2024-07-07T10:56:45","modified_gmt":"2024-07-07T10:56:45","slug":"nachsorgedienst-nutzen","status":"publish","type":"page","link":"https:\/\/unrostore.com\/de-de\/nachsorgedienst-nutzen\/","title":{"rendered":"Verwendung und Pflege des Geschirrs"},"content":{"rendered":"<div style=\"height:40px\" aria-hidden=\"true\" class=\"wp-block-spacer\"><\/div>\n\n\n\n<div class=\"wp-block-cover is-light\"><span aria-hidden=\"true\" class=\"wp-block-cover__background has-background-dim-20 has-background-dim\"><\/span><img loading=\"lazy\" decoding=\"async\" width=\"1920\" height=\"1080\" class=\"wp-block-cover__image-background wp-image-5881\" alt=\"\" src=\"https:\/\/unrostore.com\/wp-content\/uploads\/2023\/10\/unro-gekleurde-serviesset-portugees-servies.jpg\" data-object-fit=\"cover\" srcset=\"https:\/\/unrostore.com\/wp-content\/uploads\/2023\/10\/unro-gekleurde-serviesset-portugees-servies.jpg 1920w, https:\/\/unrostore.com\/wp-content\/uploads\/2023\/10\/unro-gekleurde-serviesset-portugees-servies-1000x563.jpg 1000w, https:\/\/unrostore.com\/wp-content\/uploads\/2023\/10\/unro-gekleurde-serviesset-portugees-servies-300x169.jpg 300w, https:\/\/unrostore.com\/wp-content\/uploads\/2023\/10\/unro-gekleurde-serviesset-portugees-servies-1024x576.jpg 1024w, https:\/\/unrostore.com\/wp-content\/uploads\/2023\/10\/unro-gekleurde-serviesset-portugees-servies-768x432.jpg 768w, https:\/\/unrostore.com\/wp-content\/uploads\/2023\/10\/unro-gekleurde-serviesset-portugees-servies-1536x864.jpg 1536w, https:\/\/unrostore.com\/wp-content\/uploads\/2023\/10\/unro-gekleurde-serviesset-portugees-servies-20x10.jpg 20w\" sizes=\"auto, (max-width: 1920px) 100vw, 1920px\" \/><div class=\"wp-block-cover__inner-container is-layout-constrained wp-block-cover-is-layout-constrained\">\n<h2 class=\"wp-block-heading has-text-align-center has-white-color has-text-color has-large-font-size\">(Nach)pflege &amp; Verwendung Ihres Geschirrs<\/h2>\n<\/div><\/div>\n\n\n\n<div style=\"height:100px\" aria-hidden=\"true\" class=\"wp-block-spacer\"><\/div>\n\n\n\n<div class=\"wp-block-media-text has-media-on-the-right is-stacked-on-mobile has-white-background-color has-background\" style=\"grid-template-columns:auto 35%\"><div class=\"wp-block-media-text__content\">\n<h2 class=\"wp-block-heading\">Welche Nachsorge sorgt daf\u00fcr, dass Ihr Geschirr sch\u00f6n bleibt?<\/h2>\n\n\n\n<p>Wie sch\u00f6n, dass Sie sich f\u00fcr das portugiesische Geschirr von UNRO entschieden haben! <\/p>\n\n\n\n<p>Wir empfehlen Ihnen, diese Seite zur (Nach-)Pflege und Verwendung vor dem (ersten) Gebrauch sorgf\u00e4ltig zu lesen und die Anweisungen zu befolgen. So stellen Sie sicher, dass Ihr Geschirr den Test der Zeit \u00fcbersteht \ud83d\ude09 .<\/p>\n\n\n\n<div style=\"height:20px\" aria-hidden=\"true\" class=\"wp-block-spacer\"><\/div>\n\n\n\n<p>Das Geschirr, das wir von Terrafina &amp; C\u00aa Atlantica anbieten, wird aus dem <a href=\"https:\/\/unrostore.com\/de-de\/2023\/07\/31\/worauf-ist-beim-kauf-von-geschirr-zu-achten-teil-1-qualitat\/\">keramisches Feinsteinzeug<\/a>. Das Steingut wird aus den besten verf\u00fcgbaren nat\u00fcrlichen und lokalen Ressourcen hergestellt, die verschiedenen Temperaturen zwischen -20\u00b0C und 200\u00b0C standhalten. Dar\u00fcber hinaus entsprechen alle Produkte von Terrafina &amp; C\u00aa Atlantica den internationalen Standards f\u00fcr Lebensmittelsicherheit. Die Produkte enthalten weder Kadmium noch Blei.<\/p>\n<\/div><figure class=\"wp-block-media-text__media\"><a href=\"https:\/\/unrostore.com\/de-de\/produktkategorie\/terrafina\/korallen\/\"><img loading=\"lazy\" decoding=\"async\" width=\"1000\" height=\"1000\" src=\"https:\/\/unrostore.com\/wp-content\/uploads\/2023\/10\/unro-gekleurde-kommen-portugees-servies.jpg\" alt=\"Nachsorge des Geschirrs\" class=\"wp-image-5883 size-full\" srcset=\"https:\/\/unrostore.com\/wp-content\/uploads\/2023\/10\/unro-gekleurde-kommen-portugees-servies.jpg 1000w, https:\/\/unrostore.com\/wp-content\/uploads\/2023\/10\/unro-gekleurde-kommen-portugees-servies-640x640.jpg 640w, https:\/\/unrostore.com\/wp-content\/uploads\/2023\/10\/unro-gekleurde-kommen-portugees-servies-300x300.jpg 300w, https:\/\/unrostore.com\/wp-content\/uploads\/2023\/10\/unro-gekleurde-kommen-portugees-servies-150x150.jpg 150w, https:\/\/unrostore.com\/wp-content\/uploads\/2023\/10\/unro-gekleurde-kommen-portugees-servies-768x768.jpg 768w\" sizes=\"auto, (max-width: 1000px) 100vw, 1000px\" \/><\/a><\/figure><\/div>\n\n\n\n<div style=\"height:100px\" aria-hidden=\"true\" class=\"wp-block-spacer\"><\/div>\n\n\n\n<div class=\"wp-block-media-text is-stacked-on-mobile has-white-background-color has-background\" style=\"grid-template-columns:35% auto\"><figure class=\"wp-block-media-text__media\"><a href=\"https:\/\/unrostore.com\/de-de\/produktkategorie\/terrafina\/korallen\/\"><img loading=\"lazy\" decoding=\"async\" width=\"1000\" height=\"1000\" src=\"https:\/\/unrostore.com\/wp-content\/uploads\/2023\/10\/unro-gekleurde-serveerschalen.jpg\" alt=\"Nachsorge von Geschirr\" class=\"wp-image-5885 size-full\" srcset=\"https:\/\/unrostore.com\/wp-content\/uploads\/2023\/10\/unro-gekleurde-serveerschalen.jpg 1000w, https:\/\/unrostore.com\/wp-content\/uploads\/2023\/10\/unro-gekleurde-serveerschalen-640x640.jpg 640w, https:\/\/unrostore.com\/wp-content\/uploads\/2023\/10\/unro-gekleurde-serveerschalen-300x300.jpg 300w, https:\/\/unrostore.com\/wp-content\/uploads\/2023\/10\/unro-gekleurde-serveerschalen-150x150.jpg 150w, https:\/\/unrostore.com\/wp-content\/uploads\/2023\/10\/unro-gekleurde-serveerschalen-768x768.jpg 768w\" sizes=\"auto, (max-width: 1000px) 100vw, 1000px\" \/><\/a><\/figure><div class=\"wp-block-media-text__content\">\n<h2 class=\"wp-block-heading\">Im Allgemeinen alles Geschirr ist:<\/h2>\n\n\n\n<ul class=\"wp-block-list\">\n<li>Sp\u00fclmaschinen- und mikrowellengeeignet<\/li>\n\n\n\n<li>Backofenfest (bis zu 200\u00b0C)<\/li>\n\n\n\n<li>K\u00fchl- und gefrierschrankbest\u00e4ndig (Temperaturen bis -20\u00b0C)<\/li>\n\n\n\n<li>Kratzfest* bei normalem Gebrauch von Besteck<\/li>\n<\/ul>\n\n\n\n<p><small>*Mattes Geschirr kann bei normalem Besteckgebrauch etwas zerbrechlicher und anf\u00e4lliger f\u00fcr (leichte) Kratzer sein.<\/small><\/p>\n<\/div><\/div>\n\n\n\n<div style=\"height:100px\" aria-hidden=\"true\" class=\"wp-block-spacer\"><\/div>\n\n\n\n<div class=\"wp-block-media-text has-media-on-the-right is-stacked-on-mobile has-white-background-color has-background\" style=\"grid-template-columns:auto 35%\"><div class=\"wp-block-media-text__content\">\n<h2 class=\"wp-block-heading\">Nachsorge und Verwendung des Geschirrs<\/h2>\n\n\n\n<ul class=\"wp-block-list\">\n<li>Waschen und trocknen Sie Ihre Gegenst\u00e4nde vor dem Gebrauch;<\/li>\n\n\n\n<li>Wenn Sie den Geschirrsp\u00fcler benutzen, warten Sie immer bis zum Ende des Programms, bevor Sie das Geschirr herausnehmen; <\/li>\n\n\n\n<li>Vermeiden Sie bei der Benutzung des Geschirrsp\u00fclers den direkten Kontakt von Gegenst\u00e4nden mit anderen Gegenst\u00e4nden (um Zusammenst\u00f6\u00dfe und Reibung zu vermeiden);<\/li>\n\n\n\n<li>Vermeiden Sie es, hei\u00dfe Gegenst\u00e4nde auf kalte oder nasse Oberfl\u00e4chen zu stellen, verwenden Sie einen hitzebest\u00e4ndigen Untersetzer;<\/li>\n\n\n\n<li>Vermeiden Sie es, gek\u00fchlte oder gefrorene Produkte direkt in den vorgeheizten Ofen zu stellen. Das Auftauen und Aufw\u00e4rmen sollte schrittweise erfolgen; <\/li>\n\n\n\n<li>Wenn Sie das Ger\u00e4t im Backofen verwenden, stellen Sie es in der Mitte auf einen Rost;<\/li>\n\n\n\n<li>Vermeiden Sie es, Gegenst\u00e4nde direkt auf hei\u00dfe Oberfl\u00e4chen wie Gas- oder Elektroherde und Kochfelder zu stellen;<\/li>\n\n\n\n<li>Es wird empfohlen, gr\u00f6\u00dfere und\/oder empfindlichere Teile mit der Hand zu waschen;<\/li>\n\n\n\n<li>Vermeiden Sie es, Gegenst\u00e4nde \u00fcbereinander zu ziehen und zu schieben, um Kratzer auf der Oberfl\u00e4che der Gegenst\u00e4nde zu vermeiden.<\/li>\n<\/ul>\n<\/div><figure class=\"wp-block-media-text__media\"><a href=\"https:\/\/unrostore.com\/de-de\/produktkategorie\/terrafina\/amazonia-creme\/\"><img loading=\"lazy\" decoding=\"async\" width=\"1000\" height=\"1000\" src=\"https:\/\/unrostore.com\/wp-content\/uploads\/2023\/10\/unro-gekleurde-pastaborden-portugees-servies.jpg\" alt=\"Instandhaltung des Geschirrs\" class=\"wp-image-5887 size-full\" srcset=\"https:\/\/unrostore.com\/wp-content\/uploads\/2023\/10\/unro-gekleurde-pastaborden-portugees-servies.jpg 1000w, https:\/\/unrostore.com\/wp-content\/uploads\/2023\/10\/unro-gekleurde-pastaborden-portugees-servies-640x640.jpg 640w, https:\/\/unrostore.com\/wp-content\/uploads\/2023\/10\/unro-gekleurde-pastaborden-portugees-servies-300x300.jpg 300w, https:\/\/unrostore.com\/wp-content\/uploads\/2023\/10\/unro-gekleurde-pastaborden-portugees-servies-150x150.jpg 150w, https:\/\/unrostore.com\/wp-content\/uploads\/2023\/10\/unro-gekleurde-pastaborden-portugees-servies-768x768.jpg 768w\" sizes=\"auto, (max-width: 1000px) 100vw, 1000px\" \/><\/a><\/figure><\/div>\n\n\n\n<div style=\"height:50px\" aria-hidden=\"true\" class=\"wp-block-spacer\"><\/div>\n\n\n\n<div class=\"wp-block-columns is-layout-flex wp-container-core-columns-is-layout-9d6595d7 wp-block-columns-is-layout-flex\">\n<div class=\"wp-block-column is-layout-flow wp-block-column-is-layout-flow\" style=\"flex-basis:10%\"><\/div>\n\n\n\n<div class=\"wp-block-column is-layout-flow wp-block-column-is-layout-flow\" style=\"flex-basis:80%\">\n<p>Wenn Sie weitere Fragen zur Verwendung und (Nach-)Pflege Ihrer Produkte haben, schicken Sie uns bitte eine E-Mail an: support@unro.nl! <\/p>\n\n\n\n<p>Viel Spa\u00df mit Ihrem sch\u00f6nen, einzigartigen, handgefertigten portugiesischen Geschirr!<\/p>\n\n\n\n<p>Liebe Gr\u00fc\u00dfe, Team UNRO<\/p>\n<\/div>\n\n\n\n<div class=\"wp-block-column is-layout-flow wp-block-column-is-layout-flow\" style=\"flex-basis:10%\"><\/div>\n<\/div>\n\n\n\n<div style=\"height:20px\" aria-hidden=\"true\" class=\"wp-block-spacer\"><\/div>\n\n\n\n<div class=\"wp-block-buttons is-content-justification-center is-layout-flex wp-container-core-buttons-is-layout-16018d1d wp-block-buttons-is-layout-flex\">\n<div class=\"wp-block-button\"><a class=\"wp-block-button__link has-pale-cyan-blue-background-color has-background wp-element-button\" href=\"https:\/\/unrostore.com\/de-de\/geschirrsets\/\" style=\"border-radius:5px\">Geschirrsets ansehen<\/a><\/div>\n<\/div>\n\n\n\n<div style=\"height:20px\" aria-hidden=\"true\" class=\"wp-block-spacer\"><\/div>","protected":false},"excerpt":{"rendered":"<p>Sollten Sie weitere Fragen zur Verwendung und (Nach-)Pflege Ihrer Produkte haben, wenden Sie sich bitte per E-Mail an: support@unro.nl ! Viel Spa\u00df mit eurem sch\u00f6nen, einzigartigen, handgefertigten portugiesischen Geschirr! Liebe Gr\u00fc\u00dfe, Team UNRO<\/p>","protected":false},"author":1,"featured_media":0,"parent":0,"menu_order":0,"comment_status":"closed","ping_status":"closed","template":"","meta":{"footnotes":""},"class_list":["post-5402","page","type-page","status-publish","hentry"],"yoast_head":"<!-- This site is optimized with the Yoast SEO plugin v27.4 - https:\/\/yoast.com\/product\/yoast-seo-wordpress\/ -->\n<title>Gebruik &amp; nazorg servies &#8226; UNRO<\/title>\n<meta name=\"description\" content=\"Lees deze pagina over het gebruik en de nazorg voor jouw servies om je servies mooi te houden zodat deze nog jaren meekan!\" \/>\n<meta name=\"robots\" content=\"index, follow, max-snippet:-1, max-image-preview:large, max-video-preview:-1\" \/>\n<link rel=\"canonical\" href=\"https:\/\/unrostore.com\/de-de\/nachsorgedienst-nutzen\/\" \/>\n<meta property=\"og:locale\" content=\"de_DE\" \/>\n<meta property=\"og:type\" content=\"article\" \/>\n<meta property=\"og:title\" content=\"Gebruik &amp; nazorg servies &#8226; UNRO\" \/>\n<meta property=\"og:description\" content=\"Lees deze pagina over het gebruik en de nazorg voor jouw servies om je servies mooi te houden zodat deze nog jaren meekan!\" \/>\n<meta property=\"og:url\" content=\"https:\/\/unrostore.com\/de-de\/nachsorgedienst-nutzen\/\" \/>\n<meta property=\"og:site_name\" content=\"UNRO\" \/>\n<meta property=\"article:modified_time\" content=\"2024-07-07T10:56:45+00:00\" \/>\n<meta property=\"og:image\" content=\"https:\/\/unrostore.com\/wp-content\/uploads\/2023\/10\/unro-gekleurde-serviesset-portugees-servies.jpg\" \/>\n<meta name=\"twitter:card\" content=\"summary_large_image\" \/>\n<script type=\"application\/ld+json\" class=\"yoast-schema-graph\">{\"@context\":\"https:\\\/\\\/schema.org\",\"@graph\":[{\"@type\":\"WebPage\",\"@id\":\"https:\\\/\\\/unrostore.com\\\/gebruik-nazorg-servies\\\/\",\"url\":\"https:\\\/\\\/unrostore.com\\\/gebruik-nazorg-servies\\\/\",\"name\":\"Gebruik & nazorg servies &#8226; UNRO\",\"isPartOf\":{\"@id\":\"https:\\\/\\\/unrostore.com\\\/#website\"},\"primaryImageOfPage\":{\"@id\":\"https:\\\/\\\/unrostore.com\\\/gebruik-nazorg-servies\\\/#primaryimage\"},\"image\":{\"@id\":\"https:\\\/\\\/unrostore.com\\\/gebruik-nazorg-servies\\\/#primaryimage\"},\"thumbnailUrl\":\"https:\\\/\\\/unrostore.com\\\/wp-content\\\/uploads\\\/2023\\\/10\\\/unro-gekleurde-serviesset-portugees-servies.jpg\",\"datePublished\":\"2023-08-30T17:34:01+00:00\",\"dateModified\":\"2024-07-07T10:56:45+00:00\",\"description\":\"Lees deze pagina over het gebruik en de nazorg voor jouw servies om je servies mooi te houden zodat deze nog jaren meekan!\",\"breadcrumb\":{\"@id\":\"https:\\\/\\\/unrostore.com\\\/gebruik-nazorg-servies\\\/#breadcrumb\"},\"inLanguage\":\"de\",\"potentialAction\":[{\"@type\":\"ReadAction\",\"target\":[\"https:\\\/\\\/unrostore.com\\\/gebruik-nazorg-servies\\\/\"]}]},{\"@type\":\"ImageObject\",\"inLanguage\":\"de\",\"@id\":\"https:\\\/\\\/unrostore.com\\\/gebruik-nazorg-servies\\\/#primaryimage\",\"url\":\"https:\\\/\\\/unrostore.com\\\/wp-content\\\/uploads\\\/2023\\\/10\\\/unro-gekleurde-serviesset-portugees-servies.jpg\",\"contentUrl\":\"https:\\\/\\\/unrostore.com\\\/wp-content\\\/uploads\\\/2023\\\/10\\\/unro-gekleurde-serviesset-portugees-servies.jpg\"},{\"@type\":\"BreadcrumbList\",\"@id\":\"https:\\\/\\\/unrostore.com\\\/gebruik-nazorg-servies\\\/#breadcrumb\",\"itemListElement\":[{\"@type\":\"ListItem\",\"position\":1,\"name\":\"Home\",\"item\":\"https:\\\/\\\/unrostore.com\\\/\"},{\"@type\":\"ListItem\",\"position\":2,\"name\":\"Gebruik &#038; nazorg servies\"}]},{\"@type\":\"WebSite\",\"@id\":\"https:\\\/\\\/unrostore.com\\\/#website\",\"url\":\"https:\\\/\\\/unrostore.com\\\/\",\"name\":\"UNRO\",\"description\":\"Portugees servies waar je blij van wordt!\",\"publisher\":{\"@id\":\"https:\\\/\\\/unrostore.com\\\/#organization\"},\"potentialAction\":[{\"@type\":\"SearchAction\",\"target\":{\"@type\":\"EntryPoint\",\"urlTemplate\":\"https:\\\/\\\/unrostore.com\\\/?s={search_term_string}\"},\"query-input\":{\"@type\":\"PropertyValueSpecification\",\"valueRequired\":true,\"valueName\":\"search_term_string\"}}],\"inLanguage\":\"de\"},{\"@type\":\"Organization\",\"@id\":\"https:\\\/\\\/unrostore.com\\\/#organization\",\"name\":\"UNRO\",\"url\":\"https:\\\/\\\/unrostore.com\\\/\",\"logo\":{\"@type\":\"ImageObject\",\"inLanguage\":\"de\",\"@id\":\"https:\\\/\\\/unrostore.com\\\/#\\\/schema\\\/logo\\\/image\\\/\",\"url\":\"https:\\\/\\\/unrostore.com\\\/wp-content\\\/uploads\\\/2022\\\/05\\\/Logo-UNRO.png\",\"contentUrl\":\"https:\\\/\\\/unrostore.com\\\/wp-content\\\/uploads\\\/2022\\\/05\\\/Logo-UNRO.png\",\"width\":605,\"height\":179,\"caption\":\"UNRO\"},\"image\":{\"@id\":\"https:\\\/\\\/unrostore.com\\\/#\\\/schema\\\/logo\\\/image\\\/\"}}]}<\/script>\n<!-- \/ Yoast SEO plugin. -->","yoast_head_json":{"title":"Verwendung und Nachbehandlung von Geschirr - UNRO","description":"Lesen Sie auf dieser Seite, wie Sie Ihr Geschirr verwenden und pflegen k\u00f6nnen, damit es lange sch\u00f6n bleibt und Sie lange Freude daran haben!","robots":{"index":"index","follow":"follow","max-snippet":"max-snippet:-1","max-image-preview":"max-image-preview:large","max-video-preview":"max-video-preview:-1"},"canonical":"https:\/\/unrostore.com\/de-de\/nachsorgedienst-nutzen\/","og_locale":"de_DE","og_type":"article","og_title":"Gebruik & nazorg servies &#8226; UNRO","og_description":"Lees deze pagina over het gebruik en de nazorg voor jouw servies om je servies mooi te houden zodat deze nog jaren meekan!","og_url":"https:\/\/unrostore.com\/de-de\/nachsorgedienst-nutzen\/","og_site_name":"UNRO","article_modified_time":"2024-07-07T10:56:45+00:00","og_image":[{"url":"https:\/\/unrostore.com\/wp-content\/uploads\/2023\/10\/unro-gekleurde-serviesset-portugees-servies.jpg","type":"","width":"","height":""}],"twitter_card":"summary_large_image","schema":{"@context":"https:\/\/schema.org","@graph":[{"@type":"WebPage","@id":"https:\/\/unrostore.com\/gebruik-nazorg-servies\/","url":"https:\/\/unrostore.com\/gebruik-nazorg-servies\/","name":"Verwendung und Nachbehandlung von Geschirr - UNRO","isPartOf":{"@id":"https:\/\/unrostore.com\/#website"},"primaryImageOfPage":{"@id":"https:\/\/unrostore.com\/gebruik-nazorg-servies\/#primaryimage"},"image":{"@id":"https:\/\/unrostore.com\/gebruik-nazorg-servies\/#primaryimage"},"thumbnailUrl":"https:\/\/unrostore.com\/wp-content\/uploads\/2023\/10\/unro-gekleurde-serviesset-portugees-servies.jpg","datePublished":"2023-08-30T17:34:01+00:00","dateModified":"2024-07-07T10:56:45+00:00","description":"Lesen Sie auf dieser Seite, wie Sie Ihr Geschirr verwenden und pflegen k\u00f6nnen, damit es lange sch\u00f6n bleibt und Sie lange Freude daran haben!","breadcrumb":{"@id":"https:\/\/unrostore.com\/gebruik-nazorg-servies\/#breadcrumb"},"inLanguage":"de","potentialAction":[{"@type":"ReadAction","target":["https:\/\/unrostore.com\/gebruik-nazorg-servies\/"]}]},{"@type":"ImageObject","inLanguage":"de","@id":"https:\/\/unrostore.com\/gebruik-nazorg-servies\/#primaryimage","url":"https:\/\/unrostore.com\/wp-content\/uploads\/2023\/10\/unro-gekleurde-serviesset-portugees-servies.jpg","contentUrl":"https:\/\/unrostore.com\/wp-content\/uploads\/2023\/10\/unro-gekleurde-serviesset-portugees-servies.jpg"},{"@type":"BreadcrumbList","@id":"https:\/\/unrostore.com\/gebruik-nazorg-servies\/#breadcrumb","itemListElement":[{"@type":"ListItem","position":1,"name":"Home","item":"https:\/\/unrostore.com\/"},{"@type":"ListItem","position":2,"name":"Gebruik &#038; nazorg servies"}]},{"@type":"WebSite","@id":"https:\/\/unrostore.com\/#website","url":"https:\/\/unrostore.com\/","name":"UNRO","description":"Portugiesisches Geschirr, das Sie gl\u00fccklich machen wird!","publisher":{"@id":"https:\/\/unrostore.com\/#organization"},"potentialAction":[{"@type":"SearchAction","target":{"@type":"EntryPoint","urlTemplate":"https:\/\/unrostore.com\/?s={search_term_string}"},"query-input":{"@type":"PropertyValueSpecification","valueRequired":true,"valueName":"search_term_string"}}],"inLanguage":"de"},{"@type":"Organization","@id":"https:\/\/unrostore.com\/#organization","name":"UNRO","url":"https:\/\/unrostore.com\/","logo":{"@type":"ImageObject","inLanguage":"de","@id":"https:\/\/unrostore.com\/#\/schema\/logo\/image\/","url":"https:\/\/unrostore.com\/wp-content\/uploads\/2022\/05\/Logo-UNRO.png","contentUrl":"https:\/\/unrostore.com\/wp-content\/uploads\/2022\/05\/Logo-UNRO.png","width":605,"height":179,"caption":"UNRO"},"image":{"@id":"https:\/\/unrostore.com\/#\/schema\/logo\/image\/"}}]}},"_links":{"self":[{"href":"https:\/\/unrostore.com\/de-de\/wp-json\/wp\/v2\/pages\/5402","targetHints":{"allow":["GET"]}}],"collection":[{"href":"https:\/\/unrostore.com\/de-de\/wp-json\/wp\/v2\/pages"}],"about":[{"href":"https:\/\/unrostore.com\/de-de\/wp-json\/wp\/v2\/types\/page"}],"author":[{"embeddable":true,"href":"https:\/\/unrostore.com\/de-de\/wp-json\/wp\/v2\/users\/1"}],"replies":[{"embeddable":true,"href":"https:\/\/unrostore.com\/de-de\/wp-json\/wp\/v2\/comments?post=5402"}],"version-history":[{"count":0,"href":"https:\/\/unrostore.com\/de-de\/wp-json\/wp\/v2\/pages\/5402\/revisions"}],"wp:attachment":[{"href":"https:\/\/unrostore.com\/de-de\/wp-json\/wp\/v2\/media?parent=5402"}],"curies":[{"name":"wp","href":"https:\/\/api.w.org\/{rel}","templated":true}]}}