{"id":4951,"date":"2023-07-23T16:35:24","date_gmt":"2023-07-23T16:35:24","guid":{"rendered":"https:\/\/unrostore.com\/?page_id=4951"},"modified":"2024-08-11T10:03:53","modified_gmt":"2024-08-11T10:03:53","slug":"kaffeetassen","status":"publish","type":"page","link":"https:\/\/unrostore.com\/de-de\/kaffeetassen\/","title":{"rendered":"Kaffeetassen"},"content":{"rendered":"<div style=\"height:50px\" aria-hidden=\"true\" class=\"wp-block-spacer\"><\/div>\n\n\n\n<div class=\"wp-block-cover is-light\"><span aria-hidden=\"true\" class=\"wp-block-cover__background has-background-dim-20 has-background-dim\"><\/span><img loading=\"lazy\" decoding=\"async\" width=\"2560\" height=\"1600\" class=\"wp-block-cover__image-background wp-image-4952\" alt=\"Kaffeetassen\" src=\"https:\/\/unrostore.com\/wp-content\/uploads\/2023\/07\/unro-creme-blauw-groen-mokken-en-kopjes-handgemaakt-keramiek-edited-scaled.jpg\" style=\"object-position:49% 58%\" data-object-fit=\"cover\" data-object-position=\"49% 58%\" srcset=\"https:\/\/unrostore.com\/wp-content\/uploads\/2023\/07\/unro-creme-blauw-groen-mokken-en-kopjes-handgemaakt-keramiek-edited-scaled.jpg 2560w, https:\/\/unrostore.com\/wp-content\/uploads\/2023\/07\/unro-creme-blauw-groen-mokken-en-kopjes-handgemaakt-keramiek-edited-scaled-1000x625.jpg 1000w, https:\/\/unrostore.com\/wp-content\/uploads\/2023\/07\/unro-creme-blauw-groen-mokken-en-kopjes-handgemaakt-keramiek-edited-300x188.jpg 300w, https:\/\/unrostore.com\/wp-content\/uploads\/2023\/07\/unro-creme-blauw-groen-mokken-en-kopjes-handgemaakt-keramiek-edited-1024x640.jpg 1024w, https:\/\/unrostore.com\/wp-content\/uploads\/2023\/07\/unro-creme-blauw-groen-mokken-en-kopjes-handgemaakt-keramiek-edited-768x480.jpg 768w, https:\/\/unrostore.com\/wp-content\/uploads\/2023\/07\/unro-creme-blauw-groen-mokken-en-kopjes-handgemaakt-keramiek-edited-1536x960.jpg 1536w, https:\/\/unrostore.com\/wp-content\/uploads\/2023\/07\/unro-creme-blauw-groen-mokken-en-kopjes-handgemaakt-keramiek-edited-2048x1280.jpg 2048w, https:\/\/unrostore.com\/wp-content\/uploads\/2023\/07\/unro-creme-blauw-groen-mokken-en-kopjes-handgemaakt-keramiek-edited-20x12.jpg 20w\" sizes=\"auto, (max-width: 2560px) 100vw, 2560px\" \/><div class=\"wp-block-cover__inner-container is-layout-flow wp-block-cover-is-layout-flow\">\n<h1 class=\"wp-block-heading has-text-align-center has-white-color has-text-color has-large-font-size\">Kaffeetassen<\/h1>\n\n\n\n<div class=\"wp-block-buttons is-content-justification-center is-layout-flex wp-container-core-buttons-is-layout-16018d1d wp-block-buttons-is-layout-flex\">\n<div class=\"wp-block-button\"><a class=\"wp-block-button__link has-pale-cyan-blue-background-color has-background wp-element-button\" href=\"https:\/\/unrostore.com\/de-de\/produktkategorie\/tassen-und-becher\/\" style=\"border-radius:16px\">Alle Tassen anzeigen<\/a><\/div>\n<\/div>\n<\/div><\/div>\n\n\n\n<div style=\"height:40px\" aria-hidden=\"true\" class=\"wp-block-spacer\"><\/div>\n\n\n\n<div class=\"wp-block-columns is-layout-flex wp-container-core-columns-is-layout-9d6595d7 wp-block-columns-is-layout-flex\">\n<div class=\"wp-block-column is-layout-flow wp-block-column-is-layout-flow\">\n<div class=\"wp-block-cover is-light\"><span aria-hidden=\"true\" class=\"wp-block-cover__background has-background-dim-20 has-background-dim\"><\/span><img loading=\"lazy\" decoding=\"async\" width=\"2000\" height=\"2000\" class=\"wp-block-cover__image-background wp-image-4955\" alt=\"Espressotassen mit Henkel\" src=\"https:\/\/unrostore.com\/wp-content\/uploads\/2023\/07\/unro-creme-espresso-kopjes-met-oor.jpg\" style=\"object-position:36% 55%\" data-object-fit=\"cover\" data-object-position=\"36% 55%\" srcset=\"https:\/\/unrostore.com\/wp-content\/uploads\/2023\/07\/unro-creme-espresso-kopjes-met-oor.jpg 2000w, https:\/\/unrostore.com\/wp-content\/uploads\/2023\/07\/unro-creme-espresso-kopjes-met-oor-640x640.jpg 640w, https:\/\/unrostore.com\/wp-content\/uploads\/2023\/07\/unro-creme-espresso-kopjes-met-oor-1000x1000.jpg 1000w, https:\/\/unrostore.com\/wp-content\/uploads\/2023\/07\/unro-creme-espresso-kopjes-met-oor-300x300.jpg 300w, https:\/\/unrostore.com\/wp-content\/uploads\/2023\/07\/unro-creme-espresso-kopjes-met-oor-1024x1024.jpg 1024w, https:\/\/unrostore.com\/wp-content\/uploads\/2023\/07\/unro-creme-espresso-kopjes-met-oor-150x150.jpg 150w, https:\/\/unrostore.com\/wp-content\/uploads\/2023\/07\/unro-creme-espresso-kopjes-met-oor-768x768.jpg 768w, https:\/\/unrostore.com\/wp-content\/uploads\/2023\/07\/unro-creme-espresso-kopjes-met-oor-1536x1536.jpg 1536w\" sizes=\"auto, (max-width: 2000px) 100vw, 2000px\" \/><div class=\"wp-block-cover__inner-container is-layout-flow wp-block-cover-is-layout-flow\">\n<div class=\"wp-block-group is-vertical is-content-justification-center is-layout-flex wp-container-core-group-is-layout-48c2c4f0 wp-block-group-is-layout-flex\">\n<div class=\"wp-block-group is-vertical is-content-justification-center is-layout-flex wp-container-core-group-is-layout-48c2c4f0 wp-block-group-is-layout-flex\">\n<h2 class=\"wp-block-heading has-text-align-center has-white-color has-text-color has-large-font-size\">Espressotassen <\/h2>\n\n\n\n<h2 class=\"wp-block-heading has-text-align-center has-white-color has-text-color has-large-font-size\">nach Geh\u00f6r<\/h2>\n<\/div>\n<\/div>\n\n\n\n<div class=\"wp-block-buttons is-content-justification-center is-layout-flex wp-container-core-buttons-is-layout-16018d1d wp-block-buttons-is-layout-flex\">\n<div class=\"wp-block-button\"><a class=\"wp-block-button__link has-pale-cyan-blue-background-color has-background wp-element-button\" href=\"https:\/\/unrostore.com\/de-de\/produktkategorie\/espressotassen\/\" style=\"border-radius:16px\">Alle Espressotassen anzeigen<\/a><\/div>\n<\/div>\n<\/div><\/div>\n<\/div>\n\n\n\n<div class=\"wp-block-column is-layout-flow wp-block-column-is-layout-flow\">\n<div class=\"wp-block-cover is-light\"><span aria-hidden=\"true\" class=\"wp-block-cover__background has-background-dim-20 has-background-dim\"><\/span><img loading=\"lazy\" decoding=\"async\" width=\"2000\" height=\"2000\" class=\"wp-block-cover__image-background wp-image-4956\" alt=\"Espressotassen ohne Henkel\" src=\"https:\/\/unrostore.com\/wp-content\/uploads\/2023\/07\/unro-blauwe-espresso-kopjes-zonder-oor.jpg\" style=\"object-position:73% 58%\" data-object-fit=\"cover\" data-object-position=\"73% 58%\" srcset=\"https:\/\/unrostore.com\/wp-content\/uploads\/2023\/07\/unro-blauwe-espresso-kopjes-zonder-oor.jpg 2000w, https:\/\/unrostore.com\/wp-content\/uploads\/2023\/07\/unro-blauwe-espresso-kopjes-zonder-oor-640x640.jpg 640w, https:\/\/unrostore.com\/wp-content\/uploads\/2023\/07\/unro-blauwe-espresso-kopjes-zonder-oor-1000x1000.jpg 1000w, https:\/\/unrostore.com\/wp-content\/uploads\/2023\/07\/unro-blauwe-espresso-kopjes-zonder-oor-300x300.jpg 300w, https:\/\/unrostore.com\/wp-content\/uploads\/2023\/07\/unro-blauwe-espresso-kopjes-zonder-oor-1024x1024.jpg 1024w, https:\/\/unrostore.com\/wp-content\/uploads\/2023\/07\/unro-blauwe-espresso-kopjes-zonder-oor-150x150.jpg 150w, https:\/\/unrostore.com\/wp-content\/uploads\/2023\/07\/unro-blauwe-espresso-kopjes-zonder-oor-768x768.jpg 768w, https:\/\/unrostore.com\/wp-content\/uploads\/2023\/07\/unro-blauwe-espresso-kopjes-zonder-oor-1536x1536.jpg 1536w\" sizes=\"auto, (max-width: 2000px) 100vw, 2000px\" \/><div class=\"wp-block-cover__inner-container is-layout-flow wp-block-cover-is-layout-flow\">\n<div class=\"wp-block-group is-vertical is-content-justification-center is-layout-flex wp-container-core-group-is-layout-4b2eccd6 wp-block-group-is-layout-flex\">\n<h2 class=\"wp-block-heading has-text-align-center has-white-color has-text-color has-large-font-size\">Espressotassen <\/h2>\n\n\n\n<h2 class=\"wp-block-heading has-text-align-center has-white-color has-text-color has-large-font-size\">ohne Ohr<\/h2>\n<\/div>\n\n\n\n<div class=\"wp-block-buttons is-content-justification-center is-layout-flex wp-container-core-buttons-is-layout-16018d1d wp-block-buttons-is-layout-flex\">\n<div class=\"wp-block-button\"><a class=\"wp-block-button__link has-pale-cyan-blue-background-color has-background wp-element-button\" href=\"https:\/\/unrostore.com\/de-de\/produktkategorie\/espressotassen-ohne-henkel\/\" style=\"border-radius:16px\">Alle Tassen ohne Henkel anzeigen<\/a><\/div>\n<\/div>\n<\/div><\/div>\n<\/div>\n\n\n\n<div class=\"wp-block-column is-layout-flow wp-block-column-is-layout-flow\">\n<div class=\"wp-block-cover is-light\"><span aria-hidden=\"true\" class=\"wp-block-cover__background has-background-dim-20 has-background-dim\"><\/span><img loading=\"lazy\" decoding=\"async\" width=\"2000\" height=\"2000\" class=\"wp-block-cover__image-background wp-image-4957\" alt=\"Kaffeebecher\" src=\"https:\/\/unrostore.com\/wp-content\/uploads\/2023\/07\/unro-groene-koffiemokken-portugees-servies-handgemaakt-keramiek.jpg\" data-object-fit=\"cover\" srcset=\"https:\/\/unrostore.com\/wp-content\/uploads\/2023\/07\/unro-groene-koffiemokken-portugees-servies-handgemaakt-keramiek.jpg 2000w, https:\/\/unrostore.com\/wp-content\/uploads\/2023\/07\/unro-groene-koffiemokken-portugees-servies-handgemaakt-keramiek-640x640.jpg 640w, https:\/\/unrostore.com\/wp-content\/uploads\/2023\/07\/unro-groene-koffiemokken-portugees-servies-handgemaakt-keramiek-1000x1000.jpg 1000w, https:\/\/unrostore.com\/wp-content\/uploads\/2023\/07\/unro-groene-koffiemokken-portugees-servies-handgemaakt-keramiek-300x300.jpg 300w, https:\/\/unrostore.com\/wp-content\/uploads\/2023\/07\/unro-groene-koffiemokken-portugees-servies-handgemaakt-keramiek-1024x1024.jpg 1024w, https:\/\/unrostore.com\/wp-content\/uploads\/2023\/07\/unro-groene-koffiemokken-portugees-servies-handgemaakt-keramiek-150x150.jpg 150w, https:\/\/unrostore.com\/wp-content\/uploads\/2023\/07\/unro-groene-koffiemokken-portugees-servies-handgemaakt-keramiek-768x768.jpg 768w, https:\/\/unrostore.com\/wp-content\/uploads\/2023\/07\/unro-groene-koffiemokken-portugees-servies-handgemaakt-keramiek-1536x1536.jpg 1536w\" sizes=\"auto, (max-width: 2000px) 100vw, 2000px\" \/><div class=\"wp-block-cover__inner-container is-layout-flow wp-block-cover-is-layout-flow\">\n<h2 class=\"wp-block-heading has-text-align-center has-white-color has-text-color has-large-font-size\">Koffiemokken & <\/h2>\n\n\n\n<h2 class=\"wp-block-heading has-text-align-center has-white-color has-text-color has-large-font-size\">Teebecher<\/h2>\n\n\n\n<div class=\"wp-block-buttons is-content-justification-center is-layout-flex wp-container-core-buttons-is-layout-16018d1d wp-block-buttons-is-layout-flex\">\n<div class=\"wp-block-button\"><a class=\"wp-block-button__link has-pale-cyan-blue-background-color has-background wp-element-button\" href=\"https:\/\/unrostore.com\/de-de\/produktkategorie\/cappuccino-tassen\/\" style=\"border-radius:16px\">Alle Kaffeebecher anzeigen<\/a><\/div>\n<\/div>\n<\/div><\/div>\n<\/div>\n<\/div>\n\n\n\n<div style=\"height:50px\" aria-hidden=\"true\" class=\"wp-block-spacer\"><\/div>\n\n\n\n<div class=\"wp-block-columns is-layout-flex wp-container-core-columns-is-layout-9d6595d7 wp-block-columns-is-layout-flex\">\n<div class=\"wp-block-column is-layout-flow wp-block-column-is-layout-flow\" style=\"flex-basis:5%\"><\/div>\n\n\n\n<div class=\"wp-block-column is-layout-flow wp-block-column-is-layout-flow\" style=\"flex-basis:90%\">\n<h3 class=\"wp-block-heading\">Eine Vielzahl von Kaffeetassen<\/h3>\n\n\n\n<p>Sind Sie auf der Suche nach der perfekten Kaffeetasse f\u00fcr Ihren Espresso, Cappuccino, Latte Macchiato, Chai Latte oder Tee? Oder sind Sie noch auf der Suche nach einem lustigen und originellen Geschenk f\u00fcr eine Einweihung \ud83c\udfe1\ud83c\udf89 oder einen Geburtstag? \ud83e\udd73\ud83c\udf82 Dann schauen Sie sich unser vielf\u00e4ltiges Angebot an farbenfrohen, modernen und einzigartigen Espressotassen mit oder ohne Ohr, Kaffeebechern oder Teebechern von <a href=\"https:\/\/unrostore.com\/de-de\/langlebiges-geschirr-kaufen\/\"><strong><mark style=\"background-color:rgba(0, 0, 0, 0);color:#f18874\" class=\"has-inline-color\">handgefertigte nachhaltige portugiesische Keramiken<\/mark><\/strong><\/a>.<\/p>\n\n\n\n<div style=\"height:40px\" aria-hidden=\"true\" class=\"wp-block-spacer\"><\/div>\n\n\n\n<h3 class=\"wp-block-heading\">Mokken, theemokken & espresso kopjes<\/h3>\n\n\n\n<p>Ob Sie sich nach einem perfekten Espresso in einer eleganten Espressotasse sehnen oder nach einer beruhigenden Tasse Tee in einer warmen, einladenden Teetasse, diese Kollektion bietet f\u00fcr jeden etwas. Jede Tasse strahlt eine f\u00fcr die portugiesische Kultur charakteristische Lebendigkeit aus, mit lebendigen Mustern und leuchtenden Farben, die alle Ihre Sinne ber\u00fchren werden.<\/p>\n\n\n\n<p>Ob es sich um eine robuste Kaffeetasse f\u00fcr die morgendliche Routine oder eine raffinierte Tasse f\u00fcr ein geselliges Beisammensein handelt, diese Tassen verleihen jedem Moment einen Hauch von portugiesischem Charme. Alle Tassen sind handgefertigt und dienen als k\u00fcnstlerischer Akzent in jeder K\u00fcche oder jedem Esszimmer.<\/p>\n\n\n\n<p>Jede Tasse ist von der Seele Portugals durchdrungen und strahlt die reiche Geschichte der von Generation zu Generation weitergegebenen Handwerkskunst aus. Diese Tassen sind nicht nur funktional, sondern auch eine Hommage an den kreativen Geist und die Handwerkskunst portugiesischer Kunsthandwerker, die die Sch\u00f6nheit des Allt\u00e4glichen in jedem St\u00fcck, das sie schaffen, zum Leben erwecken. Genie\u00dfen Sie Ihr Lieblingshei\u00dfgetr\u00e4nk mit Stil und lassen Sie sich von der einzigartigen Erfahrung begeistern, die diese liebevoll gefertigten Tassen zu bieten haben. \ud83d\ude0d<\/p>\n\n\n\n<div style=\"height:40px\" aria-hidden=\"true\" class=\"wp-block-spacer\"><\/div>\n\n\n\n<h3 class=\"wp-block-heading\">Espressotassen ohne Henkel<\/h3>\n\n\n\n<p>Beginnen Sie Ihren Tag voller Energie mit einem k\u00f6stlichen frischen Espresso aus unseren farbenfrohen Espressotassen mit Ohr (100 ml Fassungsverm\u00f6gen, 2er-Set mit Geschenkbox). Dank der runden Formen und dem Ohr an der Seite lassen sich diese kleinen Keramiktassen sehr bequem trinken. Genie\u00dfen Sie Ihre t\u00e4gliche Kaffeezeit mit den portugiesischen (n)Espressotassen oder verschenken Sie sie! \ud83c\udf81<\/p>\n<\/div>\n\n\n\n<div class=\"wp-block-column is-layout-flow wp-block-column-is-layout-flow\" style=\"flex-basis:5%\"><\/div>\n<\/div>","protected":false},"excerpt":{"rendered":"<p>Eine Vielzahl von Kaffeetassen Sind Sie auf der Suche nach der perfekten Kaffeetasse f\u00fcr Ihren Espresso, Cappuccino, Latte Macchiato, Chai Latte oder Tee? Oder sind Sie noch auf der Suche nach einem lustigen und originellen Geschenk f\u00fcr eine Einweihung \ud83c\udfe1\ud83c\udf89 oder einen Geburtstag? \ud83e\udd73\ud83c\udf82 Dann schauen Sie sich unser vielf\u00e4ltiges Angebot an farbenfrohen, modernen und einzigartigen Espressotassen mit oder ohne Ohr, Kaffeebechern...<\/p>","protected":false},"author":1,"featured_media":0,"parent":0,"menu_order":0,"comment_status":"closed","ping_status":"closed","template":"","meta":{"footnotes":""},"class_list":["post-4951","page","type-page","status-publish","hentry"],"yoast_head":"<!-- This site is optimized with the Yoast SEO plugin v27.5 - https:\/\/yoast.com\/product\/yoast-seo-wordpress\/ -->\n<title>Koffiekopjes &#8226; UNRO<\/title>\n<meta name=\"description\" content=\"Op zoek naar mooie moderne Portugese koffiekopjes? Kijk dan niet verder! Bestel deze prachtige kopjes direct online bij UNRO.\" \/>\n<meta name=\"robots\" content=\"index, follow, max-snippet:-1, max-image-preview:large, max-video-preview:-1\" \/>\n<link rel=\"canonical\" href=\"https:\/\/unrostore.com\/de-de\/kaffeetassen\/\" \/>\n<meta property=\"og:locale\" content=\"de_DE\" \/>\n<meta property=\"og:type\" content=\"article\" \/>\n<meta property=\"og:title\" content=\"Koffiekopjes &#8226; UNRO\" \/>\n<meta property=\"og:description\" content=\"Op zoek naar mooie moderne Portugese koffiekopjes? Kijk dan niet verder! Bestel deze prachtige kopjes direct online bij UNRO.\" \/>\n<meta property=\"og:url\" content=\"https:\/\/unrostore.com\/de-de\/kaffeetassen\/\" \/>\n<meta property=\"og:site_name\" content=\"UNRO\" \/>\n<meta property=\"article:modified_time\" content=\"2024-08-11T10:03:53+00:00\" \/>\n<meta property=\"og:image\" content=\"https:\/\/unrostore.com\/wp-content\/uploads\/2023\/07\/unro-creme-blauw-groen-mokken-en-kopjes-handgemaakt-keramiek-edited-scaled.jpg\" \/>\n<meta name=\"twitter:card\" content=\"summary_large_image\" \/>\n<script type=\"application\/ld+json\" class=\"yoast-schema-graph\">{\"@context\":\"https:\\\/\\\/schema.org\",\"@graph\":[{\"@type\":\"WebPage\",\"@id\":\"https:\\\/\\\/unrostore.com\\\/koffiekopjes\\\/\",\"url\":\"https:\\\/\\\/unrostore.com\\\/koffiekopjes\\\/\",\"name\":\"Koffiekopjes &#8226; UNRO\",\"isPartOf\":{\"@id\":\"https:\\\/\\\/unrostore.com\\\/#website\"},\"primaryImageOfPage\":{\"@id\":\"https:\\\/\\\/unrostore.com\\\/koffiekopjes\\\/#primaryimage\"},\"image\":{\"@id\":\"https:\\\/\\\/unrostore.com\\\/koffiekopjes\\\/#primaryimage\"},\"thumbnailUrl\":\"https:\\\/\\\/unrostore.com\\\/wp-content\\\/uploads\\\/2023\\\/07\\\/unro-creme-blauw-groen-mokken-en-kopjes-handgemaakt-keramiek-edited-scaled.jpg\",\"datePublished\":\"2023-07-23T16:35:24+00:00\",\"dateModified\":\"2024-08-11T10:03:53+00:00\",\"description\":\"Op zoek naar mooie moderne Portugese koffiekopjes? Kijk dan niet verder! Bestel deze prachtige kopjes direct online bij UNRO.\",\"breadcrumb\":{\"@id\":\"https:\\\/\\\/unrostore.com\\\/koffiekopjes\\\/#breadcrumb\"},\"inLanguage\":\"de\",\"potentialAction\":[{\"@type\":\"ReadAction\",\"target\":[\"https:\\\/\\\/unrostore.com\\\/koffiekopjes\\\/\"]}]},{\"@type\":\"ImageObject\",\"inLanguage\":\"de\",\"@id\":\"https:\\\/\\\/unrostore.com\\\/koffiekopjes\\\/#primaryimage\",\"url\":\"https:\\\/\\\/unrostore.com\\\/wp-content\\\/uploads\\\/2023\\\/07\\\/unro-creme-blauw-groen-mokken-en-kopjes-handgemaakt-keramiek-edited-scaled.jpg\",\"contentUrl\":\"https:\\\/\\\/unrostore.com\\\/wp-content\\\/uploads\\\/2023\\\/07\\\/unro-creme-blauw-groen-mokken-en-kopjes-handgemaakt-keramiek-edited-scaled.jpg\"},{\"@type\":\"BreadcrumbList\",\"@id\":\"https:\\\/\\\/unrostore.com\\\/koffiekopjes\\\/#breadcrumb\",\"itemListElement\":[{\"@type\":\"ListItem\",\"position\":1,\"name\":\"Home\",\"item\":\"https:\\\/\\\/unrostore.com\\\/\"},{\"@type\":\"ListItem\",\"position\":2,\"name\":\"Koffiekopjes\"}]},{\"@type\":\"WebSite\",\"@id\":\"https:\\\/\\\/unrostore.com\\\/#website\",\"url\":\"https:\\\/\\\/unrostore.com\\\/\",\"name\":\"UNRO\",\"description\":\"Portugees servies waar je blij van wordt!\",\"publisher\":{\"@id\":\"https:\\\/\\\/unrostore.com\\\/#organization\"},\"potentialAction\":[{\"@type\":\"SearchAction\",\"target\":{\"@type\":\"EntryPoint\",\"urlTemplate\":\"https:\\\/\\\/unrostore.com\\\/?s={search_term_string}\"},\"query-input\":{\"@type\":\"PropertyValueSpecification\",\"valueRequired\":true,\"valueName\":\"search_term_string\"}}],\"inLanguage\":\"de\"},{\"@type\":\"Organization\",\"@id\":\"https:\\\/\\\/unrostore.com\\\/#organization\",\"name\":\"UNRO\",\"url\":\"https:\\\/\\\/unrostore.com\\\/\",\"logo\":{\"@type\":\"ImageObject\",\"inLanguage\":\"de\",\"@id\":\"https:\\\/\\\/unrostore.com\\\/#\\\/schema\\\/logo\\\/image\\\/\",\"url\":\"https:\\\/\\\/unrostore.com\\\/wp-content\\\/uploads\\\/2022\\\/05\\\/Logo-UNRO.png\",\"contentUrl\":\"https:\\\/\\\/unrostore.com\\\/wp-content\\\/uploads\\\/2022\\\/05\\\/Logo-UNRO.png\",\"width\":605,\"height\":179,\"caption\":\"UNRO\"},\"image\":{\"@id\":\"https:\\\/\\\/unrostore.com\\\/#\\\/schema\\\/logo\\\/image\\\/\"}}]}<\/script>\n<!-- \/ Yoast SEO plugin. -->","yoast_head_json":{"title":"Kaffeetassen - UNRO","description":"Suchen Sie nach sch\u00f6nen modernen portugiesischen Kaffeetassen? Dann suchen Sie nicht weiter! Bestellen Sie diese sch\u00f6nen Tassen direkt online bei UNRO.","robots":{"index":"index","follow":"follow","max-snippet":"max-snippet:-1","max-image-preview":"max-image-preview:large","max-video-preview":"max-video-preview:-1"},"canonical":"https:\/\/unrostore.com\/de-de\/kaffeetassen\/","og_locale":"de_DE","og_type":"article","og_title":"Koffiekopjes &#8226; UNRO","og_description":"Op zoek naar mooie moderne Portugese koffiekopjes? Kijk dan niet verder! Bestel deze prachtige kopjes direct online bij UNRO.","og_url":"https:\/\/unrostore.com\/de-de\/kaffeetassen\/","og_site_name":"UNRO","article_modified_time":"2024-08-11T10:03:53+00:00","og_image":[{"url":"https:\/\/unrostore.com\/wp-content\/uploads\/2023\/07\/unro-creme-blauw-groen-mokken-en-kopjes-handgemaakt-keramiek-edited-scaled.jpg","type":"","width":"","height":""}],"twitter_card":"summary_large_image","schema":{"@context":"https:\/\/schema.org","@graph":[{"@type":"WebPage","@id":"https:\/\/unrostore.com\/koffiekopjes\/","url":"https:\/\/unrostore.com\/koffiekopjes\/","name":"Kaffeetassen - UNRO","isPartOf":{"@id":"https:\/\/unrostore.com\/#website"},"primaryImageOfPage":{"@id":"https:\/\/unrostore.com\/koffiekopjes\/#primaryimage"},"image":{"@id":"https:\/\/unrostore.com\/koffiekopjes\/#primaryimage"},"thumbnailUrl":"https:\/\/unrostore.com\/wp-content\/uploads\/2023\/07\/unro-creme-blauw-groen-mokken-en-kopjes-handgemaakt-keramiek-edited-scaled.jpg","datePublished":"2023-07-23T16:35:24+00:00","dateModified":"2024-08-11T10:03:53+00:00","description":"Suchen Sie nach sch\u00f6nen modernen portugiesischen Kaffeetassen? Dann suchen Sie nicht weiter! Bestellen Sie diese sch\u00f6nen Tassen direkt online bei UNRO.","breadcrumb":{"@id":"https:\/\/unrostore.com\/koffiekopjes\/#breadcrumb"},"inLanguage":"de","potentialAction":[{"@type":"ReadAction","target":["https:\/\/unrostore.com\/koffiekopjes\/"]}]},{"@type":"ImageObject","inLanguage":"de","@id":"https:\/\/unrostore.com\/koffiekopjes\/#primaryimage","url":"https:\/\/unrostore.com\/wp-content\/uploads\/2023\/07\/unro-creme-blauw-groen-mokken-en-kopjes-handgemaakt-keramiek-edited-scaled.jpg","contentUrl":"https:\/\/unrostore.com\/wp-content\/uploads\/2023\/07\/unro-creme-blauw-groen-mokken-en-kopjes-handgemaakt-keramiek-edited-scaled.jpg"},{"@type":"BreadcrumbList","@id":"https:\/\/unrostore.com\/koffiekopjes\/#breadcrumb","itemListElement":[{"@type":"ListItem","position":1,"name":"Home","item":"https:\/\/unrostore.com\/"},{"@type":"ListItem","position":2,"name":"Koffiekopjes"}]},{"@type":"WebSite","@id":"https:\/\/unrostore.com\/#website","url":"https:\/\/unrostore.com\/","name":"UNRO","description":"Portugiesisches Geschirr, das Sie gl\u00fccklich machen wird!","publisher":{"@id":"https:\/\/unrostore.com\/#organization"},"potentialAction":[{"@type":"SearchAction","target":{"@type":"EntryPoint","urlTemplate":"https:\/\/unrostore.com\/?s={search_term_string}"},"query-input":{"@type":"PropertyValueSpecification","valueRequired":true,"valueName":"search_term_string"}}],"inLanguage":"de"},{"@type":"Organization","@id":"https:\/\/unrostore.com\/#organization","name":"UNRO","url":"https:\/\/unrostore.com\/","logo":{"@type":"ImageObject","inLanguage":"de","@id":"https:\/\/unrostore.com\/#\/schema\/logo\/image\/","url":"https:\/\/unrostore.com\/wp-content\/uploads\/2022\/05\/Logo-UNRO.png","contentUrl":"https:\/\/unrostore.com\/wp-content\/uploads\/2022\/05\/Logo-UNRO.png","width":605,"height":179,"caption":"UNRO"},"image":{"@id":"https:\/\/unrostore.com\/#\/schema\/logo\/image\/"}}]}},"_links":{"self":[{"href":"https:\/\/unrostore.com\/de-de\/wp-json\/wp\/v2\/pages\/4951","targetHints":{"allow":["GET"]}}],"collection":[{"href":"https:\/\/unrostore.com\/de-de\/wp-json\/wp\/v2\/pages"}],"about":[{"href":"https:\/\/unrostore.com\/de-de\/wp-json\/wp\/v2\/types\/page"}],"author":[{"embeddable":true,"href":"https:\/\/unrostore.com\/de-de\/wp-json\/wp\/v2\/users\/1"}],"replies":[{"embeddable":true,"href":"https:\/\/unrostore.com\/de-de\/wp-json\/wp\/v2\/comments?post=4951"}],"version-history":[{"count":0,"href":"https:\/\/unrostore.com\/de-de\/wp-json\/wp\/v2\/pages\/4951\/revisions"}],"wp:attachment":[{"href":"https:\/\/unrostore.com\/de-de\/wp-json\/wp\/v2\/media?parent=4951"}],"curies":[{"name":"wp","href":"https:\/\/api.w.org\/{rel}","templated":true}]}}