{"id":1084,"date":"2022-05-07T13:50:04","date_gmt":"2022-05-07T13:50:04","guid":{"rendered":"https:\/\/unrostore.com\/?page_id=1084"},"modified":"2026-03-31T15:19:09","modified_gmt":"2026-03-31T15:19:09","slug":"garantie","status":"publish","type":"page","link":"https:\/\/unrostore.com\/de-de\/garantie\/","title":{"rendered":"Garantie"},"content":{"rendered":"<div style=\"height:5px\" aria-hidden=\"true\" class=\"wp-block-spacer\"><\/div>\n\n\n\n<div style=\"height:5px\" aria-hidden=\"true\" class=\"wp-block-spacer\"><\/div>\n\n\n\n<h2 class=\"wp-block-heading has-text-align-center has-text-color\" style=\"color:#5a5958\">Garantie & Klachtenafhandeling<\/h2>\n\n\n\n<div style=\"height:5px\" aria-hidden=\"true\" class=\"wp-block-spacer\"><\/div>\n\n\n\n<div class=\"wp-block-group\"><div class=\"wp-block-group__inner-container is-layout-flow wp-block-group-is-layout-flow\">\n<div class=\"wp-block-media-text alignfull has-media-on-the-right is-stacked-on-mobile is-image-fill-element has-background\" style=\"background-color:#f7f4f2;grid-template-columns:auto 55%\"><div class=\"wp-block-media-text__content\">\n<h2 class=\"wp-block-heading has-text-color\" style=\"color:#121212\">Good to know\u2026<\/h2>\n\n\n\n<p>Unsere Produkte werden mit \u00e4u\u00dferster Sorgfalt verpackt, transportiert und an Ihre T\u00fcr geliefert. Nat\u00fcrlich kann es passieren, dass Ihren Produkten etwas zust\u00f6\u00dft. Im Leben kann alles anders kommen. Aber keine Sorge! Im Falle eines Mangels k\u00f6nnen Sie die Garantie in Anspruch nehmen.<\/p>\n\n\n\n<p>Wenn Sie diesen Mangel entdeckt haben, m\u00fcssen Sie ihn uns innerhalb einer angemessenen Frist melden, damit wir unverz\u00fcglich Ma\u00dfnahmen ergreifen k\u00f6nnen. Eine angemessene Frist ist in jedem Fall innerhalb von 24 Stunden nach der Lieferung.  Wenn Sie sich rechtzeitig mit uns in Verbindung setzen, werden wir nach Pr\u00fcfung gemeinsam nach einer geeigneten L\u00f6sung f\u00fcr Sie suchen. Mail an: <a href=\"mailto:support@unrostore.com\">support@unrostore.com<\/a>.<\/p>\n<\/div><figure class=\"wp-block-media-text__media\"><img loading=\"lazy\" decoding=\"async\" width=\"1024\" height=\"683\" src=\"https:\/\/unrostore.com\/wp-content\/uploads\/2022\/10\/unr-portugees-servies-terrafina-coffee-serviesset-1024x683.jpg\" alt=\"\" class=\"wp-image-2359 size-large\" style=\"object-position:50% 50%\" srcset=\"https:\/\/unrostore.com\/wp-content\/uploads\/2022\/10\/unr-portugees-servies-terrafina-coffee-serviesset-1024x683.jpg 1024w, https:\/\/unrostore.com\/wp-content\/uploads\/2022\/10\/unr-portugees-servies-terrafina-coffee-serviesset-1000x667.jpg 1000w, https:\/\/unrostore.com\/wp-content\/uploads\/2022\/10\/unr-portugees-servies-terrafina-coffee-serviesset-300x200.jpg 300w, https:\/\/unrostore.com\/wp-content\/uploads\/2022\/10\/unr-portugees-servies-terrafina-coffee-serviesset-768x512.jpg 768w, https:\/\/unrostore.com\/wp-content\/uploads\/2022\/10\/unr-portugees-servies-terrafina-coffee-serviesset-20x12.jpg 20w\" sizes=\"auto, (max-width: 1024px) 100vw, 1024px\" \/><\/figure><\/div>\n\n\n\n<div style=\"height:75px\" aria-hidden=\"true\" class=\"wp-block-spacer\"><\/div>\n\n\n\n<div class=\"wp-block-media-text alignfull is-stacked-on-mobile is-vertically-aligned-center is-image-fill-element has-background\" style=\"background-color:#f7f4f2;grid-template-columns:55% auto\"><figure class=\"wp-block-media-text__media\"><img loading=\"lazy\" decoding=\"async\" width=\"859\" height=\"517\" src=\"https:\/\/unrostore.com\/wp-content\/uploads\/2022\/10\/unro-portugees-servies-terrafina-coffee-servies-set.jpg\" alt=\"\" class=\"wp-image-2361 size-large\" style=\"object-position:50% 50%\" srcset=\"https:\/\/unrostore.com\/wp-content\/uploads\/2022\/10\/unro-portugees-servies-terrafina-coffee-servies-set.jpg 859w, https:\/\/unrostore.com\/wp-content\/uploads\/2022\/10\/unro-portugees-servies-terrafina-coffee-servies-set-300x181.jpg 300w, https:\/\/unrostore.com\/wp-content\/uploads\/2022\/10\/unro-portugees-servies-terrafina-coffee-servies-set-768x462.jpg 768w, https:\/\/unrostore.com\/wp-content\/uploads\/2022\/10\/unro-portugees-servies-terrafina-coffee-servies-set-20x12.jpg 20w, https:\/\/unrostore.com\/wp-content\/uploads\/2022\/10\/unro-portugees-servies-terrafina-coffee-servies-set-750x451.jpg 750w\" sizes=\"auto, (max-width: 859px) 100vw, 859px\" \/><\/figure><div class=\"wp-block-media-text__content\">\n<h2 class=\"wp-block-heading has-text-color\" style=\"color:#121212\">Wollen Sie sich beschweren?<\/h2>\n\n\n\n<p>Wir werden immer unser Bestes geben und das bestm\u00f6gliche Produkt liefern. Leider kann es nat\u00fcrlich vorkommen, dass Sie eine Reklamation haben. Sie k\u00f6nnen uns daf\u00fcr \u00fcber die folgende Mailadresse kontaktieren: <a href=\"mailto:support@unrostore.com\">support@unrostore.com<\/a>. Na ontvangst van jouw klacht ontvang je van ons een bevestiging. Wij streven ernaar om je klacht binnen 14 dagen inhoudelijk te beantwoorden. Mocht er meer tijd nodig zijn, dan informeren wij je hierover.<\/p>\n\n\n\n<p>We raden je aan om ook onze FAQ-pagina te bekijken om te zien of jouw vraag daar al wordt beantwoord.<\/p>\n\n\n\n<p>Leidt dit niet tot een oplossing, dan ontstaat een geschil dat vatbaar is voor de geschillenregeling.<\/p>\n\n\n\n<p>Ab dem 15. Februar 2016 k\u00f6nnen Verbraucher in der EU Beschwerden auch \u00fcber die OS-Plattform der Europ\u00e4ischen Kommission einreichen. Diese OS-Plattform ist zu finden unter <a href=\"http:\/\/ec.europa.eu\/odr\">http:\/\/ec.europa.eu\/odr<\/a>. Wanneer jouw klacht nog niet elders in behandeling is, staat het je vrij om jouw klacht via dit platform in te dienen.<\/p>\n<\/div><\/div>\n<\/div><\/div>\n\n\n\n<div style=\"height:50px\" aria-hidden=\"true\" class=\"wp-block-spacer\"><\/div>","protected":false},"excerpt":{"rendered":"<p>Garantie &amp; Reklamationsbearbeitung Gut zu wissen... Unsere Produkte werden mit gr\u00f6\u00dfter Sorgfalt verpackt, transportiert und zu Ihnen nach Hause geliefert. Nat\u00fcrlich kann es passieren, dass mit Ihren Produkten etwas nicht in Ordnung ist. Im Leben kann alles anders kommen. Aber keine Sorge! Denn im Falle eines Defekts k\u00f6nnen Sie die Garantie in Anspruch...<\/p>","protected":false},"author":1,"featured_media":0,"parent":0,"menu_order":0,"comment_status":"closed","ping_status":"closed","template":"","meta":{"footnotes":""},"class_list":["post-1084","page","type-page","status-publish","hentry"],"yoast_head":"<!-- This site is optimized with the Yoast SEO plugin v27.5 - https:\/\/yoast.com\/product\/yoast-seo-wordpress\/ -->\n<title>Garantie &#8226; UNRO<\/title>\n<meta name=\"description\" content=\"Hier kun je alles vinden over ons garantiebeleid en over onze klachtenafhandeling.\" \/>\n<meta name=\"robots\" content=\"index, follow, max-snippet:-1, max-image-preview:large, max-video-preview:-1\" \/>\n<link rel=\"canonical\" href=\"https:\/\/unrostore.com\/de-de\/garantie\/\" \/>\n<meta property=\"og:locale\" content=\"de_DE\" \/>\n<meta property=\"og:type\" content=\"article\" \/>\n<meta property=\"og:title\" content=\"Garantie &#8226; UNRO\" \/>\n<meta property=\"og:description\" content=\"Hier kun je alles vinden over ons garantiebeleid en over onze klachtenafhandeling.\" \/>\n<meta property=\"og:url\" content=\"https:\/\/unrostore.com\/de-de\/garantie\/\" \/>\n<meta property=\"og:site_name\" content=\"UNRO\" \/>\n<meta property=\"article:modified_time\" content=\"2026-03-31T15:19:09+00:00\" \/>\n<meta property=\"og:image\" content=\"https:\/\/unrostore.com\/wp-content\/uploads\/2022\/10\/unr-portugees-servies-terrafina-coffee-serviesset.jpg\" \/>\n\t<meta property=\"og:image:width\" content=\"1155\" \/>\n\t<meta property=\"og:image:height\" content=\"770\" \/>\n\t<meta property=\"og:image:type\" content=\"image\/jpeg\" \/>\n<meta name=\"twitter:card\" content=\"summary_large_image\" \/>\n<script type=\"application\/ld+json\" class=\"yoast-schema-graph\">{\"@context\":\"https:\\\/\\\/schema.org\",\"@graph\":[{\"@type\":\"WebPage\",\"@id\":\"https:\\\/\\\/unrostore.com\\\/garantie\\\/\",\"url\":\"https:\\\/\\\/unrostore.com\\\/garantie\\\/\",\"name\":\"Garantie &#8226; UNRO\",\"isPartOf\":{\"@id\":\"https:\\\/\\\/unrostore.com\\\/#website\"},\"primaryImageOfPage\":{\"@id\":\"https:\\\/\\\/unrostore.com\\\/garantie\\\/#primaryimage\"},\"image\":{\"@id\":\"https:\\\/\\\/unrostore.com\\\/garantie\\\/#primaryimage\"},\"thumbnailUrl\":\"https:\\\/\\\/unrostore.com\\\/wp-content\\\/uploads\\\/2022\\\/10\\\/unr-portugees-servies-terrafina-coffee-serviesset-1024x683.jpg\",\"datePublished\":\"2022-05-07T13:50:04+00:00\",\"dateModified\":\"2026-03-31T15:19:09+00:00\",\"description\":\"Hier kun je alles vinden over ons garantiebeleid en over onze klachtenafhandeling.\",\"breadcrumb\":{\"@id\":\"https:\\\/\\\/unrostore.com\\\/garantie\\\/#breadcrumb\"},\"inLanguage\":\"de\",\"potentialAction\":[{\"@type\":\"ReadAction\",\"target\":[\"https:\\\/\\\/unrostore.com\\\/garantie\\\/\"]}]},{\"@type\":\"ImageObject\",\"inLanguage\":\"de\",\"@id\":\"https:\\\/\\\/unrostore.com\\\/garantie\\\/#primaryimage\",\"url\":\"https:\\\/\\\/unrostore.com\\\/wp-content\\\/uploads\\\/2022\\\/10\\\/unr-portugees-servies-terrafina-coffee-serviesset-1024x683.jpg\",\"contentUrl\":\"https:\\\/\\\/unrostore.com\\\/wp-content\\\/uploads\\\/2022\\\/10\\\/unr-portugees-servies-terrafina-coffee-serviesset-1024x683.jpg\"},{\"@type\":\"BreadcrumbList\",\"@id\":\"https:\\\/\\\/unrostore.com\\\/garantie\\\/#breadcrumb\",\"itemListElement\":[{\"@type\":\"ListItem\",\"position\":1,\"name\":\"Home\",\"item\":\"https:\\\/\\\/unrostore.com\\\/\"},{\"@type\":\"ListItem\",\"position\":2,\"name\":\"Garantie\"}]},{\"@type\":\"WebSite\",\"@id\":\"https:\\\/\\\/unrostore.com\\\/#website\",\"url\":\"https:\\\/\\\/unrostore.com\\\/\",\"name\":\"UNRO\",\"description\":\"Portugees servies waar je blij van wordt!\",\"publisher\":{\"@id\":\"https:\\\/\\\/unrostore.com\\\/#organization\"},\"potentialAction\":[{\"@type\":\"SearchAction\",\"target\":{\"@type\":\"EntryPoint\",\"urlTemplate\":\"https:\\\/\\\/unrostore.com\\\/?s={search_term_string}\"},\"query-input\":{\"@type\":\"PropertyValueSpecification\",\"valueRequired\":true,\"valueName\":\"search_term_string\"}}],\"inLanguage\":\"de\"},{\"@type\":\"Organization\",\"@id\":\"https:\\\/\\\/unrostore.com\\\/#organization\",\"name\":\"UNRO\",\"url\":\"https:\\\/\\\/unrostore.com\\\/\",\"logo\":{\"@type\":\"ImageObject\",\"inLanguage\":\"de\",\"@id\":\"https:\\\/\\\/unrostore.com\\\/#\\\/schema\\\/logo\\\/image\\\/\",\"url\":\"https:\\\/\\\/unrostore.com\\\/wp-content\\\/uploads\\\/2022\\\/05\\\/Logo-UNRO.png\",\"contentUrl\":\"https:\\\/\\\/unrostore.com\\\/wp-content\\\/uploads\\\/2022\\\/05\\\/Logo-UNRO.png\",\"width\":605,\"height\":179,\"caption\":\"UNRO\"},\"image\":{\"@id\":\"https:\\\/\\\/unrostore.com\\\/#\\\/schema\\\/logo\\\/image\\\/\"}}]}<\/script>\n<!-- \/ Yoast SEO plugin. -->","yoast_head_json":{"title":"Garantie - UNRO","description":"Hier finden Sie alles \u00fcber unsere Garantiepolitik und Reklamationsbearbeitung.","robots":{"index":"index","follow":"follow","max-snippet":"max-snippet:-1","max-image-preview":"max-image-preview:large","max-video-preview":"max-video-preview:-1"},"canonical":"https:\/\/unrostore.com\/de-de\/garantie\/","og_locale":"de_DE","og_type":"article","og_title":"Garantie &#8226; UNRO","og_description":"Hier kun je alles vinden over ons garantiebeleid en over onze klachtenafhandeling.","og_url":"https:\/\/unrostore.com\/de-de\/garantie\/","og_site_name":"UNRO","article_modified_time":"2026-03-31T15:19:09+00:00","og_image":[{"width":1155,"height":770,"url":"https:\/\/unrostore.com\/wp-content\/uploads\/2022\/10\/unr-portugees-servies-terrafina-coffee-serviesset.jpg","type":"image\/jpeg"}],"twitter_card":"summary_large_image","schema":{"@context":"https:\/\/schema.org","@graph":[{"@type":"WebPage","@id":"https:\/\/unrostore.com\/garantie\/","url":"https:\/\/unrostore.com\/garantie\/","name":"Garantie - UNRO","isPartOf":{"@id":"https:\/\/unrostore.com\/#website"},"primaryImageOfPage":{"@id":"https:\/\/unrostore.com\/garantie\/#primaryimage"},"image":{"@id":"https:\/\/unrostore.com\/garantie\/#primaryimage"},"thumbnailUrl":"https:\/\/unrostore.com\/wp-content\/uploads\/2022\/10\/unr-portugees-servies-terrafina-coffee-serviesset-1024x683.jpg","datePublished":"2022-05-07T13:50:04+00:00","dateModified":"2026-03-31T15:19:09+00:00","description":"Hier finden Sie alles \u00fcber unsere Garantiepolitik und Reklamationsbearbeitung.","breadcrumb":{"@id":"https:\/\/unrostore.com\/garantie\/#breadcrumb"},"inLanguage":"de","potentialAction":[{"@type":"ReadAction","target":["https:\/\/unrostore.com\/garantie\/"]}]},{"@type":"ImageObject","inLanguage":"de","@id":"https:\/\/unrostore.com\/garantie\/#primaryimage","url":"https:\/\/unrostore.com\/wp-content\/uploads\/2022\/10\/unr-portugees-servies-terrafina-coffee-serviesset-1024x683.jpg","contentUrl":"https:\/\/unrostore.com\/wp-content\/uploads\/2022\/10\/unr-portugees-servies-terrafina-coffee-serviesset-1024x683.jpg"},{"@type":"BreadcrumbList","@id":"https:\/\/unrostore.com\/garantie\/#breadcrumb","itemListElement":[{"@type":"ListItem","position":1,"name":"Home","item":"https:\/\/unrostore.com\/"},{"@type":"ListItem","position":2,"name":"Garantie"}]},{"@type":"WebSite","@id":"https:\/\/unrostore.com\/#website","url":"https:\/\/unrostore.com\/","name":"UNRO","description":"Portugiesisches Geschirr, das Sie gl\u00fccklich machen wird!","publisher":{"@id":"https:\/\/unrostore.com\/#organization"},"potentialAction":[{"@type":"SearchAction","target":{"@type":"EntryPoint","urlTemplate":"https:\/\/unrostore.com\/?s={search_term_string}"},"query-input":{"@type":"PropertyValueSpecification","valueRequired":true,"valueName":"search_term_string"}}],"inLanguage":"de"},{"@type":"Organization","@id":"https:\/\/unrostore.com\/#organization","name":"UNRO","url":"https:\/\/unrostore.com\/","logo":{"@type":"ImageObject","inLanguage":"de","@id":"https:\/\/unrostore.com\/#\/schema\/logo\/image\/","url":"https:\/\/unrostore.com\/wp-content\/uploads\/2022\/05\/Logo-UNRO.png","contentUrl":"https:\/\/unrostore.com\/wp-content\/uploads\/2022\/05\/Logo-UNRO.png","width":605,"height":179,"caption":"UNRO"},"image":{"@id":"https:\/\/unrostore.com\/#\/schema\/logo\/image\/"}}]}},"_links":{"self":[{"href":"https:\/\/unrostore.com\/de-de\/wp-json\/wp\/v2\/pages\/1084","targetHints":{"allow":["GET"]}}],"collection":[{"href":"https:\/\/unrostore.com\/de-de\/wp-json\/wp\/v2\/pages"}],"about":[{"href":"https:\/\/unrostore.com\/de-de\/wp-json\/wp\/v2\/types\/page"}],"author":[{"embeddable":true,"href":"https:\/\/unrostore.com\/de-de\/wp-json\/wp\/v2\/users\/1"}],"replies":[{"embeddable":true,"href":"https:\/\/unrostore.com\/de-de\/wp-json\/wp\/v2\/comments?post=1084"}],"version-history":[{"count":1,"href":"https:\/\/unrostore.com\/de-de\/wp-json\/wp\/v2\/pages\/1084\/revisions"}],"predecessor-version":[{"id":9265,"href":"https:\/\/unrostore.com\/de-de\/wp-json\/wp\/v2\/pages\/1084\/revisions\/9265"}],"wp:attachment":[{"href":"https:\/\/unrostore.com\/de-de\/wp-json\/wp\/v2\/media?parent=1084"}],"curies":[{"name":"wp","href":"https:\/\/api.w.org\/{rel}","templated":true}]}}