{"id":8820,"date":"2025-01-22T21:07:55","date_gmt":"2025-01-22T21:07:55","guid":{"rendered":"https:\/\/unrostore.com\/?post_type=product&#038;p=8820"},"modified":"2026-01-19T20:36:04","modified_gmt":"2026-01-19T20:36:04","slug":"schwarzer-cappuccino-becher-350-ml-schwarzer-stein","status":"publish","type":"product","link":"https:\/\/unrostore.com\/de-at\/shop\/terrafina\/schwarzes-geschirr-schwarzer-stein-2\/schwarzer-cappuccino-becher-350-ml-schwarzer-stein\/","title":{"rendered":"Schwarzer Cappuccino-Becher 350 ml - Black Stone"},"content":{"rendered":"<h3>Die perfekte runde schwarze Cappuccinotasse aus Portugal<\/h3>\n<p>Die<strong> Schwarzer Cappuccino-Becher<\/strong> Black Stone von <a href=\"https:\/\/www.terrafinastore.com\/en\/collections\/amazonia\">Terrafina<\/a> sieht in Ihrer Einrichtung mit neutralen T\u00f6nen luxuri\u00f6s und schick aus. Die bauchigen Rundungen des Bechers und das Ohr an der Seite sorgen f\u00fcr zus\u00e4tzlichen Trinkkomfort. Diese schwarze Tasse ist eine Augenweide und wird zu Ihrer neuen Lieblingstasse werden. Au\u00dferdem ist diese schwarze Teetasse ein sch\u00f6ner Geschenktipp f\u00fcr M\u00e4nner und Frauen. So wird die schwarze Tasse in einer sch\u00f6nen Geschenkbox geliefert. Kombinieren Sie die schwarze Cappuccinotasse mit der <a href=\"https:\/\/unrostore.com\/de-at\/shop\/terrafina\/schwarzes-geschirr-schwarzer-stein-2\/schwarze-fruhstucksteller-schwarzer-stein-4-stuck\/\"><span style=\"text-decoration: underline;\">Fr\u00fchst\u00fccksteller<\/span><\/a> oder <a href=\"https:\/\/unrostore.com\/de-at\/shop\/dekoration-2\/vasen\/schwarzer-krug-schwarzer-stein\/\"><span style=\"text-decoration: underline;\">Wasserkrug<\/span><\/a> Aus der gleichen Kollektion Black Stone.<\/p>\n<p>&nbsp;<\/p>\n<h3>Dies ist die Anzahl der Tassen, die Sie erhalten werden<\/h3>\n<ul>\n<li>1x Black Stone Cappuccino-Becher (350ml Fassungsverm\u00f6gen)<\/li>\n<li>1x Terrafina Geschenkbox<\/li>\n<\/ul>\n<p>&nbsp;<\/p>\n<p><em><strong>Nachhaltig f\u00fcr Mensch und Umwelt:<\/strong><br \/>\nJedes Produkt ist ein Unikat, denn es wird in Handarbeit hergestellt.<br \/>\nDruck und Textur k\u00f6nnen daher leicht vom Produktfoto abweichen.<\/em><\/p>","protected":false},"excerpt":{"rendered":"<div class=\"usps\"><i class=\"far fa-check-circle\"><\/i> Mikrowellenfest<br \/>\n<i class=\"far fa-check-circle\"><\/i> Backofenfest (bis zu 200 Grad)<br \/>\n<i class=\"far fa-check-circle\"><\/i> Sp\u00fclmaschinentauglich<br \/>\n<i class=\"far fa-thumbs-up\"><\/i> Handgefertigt<\/div>","protected":false},"featured_media":8821,"template":"","meta":[],"product_brand":[],"product_cat":[869,316,132,870,119,384],"product_tag":[380,943,993,635,123,1057,933,383,1055,1056,1054],"class_list":{"0":"post-8820","1":"product","2":"type-product","3":"status-publish","4":"has-post-thumbnail","6":"product_cat-unro-cadeautips","7":"product_cat-cappuccino-mokken","8":"product_cat-kopjes-en-mokken","9":"product_cat-unro-nieuw-portugees-servies","10":"product_cat-terrafina","11":"product_cat-zwart-servies-black-stone","12":"product_tag-black-stone","13":"product_tag-cappuccino-mok","14":"product_tag-koffiekopje","15":"product_tag-koffiemok","16":"product_tag-terrafina","17":"product_tag-theekopje","18":"product_tag-theemok","19":"product_tag-zwart","20":"product_tag-zwart-kopje","21":"product_tag-zwarte-kop","22":"product_tag-zwarte-mok","24":"first","25":"instock","26":"sale","27":"taxable","28":"shipping-taxable","29":"purchasable","30":"product-type-simple"},"yoast_head":"<!-- This site is optimized with the Yoast SEO plugin v27.4 - https:\/\/yoast.com\/product\/yoast-seo-wordpress\/ -->\n<title>Zwarte Cappuccino Mok 350 ml - Black Stone &#8226; UNRO<\/title>\n<meta name=\"description\" content=\"Deze zwarte cappuccino mok uit Portugal met organische ronde vormen wordt jouw nieuwe favoriete mok, geniet extra van jouw dagelijkse kopje koffie of thee!\" \/>\n<meta name=\"robots\" content=\"index, follow, max-snippet:-1, max-image-preview:large, max-video-preview:-1\" \/>\n<link rel=\"canonical\" href=\"https:\/\/unrostore.com\/de-at\/shop\/terrafina\/schwarzes-geschirr-schwarzer-stein-2\/schwarzer-cappuccino-becher-350-ml-schwarzer-stein\/\" \/>\n<meta property=\"og:locale\" content=\"de_DE\" \/>\n<meta property=\"og:type\" content=\"article\" \/>\n<meta property=\"og:title\" content=\"Zwarte Cappuccino Mok 350 ml - Black Stone &#8226; UNRO\" \/>\n<meta property=\"og:description\" content=\"Deze zwarte cappuccino mok uit Portugal met organische ronde vormen wordt jouw nieuwe favoriete mok, geniet extra van jouw dagelijkse kopje koffie of thee!\" \/>\n<meta property=\"og:url\" content=\"https:\/\/unrostore.com\/de-at\/shop\/terrafina\/schwarzes-geschirr-schwarzer-stein-2\/schwarzer-cappuccino-becher-350-ml-schwarzer-stein\/\" \/>\n<meta property=\"og:site_name\" content=\"UNRO\" \/>\n<meta property=\"article:modified_time\" content=\"2026-01-19T20:36:04+00:00\" \/>\n<meta property=\"og:image\" content=\"https:\/\/unrostore.com\/wp-content\/uploads\/2025\/01\/unro-zwarte-mok-black-stone-portugees-servies.webp\" \/>\n\t<meta property=\"og:image:width\" content=\"1000\" \/>\n\t<meta property=\"og:image:height\" content=\"1000\" \/>\n\t<meta property=\"og:image:type\" content=\"image\/webp\" \/>\n<meta name=\"twitter:card\" content=\"summary_large_image\" \/>\n<script type=\"application\/ld+json\" class=\"yoast-schema-graph\">{\"@context\":\"https:\\\/\\\/schema.org\",\"@graph\":[{\"@type\":\"WebPage\",\"@id\":\"https:\\\/\\\/unrostore.com\\\/shop\\\/terrafina\\\/zwart-servies-black-stone\\\/zwarte-cappuccino-mok-350-ml-black-stone\\\/\",\"url\":\"https:\\\/\\\/unrostore.com\\\/shop\\\/terrafina\\\/zwart-servies-black-stone\\\/zwarte-cappuccino-mok-350-ml-black-stone\\\/\",\"name\":\"Zwarte Cappuccino Mok 350 ml - Black Stone &#8226; UNRO\",\"isPartOf\":{\"@id\":\"https:\\\/\\\/unrostore.com\\\/#website\"},\"primaryImageOfPage\":{\"@id\":\"https:\\\/\\\/unrostore.com\\\/shop\\\/terrafina\\\/zwart-servies-black-stone\\\/zwarte-cappuccino-mok-350-ml-black-stone\\\/#primaryimage\"},\"image\":{\"@id\":\"https:\\\/\\\/unrostore.com\\\/shop\\\/terrafina\\\/zwart-servies-black-stone\\\/zwarte-cappuccino-mok-350-ml-black-stone\\\/#primaryimage\"},\"thumbnailUrl\":\"https:\\\/\\\/unrostore.com\\\/wp-content\\\/uploads\\\/2025\\\/01\\\/unro-zwarte-mok-black-stone-portugees-servies.webp\",\"datePublished\":\"2025-01-22T21:07:55+00:00\",\"dateModified\":\"2026-01-19T20:36:04+00:00\",\"description\":\"Deze zwarte cappuccino mok uit Portugal met organische ronde vormen wordt jouw nieuwe favoriete mok, geniet extra van jouw dagelijkse kopje koffie of thee!\",\"breadcrumb\":{\"@id\":\"https:\\\/\\\/unrostore.com\\\/shop\\\/terrafina\\\/zwart-servies-black-stone\\\/zwarte-cappuccino-mok-350-ml-black-stone\\\/#breadcrumb\"},\"inLanguage\":\"de-AT\",\"potentialAction\":[{\"@type\":\"ReadAction\",\"target\":[\"https:\\\/\\\/unrostore.com\\\/shop\\\/terrafina\\\/zwart-servies-black-stone\\\/zwarte-cappuccino-mok-350-ml-black-stone\\\/\"]}]},{\"@type\":\"ImageObject\",\"inLanguage\":\"de-AT\",\"@id\":\"https:\\\/\\\/unrostore.com\\\/shop\\\/terrafina\\\/zwart-servies-black-stone\\\/zwarte-cappuccino-mok-350-ml-black-stone\\\/#primaryimage\",\"url\":\"https:\\\/\\\/unrostore.com\\\/wp-content\\\/uploads\\\/2025\\\/01\\\/unro-zwarte-mok-black-stone-portugees-servies.webp\",\"contentUrl\":\"https:\\\/\\\/unrostore.com\\\/wp-content\\\/uploads\\\/2025\\\/01\\\/unro-zwarte-mok-black-stone-portugees-servies.webp\",\"width\":1000,\"height\":1000,\"caption\":\"zwarte cappuccino mok\"},{\"@type\":\"BreadcrumbList\",\"@id\":\"https:\\\/\\\/unrostore.com\\\/shop\\\/terrafina\\\/zwart-servies-black-stone\\\/zwarte-cappuccino-mok-350-ml-black-stone\\\/#breadcrumb\",\"itemListElement\":[{\"@type\":\"ListItem\",\"position\":1,\"name\":\"Home\",\"item\":\"https:\\\/\\\/unrostore.com\\\/\"},{\"@type\":\"ListItem\",\"position\":2,\"name\":\"Shop\",\"item\":\"https:\\\/\\\/unrostore.com\\\/shop\\\/\"},{\"@type\":\"ListItem\",\"position\":3,\"name\":\"Zwarte Cappuccino Mok 350 ml &#8211; Black Stone\"}]},{\"@type\":\"WebSite\",\"@id\":\"https:\\\/\\\/unrostore.com\\\/#website\",\"url\":\"https:\\\/\\\/unrostore.com\\\/\",\"name\":\"UNRO\",\"description\":\"Portugees servies waar je blij van wordt!\",\"publisher\":{\"@id\":\"https:\\\/\\\/unrostore.com\\\/#organization\"},\"potentialAction\":[{\"@type\":\"SearchAction\",\"target\":{\"@type\":\"EntryPoint\",\"urlTemplate\":\"https:\\\/\\\/unrostore.com\\\/?s={search_term_string}\"},\"query-input\":{\"@type\":\"PropertyValueSpecification\",\"valueRequired\":true,\"valueName\":\"search_term_string\"}}],\"inLanguage\":\"de-AT\"},{\"@type\":\"Organization\",\"@id\":\"https:\\\/\\\/unrostore.com\\\/#organization\",\"name\":\"UNRO\",\"url\":\"https:\\\/\\\/unrostore.com\\\/\",\"logo\":{\"@type\":\"ImageObject\",\"inLanguage\":\"de-AT\",\"@id\":\"https:\\\/\\\/unrostore.com\\\/#\\\/schema\\\/logo\\\/image\\\/\",\"url\":\"https:\\\/\\\/unrostore.com\\\/wp-content\\\/uploads\\\/2022\\\/05\\\/Logo-UNRO.png\",\"contentUrl\":\"https:\\\/\\\/unrostore.com\\\/wp-content\\\/uploads\\\/2022\\\/05\\\/Logo-UNRO.png\",\"width\":605,\"height\":179,\"caption\":\"UNRO\"},\"image\":{\"@id\":\"https:\\\/\\\/unrostore.com\\\/#\\\/schema\\\/logo\\\/image\\\/\"}}]}<\/script>\n<!-- \/ Yoast SEO plugin. -->","yoast_head_json":{"title":"Schwarzer Cappuccino-Becher 350 ml - Schwarzer Stein - UNRO","description":"Diese schwarze Cappuccinotasse aus Portugal mit organischen runden Formen wird Ihre neue Lieblingstasse werden, genie\u00dfen Sie Ihre t\u00e4gliche Tasse Kaffee oder Tee extra!","robots":{"index":"index","follow":"follow","max-snippet":"max-snippet:-1","max-image-preview":"max-image-preview:large","max-video-preview":"max-video-preview:-1"},"canonical":"https:\/\/unrostore.com\/de-at\/shop\/terrafina\/schwarzes-geschirr-schwarzer-stein-2\/schwarzer-cappuccino-becher-350-ml-schwarzer-stein\/","og_locale":"de_DE","og_type":"article","og_title":"Zwarte Cappuccino Mok 350 ml - Black Stone &#8226; UNRO","og_description":"Deze zwarte cappuccino mok uit Portugal met organische ronde vormen wordt jouw nieuwe favoriete mok, geniet extra van jouw dagelijkse kopje koffie of thee!","og_url":"https:\/\/unrostore.com\/de-at\/shop\/terrafina\/schwarzes-geschirr-schwarzer-stein-2\/schwarzer-cappuccino-becher-350-ml-schwarzer-stein\/","og_site_name":"UNRO","article_modified_time":"2026-01-19T20:36:04+00:00","og_image":[{"width":1000,"height":1000,"url":"https:\/\/unrostore.com\/wp-content\/uploads\/2025\/01\/unro-zwarte-mok-black-stone-portugees-servies.webp","type":"image\/webp"}],"twitter_card":"summary_large_image","schema":{"@context":"https:\/\/schema.org","@graph":[{"@type":"WebPage","@id":"https:\/\/unrostore.com\/shop\/terrafina\/zwart-servies-black-stone\/zwarte-cappuccino-mok-350-ml-black-stone\/","url":"https:\/\/unrostore.com\/shop\/terrafina\/zwart-servies-black-stone\/zwarte-cappuccino-mok-350-ml-black-stone\/","name":"Schwarzer Cappuccino-Becher 350 ml - Schwarzer Stein - UNRO","isPartOf":{"@id":"https:\/\/unrostore.com\/#website"},"primaryImageOfPage":{"@id":"https:\/\/unrostore.com\/shop\/terrafina\/zwart-servies-black-stone\/zwarte-cappuccino-mok-350-ml-black-stone\/#primaryimage"},"image":{"@id":"https:\/\/unrostore.com\/shop\/terrafina\/zwart-servies-black-stone\/zwarte-cappuccino-mok-350-ml-black-stone\/#primaryimage"},"thumbnailUrl":"https:\/\/unrostore.com\/wp-content\/uploads\/2025\/01\/unro-zwarte-mok-black-stone-portugees-servies.webp","datePublished":"2025-01-22T21:07:55+00:00","dateModified":"2026-01-19T20:36:04+00:00","description":"Diese schwarze Cappuccinotasse aus Portugal mit organischen runden Formen wird Ihre neue Lieblingstasse werden, genie\u00dfen Sie Ihre t\u00e4gliche Tasse Kaffee oder Tee extra!","breadcrumb":{"@id":"https:\/\/unrostore.com\/shop\/terrafina\/zwart-servies-black-stone\/zwarte-cappuccino-mok-350-ml-black-stone\/#breadcrumb"},"inLanguage":"de-AT","potentialAction":[{"@type":"ReadAction","target":["https:\/\/unrostore.com\/shop\/terrafina\/zwart-servies-black-stone\/zwarte-cappuccino-mok-350-ml-black-stone\/"]}]},{"@type":"ImageObject","inLanguage":"de-AT","@id":"https:\/\/unrostore.com\/shop\/terrafina\/zwart-servies-black-stone\/zwarte-cappuccino-mok-350-ml-black-stone\/#primaryimage","url":"https:\/\/unrostore.com\/wp-content\/uploads\/2025\/01\/unro-zwarte-mok-black-stone-portugees-servies.webp","contentUrl":"https:\/\/unrostore.com\/wp-content\/uploads\/2025\/01\/unro-zwarte-mok-black-stone-portugees-servies.webp","width":1000,"height":1000,"caption":"zwarte cappuccino mok"},{"@type":"BreadcrumbList","@id":"https:\/\/unrostore.com\/shop\/terrafina\/zwart-servies-black-stone\/zwarte-cappuccino-mok-350-ml-black-stone\/#breadcrumb","itemListElement":[{"@type":"ListItem","position":1,"name":"Home","item":"https:\/\/unrostore.com\/"},{"@type":"ListItem","position":2,"name":"Shop","item":"https:\/\/unrostore.com\/shop\/"},{"@type":"ListItem","position":3,"name":"Zwarte Cappuccino Mok 350 ml &#8211; Black Stone"}]},{"@type":"WebSite","@id":"https:\/\/unrostore.com\/#website","url":"https:\/\/unrostore.com\/","name":"UNRO","description":"Portugiesisches Geschirr, das Sie gl\u00fccklich machen wird!","publisher":{"@id":"https:\/\/unrostore.com\/#organization"},"potentialAction":[{"@type":"SearchAction","target":{"@type":"EntryPoint","urlTemplate":"https:\/\/unrostore.com\/?s={search_term_string}"},"query-input":{"@type":"PropertyValueSpecification","valueRequired":true,"valueName":"search_term_string"}}],"inLanguage":"de-AT"},{"@type":"Organization","@id":"https:\/\/unrostore.com\/#organization","name":"UNRO","url":"https:\/\/unrostore.com\/","logo":{"@type":"ImageObject","inLanguage":"de-AT","@id":"https:\/\/unrostore.com\/#\/schema\/logo\/image\/","url":"https:\/\/unrostore.com\/wp-content\/uploads\/2022\/05\/Logo-UNRO.png","contentUrl":"https:\/\/unrostore.com\/wp-content\/uploads\/2022\/05\/Logo-UNRO.png","width":605,"height":179,"caption":"UNRO"},"image":{"@id":"https:\/\/unrostore.com\/#\/schema\/logo\/image\/"}}]}},"_links":{"self":[{"href":"https:\/\/unrostore.com\/de-at\/wp-json\/wp\/v2\/product\/8820","targetHints":{"allow":["GET"]}}],"collection":[{"href":"https:\/\/unrostore.com\/de-at\/wp-json\/wp\/v2\/product"}],"about":[{"href":"https:\/\/unrostore.com\/de-at\/wp-json\/wp\/v2\/types\/product"}],"wp:featuredmedia":[{"embeddable":true,"href":"https:\/\/unrostore.com\/de-at\/wp-json\/wp\/v2\/media\/8821"}],"wp:attachment":[{"href":"https:\/\/unrostore.com\/de-at\/wp-json\/wp\/v2\/media?parent=8820"}],"wp:term":[{"taxonomy":"product_brand","embeddable":true,"href":"https:\/\/unrostore.com\/de-at\/wp-json\/wp\/v2\/product_brand?post=8820"},{"taxonomy":"product_cat","embeddable":true,"href":"https:\/\/unrostore.com\/de-at\/wp-json\/wp\/v2\/product_cat?post=8820"},{"taxonomy":"product_tag","embeddable":true,"href":"https:\/\/unrostore.com\/de-at\/wp-json\/wp\/v2\/product_tag?post=8820"}],"curies":[{"name":"wp","href":"https:\/\/api.w.org\/{rel}","templated":true}]}}