{"id":8284,"date":"2024-09-25T21:20:07","date_gmt":"2024-09-25T21:20:07","guid":{"rendered":"https:\/\/unrostore.com\/?post_type=product&#038;p=8284"},"modified":"2026-01-19T20:36:26","modified_gmt":"2026-01-19T20:36:26","slug":"beige-kaffeetassen-mit-untertasse-set-viera-beige-8-stuck","status":"publish","type":"product","link":"https:\/\/unrostore.com\/de-at\/shop\/terrafina\/beige-geschirr-vieira-beige-matt-2\/beige-kaffeetassen-mit-untertasse-set-viera-beige-8-stuck\/","title":{"rendered":"Beige Kaffeetassen mit Untertasse Set Viera Beige - 8-teilig"},"content":{"rendered":"<h3>Nat\u00fcrliche beigefarbene Bio-Kaffeetasse mit Untertasse f\u00fcr eine entspannte Tasse Tee oder Kaffee!<\/h3>\n<p>Die<strong> beige Kaffeetasse und Untertasse<\/strong> Vieira Beige von <a href=\"https:\/\/www.terrafinastore.com\/en\/representatives\/unro\">Terrafina<\/a> hat eine sch\u00f6ne nat\u00fcrliche Sandfarbe mit einer gerippten Textur und organischen Formen. Lassen Sie sich von diesen lustigen, von der Jakobsmuschel inspirierten Kaffeebechern und Untertassen an den Strand entf\u00fchren. Behalten Sie das entspannte Urlaubsgef\u00fchl bei, wenn Sie Ihren Kaffee oder Tee trinken. Dieses hochwertige beigefarbene Kaffeeservice sieht nicht nur auf dem Tisch h\u00fcbsch aus, sondern macht sich auch gut in Ihrer Kaffeeecke. Die beigefarbene Sandfarbe und die organischen Formen sind eine wunderbare Erg\u00e4nzung zu Ihrer nat\u00fcrlichen und ruhigen Einrichtung. Entdecken Sie auch das passende <a href=\"https:\/\/unrostore.com\/de-at\/shop\/terrafina\/beige-geschirr-vieira-beige-matt-2\/beige-geschirr-vieira-beige-2-stuck\/\"><strong>beigefarbene Schalen<\/strong><\/a>, <a href=\"https:\/\/unrostore.com\/de-at\/shop\/tassen-und-becher\/kaffeetassen\/beiger-becher-gros-vieira-beige-1-stuck\/\"><strong>beige Einzelbecher<\/strong><\/a> und <a href=\"https:\/\/unrostore.com\/de-at\/shop\/terrafina\/beige-geschirr-vieira-beige-matt-2\/beige-essteller-vieira-beige-4-stuck\/\"><strong>beige Essteller<\/strong><\/a>.<\/p>\n<p>\u00a0<\/p>\n<h3>Dies ist die Nummer, die Sie zugestellt bekommen:<\/h3>\n<ul>\n<li>4x Vieira Beige Kaffeebecher (250 ml Fassungsverm\u00f6gen)<\/li>\n<li>4x Vieira Beige Fr\u00fchst\u00fccksteller \u00f8 22 cm<\/li>\n<li>3x Terrafina-Geschenkbox<\/li>\n<\/ul>\n<p>\u00a0<\/p>\n<p><em><strong>Duurzaam voor mens & milieu:<\/strong><br \/>\nJedes Produkt ist ein Unikat, denn es wird in Handarbeit hergestellt.<br \/>\nDruck und Textur k\u00f6nnen daher leicht vom Produktfoto abweichen.<\/em><\/p>","protected":false},"excerpt":{"rendered":"<div style=\"font-family: nunito sans; font-size: 14px; border: 1px solid #dedede; border-radius: 4px; padding: 15px 0 0 14px; margin-top: 20px; margin-bottom: 20px; width: 160px; box-shadow: 1px 1px 7px 0px rgb(0 0 0 \/ 15%), 0px 0px 2px 0px rgb(0 0 0 \/ 5%); color: #00b900;\">\n<p>Mit diesem Festpreis sparen Sie <strong>\u20ac3,-<\/strong><\/p>\n<\/div>\n<div class=\"usps\"><i class=\"far fa-check-circle\"><\/i> Mikrowellenfest<br \/>\n<i class=\"far fa-check-circle\"><\/i> Backofenfest (bis zu 200 Grad)<br \/>\n<i class=\"far fa-check-circle\"><\/i> Sp\u00fclmaschinentauglich<br \/>\n<i class=\"far fa-thumbs-up\"><\/i> Handgefertigt<\/div>","protected":false},"featured_media":8285,"template":"","meta":[],"product_brand":[],"product_cat":[982,869,1041,122,119],"product_tag":[1030,234,1000,689,1009,1007,638,626,936,297,1034,1002,637,632,937,987,299],"class_list":{"0":"post-8284","1":"product","2":"type-product","3":"status-publish","4":"has-post-thumbnail","6":"product_cat-beige-servies-vieira-beige-mat","7":"product_cat-unro-cadeautips","8":"product_cat-kopjes-en-schotels","9":"product_cat-serviesset","10":"product_cat-terrafina","11":"product_tag-afternoon-tea","12":"product_tag-beige","13":"product_tag-geribbeld","14":"product_tag-high-tea","15":"product_tag-koffie-servies","16":"product_tag-koffie-set","17":"product_tag-koffiekopjes","18":"product_tag-koffiemokken","19":"product_tag-koffieservies","20":"product_tag-mat","21":"product_tag-natuurlijk","22":"product_tag-organisch","23":"product_tag-theekopjes","24":"product_tag-theemokken","25":"product_tag-theeservies","26":"product_tag-vieira-beige","27":"product_tag-zand","29":"first","30":"instock","31":"sale","32":"taxable","33":"shipping-taxable","34":"purchasable","35":"product-type-simple"},"yoast_head":"<!-- This site is optimized with the Yoast SEO plugin v27.5 - https:\/\/yoast.com\/product\/yoast-seo-wordpress\/ -->\n<title>Beige Koffiekopjes met Schotel Set Viera Beige - 8-delig &#8226; UNRO<\/title>\n<meta name=\"description\" content=\"De beige koffiekopjes met schotel set staat mooi in elke eetkamer, keuken en woonkamer. Ontdek nu zelf het gemak en drinkplezier!\" \/>\n<meta name=\"robots\" content=\"index, follow, max-snippet:-1, max-image-preview:large, max-video-preview:-1\" \/>\n<link rel=\"canonical\" href=\"https:\/\/unrostore.com\/de-at\/shop\/terrafina\/beige-geschirr-vieira-beige-matt-2\/beige-kaffeetassen-mit-untertasse-set-viera-beige-8-stuck\/\" \/>\n<meta property=\"og:locale\" content=\"de_DE\" \/>\n<meta property=\"og:type\" content=\"article\" \/>\n<meta property=\"og:title\" content=\"Beige Koffiekopjes met Schotel Set Viera Beige - 8-delig &#8226; UNRO\" \/>\n<meta property=\"og:description\" content=\"De beige koffiekopjes met schotel set staat mooi in elke eetkamer, keuken en woonkamer. Ontdek nu zelf het gemak en drinkplezier!\" \/>\n<meta property=\"og:url\" content=\"https:\/\/unrostore.com\/de-at\/shop\/terrafina\/beige-geschirr-vieira-beige-matt-2\/beige-kaffeetassen-mit-untertasse-set-viera-beige-8-stuck\/\" \/>\n<meta property=\"og:site_name\" content=\"UNRO\" \/>\n<meta property=\"article:modified_time\" content=\"2026-01-19T20:36:26+00:00\" \/>\n<meta property=\"og:image\" content=\"https:\/\/unrostore.com\/wp-content\/uploads\/2024\/09\/unro-vieira-beige-koffieservies-set.webp\" \/>\n\t<meta property=\"og:image:width\" content=\"1000\" \/>\n\t<meta property=\"og:image:height\" content=\"1000\" \/>\n\t<meta property=\"og:image:type\" content=\"image\/webp\" \/>\n<meta name=\"twitter:card\" content=\"summary_large_image\" \/>\n<script type=\"application\/ld+json\" class=\"yoast-schema-graph\">{\"@context\":\"https:\\\/\\\/schema.org\",\"@graph\":[{\"@type\":\"WebPage\",\"@id\":\"https:\\\/\\\/unrostore.com\\\/shop\\\/terrafina\\\/beige-servies-vieira-beige-mat\\\/beige-koffiekopjes-met-schotel-set-viera-beige-8-delig\\\/\",\"url\":\"https:\\\/\\\/unrostore.com\\\/shop\\\/terrafina\\\/beige-servies-vieira-beige-mat\\\/beige-koffiekopjes-met-schotel-set-viera-beige-8-delig\\\/\",\"name\":\"Beige Koffiekopjes met Schotel Set Viera Beige - 8-delig &#8226; UNRO\",\"isPartOf\":{\"@id\":\"https:\\\/\\\/unrostore.com\\\/#website\"},\"primaryImageOfPage\":{\"@id\":\"https:\\\/\\\/unrostore.com\\\/shop\\\/terrafina\\\/beige-servies-vieira-beige-mat\\\/beige-koffiekopjes-met-schotel-set-viera-beige-8-delig\\\/#primaryimage\"},\"image\":{\"@id\":\"https:\\\/\\\/unrostore.com\\\/shop\\\/terrafina\\\/beige-servies-vieira-beige-mat\\\/beige-koffiekopjes-met-schotel-set-viera-beige-8-delig\\\/#primaryimage\"},\"thumbnailUrl\":\"https:\\\/\\\/unrostore.com\\\/wp-content\\\/uploads\\\/2024\\\/09\\\/unro-vieira-beige-koffieservies-set.webp\",\"datePublished\":\"2024-09-25T21:20:07+00:00\",\"dateModified\":\"2026-01-19T20:36:26+00:00\",\"description\":\"De beige koffiekopjes met schotel set staat mooi in elke eetkamer, keuken en woonkamer. Ontdek nu zelf het gemak en drinkplezier!\",\"breadcrumb\":{\"@id\":\"https:\\\/\\\/unrostore.com\\\/shop\\\/terrafina\\\/beige-servies-vieira-beige-mat\\\/beige-koffiekopjes-met-schotel-set-viera-beige-8-delig\\\/#breadcrumb\"},\"inLanguage\":\"de-AT\",\"potentialAction\":[{\"@type\":\"ReadAction\",\"target\":[\"https:\\\/\\\/unrostore.com\\\/shop\\\/terrafina\\\/beige-servies-vieira-beige-mat\\\/beige-koffiekopjes-met-schotel-set-viera-beige-8-delig\\\/\"]}]},{\"@type\":\"ImageObject\",\"inLanguage\":\"de-AT\",\"@id\":\"https:\\\/\\\/unrostore.com\\\/shop\\\/terrafina\\\/beige-servies-vieira-beige-mat\\\/beige-koffiekopjes-met-schotel-set-viera-beige-8-delig\\\/#primaryimage\",\"url\":\"https:\\\/\\\/unrostore.com\\\/wp-content\\\/uploads\\\/2024\\\/09\\\/unro-vieira-beige-koffieservies-set.webp\",\"contentUrl\":\"https:\\\/\\\/unrostore.com\\\/wp-content\\\/uploads\\\/2024\\\/09\\\/unro-vieira-beige-koffieservies-set.webp\",\"width\":1000,\"height\":1000,\"caption\":\"beige koffiekopjes met schotel set\"},{\"@type\":\"BreadcrumbList\",\"@id\":\"https:\\\/\\\/unrostore.com\\\/shop\\\/terrafina\\\/beige-servies-vieira-beige-mat\\\/beige-koffiekopjes-met-schotel-set-viera-beige-8-delig\\\/#breadcrumb\",\"itemListElement\":[{\"@type\":\"ListItem\",\"position\":1,\"name\":\"Home\",\"item\":\"https:\\\/\\\/unrostore.com\\\/\"},{\"@type\":\"ListItem\",\"position\":2,\"name\":\"Shop\",\"item\":\"https:\\\/\\\/unrostore.com\\\/shop\\\/\"},{\"@type\":\"ListItem\",\"position\":3,\"name\":\"Beige Koffiekopjes met Schotel Set Viera Beige &#8211; 8-delig\"}]},{\"@type\":\"WebSite\",\"@id\":\"https:\\\/\\\/unrostore.com\\\/#website\",\"url\":\"https:\\\/\\\/unrostore.com\\\/\",\"name\":\"UNRO\",\"description\":\"Portugees servies waar je blij van wordt!\",\"publisher\":{\"@id\":\"https:\\\/\\\/unrostore.com\\\/#organization\"},\"potentialAction\":[{\"@type\":\"SearchAction\",\"target\":{\"@type\":\"EntryPoint\",\"urlTemplate\":\"https:\\\/\\\/unrostore.com\\\/?s={search_term_string}\"},\"query-input\":{\"@type\":\"PropertyValueSpecification\",\"valueRequired\":true,\"valueName\":\"search_term_string\"}}],\"inLanguage\":\"de-AT\"},{\"@type\":\"Organization\",\"@id\":\"https:\\\/\\\/unrostore.com\\\/#organization\",\"name\":\"UNRO\",\"url\":\"https:\\\/\\\/unrostore.com\\\/\",\"logo\":{\"@type\":\"ImageObject\",\"inLanguage\":\"de-AT\",\"@id\":\"https:\\\/\\\/unrostore.com\\\/#\\\/schema\\\/logo\\\/image\\\/\",\"url\":\"https:\\\/\\\/unrostore.com\\\/wp-content\\\/uploads\\\/2022\\\/05\\\/Logo-UNRO.png\",\"contentUrl\":\"https:\\\/\\\/unrostore.com\\\/wp-content\\\/uploads\\\/2022\\\/05\\\/Logo-UNRO.png\",\"width\":605,\"height\":179,\"caption\":\"UNRO\"},\"image\":{\"@id\":\"https:\\\/\\\/unrostore.com\\\/#\\\/schema\\\/logo\\\/image\\\/\"}}]}<\/script>\n<!-- \/ Yoast SEO plugin. -->","yoast_head_json":{"title":"Beige Kaffeetassen mit Untertasse Set Viera Beige - 8-teilig - UNRO","description":"Das beigefarbene Set aus Kaffeetasse und Untertasse macht sich gut in jedem Esszimmer, jeder K\u00fcche und jedem Wohnzimmer. Entdecken Sie jetzt die Bequemlichkeit und den Trinkgenuss f\u00fcr sich!","robots":{"index":"index","follow":"follow","max-snippet":"max-snippet:-1","max-image-preview":"max-image-preview:large","max-video-preview":"max-video-preview:-1"},"canonical":"https:\/\/unrostore.com\/de-at\/shop\/terrafina\/beige-geschirr-vieira-beige-matt-2\/beige-kaffeetassen-mit-untertasse-set-viera-beige-8-stuck\/","og_locale":"de_DE","og_type":"article","og_title":"Beige Koffiekopjes met Schotel Set Viera Beige - 8-delig &#8226; UNRO","og_description":"De beige koffiekopjes met schotel set staat mooi in elke eetkamer, keuken en woonkamer. Ontdek nu zelf het gemak en drinkplezier!","og_url":"https:\/\/unrostore.com\/de-at\/shop\/terrafina\/beige-geschirr-vieira-beige-matt-2\/beige-kaffeetassen-mit-untertasse-set-viera-beige-8-stuck\/","og_site_name":"UNRO","article_modified_time":"2026-01-19T20:36:26+00:00","og_image":[{"width":1000,"height":1000,"url":"https:\/\/unrostore.com\/wp-content\/uploads\/2024\/09\/unro-vieira-beige-koffieservies-set.webp","type":"image\/webp"}],"twitter_card":"summary_large_image","schema":{"@context":"https:\/\/schema.org","@graph":[{"@type":"WebPage","@id":"https:\/\/unrostore.com\/shop\/terrafina\/beige-servies-vieira-beige-mat\/beige-koffiekopjes-met-schotel-set-viera-beige-8-delig\/","url":"https:\/\/unrostore.com\/shop\/terrafina\/beige-servies-vieira-beige-mat\/beige-koffiekopjes-met-schotel-set-viera-beige-8-delig\/","name":"Beige Kaffeetassen mit Untertasse Set Viera Beige - 8-teilig - UNRO","isPartOf":{"@id":"https:\/\/unrostore.com\/#website"},"primaryImageOfPage":{"@id":"https:\/\/unrostore.com\/shop\/terrafina\/beige-servies-vieira-beige-mat\/beige-koffiekopjes-met-schotel-set-viera-beige-8-delig\/#primaryimage"},"image":{"@id":"https:\/\/unrostore.com\/shop\/terrafina\/beige-servies-vieira-beige-mat\/beige-koffiekopjes-met-schotel-set-viera-beige-8-delig\/#primaryimage"},"thumbnailUrl":"https:\/\/unrostore.com\/wp-content\/uploads\/2024\/09\/unro-vieira-beige-koffieservies-set.webp","datePublished":"2024-09-25T21:20:07+00:00","dateModified":"2026-01-19T20:36:26+00:00","description":"Das beigefarbene Set aus Kaffeetasse und Untertasse macht sich gut in jedem Esszimmer, jeder K\u00fcche und jedem Wohnzimmer. Entdecken Sie jetzt die Bequemlichkeit und den Trinkgenuss f\u00fcr sich!","breadcrumb":{"@id":"https:\/\/unrostore.com\/shop\/terrafina\/beige-servies-vieira-beige-mat\/beige-koffiekopjes-met-schotel-set-viera-beige-8-delig\/#breadcrumb"},"inLanguage":"de-AT","potentialAction":[{"@type":"ReadAction","target":["https:\/\/unrostore.com\/shop\/terrafina\/beige-servies-vieira-beige-mat\/beige-koffiekopjes-met-schotel-set-viera-beige-8-delig\/"]}]},{"@type":"ImageObject","inLanguage":"de-AT","@id":"https:\/\/unrostore.com\/shop\/terrafina\/beige-servies-vieira-beige-mat\/beige-koffiekopjes-met-schotel-set-viera-beige-8-delig\/#primaryimage","url":"https:\/\/unrostore.com\/wp-content\/uploads\/2024\/09\/unro-vieira-beige-koffieservies-set.webp","contentUrl":"https:\/\/unrostore.com\/wp-content\/uploads\/2024\/09\/unro-vieira-beige-koffieservies-set.webp","width":1000,"height":1000,"caption":"beige koffiekopjes met schotel set"},{"@type":"BreadcrumbList","@id":"https:\/\/unrostore.com\/shop\/terrafina\/beige-servies-vieira-beige-mat\/beige-koffiekopjes-met-schotel-set-viera-beige-8-delig\/#breadcrumb","itemListElement":[{"@type":"ListItem","position":1,"name":"Home","item":"https:\/\/unrostore.com\/"},{"@type":"ListItem","position":2,"name":"Shop","item":"https:\/\/unrostore.com\/shop\/"},{"@type":"ListItem","position":3,"name":"Beige Koffiekopjes met Schotel Set Viera Beige &#8211; 8-delig"}]},{"@type":"WebSite","@id":"https:\/\/unrostore.com\/#website","url":"https:\/\/unrostore.com\/","name":"UNRO","description":"Portugiesisches Geschirr, das Sie gl\u00fccklich machen wird!","publisher":{"@id":"https:\/\/unrostore.com\/#organization"},"potentialAction":[{"@type":"SearchAction","target":{"@type":"EntryPoint","urlTemplate":"https:\/\/unrostore.com\/?s={search_term_string}"},"query-input":{"@type":"PropertyValueSpecification","valueRequired":true,"valueName":"search_term_string"}}],"inLanguage":"de-AT"},{"@type":"Organization","@id":"https:\/\/unrostore.com\/#organization","name":"UNRO","url":"https:\/\/unrostore.com\/","logo":{"@type":"ImageObject","inLanguage":"de-AT","@id":"https:\/\/unrostore.com\/#\/schema\/logo\/image\/","url":"https:\/\/unrostore.com\/wp-content\/uploads\/2022\/05\/Logo-UNRO.png","contentUrl":"https:\/\/unrostore.com\/wp-content\/uploads\/2022\/05\/Logo-UNRO.png","width":605,"height":179,"caption":"UNRO"},"image":{"@id":"https:\/\/unrostore.com\/#\/schema\/logo\/image\/"}}]}},"_links":{"self":[{"href":"https:\/\/unrostore.com\/de-at\/wp-json\/wp\/v2\/product\/8284","targetHints":{"allow":["GET"]}}],"collection":[{"href":"https:\/\/unrostore.com\/de-at\/wp-json\/wp\/v2\/product"}],"about":[{"href":"https:\/\/unrostore.com\/de-at\/wp-json\/wp\/v2\/types\/product"}],"wp:featuredmedia":[{"embeddable":true,"href":"https:\/\/unrostore.com\/de-at\/wp-json\/wp\/v2\/media\/8285"}],"wp:attachment":[{"href":"https:\/\/unrostore.com\/de-at\/wp-json\/wp\/v2\/media?parent=8284"}],"wp:term":[{"taxonomy":"product_brand","embeddable":true,"href":"https:\/\/unrostore.com\/de-at\/wp-json\/wp\/v2\/product_brand?post=8284"},{"taxonomy":"product_cat","embeddable":true,"href":"https:\/\/unrostore.com\/de-at\/wp-json\/wp\/v2\/product_cat?post=8284"},{"taxonomy":"product_tag","embeddable":true,"href":"https:\/\/unrostore.com\/de-at\/wp-json\/wp\/v2\/product_tag?post=8284"}],"curies":[{"name":"wp","href":"https:\/\/api.w.org\/{rel}","templated":true}]}}