{"id":7832,"date":"2024-06-12T14:57:35","date_gmt":"2024-06-12T14:57:35","guid":{"rendered":"https:\/\/unrostore.com\/?post_type=product&#038;p=7832"},"modified":"2026-01-19T20:36:27","modified_gmt":"2026-01-19T20:36:27","slug":"beige-geschirrsatz-vieira-beige-4-personen","status":"publish","type":"product","link":"https:\/\/unrostore.com\/de-at\/shop\/terrafina\/beige-geschirr-vieira-beige-matt-2\/beige-geschirrsatz-vieira-beige-4-personen\/","title":{"rendered":"Beige Tafelservice Vieira Beige - 4 Personen"},"content":{"rendered":"<h3>Beigefarbenes Geschirrset mit organischen Formen und gerippter Sandtextur<\/h3>\n<p>Die\u00a0<strong>beigefarbenes Geschirrset<\/strong>\u00a0von <a href=\"https:\/\/www.terrafinastore.com\/en\/collections\/sail\">Terrafina<\/a> hat eine sch\u00f6ne organische Form und eine gerippte Sandstruktur, die von einer Jakobsmuschel inspiriert ist. Das macht das beige Geschirr wirklich einzigartig. Dar\u00fcber hinaus hat jedes St\u00fcck beigefarbener Keramik seinen eigenen Charakter, da es in Portugal von einheimischen und erfahrenen Keramikern handgefertigt wird. Die Liebe und Leidenschaft dieser Handwerkskunst ist im Design und in der Ausf\u00fchrung dieses sandfarbenen Geschirrs zu sp\u00fcren und zu sehen, das in einem nat\u00fcrlichen Interieur mit vielen Holzt\u00f6nen und warmen T\u00f6nen sehr sch\u00f6n aussieht. Das Geschirr Vieira Beige hat ein modernes Design mit einem pers\u00f6nlichen Charakter. Dieses sch\u00f6ne, strukturierte Geschirr passt auch gut in eine l\u00e4ndliche Einrichtung. Siehe auch das passende <a href=\"https:\/\/unrostore.com\/de-at\/shop\/tassen-und-becher\/kaffeetassen\/beige-becher-vieira-beige-2-stuck\/\"><strong>beigefarbene Kaffeebecher<\/strong><\/a>, auch erh\u00e4ltlich als <a href=\"https:\/\/unrostore.com\/de-at\/shop\/tassen-und-becher\/kaffeetassen\/beiger-becher-gros-vieira-beige-1-stuck\/\"><strong>Einzelbecher sandig<\/strong><\/a>. Begr\u00fc\u00dfen Sie Ihre Freunde, Familie oder Verwandten zu Hause mit einem stilvollen Abendessen an einem sch\u00f6n gedeckten Tisch mit diesem beigen Geschirr aus Portugal!<\/p>\n<p>&nbsp;<\/p>\n<h3>Dies ist die Nummer, die Sie zugestellt bekommen:<\/h3>\n<ul>\n<li><strong>4x<\/strong> <strong>Vieira Beige<\/strong> Schale \u00f8 16 cm<\/li>\n<li><strong>4x Vieira<\/strong> <strong>Beige<\/strong> Fr\u00fchst\u00fccksteller 21 cm<\/li>\n<li><strong>4x Vieira<\/strong> <strong>Beige<\/strong> Essteller 28,5 cm<\/li>\n<li><strong>4x <\/strong>Geschenkbox von Terrafina (mit Platz f\u00fcr eine pers\u00f6nliche Nachricht)<\/li>\n<\/ul>\n<p>&nbsp;<\/p>\n<p><em><strong>Nachhaltig f\u00fcr Mensch und Umwelt:<\/strong><br \/>\nJedes Produkt ist einzigartig, da es handgefertigt ist.<br \/>\nDruck und Textur k\u00f6nnen daher leicht vom Produktfoto abweichen.<\/em><\/p>","protected":false},"excerpt":{"rendered":"<div class=\"usps\"><i class=\"far fa-check-circle\"><\/i> Mikrowellenfest<br \/>\n<i class=\"far fa-check-circle\"><\/i> Backofenfest (bis zu 200 Grad)<br \/>\n<i class=\"far fa-check-circle\"><\/i> Sp\u00fclmaschinentauglich<br \/>\n<i class=\"far fa-thumbs-up\"><\/i> Handgefertigt<\/div>","protected":false},"featured_media":7833,"template":"","meta":[],"product_brand":[],"product_cat":[729,982,870,96,122,119],"product_tag":[998,234,1000,999,1001,1002,126,125,123,987,902,299],"class_list":{"0":"post-7832","1":"product","2":"type-product","3":"status-publish","4":"has-post-thumbnail","6":"product_cat-12-delig-servies-schaaltjes","7":"product_cat-beige-servies-vieira-beige-mat","8":"product_cat-unro-nieuw-portugees-servies","9":"product_cat-portugees-servies","10":"product_cat-serviesset","11":"product_cat-terrafina","12":"product_tag-12-delig","13":"product_tag-beige","14":"product_tag-geribbeld","15":"product_tag-met-kommen","16":"product_tag-met-textuur","17":"product_tag-organisch","18":"product_tag-servies","19":"product_tag-serviesset","20":"product_tag-terrafina","21":"product_tag-vieira-beige","22":"product_tag-voor-4-personen","23":"product_tag-zand","25":"first","26":"outofstock","27":"sale","28":"taxable","29":"shipping-taxable","30":"purchasable","31":"product-type-simple"},"yoast_head":"<!-- This site is optimized with the Yoast SEO plugin v27.4 - https:\/\/yoast.com\/product\/yoast-seo-wordpress\/ -->\n<title>Beige Serviesset Vieira Beige - 4 personen &#8226; UNRO<\/title>\n<meta name=\"description\" content=\"Ontdek deze prachtige beige serviesset met een zand textuur en organische vorm die ge\u00efnspireerd is op een Sint-Jakobsschelp: Vieira in het Portugees!\" \/>\n<meta name=\"robots\" content=\"index, follow, max-snippet:-1, max-image-preview:large, max-video-preview:-1\" \/>\n<link rel=\"canonical\" href=\"https:\/\/unrostore.com\/de-at\/shop\/terrafina\/beige-geschirr-vieira-beige-matt-2\/beige-geschirrsatz-vieira-beige-4-personen\/\" \/>\n<meta property=\"og:locale\" content=\"de_DE\" \/>\n<meta property=\"og:type\" content=\"article\" \/>\n<meta property=\"og:title\" content=\"Beige Serviesset Vieira Beige - 4 personen &#8226; UNRO\" \/>\n<meta property=\"og:description\" content=\"Ontdek deze prachtige beige serviesset met een zand textuur en organische vorm die ge\u00efnspireerd is op een Sint-Jakobsschelp: Vieira in het Portugees!\" \/>\n<meta property=\"og:url\" content=\"https:\/\/unrostore.com\/de-at\/shop\/terrafina\/beige-geschirr-vieira-beige-matt-2\/beige-geschirrsatz-vieira-beige-4-personen\/\" \/>\n<meta property=\"og:site_name\" content=\"UNRO\" \/>\n<meta property=\"article:modified_time\" content=\"2026-01-19T20:36:27+00:00\" \/>\n<meta property=\"og:image\" content=\"https:\/\/unrostore.com\/wp-content\/uploads\/2024\/06\/unro-beige-serviesset-vieira-beige-mat-terrafina.webp\" \/>\n\t<meta property=\"og:image:width\" content=\"1000\" \/>\n\t<meta property=\"og:image:height\" content=\"1000\" \/>\n\t<meta property=\"og:image:type\" content=\"image\/webp\" \/>\n<meta name=\"twitter:card\" content=\"summary_large_image\" \/>\n<script type=\"application\/ld+json\" class=\"yoast-schema-graph\">{\"@context\":\"https:\\\/\\\/schema.org\",\"@graph\":[{\"@type\":\"WebPage\",\"@id\":\"https:\\\/\\\/unrostore.com\\\/shop\\\/terrafina\\\/beige-servies-vieira-beige-mat\\\/beige-serviesset-vieira-beige-4-personen\\\/\",\"url\":\"https:\\\/\\\/unrostore.com\\\/shop\\\/terrafina\\\/beige-servies-vieira-beige-mat\\\/beige-serviesset-vieira-beige-4-personen\\\/\",\"name\":\"Beige Serviesset Vieira Beige - 4 personen &#8226; UNRO\",\"isPartOf\":{\"@id\":\"https:\\\/\\\/unrostore.com\\\/#website\"},\"primaryImageOfPage\":{\"@id\":\"https:\\\/\\\/unrostore.com\\\/shop\\\/terrafina\\\/beige-servies-vieira-beige-mat\\\/beige-serviesset-vieira-beige-4-personen\\\/#primaryimage\"},\"image\":{\"@id\":\"https:\\\/\\\/unrostore.com\\\/shop\\\/terrafina\\\/beige-servies-vieira-beige-mat\\\/beige-serviesset-vieira-beige-4-personen\\\/#primaryimage\"},\"thumbnailUrl\":\"https:\\\/\\\/unrostore.com\\\/wp-content\\\/uploads\\\/2024\\\/06\\\/unro-beige-serviesset-vieira-beige-mat-terrafina.webp\",\"datePublished\":\"2024-06-12T14:57:35+00:00\",\"dateModified\":\"2026-01-19T20:36:27+00:00\",\"description\":\"Ontdek deze prachtige beige serviesset met een zand textuur en organische vorm die ge\u00efnspireerd is op een Sint-Jakobsschelp: Vieira in het Portugees!\",\"breadcrumb\":{\"@id\":\"https:\\\/\\\/unrostore.com\\\/shop\\\/terrafina\\\/beige-servies-vieira-beige-mat\\\/beige-serviesset-vieira-beige-4-personen\\\/#breadcrumb\"},\"inLanguage\":\"de-AT\",\"potentialAction\":[{\"@type\":\"ReadAction\",\"target\":[\"https:\\\/\\\/unrostore.com\\\/shop\\\/terrafina\\\/beige-servies-vieira-beige-mat\\\/beige-serviesset-vieira-beige-4-personen\\\/\"]}]},{\"@type\":\"ImageObject\",\"inLanguage\":\"de-AT\",\"@id\":\"https:\\\/\\\/unrostore.com\\\/shop\\\/terrafina\\\/beige-servies-vieira-beige-mat\\\/beige-serviesset-vieira-beige-4-personen\\\/#primaryimage\",\"url\":\"https:\\\/\\\/unrostore.com\\\/wp-content\\\/uploads\\\/2024\\\/06\\\/unro-beige-serviesset-vieira-beige-mat-terrafina.webp\",\"contentUrl\":\"https:\\\/\\\/unrostore.com\\\/wp-content\\\/uploads\\\/2024\\\/06\\\/unro-beige-serviesset-vieira-beige-mat-terrafina.webp\",\"width\":1000,\"height\":1000,\"caption\":\"beige serviesset vieira beige\"},{\"@type\":\"BreadcrumbList\",\"@id\":\"https:\\\/\\\/unrostore.com\\\/shop\\\/terrafina\\\/beige-servies-vieira-beige-mat\\\/beige-serviesset-vieira-beige-4-personen\\\/#breadcrumb\",\"itemListElement\":[{\"@type\":\"ListItem\",\"position\":1,\"name\":\"Home\",\"item\":\"https:\\\/\\\/unrostore.com\\\/\"},{\"@type\":\"ListItem\",\"position\":2,\"name\":\"Shop\",\"item\":\"https:\\\/\\\/unrostore.com\\\/shop\\\/\"},{\"@type\":\"ListItem\",\"position\":3,\"name\":\"Beige Serviesset Vieira Beige &#8211; 4 personen\"}]},{\"@type\":\"WebSite\",\"@id\":\"https:\\\/\\\/unrostore.com\\\/#website\",\"url\":\"https:\\\/\\\/unrostore.com\\\/\",\"name\":\"UNRO\",\"description\":\"Portugees servies waar je blij van wordt!\",\"publisher\":{\"@id\":\"https:\\\/\\\/unrostore.com\\\/#organization\"},\"potentialAction\":[{\"@type\":\"SearchAction\",\"target\":{\"@type\":\"EntryPoint\",\"urlTemplate\":\"https:\\\/\\\/unrostore.com\\\/?s={search_term_string}\"},\"query-input\":{\"@type\":\"PropertyValueSpecification\",\"valueRequired\":true,\"valueName\":\"search_term_string\"}}],\"inLanguage\":\"de-AT\"},{\"@type\":\"Organization\",\"@id\":\"https:\\\/\\\/unrostore.com\\\/#organization\",\"name\":\"UNRO\",\"url\":\"https:\\\/\\\/unrostore.com\\\/\",\"logo\":{\"@type\":\"ImageObject\",\"inLanguage\":\"de-AT\",\"@id\":\"https:\\\/\\\/unrostore.com\\\/#\\\/schema\\\/logo\\\/image\\\/\",\"url\":\"https:\\\/\\\/unrostore.com\\\/wp-content\\\/uploads\\\/2022\\\/05\\\/Logo-UNRO.png\",\"contentUrl\":\"https:\\\/\\\/unrostore.com\\\/wp-content\\\/uploads\\\/2022\\\/05\\\/Logo-UNRO.png\",\"width\":605,\"height\":179,\"caption\":\"UNRO\"},\"image\":{\"@id\":\"https:\\\/\\\/unrostore.com\\\/#\\\/schema\\\/logo\\\/image\\\/\"}}]}<\/script>\n<!-- \/ Yoast SEO plugin. -->","yoast_head_json":{"title":"Beige Geschirr-Set Vieira Beige - 4 Personen - UNRO","description":"Entdecken Sie dieses sch\u00f6ne beigefarbene Geschirrset mit sandfarbener Textur und organischer Form, inspiriert von einer Jakobsmuschel: Vieira auf Portugiesisch!","robots":{"index":"index","follow":"follow","max-snippet":"max-snippet:-1","max-image-preview":"max-image-preview:large","max-video-preview":"max-video-preview:-1"},"canonical":"https:\/\/unrostore.com\/de-at\/shop\/terrafina\/beige-geschirr-vieira-beige-matt-2\/beige-geschirrsatz-vieira-beige-4-personen\/","og_locale":"de_DE","og_type":"article","og_title":"Beige Serviesset Vieira Beige - 4 personen &#8226; UNRO","og_description":"Ontdek deze prachtige beige serviesset met een zand textuur en organische vorm die ge\u00efnspireerd is op een Sint-Jakobsschelp: Vieira in het Portugees!","og_url":"https:\/\/unrostore.com\/de-at\/shop\/terrafina\/beige-geschirr-vieira-beige-matt-2\/beige-geschirrsatz-vieira-beige-4-personen\/","og_site_name":"UNRO","article_modified_time":"2026-01-19T20:36:27+00:00","og_image":[{"width":1000,"height":1000,"url":"https:\/\/unrostore.com\/wp-content\/uploads\/2024\/06\/unro-beige-serviesset-vieira-beige-mat-terrafina.webp","type":"image\/webp"}],"twitter_card":"summary_large_image","schema":{"@context":"https:\/\/schema.org","@graph":[{"@type":"WebPage","@id":"https:\/\/unrostore.com\/shop\/terrafina\/beige-servies-vieira-beige-mat\/beige-serviesset-vieira-beige-4-personen\/","url":"https:\/\/unrostore.com\/shop\/terrafina\/beige-servies-vieira-beige-mat\/beige-serviesset-vieira-beige-4-personen\/","name":"Beige Geschirr-Set Vieira Beige - 4 Personen - UNRO","isPartOf":{"@id":"https:\/\/unrostore.com\/#website"},"primaryImageOfPage":{"@id":"https:\/\/unrostore.com\/shop\/terrafina\/beige-servies-vieira-beige-mat\/beige-serviesset-vieira-beige-4-personen\/#primaryimage"},"image":{"@id":"https:\/\/unrostore.com\/shop\/terrafina\/beige-servies-vieira-beige-mat\/beige-serviesset-vieira-beige-4-personen\/#primaryimage"},"thumbnailUrl":"https:\/\/unrostore.com\/wp-content\/uploads\/2024\/06\/unro-beige-serviesset-vieira-beige-mat-terrafina.webp","datePublished":"2024-06-12T14:57:35+00:00","dateModified":"2026-01-19T20:36:27+00:00","description":"Entdecken Sie dieses sch\u00f6ne beigefarbene Geschirrset mit sandfarbener Textur und organischer Form, inspiriert von einer Jakobsmuschel: Vieira auf Portugiesisch!","breadcrumb":{"@id":"https:\/\/unrostore.com\/shop\/terrafina\/beige-servies-vieira-beige-mat\/beige-serviesset-vieira-beige-4-personen\/#breadcrumb"},"inLanguage":"de-AT","potentialAction":[{"@type":"ReadAction","target":["https:\/\/unrostore.com\/shop\/terrafina\/beige-servies-vieira-beige-mat\/beige-serviesset-vieira-beige-4-personen\/"]}]},{"@type":"ImageObject","inLanguage":"de-AT","@id":"https:\/\/unrostore.com\/shop\/terrafina\/beige-servies-vieira-beige-mat\/beige-serviesset-vieira-beige-4-personen\/#primaryimage","url":"https:\/\/unrostore.com\/wp-content\/uploads\/2024\/06\/unro-beige-serviesset-vieira-beige-mat-terrafina.webp","contentUrl":"https:\/\/unrostore.com\/wp-content\/uploads\/2024\/06\/unro-beige-serviesset-vieira-beige-mat-terrafina.webp","width":1000,"height":1000,"caption":"beige serviesset vieira beige"},{"@type":"BreadcrumbList","@id":"https:\/\/unrostore.com\/shop\/terrafina\/beige-servies-vieira-beige-mat\/beige-serviesset-vieira-beige-4-personen\/#breadcrumb","itemListElement":[{"@type":"ListItem","position":1,"name":"Home","item":"https:\/\/unrostore.com\/"},{"@type":"ListItem","position":2,"name":"Shop","item":"https:\/\/unrostore.com\/shop\/"},{"@type":"ListItem","position":3,"name":"Beige Serviesset Vieira Beige &#8211; 4 personen"}]},{"@type":"WebSite","@id":"https:\/\/unrostore.com\/#website","url":"https:\/\/unrostore.com\/","name":"UNRO","description":"Portugiesisches Geschirr, das Sie gl\u00fccklich machen wird!","publisher":{"@id":"https:\/\/unrostore.com\/#organization"},"potentialAction":[{"@type":"SearchAction","target":{"@type":"EntryPoint","urlTemplate":"https:\/\/unrostore.com\/?s={search_term_string}"},"query-input":{"@type":"PropertyValueSpecification","valueRequired":true,"valueName":"search_term_string"}}],"inLanguage":"de-AT"},{"@type":"Organization","@id":"https:\/\/unrostore.com\/#organization","name":"UNRO","url":"https:\/\/unrostore.com\/","logo":{"@type":"ImageObject","inLanguage":"de-AT","@id":"https:\/\/unrostore.com\/#\/schema\/logo\/image\/","url":"https:\/\/unrostore.com\/wp-content\/uploads\/2022\/05\/Logo-UNRO.png","contentUrl":"https:\/\/unrostore.com\/wp-content\/uploads\/2022\/05\/Logo-UNRO.png","width":605,"height":179,"caption":"UNRO"},"image":{"@id":"https:\/\/unrostore.com\/#\/schema\/logo\/image\/"}}]}},"_links":{"self":[{"href":"https:\/\/unrostore.com\/de-at\/wp-json\/wp\/v2\/product\/7832","targetHints":{"allow":["GET"]}}],"collection":[{"href":"https:\/\/unrostore.com\/de-at\/wp-json\/wp\/v2\/product"}],"about":[{"href":"https:\/\/unrostore.com\/de-at\/wp-json\/wp\/v2\/types\/product"}],"wp:featuredmedia":[{"embeddable":true,"href":"https:\/\/unrostore.com\/de-at\/wp-json\/wp\/v2\/media\/7833"}],"wp:attachment":[{"href":"https:\/\/unrostore.com\/de-at\/wp-json\/wp\/v2\/media?parent=7832"}],"wp:term":[{"taxonomy":"product_brand","embeddable":true,"href":"https:\/\/unrostore.com\/de-at\/wp-json\/wp\/v2\/product_brand?post=7832"},{"taxonomy":"product_cat","embeddable":true,"href":"https:\/\/unrostore.com\/de-at\/wp-json\/wp\/v2\/product_cat?post=7832"},{"taxonomy":"product_tag","embeddable":true,"href":"https:\/\/unrostore.com\/de-at\/wp-json\/wp\/v2\/product_tag?post=7832"}],"curies":[{"name":"wp","href":"https:\/\/api.w.org\/{rel}","templated":true}]}}