{"id":7686,"date":"2024-05-19T13:22:21","date_gmt":"2024-05-19T13:22:21","guid":{"rendered":"https:\/\/unrostore.com\/?post_type=product&#038;p=7686"},"modified":"2026-01-19T20:36:28","modified_gmt":"2026-01-19T20:36:28","slug":"beige-becher-vieira-beige-2-stuck","status":"publish","type":"product","link":"https:\/\/unrostore.com\/de-at\/shop\/tassen-und-becher\/kaffeetassen\/beige-becher-vieira-beige-2-stuck\/","title":{"rendered":"Beige Becher 250 ml Vieira Beige - 2-tlg."},"content":{"rendered":"<h3>Die perfekten beigen Tassen Vieira Beige aus handgemachter Keramik<\/h3>\n<p>Dieser Satz von 2 <strong>beige Becher<\/strong> von <a href=\"https:\/\/www.terrafinastore.com\/en\/collections\/sail\">Terrafina<\/a> sind ideal f\u00fcr Ihren Cappuccino, gro\u00dfe Tasse Kaffee oder Tee. Genie\u00dfen Sie einen stilvollen Moment f\u00fcr sich selbst mit diesen sch\u00f6nen gro\u00dfen beigen Kaffeetassen mit Ohr. Die sandfarbenen Teebecher trinken sich sehr angenehm und sind ein Genuss f\u00fcr das Auge. Wenn Sie noch auf der Suche nach Keramikbechern sind, die zu Ihrer renovierten Naturk\u00fcche passen, sind Sie hier genau richtig! Auch wenn Sie auf der Suche nach einem sch\u00f6nen Geschenk f\u00fcr einen Freund sind, sind diese beigen Tassen perfekt. Die beige Farbe und die nat\u00fcrliche, organische Form machen die Tassen einzigartig und gleichzeitig sehr zug\u00e4nglich. Wenn Sie also noch auf der Suche nach Kaffeetassen sind, die einzigartig, aber auch leicht zu kombinieren sind, suchen Sie nicht weiter. Sehen Sie sich auch die passenden\u00a0<a href=\"https:\/\/unrostore.com\/de-at\/shop\/terrafina\/beige-geschirr-vieira-beige-matt-2\/beige-geschirr-vieira-beige-2-stuck\/\"><strong>beigefarbene Schalen<\/strong><\/a>,\u00a0<strong><a href=\"https:\/\/unrostore.com\/de-at\/shop\/terrafina\/beige-geschirr-vieira-beige-matt-2\/beige-fruhstucksteller-vieira-beige-4-stuck\/\">beige Fr\u00fchst\u00fccksteller<\/a>\u00a0<\/strong>und\u00a0<a href=\"https:\/\/unrostore.com\/de-at\/shop\/terrafina\/beige-geschirr-vieira-beige-matt-2\/beige-essteller-vieira-beige-4-stuck\/\"><strong>beige Essteller<\/strong><\/a>. Sie bevorzugen einen Becher? Auch das ist m\u00f6glich, schauen Sie sich die\u00a0<a href=\"https:\/\/unrostore.com\/de-at\/shop\/terrafina\/beige-geschirr-vieira-beige-matt-2\/beige-koffiemok-groot-vieira-beige-1-stuk\/\"><strong>beiger Becher - 1 St\u00fcck<\/strong><\/a>.<\/p>\n<p>&nbsp;<\/p>\n<h3>Dies ist die Nummer, die Sie zugestellt bekommen:<\/h3>\n<ul>\n<li><strong>2x<\/strong> Vieira Beige Becher \u00f8 10 cm (250 ml)<\/li>\n<li><strong>1x\u00a0<\/strong>Geschenkpackung von Terrafina<\/li>\n<\/ul>\n<p>&nbsp;<\/p>\n<p><em><strong>Nachhaltig f\u00fcr Mensch und Umwelt:<\/strong><br \/>\nJedes Produkt ist einzigartig, da es handgefertigt ist.<br \/>\nDruck und Textur k\u00f6nnen daher leicht vom Produktfoto abweichen.<\/em><\/p>","protected":false},"excerpt":{"rendered":"<div class=\"usps\"><i class=\"far fa-check-circle\"><\/i> Mikrowellenfest<br \/>\n<i class=\"far fa-check-circle\"><\/i> Backofenfest (bis zu 200 Grad)<br \/>\n<i class=\"far fa-check-circle\"><\/i> Sp\u00fclmaschinentauglich<br \/>\n<i class=\"far fa-thumbs-up\"><\/i> Handgefertigt<\/div>","protected":false},"featured_media":7687,"template":"","meta":[],"product_brand":[],"product_cat":[982,869,997,132,870,119],"product_tag":[995,234,943,264,969,975,993,635,971,370,297,652,114,616,123,994,933,992,987,299],"class_list":{"0":"post-7686","1":"product","2":"type-product","3":"status-publish","4":"has-post-thumbnail","6":"product_cat-beige-servies-vieira-beige-mat","7":"product_cat-unro-cadeautips","8":"product_cat-koffiekopjes","9":"product_cat-kopjes-en-mokken","10":"product_cat-unro-nieuw-portugees-servies","11":"product_cat-terrafina","12":"product_tag-2-delig","13":"product_tag-beige","14":"product_tag-cappuccino-mok","15":"product_tag-groot","16":"product_tag-grote","17":"product_tag-koffiekop","18":"product_tag-koffiekopje","19":"product_tag-koffiemok","20":"product_tag-kop","21":"product_tag-kopje","22":"product_tag-mat","23":"product_tag-met-oor","24":"product_tag-mok","25":"product_tag-set","26":"product_tag-terrafina","27":"product_tag-theekop","28":"product_tag-theemok","29":"product_tag-van-2","30":"product_tag-vieira-beige","31":"product_tag-zand","33":"first","34":"outofstock","35":"sale","36":"taxable","37":"shipping-taxable","38":"purchasable","39":"product-type-simple"},"yoast_head":"<!-- This site is optimized with the Yoast SEO plugin v27.4 - https:\/\/yoast.com\/product\/yoast-seo-wordpress\/ -->\n<title>Beige Mokken 250 ml Vieira Beige - 2-delig &#8226; UNRO<\/title>\n<meta name=\"description\" content=\"Deze beige mokken zijn perfect voor jouw dagelijkse kopje koffie of thee. Ook staan deze zandkleurige kopjes met oor mooi in jouw koffiehoek!\" \/>\n<meta name=\"robots\" content=\"index, follow, max-snippet:-1, max-image-preview:large, max-video-preview:-1\" \/>\n<link rel=\"canonical\" href=\"https:\/\/unrostore.com\/de-at\/shop\/tassen-und-becher\/kaffeetassen\/beige-becher-vieira-beige-2-stuck\/\" \/>\n<meta property=\"og:locale\" content=\"de_DE\" \/>\n<meta property=\"og:type\" content=\"article\" \/>\n<meta property=\"og:title\" content=\"Beige Mokken 250 ml Vieira Beige - 2-delig &#8226; UNRO\" \/>\n<meta property=\"og:description\" content=\"Deze beige mokken zijn perfect voor jouw dagelijkse kopje koffie of thee. Ook staan deze zandkleurige kopjes met oor mooi in jouw koffiehoek!\" \/>\n<meta property=\"og:url\" content=\"https:\/\/unrostore.com\/de-at\/shop\/tassen-und-becher\/kaffeetassen\/beige-becher-vieira-beige-2-stuck\/\" \/>\n<meta property=\"og:site_name\" content=\"UNRO\" \/>\n<meta property=\"article:modified_time\" content=\"2026-01-19T20:36:28+00:00\" \/>\n<meta property=\"og:image\" content=\"https:\/\/unrostore.com\/wp-content\/uploads\/2024\/05\/unro-beige-mokken-set-van-2-cappuccino-mokken-keramiek.webp\" \/>\n\t<meta property=\"og:image:width\" content=\"1000\" \/>\n\t<meta property=\"og:image:height\" content=\"1000\" \/>\n\t<meta property=\"og:image:type\" content=\"image\/webp\" \/>\n<meta name=\"twitter:card\" content=\"summary_large_image\" \/>\n<script type=\"application\/ld+json\" class=\"yoast-schema-graph\">{\"@context\":\"https:\\\/\\\/schema.org\",\"@graph\":[{\"@type\":\"WebPage\",\"@id\":\"https:\\\/\\\/unrostore.com\\\/shop\\\/kopjes-en-mokken\\\/koffiekopjes\\\/beige-mokken-vieira-beige-2-delig\\\/\",\"url\":\"https:\\\/\\\/unrostore.com\\\/shop\\\/kopjes-en-mokken\\\/koffiekopjes\\\/beige-mokken-vieira-beige-2-delig\\\/\",\"name\":\"Beige Mokken 250 ml Vieira Beige - 2-delig &#8226; UNRO\",\"isPartOf\":{\"@id\":\"https:\\\/\\\/unrostore.com\\\/#website\"},\"primaryImageOfPage\":{\"@id\":\"https:\\\/\\\/unrostore.com\\\/shop\\\/kopjes-en-mokken\\\/koffiekopjes\\\/beige-mokken-vieira-beige-2-delig\\\/#primaryimage\"},\"image\":{\"@id\":\"https:\\\/\\\/unrostore.com\\\/shop\\\/kopjes-en-mokken\\\/koffiekopjes\\\/beige-mokken-vieira-beige-2-delig\\\/#primaryimage\"},\"thumbnailUrl\":\"https:\\\/\\\/unrostore.com\\\/wp-content\\\/uploads\\\/2024\\\/05\\\/unro-beige-mokken-set-van-2-cappuccino-mokken-keramiek.webp\",\"datePublished\":\"2024-05-19T13:22:21+00:00\",\"dateModified\":\"2026-01-19T20:36:28+00:00\",\"description\":\"Deze beige mokken zijn perfect voor jouw dagelijkse kopje koffie of thee. Ook staan deze zandkleurige kopjes met oor mooi in jouw koffiehoek!\",\"breadcrumb\":{\"@id\":\"https:\\\/\\\/unrostore.com\\\/shop\\\/kopjes-en-mokken\\\/koffiekopjes\\\/beige-mokken-vieira-beige-2-delig\\\/#breadcrumb\"},\"inLanguage\":\"de-AT\",\"potentialAction\":[{\"@type\":\"ReadAction\",\"target\":[\"https:\\\/\\\/unrostore.com\\\/shop\\\/kopjes-en-mokken\\\/koffiekopjes\\\/beige-mokken-vieira-beige-2-delig\\\/\"]}]},{\"@type\":\"ImageObject\",\"inLanguage\":\"de-AT\",\"@id\":\"https:\\\/\\\/unrostore.com\\\/shop\\\/kopjes-en-mokken\\\/koffiekopjes\\\/beige-mokken-vieira-beige-2-delig\\\/#primaryimage\",\"url\":\"https:\\\/\\\/unrostore.com\\\/wp-content\\\/uploads\\\/2024\\\/05\\\/unro-beige-mokken-set-van-2-cappuccino-mokken-keramiek.webp\",\"contentUrl\":\"https:\\\/\\\/unrostore.com\\\/wp-content\\\/uploads\\\/2024\\\/05\\\/unro-beige-mokken-set-van-2-cappuccino-mokken-keramiek.webp\",\"width\":1000,\"height\":1000,\"caption\":\"beige mokken\"},{\"@type\":\"BreadcrumbList\",\"@id\":\"https:\\\/\\\/unrostore.com\\\/shop\\\/kopjes-en-mokken\\\/koffiekopjes\\\/beige-mokken-vieira-beige-2-delig\\\/#breadcrumb\",\"itemListElement\":[{\"@type\":\"ListItem\",\"position\":1,\"name\":\"Home\",\"item\":\"https:\\\/\\\/unrostore.com\\\/\"},{\"@type\":\"ListItem\",\"position\":2,\"name\":\"Shop\",\"item\":\"https:\\\/\\\/unrostore.com\\\/shop\\\/\"},{\"@type\":\"ListItem\",\"position\":3,\"name\":\"Beige Mokken 250 ml Vieira Beige &#8211; 2-delig\"}]},{\"@type\":\"WebSite\",\"@id\":\"https:\\\/\\\/unrostore.com\\\/#website\",\"url\":\"https:\\\/\\\/unrostore.com\\\/\",\"name\":\"UNRO\",\"description\":\"Portugees servies waar je blij van wordt!\",\"publisher\":{\"@id\":\"https:\\\/\\\/unrostore.com\\\/#organization\"},\"potentialAction\":[{\"@type\":\"SearchAction\",\"target\":{\"@type\":\"EntryPoint\",\"urlTemplate\":\"https:\\\/\\\/unrostore.com\\\/?s={search_term_string}\"},\"query-input\":{\"@type\":\"PropertyValueSpecification\",\"valueRequired\":true,\"valueName\":\"search_term_string\"}}],\"inLanguage\":\"de-AT\"},{\"@type\":\"Organization\",\"@id\":\"https:\\\/\\\/unrostore.com\\\/#organization\",\"name\":\"UNRO\",\"url\":\"https:\\\/\\\/unrostore.com\\\/\",\"logo\":{\"@type\":\"ImageObject\",\"inLanguage\":\"de-AT\",\"@id\":\"https:\\\/\\\/unrostore.com\\\/#\\\/schema\\\/logo\\\/image\\\/\",\"url\":\"https:\\\/\\\/unrostore.com\\\/wp-content\\\/uploads\\\/2022\\\/05\\\/Logo-UNRO.png\",\"contentUrl\":\"https:\\\/\\\/unrostore.com\\\/wp-content\\\/uploads\\\/2022\\\/05\\\/Logo-UNRO.png\",\"width\":605,\"height\":179,\"caption\":\"UNRO\"},\"image\":{\"@id\":\"https:\\\/\\\/unrostore.com\\\/#\\\/schema\\\/logo\\\/image\\\/\"}}]}<\/script>\n<!-- \/ Yoast SEO plugin. -->","yoast_head_json":{"title":"Beige Becher 250 ml Vieira Beige - 2-teilig - UNRO","description":"Diese beigefarbenen Tassen sind perfekt f\u00fcr Ihre t\u00e4gliche Tasse Kaffee oder Tee. Diese sandfarbenen Tassen mit Ohr sehen auch in Ihrer Kaffee-Ecke toll aus!","robots":{"index":"index","follow":"follow","max-snippet":"max-snippet:-1","max-image-preview":"max-image-preview:large","max-video-preview":"max-video-preview:-1"},"canonical":"https:\/\/unrostore.com\/de-at\/shop\/tassen-und-becher\/kaffeetassen\/beige-becher-vieira-beige-2-stuck\/","og_locale":"de_DE","og_type":"article","og_title":"Beige Mokken 250 ml Vieira Beige - 2-delig &#8226; UNRO","og_description":"Deze beige mokken zijn perfect voor jouw dagelijkse kopje koffie of thee. Ook staan deze zandkleurige kopjes met oor mooi in jouw koffiehoek!","og_url":"https:\/\/unrostore.com\/de-at\/shop\/tassen-und-becher\/kaffeetassen\/beige-becher-vieira-beige-2-stuck\/","og_site_name":"UNRO","article_modified_time":"2026-01-19T20:36:28+00:00","og_image":[{"width":1000,"height":1000,"url":"https:\/\/unrostore.com\/wp-content\/uploads\/2024\/05\/unro-beige-mokken-set-van-2-cappuccino-mokken-keramiek.webp","type":"image\/webp"}],"twitter_card":"summary_large_image","schema":{"@context":"https:\/\/schema.org","@graph":[{"@type":"WebPage","@id":"https:\/\/unrostore.com\/shop\/kopjes-en-mokken\/koffiekopjes\/beige-mokken-vieira-beige-2-delig\/","url":"https:\/\/unrostore.com\/shop\/kopjes-en-mokken\/koffiekopjes\/beige-mokken-vieira-beige-2-delig\/","name":"Beige Becher 250 ml Vieira Beige - 2-teilig - UNRO","isPartOf":{"@id":"https:\/\/unrostore.com\/#website"},"primaryImageOfPage":{"@id":"https:\/\/unrostore.com\/shop\/kopjes-en-mokken\/koffiekopjes\/beige-mokken-vieira-beige-2-delig\/#primaryimage"},"image":{"@id":"https:\/\/unrostore.com\/shop\/kopjes-en-mokken\/koffiekopjes\/beige-mokken-vieira-beige-2-delig\/#primaryimage"},"thumbnailUrl":"https:\/\/unrostore.com\/wp-content\/uploads\/2024\/05\/unro-beige-mokken-set-van-2-cappuccino-mokken-keramiek.webp","datePublished":"2024-05-19T13:22:21+00:00","dateModified":"2026-01-19T20:36:28+00:00","description":"Diese beigefarbenen Tassen sind perfekt f\u00fcr Ihre t\u00e4gliche Tasse Kaffee oder Tee. Diese sandfarbenen Tassen mit Ohr sehen auch in Ihrer Kaffee-Ecke toll aus!","breadcrumb":{"@id":"https:\/\/unrostore.com\/shop\/kopjes-en-mokken\/koffiekopjes\/beige-mokken-vieira-beige-2-delig\/#breadcrumb"},"inLanguage":"de-AT","potentialAction":[{"@type":"ReadAction","target":["https:\/\/unrostore.com\/shop\/kopjes-en-mokken\/koffiekopjes\/beige-mokken-vieira-beige-2-delig\/"]}]},{"@type":"ImageObject","inLanguage":"de-AT","@id":"https:\/\/unrostore.com\/shop\/kopjes-en-mokken\/koffiekopjes\/beige-mokken-vieira-beige-2-delig\/#primaryimage","url":"https:\/\/unrostore.com\/wp-content\/uploads\/2024\/05\/unro-beige-mokken-set-van-2-cappuccino-mokken-keramiek.webp","contentUrl":"https:\/\/unrostore.com\/wp-content\/uploads\/2024\/05\/unro-beige-mokken-set-van-2-cappuccino-mokken-keramiek.webp","width":1000,"height":1000,"caption":"beige mokken"},{"@type":"BreadcrumbList","@id":"https:\/\/unrostore.com\/shop\/kopjes-en-mokken\/koffiekopjes\/beige-mokken-vieira-beige-2-delig\/#breadcrumb","itemListElement":[{"@type":"ListItem","position":1,"name":"Home","item":"https:\/\/unrostore.com\/"},{"@type":"ListItem","position":2,"name":"Shop","item":"https:\/\/unrostore.com\/shop\/"},{"@type":"ListItem","position":3,"name":"Beige Mokken 250 ml Vieira Beige &#8211; 2-delig"}]},{"@type":"WebSite","@id":"https:\/\/unrostore.com\/#website","url":"https:\/\/unrostore.com\/","name":"UNRO","description":"Portugiesisches Geschirr, das Sie gl\u00fccklich machen wird!","publisher":{"@id":"https:\/\/unrostore.com\/#organization"},"potentialAction":[{"@type":"SearchAction","target":{"@type":"EntryPoint","urlTemplate":"https:\/\/unrostore.com\/?s={search_term_string}"},"query-input":{"@type":"PropertyValueSpecification","valueRequired":true,"valueName":"search_term_string"}}],"inLanguage":"de-AT"},{"@type":"Organization","@id":"https:\/\/unrostore.com\/#organization","name":"UNRO","url":"https:\/\/unrostore.com\/","logo":{"@type":"ImageObject","inLanguage":"de-AT","@id":"https:\/\/unrostore.com\/#\/schema\/logo\/image\/","url":"https:\/\/unrostore.com\/wp-content\/uploads\/2022\/05\/Logo-UNRO.png","contentUrl":"https:\/\/unrostore.com\/wp-content\/uploads\/2022\/05\/Logo-UNRO.png","width":605,"height":179,"caption":"UNRO"},"image":{"@id":"https:\/\/unrostore.com\/#\/schema\/logo\/image\/"}}]}},"_links":{"self":[{"href":"https:\/\/unrostore.com\/de-at\/wp-json\/wp\/v2\/product\/7686","targetHints":{"allow":["GET"]}}],"collection":[{"href":"https:\/\/unrostore.com\/de-at\/wp-json\/wp\/v2\/product"}],"about":[{"href":"https:\/\/unrostore.com\/de-at\/wp-json\/wp\/v2\/types\/product"}],"wp:featuredmedia":[{"embeddable":true,"href":"https:\/\/unrostore.com\/de-at\/wp-json\/wp\/v2\/media\/7687"}],"wp:attachment":[{"href":"https:\/\/unrostore.com\/de-at\/wp-json\/wp\/v2\/media?parent=7686"}],"wp:term":[{"taxonomy":"product_brand","embeddable":true,"href":"https:\/\/unrostore.com\/de-at\/wp-json\/wp\/v2\/product_brand?post=7686"},{"taxonomy":"product_cat","embeddable":true,"href":"https:\/\/unrostore.com\/de-at\/wp-json\/wp\/v2\/product_cat?post=7686"},{"taxonomy":"product_tag","embeddable":true,"href":"https:\/\/unrostore.com\/de-at\/wp-json\/wp\/v2\/product_tag?post=7686"}],"curies":[{"name":"wp","href":"https:\/\/api.w.org\/{rel}","templated":true}]}}