{"id":7684,"date":"2024-05-19T13:08:55","date_gmt":"2024-05-19T13:08:55","guid":{"rendered":"https:\/\/unrostore.com\/?post_type=product&#038;p=7684"},"modified":"2026-03-25T17:36:20","modified_gmt":"2026-03-25T17:36:20","slug":"beiger-becher-gros-vieira-beige-1-stuck","status":"publish","type":"product","link":"https:\/\/unrostore.com\/de-at\/shop\/tassen-und-becher\/kaffeetassen\/beiger-becher-gros-vieira-beige-1-stuck\/","title":{"rendered":"Beige Becher Gro\u00df 250 ml Vieira Beige - 1 St\u00fcck"},"content":{"rendered":"<h3>Sch\u00f6ne und einzigartige beige Becher gro\u00df aus Portugal<\/h3>\n<p>Die\u00a0<strong>beiger Becher gro\u00df<\/strong> aus der neuen Geschirr-Kollektion Vieira Beige von <a href=\"https:\/\/www.terrafinastore.com\/en\/collections\/sail\">Terrafina<\/a> ist ideal als neue Lieblingsteetasse, Cappuccinotasse, gro\u00dfe Kaffeetasse und Tasse f\u00fcr hei\u00dfe Schokolade! Diese gro\u00dfe beigefarbene Kaffeetasse wird in einer h\u00fcbschen Geschenkbox geliefert, so dass es besonders viel Spa\u00df macht, sie an Freunde zu verschenken. Diese beigefarbene Tasse mit Ohr sieht in einem nat\u00fcrlichen Interieur mit warmen Materialien toll aus. Die gerippte Textur dieses beigen Teebechers sorgt f\u00fcr einen verspielten und modernen Look. Dadurch wirkt der sandfarbene Kaffeebecher besonders sch\u00f6n in Ihrer Kaffeeecke, Kaffeebar oder K\u00fcche. Bei einem High Tea, Kaffee und Kuchen oder einem t\u00e4glichen Kaffee- oder Teemoment darf dieser matte beige Becher nat\u00fcrlich nicht fehlen. Kombinieren Sie diesen handgefertigten gro\u00dfen Kaffeebecher mit dem <a href=\"https:\/\/unrostore.com\/de-at\/shop\/terrafina\/beige-geschirr-vieira-beige-matt-2\/beige-geschirr-vieira-beige-2-stuck\/\"><strong>beigefarbenes Geschirr<\/strong><\/a>, <a href=\"https:\/\/unrostore.com\/de-at\/shop\/terrafina\/beige-geschirr-vieira-beige-matt-2\/beige-fruhstucksteller-vieira-beige-4-stuck\/\"><strong>beige Fr\u00fchst\u00fccksteller<\/strong><\/a> und <a href=\"https:\/\/unrostore.com\/de-at\/shop\/terrafina\/beige-geschirr-vieira-beige-matt-2\/beige-essteller-vieira-beige-4-stuck\/\"><strong>beige Essteller<\/strong><\/a>. Siehe auch die <a href=\"https:\/\/unrostore.com\/de-at\/shop\/terrafina\/beige-geschirr-vieira-beige-matt-2\/beige-becher-vieira-beige-2-stuck\/\"><strong>Set aus zwei beigen Bechern<\/strong><\/a>.<\/p>\n<p>&nbsp;<\/p>\n<h3>Dies ist die Nummer, die Sie zugestellt bekommen:<\/h3>\n<ul>\n<li><strong>1x<\/strong> Vieira Becher \u00f8 10 cm (250 ml)<\/li>\n<li><strong>1x\u00a0<\/strong>Geschenkpackung von Terrafina<\/li>\n<\/ul>\n<p>&nbsp;<\/p>\n<p><em><strong>Nachhaltig f\u00fcr Mensch und Umwelt:<\/strong><br \/>\nJedes Produkt ist einzigartig, da es handgefertigt ist.<br \/>\nDruck und Textur k\u00f6nnen daher leicht vom Produktfoto abweichen.<\/em><\/p>","protected":false},"excerpt":{"rendered":"<div class=\"usps\"><i class=\"far fa-check-circle\"><\/i> Mikrowellenfest<br \/>\n<i class=\"far fa-check-circle\"><\/i> Backofenfest (bis zu 200 Grad)<br \/>\n<i class=\"far fa-check-circle\"><\/i> Sp\u00fclmaschinentauglich<br \/>\n<i class=\"far fa-thumbs-up\"><\/i> Handgefertigt<\/div>","protected":false},"featured_media":7685,"template":"","meta":[],"product_brand":[],"product_cat":[982,869,997,132,870,119],"product_tag":[996,234,947,264,969,975,993,635,370,297,652,114,123,933,987,299],"class_list":{"0":"post-7684","1":"product","2":"type-product","3":"status-publish","4":"has-post-thumbnail","6":"product_cat-beige-servies-vieira-beige-mat","7":"product_cat-unro-cadeautips","8":"product_cat-koffiekopjes","9":"product_cat-kopjes-en-mokken","10":"product_cat-unro-nieuw-portugees-servies","11":"product_cat-terrafina","12":"product_tag-250-ml","13":"product_tag-beige","14":"product_tag-cadeau","15":"product_tag-groot","16":"product_tag-grote","17":"product_tag-koffiekop","18":"product_tag-koffiekopje","19":"product_tag-koffiemok","20":"product_tag-kopje","21":"product_tag-mat","22":"product_tag-met-oor","23":"product_tag-mok","24":"product_tag-terrafina","25":"product_tag-theemok","26":"product_tag-vieira-beige","27":"product_tag-zand","29":"first","30":"instock","31":"sale","32":"taxable","33":"shipping-taxable","34":"purchasable","35":"product-type-simple"},"yoast_head":"<!-- This site is optimized with the Yoast SEO plugin v27.4 - https:\/\/yoast.com\/product\/yoast-seo-wordpress\/ -->\n<title>Beige Mok Groot 250 ml Vieira Beige - 1 stuk &#8226; UNRO<\/title>\n<meta name=\"description\" content=\"Ontdek de nieuwe beige mok groot met oor aan de zijkant. De mooie zandkleurige mok staat mooi in een natuurlijk interieur en is leuk als cadeau!\" \/>\n<meta name=\"robots\" content=\"index, follow, max-snippet:-1, max-image-preview:large, max-video-preview:-1\" \/>\n<link rel=\"canonical\" href=\"https:\/\/unrostore.com\/de-at\/shop\/tassen-und-becher\/kaffeetassen\/beiger-becher-gros-vieira-beige-1-stuck\/\" \/>\n<meta property=\"og:locale\" content=\"de_DE\" \/>\n<meta property=\"og:type\" content=\"article\" \/>\n<meta property=\"og:title\" content=\"Beige Mok Groot 250 ml Vieira Beige - 1 stuk &#8226; UNRO\" \/>\n<meta property=\"og:description\" content=\"Ontdek de nieuwe beige mok groot met oor aan de zijkant. De mooie zandkleurige mok staat mooi in een natuurlijk interieur en is leuk als cadeau!\" \/>\n<meta property=\"og:url\" content=\"https:\/\/unrostore.com\/de-at\/shop\/tassen-und-becher\/kaffeetassen\/beiger-becher-gros-vieira-beige-1-stuck\/\" \/>\n<meta property=\"og:site_name\" content=\"UNRO\" \/>\n<meta property=\"article:modified_time\" content=\"2026-03-25T17:36:20+00:00\" \/>\n<meta property=\"og:image\" content=\"https:\/\/unrostore.com\/wp-content\/uploads\/2024\/05\/unro-beige-mok-portugees-servies.webp\" \/>\n\t<meta property=\"og:image:width\" content=\"1000\" \/>\n\t<meta property=\"og:image:height\" content=\"1000\" \/>\n\t<meta property=\"og:image:type\" content=\"image\/webp\" \/>\n<meta name=\"twitter:card\" content=\"summary_large_image\" \/>\n<script type=\"application\/ld+json\" class=\"yoast-schema-graph\">{\"@context\":\"https:\\\/\\\/schema.org\",\"@graph\":[{\"@type\":\"WebPage\",\"@id\":\"https:\\\/\\\/unrostore.com\\\/shop\\\/kopjes-en-mokken\\\/koffiekopjes\\\/beige-mok-groot-vieira-beige-1-stuk\\\/\",\"url\":\"https:\\\/\\\/unrostore.com\\\/shop\\\/kopjes-en-mokken\\\/koffiekopjes\\\/beige-mok-groot-vieira-beige-1-stuk\\\/\",\"name\":\"Beige Mok Groot 250 ml Vieira Beige - 1 stuk &#8226; UNRO\",\"isPartOf\":{\"@id\":\"https:\\\/\\\/unrostore.com\\\/#website\"},\"primaryImageOfPage\":{\"@id\":\"https:\\\/\\\/unrostore.com\\\/shop\\\/kopjes-en-mokken\\\/koffiekopjes\\\/beige-mok-groot-vieira-beige-1-stuk\\\/#primaryimage\"},\"image\":{\"@id\":\"https:\\\/\\\/unrostore.com\\\/shop\\\/kopjes-en-mokken\\\/koffiekopjes\\\/beige-mok-groot-vieira-beige-1-stuk\\\/#primaryimage\"},\"thumbnailUrl\":\"https:\\\/\\\/unrostore.com\\\/wp-content\\\/uploads\\\/2024\\\/05\\\/unro-beige-mok-portugees-servies.webp\",\"datePublished\":\"2024-05-19T13:08:55+00:00\",\"dateModified\":\"2026-03-25T17:36:20+00:00\",\"description\":\"Ontdek de nieuwe beige mok groot met oor aan de zijkant. De mooie zandkleurige mok staat mooi in een natuurlijk interieur en is leuk als cadeau!\",\"breadcrumb\":{\"@id\":\"https:\\\/\\\/unrostore.com\\\/shop\\\/kopjes-en-mokken\\\/koffiekopjes\\\/beige-mok-groot-vieira-beige-1-stuk\\\/#breadcrumb\"},\"inLanguage\":\"de-AT\",\"potentialAction\":[{\"@type\":\"ReadAction\",\"target\":[\"https:\\\/\\\/unrostore.com\\\/shop\\\/kopjes-en-mokken\\\/koffiekopjes\\\/beige-mok-groot-vieira-beige-1-stuk\\\/\"]}]},{\"@type\":\"ImageObject\",\"inLanguage\":\"de-AT\",\"@id\":\"https:\\\/\\\/unrostore.com\\\/shop\\\/kopjes-en-mokken\\\/koffiekopjes\\\/beige-mok-groot-vieira-beige-1-stuk\\\/#primaryimage\",\"url\":\"https:\\\/\\\/unrostore.com\\\/wp-content\\\/uploads\\\/2024\\\/05\\\/unro-beige-mok-portugees-servies.webp\",\"contentUrl\":\"https:\\\/\\\/unrostore.com\\\/wp-content\\\/uploads\\\/2024\\\/05\\\/unro-beige-mok-portugees-servies.webp\",\"width\":1000,\"height\":1000,\"caption\":\"beige koffiemok groot\"},{\"@type\":\"BreadcrumbList\",\"@id\":\"https:\\\/\\\/unrostore.com\\\/shop\\\/kopjes-en-mokken\\\/koffiekopjes\\\/beige-mok-groot-vieira-beige-1-stuk\\\/#breadcrumb\",\"itemListElement\":[{\"@type\":\"ListItem\",\"position\":1,\"name\":\"Home\",\"item\":\"https:\\\/\\\/unrostore.com\\\/\"},{\"@type\":\"ListItem\",\"position\":2,\"name\":\"Shop\",\"item\":\"https:\\\/\\\/unrostore.com\\\/shop\\\/\"},{\"@type\":\"ListItem\",\"position\":3,\"name\":\"Beige Mok Groot 250 ml Vieira Beige &#8211; 1 stuk\"}]},{\"@type\":\"WebSite\",\"@id\":\"https:\\\/\\\/unrostore.com\\\/#website\",\"url\":\"https:\\\/\\\/unrostore.com\\\/\",\"name\":\"UNRO\",\"description\":\"Portugees servies waar je blij van wordt!\",\"publisher\":{\"@id\":\"https:\\\/\\\/unrostore.com\\\/#organization\"},\"potentialAction\":[{\"@type\":\"SearchAction\",\"target\":{\"@type\":\"EntryPoint\",\"urlTemplate\":\"https:\\\/\\\/unrostore.com\\\/?s={search_term_string}\"},\"query-input\":{\"@type\":\"PropertyValueSpecification\",\"valueRequired\":true,\"valueName\":\"search_term_string\"}}],\"inLanguage\":\"de-AT\"},{\"@type\":\"Organization\",\"@id\":\"https:\\\/\\\/unrostore.com\\\/#organization\",\"name\":\"UNRO\",\"url\":\"https:\\\/\\\/unrostore.com\\\/\",\"logo\":{\"@type\":\"ImageObject\",\"inLanguage\":\"de-AT\",\"@id\":\"https:\\\/\\\/unrostore.com\\\/#\\\/schema\\\/logo\\\/image\\\/\",\"url\":\"https:\\\/\\\/unrostore.com\\\/wp-content\\\/uploads\\\/2022\\\/05\\\/Logo-UNRO.png\",\"contentUrl\":\"https:\\\/\\\/unrostore.com\\\/wp-content\\\/uploads\\\/2022\\\/05\\\/Logo-UNRO.png\",\"width\":605,\"height\":179,\"caption\":\"UNRO\"},\"image\":{\"@id\":\"https:\\\/\\\/unrostore.com\\\/#\\\/schema\\\/logo\\\/image\\\/\"}}]}<\/script>\n<!-- \/ Yoast SEO plugin. -->","yoast_head_json":{"title":"Beige Becher Gro\u00df 250 ml Vieira Beige - 1 St\u00fcck - UNRO","description":"Entdecken Sie den neuen beigen Becher gro\u00df mit Ohr an der Seite. Der h\u00fcbsche sandfarbene Becher sieht in nat\u00fcrlichen Interieurs toll aus und ist ein sch\u00f6nes Geschenk!","robots":{"index":"index","follow":"follow","max-snippet":"max-snippet:-1","max-image-preview":"max-image-preview:large","max-video-preview":"max-video-preview:-1"},"canonical":"https:\/\/unrostore.com\/de-at\/shop\/tassen-und-becher\/kaffeetassen\/beiger-becher-gros-vieira-beige-1-stuck\/","og_locale":"de_DE","og_type":"article","og_title":"Beige Mok Groot 250 ml Vieira Beige - 1 stuk &#8226; UNRO","og_description":"Ontdek de nieuwe beige mok groot met oor aan de zijkant. De mooie zandkleurige mok staat mooi in een natuurlijk interieur en is leuk als cadeau!","og_url":"https:\/\/unrostore.com\/de-at\/shop\/tassen-und-becher\/kaffeetassen\/beiger-becher-gros-vieira-beige-1-stuck\/","og_site_name":"UNRO","article_modified_time":"2026-03-25T17:36:20+00:00","og_image":[{"width":1000,"height":1000,"url":"https:\/\/unrostore.com\/wp-content\/uploads\/2024\/05\/unro-beige-mok-portugees-servies.webp","type":"image\/webp"}],"twitter_card":"summary_large_image","schema":{"@context":"https:\/\/schema.org","@graph":[{"@type":"WebPage","@id":"https:\/\/unrostore.com\/shop\/kopjes-en-mokken\/koffiekopjes\/beige-mok-groot-vieira-beige-1-stuk\/","url":"https:\/\/unrostore.com\/shop\/kopjes-en-mokken\/koffiekopjes\/beige-mok-groot-vieira-beige-1-stuk\/","name":"Beige Becher Gro\u00df 250 ml Vieira Beige - 1 St\u00fcck - UNRO","isPartOf":{"@id":"https:\/\/unrostore.com\/#website"},"primaryImageOfPage":{"@id":"https:\/\/unrostore.com\/shop\/kopjes-en-mokken\/koffiekopjes\/beige-mok-groot-vieira-beige-1-stuk\/#primaryimage"},"image":{"@id":"https:\/\/unrostore.com\/shop\/kopjes-en-mokken\/koffiekopjes\/beige-mok-groot-vieira-beige-1-stuk\/#primaryimage"},"thumbnailUrl":"https:\/\/unrostore.com\/wp-content\/uploads\/2024\/05\/unro-beige-mok-portugees-servies.webp","datePublished":"2024-05-19T13:08:55+00:00","dateModified":"2026-03-25T17:36:20+00:00","description":"Entdecken Sie den neuen beigen Becher gro\u00df mit Ohr an der Seite. Der h\u00fcbsche sandfarbene Becher sieht in nat\u00fcrlichen Interieurs toll aus und ist ein sch\u00f6nes Geschenk!","breadcrumb":{"@id":"https:\/\/unrostore.com\/shop\/kopjes-en-mokken\/koffiekopjes\/beige-mok-groot-vieira-beige-1-stuk\/#breadcrumb"},"inLanguage":"de-AT","potentialAction":[{"@type":"ReadAction","target":["https:\/\/unrostore.com\/shop\/kopjes-en-mokken\/koffiekopjes\/beige-mok-groot-vieira-beige-1-stuk\/"]}]},{"@type":"ImageObject","inLanguage":"de-AT","@id":"https:\/\/unrostore.com\/shop\/kopjes-en-mokken\/koffiekopjes\/beige-mok-groot-vieira-beige-1-stuk\/#primaryimage","url":"https:\/\/unrostore.com\/wp-content\/uploads\/2024\/05\/unro-beige-mok-portugees-servies.webp","contentUrl":"https:\/\/unrostore.com\/wp-content\/uploads\/2024\/05\/unro-beige-mok-portugees-servies.webp","width":1000,"height":1000,"caption":"beige koffiemok groot"},{"@type":"BreadcrumbList","@id":"https:\/\/unrostore.com\/shop\/kopjes-en-mokken\/koffiekopjes\/beige-mok-groot-vieira-beige-1-stuk\/#breadcrumb","itemListElement":[{"@type":"ListItem","position":1,"name":"Home","item":"https:\/\/unrostore.com\/"},{"@type":"ListItem","position":2,"name":"Shop","item":"https:\/\/unrostore.com\/shop\/"},{"@type":"ListItem","position":3,"name":"Beige Mok Groot 250 ml Vieira Beige &#8211; 1 stuk"}]},{"@type":"WebSite","@id":"https:\/\/unrostore.com\/#website","url":"https:\/\/unrostore.com\/","name":"UNRO","description":"Portugiesisches Geschirr, das Sie gl\u00fccklich machen wird!","publisher":{"@id":"https:\/\/unrostore.com\/#organization"},"potentialAction":[{"@type":"SearchAction","target":{"@type":"EntryPoint","urlTemplate":"https:\/\/unrostore.com\/?s={search_term_string}"},"query-input":{"@type":"PropertyValueSpecification","valueRequired":true,"valueName":"search_term_string"}}],"inLanguage":"de-AT"},{"@type":"Organization","@id":"https:\/\/unrostore.com\/#organization","name":"UNRO","url":"https:\/\/unrostore.com\/","logo":{"@type":"ImageObject","inLanguage":"de-AT","@id":"https:\/\/unrostore.com\/#\/schema\/logo\/image\/","url":"https:\/\/unrostore.com\/wp-content\/uploads\/2022\/05\/Logo-UNRO.png","contentUrl":"https:\/\/unrostore.com\/wp-content\/uploads\/2022\/05\/Logo-UNRO.png","width":605,"height":179,"caption":"UNRO"},"image":{"@id":"https:\/\/unrostore.com\/#\/schema\/logo\/image\/"}}]}},"_links":{"self":[{"href":"https:\/\/unrostore.com\/de-at\/wp-json\/wp\/v2\/product\/7684","targetHints":{"allow":["GET"]}}],"collection":[{"href":"https:\/\/unrostore.com\/de-at\/wp-json\/wp\/v2\/product"}],"about":[{"href":"https:\/\/unrostore.com\/de-at\/wp-json\/wp\/v2\/types\/product"}],"wp:featuredmedia":[{"embeddable":true,"href":"https:\/\/unrostore.com\/de-at\/wp-json\/wp\/v2\/media\/7685"}],"wp:attachment":[{"href":"https:\/\/unrostore.com\/de-at\/wp-json\/wp\/v2\/media?parent=7684"}],"wp:term":[{"taxonomy":"product_brand","embeddable":true,"href":"https:\/\/unrostore.com\/de-at\/wp-json\/wp\/v2\/product_brand?post=7684"},{"taxonomy":"product_cat","embeddable":true,"href":"https:\/\/unrostore.com\/de-at\/wp-json\/wp\/v2\/product_cat?post=7684"},{"taxonomy":"product_tag","embeddable":true,"href":"https:\/\/unrostore.com\/de-at\/wp-json\/wp\/v2\/product_tag?post=7684"}],"curies":[{"name":"wp","href":"https:\/\/api.w.org\/{rel}","templated":true}]}}