{"id":7654,"date":"2024-05-17T18:16:32","date_gmt":"2024-05-17T18:16:32","guid":{"rendered":"https:\/\/unrostore.com\/?post_type=product&#038;p=7654"},"modified":"2026-03-10T12:01:23","modified_gmt":"2026-03-10T12:01:23","slug":"weiser-teebecher-segel-1-stuck","status":"publish","type":"product","link":"https:\/\/unrostore.com\/de-at\/shop\/terrafina\/sail\/weiser-teebecher-segel-1-stuck\/","title":{"rendered":"Wei\u00dfer Teebecher 450 ml Segel - 1 St\u00fcck"},"content":{"rendered":"<h3>Einzigartiges Design: der wei\u00dfe Teebecher mit sch\u00f6nem blauen Innenleben<\/h3>\n<p>Die<strong> wei\u00dfer Teebecher Sail - 1 St\u00fcck<\/strong> von <a href=\"https:\/\/www.terrafinastore.com\/en\/collections\/coffee\">Terrafina<\/a> aus Portugal ist ein wei\u00dfer Becher, aber mit einer besonderen Note. Dieser handgefertigte Keramikbecher wird Sie mit seinem sch\u00f6nen Design auf der Innenseite mit blauen Farben und gr\u00fcnen und lila T\u00f6nen \u00fcberraschen. Die kugelf\u00f6rmige Form des 450ml Bechers trinkt sich sehr angenehm. Unterst\u00fctzt wird dies durch das Ohr an der Seite. Dar\u00fcber hinaus ist der portugiesische wei\u00dfe Becher ein sch\u00f6nes Geschenk f\u00fcr Ihre Mutter, Ihren Vater, Ihren Bruder, Ihre Schwester, Ihren Freund oder Ihre Freundin. Es ist ein sch\u00f6nes Geschenk, das bereits in einem Geschenkkarton verpackt kommt. Wenn Sie ein einzigartiges und originelles Geschenk machen wollen, ist die wei\u00dfe Teetasse Sail perfekt daf\u00fcr geeignet. Sie ist auch in einer <a href=\"https:\/\/unrostore.com\/de-at\/shop\/terrafina\/sail\/teebecher-weises-segel-2-stuck\/\"><strong>Set mit zwei wei\u00dfen Bechern<\/strong><\/a>als Zwischenvariante in einer <a href=\"https:\/\/unrostore.com\/de-at\/shop\/terrafina\/sail\/weiser-kaffeebecher-segel\/\"><strong>Kaffeetasse<\/strong><\/a> Format, als <a href=\"https:\/\/unrostore.com\/de-at\/shop\/terrafina\/sail\/weise-kaffeebecher-groses-segel\/\"><strong>Kaffeebecher-Set<\/strong><\/a>als <a href=\"https:\/\/unrostore.com\/de-at\/shop\/terrafina\/sail\/weise-espressotassen-segel-2-stuck\/\"><strong>Espressotassen<\/strong><\/a> und als <strong>Espressotassen ohne Henkel<\/strong>. Das ideale Modell f\u00fcr jede Tasse Kaffee oder Tee, w\u00e4hlen Sie Ihren Favoriten und genie\u00dfen Sie!<\/p>\n<h3>Dies ist die Anzahl der Tassen, die Sie erhalten werden<\/h3>\n<ul>\n<li>1x Segelbecher (450ml trinkbares Fassungsverm\u00f6gen)<\/li>\n<li>1x Terrafina Geschenkbox<\/li>\n<\/ul>\n<p>&nbsp;<\/p>\n<p><em><strong>Nachhaltig f\u00fcr Mensch und Umwelt:<\/strong><br \/>\nJedes Produkt ist ein Unikat, denn es wird in Handarbeit hergestellt.<br \/>\nDruck und Textur k\u00f6nnen daher leicht vom Produktfoto abweichen.<\/em><\/p>","protected":false},"excerpt":{"rendered":"<div class=\"usps\"><i class=\"far fa-check-circle\"><\/i> Mikrowellenfest<br \/>\n<i class=\"far fa-check-circle\"><\/i> Backofenfest (bis zu 200 Grad)<br \/>\n<i class=\"far fa-check-circle\"><\/i> Sp\u00fclmaschinentauglich<br \/>\n<i class=\"far fa-thumbs-up\"><\/i> Handgefertigt<\/div>","protected":false},"featured_media":7660,"template":"","meta":[],"product_brand":[],"product_cat":[869,316,132,870,871,119,139],"product_tag":[972,973,976,977,969,635,971,370,652,114,124,123,933,224,783,608],"class_list":{"0":"post-7654","1":"product","2":"type-product","3":"status-publish","4":"has-post-thumbnail","6":"product_cat-unro-cadeautips","7":"product_cat-cappuccino-mokken","8":"product_cat-kopjes-en-mokken","9":"product_cat-unro-nieuw-portugees-servies","10":"product_cat-unro-populair-portugees-keramiek","11":"product_cat-terrafina","12":"product_cat-sail","13":"product_tag-450-ml","14":"product_tag-500-ml","15":"product_tag-blauw-met-wit","16":"product_tag-extra-groot","17":"product_tag-grote","18":"product_tag-koffiemok","19":"product_tag-kop","20":"product_tag-kopje","21":"product_tag-met-oor","22":"product_tag-mok","23":"product_tag-sail","24":"product_tag-terrafina","25":"product_tag-theemok","26":"product_tag-wit","27":"product_tag-wit-met-blauw","28":"product_tag-witte","30":"first","31":"instock","32":"sale","33":"taxable","34":"shipping-taxable","35":"purchasable","36":"product-type-simple"},"yoast_head":"<!-- This site is optimized with the Yoast SEO plugin v27.4 - https:\/\/yoast.com\/product\/yoast-seo-wordpress\/ -->\n<title>Witte Theemok 450 ml Sail - 1 stuk &#8226; UNRO<\/title>\n<meta name=\"description\" content=\"Ga voor de unieke Portugese witte theemok met een prachtig blauw geglazuurd ontwerp aan de binnenkant en laat je verrassen!\" \/>\n<meta name=\"robots\" content=\"index, follow, max-snippet:-1, max-image-preview:large, max-video-preview:-1\" \/>\n<link rel=\"canonical\" href=\"https:\/\/unrostore.com\/de-at\/shop\/terrafina\/sail\/weiser-teebecher-segel-1-stuck\/\" \/>\n<meta property=\"og:locale\" content=\"de_DE\" \/>\n<meta property=\"og:type\" content=\"article\" \/>\n<meta property=\"og:title\" content=\"Witte Theemok 450 ml Sail - 1 stuk &#8226; UNRO\" \/>\n<meta property=\"og:description\" content=\"Ga voor de unieke Portugese witte theemok met een prachtig blauw geglazuurd ontwerp aan de binnenkant en laat je verrassen!\" \/>\n<meta property=\"og:url\" content=\"https:\/\/unrostore.com\/de-at\/shop\/terrafina\/sail\/weiser-teebecher-segel-1-stuck\/\" \/>\n<meta property=\"og:site_name\" content=\"UNRO\" \/>\n<meta property=\"article:modified_time\" content=\"2026-03-10T12:01:23+00:00\" \/>\n<meta property=\"og:image\" content=\"https:\/\/unrostore.com\/wp-content\/uploads\/2024\/05\/unro-witte-theemok-450-ml.webp\" \/>\n\t<meta property=\"og:image:width\" content=\"1000\" \/>\n\t<meta property=\"og:image:height\" content=\"1000\" \/>\n\t<meta property=\"og:image:type\" content=\"image\/webp\" \/>\n<meta name=\"twitter:card\" content=\"summary_large_image\" \/>\n<script type=\"application\/ld+json\" class=\"yoast-schema-graph\">{\"@context\":\"https:\\\/\\\/schema.org\",\"@graph\":[{\"@type\":\"WebPage\",\"@id\":\"https:\\\/\\\/unrostore.com\\\/shop\\\/terrafina\\\/sail\\\/witte-theemok-sail-1-stuk\\\/\",\"url\":\"https:\\\/\\\/unrostore.com\\\/shop\\\/terrafina\\\/sail\\\/witte-theemok-sail-1-stuk\\\/\",\"name\":\"Witte Theemok 450 ml Sail - 1 stuk &#8226; UNRO\",\"isPartOf\":{\"@id\":\"https:\\\/\\\/unrostore.com\\\/#website\"},\"primaryImageOfPage\":{\"@id\":\"https:\\\/\\\/unrostore.com\\\/shop\\\/terrafina\\\/sail\\\/witte-theemok-sail-1-stuk\\\/#primaryimage\"},\"image\":{\"@id\":\"https:\\\/\\\/unrostore.com\\\/shop\\\/terrafina\\\/sail\\\/witte-theemok-sail-1-stuk\\\/#primaryimage\"},\"thumbnailUrl\":\"https:\\\/\\\/unrostore.com\\\/wp-content\\\/uploads\\\/2024\\\/05\\\/unro-witte-theemok-450-ml.webp\",\"datePublished\":\"2024-05-17T18:16:32+00:00\",\"dateModified\":\"2026-03-10T12:01:23+00:00\",\"description\":\"Ga voor de unieke Portugese witte theemok met een prachtig blauw geglazuurd ontwerp aan de binnenkant en laat je verrassen!\",\"breadcrumb\":{\"@id\":\"https:\\\/\\\/unrostore.com\\\/shop\\\/terrafina\\\/sail\\\/witte-theemok-sail-1-stuk\\\/#breadcrumb\"},\"inLanguage\":\"de-AT\",\"potentialAction\":[{\"@type\":\"ReadAction\",\"target\":[\"https:\\\/\\\/unrostore.com\\\/shop\\\/terrafina\\\/sail\\\/witte-theemok-sail-1-stuk\\\/\"]}]},{\"@type\":\"ImageObject\",\"inLanguage\":\"de-AT\",\"@id\":\"https:\\\/\\\/unrostore.com\\\/shop\\\/terrafina\\\/sail\\\/witte-theemok-sail-1-stuk\\\/#primaryimage\",\"url\":\"https:\\\/\\\/unrostore.com\\\/wp-content\\\/uploads\\\/2024\\\/05\\\/unro-witte-theemok-450-ml.webp\",\"contentUrl\":\"https:\\\/\\\/unrostore.com\\\/wp-content\\\/uploads\\\/2024\\\/05\\\/unro-witte-theemok-450-ml.webp\",\"width\":1000,\"height\":1000,\"caption\":\"witte theemok Sail Terrafina\"},{\"@type\":\"BreadcrumbList\",\"@id\":\"https:\\\/\\\/unrostore.com\\\/shop\\\/terrafina\\\/sail\\\/witte-theemok-sail-1-stuk\\\/#breadcrumb\",\"itemListElement\":[{\"@type\":\"ListItem\",\"position\":1,\"name\":\"Home\",\"item\":\"https:\\\/\\\/unrostore.com\\\/\"},{\"@type\":\"ListItem\",\"position\":2,\"name\":\"Shop\",\"item\":\"https:\\\/\\\/unrostore.com\\\/shop\\\/\"},{\"@type\":\"ListItem\",\"position\":3,\"name\":\"Witte Theemok 450 ml Sail &#8211; 1 stuk\"}]},{\"@type\":\"WebSite\",\"@id\":\"https:\\\/\\\/unrostore.com\\\/#website\",\"url\":\"https:\\\/\\\/unrostore.com\\\/\",\"name\":\"UNRO\",\"description\":\"Portugees servies waar je blij van wordt!\",\"publisher\":{\"@id\":\"https:\\\/\\\/unrostore.com\\\/#organization\"},\"potentialAction\":[{\"@type\":\"SearchAction\",\"target\":{\"@type\":\"EntryPoint\",\"urlTemplate\":\"https:\\\/\\\/unrostore.com\\\/?s={search_term_string}\"},\"query-input\":{\"@type\":\"PropertyValueSpecification\",\"valueRequired\":true,\"valueName\":\"search_term_string\"}}],\"inLanguage\":\"de-AT\"},{\"@type\":\"Organization\",\"@id\":\"https:\\\/\\\/unrostore.com\\\/#organization\",\"name\":\"UNRO\",\"url\":\"https:\\\/\\\/unrostore.com\\\/\",\"logo\":{\"@type\":\"ImageObject\",\"inLanguage\":\"de-AT\",\"@id\":\"https:\\\/\\\/unrostore.com\\\/#\\\/schema\\\/logo\\\/image\\\/\",\"url\":\"https:\\\/\\\/unrostore.com\\\/wp-content\\\/uploads\\\/2022\\\/05\\\/Logo-UNRO.png\",\"contentUrl\":\"https:\\\/\\\/unrostore.com\\\/wp-content\\\/uploads\\\/2022\\\/05\\\/Logo-UNRO.png\",\"width\":605,\"height\":179,\"caption\":\"UNRO\"},\"image\":{\"@id\":\"https:\\\/\\\/unrostore.com\\\/#\\\/schema\\\/logo\\\/image\\\/\"}}]}<\/script>\n<!-- \/ Yoast SEO plugin. -->","yoast_head_json":{"title":"Wei\u00dfer Teebecher 450 ml Segel - 1 St\u00fcck - UNRO","description":"Entscheiden Sie sich f\u00fcr die einzigartige portugiesische wei\u00dfe Teetasse mit einem sch\u00f6nen blauen Glasurmuster auf der Innenseite und lassen Sie sich \u00fcberraschen!","robots":{"index":"index","follow":"follow","max-snippet":"max-snippet:-1","max-image-preview":"max-image-preview:large","max-video-preview":"max-video-preview:-1"},"canonical":"https:\/\/unrostore.com\/de-at\/shop\/terrafina\/sail\/weiser-teebecher-segel-1-stuck\/","og_locale":"de_DE","og_type":"article","og_title":"Witte Theemok 450 ml Sail - 1 stuk &#8226; UNRO","og_description":"Ga voor de unieke Portugese witte theemok met een prachtig blauw geglazuurd ontwerp aan de binnenkant en laat je verrassen!","og_url":"https:\/\/unrostore.com\/de-at\/shop\/terrafina\/sail\/weiser-teebecher-segel-1-stuck\/","og_site_name":"UNRO","article_modified_time":"2026-03-10T12:01:23+00:00","og_image":[{"width":1000,"height":1000,"url":"https:\/\/unrostore.com\/wp-content\/uploads\/2024\/05\/unro-witte-theemok-450-ml.webp","type":"image\/webp"}],"twitter_card":"summary_large_image","schema":{"@context":"https:\/\/schema.org","@graph":[{"@type":"WebPage","@id":"https:\/\/unrostore.com\/shop\/terrafina\/sail\/witte-theemok-sail-1-stuk\/","url":"https:\/\/unrostore.com\/shop\/terrafina\/sail\/witte-theemok-sail-1-stuk\/","name":"Wei\u00dfer Teebecher 450 ml Segel - 1 St\u00fcck - UNRO","isPartOf":{"@id":"https:\/\/unrostore.com\/#website"},"primaryImageOfPage":{"@id":"https:\/\/unrostore.com\/shop\/terrafina\/sail\/witte-theemok-sail-1-stuk\/#primaryimage"},"image":{"@id":"https:\/\/unrostore.com\/shop\/terrafina\/sail\/witte-theemok-sail-1-stuk\/#primaryimage"},"thumbnailUrl":"https:\/\/unrostore.com\/wp-content\/uploads\/2024\/05\/unro-witte-theemok-450-ml.webp","datePublished":"2024-05-17T18:16:32+00:00","dateModified":"2026-03-10T12:01:23+00:00","description":"Entscheiden Sie sich f\u00fcr die einzigartige portugiesische wei\u00dfe Teetasse mit einem sch\u00f6nen blauen Glasurmuster auf der Innenseite und lassen Sie sich \u00fcberraschen!","breadcrumb":{"@id":"https:\/\/unrostore.com\/shop\/terrafina\/sail\/witte-theemok-sail-1-stuk\/#breadcrumb"},"inLanguage":"de-AT","potentialAction":[{"@type":"ReadAction","target":["https:\/\/unrostore.com\/shop\/terrafina\/sail\/witte-theemok-sail-1-stuk\/"]}]},{"@type":"ImageObject","inLanguage":"de-AT","@id":"https:\/\/unrostore.com\/shop\/terrafina\/sail\/witte-theemok-sail-1-stuk\/#primaryimage","url":"https:\/\/unrostore.com\/wp-content\/uploads\/2024\/05\/unro-witte-theemok-450-ml.webp","contentUrl":"https:\/\/unrostore.com\/wp-content\/uploads\/2024\/05\/unro-witte-theemok-450-ml.webp","width":1000,"height":1000,"caption":"witte theemok Sail Terrafina"},{"@type":"BreadcrumbList","@id":"https:\/\/unrostore.com\/shop\/terrafina\/sail\/witte-theemok-sail-1-stuk\/#breadcrumb","itemListElement":[{"@type":"ListItem","position":1,"name":"Home","item":"https:\/\/unrostore.com\/"},{"@type":"ListItem","position":2,"name":"Shop","item":"https:\/\/unrostore.com\/shop\/"},{"@type":"ListItem","position":3,"name":"Witte Theemok 450 ml Sail &#8211; 1 stuk"}]},{"@type":"WebSite","@id":"https:\/\/unrostore.com\/#website","url":"https:\/\/unrostore.com\/","name":"UNRO","description":"Portugiesisches Geschirr, das Sie gl\u00fccklich machen wird!","publisher":{"@id":"https:\/\/unrostore.com\/#organization"},"potentialAction":[{"@type":"SearchAction","target":{"@type":"EntryPoint","urlTemplate":"https:\/\/unrostore.com\/?s={search_term_string}"},"query-input":{"@type":"PropertyValueSpecification","valueRequired":true,"valueName":"search_term_string"}}],"inLanguage":"de-AT"},{"@type":"Organization","@id":"https:\/\/unrostore.com\/#organization","name":"UNRO","url":"https:\/\/unrostore.com\/","logo":{"@type":"ImageObject","inLanguage":"de-AT","@id":"https:\/\/unrostore.com\/#\/schema\/logo\/image\/","url":"https:\/\/unrostore.com\/wp-content\/uploads\/2022\/05\/Logo-UNRO.png","contentUrl":"https:\/\/unrostore.com\/wp-content\/uploads\/2022\/05\/Logo-UNRO.png","width":605,"height":179,"caption":"UNRO"},"image":{"@id":"https:\/\/unrostore.com\/#\/schema\/logo\/image\/"}}]}},"_links":{"self":[{"href":"https:\/\/unrostore.com\/de-at\/wp-json\/wp\/v2\/product\/7654","targetHints":{"allow":["GET"]}}],"collection":[{"href":"https:\/\/unrostore.com\/de-at\/wp-json\/wp\/v2\/product"}],"about":[{"href":"https:\/\/unrostore.com\/de-at\/wp-json\/wp\/v2\/types\/product"}],"wp:featuredmedia":[{"embeddable":true,"href":"https:\/\/unrostore.com\/de-at\/wp-json\/wp\/v2\/media\/7660"}],"wp:attachment":[{"href":"https:\/\/unrostore.com\/de-at\/wp-json\/wp\/v2\/media?parent=7654"}],"wp:term":[{"taxonomy":"product_brand","embeddable":true,"href":"https:\/\/unrostore.com\/de-at\/wp-json\/wp\/v2\/product_brand?post=7654"},{"taxonomy":"product_cat","embeddable":true,"href":"https:\/\/unrostore.com\/de-at\/wp-json\/wp\/v2\/product_cat?post=7654"},{"taxonomy":"product_tag","embeddable":true,"href":"https:\/\/unrostore.com\/de-at\/wp-json\/wp\/v2\/product_tag?post=7654"}],"curies":[{"name":"wp","href":"https:\/\/api.w.org\/{rel}","templated":true}]}}