{"id":7608,"date":"2024-05-17T15:26:06","date_gmt":"2024-05-17T15:26:06","guid":{"rendered":"https:\/\/unrostore.com\/?post_type=product&#038;p=7608"},"modified":"2026-01-19T20:36:31","modified_gmt":"2026-01-19T20:36:31","slug":"grunes-tiefes-schusselset-amazonia-grun","status":"publish","type":"product","link":"https:\/\/unrostore.com\/de-at\/shop\/terrafina\/amazonia-grun\/grunes-tiefes-schusselset-amazonia-grun\/","title":{"rendered":"Gr\u00fcnes tiefes Sch\u00fcsselset - Amazonia Green"},"content":{"rendered":"<h3>Vielseitiges gr\u00fcnes, ovalen tiefes Sch\u00fcssel-Set<\/h3>\n<p>Das Oval <strong>gr\u00fcnes tiefes Sch\u00fcsselset\u00a0<\/strong>von <a href=\"https:\/\/www.terrafinastore.com\/en\/collections\/sail\">Terrafina<\/a> ist nicht nur praktisch in der Anwendung, sondern auch sehr h\u00fcbsch f\u00fcr den Tisch oder die K\u00fcche! Ob Sie die gr\u00fcnen ovalen Schalen als Obstschale, Auflaufform, Salatsch\u00fcssel oder Schale f\u00fcr Gem\u00fcse, Zwiebeln und Knoblauch verwenden, die Tiefe der gr\u00fcnen Schalen macht die gr\u00fcnen Servierschalen sehr praktisch und zu einem Blickfang in Ihrer Einrichtung. Au\u00dferdem eignet sich dieses Set aus 2 tiefen Servierschalen sehr gut als Geschenk f\u00fcr M\u00e4nner und Frauen zum Geburtstag, zur Einweihung oder zum Jahrestag. Sehen Sie sich das 2er-Set an <strong><a href=\"https:\/\/unrostore.com\/de-at\/shop\/terrafina\/amazonia-grun\/grunes-serviergeschirr-amazonia-grun-2-grosen\/\">flache Servierschalen gr\u00fcn<\/a><\/strong>, die Runde <strong><a href=\"https:\/\/unrostore.com\/de-at\/shop\/terrafina\/amazonia-grun\/obstschale-grun-amazonia-grun\/\">gr\u00fcne Obstschale\/ Salatsch\u00fcssel<\/a><\/strong> und die <strong><a href=\"https:\/\/unrostore.com\/de-at\/shop\/dekoration-2\/vasen\/amazonia-gruner-krug\/\">gr\u00fcner Krug<\/a><\/strong> zur Erg\u00e4nzung Ihres Serviersets. Suchen Sie ein passendes komplettes Service? Dann werfen Sie einen Blick auf unser <strong><a href=\"https:\/\/unrostore.com\/de-at\/shop\/terrafina\/amazonia-grun\/grunes-geschirr-set-pasta-teller-und-schalen-amazonia-grun\/\">Gr\u00fcnes Geschirrset 16-teilig<\/a><\/strong> mit Pastatellern und Sch\u00fcsseln oder den etwas kleineren Versionen: <strong><a href=\"https:\/\/unrostore.com\/de-at\/shop\/terrafina\/amazonia-grun\/geschirrset-grun-nudelteller-amazonia-grun\/\">gr\u00fcnes Geschirrset 12-teilig mit Pastatellern<\/a><\/strong> ob die <strong><a href=\"https:\/\/unrostore.com\/de-at\/shop\/terrafina\/amazonia-grun\/geschirrset-amazonia-grun-4-personen\/\">gr\u00fcnes Geschirrset 12-teilig mit Schalen<\/a><\/strong>.<\/p>\n<h3>Dies ist die Anzahl tiefen Schalen, die Sie geliefert bekommen<\/h3>\n<ul>\n<li>1x Gro\u00dfe tiefe Sch\u00fcssel 32,5 x 20 x 7,4 cm (1,6 L)<\/li>\n<li>1x Mittelgro\u00dfe tiefe Schale 25 x 16,5 x 6,5 cm (1L)<\/li>\n<li>1x Terrafina Geschenkbox<\/li>\n<\/ul>\n<p>&nbsp;<\/p>\n<p><em><strong>Nachhaltig f\u00fcr Mensch und Umwelt:<\/strong><br \/>\nJedes Produkt ist ein Unikat, denn es wird in Handarbeit hergestellt.<br \/>\nDruck und Textur k\u00f6nnen daher leicht vom Produktfoto abweichen.<\/em><\/p>","protected":false},"excerpt":{"rendered":"<div class=\"usps\"><i class=\"far fa-check-circle\"><\/i> Mikrowellenfest<br \/>\n<i class=\"far fa-check-circle\"><\/i> Backofenfest (bis zu 200 Grad)<br \/>\n<i class=\"far fa-check-circle\"><\/i> Sp\u00fclmaschinentauglich<br \/>\n<i class=\"far fa-thumbs-up\"><\/i> Handgefertigt<\/div>","protected":false},"featured_media":7615,"template":"","meta":[],"product_brand":[],"product_cat":[273,170,870,138,119],"product_tag":[147,173,964,876,260,631,252,334,148,785,629],"class_list":{"0":"post-7608","1":"product","2":"type-product","3":"status-publish","4":"has-post-thumbnail","6":"product_cat-decoratie","7":"product_cat-amazonia-green","8":"product_cat-unro-nieuw-portugees-servies","9":"product_cat-serveerschalen","10":"product_cat-terrafina","11":"product_tag-amazonia","12":"product_tag-amazonia-green","13":"product_tag-diepe","14":"product_tag-groene","15":"product_tag-ovaal","16":"product_tag-saladeschaal","17":"product_tag-schaal","18":"product_tag-schalen","19":"product_tag-serveerschaal","20":"product_tag-set-van-2","21":"product_tag-slakom","23":"first","24":"outofstock","25":"sale","26":"taxable","27":"shipping-taxable","28":"purchasable","29":"product-type-simple"},"yoast_head":"<!-- This site is optimized with the Yoast SEO plugin v27.4 - https:\/\/yoast.com\/product\/yoast-seo-wordpress\/ -->\n<title>Groene Diepe Schalen Set - Amazonia Green &#8226; UNRO<\/title>\n<meta name=\"description\" content=\"Ontdek deze set van groene diepe schalen van handgemaakt keramiek uit Portugal. Ideaal als serveerschalen in jouw keuken of op de eettafel!\" \/>\n<meta name=\"robots\" content=\"index, follow, max-snippet:-1, max-image-preview:large, max-video-preview:-1\" \/>\n<link rel=\"canonical\" href=\"https:\/\/unrostore.com\/de-at\/shop\/terrafina\/amazonia-grun\/grunes-tiefes-schusselset-amazonia-grun\/\" \/>\n<meta property=\"og:locale\" content=\"de_DE\" \/>\n<meta property=\"og:type\" content=\"article\" \/>\n<meta property=\"og:title\" content=\"Groene Diepe Schalen Set - Amazonia Green &#8226; UNRO\" \/>\n<meta property=\"og:description\" content=\"Ontdek deze set van groene diepe schalen van handgemaakt keramiek uit Portugal. Ideaal als serveerschalen in jouw keuken of op de eettafel!\" \/>\n<meta property=\"og:url\" content=\"https:\/\/unrostore.com\/de-at\/shop\/terrafina\/amazonia-grun\/grunes-tiefes-schusselset-amazonia-grun\/\" \/>\n<meta property=\"og:site_name\" content=\"UNRO\" \/>\n<meta property=\"article:modified_time\" content=\"2026-01-19T20:36:31+00:00\" \/>\n<meta property=\"og:image\" content=\"https:\/\/unrostore.com\/wp-content\/uploads\/2024\/05\/unro-groene-diepe-schalen-set.webp\" \/>\n\t<meta property=\"og:image:width\" content=\"1000\" \/>\n\t<meta property=\"og:image:height\" content=\"1000\" \/>\n\t<meta property=\"og:image:type\" content=\"image\/webp\" \/>\n<meta name=\"twitter:card\" content=\"summary_large_image\" \/>\n<script type=\"application\/ld+json\" class=\"yoast-schema-graph\">{\"@context\":\"https:\\\/\\\/schema.org\",\"@graph\":[{\"@type\":\"WebPage\",\"@id\":\"https:\\\/\\\/unrostore.com\\\/shop\\\/terrafina\\\/amazonia-green\\\/groene-diepe-schalen-set-amazonia-green\\\/\",\"url\":\"https:\\\/\\\/unrostore.com\\\/shop\\\/terrafina\\\/amazonia-green\\\/groene-diepe-schalen-set-amazonia-green\\\/\",\"name\":\"Groene Diepe Schalen Set - Amazonia Green &#8226; UNRO\",\"isPartOf\":{\"@id\":\"https:\\\/\\\/unrostore.com\\\/#website\"},\"primaryImageOfPage\":{\"@id\":\"https:\\\/\\\/unrostore.com\\\/shop\\\/terrafina\\\/amazonia-green\\\/groene-diepe-schalen-set-amazonia-green\\\/#primaryimage\"},\"image\":{\"@id\":\"https:\\\/\\\/unrostore.com\\\/shop\\\/terrafina\\\/amazonia-green\\\/groene-diepe-schalen-set-amazonia-green\\\/#primaryimage\"},\"thumbnailUrl\":\"https:\\\/\\\/unrostore.com\\\/wp-content\\\/uploads\\\/2024\\\/05\\\/unro-groene-diepe-schalen-set.webp\",\"datePublished\":\"2024-05-17T15:26:06+00:00\",\"dateModified\":\"2026-01-19T20:36:31+00:00\",\"description\":\"Ontdek deze set van groene diepe schalen van handgemaakt keramiek uit Portugal. Ideaal als serveerschalen in jouw keuken of op de eettafel!\",\"breadcrumb\":{\"@id\":\"https:\\\/\\\/unrostore.com\\\/shop\\\/terrafina\\\/amazonia-green\\\/groene-diepe-schalen-set-amazonia-green\\\/#breadcrumb\"},\"inLanguage\":\"de-AT\",\"potentialAction\":[{\"@type\":\"ReadAction\",\"target\":[\"https:\\\/\\\/unrostore.com\\\/shop\\\/terrafina\\\/amazonia-green\\\/groene-diepe-schalen-set-amazonia-green\\\/\"]}]},{\"@type\":\"ImageObject\",\"inLanguage\":\"de-AT\",\"@id\":\"https:\\\/\\\/unrostore.com\\\/shop\\\/terrafina\\\/amazonia-green\\\/groene-diepe-schalen-set-amazonia-green\\\/#primaryimage\",\"url\":\"https:\\\/\\\/unrostore.com\\\/wp-content\\\/uploads\\\/2024\\\/05\\\/unro-groene-diepe-schalen-set.webp\",\"contentUrl\":\"https:\\\/\\\/unrostore.com\\\/wp-content\\\/uploads\\\/2024\\\/05\\\/unro-groene-diepe-schalen-set.webp\",\"width\":1000,\"height\":1000,\"caption\":\"groene diepe schalen set\"},{\"@type\":\"BreadcrumbList\",\"@id\":\"https:\\\/\\\/unrostore.com\\\/shop\\\/terrafina\\\/amazonia-green\\\/groene-diepe-schalen-set-amazonia-green\\\/#breadcrumb\",\"itemListElement\":[{\"@type\":\"ListItem\",\"position\":1,\"name\":\"Home\",\"item\":\"https:\\\/\\\/unrostore.com\\\/\"},{\"@type\":\"ListItem\",\"position\":2,\"name\":\"Shop\",\"item\":\"https:\\\/\\\/unrostore.com\\\/shop\\\/\"},{\"@type\":\"ListItem\",\"position\":3,\"name\":\"Groene Diepe Schalen Set &#8211; Amazonia Green\"}]},{\"@type\":\"WebSite\",\"@id\":\"https:\\\/\\\/unrostore.com\\\/#website\",\"url\":\"https:\\\/\\\/unrostore.com\\\/\",\"name\":\"UNRO\",\"description\":\"Portugees servies waar je blij van wordt!\",\"publisher\":{\"@id\":\"https:\\\/\\\/unrostore.com\\\/#organization\"},\"potentialAction\":[{\"@type\":\"SearchAction\",\"target\":{\"@type\":\"EntryPoint\",\"urlTemplate\":\"https:\\\/\\\/unrostore.com\\\/?s={search_term_string}\"},\"query-input\":{\"@type\":\"PropertyValueSpecification\",\"valueRequired\":true,\"valueName\":\"search_term_string\"}}],\"inLanguage\":\"de-AT\"},{\"@type\":\"Organization\",\"@id\":\"https:\\\/\\\/unrostore.com\\\/#organization\",\"name\":\"UNRO\",\"url\":\"https:\\\/\\\/unrostore.com\\\/\",\"logo\":{\"@type\":\"ImageObject\",\"inLanguage\":\"de-AT\",\"@id\":\"https:\\\/\\\/unrostore.com\\\/#\\\/schema\\\/logo\\\/image\\\/\",\"url\":\"https:\\\/\\\/unrostore.com\\\/wp-content\\\/uploads\\\/2022\\\/05\\\/Logo-UNRO.png\",\"contentUrl\":\"https:\\\/\\\/unrostore.com\\\/wp-content\\\/uploads\\\/2022\\\/05\\\/Logo-UNRO.png\",\"width\":605,\"height\":179,\"caption\":\"UNRO\"},\"image\":{\"@id\":\"https:\\\/\\\/unrostore.com\\\/#\\\/schema\\\/logo\\\/image\\\/\"}}]}<\/script>\n<!-- \/ Yoast SEO plugin. -->","yoast_head_json":{"title":"Gr\u00fcnes Deep Bowls Set - Amazonia Gr\u00fcn - UNRO","description":"Entdecken Sie dieses Set aus gr\u00fcnen, tiefen Schalen aus handgefertigter Keramik aus Portugal. Ideal als Serviergeschirr in Ihrer K\u00fcche oder auf dem Esstisch!","robots":{"index":"index","follow":"follow","max-snippet":"max-snippet:-1","max-image-preview":"max-image-preview:large","max-video-preview":"max-video-preview:-1"},"canonical":"https:\/\/unrostore.com\/de-at\/shop\/terrafina\/amazonia-grun\/grunes-tiefes-schusselset-amazonia-grun\/","og_locale":"de_DE","og_type":"article","og_title":"Groene Diepe Schalen Set - Amazonia Green &#8226; UNRO","og_description":"Ontdek deze set van groene diepe schalen van handgemaakt keramiek uit Portugal. Ideaal als serveerschalen in jouw keuken of op de eettafel!","og_url":"https:\/\/unrostore.com\/de-at\/shop\/terrafina\/amazonia-grun\/grunes-tiefes-schusselset-amazonia-grun\/","og_site_name":"UNRO","article_modified_time":"2026-01-19T20:36:31+00:00","og_image":[{"width":1000,"height":1000,"url":"https:\/\/unrostore.com\/wp-content\/uploads\/2024\/05\/unro-groene-diepe-schalen-set.webp","type":"image\/webp"}],"twitter_card":"summary_large_image","schema":{"@context":"https:\/\/schema.org","@graph":[{"@type":"WebPage","@id":"https:\/\/unrostore.com\/shop\/terrafina\/amazonia-green\/groene-diepe-schalen-set-amazonia-green\/","url":"https:\/\/unrostore.com\/shop\/terrafina\/amazonia-green\/groene-diepe-schalen-set-amazonia-green\/","name":"Gr\u00fcnes Deep Bowls Set - Amazonia Gr\u00fcn - UNRO","isPartOf":{"@id":"https:\/\/unrostore.com\/#website"},"primaryImageOfPage":{"@id":"https:\/\/unrostore.com\/shop\/terrafina\/amazonia-green\/groene-diepe-schalen-set-amazonia-green\/#primaryimage"},"image":{"@id":"https:\/\/unrostore.com\/shop\/terrafina\/amazonia-green\/groene-diepe-schalen-set-amazonia-green\/#primaryimage"},"thumbnailUrl":"https:\/\/unrostore.com\/wp-content\/uploads\/2024\/05\/unro-groene-diepe-schalen-set.webp","datePublished":"2024-05-17T15:26:06+00:00","dateModified":"2026-01-19T20:36:31+00:00","description":"Entdecken Sie dieses Set aus gr\u00fcnen, tiefen Schalen aus handgefertigter Keramik aus Portugal. Ideal als Serviergeschirr in Ihrer K\u00fcche oder auf dem Esstisch!","breadcrumb":{"@id":"https:\/\/unrostore.com\/shop\/terrafina\/amazonia-green\/groene-diepe-schalen-set-amazonia-green\/#breadcrumb"},"inLanguage":"de-AT","potentialAction":[{"@type":"ReadAction","target":["https:\/\/unrostore.com\/shop\/terrafina\/amazonia-green\/groene-diepe-schalen-set-amazonia-green\/"]}]},{"@type":"ImageObject","inLanguage":"de-AT","@id":"https:\/\/unrostore.com\/shop\/terrafina\/amazonia-green\/groene-diepe-schalen-set-amazonia-green\/#primaryimage","url":"https:\/\/unrostore.com\/wp-content\/uploads\/2024\/05\/unro-groene-diepe-schalen-set.webp","contentUrl":"https:\/\/unrostore.com\/wp-content\/uploads\/2024\/05\/unro-groene-diepe-schalen-set.webp","width":1000,"height":1000,"caption":"groene diepe schalen set"},{"@type":"BreadcrumbList","@id":"https:\/\/unrostore.com\/shop\/terrafina\/amazonia-green\/groene-diepe-schalen-set-amazonia-green\/#breadcrumb","itemListElement":[{"@type":"ListItem","position":1,"name":"Home","item":"https:\/\/unrostore.com\/"},{"@type":"ListItem","position":2,"name":"Shop","item":"https:\/\/unrostore.com\/shop\/"},{"@type":"ListItem","position":3,"name":"Groene Diepe Schalen Set &#8211; Amazonia Green"}]},{"@type":"WebSite","@id":"https:\/\/unrostore.com\/#website","url":"https:\/\/unrostore.com\/","name":"UNRO","description":"Portugiesisches Geschirr, das Sie gl\u00fccklich machen wird!","publisher":{"@id":"https:\/\/unrostore.com\/#organization"},"potentialAction":[{"@type":"SearchAction","target":{"@type":"EntryPoint","urlTemplate":"https:\/\/unrostore.com\/?s={search_term_string}"},"query-input":{"@type":"PropertyValueSpecification","valueRequired":true,"valueName":"search_term_string"}}],"inLanguage":"de-AT"},{"@type":"Organization","@id":"https:\/\/unrostore.com\/#organization","name":"UNRO","url":"https:\/\/unrostore.com\/","logo":{"@type":"ImageObject","inLanguage":"de-AT","@id":"https:\/\/unrostore.com\/#\/schema\/logo\/image\/","url":"https:\/\/unrostore.com\/wp-content\/uploads\/2022\/05\/Logo-UNRO.png","contentUrl":"https:\/\/unrostore.com\/wp-content\/uploads\/2022\/05\/Logo-UNRO.png","width":605,"height":179,"caption":"UNRO"},"image":{"@id":"https:\/\/unrostore.com\/#\/schema\/logo\/image\/"}}]}},"_links":{"self":[{"href":"https:\/\/unrostore.com\/de-at\/wp-json\/wp\/v2\/product\/7608","targetHints":{"allow":["GET"]}}],"collection":[{"href":"https:\/\/unrostore.com\/de-at\/wp-json\/wp\/v2\/product"}],"about":[{"href":"https:\/\/unrostore.com\/de-at\/wp-json\/wp\/v2\/types\/product"}],"wp:featuredmedia":[{"embeddable":true,"href":"https:\/\/unrostore.com\/de-at\/wp-json\/wp\/v2\/media\/7615"}],"wp:attachment":[{"href":"https:\/\/unrostore.com\/de-at\/wp-json\/wp\/v2\/media?parent=7608"}],"wp:term":[{"taxonomy":"product_brand","embeddable":true,"href":"https:\/\/unrostore.com\/de-at\/wp-json\/wp\/v2\/product_brand?post=7608"},{"taxonomy":"product_cat","embeddable":true,"href":"https:\/\/unrostore.com\/de-at\/wp-json\/wp\/v2\/product_cat?post=7608"},{"taxonomy":"product_tag","embeddable":true,"href":"https:\/\/unrostore.com\/de-at\/wp-json\/wp\/v2\/product_tag?post=7608"}],"curies":[{"name":"wp","href":"https:\/\/api.w.org\/{rel}","templated":true}]}}