{"id":7592,"date":"2024-05-17T15:26:40","date_gmt":"2024-05-17T15:26:40","guid":{"rendered":"https:\/\/unrostore.com\/?post_type=product&#038;p=7592"},"modified":"2026-01-19T20:36:30","modified_gmt":"2026-01-19T20:36:30","slug":"grunes-schalen-set-amazonia-grun","status":"publish","type":"product","link":"https:\/\/unrostore.com\/de-at\/shop\/terrafina\/amazonia-grun\/grunes-schalen-set-amazonia-grun\/","title":{"rendered":"Gr\u00fcnes Schalen-Set - Amazonia Green"},"content":{"rendered":"<h3>Sch\u00f6nes und einzigartiges gr\u00fcnes Schalen-Set f\u00fcr den Tisch<\/h3>\n<p>Entdecken Sie die sch\u00f6nen glasierten <strong>Gr\u00fcnes Schalen-Set<\/strong> aus handgefertigter Keramik der portugiesischen Marke <a href=\"https:\/\/www.terrafinastore.com\/en\/collections\/sail\">Terrafina<\/a>. Die sch\u00f6ne gl\u00e4nzende gr\u00fcne Farbe sieht auf Ihrem Esstisch sehr schick aus. Aber auch als gr\u00fcne Keramik-Obstschale auf der K\u00fcchentheke oder Ihrer K\u00fccheninsel macht die gr\u00fcne Salatsch\u00fcssel eine gute Figur. Dieses Set aus runden und ovalen Servierschalen ist ein echter Blickfang f\u00fcr ein gem\u00fctliches Mittagessen, einen Drink oder ein Abendessen mit Stil! Kombinieren Sie die gr\u00fcnen Servierschalen mit der <strong>gr\u00fcn <a href=\"https:\/\/unrostore.com\/de-at\/shop\/terrafina\/amazonia-grun\/geschirrset-amazonia-grun-4-personen\/\">Geschirrset 12-teilig mit Sch\u00fcsseln<\/a><\/strong>, die <a href=\"https:\/\/unrostore.com\/de-at\/shop\/terrafina\/amazonia-grun\/geschirrset-grun-nudelteller-amazonia-grun\/\"><strong>gr\u00fcnes Geschirrset 12-teilig mit Pastatellern<\/strong><\/a> ob die <a href=\"https:\/\/unrostore.com\/de-at\/shop\/terrafina\/amazonia-grun\/grunes-geschirr-set-pasta-teller-und-schalen-amazonia-grun\/\"><strong>gr\u00fcnes Geschirrset 16-teilig mit Sch\u00fcsseln und Pastatellern<\/strong><\/a>.<\/p>\n<p>P.s. Wenn Sie auf der Suche nach Serviergeschirr oder einem sch\u00f6nen Geschenk sind, schauen Sie sich auch die <a href=\"https:\/\/unrostore.com\/de-at\/shop\/dekoration-2\/vasen\/amazonia-gruner-krug\/?_gl=1*16xuj48*_up*MQ..*_ga*MTMwMzMyNjE0Ni4xNzE2MDE1MzMz*_ga_QGLN1EFSS8*MTcxNjAxNTMzMi4xLjEuMTcxNjAxNTM0MS4wLjAuMjA2MzAyMDYyOQ..\"><strong>gr\u00fcne Wasserkanne<\/strong><\/a> die sich auch sehr gut als Blumenvase oder Vase f\u00fcr Tulpen eignet!<\/p>\n<h3>Dies ist die Anzahl der Servierschalen, die Ihnen zur Verf\u00fcgung gestellt werden<\/h3>\n<ul>\n<li>1x Gro\u00dfe Servierplatte (42cm lang)<\/li>\n<li>1x Mittlere Servierplatte (34cm lang)<\/li>\n<li>1x Amazonia Green Fruchtschale \u00f8 26,5<\/li>\n<li>2x Terrafina Geschenkbox<\/li>\n<\/ul>\n<p>\u00a0<\/p>\n<p><em><strong>Duurzaam voor mens & milieu:<\/strong><br \/>\nJedes Produkt ist ein Unikat, denn es wird in Handarbeit hergestellt.<br \/>\nDruck und Textur k\u00f6nnen daher leicht vom Produktfoto abweichen.<\/em><\/p>","protected":false},"excerpt":{"rendered":"<div class=\"usps\"><i class=\"far fa-check-circle\"><\/i> Mikrowellenfest<br \/>\n<i class=\"far fa-check-circle\"><\/i> Backofenfest (bis zu 200 Grad)<br \/>\n<i class=\"far fa-check-circle\"><\/i> Sp\u00fclmaschinentauglich<br \/>\n<i class=\"far fa-thumbs-up\"><\/i> Handgefertigt<\/div>","protected":false},"featured_media":7593,"template":"","meta":[],"product_brand":[],"product_cat":[869,170,119],"product_tag":[173,253,171,876,601,875,956,631,252,334,148,149,616,629],"class_list":{"0":"post-7592","1":"product","2":"type-product","3":"status-publish","4":"has-post-thumbnail","6":"product_cat-unro-cadeautips","7":"product_cat-amazonia-green","8":"product_cat-terrafina","9":"product_tag-amazonia-green","10":"product_tag-fruitschaal","11":"product_tag-groen","12":"product_tag-groene","13":"product_tag-hapjesschaal","14":"product_tag-ovale-schalen","15":"product_tag-platte-schalen","16":"product_tag-saladeschaal","17":"product_tag-schaal","18":"product_tag-schalen","19":"product_tag-serveerschaal","20":"product_tag-serveerschalen","21":"product_tag-set","22":"product_tag-slakom","24":"first","25":"outofstock","26":"sale","27":"taxable","28":"shipping-taxable","29":"purchasable","30":"product-type-simple"},"yoast_head":"<!-- This site is optimized with the Yoast SEO plugin v27.6 - https:\/\/yoast.com\/product\/yoast-seo-wordpress\/ -->\n<title>Groene Schalen Set - Amazonia Green &#8226; UNRO<\/title>\n<meta name=\"description\" content=\"Geniet dagelijks van een heerlijke maaltijd of verras jouw gasten met een uitgebreid diner aan een mooi aangeklede tafel met deze groene schalen set!\" \/>\n<meta name=\"robots\" content=\"index, follow, max-snippet:-1, max-image-preview:large, max-video-preview:-1\" \/>\n<link rel=\"canonical\" href=\"https:\/\/unrostore.com\/de-at\/shop\/terrafina\/amazonia-grun\/grunes-schalen-set-amazonia-grun\/\" \/>\n<meta property=\"og:locale\" content=\"de_DE\" \/>\n<meta property=\"og:type\" content=\"article\" \/>\n<meta property=\"og:title\" content=\"Groene Schalen Set - Amazonia Green &#8226; UNRO\" \/>\n<meta property=\"og:description\" content=\"Geniet dagelijks van een heerlijke maaltijd of verras jouw gasten met een uitgebreid diner aan een mooi aangeklede tafel met deze groene schalen set!\" \/>\n<meta property=\"og:url\" content=\"https:\/\/unrostore.com\/de-at\/shop\/terrafina\/amazonia-grun\/grunes-schalen-set-amazonia-grun\/\" \/>\n<meta property=\"og:site_name\" content=\"UNRO\" \/>\n<meta property=\"article:modified_time\" content=\"2026-01-19T20:36:30+00:00\" \/>\n<meta property=\"og:image\" content=\"https:\/\/unrostore.com\/wp-content\/uploads\/2024\/05\/unro-groene-schalen-handgemaakt-keramiek-serveerschalen.webp\" \/>\n\t<meta property=\"og:image:width\" content=\"1000\" \/>\n\t<meta property=\"og:image:height\" content=\"1000\" \/>\n\t<meta property=\"og:image:type\" content=\"image\/webp\" \/>\n<meta name=\"twitter:card\" content=\"summary_large_image\" \/>\n<script type=\"application\/ld+json\" class=\"yoast-schema-graph\">{\"@context\":\"https:\\\/\\\/schema.org\",\"@graph\":[{\"@type\":\"WebPage\",\"@id\":\"https:\\\/\\\/unrostore.com\\\/shop\\\/terrafina\\\/amazonia-green\\\/groene-schalen-set-amazonia-green\\\/\",\"url\":\"https:\\\/\\\/unrostore.com\\\/shop\\\/terrafina\\\/amazonia-green\\\/groene-schalen-set-amazonia-green\\\/\",\"name\":\"Groene Schalen Set - Amazonia Green &#8226; UNRO\",\"isPartOf\":{\"@id\":\"https:\\\/\\\/unrostore.com\\\/#website\"},\"primaryImageOfPage\":{\"@id\":\"https:\\\/\\\/unrostore.com\\\/shop\\\/terrafina\\\/amazonia-green\\\/groene-schalen-set-amazonia-green\\\/#primaryimage\"},\"image\":{\"@id\":\"https:\\\/\\\/unrostore.com\\\/shop\\\/terrafina\\\/amazonia-green\\\/groene-schalen-set-amazonia-green\\\/#primaryimage\"},\"thumbnailUrl\":\"https:\\\/\\\/unrostore.com\\\/wp-content\\\/uploads\\\/2024\\\/05\\\/unro-groene-schalen-handgemaakt-keramiek-serveerschalen.webp\",\"datePublished\":\"2024-05-17T15:26:40+00:00\",\"dateModified\":\"2026-01-19T20:36:30+00:00\",\"description\":\"Geniet dagelijks van een heerlijke maaltijd of verras jouw gasten met een uitgebreid diner aan een mooi aangeklede tafel met deze groene schalen set!\",\"breadcrumb\":{\"@id\":\"https:\\\/\\\/unrostore.com\\\/shop\\\/terrafina\\\/amazonia-green\\\/groene-schalen-set-amazonia-green\\\/#breadcrumb\"},\"inLanguage\":\"de-AT\",\"potentialAction\":[{\"@type\":\"ReadAction\",\"target\":[\"https:\\\/\\\/unrostore.com\\\/shop\\\/terrafina\\\/amazonia-green\\\/groene-schalen-set-amazonia-green\\\/\"]}]},{\"@type\":\"ImageObject\",\"inLanguage\":\"de-AT\",\"@id\":\"https:\\\/\\\/unrostore.com\\\/shop\\\/terrafina\\\/amazonia-green\\\/groene-schalen-set-amazonia-green\\\/#primaryimage\",\"url\":\"https:\\\/\\\/unrostore.com\\\/wp-content\\\/uploads\\\/2024\\\/05\\\/unro-groene-schalen-handgemaakt-keramiek-serveerschalen.webp\",\"contentUrl\":\"https:\\\/\\\/unrostore.com\\\/wp-content\\\/uploads\\\/2024\\\/05\\\/unro-groene-schalen-handgemaakt-keramiek-serveerschalen.webp\",\"width\":1000,\"height\":1000,\"caption\":\"groene schalen set\"},{\"@type\":\"BreadcrumbList\",\"@id\":\"https:\\\/\\\/unrostore.com\\\/shop\\\/terrafina\\\/amazonia-green\\\/groene-schalen-set-amazonia-green\\\/#breadcrumb\",\"itemListElement\":[{\"@type\":\"ListItem\",\"position\":1,\"name\":\"Home\",\"item\":\"https:\\\/\\\/unrostore.com\\\/\"},{\"@type\":\"ListItem\",\"position\":2,\"name\":\"Shop\",\"item\":\"https:\\\/\\\/unrostore.com\\\/shop\\\/\"},{\"@type\":\"ListItem\",\"position\":3,\"name\":\"Groene Schalen Set &#8211; Amazonia Green\"}]},{\"@type\":\"WebSite\",\"@id\":\"https:\\\/\\\/unrostore.com\\\/#website\",\"url\":\"https:\\\/\\\/unrostore.com\\\/\",\"name\":\"UNRO\",\"description\":\"Portugees servies waar je blij van wordt!\",\"publisher\":{\"@id\":\"https:\\\/\\\/unrostore.com\\\/#organization\"},\"potentialAction\":[{\"@type\":\"SearchAction\",\"target\":{\"@type\":\"EntryPoint\",\"urlTemplate\":\"https:\\\/\\\/unrostore.com\\\/?s={search_term_string}\"},\"query-input\":{\"@type\":\"PropertyValueSpecification\",\"valueRequired\":true,\"valueName\":\"search_term_string\"}}],\"inLanguage\":\"de-AT\"},{\"@type\":\"Organization\",\"@id\":\"https:\\\/\\\/unrostore.com\\\/#organization\",\"name\":\"UNRO\",\"url\":\"https:\\\/\\\/unrostore.com\\\/\",\"logo\":{\"@type\":\"ImageObject\",\"inLanguage\":\"de-AT\",\"@id\":\"https:\\\/\\\/unrostore.com\\\/#\\\/schema\\\/logo\\\/image\\\/\",\"url\":\"https:\\\/\\\/unrostore.com\\\/wp-content\\\/uploads\\\/2022\\\/05\\\/Logo-UNRO.png\",\"contentUrl\":\"https:\\\/\\\/unrostore.com\\\/wp-content\\\/uploads\\\/2022\\\/05\\\/Logo-UNRO.png\",\"width\":605,\"height\":179,\"caption\":\"UNRO\"},\"image\":{\"@id\":\"https:\\\/\\\/unrostore.com\\\/#\\\/schema\\\/logo\\\/image\\\/\"}}]}<\/script>\n<!-- \/ Yoast SEO plugin. -->","yoast_head_json":{"title":"Gr\u00fcnes Schalen-Set - Amazonia Gr\u00fcn - UNRO","description":"Genie\u00dfen Sie t\u00e4glich eine k\u00f6stliche Mahlzeit oder \u00fcberraschen Sie Ihre G\u00e4ste mit einem \u00fcppigen Abendessen an einem sch\u00f6n gedeckten Tisch mit diesem gr\u00fcnen Sch\u00fcssel-Set!","robots":{"index":"index","follow":"follow","max-snippet":"max-snippet:-1","max-image-preview":"max-image-preview:large","max-video-preview":"max-video-preview:-1"},"canonical":"https:\/\/unrostore.com\/de-at\/shop\/terrafina\/amazonia-grun\/grunes-schalen-set-amazonia-grun\/","og_locale":"de_DE","og_type":"article","og_title":"Groene Schalen Set - Amazonia Green &#8226; UNRO","og_description":"Geniet dagelijks van een heerlijke maaltijd of verras jouw gasten met een uitgebreid diner aan een mooi aangeklede tafel met deze groene schalen set!","og_url":"https:\/\/unrostore.com\/de-at\/shop\/terrafina\/amazonia-grun\/grunes-schalen-set-amazonia-grun\/","og_site_name":"UNRO","article_modified_time":"2026-01-19T20:36:30+00:00","og_image":[{"width":1000,"height":1000,"url":"https:\/\/unrostore.com\/wp-content\/uploads\/2024\/05\/unro-groene-schalen-handgemaakt-keramiek-serveerschalen.webp","type":"image\/webp"}],"twitter_card":"summary_large_image","schema":{"@context":"https:\/\/schema.org","@graph":[{"@type":"WebPage","@id":"https:\/\/unrostore.com\/shop\/terrafina\/amazonia-green\/groene-schalen-set-amazonia-green\/","url":"https:\/\/unrostore.com\/shop\/terrafina\/amazonia-green\/groene-schalen-set-amazonia-green\/","name":"Gr\u00fcnes Schalen-Set - Amazonia Gr\u00fcn - UNRO","isPartOf":{"@id":"https:\/\/unrostore.com\/#website"},"primaryImageOfPage":{"@id":"https:\/\/unrostore.com\/shop\/terrafina\/amazonia-green\/groene-schalen-set-amazonia-green\/#primaryimage"},"image":{"@id":"https:\/\/unrostore.com\/shop\/terrafina\/amazonia-green\/groene-schalen-set-amazonia-green\/#primaryimage"},"thumbnailUrl":"https:\/\/unrostore.com\/wp-content\/uploads\/2024\/05\/unro-groene-schalen-handgemaakt-keramiek-serveerschalen.webp","datePublished":"2024-05-17T15:26:40+00:00","dateModified":"2026-01-19T20:36:30+00:00","description":"Genie\u00dfen Sie t\u00e4glich eine k\u00f6stliche Mahlzeit oder \u00fcberraschen Sie Ihre G\u00e4ste mit einem \u00fcppigen Abendessen an einem sch\u00f6n gedeckten Tisch mit diesem gr\u00fcnen Sch\u00fcssel-Set!","breadcrumb":{"@id":"https:\/\/unrostore.com\/shop\/terrafina\/amazonia-green\/groene-schalen-set-amazonia-green\/#breadcrumb"},"inLanguage":"de-AT","potentialAction":[{"@type":"ReadAction","target":["https:\/\/unrostore.com\/shop\/terrafina\/amazonia-green\/groene-schalen-set-amazonia-green\/"]}]},{"@type":"ImageObject","inLanguage":"de-AT","@id":"https:\/\/unrostore.com\/shop\/terrafina\/amazonia-green\/groene-schalen-set-amazonia-green\/#primaryimage","url":"https:\/\/unrostore.com\/wp-content\/uploads\/2024\/05\/unro-groene-schalen-handgemaakt-keramiek-serveerschalen.webp","contentUrl":"https:\/\/unrostore.com\/wp-content\/uploads\/2024\/05\/unro-groene-schalen-handgemaakt-keramiek-serveerschalen.webp","width":1000,"height":1000,"caption":"groene schalen set"},{"@type":"BreadcrumbList","@id":"https:\/\/unrostore.com\/shop\/terrafina\/amazonia-green\/groene-schalen-set-amazonia-green\/#breadcrumb","itemListElement":[{"@type":"ListItem","position":1,"name":"Home","item":"https:\/\/unrostore.com\/"},{"@type":"ListItem","position":2,"name":"Shop","item":"https:\/\/unrostore.com\/shop\/"},{"@type":"ListItem","position":3,"name":"Groene Schalen Set &#8211; Amazonia Green"}]},{"@type":"WebSite","@id":"https:\/\/unrostore.com\/#website","url":"https:\/\/unrostore.com\/","name":"UNRO","description":"Portugiesisches Geschirr, das Sie gl\u00fccklich machen wird!","publisher":{"@id":"https:\/\/unrostore.com\/#organization"},"potentialAction":[{"@type":"SearchAction","target":{"@type":"EntryPoint","urlTemplate":"https:\/\/unrostore.com\/?s={search_term_string}"},"query-input":{"@type":"PropertyValueSpecification","valueRequired":true,"valueName":"search_term_string"}}],"inLanguage":"de-AT"},{"@type":"Organization","@id":"https:\/\/unrostore.com\/#organization","name":"UNRO","url":"https:\/\/unrostore.com\/","logo":{"@type":"ImageObject","inLanguage":"de-AT","@id":"https:\/\/unrostore.com\/#\/schema\/logo\/image\/","url":"https:\/\/unrostore.com\/wp-content\/uploads\/2022\/05\/Logo-UNRO.png","contentUrl":"https:\/\/unrostore.com\/wp-content\/uploads\/2022\/05\/Logo-UNRO.png","width":605,"height":179,"caption":"UNRO"},"image":{"@id":"https:\/\/unrostore.com\/#\/schema\/logo\/image\/"}}]}},"_links":{"self":[{"href":"https:\/\/unrostore.com\/de-at\/wp-json\/wp\/v2\/product\/7592","targetHints":{"allow":["GET"]}}],"collection":[{"href":"https:\/\/unrostore.com\/de-at\/wp-json\/wp\/v2\/product"}],"about":[{"href":"https:\/\/unrostore.com\/de-at\/wp-json\/wp\/v2\/types\/product"}],"wp:featuredmedia":[{"embeddable":true,"href":"https:\/\/unrostore.com\/de-at\/wp-json\/wp\/v2\/media\/7593"}],"wp:attachment":[{"href":"https:\/\/unrostore.com\/de-at\/wp-json\/wp\/v2\/media?parent=7592"}],"wp:term":[{"taxonomy":"product_brand","embeddable":true,"href":"https:\/\/unrostore.com\/de-at\/wp-json\/wp\/v2\/product_brand?post=7592"},{"taxonomy":"product_cat","embeddable":true,"href":"https:\/\/unrostore.com\/de-at\/wp-json\/wp\/v2\/product_cat?post=7592"},{"taxonomy":"product_tag","embeddable":true,"href":"https:\/\/unrostore.com\/de-at\/wp-json\/wp\/v2\/product_tag?post=7592"}],"curies":[{"name":"wp","href":"https:\/\/api.w.org\/{rel}","templated":true}]}}