{"id":7200,"date":"2024-03-15T20:25:45","date_gmt":"2024-03-15T20:25:45","guid":{"rendered":"https:\/\/unrostore.com\/?post_type=product&#038;p=7200"},"modified":"2026-01-19T20:36:32","modified_gmt":"2026-01-19T20:36:32","slug":"essteller-schwarzer-stein-4-stuck","status":"publish","type":"product","link":"https:\/\/unrostore.com\/de-at\/shop\/terrafina\/schwarzes-geschirr-schwarzer-stein-2\/essteller-schwarzer-stein-4-stuck\/","title":{"rendered":"Essteller Schwarz Black Stone - 4-tlg."},"content":{"rendered":"<h3>Shop de mooie matte dinerborden zwart Black Stone \u2013 4-delig van Terrafina<\/h3>\n<p>Organisieren Sie Luxusdinner bei Ihnen zu Hause mit dem <strong>Essteller schwarz Black Stone <\/strong>Satz mit 4 schwarzen Tellern aus <a href=\"https:\/\/www.terrafinastore.com\/en\/collections\/sail\">Terrafina<\/a>. Verwenden Sie diesen gro\u00dfen schwarzen Teller als Leinwand, um Ihr Gericht sch\u00f6n zu pr\u00e4sentieren. Von gesunden, farbenfrohen Gerichten mit viel Gem\u00fcse \u00fcber ein zartes St\u00fcck Fleisch bis hin zu einer klassischen Aufteilung von Kartoffeln, Fleisch und Gem\u00fcse - auf diesem mattschwarzen Tellerset im Hotelschick sieht alles gleich sch\u00f6n aus. Vervollst\u00e4ndigen Sie Ihr schwarzes Geschirr mit dem <a href=\"https:\/\/unrostore.com\/de-at\/shop\/terrafina\/schwarzes-geschirr-schwarzer-stein-2\/schwarze-fruhstucksteller-schwarzer-stein-4-stuck\/?_gl=1*17e1418*_up*MQ..*_ga*MTU5MzAzOTg3MS4xNzEwNTMzOTg4*_ga_QGLN1EFSS8*MTcxMDUzMzk4Ny4xLjAuMTcxMDUzMzk4Ny4wLjAuODQ3MTg0MjM.\">schwarze Fr\u00fchst\u00fccksteller<\/a>, <a href=\"https:\/\/unrostore.com\/de-at\/shop\/terrafina\/schwarzes-geschirr-schwarzer-stein-2\/pasta-borden-zwart-black-stone-4-delig\/?_gl=1*16wcire*_up*MQ..*_ga*MzYwNzM4MDkuMTcxMDUzNDkxOA..*_ga_QGLN1EFSS8*MTcxMDUzNDkxNi4xLjEuMTcxMDUzNDkyNy4wLjAuODk3MDQ0MTk0\">schwarze Nudelteller<\/a>, <a href=\"https:\/\/unrostore.com\/de-at\/shop\/terrafina\/schwarzes-geschirr-schwarzer-stein-2\/obstschale-schwarzer-stein\/?_gl=1*1shpdzk*_up*MQ..*_ga*MjA0MDk2NzMwMi4xNzEwNTM0ODky*_ga_QGLN1EFSS8*MTcxMDUzNDg5MS4xLjAuMTcxMDUzNDg5MS4wLjAuMTQ3NDA1MDM5Mw..\">schwarze Servierplatte<\/a> und <a href=\"https:\/\/unrostore.com\/de-at\/shop\/terrafina\/schwarzes-geschirr-schwarzer-stein-2\/schwarzer-krug-schwarzer-stein\/\">schwarzer Wasserkrug<\/a>. Erleben Sie den Luxus bei Ihnen zu Hause selbst mit diesen sch\u00f6nen schwarzen Tellern und beginnen Sie zu genie\u00dfen!<\/p>\n<h3>Dies ist die Anzahl der Essteller, die Sie geliefert bekommen:<\/h3>\n<ul>\n<li><strong>4x<\/strong> Black Stone Essteller \u00f8 29 cm<\/li>\n<li><strong>1x\u00a0<\/strong>Geschenkpackung von Terrafina<\/li>\n<\/ul>\n<p>\u00a0<\/p>\n<p><em><strong>Duurzaam voor mens & milieu:<\/strong><br \/>\nJedes Produkt ist einzigartig, da es handgefertigt ist.<br \/>\nDruck und Textur k\u00f6nnen daher leicht vom Produktfoto abweichen.<\/em><\/p>","protected":false},"excerpt":{"rendered":"<div class=\"usps\"><i class=\"far fa-check-circle\"><\/i> Mikrowellenfest<br \/>\n<i class=\"far fa-check-circle\"><\/i> Backofenfest (bis zu 200 Grad)<br \/>\n<i class=\"far fa-check-circle\"><\/i> Sp\u00fclmaschinentauglich<br \/>\n<i class=\"far fa-thumbs-up\"><\/i> Handgefertigt<\/div>","protected":false},"featured_media":7201,"template":"","meta":[],"product_brand":[],"product_cat":[235,318,119,384],"product_tag":[380,286,129,283,284,238,926,252,123,383,922],"class_list":{"0":"post-7200","1":"product","2":"type-product","3":"status-publish","4":"has-post-thumbnail","6":"product_cat-borden","7":"product_cat-dinerborden","8":"product_cat-terrafina","9":"product_cat-zwart-servies-black-stone","10":"product_tag-black-stone","11":"product_tag-bord","12":"product_tag-borden","13":"product_tag-dinerbord","14":"product_tag-dinerborden","15":"product_tag-grote-borden","16":"product_tag-plaat","17":"product_tag-schaal","18":"product_tag-terrafina","19":"product_tag-zwart","20":"product_tag-zwarte","21":"product_shipping_class-pakket","23":"first","24":"outofstock","25":"sale","26":"taxable","27":"shipping-taxable","28":"purchasable","29":"product-type-simple"},"yoast_head":"<!-- This site is optimized with the Yoast SEO plugin v27.5 - https:\/\/yoast.com\/product\/yoast-seo-wordpress\/ -->\n<title>Dinerborden Zwart Black Stone - 4-delig &#8226; UNRO<\/title>\n<meta name=\"description\" content=\"Ervaar de luxe restaurant beleving bij jou thuis met deze mooie dinerborden zwart waarop je jouw gerechten mooi kunt presenteren, verras jezelf en anderen!\" \/>\n<meta name=\"robots\" content=\"index, follow, max-snippet:-1, max-image-preview:large, max-video-preview:-1\" \/>\n<link rel=\"canonical\" href=\"https:\/\/unrostore.com\/de-at\/shop\/terrafina\/schwarzes-geschirr-schwarzer-stein-2\/essteller-schwarzer-stein-4-stuck\/\" \/>\n<meta property=\"og:locale\" content=\"de_DE\" \/>\n<meta property=\"og:type\" content=\"article\" \/>\n<meta property=\"og:title\" content=\"Dinerborden Zwart Black Stone - 4-delig &#8226; UNRO\" \/>\n<meta property=\"og:description\" content=\"Ervaar de luxe restaurant beleving bij jou thuis met deze mooie dinerborden zwart waarop je jouw gerechten mooi kunt presenteren, verras jezelf en anderen!\" \/>\n<meta property=\"og:url\" content=\"https:\/\/unrostore.com\/de-at\/shop\/terrafina\/schwarzes-geschirr-schwarzer-stein-2\/essteller-schwarzer-stein-4-stuck\/\" \/>\n<meta property=\"og:site_name\" content=\"UNRO\" \/>\n<meta property=\"article:modified_time\" content=\"2026-01-19T20:36:32+00:00\" \/>\n<meta property=\"og:image\" content=\"https:\/\/unrostore.com\/wp-content\/uploads\/2024\/03\/unro-zwart-dinerbord-portugees-servies.webp\" \/>\n\t<meta property=\"og:image:width\" content=\"1000\" \/>\n\t<meta property=\"og:image:height\" content=\"1000\" \/>\n\t<meta property=\"og:image:type\" content=\"image\/webp\" \/>\n<meta name=\"twitter:card\" content=\"summary_large_image\" \/>\n<script type=\"application\/ld+json\" class=\"yoast-schema-graph\">{\"@context\":\"https:\\\/\\\/schema.org\",\"@graph\":[{\"@type\":\"WebPage\",\"@id\":\"https:\\\/\\\/unrostore.com\\\/shop\\\/terrafina\\\/zwart-servies-black-stone\\\/dinerborden-zwart-black-stone-4-delig\\\/\",\"url\":\"https:\\\/\\\/unrostore.com\\\/shop\\\/terrafina\\\/zwart-servies-black-stone\\\/dinerborden-zwart-black-stone-4-delig\\\/\",\"name\":\"Dinerborden Zwart Black Stone - 4-delig &#8226; UNRO\",\"isPartOf\":{\"@id\":\"https:\\\/\\\/unrostore.com\\\/#website\"},\"primaryImageOfPage\":{\"@id\":\"https:\\\/\\\/unrostore.com\\\/shop\\\/terrafina\\\/zwart-servies-black-stone\\\/dinerborden-zwart-black-stone-4-delig\\\/#primaryimage\"},\"image\":{\"@id\":\"https:\\\/\\\/unrostore.com\\\/shop\\\/terrafina\\\/zwart-servies-black-stone\\\/dinerborden-zwart-black-stone-4-delig\\\/#primaryimage\"},\"thumbnailUrl\":\"https:\\\/\\\/unrostore.com\\\/wp-content\\\/uploads\\\/2024\\\/03\\\/unro-zwart-dinerbord-portugees-servies.webp\",\"datePublished\":\"2024-03-15T20:25:45+00:00\",\"dateModified\":\"2026-01-19T20:36:32+00:00\",\"description\":\"Ervaar de luxe restaurant beleving bij jou thuis met deze mooie dinerborden zwart waarop je jouw gerechten mooi kunt presenteren, verras jezelf en anderen!\",\"breadcrumb\":{\"@id\":\"https:\\\/\\\/unrostore.com\\\/shop\\\/terrafina\\\/zwart-servies-black-stone\\\/dinerborden-zwart-black-stone-4-delig\\\/#breadcrumb\"},\"inLanguage\":\"de-AT\",\"potentialAction\":[{\"@type\":\"ReadAction\",\"target\":[\"https:\\\/\\\/unrostore.com\\\/shop\\\/terrafina\\\/zwart-servies-black-stone\\\/dinerborden-zwart-black-stone-4-delig\\\/\"]}]},{\"@type\":\"ImageObject\",\"inLanguage\":\"de-AT\",\"@id\":\"https:\\\/\\\/unrostore.com\\\/shop\\\/terrafina\\\/zwart-servies-black-stone\\\/dinerborden-zwart-black-stone-4-delig\\\/#primaryimage\",\"url\":\"https:\\\/\\\/unrostore.com\\\/wp-content\\\/uploads\\\/2024\\\/03\\\/unro-zwart-dinerbord-portugees-servies.webp\",\"contentUrl\":\"https:\\\/\\\/unrostore.com\\\/wp-content\\\/uploads\\\/2024\\\/03\\\/unro-zwart-dinerbord-portugees-servies.webp\",\"width\":1000,\"height\":1000,\"caption\":\"dinerborden zwart\"},{\"@type\":\"BreadcrumbList\",\"@id\":\"https:\\\/\\\/unrostore.com\\\/shop\\\/terrafina\\\/zwart-servies-black-stone\\\/dinerborden-zwart-black-stone-4-delig\\\/#breadcrumb\",\"itemListElement\":[{\"@type\":\"ListItem\",\"position\":1,\"name\":\"Home\",\"item\":\"https:\\\/\\\/unrostore.com\\\/\"},{\"@type\":\"ListItem\",\"position\":2,\"name\":\"Shop\",\"item\":\"https:\\\/\\\/unrostore.com\\\/shop\\\/\"},{\"@type\":\"ListItem\",\"position\":3,\"name\":\"Dinerborden Zwart Black Stone &#8211; 4-delig\"}]},{\"@type\":\"WebSite\",\"@id\":\"https:\\\/\\\/unrostore.com\\\/#website\",\"url\":\"https:\\\/\\\/unrostore.com\\\/\",\"name\":\"UNRO\",\"description\":\"Portugees servies waar je blij van wordt!\",\"publisher\":{\"@id\":\"https:\\\/\\\/unrostore.com\\\/#organization\"},\"potentialAction\":[{\"@type\":\"SearchAction\",\"target\":{\"@type\":\"EntryPoint\",\"urlTemplate\":\"https:\\\/\\\/unrostore.com\\\/?s={search_term_string}\"},\"query-input\":{\"@type\":\"PropertyValueSpecification\",\"valueRequired\":true,\"valueName\":\"search_term_string\"}}],\"inLanguage\":\"de-AT\"},{\"@type\":\"Organization\",\"@id\":\"https:\\\/\\\/unrostore.com\\\/#organization\",\"name\":\"UNRO\",\"url\":\"https:\\\/\\\/unrostore.com\\\/\",\"logo\":{\"@type\":\"ImageObject\",\"inLanguage\":\"de-AT\",\"@id\":\"https:\\\/\\\/unrostore.com\\\/#\\\/schema\\\/logo\\\/image\\\/\",\"url\":\"https:\\\/\\\/unrostore.com\\\/wp-content\\\/uploads\\\/2022\\\/05\\\/Logo-UNRO.png\",\"contentUrl\":\"https:\\\/\\\/unrostore.com\\\/wp-content\\\/uploads\\\/2022\\\/05\\\/Logo-UNRO.png\",\"width\":605,\"height\":179,\"caption\":\"UNRO\"},\"image\":{\"@id\":\"https:\\\/\\\/unrostore.com\\\/#\\\/schema\\\/logo\\\/image\\\/\"}}]}<\/script>\n<!-- \/ Yoast SEO plugin. -->","yoast_head_json":{"title":"Essteller Schwarz Schwarzer Stein - 4-teilig - UNRO","description":"Erleben Sie das Luxus-Restaurant-Erlebnis bei sich zu Hause mit diesen sch\u00f6nen schwarzen Esstellern, auf denen Sie Ihre Gerichte wundersch\u00f6n pr\u00e4sentieren und sich und andere \u00fcberraschen k\u00f6nnen!","robots":{"index":"index","follow":"follow","max-snippet":"max-snippet:-1","max-image-preview":"max-image-preview:large","max-video-preview":"max-video-preview:-1"},"canonical":"https:\/\/unrostore.com\/de-at\/shop\/terrafina\/schwarzes-geschirr-schwarzer-stein-2\/essteller-schwarzer-stein-4-stuck\/","og_locale":"de_DE","og_type":"article","og_title":"Dinerborden Zwart Black Stone - 4-delig &#8226; UNRO","og_description":"Ervaar de luxe restaurant beleving bij jou thuis met deze mooie dinerborden zwart waarop je jouw gerechten mooi kunt presenteren, verras jezelf en anderen!","og_url":"https:\/\/unrostore.com\/de-at\/shop\/terrafina\/schwarzes-geschirr-schwarzer-stein-2\/essteller-schwarzer-stein-4-stuck\/","og_site_name":"UNRO","article_modified_time":"2026-01-19T20:36:32+00:00","og_image":[{"width":1000,"height":1000,"url":"https:\/\/unrostore.com\/wp-content\/uploads\/2024\/03\/unro-zwart-dinerbord-portugees-servies.webp","type":"image\/webp"}],"twitter_card":"summary_large_image","schema":{"@context":"https:\/\/schema.org","@graph":[{"@type":"WebPage","@id":"https:\/\/unrostore.com\/shop\/terrafina\/zwart-servies-black-stone\/dinerborden-zwart-black-stone-4-delig\/","url":"https:\/\/unrostore.com\/shop\/terrafina\/zwart-servies-black-stone\/dinerborden-zwart-black-stone-4-delig\/","name":"Essteller Schwarz Schwarzer Stein - 4-teilig - UNRO","isPartOf":{"@id":"https:\/\/unrostore.com\/#website"},"primaryImageOfPage":{"@id":"https:\/\/unrostore.com\/shop\/terrafina\/zwart-servies-black-stone\/dinerborden-zwart-black-stone-4-delig\/#primaryimage"},"image":{"@id":"https:\/\/unrostore.com\/shop\/terrafina\/zwart-servies-black-stone\/dinerborden-zwart-black-stone-4-delig\/#primaryimage"},"thumbnailUrl":"https:\/\/unrostore.com\/wp-content\/uploads\/2024\/03\/unro-zwart-dinerbord-portugees-servies.webp","datePublished":"2024-03-15T20:25:45+00:00","dateModified":"2026-01-19T20:36:32+00:00","description":"Erleben Sie das Luxus-Restaurant-Erlebnis bei sich zu Hause mit diesen sch\u00f6nen schwarzen Esstellern, auf denen Sie Ihre Gerichte wundersch\u00f6n pr\u00e4sentieren und sich und andere \u00fcberraschen k\u00f6nnen!","breadcrumb":{"@id":"https:\/\/unrostore.com\/shop\/terrafina\/zwart-servies-black-stone\/dinerborden-zwart-black-stone-4-delig\/#breadcrumb"},"inLanguage":"de-AT","potentialAction":[{"@type":"ReadAction","target":["https:\/\/unrostore.com\/shop\/terrafina\/zwart-servies-black-stone\/dinerborden-zwart-black-stone-4-delig\/"]}]},{"@type":"ImageObject","inLanguage":"de-AT","@id":"https:\/\/unrostore.com\/shop\/terrafina\/zwart-servies-black-stone\/dinerborden-zwart-black-stone-4-delig\/#primaryimage","url":"https:\/\/unrostore.com\/wp-content\/uploads\/2024\/03\/unro-zwart-dinerbord-portugees-servies.webp","contentUrl":"https:\/\/unrostore.com\/wp-content\/uploads\/2024\/03\/unro-zwart-dinerbord-portugees-servies.webp","width":1000,"height":1000,"caption":"dinerborden zwart"},{"@type":"BreadcrumbList","@id":"https:\/\/unrostore.com\/shop\/terrafina\/zwart-servies-black-stone\/dinerborden-zwart-black-stone-4-delig\/#breadcrumb","itemListElement":[{"@type":"ListItem","position":1,"name":"Home","item":"https:\/\/unrostore.com\/"},{"@type":"ListItem","position":2,"name":"Shop","item":"https:\/\/unrostore.com\/shop\/"},{"@type":"ListItem","position":3,"name":"Dinerborden Zwart Black Stone &#8211; 4-delig"}]},{"@type":"WebSite","@id":"https:\/\/unrostore.com\/#website","url":"https:\/\/unrostore.com\/","name":"UNRO","description":"Portugiesisches Geschirr, das Sie gl\u00fccklich machen wird!","publisher":{"@id":"https:\/\/unrostore.com\/#organization"},"potentialAction":[{"@type":"SearchAction","target":{"@type":"EntryPoint","urlTemplate":"https:\/\/unrostore.com\/?s={search_term_string}"},"query-input":{"@type":"PropertyValueSpecification","valueRequired":true,"valueName":"search_term_string"}}],"inLanguage":"de-AT"},{"@type":"Organization","@id":"https:\/\/unrostore.com\/#organization","name":"UNRO","url":"https:\/\/unrostore.com\/","logo":{"@type":"ImageObject","inLanguage":"de-AT","@id":"https:\/\/unrostore.com\/#\/schema\/logo\/image\/","url":"https:\/\/unrostore.com\/wp-content\/uploads\/2022\/05\/Logo-UNRO.png","contentUrl":"https:\/\/unrostore.com\/wp-content\/uploads\/2022\/05\/Logo-UNRO.png","width":605,"height":179,"caption":"UNRO"},"image":{"@id":"https:\/\/unrostore.com\/#\/schema\/logo\/image\/"}}]}},"_links":{"self":[{"href":"https:\/\/unrostore.com\/de-at\/wp-json\/wp\/v2\/product\/7200","targetHints":{"allow":["GET"]}}],"collection":[{"href":"https:\/\/unrostore.com\/de-at\/wp-json\/wp\/v2\/product"}],"about":[{"href":"https:\/\/unrostore.com\/de-at\/wp-json\/wp\/v2\/types\/product"}],"wp:featuredmedia":[{"embeddable":true,"href":"https:\/\/unrostore.com\/de-at\/wp-json\/wp\/v2\/media\/7201"}],"wp:attachment":[{"href":"https:\/\/unrostore.com\/de-at\/wp-json\/wp\/v2\/media?parent=7200"}],"wp:term":[{"taxonomy":"product_brand","embeddable":true,"href":"https:\/\/unrostore.com\/de-at\/wp-json\/wp\/v2\/product_brand?post=7200"},{"taxonomy":"product_cat","embeddable":true,"href":"https:\/\/unrostore.com\/de-at\/wp-json\/wp\/v2\/product_cat?post=7200"},{"taxonomy":"product_tag","embeddable":true,"href":"https:\/\/unrostore.com\/de-at\/wp-json\/wp\/v2\/product_tag?post=7200"}],"curies":[{"name":"wp","href":"https:\/\/api.w.org\/{rel}","templated":true}]}}