{"id":7138,"date":"2024-03-05T19:28:26","date_gmt":"2024-03-05T19:28:26","guid":{"rendered":"https:\/\/unrostore.com\/?post_type=product&#038;p=7138"},"modified":"2026-01-19T20:36:32","modified_gmt":"2026-01-19T20:36:32","slug":"geschirrset-schwarz-16-teilig-mit-pastatellern-und-schusseln","status":"publish","type":"product","link":"https:\/\/unrostore.com\/de-at\/shop\/terrafina\/schwarzes-geschirr-schwarzer-stein-2\/geschirrset-schwarz-16-teilig-mit-pastatellern-und-schusseln\/","title":{"rendered":"Geschirrset Schwarz 16-teilig mit Pastatellern und Sch\u00fcsseln"},"content":{"rendered":"<h3>Ein sch\u00f6nes modernes Tafelset Schwarz 16-teilig mit Pastatellern und Sch\u00fcsseln f\u00fcr 4 Personen<\/h3>\n<p>Mit dem<strong> Geschirrset Schwarz 16-teilig mit Pastatellern und Sch\u00fcsseln<\/strong> von <a href=\"https:\/\/www.terrafinastore.com\/en\/collections\/amazonia\">Terrafina<\/a>, aus der Kollektion Black Stone haben Sie ein wundersch\u00f6nes schwarzes Tafelservice. Die zeitlose schwarze Farbe ist modern und sieht auf Ihrem Esstisch schick aus. Genie\u00dfen Sie jeden Tag luxuri\u00f6se und gem\u00fctliche Mahlzeiten zu Hause mit diesem sch\u00f6nen schwarzen Geschirr. Dieses schwarze Geschirr ist auch sehr festlich und wird Ihre besonderen Momente noch sch\u00f6ner machen. Kreieren Sie einen sch\u00f6n gedeckten Tisch bei sich zu Hause oder machen Sie jemandem eine Freude und verschenken Sie dieses schwarze Geschirrset! Sehen Sie sich auch das passende <a href=\"https:\/\/unrostore.com\/de-at\/shop\/terrafina\/schwarzes-geschirr-schwarzer-stein-2\/obstschale-schwarzer-stein\/?_gl=1*1xb1pae*_up*MQ..*_ga*MTExNzA1MzIyNy4xNzA5NjY3MDAw*_ga_QGLN1EFSS8*MTcwOTY2Njk5Ny4xLjEuMTcwOTY2NzAxNy4wLjAuMTA4NzcyNzUxNA..\">schwarze Servierplatte<\/a> und passende <a href=\"https:\/\/unrostore.com\/de-at\/shop\/terrafina\/schwarzes-geschirr-schwarzer-stein-2\/schwarzer-krug-schwarzer-stein\/\">schwarze Kanne<\/a>.<\/p>\n<h3>Dies ist die Nummer, die Sie zugestellt bekommen<\/h3>\n<ul>\n<li>4x Black Stone Schalen \u00f8 15 cm<\/li>\n<li>4x Black Stone Nudelteller \u00f8 23 cm<\/li>\n<li>4x Black Stone Fr\u00fchst\u00fccksteller \u00f8 21 cm<\/li>\n<li>4x Black Stone Essteller \u00f8 29 cm<\/li>\n<li>5x Terrafina Geschenkbox<\/li>\n<\/ul>\n<p>&nbsp;<\/p>\n<p><em><strong>Nachhaltig f\u00fcr Mensch und Umwelt:<\/strong><br \/>\nJedes Produkt ist ein Unikat, denn es wird in Handarbeit hergestellt.<br \/>\nDruck und Textur k\u00f6nnen daher leicht vom Produktfoto abweichen.<\/em><\/p>","protected":false},"excerpt":{"rendered":"<div style=\"font-family: nunito sans; font-size: 14px; border: 1px solid #dedede; border-radius: 4px; padding: 15px 0 0 14px; margin-top: 20px; margin-bottom: 20px; width: 160px; box-shadow: 1px 1px 7px 0px rgb(0 0 0 \/ 15%), 0px 0px 2px 0px rgb(0 0 0 \/ 5%); color: #00b900;\">\n<p>Mit diesem Festpreis sparen Sie <strong>\u20ac5,-<\/strong><\/p>\n<\/div>\n<div class=\"usps\"><i class=\"far fa-check-circle\"><\/i> Mikrowellenfest<br \/>\n<i class=\"far fa-check-circle\"><\/i> Backofenfest (bis zu 200 Grad)<br \/>\n<i class=\"far fa-check-circle\"><\/i> Sp\u00fclmaschinentauglich<br \/>\n<i class=\"far fa-thumbs-up\"><\/i> Handgefertigt<\/div>","protected":false},"featured_media":7452,"template":"","meta":[],"product_brand":[],"product_cat":[96,730,122,119,384],"product_tag":[380,284,289,620,765,405,649,921,123,383,385],"class_list":{"0":"post-7138","1":"product","2":"type-product","3":"status-publish","4":"has-post-thumbnail","6":"product_cat-portugees-servies","7":"product_cat-servies-16-delig","8":"product_cat-serviesset","9":"product_cat-terrafina","10":"product_cat-zwart-servies-black-stone","11":"product_tag-black-stone","12":"product_tag-dinerborden","13":"product_tag-ontbijtborden","14":"product_tag-pastaborden-en-kommen","15":"product_tag-servies-16-delig","16":"product_tag-serviesset-pastaborden","17":"product_tag-serviesset-voor-4-personen","18":"product_tag-serviesset-zwart","19":"product_tag-terrafina","20":"product_tag-zwart","21":"product_tag-zwart-servies","22":"product_shipping_class-pakket","24":"first","25":"outofstock","26":"sale","27":"taxable","28":"shipping-taxable","29":"purchasable","30":"product-type-simple"},"yoast_head":"<!-- This site is optimized with the Yoast SEO plugin v27.4 - https:\/\/yoast.com\/product\/yoast-seo-wordpress\/ -->\n<title>Serviesset Zwart 16-delig met Pastaborden en Kommen &#8226; UNRO<\/title>\n<meta name=\"description\" content=\"Met de serviesset zwart 16 delig ziet jouw tafel er altijd hotel chique uit om speciale momenten bijzonder te maken maar ook voor alle dagelijkse diners!\" \/>\n<meta name=\"robots\" content=\"index, follow, max-snippet:-1, max-image-preview:large, max-video-preview:-1\" \/>\n<link rel=\"canonical\" href=\"https:\/\/unrostore.com\/de-at\/shop\/terrafina\/schwarzes-geschirr-schwarzer-stein-2\/geschirrset-schwarz-16-teilig-mit-pastatellern-und-schusseln\/\" \/>\n<meta property=\"og:locale\" content=\"de_DE\" \/>\n<meta property=\"og:type\" content=\"article\" \/>\n<meta property=\"og:title\" content=\"Serviesset Zwart 16-delig met Pastaborden en Kommen &#8226; UNRO\" \/>\n<meta property=\"og:description\" content=\"Met de serviesset zwart 16 delig ziet jouw tafel er altijd hotel chique uit om speciale momenten bijzonder te maken maar ook voor alle dagelijkse diners!\" \/>\n<meta property=\"og:url\" content=\"https:\/\/unrostore.com\/de-at\/shop\/terrafina\/schwarzes-geschirr-schwarzer-stein-2\/geschirrset-schwarz-16-teilig-mit-pastatellern-und-schusseln\/\" \/>\n<meta property=\"og:site_name\" content=\"UNRO\" \/>\n<meta property=\"article:modified_time\" content=\"2026-01-19T20:36:32+00:00\" \/>\n<meta property=\"og:image\" content=\"https:\/\/unrostore.com\/wp-content\/uploads\/2024\/03\/unro-zwarte-serviesset-16-delig-servies.webp\" \/>\n\t<meta property=\"og:image:width\" content=\"1000\" \/>\n\t<meta property=\"og:image:height\" content=\"1000\" \/>\n\t<meta property=\"og:image:type\" content=\"image\/webp\" \/>\n<meta name=\"twitter:card\" content=\"summary_large_image\" \/>\n<script type=\"application\/ld+json\" class=\"yoast-schema-graph\">{\"@context\":\"https:\\\/\\\/schema.org\",\"@graph\":[{\"@type\":\"WebPage\",\"@id\":\"https:\\\/\\\/unrostore.com\\\/shop\\\/terrafina\\\/zwart-servies-black-stone\\\/serviesset-zwart-16-delig-met-pastaborden-en-kommen\\\/\",\"url\":\"https:\\\/\\\/unrostore.com\\\/shop\\\/terrafina\\\/zwart-servies-black-stone\\\/serviesset-zwart-16-delig-met-pastaborden-en-kommen\\\/\",\"name\":\"Serviesset Zwart 16-delig met Pastaborden en Kommen &#8226; UNRO\",\"isPartOf\":{\"@id\":\"https:\\\/\\\/unrostore.com\\\/#website\"},\"primaryImageOfPage\":{\"@id\":\"https:\\\/\\\/unrostore.com\\\/shop\\\/terrafina\\\/zwart-servies-black-stone\\\/serviesset-zwart-16-delig-met-pastaborden-en-kommen\\\/#primaryimage\"},\"image\":{\"@id\":\"https:\\\/\\\/unrostore.com\\\/shop\\\/terrafina\\\/zwart-servies-black-stone\\\/serviesset-zwart-16-delig-met-pastaborden-en-kommen\\\/#primaryimage\"},\"thumbnailUrl\":\"https:\\\/\\\/unrostore.com\\\/wp-content\\\/uploads\\\/2024\\\/03\\\/unro-zwarte-serviesset-16-delig-servies.webp\",\"datePublished\":\"2024-03-05T19:28:26+00:00\",\"dateModified\":\"2026-01-19T20:36:32+00:00\",\"description\":\"Met de serviesset zwart 16 delig ziet jouw tafel er altijd hotel chique uit om speciale momenten bijzonder te maken maar ook voor alle dagelijkse diners!\",\"breadcrumb\":{\"@id\":\"https:\\\/\\\/unrostore.com\\\/shop\\\/terrafina\\\/zwart-servies-black-stone\\\/serviesset-zwart-16-delig-met-pastaborden-en-kommen\\\/#breadcrumb\"},\"inLanguage\":\"de-AT\",\"potentialAction\":[{\"@type\":\"ReadAction\",\"target\":[\"https:\\\/\\\/unrostore.com\\\/shop\\\/terrafina\\\/zwart-servies-black-stone\\\/serviesset-zwart-16-delig-met-pastaborden-en-kommen\\\/\"]}]},{\"@type\":\"ImageObject\",\"inLanguage\":\"de-AT\",\"@id\":\"https:\\\/\\\/unrostore.com\\\/shop\\\/terrafina\\\/zwart-servies-black-stone\\\/serviesset-zwart-16-delig-met-pastaborden-en-kommen\\\/#primaryimage\",\"url\":\"https:\\\/\\\/unrostore.com\\\/wp-content\\\/uploads\\\/2024\\\/03\\\/unro-zwarte-serviesset-16-delig-servies.webp\",\"contentUrl\":\"https:\\\/\\\/unrostore.com\\\/wp-content\\\/uploads\\\/2024\\\/03\\\/unro-zwarte-serviesset-16-delig-servies.webp\",\"width\":1000,\"height\":1000,\"caption\":\"zwart servies 16-delig\"},{\"@type\":\"BreadcrumbList\",\"@id\":\"https:\\\/\\\/unrostore.com\\\/shop\\\/terrafina\\\/zwart-servies-black-stone\\\/serviesset-zwart-16-delig-met-pastaborden-en-kommen\\\/#breadcrumb\",\"itemListElement\":[{\"@type\":\"ListItem\",\"position\":1,\"name\":\"Home\",\"item\":\"https:\\\/\\\/unrostore.com\\\/\"},{\"@type\":\"ListItem\",\"position\":2,\"name\":\"Shop\",\"item\":\"https:\\\/\\\/unrostore.com\\\/shop\\\/\"},{\"@type\":\"ListItem\",\"position\":3,\"name\":\"Serviesset Zwart 16-delig met Pastaborden en Kommen\"}]},{\"@type\":\"WebSite\",\"@id\":\"https:\\\/\\\/unrostore.com\\\/#website\",\"url\":\"https:\\\/\\\/unrostore.com\\\/\",\"name\":\"UNRO\",\"description\":\"Portugees servies waar je blij van wordt!\",\"publisher\":{\"@id\":\"https:\\\/\\\/unrostore.com\\\/#organization\"},\"potentialAction\":[{\"@type\":\"SearchAction\",\"target\":{\"@type\":\"EntryPoint\",\"urlTemplate\":\"https:\\\/\\\/unrostore.com\\\/?s={search_term_string}\"},\"query-input\":{\"@type\":\"PropertyValueSpecification\",\"valueRequired\":true,\"valueName\":\"search_term_string\"}}],\"inLanguage\":\"de-AT\"},{\"@type\":\"Organization\",\"@id\":\"https:\\\/\\\/unrostore.com\\\/#organization\",\"name\":\"UNRO\",\"url\":\"https:\\\/\\\/unrostore.com\\\/\",\"logo\":{\"@type\":\"ImageObject\",\"inLanguage\":\"de-AT\",\"@id\":\"https:\\\/\\\/unrostore.com\\\/#\\\/schema\\\/logo\\\/image\\\/\",\"url\":\"https:\\\/\\\/unrostore.com\\\/wp-content\\\/uploads\\\/2022\\\/05\\\/Logo-UNRO.png\",\"contentUrl\":\"https:\\\/\\\/unrostore.com\\\/wp-content\\\/uploads\\\/2022\\\/05\\\/Logo-UNRO.png\",\"width\":605,\"height\":179,\"caption\":\"UNRO\"},\"image\":{\"@id\":\"https:\\\/\\\/unrostore.com\\\/#\\\/schema\\\/logo\\\/image\\\/\"}}]}<\/script>\n<!-- \/ Yoast SEO plugin. -->","yoast_head_json":{"title":"Geschirrset Schwarz 16-teilig mit Pastatellern und Sch\u00fcsseln - UNRO","description":"Mit dem Geschirrset schwarz 16-teilig sieht Ihr Tisch immer hotelschick aus, f\u00fcr besondere Momente, aber auch f\u00fcr alle allt\u00e4glichen Mahlzeiten!","robots":{"index":"index","follow":"follow","max-snippet":"max-snippet:-1","max-image-preview":"max-image-preview:large","max-video-preview":"max-video-preview:-1"},"canonical":"https:\/\/unrostore.com\/de-at\/shop\/terrafina\/schwarzes-geschirr-schwarzer-stein-2\/geschirrset-schwarz-16-teilig-mit-pastatellern-und-schusseln\/","og_locale":"de_DE","og_type":"article","og_title":"Serviesset Zwart 16-delig met Pastaborden en Kommen &#8226; UNRO","og_description":"Met de serviesset zwart 16 delig ziet jouw tafel er altijd hotel chique uit om speciale momenten bijzonder te maken maar ook voor alle dagelijkse diners!","og_url":"https:\/\/unrostore.com\/de-at\/shop\/terrafina\/schwarzes-geschirr-schwarzer-stein-2\/geschirrset-schwarz-16-teilig-mit-pastatellern-und-schusseln\/","og_site_name":"UNRO","article_modified_time":"2026-01-19T20:36:32+00:00","og_image":[{"width":1000,"height":1000,"url":"https:\/\/unrostore.com\/wp-content\/uploads\/2024\/03\/unro-zwarte-serviesset-16-delig-servies.webp","type":"image\/webp"}],"twitter_card":"summary_large_image","schema":{"@context":"https:\/\/schema.org","@graph":[{"@type":"WebPage","@id":"https:\/\/unrostore.com\/shop\/terrafina\/zwart-servies-black-stone\/serviesset-zwart-16-delig-met-pastaborden-en-kommen\/","url":"https:\/\/unrostore.com\/shop\/terrafina\/zwart-servies-black-stone\/serviesset-zwart-16-delig-met-pastaborden-en-kommen\/","name":"Geschirrset Schwarz 16-teilig mit Pastatellern und Sch\u00fcsseln - UNRO","isPartOf":{"@id":"https:\/\/unrostore.com\/#website"},"primaryImageOfPage":{"@id":"https:\/\/unrostore.com\/shop\/terrafina\/zwart-servies-black-stone\/serviesset-zwart-16-delig-met-pastaborden-en-kommen\/#primaryimage"},"image":{"@id":"https:\/\/unrostore.com\/shop\/terrafina\/zwart-servies-black-stone\/serviesset-zwart-16-delig-met-pastaborden-en-kommen\/#primaryimage"},"thumbnailUrl":"https:\/\/unrostore.com\/wp-content\/uploads\/2024\/03\/unro-zwarte-serviesset-16-delig-servies.webp","datePublished":"2024-03-05T19:28:26+00:00","dateModified":"2026-01-19T20:36:32+00:00","description":"Mit dem Geschirrset schwarz 16-teilig sieht Ihr Tisch immer hotelschick aus, f\u00fcr besondere Momente, aber auch f\u00fcr alle allt\u00e4glichen Mahlzeiten!","breadcrumb":{"@id":"https:\/\/unrostore.com\/shop\/terrafina\/zwart-servies-black-stone\/serviesset-zwart-16-delig-met-pastaborden-en-kommen\/#breadcrumb"},"inLanguage":"de-AT","potentialAction":[{"@type":"ReadAction","target":["https:\/\/unrostore.com\/shop\/terrafina\/zwart-servies-black-stone\/serviesset-zwart-16-delig-met-pastaborden-en-kommen\/"]}]},{"@type":"ImageObject","inLanguage":"de-AT","@id":"https:\/\/unrostore.com\/shop\/terrafina\/zwart-servies-black-stone\/serviesset-zwart-16-delig-met-pastaborden-en-kommen\/#primaryimage","url":"https:\/\/unrostore.com\/wp-content\/uploads\/2024\/03\/unro-zwarte-serviesset-16-delig-servies.webp","contentUrl":"https:\/\/unrostore.com\/wp-content\/uploads\/2024\/03\/unro-zwarte-serviesset-16-delig-servies.webp","width":1000,"height":1000,"caption":"zwart servies 16-delig"},{"@type":"BreadcrumbList","@id":"https:\/\/unrostore.com\/shop\/terrafina\/zwart-servies-black-stone\/serviesset-zwart-16-delig-met-pastaborden-en-kommen\/#breadcrumb","itemListElement":[{"@type":"ListItem","position":1,"name":"Home","item":"https:\/\/unrostore.com\/"},{"@type":"ListItem","position":2,"name":"Shop","item":"https:\/\/unrostore.com\/shop\/"},{"@type":"ListItem","position":3,"name":"Serviesset Zwart 16-delig met Pastaborden en Kommen"}]},{"@type":"WebSite","@id":"https:\/\/unrostore.com\/#website","url":"https:\/\/unrostore.com\/","name":"UNRO","description":"Portugiesisches Geschirr, das Sie gl\u00fccklich machen wird!","publisher":{"@id":"https:\/\/unrostore.com\/#organization"},"potentialAction":[{"@type":"SearchAction","target":{"@type":"EntryPoint","urlTemplate":"https:\/\/unrostore.com\/?s={search_term_string}"},"query-input":{"@type":"PropertyValueSpecification","valueRequired":true,"valueName":"search_term_string"}}],"inLanguage":"de-AT"},{"@type":"Organization","@id":"https:\/\/unrostore.com\/#organization","name":"UNRO","url":"https:\/\/unrostore.com\/","logo":{"@type":"ImageObject","inLanguage":"de-AT","@id":"https:\/\/unrostore.com\/#\/schema\/logo\/image\/","url":"https:\/\/unrostore.com\/wp-content\/uploads\/2022\/05\/Logo-UNRO.png","contentUrl":"https:\/\/unrostore.com\/wp-content\/uploads\/2022\/05\/Logo-UNRO.png","width":605,"height":179,"caption":"UNRO"},"image":{"@id":"https:\/\/unrostore.com\/#\/schema\/logo\/image\/"}}]}},"_links":{"self":[{"href":"https:\/\/unrostore.com\/de-at\/wp-json\/wp\/v2\/product\/7138","targetHints":{"allow":["GET"]}}],"collection":[{"href":"https:\/\/unrostore.com\/de-at\/wp-json\/wp\/v2\/product"}],"about":[{"href":"https:\/\/unrostore.com\/de-at\/wp-json\/wp\/v2\/types\/product"}],"wp:featuredmedia":[{"embeddable":true,"href":"https:\/\/unrostore.com\/de-at\/wp-json\/wp\/v2\/media\/7452"}],"wp:attachment":[{"href":"https:\/\/unrostore.com\/de-at\/wp-json\/wp\/v2\/media?parent=7138"}],"wp:term":[{"taxonomy":"product_brand","embeddable":true,"href":"https:\/\/unrostore.com\/de-at\/wp-json\/wp\/v2\/product_brand?post=7138"},{"taxonomy":"product_cat","embeddable":true,"href":"https:\/\/unrostore.com\/de-at\/wp-json\/wp\/v2\/product_cat?post=7138"},{"taxonomy":"product_tag","embeddable":true,"href":"https:\/\/unrostore.com\/de-at\/wp-json\/wp\/v2\/product_tag?post=7138"}],"curies":[{"name":"wp","href":"https:\/\/api.w.org\/{rel}","templated":true}]}}