{"id":6987,"date":"2024-02-07T19:38:39","date_gmt":"2024-02-07T19:38:39","guid":{"rendered":"https:\/\/unrostore.com\/?post_type=product&#038;p=6987"},"modified":"2026-01-19T20:36:34","modified_gmt":"2026-01-19T20:36:34","slug":"braune-schalen-kaffee-4-stuck","status":"publish","type":"product","link":"https:\/\/unrostore.com\/de-at\/shop\/terrafina\/kaffee\/braune-schalen-kaffee-4-stuck\/","title":{"rendered":"Braune Schalen Coffee - 4-tlg."},"content":{"rendered":"<h3>Ontdek de robuuste en chique mat bruine kommen Coffee \u2013 4-delig<\/h3>\n<p>Dieser Satz von 4 Matten <strong>braune Schalen Coffee<\/strong>\u00a0von <a href=\"https:\/\/www.terrafinastore.com\/en\/collections\/coffee\">Terrafina<\/a> sind aufgrund ihrer mittleren Gr\u00f6\u00dfe ideal als Suppen- oder Fr\u00fchst\u00fcckssch\u00fcsseln geeignet. Die matte dunkelbraune Textur verbindet sich wunderbar mit dem dezent gl\u00e4nzenden Rand. Diese schicke Kombination sorgt f\u00fcr ein luxuri\u00f6ses Erscheinungsbild auf dem Tisch. Verleihen Sie Ihrer Einrichtung portugiesischen Charme mit diesen modernen braunen Sch\u00fcsseln, die auch in einem Landhausstil nicht fehl am Platz wirken w\u00fcrden! Die braunen tiefen Schalen sind von unserem liebsten Hei\u00dfgetr\u00e4nk inspiriert: Kaffee. Genie\u00dfen Sie Ihre Tasse Kaffee aus der <a href=\"https:\/\/unrostore.com\/de-at\/shop\/terrafina\/kaffee\/grote-mokken-bruin-coffee-4-delig\/\">Gro\u00dfe Kaffeebecher<\/a> oder <a href=\"https:\/\/unrostore.com\/de-at\/shop\/terrafina\/kaffee\/espressotassen-braun-kaffee-4-stuck\/\">Coffee Espressotassen<\/a> zusammen mit etwas M\u00fcsli, Haferflocken oder frischem Obst aus den Coffee Bowls. Auch der Kaffee <a href=\"https:\/\/unrostore.com\/de-at\/shop\/terrafina\/kaffee\/braune-teller-fruhstuck-kaffee-4-stuck\/\">Fr\u00fchst\u00fccksteller<\/a>, <a href=\"https:\/\/unrostore.com\/de-at\/shop\/terrafina\/kaffee\/nudelteller-braun-kaffee-4er-set\/\">Nudelplatten<\/a> und <a href=\"https:\/\/unrostore.com\/de-at\/shop\/terrafina\/kaffee\/braune-essteller-kaffee-4-stuck\/\">Essteller<\/a> eine sch\u00f6ne Erg\u00e4nzung zu diesem handgefertigten braunen Geschirr.<\/p>\n<h3>Dies ist die Anzahl der Schalen, die Sie geliefert bekommen<\/h3>\n<ul>\n<li><strong>4x <\/strong>Coffee Schale \u00f8 15 cm<\/li>\n<li><strong>2x<\/strong> Terrafina-Geschenkverpackungen<\/li>\n<\/ul>\n<p><em><strong><br \/>\nDuurzaam voor mens & milieu:<\/strong><br \/>\n<\/em><em>Jedes Produkt ist ein Unikat, denn es wird in Handarbeit hergestellt.<br \/>\nDruck und Textur k\u00f6nnen daher leicht vom Produktfoto abweichen.<\/em><\/p>","protected":false},"excerpt":{"rendered":"<div class=\"usps\"><i class=\"far fa-check-circle\"><\/i> Mikrowellenfest<br \/>\n<i class=\"far fa-check-circle\"><\/i> Backofenfest (bis zu 200 Grad)<br \/>\n<i class=\"far fa-check-circle\"><\/i> Sp\u00fclmaschinentauglich<br \/>\n<i class=\"far fa-thumbs-up\"><\/i> Handgefertigt<\/div>","protected":false},"featured_media":6988,"template":"","meta":[],"product_brand":[],"product_cat":[178,135,119],"product_tag":[696,295,697,179,296,601,137,131,698,241,242,602,677,604,691,603],"class_list":{"0":"post-6987","1":"product","2":"type-product","3":"status-publish","4":"has-post-thumbnail","6":"product_cat-coffee","7":"product_cat-kommen","8":"product_cat-terrafina","9":"product_tag-acai-bowl","10":"product_tag-bruin","11":"product_tag-bruine-tapasschaaltjes","12":"product_tag-coffee","13":"product_tag-donker","14":"product_tag-hapjesschaal","15":"product_tag-kom","16":"product_tag-kommen","17":"product_tag-kommetjres","18":"product_tag-muesli","19":"product_tag-ontbijt","20":"product_tag-ontbijtkom","21":"product_tag-schaaltjes","22":"product_tag-soep","23":"product_tag-tapasschaaltjes","24":"product_tag-yoghurt","26":"first","27":"instock","28":"sale","29":"taxable","30":"shipping-taxable","31":"purchasable","32":"product-type-simple"},"yoast_head":"<!-- This site is optimized with the Yoast SEO plugin v27.6 - https:\/\/yoast.com\/product\/yoast-seo-wordpress\/ -->\n<title>Bruine Kommen Coffee - 4-delig &#8226; UNRO<\/title>\n<meta name=\"description\" content=\"Ontdek de veelzijdige diepe bruine kommen set van 4 uit de Coffee servies collectie. Ideaal als ontbijtkom, soepkom en kom voor jouw acaibowl!\" \/>\n<meta name=\"robots\" content=\"index, follow, max-snippet:-1, max-image-preview:large, max-video-preview:-1\" \/>\n<link rel=\"canonical\" href=\"https:\/\/unrostore.com\/de-at\/shop\/terrafina\/kaffee\/braune-schalen-kaffee-4-stuck\/\" \/>\n<meta property=\"og:locale\" content=\"de_DE\" \/>\n<meta property=\"og:type\" content=\"article\" \/>\n<meta property=\"og:title\" content=\"Bruine Kommen Coffee - 4-delig &#8226; UNRO\" \/>\n<meta property=\"og:description\" content=\"Ontdek de veelzijdige diepe bruine kommen set van 4 uit de Coffee servies collectie. Ideaal als ontbijtkom, soepkom en kom voor jouw acaibowl!\" \/>\n<meta property=\"og:url\" content=\"https:\/\/unrostore.com\/de-at\/shop\/terrafina\/kaffee\/braune-schalen-kaffee-4-stuck\/\" \/>\n<meta property=\"og:site_name\" content=\"UNRO\" \/>\n<meta property=\"article:modified_time\" content=\"2026-01-19T20:36:34+00:00\" \/>\n<meta property=\"og:image\" content=\"https:\/\/unrostore.com\/wp-content\/uploads\/2024\/02\/unro-bruine-kommen.webp\" \/>\n\t<meta property=\"og:image:width\" content=\"1000\" \/>\n\t<meta property=\"og:image:height\" content=\"1000\" \/>\n\t<meta property=\"og:image:type\" content=\"image\/webp\" \/>\n<meta name=\"twitter:card\" content=\"summary_large_image\" \/>\n<script type=\"application\/ld+json\" class=\"yoast-schema-graph\">{\"@context\":\"https:\\\/\\\/schema.org\",\"@graph\":[{\"@type\":\"WebPage\",\"@id\":\"https:\\\/\\\/unrostore.com\\\/shop\\\/terrafina\\\/coffee\\\/bruine-kommen-coffee-4-delig\\\/\",\"url\":\"https:\\\/\\\/unrostore.com\\\/shop\\\/terrafina\\\/coffee\\\/bruine-kommen-coffee-4-delig\\\/\",\"name\":\"Bruine Kommen Coffee - 4-delig &#8226; UNRO\",\"isPartOf\":{\"@id\":\"https:\\\/\\\/unrostore.com\\\/#website\"},\"primaryImageOfPage\":{\"@id\":\"https:\\\/\\\/unrostore.com\\\/shop\\\/terrafina\\\/coffee\\\/bruine-kommen-coffee-4-delig\\\/#primaryimage\"},\"image\":{\"@id\":\"https:\\\/\\\/unrostore.com\\\/shop\\\/terrafina\\\/coffee\\\/bruine-kommen-coffee-4-delig\\\/#primaryimage\"},\"thumbnailUrl\":\"https:\\\/\\\/unrostore.com\\\/wp-content\\\/uploads\\\/2024\\\/02\\\/unro-bruine-kommen.webp\",\"datePublished\":\"2024-02-07T19:38:39+00:00\",\"dateModified\":\"2026-01-19T20:36:34+00:00\",\"description\":\"Ontdek de veelzijdige diepe bruine kommen set van 4 uit de Coffee servies collectie. Ideaal als ontbijtkom, soepkom en kom voor jouw acaibowl!\",\"breadcrumb\":{\"@id\":\"https:\\\/\\\/unrostore.com\\\/shop\\\/terrafina\\\/coffee\\\/bruine-kommen-coffee-4-delig\\\/#breadcrumb\"},\"inLanguage\":\"de-AT\",\"potentialAction\":[{\"@type\":\"ReadAction\",\"target\":[\"https:\\\/\\\/unrostore.com\\\/shop\\\/terrafina\\\/coffee\\\/bruine-kommen-coffee-4-delig\\\/\"]}]},{\"@type\":\"ImageObject\",\"inLanguage\":\"de-AT\",\"@id\":\"https:\\\/\\\/unrostore.com\\\/shop\\\/terrafina\\\/coffee\\\/bruine-kommen-coffee-4-delig\\\/#primaryimage\",\"url\":\"https:\\\/\\\/unrostore.com\\\/wp-content\\\/uploads\\\/2024\\\/02\\\/unro-bruine-kommen.webp\",\"contentUrl\":\"https:\\\/\\\/unrostore.com\\\/wp-content\\\/uploads\\\/2024\\\/02\\\/unro-bruine-kommen.webp\",\"width\":1000,\"height\":1000,\"caption\":\"bruine kommen steengoed\"},{\"@type\":\"BreadcrumbList\",\"@id\":\"https:\\\/\\\/unrostore.com\\\/shop\\\/terrafina\\\/coffee\\\/bruine-kommen-coffee-4-delig\\\/#breadcrumb\",\"itemListElement\":[{\"@type\":\"ListItem\",\"position\":1,\"name\":\"Home\",\"item\":\"https:\\\/\\\/unrostore.com\\\/\"},{\"@type\":\"ListItem\",\"position\":2,\"name\":\"Shop\",\"item\":\"https:\\\/\\\/unrostore.com\\\/shop\\\/\"},{\"@type\":\"ListItem\",\"position\":3,\"name\":\"Bruine Kommen Coffee &#8211; 4-delig\"}]},{\"@type\":\"WebSite\",\"@id\":\"https:\\\/\\\/unrostore.com\\\/#website\",\"url\":\"https:\\\/\\\/unrostore.com\\\/\",\"name\":\"UNRO\",\"description\":\"Portugees servies waar je blij van wordt!\",\"publisher\":{\"@id\":\"https:\\\/\\\/unrostore.com\\\/#organization\"},\"potentialAction\":[{\"@type\":\"SearchAction\",\"target\":{\"@type\":\"EntryPoint\",\"urlTemplate\":\"https:\\\/\\\/unrostore.com\\\/?s={search_term_string}\"},\"query-input\":{\"@type\":\"PropertyValueSpecification\",\"valueRequired\":true,\"valueName\":\"search_term_string\"}}],\"inLanguage\":\"de-AT\"},{\"@type\":\"Organization\",\"@id\":\"https:\\\/\\\/unrostore.com\\\/#organization\",\"name\":\"UNRO\",\"url\":\"https:\\\/\\\/unrostore.com\\\/\",\"logo\":{\"@type\":\"ImageObject\",\"inLanguage\":\"de-AT\",\"@id\":\"https:\\\/\\\/unrostore.com\\\/#\\\/schema\\\/logo\\\/image\\\/\",\"url\":\"https:\\\/\\\/unrostore.com\\\/wp-content\\\/uploads\\\/2022\\\/05\\\/Logo-UNRO.png\",\"contentUrl\":\"https:\\\/\\\/unrostore.com\\\/wp-content\\\/uploads\\\/2022\\\/05\\\/Logo-UNRO.png\",\"width\":605,\"height\":179,\"caption\":\"UNRO\"},\"image\":{\"@id\":\"https:\\\/\\\/unrostore.com\\\/#\\\/schema\\\/logo\\\/image\\\/\"}}]}<\/script>\n<!-- \/ Yoast SEO plugin. -->","yoast_head_json":{"title":"Braune Schalen Kaffee - 4-teilig - UNRO","description":"Entdecken Sie das vielseitige, dunkelbraune 4er-Set Schalen aus der Geschirrkollektion Coffee. Ideal als Fr\u00fchst\u00fcckssch\u00fcssel, Suppensch\u00fcssel und Sch\u00fcssel f\u00fcr Ihre Acaibowl!","robots":{"index":"index","follow":"follow","max-snippet":"max-snippet:-1","max-image-preview":"max-image-preview:large","max-video-preview":"max-video-preview:-1"},"canonical":"https:\/\/unrostore.com\/de-at\/shop\/terrafina\/kaffee\/braune-schalen-kaffee-4-stuck\/","og_locale":"de_DE","og_type":"article","og_title":"Bruine Kommen Coffee - 4-delig &#8226; UNRO","og_description":"Ontdek de veelzijdige diepe bruine kommen set van 4 uit de Coffee servies collectie. Ideaal als ontbijtkom, soepkom en kom voor jouw acaibowl!","og_url":"https:\/\/unrostore.com\/de-at\/shop\/terrafina\/kaffee\/braune-schalen-kaffee-4-stuck\/","og_site_name":"UNRO","article_modified_time":"2026-01-19T20:36:34+00:00","og_image":[{"width":1000,"height":1000,"url":"https:\/\/unrostore.com\/wp-content\/uploads\/2024\/02\/unro-bruine-kommen.webp","type":"image\/webp"}],"twitter_card":"summary_large_image","schema":{"@context":"https:\/\/schema.org","@graph":[{"@type":"WebPage","@id":"https:\/\/unrostore.com\/shop\/terrafina\/coffee\/bruine-kommen-coffee-4-delig\/","url":"https:\/\/unrostore.com\/shop\/terrafina\/coffee\/bruine-kommen-coffee-4-delig\/","name":"Braune Schalen Kaffee - 4-teilig - UNRO","isPartOf":{"@id":"https:\/\/unrostore.com\/#website"},"primaryImageOfPage":{"@id":"https:\/\/unrostore.com\/shop\/terrafina\/coffee\/bruine-kommen-coffee-4-delig\/#primaryimage"},"image":{"@id":"https:\/\/unrostore.com\/shop\/terrafina\/coffee\/bruine-kommen-coffee-4-delig\/#primaryimage"},"thumbnailUrl":"https:\/\/unrostore.com\/wp-content\/uploads\/2024\/02\/unro-bruine-kommen.webp","datePublished":"2024-02-07T19:38:39+00:00","dateModified":"2026-01-19T20:36:34+00:00","description":"Entdecken Sie das vielseitige, dunkelbraune 4er-Set Schalen aus der Geschirrkollektion Coffee. Ideal als Fr\u00fchst\u00fcckssch\u00fcssel, Suppensch\u00fcssel und Sch\u00fcssel f\u00fcr Ihre Acaibowl!","breadcrumb":{"@id":"https:\/\/unrostore.com\/shop\/terrafina\/coffee\/bruine-kommen-coffee-4-delig\/#breadcrumb"},"inLanguage":"de-AT","potentialAction":[{"@type":"ReadAction","target":["https:\/\/unrostore.com\/shop\/terrafina\/coffee\/bruine-kommen-coffee-4-delig\/"]}]},{"@type":"ImageObject","inLanguage":"de-AT","@id":"https:\/\/unrostore.com\/shop\/terrafina\/coffee\/bruine-kommen-coffee-4-delig\/#primaryimage","url":"https:\/\/unrostore.com\/wp-content\/uploads\/2024\/02\/unro-bruine-kommen.webp","contentUrl":"https:\/\/unrostore.com\/wp-content\/uploads\/2024\/02\/unro-bruine-kommen.webp","width":1000,"height":1000,"caption":"bruine kommen steengoed"},{"@type":"BreadcrumbList","@id":"https:\/\/unrostore.com\/shop\/terrafina\/coffee\/bruine-kommen-coffee-4-delig\/#breadcrumb","itemListElement":[{"@type":"ListItem","position":1,"name":"Home","item":"https:\/\/unrostore.com\/"},{"@type":"ListItem","position":2,"name":"Shop","item":"https:\/\/unrostore.com\/shop\/"},{"@type":"ListItem","position":3,"name":"Bruine Kommen Coffee &#8211; 4-delig"}]},{"@type":"WebSite","@id":"https:\/\/unrostore.com\/#website","url":"https:\/\/unrostore.com\/","name":"UNRO","description":"Portugiesisches Geschirr, das Sie gl\u00fccklich machen wird!","publisher":{"@id":"https:\/\/unrostore.com\/#organization"},"potentialAction":[{"@type":"SearchAction","target":{"@type":"EntryPoint","urlTemplate":"https:\/\/unrostore.com\/?s={search_term_string}"},"query-input":{"@type":"PropertyValueSpecification","valueRequired":true,"valueName":"search_term_string"}}],"inLanguage":"de-AT"},{"@type":"Organization","@id":"https:\/\/unrostore.com\/#organization","name":"UNRO","url":"https:\/\/unrostore.com\/","logo":{"@type":"ImageObject","inLanguage":"de-AT","@id":"https:\/\/unrostore.com\/#\/schema\/logo\/image\/","url":"https:\/\/unrostore.com\/wp-content\/uploads\/2022\/05\/Logo-UNRO.png","contentUrl":"https:\/\/unrostore.com\/wp-content\/uploads\/2022\/05\/Logo-UNRO.png","width":605,"height":179,"caption":"UNRO"},"image":{"@id":"https:\/\/unrostore.com\/#\/schema\/logo\/image\/"}}]}},"_links":{"self":[{"href":"https:\/\/unrostore.com\/de-at\/wp-json\/wp\/v2\/product\/6987","targetHints":{"allow":["GET"]}}],"collection":[{"href":"https:\/\/unrostore.com\/de-at\/wp-json\/wp\/v2\/product"}],"about":[{"href":"https:\/\/unrostore.com\/de-at\/wp-json\/wp\/v2\/types\/product"}],"wp:featuredmedia":[{"embeddable":true,"href":"https:\/\/unrostore.com\/de-at\/wp-json\/wp\/v2\/media\/6988"}],"wp:attachment":[{"href":"https:\/\/unrostore.com\/de-at\/wp-json\/wp\/v2\/media?parent=6987"}],"wp:term":[{"taxonomy":"product_brand","embeddable":true,"href":"https:\/\/unrostore.com\/de-at\/wp-json\/wp\/v2\/product_brand?post=6987"},{"taxonomy":"product_cat","embeddable":true,"href":"https:\/\/unrostore.com\/de-at\/wp-json\/wp\/v2\/product_cat?post=6987"},{"taxonomy":"product_tag","embeddable":true,"href":"https:\/\/unrostore.com\/de-at\/wp-json\/wp\/v2\/product_tag?post=6987"}],"curies":[{"name":"wp","href":"https:\/\/api.w.org\/{rel}","templated":true}]}}