{"id":6674,"date":"2023-12-27T14:53:06","date_gmt":"2023-12-27T14:53:06","guid":{"rendered":"https:\/\/unrostore.com\/?post_type=product&#038;p=6674"},"modified":"2026-01-19T20:37:19","modified_gmt":"2026-01-19T20:37:19","slug":"creme-cappuccino-becher-amazonia-creme-4-stuck","status":"publish","type":"product","link":"https:\/\/unrostore.com\/de-at\/shop\/terrafina\/amazonia-creme\/creme-cappuccino-becher-amazonia-creme-4-stuck\/","title":{"rendered":"Cappuccinotassen Creme 350 ml Amazonia Creme - 2-teilig"},"content":{"rendered":"<h3>Lustiges und stilvolles Set aus 4 Cappuccino-Bechern!<\/h3>\n<p>Diese<strong> creme Cappuccino Tassen<\/strong> Satz von 4 ist von der portugiesischen Marke <a href=\"https:\/\/www.terrafinastore.com\/en\/representatives\/unro\">Terrafina<\/a> und ist ideal f\u00fcr Ihren Kaffee, Tee oder Cappuccino. Die hochwertige Verarbeitung und die sanfte, neutrale Farbe machen diese Tassen zu einem angenehmen Anblick. Die runde Form und das Ohr an der Seite sorgen f\u00fcr hohen Trinkkomfort. Diese gro\u00dfen Tassen eignen sich hervorragend als Geschenk f\u00fcr Frauen zu Einweihungsfeiern oder Geburtstagen. Sind 4 Tassen zu viel? Wir haben sie auch in einer <a href=\"https:\/\/unrostore.com\/de-at\/shop\/terrafina\/amazonia-creme\/beige-mokken-amazonia-cream-2-delig\/\">2er-Set Becher<\/a>. Kombinieren Sie dieses gro\u00dfe Kaffeebecherset mit passenden cremefarbenen <a href=\"https:\/\/unrostore.com\/de-at\/shop\/terrafina\/amazonia-creme\/beige-schaaltjes-amazonia-cream-2-delig\/\">Schalen<\/a> oder <a href=\"https:\/\/unrostore.com\/de-at\/shop\/terrafina\/amazonia-creme\/beige-gebaksbordjes-amazonia-cream-4-delig\/\">Fr\u00fchst\u00fccksteller<\/a> und genie\u00dfen Sie jeden Tag ein sch\u00f6nes Fr\u00fchst\u00fccks- oder Mittagsset!<\/p>\n<h3>Dies ist die Anzahl der Tassen, die Sie erhalten werden<\/h3>\n<ul>\n<li>4x Amazonia Cream Cappuccino Becher (350ml Trinkvolumen)<\/li>\n<li>2x Terrafina Geschenkbox<\/li>\n<\/ul>\n<p>&nbsp;<\/p>\n<p><em><strong>Nachhaltig f\u00fcr Mensch und Umwelt:<\/strong><br \/>\nJedes Produkt ist ein Unikat, denn es wird in Handarbeit hergestellt.<br \/>\nDruck und Textur k\u00f6nnen daher leicht vom Produktfoto abweichen.<\/em><\/p>","protected":false},"excerpt":{"rendered":"<div style=\"font-family: nunito sans; font-size: 14px; border: 1px solid #dedede; border-radius: 4px; padding: 15px 0 0 14px; margin-top: 20px; margin-bottom: 20px; width: 160px; box-shadow: 1px 1px 7px 0px rgb(0 0 0 \/ 15%), 0px 0px 2px 0px rgb(0 0 0 \/ 5%); color: #00b900;\">\n<p>Mit diesem Festpreis sparen Sie <strong>\u20ac4,-<\/strong><\/p>\n<\/div>\n<div class=\"usps\"><i class=\"far fa-check-circle\"><\/i> Mikrowellenfest<br \/>\n<i class=\"far fa-check-circle\"><\/i> Backofenfest (bis zu 200 Grad)<br \/>\n<i class=\"far fa-check-circle\"><\/i> Sp\u00fclmaschinentauglich<br \/>\n<i class=\"far fa-thumbs-up\"><\/i> Handgefertigt<\/div>","protected":false},"featured_media":8153,"template":"","meta":[],"product_brand":[],"product_cat":[316,144,132,871,119],"product_tag":[145,309,634,375,879,639,862,861,633,399],"class_list":{"0":"post-6674","1":"product","2":"type-product","3":"status-publish","4":"has-post-thumbnail","6":"product_cat-cappuccino-mokken","7":"product_cat-amazonia-cream","8":"product_cat-kopjes-en-mokken","9":"product_cat-unro-populair-portugees-keramiek","10":"product_cat-terrafina","11":"product_tag-amazonia-cream","12":"product_tag-cappuccino-mokken","13":"product_tag-chai-latte","14":"product_tag-creme-kopjes","15":"product_tag-creme-mokken","16":"product_tag-grote-mokken","17":"product_tag-koffie-mokken","18":"product_tag-kopjes-en-mokken","19":"product_tag-latte-macchiato","20":"product_tag-thee-mokken","22":"first","23":"instock","24":"sale","25":"taxable","26":"shipping-taxable","27":"purchasable","28":"product-type-simple"},"yoast_head":"<!-- This site is optimized with the Yoast SEO plugin v27.4 - https:\/\/yoast.com\/product\/yoast-seo-wordpress\/ -->\n<title>Creme Cappuccino Mokken 350 ml Amazonia Cream - 4-delig &#8226; UNRO<\/title>\n<meta name=\"description\" content=\"Ontdek deze leuke set van 4 grote creme cappuccino mokken die op een duurzame manier met liefde handgemaakt worden in Portugal door lokale vakmensen.\" \/>\n<meta name=\"robots\" content=\"index, follow, max-snippet:-1, max-image-preview:large, max-video-preview:-1\" \/>\n<link rel=\"canonical\" href=\"https:\/\/unrostore.com\/de-at\/shop\/terrafina\/amazonia-creme\/creme-cappuccino-becher-amazonia-creme-4-stuck\/\" \/>\n<meta property=\"og:locale\" content=\"de_DE\" \/>\n<meta property=\"og:type\" content=\"article\" \/>\n<meta property=\"og:title\" content=\"Creme Cappuccino Mokken 350 ml Amazonia Cream - 4-delig &#8226; UNRO\" \/>\n<meta property=\"og:description\" content=\"Ontdek deze leuke set van 4 grote creme cappuccino mokken die op een duurzame manier met liefde handgemaakt worden in Portugal door lokale vakmensen.\" \/>\n<meta property=\"og:url\" content=\"https:\/\/unrostore.com\/de-at\/shop\/terrafina\/amazonia-creme\/creme-cappuccino-becher-amazonia-creme-4-stuck\/\" \/>\n<meta property=\"og:site_name\" content=\"UNRO\" \/>\n<meta property=\"article:modified_time\" content=\"2026-01-19T20:37:19+00:00\" \/>\n<meta property=\"og:image\" content=\"https:\/\/unrostore.com\/wp-content\/uploads\/2023\/12\/unro-amazonia-cream-cappuccino-mokken-set.webp\" \/>\n\t<meta property=\"og:image:width\" content=\"1000\" \/>\n\t<meta property=\"og:image:height\" content=\"1000\" \/>\n\t<meta property=\"og:image:type\" content=\"image\/webp\" \/>\n<meta name=\"twitter:card\" content=\"summary_large_image\" \/>\n<script type=\"application\/ld+json\" class=\"yoast-schema-graph\">{\"@context\":\"https:\\\/\\\/schema.org\",\"@graph\":[{\"@type\":\"WebPage\",\"@id\":\"https:\\\/\\\/unrostore.com\\\/shop\\\/terrafina\\\/amazonia-cream\\\/creme-cappuccino-mokken-amazonia-cream-4-delig\\\/\",\"url\":\"https:\\\/\\\/unrostore.com\\\/shop\\\/terrafina\\\/amazonia-cream\\\/creme-cappuccino-mokken-amazonia-cream-4-delig\\\/\",\"name\":\"Creme Cappuccino Mokken 350 ml Amazonia Cream - 4-delig &#8226; UNRO\",\"isPartOf\":{\"@id\":\"https:\\\/\\\/unrostore.com\\\/#website\"},\"primaryImageOfPage\":{\"@id\":\"https:\\\/\\\/unrostore.com\\\/shop\\\/terrafina\\\/amazonia-cream\\\/creme-cappuccino-mokken-amazonia-cream-4-delig\\\/#primaryimage\"},\"image\":{\"@id\":\"https:\\\/\\\/unrostore.com\\\/shop\\\/terrafina\\\/amazonia-cream\\\/creme-cappuccino-mokken-amazonia-cream-4-delig\\\/#primaryimage\"},\"thumbnailUrl\":\"https:\\\/\\\/unrostore.com\\\/wp-content\\\/uploads\\\/2023\\\/12\\\/unro-amazonia-cream-cappuccino-mokken-set.webp\",\"datePublished\":\"2023-12-27T14:53:06+00:00\",\"dateModified\":\"2026-01-19T20:37:19+00:00\",\"description\":\"Ontdek deze leuke set van 4 grote creme cappuccino mokken die op een duurzame manier met liefde handgemaakt worden in Portugal door lokale vakmensen.\",\"breadcrumb\":{\"@id\":\"https:\\\/\\\/unrostore.com\\\/shop\\\/terrafina\\\/amazonia-cream\\\/creme-cappuccino-mokken-amazonia-cream-4-delig\\\/#breadcrumb\"},\"inLanguage\":\"de-AT\",\"potentialAction\":[{\"@type\":\"ReadAction\",\"target\":[\"https:\\\/\\\/unrostore.com\\\/shop\\\/terrafina\\\/amazonia-cream\\\/creme-cappuccino-mokken-amazonia-cream-4-delig\\\/\"]}]},{\"@type\":\"ImageObject\",\"inLanguage\":\"de-AT\",\"@id\":\"https:\\\/\\\/unrostore.com\\\/shop\\\/terrafina\\\/amazonia-cream\\\/creme-cappuccino-mokken-amazonia-cream-4-delig\\\/#primaryimage\",\"url\":\"https:\\\/\\\/unrostore.com\\\/wp-content\\\/uploads\\\/2023\\\/12\\\/unro-amazonia-cream-cappuccino-mokken-set.webp\",\"contentUrl\":\"https:\\\/\\\/unrostore.com\\\/wp-content\\\/uploads\\\/2023\\\/12\\\/unro-amazonia-cream-cappuccino-mokken-set.webp\",\"width\":1000,\"height\":1000,\"caption\":\"creme cappuccino mokken amazonia cream\"},{\"@type\":\"BreadcrumbList\",\"@id\":\"https:\\\/\\\/unrostore.com\\\/shop\\\/terrafina\\\/amazonia-cream\\\/creme-cappuccino-mokken-amazonia-cream-4-delig\\\/#breadcrumb\",\"itemListElement\":[{\"@type\":\"ListItem\",\"position\":1,\"name\":\"Home\",\"item\":\"https:\\\/\\\/unrostore.com\\\/\"},{\"@type\":\"ListItem\",\"position\":2,\"name\":\"Shop\",\"item\":\"https:\\\/\\\/unrostore.com\\\/shop\\\/\"},{\"@type\":\"ListItem\",\"position\":3,\"name\":\"Creme Cappuccino Mokken 350 ml Amazonia Cream &#8211; 4-delig\"}]},{\"@type\":\"WebSite\",\"@id\":\"https:\\\/\\\/unrostore.com\\\/#website\",\"url\":\"https:\\\/\\\/unrostore.com\\\/\",\"name\":\"UNRO\",\"description\":\"Portugees servies waar je blij van wordt!\",\"publisher\":{\"@id\":\"https:\\\/\\\/unrostore.com\\\/#organization\"},\"potentialAction\":[{\"@type\":\"SearchAction\",\"target\":{\"@type\":\"EntryPoint\",\"urlTemplate\":\"https:\\\/\\\/unrostore.com\\\/?s={search_term_string}\"},\"query-input\":{\"@type\":\"PropertyValueSpecification\",\"valueRequired\":true,\"valueName\":\"search_term_string\"}}],\"inLanguage\":\"de-AT\"},{\"@type\":\"Organization\",\"@id\":\"https:\\\/\\\/unrostore.com\\\/#organization\",\"name\":\"UNRO\",\"url\":\"https:\\\/\\\/unrostore.com\\\/\",\"logo\":{\"@type\":\"ImageObject\",\"inLanguage\":\"de-AT\",\"@id\":\"https:\\\/\\\/unrostore.com\\\/#\\\/schema\\\/logo\\\/image\\\/\",\"url\":\"https:\\\/\\\/unrostore.com\\\/wp-content\\\/uploads\\\/2022\\\/05\\\/Logo-UNRO.png\",\"contentUrl\":\"https:\\\/\\\/unrostore.com\\\/wp-content\\\/uploads\\\/2022\\\/05\\\/Logo-UNRO.png\",\"width\":605,\"height\":179,\"caption\":\"UNRO\"},\"image\":{\"@id\":\"https:\\\/\\\/unrostore.com\\\/#\\\/schema\\\/logo\\\/image\\\/\"}}]}<\/script>\n<!-- \/ Yoast SEO plugin. -->","yoast_head_json":{"title":"Cappuccinotassen Creme 350 ml Amazonia Creme - 2-teilig - UNRO","description":"Entdecken Sie dieses lustige Set aus 4 gro\u00dfen cremefarbenen Cappuccinotassen, die in Portugal von lokalen Handwerkern liebevoll und nachhaltig hergestellt werden.","robots":{"index":"index","follow":"follow","max-snippet":"max-snippet:-1","max-image-preview":"max-image-preview:large","max-video-preview":"max-video-preview:-1"},"canonical":"https:\/\/unrostore.com\/de-at\/shop\/terrafina\/amazonia-creme\/creme-cappuccino-becher-amazonia-creme-4-stuck\/","og_locale":"de_DE","og_type":"article","og_title":"Creme Cappuccino Mokken 350 ml Amazonia Cream - 4-delig &#8226; UNRO","og_description":"Ontdek deze leuke set van 4 grote creme cappuccino mokken die op een duurzame manier met liefde handgemaakt worden in Portugal door lokale vakmensen.","og_url":"https:\/\/unrostore.com\/de-at\/shop\/terrafina\/amazonia-creme\/creme-cappuccino-becher-amazonia-creme-4-stuck\/","og_site_name":"UNRO","article_modified_time":"2026-01-19T20:37:19+00:00","og_image":[{"width":1000,"height":1000,"url":"https:\/\/unrostore.com\/wp-content\/uploads\/2023\/12\/unro-amazonia-cream-cappuccino-mokken-set.webp","type":"image\/webp"}],"twitter_card":"summary_large_image","schema":{"@context":"https:\/\/schema.org","@graph":[{"@type":"WebPage","@id":"https:\/\/unrostore.com\/shop\/terrafina\/amazonia-cream\/creme-cappuccino-mokken-amazonia-cream-4-delig\/","url":"https:\/\/unrostore.com\/shop\/terrafina\/amazonia-cream\/creme-cappuccino-mokken-amazonia-cream-4-delig\/","name":"Cappuccinotassen Creme 350 ml Amazonia Creme - 2-teilig - UNRO","isPartOf":{"@id":"https:\/\/unrostore.com\/#website"},"primaryImageOfPage":{"@id":"https:\/\/unrostore.com\/shop\/terrafina\/amazonia-cream\/creme-cappuccino-mokken-amazonia-cream-4-delig\/#primaryimage"},"image":{"@id":"https:\/\/unrostore.com\/shop\/terrafina\/amazonia-cream\/creme-cappuccino-mokken-amazonia-cream-4-delig\/#primaryimage"},"thumbnailUrl":"https:\/\/unrostore.com\/wp-content\/uploads\/2023\/12\/unro-amazonia-cream-cappuccino-mokken-set.webp","datePublished":"2023-12-27T14:53:06+00:00","dateModified":"2026-01-19T20:37:19+00:00","description":"Entdecken Sie dieses lustige Set aus 4 gro\u00dfen cremefarbenen Cappuccinotassen, die in Portugal von lokalen Handwerkern liebevoll und nachhaltig hergestellt werden.","breadcrumb":{"@id":"https:\/\/unrostore.com\/shop\/terrafina\/amazonia-cream\/creme-cappuccino-mokken-amazonia-cream-4-delig\/#breadcrumb"},"inLanguage":"de-AT","potentialAction":[{"@type":"ReadAction","target":["https:\/\/unrostore.com\/shop\/terrafina\/amazonia-cream\/creme-cappuccino-mokken-amazonia-cream-4-delig\/"]}]},{"@type":"ImageObject","inLanguage":"de-AT","@id":"https:\/\/unrostore.com\/shop\/terrafina\/amazonia-cream\/creme-cappuccino-mokken-amazonia-cream-4-delig\/#primaryimage","url":"https:\/\/unrostore.com\/wp-content\/uploads\/2023\/12\/unro-amazonia-cream-cappuccino-mokken-set.webp","contentUrl":"https:\/\/unrostore.com\/wp-content\/uploads\/2023\/12\/unro-amazonia-cream-cappuccino-mokken-set.webp","width":1000,"height":1000,"caption":"creme cappuccino mokken amazonia cream"},{"@type":"BreadcrumbList","@id":"https:\/\/unrostore.com\/shop\/terrafina\/amazonia-cream\/creme-cappuccino-mokken-amazonia-cream-4-delig\/#breadcrumb","itemListElement":[{"@type":"ListItem","position":1,"name":"Home","item":"https:\/\/unrostore.com\/"},{"@type":"ListItem","position":2,"name":"Shop","item":"https:\/\/unrostore.com\/shop\/"},{"@type":"ListItem","position":3,"name":"Creme Cappuccino Mokken 350 ml Amazonia Cream &#8211; 4-delig"}]},{"@type":"WebSite","@id":"https:\/\/unrostore.com\/#website","url":"https:\/\/unrostore.com\/","name":"UNRO","description":"Portugiesisches Geschirr, das Sie gl\u00fccklich machen wird!","publisher":{"@id":"https:\/\/unrostore.com\/#organization"},"potentialAction":[{"@type":"SearchAction","target":{"@type":"EntryPoint","urlTemplate":"https:\/\/unrostore.com\/?s={search_term_string}"},"query-input":{"@type":"PropertyValueSpecification","valueRequired":true,"valueName":"search_term_string"}}],"inLanguage":"de-AT"},{"@type":"Organization","@id":"https:\/\/unrostore.com\/#organization","name":"UNRO","url":"https:\/\/unrostore.com\/","logo":{"@type":"ImageObject","inLanguage":"de-AT","@id":"https:\/\/unrostore.com\/#\/schema\/logo\/image\/","url":"https:\/\/unrostore.com\/wp-content\/uploads\/2022\/05\/Logo-UNRO.png","contentUrl":"https:\/\/unrostore.com\/wp-content\/uploads\/2022\/05\/Logo-UNRO.png","width":605,"height":179,"caption":"UNRO"},"image":{"@id":"https:\/\/unrostore.com\/#\/schema\/logo\/image\/"}}]}},"_links":{"self":[{"href":"https:\/\/unrostore.com\/de-at\/wp-json\/wp\/v2\/product\/6674","targetHints":{"allow":["GET"]}}],"collection":[{"href":"https:\/\/unrostore.com\/de-at\/wp-json\/wp\/v2\/product"}],"about":[{"href":"https:\/\/unrostore.com\/de-at\/wp-json\/wp\/v2\/types\/product"}],"wp:featuredmedia":[{"embeddable":true,"href":"https:\/\/unrostore.com\/de-at\/wp-json\/wp\/v2\/media\/8153"}],"wp:attachment":[{"href":"https:\/\/unrostore.com\/de-at\/wp-json\/wp\/v2\/media?parent=6674"}],"wp:term":[{"taxonomy":"product_brand","embeddable":true,"href":"https:\/\/unrostore.com\/de-at\/wp-json\/wp\/v2\/product_brand?post=6674"},{"taxonomy":"product_cat","embeddable":true,"href":"https:\/\/unrostore.com\/de-at\/wp-json\/wp\/v2\/product_cat?post=6674"},{"taxonomy":"product_tag","embeddable":true,"href":"https:\/\/unrostore.com\/de-at\/wp-json\/wp\/v2\/product_tag?post=6674"}],"curies":[{"name":"wp","href":"https:\/\/api.w.org\/{rel}","templated":true}]}}