{"id":6653,"date":"2023-12-27T12:21:44","date_gmt":"2023-12-27T12:21:44","guid":{"rendered":"https:\/\/unrostore.com\/?post_type=product&#038;p=6653"},"modified":"2026-01-19T20:37:19","modified_gmt":"2026-01-19T20:37:19","slug":"blaue-cappuccinotassen-amazonia-bue-4-stuck","status":"publish","type":"product","link":"https:\/\/unrostore.com\/de-at\/shop\/terrafina\/amazonenblau\/blaue-cappuccinotassen-amazonia-bue-4-stuck\/","title":{"rendered":"Blaue Cappuccinotassen 350 ml Amazonienblau - 4-tlg."},"content":{"rendered":"<h3>Sch\u00f6nes Set aus 4 blauen Cappuccinotassen!<\/h3>\n<p>Diese<strong> blaue Cappuccinotassen <\/strong>durch portugiesische Marke <a href=\"https:\/\/www.terrafinastore.com\/en\/representatives\/unro\">Terrafina<\/a> und perfekt f\u00fcr Ihr Lieblingshei\u00dfgetr\u00e4nk. Ob Sie Tee, eine gro\u00dfe Tasse Kaffee oder Tee m\u00f6gen, diese blauen Becher mit Ohr haben die perfekte Gr\u00f6\u00dfe daf\u00fcr. Die einzigartige blaue Farbe macht diese Becher so besonders und gibt Ihrer Kaffee-Ecke einen farbenfrohen Touch. Ihr Kaffeemoment oder High Tea war noch nie so stilvoll. Kombinieren Sie dieses gro\u00dfe Teebecherset mit den passenden blauen <a href=\"https:\/\/unrostore.com\/de-at\/shop\/terrafina\/amazonenblau\/blaues-geschirr-amazonia-blau-2-stuck\/\">Schalen<\/a> oder <a href=\"https:\/\/unrostore.com\/de-at\/shop\/terrafina\/amazonenblau\/gebaksbordjes-blauw-amazonia-blue-4-delig\/\">Fr\u00fchst\u00fccksteller<\/a> und genie\u00dfen Sie jeden Tag ein sch\u00f6nes Lunchpaket! Oder verschenken Sie dieses lustige Set aus 4 gro\u00dfen blauen Bechern, die auch in einer <a href=\"https:\/\/unrostore.com\/de-at\/shop\/terrafina\/amazonenblau\/blauwe-mokken-amazonia-blue-2-delig\/\">2er-Satz<\/a> oder wenn <a href=\"https:\/\/unrostore.com\/de-at\/shop\/terrafina\/amazonenblau\/blauer-cappuccino-becher-amazonia-blau-1-stuck\/\">Einzelbecher<\/a> in einer h\u00fcbschen Geschenkbox!<\/p>\n<h3>Dies ist die Anzahl der Tassen, die Sie erhalten werden<\/h3>\n<ul>\n<li>4x Amazonia Blue Becher (350ml trinkbares Fassungsverm\u00f6gen)<\/li>\n<li>2x Terrafina Geschenkbox<\/li>\n<\/ul>\n<p><em><strong>Nachhaltig f\u00fcr Mensch und Umwelt:<\/strong><br \/>\nJedes Produkt ist ein Unikat, denn es wird in Handarbeit hergestellt.<br \/>\nDruck und Textur k\u00f6nnen daher leicht vom Produktfoto abweichen.<\/em><\/p>","protected":false},"excerpt":{"rendered":"<div style=\"font-family: nunito sans; font-size: 14px; border: 1px solid #dedede; border-radius: 4px; padding: 15px 0 0 14px; margin-top: 20px; margin-bottom: 20px; width: 160px; box-shadow: 1px 1px 7px 0px rgb(0 0 0 \/ 15%), 0px 0px 2px 0px rgb(0 0 0 \/ 5%); color: #00b900;\">\n<p>Mit diesem Festpreis sparen Sie <strong>\u20ac4,-<\/strong><\/p>\n<\/div>\n<div class=\"usps\"><i class=\"far fa-check-circle\"><\/i> Mikrowellenfest<br \/>\n<i class=\"far fa-check-circle\"><\/i> Backofenfest (bis zu 200 Grad)<br \/>\n<i class=\"far fa-check-circle\"><\/i> Sp\u00fclmaschinentauglich<br \/>\n<i class=\"far fa-thumbs-up\"><\/i> Handgefertigt<\/div>","protected":false},"featured_media":8144,"template":"","meta":[],"product_brand":[],"product_cat":[174,316,132,871,119],"product_tag":[376,627,309,634,639,862,861,633,399],"class_list":{"0":"post-6653","1":"product","2":"type-product","3":"status-publish","4":"has-post-thumbnail","6":"product_cat-amazonia-blue","7":"product_cat-cappuccino-mokken","8":"product_cat-kopjes-en-mokken","9":"product_cat-unro-populair-portugees-keramiek","10":"product_cat-terrafina","11":"product_tag-blauwe-kopjes","12":"product_tag-blauwe-mokken","13":"product_tag-cappuccino-mokken","14":"product_tag-chai-latte","15":"product_tag-grote-mokken","16":"product_tag-koffie-mokken","17":"product_tag-kopjes-en-mokken","18":"product_tag-latte-macchiato","19":"product_tag-thee-mokken","21":"first","22":"instock","23":"sale","24":"taxable","25":"shipping-taxable","26":"purchasable","27":"product-type-simple"},"yoast_head":"<!-- This site is optimized with the Yoast SEO plugin v27.4 - https:\/\/yoast.com\/product\/yoast-seo-wordpress\/ -->\n<title>Blauwe Cappuccino Mokken 350 ml Amazonia Blue - 4-delig &#8226; UNRO<\/title>\n<meta name=\"description\" content=\"Ontdek deze zomerse set van 4 grote blauwe cappuccino mokken die doen denken aan het prachtige blauw van de zee, prachtig voor in jouw koffiehoek!\" \/>\n<meta name=\"robots\" content=\"index, follow, max-snippet:-1, max-image-preview:large, max-video-preview:-1\" \/>\n<link rel=\"canonical\" href=\"https:\/\/unrostore.com\/de-at\/shop\/terrafina\/amazonenblau\/blaue-cappuccinotassen-amazonia-bue-4-stuck\/\" \/>\n<meta property=\"og:locale\" content=\"de_DE\" \/>\n<meta property=\"og:type\" content=\"article\" \/>\n<meta property=\"og:title\" content=\"Blauwe Cappuccino Mokken 350 ml Amazonia Blue - 4-delig &#8226; UNRO\" \/>\n<meta property=\"og:description\" content=\"Ontdek deze zomerse set van 4 grote blauwe cappuccino mokken die doen denken aan het prachtige blauw van de zee, prachtig voor in jouw koffiehoek!\" \/>\n<meta property=\"og:url\" content=\"https:\/\/unrostore.com\/de-at\/shop\/terrafina\/amazonenblau\/blaue-cappuccinotassen-amazonia-bue-4-stuck\/\" \/>\n<meta property=\"og:site_name\" content=\"UNRO\" \/>\n<meta property=\"article:modified_time\" content=\"2026-01-19T20:37:19+00:00\" \/>\n<meta property=\"og:image\" content=\"https:\/\/unrostore.com\/wp-content\/uploads\/2023\/12\/unro-mokken-blauwe-kopjes-portugees-servies.webp\" \/>\n\t<meta property=\"og:image:width\" content=\"1000\" \/>\n\t<meta property=\"og:image:height\" content=\"1000\" \/>\n\t<meta property=\"og:image:type\" content=\"image\/webp\" \/>\n<meta name=\"twitter:card\" content=\"summary_large_image\" \/>\n<script type=\"application\/ld+json\" class=\"yoast-schema-graph\">{\"@context\":\"https:\\\/\\\/schema.org\",\"@graph\":[{\"@type\":\"WebPage\",\"@id\":\"https:\\\/\\\/unrostore.com\\\/shop\\\/terrafina\\\/amazonia-blue\\\/blauwe-cappuccino-mokken-amazonia-bue-4-delig\\\/\",\"url\":\"https:\\\/\\\/unrostore.com\\\/shop\\\/terrafina\\\/amazonia-blue\\\/blauwe-cappuccino-mokken-amazonia-bue-4-delig\\\/\",\"name\":\"Blauwe Cappuccino Mokken 350 ml Amazonia Blue - 4-delig &#8226; UNRO\",\"isPartOf\":{\"@id\":\"https:\\\/\\\/unrostore.com\\\/#website\"},\"primaryImageOfPage\":{\"@id\":\"https:\\\/\\\/unrostore.com\\\/shop\\\/terrafina\\\/amazonia-blue\\\/blauwe-cappuccino-mokken-amazonia-bue-4-delig\\\/#primaryimage\"},\"image\":{\"@id\":\"https:\\\/\\\/unrostore.com\\\/shop\\\/terrafina\\\/amazonia-blue\\\/blauwe-cappuccino-mokken-amazonia-bue-4-delig\\\/#primaryimage\"},\"thumbnailUrl\":\"https:\\\/\\\/unrostore.com\\\/wp-content\\\/uploads\\\/2023\\\/12\\\/unro-mokken-blauwe-kopjes-portugees-servies.webp\",\"datePublished\":\"2023-12-27T12:21:44+00:00\",\"dateModified\":\"2026-01-19T20:37:19+00:00\",\"description\":\"Ontdek deze zomerse set van 4 grote blauwe cappuccino mokken die doen denken aan het prachtige blauw van de zee, prachtig voor in jouw koffiehoek!\",\"breadcrumb\":{\"@id\":\"https:\\\/\\\/unrostore.com\\\/shop\\\/terrafina\\\/amazonia-blue\\\/blauwe-cappuccino-mokken-amazonia-bue-4-delig\\\/#breadcrumb\"},\"inLanguage\":\"de-AT\",\"potentialAction\":[{\"@type\":\"ReadAction\",\"target\":[\"https:\\\/\\\/unrostore.com\\\/shop\\\/terrafina\\\/amazonia-blue\\\/blauwe-cappuccino-mokken-amazonia-bue-4-delig\\\/\"]}]},{\"@type\":\"ImageObject\",\"inLanguage\":\"de-AT\",\"@id\":\"https:\\\/\\\/unrostore.com\\\/shop\\\/terrafina\\\/amazonia-blue\\\/blauwe-cappuccino-mokken-amazonia-bue-4-delig\\\/#primaryimage\",\"url\":\"https:\\\/\\\/unrostore.com\\\/wp-content\\\/uploads\\\/2023\\\/12\\\/unro-mokken-blauwe-kopjes-portugees-servies.webp\",\"contentUrl\":\"https:\\\/\\\/unrostore.com\\\/wp-content\\\/uploads\\\/2023\\\/12\\\/unro-mokken-blauwe-kopjes-portugees-servies.webp\",\"width\":1000,\"height\":1000,\"caption\":\"blauwe mokken amazonia blue kopjes\"},{\"@type\":\"BreadcrumbList\",\"@id\":\"https:\\\/\\\/unrostore.com\\\/shop\\\/terrafina\\\/amazonia-blue\\\/blauwe-cappuccino-mokken-amazonia-bue-4-delig\\\/#breadcrumb\",\"itemListElement\":[{\"@type\":\"ListItem\",\"position\":1,\"name\":\"Home\",\"item\":\"https:\\\/\\\/unrostore.com\\\/\"},{\"@type\":\"ListItem\",\"position\":2,\"name\":\"Shop\",\"item\":\"https:\\\/\\\/unrostore.com\\\/shop\\\/\"},{\"@type\":\"ListItem\",\"position\":3,\"name\":\"Blauwe Cappuccino Mokken 350 ml Amazonia Blue &#8211; 4-delig\"}]},{\"@type\":\"WebSite\",\"@id\":\"https:\\\/\\\/unrostore.com\\\/#website\",\"url\":\"https:\\\/\\\/unrostore.com\\\/\",\"name\":\"UNRO\",\"description\":\"Portugees servies waar je blij van wordt!\",\"publisher\":{\"@id\":\"https:\\\/\\\/unrostore.com\\\/#organization\"},\"potentialAction\":[{\"@type\":\"SearchAction\",\"target\":{\"@type\":\"EntryPoint\",\"urlTemplate\":\"https:\\\/\\\/unrostore.com\\\/?s={search_term_string}\"},\"query-input\":{\"@type\":\"PropertyValueSpecification\",\"valueRequired\":true,\"valueName\":\"search_term_string\"}}],\"inLanguage\":\"de-AT\"},{\"@type\":\"Organization\",\"@id\":\"https:\\\/\\\/unrostore.com\\\/#organization\",\"name\":\"UNRO\",\"url\":\"https:\\\/\\\/unrostore.com\\\/\",\"logo\":{\"@type\":\"ImageObject\",\"inLanguage\":\"de-AT\",\"@id\":\"https:\\\/\\\/unrostore.com\\\/#\\\/schema\\\/logo\\\/image\\\/\",\"url\":\"https:\\\/\\\/unrostore.com\\\/wp-content\\\/uploads\\\/2022\\\/05\\\/Logo-UNRO.png\",\"contentUrl\":\"https:\\\/\\\/unrostore.com\\\/wp-content\\\/uploads\\\/2022\\\/05\\\/Logo-UNRO.png\",\"width\":605,\"height\":179,\"caption\":\"UNRO\"},\"image\":{\"@id\":\"https:\\\/\\\/unrostore.com\\\/#\\\/schema\\\/logo\\\/image\\\/\"}}]}<\/script>\n<!-- \/ Yoast SEO plugin. -->","yoast_head_json":{"title":"Blaue Cappuccinotassen 350 ml Amazonia Blau - 4 St\u00fcck - UNRO","description":"Entdecken Sie dieses sommerliche Set von 4 gro\u00dfen blauen Cappuccinotassen, die an das sch\u00f6ne Blau des Meeres erinnern, sch\u00f6n f\u00fcr Ihre Kaffeeecke!","robots":{"index":"index","follow":"follow","max-snippet":"max-snippet:-1","max-image-preview":"max-image-preview:large","max-video-preview":"max-video-preview:-1"},"canonical":"https:\/\/unrostore.com\/de-at\/shop\/terrafina\/amazonenblau\/blaue-cappuccinotassen-amazonia-bue-4-stuck\/","og_locale":"de_DE","og_type":"article","og_title":"Blauwe Cappuccino Mokken 350 ml Amazonia Blue - 4-delig &#8226; UNRO","og_description":"Ontdek deze zomerse set van 4 grote blauwe cappuccino mokken die doen denken aan het prachtige blauw van de zee, prachtig voor in jouw koffiehoek!","og_url":"https:\/\/unrostore.com\/de-at\/shop\/terrafina\/amazonenblau\/blaue-cappuccinotassen-amazonia-bue-4-stuck\/","og_site_name":"UNRO","article_modified_time":"2026-01-19T20:37:19+00:00","og_image":[{"width":1000,"height":1000,"url":"https:\/\/unrostore.com\/wp-content\/uploads\/2023\/12\/unro-mokken-blauwe-kopjes-portugees-servies.webp","type":"image\/webp"}],"twitter_card":"summary_large_image","schema":{"@context":"https:\/\/schema.org","@graph":[{"@type":"WebPage","@id":"https:\/\/unrostore.com\/shop\/terrafina\/amazonia-blue\/blauwe-cappuccino-mokken-amazonia-bue-4-delig\/","url":"https:\/\/unrostore.com\/shop\/terrafina\/amazonia-blue\/blauwe-cappuccino-mokken-amazonia-bue-4-delig\/","name":"Blaue Cappuccinotassen 350 ml Amazonia Blau - 4 St\u00fcck - UNRO","isPartOf":{"@id":"https:\/\/unrostore.com\/#website"},"primaryImageOfPage":{"@id":"https:\/\/unrostore.com\/shop\/terrafina\/amazonia-blue\/blauwe-cappuccino-mokken-amazonia-bue-4-delig\/#primaryimage"},"image":{"@id":"https:\/\/unrostore.com\/shop\/terrafina\/amazonia-blue\/blauwe-cappuccino-mokken-amazonia-bue-4-delig\/#primaryimage"},"thumbnailUrl":"https:\/\/unrostore.com\/wp-content\/uploads\/2023\/12\/unro-mokken-blauwe-kopjes-portugees-servies.webp","datePublished":"2023-12-27T12:21:44+00:00","dateModified":"2026-01-19T20:37:19+00:00","description":"Entdecken Sie dieses sommerliche Set von 4 gro\u00dfen blauen Cappuccinotassen, die an das sch\u00f6ne Blau des Meeres erinnern, sch\u00f6n f\u00fcr Ihre Kaffeeecke!","breadcrumb":{"@id":"https:\/\/unrostore.com\/shop\/terrafina\/amazonia-blue\/blauwe-cappuccino-mokken-amazonia-bue-4-delig\/#breadcrumb"},"inLanguage":"de-AT","potentialAction":[{"@type":"ReadAction","target":["https:\/\/unrostore.com\/shop\/terrafina\/amazonia-blue\/blauwe-cappuccino-mokken-amazonia-bue-4-delig\/"]}]},{"@type":"ImageObject","inLanguage":"de-AT","@id":"https:\/\/unrostore.com\/shop\/terrafina\/amazonia-blue\/blauwe-cappuccino-mokken-amazonia-bue-4-delig\/#primaryimage","url":"https:\/\/unrostore.com\/wp-content\/uploads\/2023\/12\/unro-mokken-blauwe-kopjes-portugees-servies.webp","contentUrl":"https:\/\/unrostore.com\/wp-content\/uploads\/2023\/12\/unro-mokken-blauwe-kopjes-portugees-servies.webp","width":1000,"height":1000,"caption":"blauwe mokken amazonia blue kopjes"},{"@type":"BreadcrumbList","@id":"https:\/\/unrostore.com\/shop\/terrafina\/amazonia-blue\/blauwe-cappuccino-mokken-amazonia-bue-4-delig\/#breadcrumb","itemListElement":[{"@type":"ListItem","position":1,"name":"Home","item":"https:\/\/unrostore.com\/"},{"@type":"ListItem","position":2,"name":"Shop","item":"https:\/\/unrostore.com\/shop\/"},{"@type":"ListItem","position":3,"name":"Blauwe Cappuccino Mokken 350 ml Amazonia Blue &#8211; 4-delig"}]},{"@type":"WebSite","@id":"https:\/\/unrostore.com\/#website","url":"https:\/\/unrostore.com\/","name":"UNRO","description":"Portugiesisches Geschirr, das Sie gl\u00fccklich machen wird!","publisher":{"@id":"https:\/\/unrostore.com\/#organization"},"potentialAction":[{"@type":"SearchAction","target":{"@type":"EntryPoint","urlTemplate":"https:\/\/unrostore.com\/?s={search_term_string}"},"query-input":{"@type":"PropertyValueSpecification","valueRequired":true,"valueName":"search_term_string"}}],"inLanguage":"de-AT"},{"@type":"Organization","@id":"https:\/\/unrostore.com\/#organization","name":"UNRO","url":"https:\/\/unrostore.com\/","logo":{"@type":"ImageObject","inLanguage":"de-AT","@id":"https:\/\/unrostore.com\/#\/schema\/logo\/image\/","url":"https:\/\/unrostore.com\/wp-content\/uploads\/2022\/05\/Logo-UNRO.png","contentUrl":"https:\/\/unrostore.com\/wp-content\/uploads\/2022\/05\/Logo-UNRO.png","width":605,"height":179,"caption":"UNRO"},"image":{"@id":"https:\/\/unrostore.com\/#\/schema\/logo\/image\/"}}]}},"_links":{"self":[{"href":"https:\/\/unrostore.com\/de-at\/wp-json\/wp\/v2\/product\/6653","targetHints":{"allow":["GET"]}}],"collection":[{"href":"https:\/\/unrostore.com\/de-at\/wp-json\/wp\/v2\/product"}],"about":[{"href":"https:\/\/unrostore.com\/de-at\/wp-json\/wp\/v2\/types\/product"}],"wp:featuredmedia":[{"embeddable":true,"href":"https:\/\/unrostore.com\/de-at\/wp-json\/wp\/v2\/media\/8144"}],"wp:attachment":[{"href":"https:\/\/unrostore.com\/de-at\/wp-json\/wp\/v2\/media?parent=6653"}],"wp:term":[{"taxonomy":"product_brand","embeddable":true,"href":"https:\/\/unrostore.com\/de-at\/wp-json\/wp\/v2\/product_brand?post=6653"},{"taxonomy":"product_cat","embeddable":true,"href":"https:\/\/unrostore.com\/de-at\/wp-json\/wp\/v2\/product_cat?post=6653"},{"taxonomy":"product_tag","embeddable":true,"href":"https:\/\/unrostore.com\/de-at\/wp-json\/wp\/v2\/product_tag?post=6653"}],"curies":[{"name":"wp","href":"https:\/\/api.w.org\/{rel}","templated":true}]}}