{"id":6382,"date":"2023-11-08T11:01:08","date_gmt":"2023-11-08T11:01:08","guid":{"rendered":"https:\/\/unrostore.com\/?post_type=product&#038;p=6382"},"modified":"2026-01-19T20:37:20","modified_gmt":"2026-01-19T20:37:20","slug":"grunes-serviergeschirr-amazonia-grun-2-grosen","status":"publish","type":"product","link":"https:\/\/unrostore.com\/de-at\/shop\/terrafina\/amazonia-grun\/grunes-serviergeschirr-amazonia-grun-2-grosen\/","title":{"rendered":"Gr\u00fcnes Serviergeschirr Amazonia Green - 2 Gr\u00f6\u00dfen"},"content":{"rendered":"<h3>Entdecken Sie weihnachtliche gr\u00fcne Servierschalen in 2 Gr\u00f6\u00dfen<\/h3>\n<p>Die einzigartige <strong>Gr\u00fcnes Serviergeschirr Amazonia Green - 2 Gr\u00f6\u00dfen<\/strong> sind von portugiesischer Marke <a href=\"https:\/\/www.terrafinastore.com\/en\/collections\/sail\">Terrafina<\/a>. Diese ovalen Servierschalen sind perfekt f\u00fcr Ihren Weihnachtsbrunch, Mittag- oder Abendessen wegen der sch\u00f6nen dunkelgr\u00fcnen Farbe von Weihnachten.<span style=\"font-weight: 400;\"> Lassen Sie Ihre Weihnachtstafel mit k\u00f6stlichen Gerichten erstrahlen, die auf den gro\u00dfen und mittleren gr\u00fcnen Tabletts serviert werden. Stellen Sie sicher, dass Ihr Weihnachtstisch komplett ist und schauen Sie sich auch die <a href=\"https:\/\/unrostore.com\/de-at\/shop\/terrafina\/amazonia-grun\/grunes-geschirr-set-pasta-teller-und-schalen-amazonia-grun\/\">gr\u00fcnes Geschirrset 16-teilig mit Pastatellern und Sch\u00fcsseln<\/a>, die <a href=\"https:\/\/unrostore.com\/de-at\/shop\/terrafina\/amazonia-grun\/geschirrset-amazonia-grun-4-personen\/\">gr\u00fcnes Geschirrset mit Schalen<\/a> ob die <a href=\"https:\/\/unrostore.com\/de-at\/shop\/terrafina\/amazonia-grun\/geschirrset-grun-nudelteller-amazonia-grun\/\">gr\u00fcnes Geschirrset mit Pastatellern<\/a>. Und auch die Runde <a href=\"https:\/\/unrostore.com\/de-at\/shop\/terrafina\/amazonia-grun\/obstschale-grun-amazonia-grun\/\">gr\u00fcne Obstschale, Salatsch\u00fcssel und Gem\u00fcseschale<\/a> darf bei einem Weihnachtsessen nat\u00fcrlich nicht fehlen! Aber das gr\u00fcne Geschirr ist nicht nur sch\u00f6n f\u00fcr Ihren eigenen Tisch, das gr\u00fcne ovale Geschirr ist auch ein sehr sch\u00f6nes Weihnachtsgeschenk f\u00fcr M\u00e4nner und Frauen!<\/span><\/p>\n<p>\u00a0<\/p>\n<h3>Dies ist die Anzahl der Servierschalen, die Ihnen zur Verf\u00fcgung gestellt werden<\/h3>\n<ul>\n<li>1x Gro\u00dfe Servierplatte (42cm lang)<\/li>\n<li>1x Mittlere Servierplatte (34cm lang)<\/li>\n<li>1x Terrafina Geschenkbox<\/li>\n<\/ul>\n<p>\u00a0<\/p>\n<p><em><strong>Duurzaam voor mens & milieu:<\/strong><br \/>\nJedes Produkt ist ein Unikat, denn es wird in Handarbeit hergestellt.<br \/>\nDruck und Textur k\u00f6nnen daher leicht vom Produktfoto abweichen.<\/em><\/p>","protected":false},"excerpt":{"rendered":"<div class=\"usps\"><i class=\"far fa-check-circle\"><\/i> Mikrowellenfest<br \/>\n<i class=\"far fa-check-circle\"><\/i> Backofenfest (bis zu 200 Grad)<br \/>\n<i class=\"far fa-check-circle\"><\/i> Sp\u00fclmaschinentauglich<br \/>\n<i class=\"far fa-thumbs-up\"><\/i> Handgefertigt<\/div>","protected":false},"featured_media":6383,"template":"","meta":[],"product_brand":[],"product_cat":[869,170,138,119],"product_tag":[173,253,171,876,601,260,609,875,873,874,252,148,149,303,123],"class_list":{"0":"post-6382","1":"product","2":"type-product","3":"status-publish","4":"has-post-thumbnail","6":"product_cat-unro-cadeautips","7":"product_cat-amazonia-green","8":"product_cat-serveerschalen","9":"product_cat-terrafina","10":"product_tag-amazonia-green","11":"product_tag-fruitschaal","12":"product_tag-groen","13":"product_tag-groene","14":"product_tag-hapjesschaal","15":"product_tag-ovaal","16":"product_tag-ovale-schaal","17":"product_tag-ovale-schalen","18":"product_tag-oven-schaal","19":"product_tag-oven-schalen","20":"product_tag-schaal","21":"product_tag-serveerschaal","22":"product_tag-serveerschalen","23":"product_tag-serveren","24":"product_tag-terrafina","25":"product_shipping_class-pakket","27":"first","28":"outofstock","29":"sale","30":"taxable","31":"shipping-taxable","32":"purchasable","33":"product-type-simple"},"yoast_head":"<!-- This site is optimized with the Yoast SEO plugin v27.5 - https:\/\/yoast.com\/product\/yoast-seo-wordpress\/ -->\n<title>Groene Serveerschalen Amazonia Green - 2-groottes &#8226; Terrafina &#8226; UNRO<\/title>\n<meta name=\"description\" content=\"Maak jouw kersttafel compleet en geniet gezellig samen met vrienden en familie van het kerstdiner in stijl met deze groene serveerschalen uit Portugal!\" \/>\n<meta name=\"robots\" content=\"index, follow, max-snippet:-1, max-image-preview:large, max-video-preview:-1\" \/>\n<link rel=\"canonical\" href=\"https:\/\/unrostore.com\/de-at\/shop\/terrafina\/amazonia-grun\/grunes-serviergeschirr-amazonia-grun-2-grosen\/\" \/>\n<meta property=\"og:locale\" content=\"de_DE\" \/>\n<meta property=\"og:type\" content=\"article\" \/>\n<meta property=\"og:title\" content=\"Groene Serveerschalen Amazonia Green - 2-groottes &#8226; Terrafina &#8226; UNRO\" \/>\n<meta property=\"og:description\" content=\"Maak jouw kersttafel compleet en geniet gezellig samen met vrienden en familie van het kerstdiner in stijl met deze groene serveerschalen uit Portugal!\" \/>\n<meta property=\"og:url\" content=\"https:\/\/unrostore.com\/de-at\/shop\/terrafina\/amazonia-grun\/grunes-serviergeschirr-amazonia-grun-2-grosen\/\" \/>\n<meta property=\"og:site_name\" content=\"UNRO\" \/>\n<meta property=\"article:modified_time\" content=\"2026-01-19T20:37:20+00:00\" \/>\n<meta property=\"og:image\" content=\"https:\/\/unrostore.com\/wp-content\/uploads\/2023\/11\/unro-groene-serveerschalen-set.webp\" \/>\n\t<meta property=\"og:image:width\" content=\"1000\" \/>\n\t<meta property=\"og:image:height\" content=\"1000\" \/>\n\t<meta property=\"og:image:type\" content=\"image\/webp\" \/>\n<meta name=\"twitter:card\" content=\"summary_large_image\" \/>\n<script type=\"application\/ld+json\" class=\"yoast-schema-graph\">{\"@context\":\"https:\\\/\\\/schema.org\",\"@graph\":[{\"@type\":\"WebPage\",\"@id\":\"https:\\\/\\\/unrostore.com\\\/shop\\\/terrafina\\\/amazonia-green\\\/groene-serveerschalen-amazonia-green-2-groottes\\\/\",\"url\":\"https:\\\/\\\/unrostore.com\\\/shop\\\/terrafina\\\/amazonia-green\\\/groene-serveerschalen-amazonia-green-2-groottes\\\/\",\"name\":\"Groene Serveerschalen Amazonia Green - 2-groottes &#8226; Terrafina &#8226; UNRO\",\"isPartOf\":{\"@id\":\"https:\\\/\\\/unrostore.com\\\/#website\"},\"primaryImageOfPage\":{\"@id\":\"https:\\\/\\\/unrostore.com\\\/shop\\\/terrafina\\\/amazonia-green\\\/groene-serveerschalen-amazonia-green-2-groottes\\\/#primaryimage\"},\"image\":{\"@id\":\"https:\\\/\\\/unrostore.com\\\/shop\\\/terrafina\\\/amazonia-green\\\/groene-serveerschalen-amazonia-green-2-groottes\\\/#primaryimage\"},\"thumbnailUrl\":\"https:\\\/\\\/unrostore.com\\\/wp-content\\\/uploads\\\/2023\\\/11\\\/unro-groene-serveerschalen-set.webp\",\"datePublished\":\"2023-11-08T11:01:08+00:00\",\"dateModified\":\"2026-01-19T20:37:20+00:00\",\"description\":\"Maak jouw kersttafel compleet en geniet gezellig samen met vrienden en familie van het kerstdiner in stijl met deze groene serveerschalen uit Portugal!\",\"breadcrumb\":{\"@id\":\"https:\\\/\\\/unrostore.com\\\/shop\\\/terrafina\\\/amazonia-green\\\/groene-serveerschalen-amazonia-green-2-groottes\\\/#breadcrumb\"},\"inLanguage\":\"de-AT\",\"potentialAction\":[{\"@type\":\"ReadAction\",\"target\":[\"https:\\\/\\\/unrostore.com\\\/shop\\\/terrafina\\\/amazonia-green\\\/groene-serveerschalen-amazonia-green-2-groottes\\\/\"]}]},{\"@type\":\"ImageObject\",\"inLanguage\":\"de-AT\",\"@id\":\"https:\\\/\\\/unrostore.com\\\/shop\\\/terrafina\\\/amazonia-green\\\/groene-serveerschalen-amazonia-green-2-groottes\\\/#primaryimage\",\"url\":\"https:\\\/\\\/unrostore.com\\\/wp-content\\\/uploads\\\/2023\\\/11\\\/unro-groene-serveerschalen-set.webp\",\"contentUrl\":\"https:\\\/\\\/unrostore.com\\\/wp-content\\\/uploads\\\/2023\\\/11\\\/unro-groene-serveerschalen-set.webp\",\"width\":1000,\"height\":1000,\"caption\":\"groene serveerschalen\"},{\"@type\":\"BreadcrumbList\",\"@id\":\"https:\\\/\\\/unrostore.com\\\/shop\\\/terrafina\\\/amazonia-green\\\/groene-serveerschalen-amazonia-green-2-groottes\\\/#breadcrumb\",\"itemListElement\":[{\"@type\":\"ListItem\",\"position\":1,\"name\":\"Home\",\"item\":\"https:\\\/\\\/unrostore.com\\\/\"},{\"@type\":\"ListItem\",\"position\":2,\"name\":\"Shop\",\"item\":\"https:\\\/\\\/unrostore.com\\\/shop\\\/\"},{\"@type\":\"ListItem\",\"position\":3,\"name\":\"Groene Serveerschalen Amazonia Green &#8211; 2-groottes\"}]},{\"@type\":\"WebSite\",\"@id\":\"https:\\\/\\\/unrostore.com\\\/#website\",\"url\":\"https:\\\/\\\/unrostore.com\\\/\",\"name\":\"UNRO\",\"description\":\"Portugees servies waar je blij van wordt!\",\"publisher\":{\"@id\":\"https:\\\/\\\/unrostore.com\\\/#organization\"},\"potentialAction\":[{\"@type\":\"SearchAction\",\"target\":{\"@type\":\"EntryPoint\",\"urlTemplate\":\"https:\\\/\\\/unrostore.com\\\/?s={search_term_string}\"},\"query-input\":{\"@type\":\"PropertyValueSpecification\",\"valueRequired\":true,\"valueName\":\"search_term_string\"}}],\"inLanguage\":\"de-AT\"},{\"@type\":\"Organization\",\"@id\":\"https:\\\/\\\/unrostore.com\\\/#organization\",\"name\":\"UNRO\",\"url\":\"https:\\\/\\\/unrostore.com\\\/\",\"logo\":{\"@type\":\"ImageObject\",\"inLanguage\":\"de-AT\",\"@id\":\"https:\\\/\\\/unrostore.com\\\/#\\\/schema\\\/logo\\\/image\\\/\",\"url\":\"https:\\\/\\\/unrostore.com\\\/wp-content\\\/uploads\\\/2022\\\/05\\\/Logo-UNRO.png\",\"contentUrl\":\"https:\\\/\\\/unrostore.com\\\/wp-content\\\/uploads\\\/2022\\\/05\\\/Logo-UNRO.png\",\"width\":605,\"height\":179,\"caption\":\"UNRO\"},\"image\":{\"@id\":\"https:\\\/\\\/unrostore.com\\\/#\\\/schema\\\/logo\\\/image\\\/\"}}]}<\/script>\n<!-- \/ Yoast SEO plugin. -->","yoast_head_json":{"title":"Gr\u00fcnes Serviergeschirr Amazonia Gr\u00fcn - 2er-Gr\u00f6\u00dfe - Terrafina - UNRO","description":"Vervollst\u00e4ndigen Sie Ihre Weihnachtstafel und genie\u00dfen Sie das Weihnachtsessen mit Freunden und Familie stilvoll mit diesen gr\u00fcnen Servierschalen aus Portugal!","robots":{"index":"index","follow":"follow","max-snippet":"max-snippet:-1","max-image-preview":"max-image-preview:large","max-video-preview":"max-video-preview:-1"},"canonical":"https:\/\/unrostore.com\/de-at\/shop\/terrafina\/amazonia-grun\/grunes-serviergeschirr-amazonia-grun-2-grosen\/","og_locale":"de_DE","og_type":"article","og_title":"Groene Serveerschalen Amazonia Green - 2-groottes &#8226; Terrafina &#8226; UNRO","og_description":"Maak jouw kersttafel compleet en geniet gezellig samen met vrienden en familie van het kerstdiner in stijl met deze groene serveerschalen uit Portugal!","og_url":"https:\/\/unrostore.com\/de-at\/shop\/terrafina\/amazonia-grun\/grunes-serviergeschirr-amazonia-grun-2-grosen\/","og_site_name":"UNRO","article_modified_time":"2026-01-19T20:37:20+00:00","og_image":[{"width":1000,"height":1000,"url":"https:\/\/unrostore.com\/wp-content\/uploads\/2023\/11\/unro-groene-serveerschalen-set.webp","type":"image\/webp"}],"twitter_card":"summary_large_image","schema":{"@context":"https:\/\/schema.org","@graph":[{"@type":"WebPage","@id":"https:\/\/unrostore.com\/shop\/terrafina\/amazonia-green\/groene-serveerschalen-amazonia-green-2-groottes\/","url":"https:\/\/unrostore.com\/shop\/terrafina\/amazonia-green\/groene-serveerschalen-amazonia-green-2-groottes\/","name":"Gr\u00fcnes Serviergeschirr Amazonia Gr\u00fcn - 2er-Gr\u00f6\u00dfe - Terrafina - UNRO","isPartOf":{"@id":"https:\/\/unrostore.com\/#website"},"primaryImageOfPage":{"@id":"https:\/\/unrostore.com\/shop\/terrafina\/amazonia-green\/groene-serveerschalen-amazonia-green-2-groottes\/#primaryimage"},"image":{"@id":"https:\/\/unrostore.com\/shop\/terrafina\/amazonia-green\/groene-serveerschalen-amazonia-green-2-groottes\/#primaryimage"},"thumbnailUrl":"https:\/\/unrostore.com\/wp-content\/uploads\/2023\/11\/unro-groene-serveerschalen-set.webp","datePublished":"2023-11-08T11:01:08+00:00","dateModified":"2026-01-19T20:37:20+00:00","description":"Vervollst\u00e4ndigen Sie Ihre Weihnachtstafel und genie\u00dfen Sie das Weihnachtsessen mit Freunden und Familie stilvoll mit diesen gr\u00fcnen Servierschalen aus Portugal!","breadcrumb":{"@id":"https:\/\/unrostore.com\/shop\/terrafina\/amazonia-green\/groene-serveerschalen-amazonia-green-2-groottes\/#breadcrumb"},"inLanguage":"de-AT","potentialAction":[{"@type":"ReadAction","target":["https:\/\/unrostore.com\/shop\/terrafina\/amazonia-green\/groene-serveerschalen-amazonia-green-2-groottes\/"]}]},{"@type":"ImageObject","inLanguage":"de-AT","@id":"https:\/\/unrostore.com\/shop\/terrafina\/amazonia-green\/groene-serveerschalen-amazonia-green-2-groottes\/#primaryimage","url":"https:\/\/unrostore.com\/wp-content\/uploads\/2023\/11\/unro-groene-serveerschalen-set.webp","contentUrl":"https:\/\/unrostore.com\/wp-content\/uploads\/2023\/11\/unro-groene-serveerschalen-set.webp","width":1000,"height":1000,"caption":"groene serveerschalen"},{"@type":"BreadcrumbList","@id":"https:\/\/unrostore.com\/shop\/terrafina\/amazonia-green\/groene-serveerschalen-amazonia-green-2-groottes\/#breadcrumb","itemListElement":[{"@type":"ListItem","position":1,"name":"Home","item":"https:\/\/unrostore.com\/"},{"@type":"ListItem","position":2,"name":"Shop","item":"https:\/\/unrostore.com\/shop\/"},{"@type":"ListItem","position":3,"name":"Groene Serveerschalen Amazonia Green &#8211; 2-groottes"}]},{"@type":"WebSite","@id":"https:\/\/unrostore.com\/#website","url":"https:\/\/unrostore.com\/","name":"UNRO","description":"Portugiesisches Geschirr, das Sie gl\u00fccklich machen wird!","publisher":{"@id":"https:\/\/unrostore.com\/#organization"},"potentialAction":[{"@type":"SearchAction","target":{"@type":"EntryPoint","urlTemplate":"https:\/\/unrostore.com\/?s={search_term_string}"},"query-input":{"@type":"PropertyValueSpecification","valueRequired":true,"valueName":"search_term_string"}}],"inLanguage":"de-AT"},{"@type":"Organization","@id":"https:\/\/unrostore.com\/#organization","name":"UNRO","url":"https:\/\/unrostore.com\/","logo":{"@type":"ImageObject","inLanguage":"de-AT","@id":"https:\/\/unrostore.com\/#\/schema\/logo\/image\/","url":"https:\/\/unrostore.com\/wp-content\/uploads\/2022\/05\/Logo-UNRO.png","contentUrl":"https:\/\/unrostore.com\/wp-content\/uploads\/2022\/05\/Logo-UNRO.png","width":605,"height":179,"caption":"UNRO"},"image":{"@id":"https:\/\/unrostore.com\/#\/schema\/logo\/image\/"}}]}},"_links":{"self":[{"href":"https:\/\/unrostore.com\/de-at\/wp-json\/wp\/v2\/product\/6382","targetHints":{"allow":["GET"]}}],"collection":[{"href":"https:\/\/unrostore.com\/de-at\/wp-json\/wp\/v2\/product"}],"about":[{"href":"https:\/\/unrostore.com\/de-at\/wp-json\/wp\/v2\/types\/product"}],"wp:featuredmedia":[{"embeddable":true,"href":"https:\/\/unrostore.com\/de-at\/wp-json\/wp\/v2\/media\/6383"}],"wp:attachment":[{"href":"https:\/\/unrostore.com\/de-at\/wp-json\/wp\/v2\/media?parent=6382"}],"wp:term":[{"taxonomy":"product_brand","embeddable":true,"href":"https:\/\/unrostore.com\/de-at\/wp-json\/wp\/v2\/product_brand?post=6382"},{"taxonomy":"product_cat","embeddable":true,"href":"https:\/\/unrostore.com\/de-at\/wp-json\/wp\/v2\/product_cat?post=6382"},{"taxonomy":"product_tag","embeddable":true,"href":"https:\/\/unrostore.com\/de-at\/wp-json\/wp\/v2\/product_tag?post=6382"}],"curies":[{"name":"wp","href":"https:\/\/api.w.org\/{rel}","templated":true}]}}