{"id":6368,"date":"2023-11-07T17:18:18","date_gmt":"2023-11-07T17:18:18","guid":{"rendered":"https:\/\/unrostore.com\/?post_type=product&#038;p=6368"},"modified":"2026-02-03T17:28:16","modified_gmt":"2026-02-03T17:28:16","slug":"blauer-cappuccino-becher-amazonia-blau-1-stuck","status":"publish","type":"product","link":"https:\/\/unrostore.com\/de-at\/shop\/terrafina\/amazonenblau\/blauer-cappuccino-becher-amazonia-blau-1-stuck\/","title":{"rendered":"Blauer Cappuccino-Becher 350 ml Amazonia Blau - 1 St\u00fcck"},"content":{"rendered":"<h3>Entdecken Sie diese einzigartige Blaue Cappuccino Tasse Amazonia Blue - 1 St\u00fcck<\/h3>\n<p>Die<strong> Blauer Cappuccino-Becher <\/strong>durch portugiesische Marke <a href=\"https:\/\/www.terrafinastore.com\/en\/collections\/amazonia\">Terrafina<\/a> wird in Portugal von einheimischen Keramikerinnen und Keramikern aus hochwertiger Keramik handgefertigt. Bringen Sie etwas Farbe in Ihren Tag mit diesem lustigen blauen handgemachten Becher. Er hat nicht nur die ideale Gr\u00f6\u00dfe f\u00fcr Ihren Cappuccino, sondern eignet sich auch sehr gut als Teetasse, gro\u00dfe Kaffeetasse und Latte-Macchiato-Tasse. Dank der runden organischen Formen und dem Ohr an der Seite l\u00e4sst sich der Becher sehr gut trinken. Au\u00dferdem ist die sch\u00f6ne tiefblaue Farbe ein sch\u00f6ner Akzent in Ihrer Kaffeeecke, Kaffeenische oder in Ihrem Esszimmer. Nie wieder ein langweiliger Moment beim High Tea oder Kaffee und Kuchen. Entdecken Sie jetzt die <a href=\"https:\/\/unrostore.com\/de-at\/shop\/terrafina\/amazonenblau\/amazonia-blue-ontbijtborden-4-delig\/\">Amazonia Blue Fr\u00fchst\u00fccksteller<\/a> und <a href=\"https:\/\/unrostore.com\/de-at\/shop\/terrafina\/amazonenblau\/amazonia-blue-kommen-2-delig\/\">Amazonia Blue Schalen<\/a> F\u00fcr ein sch\u00f6nes komplettes Fr\u00fchst\u00fccksset!<\/p>\n<p>&nbsp;<\/p>\n<h3>Das ist die Anzahl der Tassen, die Sie geliefert bekommen<\/h3>\n<ul>\n<li>1x Amazonia Blue Cappuccino-Becher (350ml Fassungsverm\u00f6gen)<\/li>\n<li>1x Terrafina Geschenkbox<\/li>\n<\/ul>\n<p>&nbsp;<\/p>\n<p><em><strong>Nachhaltig f\u00fcr Mensch und Umwelt:<\/strong><br \/>\nJedes Produkt ist ein Unikat, denn es wird in Handarbeit hergestellt.<br \/>\nDruck und Textur k\u00f6nnen daher leicht vom Produktfoto abweichen.<\/em><\/p>","protected":false},"excerpt":{"rendered":"<div class=\"usps\"><i class=\"far fa-check-circle\"><\/i> Mikrowellenfest<br \/>\n<i class=\"far fa-check-circle\"><\/i> Backofenfest (bis zu 200 Grad)<br \/>\n<i class=\"far fa-check-circle\"><\/i> Sp\u00fclmaschinentauglich<br \/>\n<i class=\"far fa-thumbs-up\"><\/i> Handgefertigt<\/div>","protected":false},"featured_media":7178,"template":"","meta":[],"product_brand":[],"product_cat":[174,869,316,132,870,119],"product_tag":[175,177,627,309,634,638,626,633,130,632],"class_list":{"0":"post-6368","1":"product","2":"type-product","3":"status-publish","4":"has-post-thumbnail","6":"product_cat-amazonia-blue","7":"product_cat-unro-cadeautips","8":"product_cat-cappuccino-mokken","9":"product_cat-kopjes-en-mokken","10":"product_cat-unro-nieuw-portugees-servies","11":"product_cat-terrafina","12":"product_tag-amazonia-blue","13":"product_tag-blauw","14":"product_tag-blauwe-mokken","15":"product_tag-cappuccino-mokken","16":"product_tag-chai-latte","17":"product_tag-koffiekopjes","18":"product_tag-koffiemokken","19":"product_tag-latte-macchiato","20":"product_tag-mokken","21":"product_tag-theemokken","22":"product_shipping_class-pakket","24":"first","25":"outofstock","26":"sale","27":"taxable","28":"shipping-taxable","29":"purchasable","30":"product-type-simple"},"yoast_head":"<!-- This site is optimized with the Yoast SEO plugin v27.4 - https:\/\/yoast.com\/product\/yoast-seo-wordpress\/ -->\n<title>Blauwe Cappuccino Mok 350 ml Amazonia Blue - 1 stuk &#8226; UNRO<\/title>\n<meta name=\"description\" content=\"Laat je elke dag verblijden door jouw favoriete warme drankje uit deze Blauwe Cappuccino Mok. Deze blauwe kleur voegt kleur en stijl toe aan jouw interieur!\" \/>\n<meta name=\"robots\" content=\"index, follow, max-snippet:-1, max-image-preview:large, max-video-preview:-1\" \/>\n<link rel=\"canonical\" href=\"https:\/\/unrostore.com\/de-at\/shop\/terrafina\/amazonenblau\/blauer-cappuccino-becher-amazonia-blau-1-stuck\/\" \/>\n<meta property=\"og:locale\" content=\"de_DE\" \/>\n<meta property=\"og:type\" content=\"article\" \/>\n<meta property=\"og:title\" content=\"Blauwe Cappuccino Mok 350 ml Amazonia Blue - 1 stuk &#8226; UNRO\" \/>\n<meta property=\"og:description\" content=\"Laat je elke dag verblijden door jouw favoriete warme drankje uit deze Blauwe Cappuccino Mok. Deze blauwe kleur voegt kleur en stijl toe aan jouw interieur!\" \/>\n<meta property=\"og:url\" content=\"https:\/\/unrostore.com\/de-at\/shop\/terrafina\/amazonenblau\/blauer-cappuccino-becher-amazonia-blau-1-stuck\/\" \/>\n<meta property=\"og:site_name\" content=\"UNRO\" \/>\n<meta property=\"article:modified_time\" content=\"2026-02-03T17:28:16+00:00\" \/>\n<meta property=\"og:image\" content=\"https:\/\/unrostore.com\/wp-content\/uploads\/2023\/11\/unro-blauwe-cappuccino-mok-handgemaakt-keramiek-portugees-servies.webp\" \/>\n\t<meta property=\"og:image:width\" content=\"1000\" \/>\n\t<meta property=\"og:image:height\" content=\"1000\" \/>\n\t<meta property=\"og:image:type\" content=\"image\/webp\" \/>\n<meta name=\"twitter:card\" content=\"summary_large_image\" \/>\n<script type=\"application\/ld+json\" class=\"yoast-schema-graph\">{\"@context\":\"https:\\\/\\\/schema.org\",\"@graph\":[{\"@type\":\"WebPage\",\"@id\":\"https:\\\/\\\/unrostore.com\\\/shop\\\/terrafina\\\/amazonia-blue\\\/blauwe-cappuccino-mok-amazonia-blue-1-stuk\\\/\",\"url\":\"https:\\\/\\\/unrostore.com\\\/shop\\\/terrafina\\\/amazonia-blue\\\/blauwe-cappuccino-mok-amazonia-blue-1-stuk\\\/\",\"name\":\"Blauwe Cappuccino Mok 350 ml Amazonia Blue - 1 stuk &#8226; UNRO\",\"isPartOf\":{\"@id\":\"https:\\\/\\\/unrostore.com\\\/#website\"},\"primaryImageOfPage\":{\"@id\":\"https:\\\/\\\/unrostore.com\\\/shop\\\/terrafina\\\/amazonia-blue\\\/blauwe-cappuccino-mok-amazonia-blue-1-stuk\\\/#primaryimage\"},\"image\":{\"@id\":\"https:\\\/\\\/unrostore.com\\\/shop\\\/terrafina\\\/amazonia-blue\\\/blauwe-cappuccino-mok-amazonia-blue-1-stuk\\\/#primaryimage\"},\"thumbnailUrl\":\"https:\\\/\\\/unrostore.com\\\/wp-content\\\/uploads\\\/2023\\\/11\\\/unro-blauwe-cappuccino-mok-handgemaakt-keramiek-portugees-servies.webp\",\"datePublished\":\"2023-11-07T17:18:18+00:00\",\"dateModified\":\"2026-02-03T17:28:16+00:00\",\"description\":\"Laat je elke dag verblijden door jouw favoriete warme drankje uit deze Blauwe Cappuccino Mok. Deze blauwe kleur voegt kleur en stijl toe aan jouw interieur!\",\"breadcrumb\":{\"@id\":\"https:\\\/\\\/unrostore.com\\\/shop\\\/terrafina\\\/amazonia-blue\\\/blauwe-cappuccino-mok-amazonia-blue-1-stuk\\\/#breadcrumb\"},\"inLanguage\":\"de-AT\",\"potentialAction\":[{\"@type\":\"ReadAction\",\"target\":[\"https:\\\/\\\/unrostore.com\\\/shop\\\/terrafina\\\/amazonia-blue\\\/blauwe-cappuccino-mok-amazonia-blue-1-stuk\\\/\"]}]},{\"@type\":\"ImageObject\",\"inLanguage\":\"de-AT\",\"@id\":\"https:\\\/\\\/unrostore.com\\\/shop\\\/terrafina\\\/amazonia-blue\\\/blauwe-cappuccino-mok-amazonia-blue-1-stuk\\\/#primaryimage\",\"url\":\"https:\\\/\\\/unrostore.com\\\/wp-content\\\/uploads\\\/2023\\\/11\\\/unro-blauwe-cappuccino-mok-handgemaakt-keramiek-portugees-servies.webp\",\"contentUrl\":\"https:\\\/\\\/unrostore.com\\\/wp-content\\\/uploads\\\/2023\\\/11\\\/unro-blauwe-cappuccino-mok-handgemaakt-keramiek-portugees-servies.webp\",\"width\":1000,\"height\":1000,\"caption\":\"blauwe cappuccino mok\"},{\"@type\":\"BreadcrumbList\",\"@id\":\"https:\\\/\\\/unrostore.com\\\/shop\\\/terrafina\\\/amazonia-blue\\\/blauwe-cappuccino-mok-amazonia-blue-1-stuk\\\/#breadcrumb\",\"itemListElement\":[{\"@type\":\"ListItem\",\"position\":1,\"name\":\"Home\",\"item\":\"https:\\\/\\\/unrostore.com\\\/\"},{\"@type\":\"ListItem\",\"position\":2,\"name\":\"Shop\",\"item\":\"https:\\\/\\\/unrostore.com\\\/shop\\\/\"},{\"@type\":\"ListItem\",\"position\":3,\"name\":\"Blauwe Cappuccino Mok 350 ml Amazonia Blue &#8211; 1 stuk\"}]},{\"@type\":\"WebSite\",\"@id\":\"https:\\\/\\\/unrostore.com\\\/#website\",\"url\":\"https:\\\/\\\/unrostore.com\\\/\",\"name\":\"UNRO\",\"description\":\"Portugees servies waar je blij van wordt!\",\"publisher\":{\"@id\":\"https:\\\/\\\/unrostore.com\\\/#organization\"},\"potentialAction\":[{\"@type\":\"SearchAction\",\"target\":{\"@type\":\"EntryPoint\",\"urlTemplate\":\"https:\\\/\\\/unrostore.com\\\/?s={search_term_string}\"},\"query-input\":{\"@type\":\"PropertyValueSpecification\",\"valueRequired\":true,\"valueName\":\"search_term_string\"}}],\"inLanguage\":\"de-AT\"},{\"@type\":\"Organization\",\"@id\":\"https:\\\/\\\/unrostore.com\\\/#organization\",\"name\":\"UNRO\",\"url\":\"https:\\\/\\\/unrostore.com\\\/\",\"logo\":{\"@type\":\"ImageObject\",\"inLanguage\":\"de-AT\",\"@id\":\"https:\\\/\\\/unrostore.com\\\/#\\\/schema\\\/logo\\\/image\\\/\",\"url\":\"https:\\\/\\\/unrostore.com\\\/wp-content\\\/uploads\\\/2022\\\/05\\\/Logo-UNRO.png\",\"contentUrl\":\"https:\\\/\\\/unrostore.com\\\/wp-content\\\/uploads\\\/2022\\\/05\\\/Logo-UNRO.png\",\"width\":605,\"height\":179,\"caption\":\"UNRO\"},\"image\":{\"@id\":\"https:\\\/\\\/unrostore.com\\\/#\\\/schema\\\/logo\\\/image\\\/\"}}]}<\/script>\n<!-- \/ Yoast SEO plugin. -->","yoast_head_json":{"title":"Blauer Cappuccino-Becher 350 ml Amazonia Blau - 1 St\u00fcck - UNRO","description":"Erfreuen Sie sich jeden Tag an Ihrem Lieblingshei\u00dfgetr\u00e4nk aus dieser blauen Cappuccinotasse. Diese blaue Farbe bringt Farbe und Stil in Ihr Interieur!","robots":{"index":"index","follow":"follow","max-snippet":"max-snippet:-1","max-image-preview":"max-image-preview:large","max-video-preview":"max-video-preview:-1"},"canonical":"https:\/\/unrostore.com\/de-at\/shop\/terrafina\/amazonenblau\/blauer-cappuccino-becher-amazonia-blau-1-stuck\/","og_locale":"de_DE","og_type":"article","og_title":"Blauwe Cappuccino Mok 350 ml Amazonia Blue - 1 stuk &#8226; UNRO","og_description":"Laat je elke dag verblijden door jouw favoriete warme drankje uit deze Blauwe Cappuccino Mok. Deze blauwe kleur voegt kleur en stijl toe aan jouw interieur!","og_url":"https:\/\/unrostore.com\/de-at\/shop\/terrafina\/amazonenblau\/blauer-cappuccino-becher-amazonia-blau-1-stuck\/","og_site_name":"UNRO","article_modified_time":"2026-02-03T17:28:16+00:00","og_image":[{"width":1000,"height":1000,"url":"https:\/\/unrostore.com\/wp-content\/uploads\/2023\/11\/unro-blauwe-cappuccino-mok-handgemaakt-keramiek-portugees-servies.webp","type":"image\/webp"}],"twitter_card":"summary_large_image","schema":{"@context":"https:\/\/schema.org","@graph":[{"@type":"WebPage","@id":"https:\/\/unrostore.com\/shop\/terrafina\/amazonia-blue\/blauwe-cappuccino-mok-amazonia-blue-1-stuk\/","url":"https:\/\/unrostore.com\/shop\/terrafina\/amazonia-blue\/blauwe-cappuccino-mok-amazonia-blue-1-stuk\/","name":"Blauer Cappuccino-Becher 350 ml Amazonia Blau - 1 St\u00fcck - UNRO","isPartOf":{"@id":"https:\/\/unrostore.com\/#website"},"primaryImageOfPage":{"@id":"https:\/\/unrostore.com\/shop\/terrafina\/amazonia-blue\/blauwe-cappuccino-mok-amazonia-blue-1-stuk\/#primaryimage"},"image":{"@id":"https:\/\/unrostore.com\/shop\/terrafina\/amazonia-blue\/blauwe-cappuccino-mok-amazonia-blue-1-stuk\/#primaryimage"},"thumbnailUrl":"https:\/\/unrostore.com\/wp-content\/uploads\/2023\/11\/unro-blauwe-cappuccino-mok-handgemaakt-keramiek-portugees-servies.webp","datePublished":"2023-11-07T17:18:18+00:00","dateModified":"2026-02-03T17:28:16+00:00","description":"Erfreuen Sie sich jeden Tag an Ihrem Lieblingshei\u00dfgetr\u00e4nk aus dieser blauen Cappuccinotasse. Diese blaue Farbe bringt Farbe und Stil in Ihr Interieur!","breadcrumb":{"@id":"https:\/\/unrostore.com\/shop\/terrafina\/amazonia-blue\/blauwe-cappuccino-mok-amazonia-blue-1-stuk\/#breadcrumb"},"inLanguage":"de-AT","potentialAction":[{"@type":"ReadAction","target":["https:\/\/unrostore.com\/shop\/terrafina\/amazonia-blue\/blauwe-cappuccino-mok-amazonia-blue-1-stuk\/"]}]},{"@type":"ImageObject","inLanguage":"de-AT","@id":"https:\/\/unrostore.com\/shop\/terrafina\/amazonia-blue\/blauwe-cappuccino-mok-amazonia-blue-1-stuk\/#primaryimage","url":"https:\/\/unrostore.com\/wp-content\/uploads\/2023\/11\/unro-blauwe-cappuccino-mok-handgemaakt-keramiek-portugees-servies.webp","contentUrl":"https:\/\/unrostore.com\/wp-content\/uploads\/2023\/11\/unro-blauwe-cappuccino-mok-handgemaakt-keramiek-portugees-servies.webp","width":1000,"height":1000,"caption":"blauwe cappuccino mok"},{"@type":"BreadcrumbList","@id":"https:\/\/unrostore.com\/shop\/terrafina\/amazonia-blue\/blauwe-cappuccino-mok-amazonia-blue-1-stuk\/#breadcrumb","itemListElement":[{"@type":"ListItem","position":1,"name":"Home","item":"https:\/\/unrostore.com\/"},{"@type":"ListItem","position":2,"name":"Shop","item":"https:\/\/unrostore.com\/shop\/"},{"@type":"ListItem","position":3,"name":"Blauwe Cappuccino Mok 350 ml Amazonia Blue &#8211; 1 stuk"}]},{"@type":"WebSite","@id":"https:\/\/unrostore.com\/#website","url":"https:\/\/unrostore.com\/","name":"UNRO","description":"Portugiesisches Geschirr, das Sie gl\u00fccklich machen wird!","publisher":{"@id":"https:\/\/unrostore.com\/#organization"},"potentialAction":[{"@type":"SearchAction","target":{"@type":"EntryPoint","urlTemplate":"https:\/\/unrostore.com\/?s={search_term_string}"},"query-input":{"@type":"PropertyValueSpecification","valueRequired":true,"valueName":"search_term_string"}}],"inLanguage":"de-AT"},{"@type":"Organization","@id":"https:\/\/unrostore.com\/#organization","name":"UNRO","url":"https:\/\/unrostore.com\/","logo":{"@type":"ImageObject","inLanguage":"de-AT","@id":"https:\/\/unrostore.com\/#\/schema\/logo\/image\/","url":"https:\/\/unrostore.com\/wp-content\/uploads\/2022\/05\/Logo-UNRO.png","contentUrl":"https:\/\/unrostore.com\/wp-content\/uploads\/2022\/05\/Logo-UNRO.png","width":605,"height":179,"caption":"UNRO"},"image":{"@id":"https:\/\/unrostore.com\/#\/schema\/logo\/image\/"}}]}},"_links":{"self":[{"href":"https:\/\/unrostore.com\/de-at\/wp-json\/wp\/v2\/product\/6368","targetHints":{"allow":["GET"]}}],"collection":[{"href":"https:\/\/unrostore.com\/de-at\/wp-json\/wp\/v2\/product"}],"about":[{"href":"https:\/\/unrostore.com\/de-at\/wp-json\/wp\/v2\/types\/product"}],"wp:featuredmedia":[{"embeddable":true,"href":"https:\/\/unrostore.com\/de-at\/wp-json\/wp\/v2\/media\/7178"}],"wp:attachment":[{"href":"https:\/\/unrostore.com\/de-at\/wp-json\/wp\/v2\/media?parent=6368"}],"wp:term":[{"taxonomy":"product_brand","embeddable":true,"href":"https:\/\/unrostore.com\/de-at\/wp-json\/wp\/v2\/product_brand?post=6368"},{"taxonomy":"product_cat","embeddable":true,"href":"https:\/\/unrostore.com\/de-at\/wp-json\/wp\/v2\/product_cat?post=6368"},{"taxonomy":"product_tag","embeddable":true,"href":"https:\/\/unrostore.com\/de-at\/wp-json\/wp\/v2\/product_tag?post=6368"}],"curies":[{"name":"wp","href":"https:\/\/api.w.org\/{rel}","templated":true}]}}