{"id":6285,"date":"2023-11-05T12:10:10","date_gmt":"2023-11-05T12:10:10","guid":{"rendered":"https:\/\/unrostore.com\/?post_type=product&#038;p=6285"},"modified":"2026-01-19T20:37:21","modified_gmt":"2026-01-19T20:37:21","slug":"grune-schalen-amazonia-grun-4-stuck","status":"publish","type":"product","link":"https:\/\/unrostore.com\/de-at\/shop\/terrafina\/amazonia-grun\/grune-schalen-amazonia-grun-4-stuck\/","title":{"rendered":"Gr\u00fcne Schalen Amazonia Green - 4-teilig"},"content":{"rendered":"<h3>Die perfekten gr\u00fcnen Schalen f\u00fcr Ihr Fr\u00fchst\u00fcck oder Ihren Tapas-Abend<\/h3>\n<p>Diese<strong> Gr\u00fcne Schalen <\/strong><strong>Amazonia Green<\/strong> Satz mit 4 Schalen aus <a href=\"https:\/\/www.terrafinastore.com\/en\/collections\/sail\">Terrafina<\/a> sind vielseitig einsetzbar. Ideal f\u00fcr Ihren Joghurt, Ihr M\u00fcsli oder Obst am Morgen oder als Suppensch\u00fcssel, Tapas-Schale oder Snack-Schale zum Mittag- oder Abendessen. Die tiefgr\u00fcne Farbe ist auch sehr stilvoll und diese Schalen eignen sich auch gut als Schmuckschalen, um zu Hause eine schicke Hotelatmosph\u00e4re zu schaffen. Entdecken Sie jetzt auch die <a href=\"https:\/\/unrostore.com\/de-at\/shop\/terrafina\/amazonia-grun\/gebaksbordjes-groen-amazonia-green-4-delig\/\">Amazonia Green Fr\u00fchst\u00fccksteller<\/a>\u00a0und erg\u00e4nzen Sie Ihr Fr\u00fchst\u00fcck, Ihren High Tea oder Ihren Tapas-Abend mit verschiedenen leckeren Snacks!<\/p>\n<h3>Dies ist die Anzahl der Schalen, die Sie geliefert bekommen<\/h3>\n<ul>\n<li>4x Amazonia Green Schalen \u00f8 15 cm<\/li>\n<li>2x Terrafina-Geschenkbox<\/li>\n<\/ul>\n<p><em><strong><br \/>\nDuurzaam voor mens & milieu:<\/strong><br \/>\n<\/em><em>Jedes Produkt ist ein Unikat, denn es wird in Handarbeit hergestellt.<br \/>\nDruck und Textur k\u00f6nnen daher leicht vom Produktfoto abweichen.<\/em><\/p>","protected":false},"excerpt":{"rendered":"<div style=\"font-family: nunito sans;font-size: 14px;border: 1px solid #dedede;border-radius: 4px;padding: 15px 0 0 14px;margin-top: 20px;margin-bottom: 20px;width: 160px;color: #00b900\">\n<p>Mit dem Festpreis sparen Sie <strong>\u20ac3,-<\/strong><\/p>\n<\/div>\n<div class=\"usps\"><i class=\"far fa-check-circle\"><\/i> Mikrowellenfest<br \/>\n<i class=\"far fa-check-circle\"><\/i> Backofenfest (bis zu 200 Grad)<br \/>\n<i class=\"far fa-check-circle\"><\/i> Sp\u00fclmaschinentauglich<br \/>\n<i class=\"far fa-thumbs-up\"><\/i> Handgefertigt<\/div>","protected":false},"featured_media":6289,"template":"","meta":[],"product_brand":[],"product_cat":[170,135,119],"product_tag":[173,171,709,712,711,710,137,713,242,683,691,123],"class_list":{"0":"post-6285","1":"product","2":"type-product","3":"status-publish","4":"has-post-thumbnail","6":"product_cat-amazonia-green","7":"product_cat-kommen","8":"product_cat-terrafina","9":"product_tag-amazonia-green","10":"product_tag-groen","11":"product_tag-groen-schaaltje","12":"product_tag-groene-kommen","13":"product_tag-groene-kommetjes","14":"product_tag-groene-schaaltjes","15":"product_tag-kom","16":"product_tag-kommen-groen","17":"product_tag-ontbijt","18":"product_tag-soepkom","19":"product_tag-tapasschaaltjes","20":"product_tag-terrafina","22":"first","23":"outofstock","24":"sale","25":"taxable","26":"shipping-taxable","27":"purchasable","28":"product-type-simple"},"yoast_head":"<!-- This site is optimized with the Yoast SEO plugin v27.5 - https:\/\/yoast.com\/product\/yoast-seo-wordpress\/ -->\n<title>Groene Kommen Amazonia Green - 4-delig &#8226; UNRO<\/title>\n<meta name=\"description\" content=\"De Groene Kommen Amazonia Green set van 4 van Terrafina zijn perfect als ontbijtkom, soepkom, tapas schaaltje en rijst kommetjes!\" \/>\n<meta name=\"robots\" content=\"index, follow, max-snippet:-1, max-image-preview:large, max-video-preview:-1\" \/>\n<link rel=\"canonical\" href=\"https:\/\/unrostore.com\/de-at\/shop\/terrafina\/amazonia-grun\/grune-schalen-amazonia-grun-4-stuck\/\" \/>\n<meta property=\"og:locale\" content=\"de_DE\" \/>\n<meta property=\"og:type\" content=\"article\" \/>\n<meta property=\"og:title\" content=\"Groene Kommen Amazonia Green - 4-delig &#8226; UNRO\" \/>\n<meta property=\"og:description\" content=\"De Groene Kommen Amazonia Green set van 4 van Terrafina zijn perfect als ontbijtkom, soepkom, tapas schaaltje en rijst kommetjes!\" \/>\n<meta property=\"og:url\" content=\"https:\/\/unrostore.com\/de-at\/shop\/terrafina\/amazonia-grun\/grune-schalen-amazonia-grun-4-stuck\/\" \/>\n<meta property=\"og:site_name\" content=\"UNRO\" \/>\n<meta property=\"article:modified_time\" content=\"2026-01-19T20:37:21+00:00\" \/>\n<meta property=\"og:image\" content=\"https:\/\/unrostore.com\/wp-content\/uploads\/2023\/11\/unro-groene-kommetjes-portugees-servies-handgemaakt.webp\" \/>\n\t<meta property=\"og:image:width\" content=\"1000\" \/>\n\t<meta property=\"og:image:height\" content=\"1000\" \/>\n\t<meta property=\"og:image:type\" content=\"image\/webp\" \/>\n<meta name=\"twitter:card\" content=\"summary_large_image\" \/>\n<script type=\"application\/ld+json\" class=\"yoast-schema-graph\">{\"@context\":\"https:\\\/\\\/schema.org\",\"@graph\":[{\"@type\":\"WebPage\",\"@id\":\"https:\\\/\\\/unrostore.com\\\/shop\\\/terrafina\\\/amazonia-green\\\/groene-kommen-amazonia-green-4-delig\\\/\",\"url\":\"https:\\\/\\\/unrostore.com\\\/shop\\\/terrafina\\\/amazonia-green\\\/groene-kommen-amazonia-green-4-delig\\\/\",\"name\":\"Groene Kommen Amazonia Green - 4-delig &#8226; UNRO\",\"isPartOf\":{\"@id\":\"https:\\\/\\\/unrostore.com\\\/#website\"},\"primaryImageOfPage\":{\"@id\":\"https:\\\/\\\/unrostore.com\\\/shop\\\/terrafina\\\/amazonia-green\\\/groene-kommen-amazonia-green-4-delig\\\/#primaryimage\"},\"image\":{\"@id\":\"https:\\\/\\\/unrostore.com\\\/shop\\\/terrafina\\\/amazonia-green\\\/groene-kommen-amazonia-green-4-delig\\\/#primaryimage\"},\"thumbnailUrl\":\"https:\\\/\\\/unrostore.com\\\/wp-content\\\/uploads\\\/2023\\\/11\\\/unro-groene-kommetjes-portugees-servies-handgemaakt.webp\",\"datePublished\":\"2023-11-05T12:10:10+00:00\",\"dateModified\":\"2026-01-19T20:37:21+00:00\",\"description\":\"De Groene Kommen Amazonia Green set van 4 van Terrafina zijn perfect als ontbijtkom, soepkom, tapas schaaltje en rijst kommetjes!\",\"breadcrumb\":{\"@id\":\"https:\\\/\\\/unrostore.com\\\/shop\\\/terrafina\\\/amazonia-green\\\/groene-kommen-amazonia-green-4-delig\\\/#breadcrumb\"},\"inLanguage\":\"de-AT\",\"potentialAction\":[{\"@type\":\"ReadAction\",\"target\":[\"https:\\\/\\\/unrostore.com\\\/shop\\\/terrafina\\\/amazonia-green\\\/groene-kommen-amazonia-green-4-delig\\\/\"]}]},{\"@type\":\"ImageObject\",\"inLanguage\":\"de-AT\",\"@id\":\"https:\\\/\\\/unrostore.com\\\/shop\\\/terrafina\\\/amazonia-green\\\/groene-kommen-amazonia-green-4-delig\\\/#primaryimage\",\"url\":\"https:\\\/\\\/unrostore.com\\\/wp-content\\\/uploads\\\/2023\\\/11\\\/unro-groene-kommetjes-portugees-servies-handgemaakt.webp\",\"contentUrl\":\"https:\\\/\\\/unrostore.com\\\/wp-content\\\/uploads\\\/2023\\\/11\\\/unro-groene-kommetjes-portugees-servies-handgemaakt.webp\",\"width\":1000,\"height\":1000,\"caption\":\"groene kommen handgemaakt\"},{\"@type\":\"BreadcrumbList\",\"@id\":\"https:\\\/\\\/unrostore.com\\\/shop\\\/terrafina\\\/amazonia-green\\\/groene-kommen-amazonia-green-4-delig\\\/#breadcrumb\",\"itemListElement\":[{\"@type\":\"ListItem\",\"position\":1,\"name\":\"Home\",\"item\":\"https:\\\/\\\/unrostore.com\\\/\"},{\"@type\":\"ListItem\",\"position\":2,\"name\":\"Shop\",\"item\":\"https:\\\/\\\/unrostore.com\\\/shop\\\/\"},{\"@type\":\"ListItem\",\"position\":3,\"name\":\"Groene Kommen Amazonia Green &#8211; 4-delig\"}]},{\"@type\":\"WebSite\",\"@id\":\"https:\\\/\\\/unrostore.com\\\/#website\",\"url\":\"https:\\\/\\\/unrostore.com\\\/\",\"name\":\"UNRO\",\"description\":\"Portugees servies waar je blij van wordt!\",\"publisher\":{\"@id\":\"https:\\\/\\\/unrostore.com\\\/#organization\"},\"potentialAction\":[{\"@type\":\"SearchAction\",\"target\":{\"@type\":\"EntryPoint\",\"urlTemplate\":\"https:\\\/\\\/unrostore.com\\\/?s={search_term_string}\"},\"query-input\":{\"@type\":\"PropertyValueSpecification\",\"valueRequired\":true,\"valueName\":\"search_term_string\"}}],\"inLanguage\":\"de-AT\"},{\"@type\":\"Organization\",\"@id\":\"https:\\\/\\\/unrostore.com\\\/#organization\",\"name\":\"UNRO\",\"url\":\"https:\\\/\\\/unrostore.com\\\/\",\"logo\":{\"@type\":\"ImageObject\",\"inLanguage\":\"de-AT\",\"@id\":\"https:\\\/\\\/unrostore.com\\\/#\\\/schema\\\/logo\\\/image\\\/\",\"url\":\"https:\\\/\\\/unrostore.com\\\/wp-content\\\/uploads\\\/2022\\\/05\\\/Logo-UNRO.png\",\"contentUrl\":\"https:\\\/\\\/unrostore.com\\\/wp-content\\\/uploads\\\/2022\\\/05\\\/Logo-UNRO.png\",\"width\":605,\"height\":179,\"caption\":\"UNRO\"},\"image\":{\"@id\":\"https:\\\/\\\/unrostore.com\\\/#\\\/schema\\\/logo\\\/image\\\/\"}}]}<\/script>\n<!-- \/ Yoast SEO plugin. -->","yoast_head_json":{"title":"Gr\u00fcne Schalen Amazonia Gr\u00fcn - 4-teilig - UNRO","description":"Die Green Bowls Amazonia Green im 4er-Set von Terrafina sind perfekt als Fr\u00fchst\u00fccksschalen, Suppenschalen, Tapasschalen und Reisschalen!","robots":{"index":"index","follow":"follow","max-snippet":"max-snippet:-1","max-image-preview":"max-image-preview:large","max-video-preview":"max-video-preview:-1"},"canonical":"https:\/\/unrostore.com\/de-at\/shop\/terrafina\/amazonia-grun\/grune-schalen-amazonia-grun-4-stuck\/","og_locale":"de_DE","og_type":"article","og_title":"Groene Kommen Amazonia Green - 4-delig &#8226; UNRO","og_description":"De Groene Kommen Amazonia Green set van 4 van Terrafina zijn perfect als ontbijtkom, soepkom, tapas schaaltje en rijst kommetjes!","og_url":"https:\/\/unrostore.com\/de-at\/shop\/terrafina\/amazonia-grun\/grune-schalen-amazonia-grun-4-stuck\/","og_site_name":"UNRO","article_modified_time":"2026-01-19T20:37:21+00:00","og_image":[{"width":1000,"height":1000,"url":"https:\/\/unrostore.com\/wp-content\/uploads\/2023\/11\/unro-groene-kommetjes-portugees-servies-handgemaakt.webp","type":"image\/webp"}],"twitter_card":"summary_large_image","schema":{"@context":"https:\/\/schema.org","@graph":[{"@type":"WebPage","@id":"https:\/\/unrostore.com\/shop\/terrafina\/amazonia-green\/groene-kommen-amazonia-green-4-delig\/","url":"https:\/\/unrostore.com\/shop\/terrafina\/amazonia-green\/groene-kommen-amazonia-green-4-delig\/","name":"Gr\u00fcne Schalen Amazonia Gr\u00fcn - 4-teilig - UNRO","isPartOf":{"@id":"https:\/\/unrostore.com\/#website"},"primaryImageOfPage":{"@id":"https:\/\/unrostore.com\/shop\/terrafina\/amazonia-green\/groene-kommen-amazonia-green-4-delig\/#primaryimage"},"image":{"@id":"https:\/\/unrostore.com\/shop\/terrafina\/amazonia-green\/groene-kommen-amazonia-green-4-delig\/#primaryimage"},"thumbnailUrl":"https:\/\/unrostore.com\/wp-content\/uploads\/2023\/11\/unro-groene-kommetjes-portugees-servies-handgemaakt.webp","datePublished":"2023-11-05T12:10:10+00:00","dateModified":"2026-01-19T20:37:21+00:00","description":"Die Green Bowls Amazonia Green im 4er-Set von Terrafina sind perfekt als Fr\u00fchst\u00fccksschalen, Suppenschalen, Tapasschalen und Reisschalen!","breadcrumb":{"@id":"https:\/\/unrostore.com\/shop\/terrafina\/amazonia-green\/groene-kommen-amazonia-green-4-delig\/#breadcrumb"},"inLanguage":"de-AT","potentialAction":[{"@type":"ReadAction","target":["https:\/\/unrostore.com\/shop\/terrafina\/amazonia-green\/groene-kommen-amazonia-green-4-delig\/"]}]},{"@type":"ImageObject","inLanguage":"de-AT","@id":"https:\/\/unrostore.com\/shop\/terrafina\/amazonia-green\/groene-kommen-amazonia-green-4-delig\/#primaryimage","url":"https:\/\/unrostore.com\/wp-content\/uploads\/2023\/11\/unro-groene-kommetjes-portugees-servies-handgemaakt.webp","contentUrl":"https:\/\/unrostore.com\/wp-content\/uploads\/2023\/11\/unro-groene-kommetjes-portugees-servies-handgemaakt.webp","width":1000,"height":1000,"caption":"groene kommen handgemaakt"},{"@type":"BreadcrumbList","@id":"https:\/\/unrostore.com\/shop\/terrafina\/amazonia-green\/groene-kommen-amazonia-green-4-delig\/#breadcrumb","itemListElement":[{"@type":"ListItem","position":1,"name":"Home","item":"https:\/\/unrostore.com\/"},{"@type":"ListItem","position":2,"name":"Shop","item":"https:\/\/unrostore.com\/shop\/"},{"@type":"ListItem","position":3,"name":"Groene Kommen Amazonia Green &#8211; 4-delig"}]},{"@type":"WebSite","@id":"https:\/\/unrostore.com\/#website","url":"https:\/\/unrostore.com\/","name":"UNRO","description":"Portugiesisches Geschirr, das Sie gl\u00fccklich machen wird!","publisher":{"@id":"https:\/\/unrostore.com\/#organization"},"potentialAction":[{"@type":"SearchAction","target":{"@type":"EntryPoint","urlTemplate":"https:\/\/unrostore.com\/?s={search_term_string}"},"query-input":{"@type":"PropertyValueSpecification","valueRequired":true,"valueName":"search_term_string"}}],"inLanguage":"de-AT"},{"@type":"Organization","@id":"https:\/\/unrostore.com\/#organization","name":"UNRO","url":"https:\/\/unrostore.com\/","logo":{"@type":"ImageObject","inLanguage":"de-AT","@id":"https:\/\/unrostore.com\/#\/schema\/logo\/image\/","url":"https:\/\/unrostore.com\/wp-content\/uploads\/2022\/05\/Logo-UNRO.png","contentUrl":"https:\/\/unrostore.com\/wp-content\/uploads\/2022\/05\/Logo-UNRO.png","width":605,"height":179,"caption":"UNRO"},"image":{"@id":"https:\/\/unrostore.com\/#\/schema\/logo\/image\/"}}]}},"_links":{"self":[{"href":"https:\/\/unrostore.com\/de-at\/wp-json\/wp\/v2\/product\/6285","targetHints":{"allow":["GET"]}}],"collection":[{"href":"https:\/\/unrostore.com\/de-at\/wp-json\/wp\/v2\/product"}],"about":[{"href":"https:\/\/unrostore.com\/de-at\/wp-json\/wp\/v2\/types\/product"}],"wp:featuredmedia":[{"embeddable":true,"href":"https:\/\/unrostore.com\/de-at\/wp-json\/wp\/v2\/media\/6289"}],"wp:attachment":[{"href":"https:\/\/unrostore.com\/de-at\/wp-json\/wp\/v2\/media?parent=6285"}],"wp:term":[{"taxonomy":"product_brand","embeddable":true,"href":"https:\/\/unrostore.com\/de-at\/wp-json\/wp\/v2\/product_brand?post=6285"},{"taxonomy":"product_cat","embeddable":true,"href":"https:\/\/unrostore.com\/de-at\/wp-json\/wp\/v2\/product_cat?post=6285"},{"taxonomy":"product_tag","embeddable":true,"href":"https:\/\/unrostore.com\/de-at\/wp-json\/wp\/v2\/product_tag?post=6285"}],"curies":[{"name":"wp","href":"https:\/\/api.w.org\/{rel}","templated":true}]}}