{"id":6278,"date":"2023-11-05T11:29:28","date_gmt":"2023-11-05T11:29:28","guid":{"rendered":"https:\/\/unrostore.com\/?post_type=product&#038;p=6278"},"modified":"2026-01-19T20:42:39","modified_gmt":"2026-01-19T20:42:39","slug":"grune-espressotassen-amazonia-grun-4-stuck","status":"publish","type":"product","link":"https:\/\/unrostore.com\/de-at\/shop\/terrafina\/amazonia-grun\/grune-espressotassen-amazonia-grun-4-stuck\/","title":{"rendered":"Gr\u00fcne Espresso-Tassen 100 ml Amazonia Gr\u00fcn - 4 St\u00fcck"},"content":{"rendered":"<h3>Einzigartige dunkelgr\u00fcne Espressotassen Amazonia Gr\u00fcn -4-teilig<\/h3>\n<p>Die\u00a0<strong>Espressotassen<\/strong> Amazonia Green - 4-teilig von der portugiesischen Marke <a href=\"https:\/\/www.terrafinastore.com\/en\/collections\/amazonia\">Terrafina<\/a> werden in liebevoller Handarbeit aus hochwertiger Keramik hergestellt. <span style=\"font-weight: 400;\">Genie\u00dfen Sie Ihren t\u00e4glichen Espresso oder Ristretto in einer dieser h\u00fcbschen kleinen Espressotassen mit Ohr. Die Espressotassen lassen sich dank ihrer runden, organischen Form nicht nur bequem trinken, sie sehen auch in Ihrem Interieur stilvoll aus. Sie machen sich gut in Ihrer Kaffeeecke, Kaffeenische oder auf Ihrer Kochinsel, eignen sich aber auch sehr gut als Geschenk zu Weihnachten, zum Geburtstag oder zur Einweihung. Die tiefgr\u00fcne Farbe macht diese niedlichen Espressotassen sowohl f\u00fcr M\u00e4nner als auch f\u00fcr Frauen geeignet. Entdecken Sie jetzt auch die passende gr\u00fcne <a href=\"https:\/\/unrostore.com\/de-at\/shop\/terrafina\/amazonia-grun\/amazonia-green-serviesset-12-delig\/\">Geschirrset<\/a> oder <a href=\"https:\/\/unrostore.com\/de-at\/shop\/terrafina\/amazonia-grun\/amazonia-green-mokken-2-delig\/\">Cappuccino Becher<\/a> f\u00fcr ein wahres Luxus-Restaurant-Erlebnis bei Ihnen zu Hause!<\/span><\/p>\n<p>&nbsp;<\/p>\n<h3>Das ist die Anzahl der Tassen, die Sie geliefert bekommen<\/h3>\n<ul>\n<li>2x Amazonia Green Espresso Tassen (100 ml trinkbares Volumen)<\/li>\n<li>2x Terrafina Geschenkbox<\/li>\n<\/ul>\n<p>&nbsp;<\/p>\n<p><em><strong>Nachhaltig f\u00fcr Mensch und Umwelt:<\/strong><br \/>\nJedes Produkt ist ein Unikat, denn es wird in Handarbeit hergestellt.<br \/>\nDruck und Textur k\u00f6nnen daher leicht vom Produktfoto abweichen.<\/em><\/p>","protected":false},"excerpt":{"rendered":"<div style=\"font-family: nunito sans; font-size: 14px; border: 1px solid #dedede; border-radius: 4px; padding: 15px 0 0 14px; margin-top: 20px; margin-bottom: 20px; width: 160px; box-shadow: 1px 1px 7px 0px rgb(0 0 0 \/ 15%), 0px 0px 2px 0px rgb(0 0 0 \/ 5%); color: #00b900;\">\n<p>Mit diesem Festpreis sparen Sie <strong>\u20ac2,-<\/strong><\/p>\n<\/div>\n<div class=\"usps\"><i class=\"far fa-check-circle\"><\/i> Mikrowellenfest<br \/>\n<i class=\"far fa-check-circle\"><\/i> Backofenfest (bis zu 200 Grad)<br \/>\n<i class=\"far fa-check-circle\"><\/i> Sp\u00fclmaschinentauglich<br \/>\n<i class=\"far fa-thumbs-up\"><\/i> Handgefertigt<\/div>","protected":false},"featured_media":6279,"template":"","meta":[],"product_brand":[],"product_cat":[869,307,170,132,871,119],"product_tag":[173,193,664,659,171,665,374,372,666,652,771,123],"class_list":{"0":"post-6278","1":"product","2":"type-product","3":"status-publish","4":"has-post-thumbnail","6":"product_cat-unro-cadeautips","7":"product_cat-espresso-kopjes","8":"product_cat-amazonia-green","9":"product_cat-kopjes-en-mokken","10":"product_cat-unro-populair-portugees-keramiek","11":"product_cat-terrafina","12":"product_tag-amazonia-green","13":"product_tag-espresso-kopjes","14":"product_tag-espresso-kopjes-groen","15":"product_tag-espressokopjes","16":"product_tag-groen","17":"product_tag-groene-espresso-kopjes","18":"product_tag-groene-kopjes","19":"product_tag-kleine-kopjes","20":"product_tag-koffie-kopjes","21":"product_tag-met-oor","22":"product_tag-set-van-4","23":"product_tag-terrafina","24":"product_shipping_class-pakket","26":"first","27":"outofstock","28":"sale","29":"taxable","30":"shipping-taxable","31":"purchasable","32":"product-type-simple"},"yoast_head":"<!-- This site is optimized with the Yoast SEO plugin v27.4 - https:\/\/yoast.com\/product\/yoast-seo-wordpress\/ -->\n<title>Groene Espresso Kopjes 100 ml Amazonia Green - 4-delig &#8226; UNRO<\/title>\n<meta name=\"description\" content=\"De Groene Espresso Kopjes - 4-delig uit de Amazonia Green collectie zijn er stijlvol voor in jouw hotel chique interieur en drinken prettig!\" \/>\n<meta name=\"robots\" content=\"index, follow, max-snippet:-1, max-image-preview:large, max-video-preview:-1\" \/>\n<link rel=\"canonical\" href=\"https:\/\/unrostore.com\/de-at\/shop\/terrafina\/amazonia-grun\/grune-espressotassen-amazonia-grun-4-stuck\/\" \/>\n<meta property=\"og:locale\" content=\"de_DE\" \/>\n<meta property=\"og:type\" content=\"article\" \/>\n<meta property=\"og:title\" content=\"Groene Espresso Kopjes 100 ml Amazonia Green - 4-delig &#8226; UNRO\" \/>\n<meta property=\"og:description\" content=\"De Groene Espresso Kopjes - 4-delig uit de Amazonia Green collectie zijn er stijlvol voor in jouw hotel chique interieur en drinken prettig!\" \/>\n<meta property=\"og:url\" content=\"https:\/\/unrostore.com\/de-at\/shop\/terrafina\/amazonia-grun\/grune-espressotassen-amazonia-grun-4-stuck\/\" \/>\n<meta property=\"og:site_name\" content=\"UNRO\" \/>\n<meta property=\"article:modified_time\" content=\"2026-01-19T20:42:39+00:00\" \/>\n<meta property=\"og:image\" content=\"https:\/\/unrostore.com\/wp-content\/uploads\/2023\/11\/unro-portugees-servies-groene-espresso-kopjes.jpg\" \/>\n\t<meta property=\"og:image:width\" content=\"1000\" \/>\n\t<meta property=\"og:image:height\" content=\"1000\" \/>\n\t<meta property=\"og:image:type\" content=\"image\/jpeg\" \/>\n<meta name=\"twitter:card\" content=\"summary_large_image\" \/>\n<script type=\"application\/ld+json\" class=\"yoast-schema-graph\">{\"@context\":\"https:\\\/\\\/schema.org\",\"@graph\":[{\"@type\":\"WebPage\",\"@id\":\"https:\\\/\\\/unrostore.com\\\/shop\\\/terrafina\\\/amazonia-green\\\/groene-espresso-kopjes-amazonia-green-4-delig\\\/\",\"url\":\"https:\\\/\\\/unrostore.com\\\/shop\\\/terrafina\\\/amazonia-green\\\/groene-espresso-kopjes-amazonia-green-4-delig\\\/\",\"name\":\"Groene Espresso Kopjes 100 ml Amazonia Green - 4-delig &#8226; UNRO\",\"isPartOf\":{\"@id\":\"https:\\\/\\\/unrostore.com\\\/#website\"},\"primaryImageOfPage\":{\"@id\":\"https:\\\/\\\/unrostore.com\\\/shop\\\/terrafina\\\/amazonia-green\\\/groene-espresso-kopjes-amazonia-green-4-delig\\\/#primaryimage\"},\"image\":{\"@id\":\"https:\\\/\\\/unrostore.com\\\/shop\\\/terrafina\\\/amazonia-green\\\/groene-espresso-kopjes-amazonia-green-4-delig\\\/#primaryimage\"},\"thumbnailUrl\":\"https:\\\/\\\/unrostore.com\\\/wp-content\\\/uploads\\\/2023\\\/11\\\/unro-portugees-servies-groene-espresso-kopjes.jpg\",\"datePublished\":\"2023-11-05T11:29:28+00:00\",\"dateModified\":\"2026-01-19T20:42:39+00:00\",\"description\":\"De Groene Espresso Kopjes - 4-delig uit de Amazonia Green collectie zijn er stijlvol voor in jouw hotel chique interieur en drinken prettig!\",\"breadcrumb\":{\"@id\":\"https:\\\/\\\/unrostore.com\\\/shop\\\/terrafina\\\/amazonia-green\\\/groene-espresso-kopjes-amazonia-green-4-delig\\\/#breadcrumb\"},\"inLanguage\":\"de-AT\",\"potentialAction\":[{\"@type\":\"ReadAction\",\"target\":[\"https:\\\/\\\/unrostore.com\\\/shop\\\/terrafina\\\/amazonia-green\\\/groene-espresso-kopjes-amazonia-green-4-delig\\\/\"]}]},{\"@type\":\"ImageObject\",\"inLanguage\":\"de-AT\",\"@id\":\"https:\\\/\\\/unrostore.com\\\/shop\\\/terrafina\\\/amazonia-green\\\/groene-espresso-kopjes-amazonia-green-4-delig\\\/#primaryimage\",\"url\":\"https:\\\/\\\/unrostore.com\\\/wp-content\\\/uploads\\\/2023\\\/11\\\/unro-portugees-servies-groene-espresso-kopjes.jpg\",\"contentUrl\":\"https:\\\/\\\/unrostore.com\\\/wp-content\\\/uploads\\\/2023\\\/11\\\/unro-portugees-servies-groene-espresso-kopjes.jpg\",\"width\":1000,\"height\":1000,\"caption\":\"groene espresso kopjes\"},{\"@type\":\"BreadcrumbList\",\"@id\":\"https:\\\/\\\/unrostore.com\\\/shop\\\/terrafina\\\/amazonia-green\\\/groene-espresso-kopjes-amazonia-green-4-delig\\\/#breadcrumb\",\"itemListElement\":[{\"@type\":\"ListItem\",\"position\":1,\"name\":\"Home\",\"item\":\"https:\\\/\\\/unrostore.com\\\/\"},{\"@type\":\"ListItem\",\"position\":2,\"name\":\"Shop\",\"item\":\"https:\\\/\\\/unrostore.com\\\/shop\\\/\"},{\"@type\":\"ListItem\",\"position\":3,\"name\":\"Groene Espresso Kopjes 100 ml Amazonia Green &#8211; 4-delig\"}]},{\"@type\":\"WebSite\",\"@id\":\"https:\\\/\\\/unrostore.com\\\/#website\",\"url\":\"https:\\\/\\\/unrostore.com\\\/\",\"name\":\"UNRO\",\"description\":\"Portugees servies waar je blij van wordt!\",\"publisher\":{\"@id\":\"https:\\\/\\\/unrostore.com\\\/#organization\"},\"potentialAction\":[{\"@type\":\"SearchAction\",\"target\":{\"@type\":\"EntryPoint\",\"urlTemplate\":\"https:\\\/\\\/unrostore.com\\\/?s={search_term_string}\"},\"query-input\":{\"@type\":\"PropertyValueSpecification\",\"valueRequired\":true,\"valueName\":\"search_term_string\"}}],\"inLanguage\":\"de-AT\"},{\"@type\":\"Organization\",\"@id\":\"https:\\\/\\\/unrostore.com\\\/#organization\",\"name\":\"UNRO\",\"url\":\"https:\\\/\\\/unrostore.com\\\/\",\"logo\":{\"@type\":\"ImageObject\",\"inLanguage\":\"de-AT\",\"@id\":\"https:\\\/\\\/unrostore.com\\\/#\\\/schema\\\/logo\\\/image\\\/\",\"url\":\"https:\\\/\\\/unrostore.com\\\/wp-content\\\/uploads\\\/2022\\\/05\\\/Logo-UNRO.png\",\"contentUrl\":\"https:\\\/\\\/unrostore.com\\\/wp-content\\\/uploads\\\/2022\\\/05\\\/Logo-UNRO.png\",\"width\":605,\"height\":179,\"caption\":\"UNRO\"},\"image\":{\"@id\":\"https:\\\/\\\/unrostore.com\\\/#\\\/schema\\\/logo\\\/image\\\/\"}}]}<\/script>\n<!-- \/ Yoast SEO plugin. -->","yoast_head_json":{"title":"Gr\u00fcne Espresso-Tassen 100 ml Amazonia Gr\u00fcn - 4 St\u00fcck - UNRO","description":"Die gr\u00fcnen Espressotassen - 4-teilig aus der Amazonia Green-Kollektion sehen stilvoll in Ihrem Hotel-Chic-Interieur aus und machen das Trinken angenehm!","robots":{"index":"index","follow":"follow","max-snippet":"max-snippet:-1","max-image-preview":"max-image-preview:large","max-video-preview":"max-video-preview:-1"},"canonical":"https:\/\/unrostore.com\/de-at\/shop\/terrafina\/amazonia-grun\/grune-espressotassen-amazonia-grun-4-stuck\/","og_locale":"de_DE","og_type":"article","og_title":"Groene Espresso Kopjes 100 ml Amazonia Green - 4-delig &#8226; UNRO","og_description":"De Groene Espresso Kopjes - 4-delig uit de Amazonia Green collectie zijn er stijlvol voor in jouw hotel chique interieur en drinken prettig!","og_url":"https:\/\/unrostore.com\/de-at\/shop\/terrafina\/amazonia-grun\/grune-espressotassen-amazonia-grun-4-stuck\/","og_site_name":"UNRO","article_modified_time":"2026-01-19T20:42:39+00:00","og_image":[{"width":1000,"height":1000,"url":"https:\/\/unrostore.com\/wp-content\/uploads\/2023\/11\/unro-portugees-servies-groene-espresso-kopjes.jpg","type":"image\/jpeg"}],"twitter_card":"summary_large_image","schema":{"@context":"https:\/\/schema.org","@graph":[{"@type":"WebPage","@id":"https:\/\/unrostore.com\/shop\/terrafina\/amazonia-green\/groene-espresso-kopjes-amazonia-green-4-delig\/","url":"https:\/\/unrostore.com\/shop\/terrafina\/amazonia-green\/groene-espresso-kopjes-amazonia-green-4-delig\/","name":"Gr\u00fcne Espresso-Tassen 100 ml Amazonia Gr\u00fcn - 4 St\u00fcck - UNRO","isPartOf":{"@id":"https:\/\/unrostore.com\/#website"},"primaryImageOfPage":{"@id":"https:\/\/unrostore.com\/shop\/terrafina\/amazonia-green\/groene-espresso-kopjes-amazonia-green-4-delig\/#primaryimage"},"image":{"@id":"https:\/\/unrostore.com\/shop\/terrafina\/amazonia-green\/groene-espresso-kopjes-amazonia-green-4-delig\/#primaryimage"},"thumbnailUrl":"https:\/\/unrostore.com\/wp-content\/uploads\/2023\/11\/unro-portugees-servies-groene-espresso-kopjes.jpg","datePublished":"2023-11-05T11:29:28+00:00","dateModified":"2026-01-19T20:42:39+00:00","description":"Die gr\u00fcnen Espressotassen - 4-teilig aus der Amazonia Green-Kollektion sehen stilvoll in Ihrem Hotel-Chic-Interieur aus und machen das Trinken angenehm!","breadcrumb":{"@id":"https:\/\/unrostore.com\/shop\/terrafina\/amazonia-green\/groene-espresso-kopjes-amazonia-green-4-delig\/#breadcrumb"},"inLanguage":"de-AT","potentialAction":[{"@type":"ReadAction","target":["https:\/\/unrostore.com\/shop\/terrafina\/amazonia-green\/groene-espresso-kopjes-amazonia-green-4-delig\/"]}]},{"@type":"ImageObject","inLanguage":"de-AT","@id":"https:\/\/unrostore.com\/shop\/terrafina\/amazonia-green\/groene-espresso-kopjes-amazonia-green-4-delig\/#primaryimage","url":"https:\/\/unrostore.com\/wp-content\/uploads\/2023\/11\/unro-portugees-servies-groene-espresso-kopjes.jpg","contentUrl":"https:\/\/unrostore.com\/wp-content\/uploads\/2023\/11\/unro-portugees-servies-groene-espresso-kopjes.jpg","width":1000,"height":1000,"caption":"groene espresso kopjes"},{"@type":"BreadcrumbList","@id":"https:\/\/unrostore.com\/shop\/terrafina\/amazonia-green\/groene-espresso-kopjes-amazonia-green-4-delig\/#breadcrumb","itemListElement":[{"@type":"ListItem","position":1,"name":"Home","item":"https:\/\/unrostore.com\/"},{"@type":"ListItem","position":2,"name":"Shop","item":"https:\/\/unrostore.com\/shop\/"},{"@type":"ListItem","position":3,"name":"Groene Espresso Kopjes 100 ml Amazonia Green &#8211; 4-delig"}]},{"@type":"WebSite","@id":"https:\/\/unrostore.com\/#website","url":"https:\/\/unrostore.com\/","name":"UNRO","description":"Portugiesisches Geschirr, das Sie gl\u00fccklich machen wird!","publisher":{"@id":"https:\/\/unrostore.com\/#organization"},"potentialAction":[{"@type":"SearchAction","target":{"@type":"EntryPoint","urlTemplate":"https:\/\/unrostore.com\/?s={search_term_string}"},"query-input":{"@type":"PropertyValueSpecification","valueRequired":true,"valueName":"search_term_string"}}],"inLanguage":"de-AT"},{"@type":"Organization","@id":"https:\/\/unrostore.com\/#organization","name":"UNRO","url":"https:\/\/unrostore.com\/","logo":{"@type":"ImageObject","inLanguage":"de-AT","@id":"https:\/\/unrostore.com\/#\/schema\/logo\/image\/","url":"https:\/\/unrostore.com\/wp-content\/uploads\/2022\/05\/Logo-UNRO.png","contentUrl":"https:\/\/unrostore.com\/wp-content\/uploads\/2022\/05\/Logo-UNRO.png","width":605,"height":179,"caption":"UNRO"},"image":{"@id":"https:\/\/unrostore.com\/#\/schema\/logo\/image\/"}}]}},"_links":{"self":[{"href":"https:\/\/unrostore.com\/de-at\/wp-json\/wp\/v2\/product\/6278","targetHints":{"allow":["GET"]}}],"collection":[{"href":"https:\/\/unrostore.com\/de-at\/wp-json\/wp\/v2\/product"}],"about":[{"href":"https:\/\/unrostore.com\/de-at\/wp-json\/wp\/v2\/types\/product"}],"wp:featuredmedia":[{"embeddable":true,"href":"https:\/\/unrostore.com\/de-at\/wp-json\/wp\/v2\/media\/6279"}],"wp:attachment":[{"href":"https:\/\/unrostore.com\/de-at\/wp-json\/wp\/v2\/media?parent=6278"}],"wp:term":[{"taxonomy":"product_brand","embeddable":true,"href":"https:\/\/unrostore.com\/de-at\/wp-json\/wp\/v2\/product_brand?post=6278"},{"taxonomy":"product_cat","embeddable":true,"href":"https:\/\/unrostore.com\/de-at\/wp-json\/wp\/v2\/product_cat?post=6278"},{"taxonomy":"product_tag","embeddable":true,"href":"https:\/\/unrostore.com\/de-at\/wp-json\/wp\/v2\/product_tag?post=6278"}],"curies":[{"name":"wp","href":"https:\/\/api.w.org\/{rel}","templated":true}]}}