{"id":6096,"date":"2023-10-25T20:24:47","date_gmt":"2023-10-25T20:24:47","guid":{"rendered":"https:\/\/unrostore.com\/?post_type=product&#038;p=6096"},"modified":"2026-01-19T20:42:56","modified_gmt":"2026-01-19T20:42:56","slug":"grunes-tassen-und-becher-set-amazonia-grun","status":"publish","type":"product","link":"https:\/\/unrostore.com\/de-at\/shop\/terrafina\/amazonia-grun\/grunes-tassen-und-becher-set-amazonia-grun\/","title":{"rendered":"Gr\u00fcne Tassen und Becher - Amazonia Green"},"content":{"rendered":"<h3>Sch\u00f6nes Kaffeeset aus gr\u00fcnen Tassen und Bechern!<\/h3>\n<p>Die<strong> Gr\u00fcne Tassen und Becher<\/strong> Set ist von der portugiesischen Marke <a href=\"https:\/\/www.terrafinastore.com\/en\/representatives\/unro\">Terrafina<\/a> ideal f\u00fcr all Ihre Kaffee- und Teemomente, jeden Tag. Die sch\u00f6ne dunkelgr\u00fcne Farbe strahlt Luxus aus und schafft eine hotelschicke Atmosph\u00e4re in Ihrem Zuhause. Nicht nur toll f\u00fcr Ihre eigene K\u00fcche, Kaffeenische oder K\u00fccheninsel, sondern auch sehr sch\u00f6n als Weihnachtsgeschenk, Geburtstagsgeschenk oder Geschenk f\u00fcr eine Einweihungsparty oder Jubil\u00e4um! Die einzigartige gr\u00fcne Farbe ist sowohl f\u00fcr Sie als auch f\u00fcr Ihn geeignet. Kaufen Sie auch das passende <a href=\"https:\/\/unrostore.com\/de-at\/shop\/terrafina\/amazonia-grun\/gruner-teller-amazonia-grun-2-stuck\/\">Schalen<\/a> oder <a href=\"https:\/\/unrostore.com\/de-at\/shop\/terrafina\/amazonia-grun\/gebaksbordjes-groen-amazonia-green-4-delig\/\">Fr\u00fchst\u00fccksteller<\/a> Und Sie k\u00f6nnen jeden Tag ein sch\u00f6nes Fr\u00fchst\u00fccksset genie\u00dfen!<\/p>\n<h3>Dies ist die Anzahl der Tassen, die Sie erhalten werden<\/h3>\n<ul>\n<li>2x Amazonia Green Espresso Tassen (100 ml trinkbares Volumen)<\/li>\n<li>4x Amazonia Green Cappuccino Becher (350ml Trinkvolumen)<\/li>\n<li>2x Terrafina Geschenkbox<\/li>\n<\/ul>\n<p>&nbsp;<\/p>\n<p><em><strong>Nachhaltig f\u00fcr Mensch und Umwelt:<\/strong><br \/>\nJedes Produkt ist ein Unikat, denn es wird in Handarbeit hergestellt.<br \/>\nDruck und Textur k\u00f6nnen daher leicht vom Produktfoto abweichen.<\/em><\/p>","protected":false},"excerpt":{"rendered":"<div style=\"font-family: nunito sans; font-size: 14px; border: 1px solid #dedede; border-radius: 4px; padding: 15px 0 0 14px; margin-top: 20px; margin-bottom: 20px; width: 160px; box-shadow: 1px 1px 7px 0px rgb(0 0 0 \/ 15%), 0px 0px 2px 0px rgb(0 0 0 \/ 5%); color: #00b900;\">\n<p>Mit diesem Festpreis sparen Sie <strong>\u20ac2,-<\/strong><\/p>\n<\/div>\n<div class=\"usps\"><i class=\"far fa-check-circle\"><\/i> Mikrowellenfest<br \/>\n<i class=\"far fa-check-circle\"><\/i> Backofenfest (bis zu 200 Grad)<br \/>\n<i class=\"far fa-check-circle\"><\/i> Sp\u00fclmaschinentauglich<br \/>\n<i class=\"far fa-thumbs-up\"><\/i> Handgefertigt<\/div>","protected":false},"featured_media":6098,"template":"","meta":[],"product_brand":[],"product_cat":[869,170,132,871,119],"product_tag":[309,193,374,640,862,861,399],"class_list":{"0":"post-6096","1":"product","2":"type-product","3":"status-publish","4":"has-post-thumbnail","6":"product_cat-unro-cadeautips","7":"product_cat-amazonia-green","8":"product_cat-kopjes-en-mokken","9":"product_cat-unro-populair-portugees-keramiek","10":"product_cat-terrafina","11":"product_tag-cappuccino-mokken","12":"product_tag-espresso-kopjes","13":"product_tag-groene-kopjes","14":"product_tag-groene-mokken","15":"product_tag-koffie-mokken","16":"product_tag-kopjes-en-mokken","17":"product_tag-thee-mokken","19":"first","20":"outofstock","21":"sale","22":"taxable","23":"shipping-taxable","24":"purchasable","25":"product-type-simple"},"yoast_head":"<!-- This site is optimized with the Yoast SEO plugin v27.4 - https:\/\/yoast.com\/product\/yoast-seo-wordpress\/ -->\n<title>Groene Kopjes en Mokken - Amazonia Green &#8226; UNRO<\/title>\n<meta name=\"description\" content=\"Ontdek deze te leuke set van 2 groene espresso kopjes en 2 cappuccino mokken die duurzaam handgemaakt worden in Portugal door lokale vakmensen.\" \/>\n<meta name=\"robots\" content=\"index, follow, max-snippet:-1, max-image-preview:large, max-video-preview:-1\" \/>\n<link rel=\"canonical\" href=\"https:\/\/unrostore.com\/de-at\/shop\/terrafina\/amazonia-grun\/grunes-tassen-und-becher-set-amazonia-grun\/\" \/>\n<meta property=\"og:locale\" content=\"de_DE\" \/>\n<meta property=\"og:type\" content=\"article\" \/>\n<meta property=\"og:title\" content=\"Groene Kopjes en Mokken - Amazonia Green &#8226; UNRO\" \/>\n<meta property=\"og:description\" content=\"Ontdek deze te leuke set van 2 groene espresso kopjes en 2 cappuccino mokken die duurzaam handgemaakt worden in Portugal door lokale vakmensen.\" \/>\n<meta property=\"og:url\" content=\"https:\/\/unrostore.com\/de-at\/shop\/terrafina\/amazonia-grun\/grunes-tassen-und-becher-set-amazonia-grun\/\" \/>\n<meta property=\"og:site_name\" content=\"UNRO\" \/>\n<meta property=\"article:modified_time\" content=\"2026-01-19T20:42:56+00:00\" \/>\n<meta property=\"og:image\" content=\"https:\/\/unrostore.com\/wp-content\/uploads\/2023\/10\/unro-kopjes-groen-mokken.jpg\" \/>\n\t<meta property=\"og:image:width\" content=\"1000\" \/>\n\t<meta property=\"og:image:height\" content=\"1000\" \/>\n\t<meta property=\"og:image:type\" content=\"image\/jpeg\" \/>\n<meta name=\"twitter:card\" content=\"summary_large_image\" \/>\n<script type=\"application\/ld+json\" class=\"yoast-schema-graph\">{\"@context\":\"https:\\\/\\\/schema.org\",\"@graph\":[{\"@type\":\"WebPage\",\"@id\":\"https:\\\/\\\/unrostore.com\\\/shop\\\/terrafina\\\/amazonia-green\\\/groene-kopjes-en-mokken-set-amazonia-green\\\/\",\"url\":\"https:\\\/\\\/unrostore.com\\\/shop\\\/terrafina\\\/amazonia-green\\\/groene-kopjes-en-mokken-set-amazonia-green\\\/\",\"name\":\"Groene Kopjes en Mokken - Amazonia Green &#8226; UNRO\",\"isPartOf\":{\"@id\":\"https:\\\/\\\/unrostore.com\\\/#website\"},\"primaryImageOfPage\":{\"@id\":\"https:\\\/\\\/unrostore.com\\\/shop\\\/terrafina\\\/amazonia-green\\\/groene-kopjes-en-mokken-set-amazonia-green\\\/#primaryimage\"},\"image\":{\"@id\":\"https:\\\/\\\/unrostore.com\\\/shop\\\/terrafina\\\/amazonia-green\\\/groene-kopjes-en-mokken-set-amazonia-green\\\/#primaryimage\"},\"thumbnailUrl\":\"https:\\\/\\\/unrostore.com\\\/wp-content\\\/uploads\\\/2023\\\/10\\\/unro-kopjes-groen-mokken.jpg\",\"datePublished\":\"2023-10-25T20:24:47+00:00\",\"dateModified\":\"2026-01-19T20:42:56+00:00\",\"description\":\"Ontdek deze te leuke set van 2 groene espresso kopjes en 2 cappuccino mokken die duurzaam handgemaakt worden in Portugal door lokale vakmensen.\",\"breadcrumb\":{\"@id\":\"https:\\\/\\\/unrostore.com\\\/shop\\\/terrafina\\\/amazonia-green\\\/groene-kopjes-en-mokken-set-amazonia-green\\\/#breadcrumb\"},\"inLanguage\":\"de-AT\",\"potentialAction\":[{\"@type\":\"ReadAction\",\"target\":[\"https:\\\/\\\/unrostore.com\\\/shop\\\/terrafina\\\/amazonia-green\\\/groene-kopjes-en-mokken-set-amazonia-green\\\/\"]}]},{\"@type\":\"ImageObject\",\"inLanguage\":\"de-AT\",\"@id\":\"https:\\\/\\\/unrostore.com\\\/shop\\\/terrafina\\\/amazonia-green\\\/groene-kopjes-en-mokken-set-amazonia-green\\\/#primaryimage\",\"url\":\"https:\\\/\\\/unrostore.com\\\/wp-content\\\/uploads\\\/2023\\\/10\\\/unro-kopjes-groen-mokken.jpg\",\"contentUrl\":\"https:\\\/\\\/unrostore.com\\\/wp-content\\\/uploads\\\/2023\\\/10\\\/unro-kopjes-groen-mokken.jpg\",\"width\":1000,\"height\":1000,\"caption\":\"espresso kopjes groen mokken groot\"},{\"@type\":\"BreadcrumbList\",\"@id\":\"https:\\\/\\\/unrostore.com\\\/shop\\\/terrafina\\\/amazonia-green\\\/groene-kopjes-en-mokken-set-amazonia-green\\\/#breadcrumb\",\"itemListElement\":[{\"@type\":\"ListItem\",\"position\":1,\"name\":\"Home\",\"item\":\"https:\\\/\\\/unrostore.com\\\/\"},{\"@type\":\"ListItem\",\"position\":2,\"name\":\"Shop\",\"item\":\"https:\\\/\\\/unrostore.com\\\/shop\\\/\"},{\"@type\":\"ListItem\",\"position\":3,\"name\":\"Groene Kopjes en Mokken &#8211; Amazonia Green\"}]},{\"@type\":\"WebSite\",\"@id\":\"https:\\\/\\\/unrostore.com\\\/#website\",\"url\":\"https:\\\/\\\/unrostore.com\\\/\",\"name\":\"UNRO\",\"description\":\"Portugees servies waar je blij van wordt!\",\"publisher\":{\"@id\":\"https:\\\/\\\/unrostore.com\\\/#organization\"},\"potentialAction\":[{\"@type\":\"SearchAction\",\"target\":{\"@type\":\"EntryPoint\",\"urlTemplate\":\"https:\\\/\\\/unrostore.com\\\/?s={search_term_string}\"},\"query-input\":{\"@type\":\"PropertyValueSpecification\",\"valueRequired\":true,\"valueName\":\"search_term_string\"}}],\"inLanguage\":\"de-AT\"},{\"@type\":\"Organization\",\"@id\":\"https:\\\/\\\/unrostore.com\\\/#organization\",\"name\":\"UNRO\",\"url\":\"https:\\\/\\\/unrostore.com\\\/\",\"logo\":{\"@type\":\"ImageObject\",\"inLanguage\":\"de-AT\",\"@id\":\"https:\\\/\\\/unrostore.com\\\/#\\\/schema\\\/logo\\\/image\\\/\",\"url\":\"https:\\\/\\\/unrostore.com\\\/wp-content\\\/uploads\\\/2022\\\/05\\\/Logo-UNRO.png\",\"contentUrl\":\"https:\\\/\\\/unrostore.com\\\/wp-content\\\/uploads\\\/2022\\\/05\\\/Logo-UNRO.png\",\"width\":605,\"height\":179,\"caption\":\"UNRO\"},\"image\":{\"@id\":\"https:\\\/\\\/unrostore.com\\\/#\\\/schema\\\/logo\\\/image\\\/\"}}]}<\/script>\n<!-- \/ Yoast SEO plugin. -->","yoast_head_json":{"title":"Gr\u00fcne Tassen und Becher - Amazonia Green - UNRO","description":"Entdecken Sie dieses zu niedliche Set aus 2 cremefarbenen Espressotassen und 2 Cappuccinotassen, die in Portugal von einheimischen Handwerkern nachhaltig handgefertigt werden.","robots":{"index":"index","follow":"follow","max-snippet":"max-snippet:-1","max-image-preview":"max-image-preview:large","max-video-preview":"max-video-preview:-1"},"canonical":"https:\/\/unrostore.com\/de-at\/shop\/terrafina\/amazonia-grun\/grunes-tassen-und-becher-set-amazonia-grun\/","og_locale":"de_DE","og_type":"article","og_title":"Groene Kopjes en Mokken - Amazonia Green &#8226; UNRO","og_description":"Ontdek deze te leuke set van 2 groene espresso kopjes en 2 cappuccino mokken die duurzaam handgemaakt worden in Portugal door lokale vakmensen.","og_url":"https:\/\/unrostore.com\/de-at\/shop\/terrafina\/amazonia-grun\/grunes-tassen-und-becher-set-amazonia-grun\/","og_site_name":"UNRO","article_modified_time":"2026-01-19T20:42:56+00:00","og_image":[{"width":1000,"height":1000,"url":"https:\/\/unrostore.com\/wp-content\/uploads\/2023\/10\/unro-kopjes-groen-mokken.jpg","type":"image\/jpeg"}],"twitter_card":"summary_large_image","schema":{"@context":"https:\/\/schema.org","@graph":[{"@type":"WebPage","@id":"https:\/\/unrostore.com\/shop\/terrafina\/amazonia-green\/groene-kopjes-en-mokken-set-amazonia-green\/","url":"https:\/\/unrostore.com\/shop\/terrafina\/amazonia-green\/groene-kopjes-en-mokken-set-amazonia-green\/","name":"Gr\u00fcne Tassen und Becher - Amazonia Green - UNRO","isPartOf":{"@id":"https:\/\/unrostore.com\/#website"},"primaryImageOfPage":{"@id":"https:\/\/unrostore.com\/shop\/terrafina\/amazonia-green\/groene-kopjes-en-mokken-set-amazonia-green\/#primaryimage"},"image":{"@id":"https:\/\/unrostore.com\/shop\/terrafina\/amazonia-green\/groene-kopjes-en-mokken-set-amazonia-green\/#primaryimage"},"thumbnailUrl":"https:\/\/unrostore.com\/wp-content\/uploads\/2023\/10\/unro-kopjes-groen-mokken.jpg","datePublished":"2023-10-25T20:24:47+00:00","dateModified":"2026-01-19T20:42:56+00:00","description":"Entdecken Sie dieses zu niedliche Set aus 2 cremefarbenen Espressotassen und 2 Cappuccinotassen, die in Portugal von einheimischen Handwerkern nachhaltig handgefertigt werden.","breadcrumb":{"@id":"https:\/\/unrostore.com\/shop\/terrafina\/amazonia-green\/groene-kopjes-en-mokken-set-amazonia-green\/#breadcrumb"},"inLanguage":"de-AT","potentialAction":[{"@type":"ReadAction","target":["https:\/\/unrostore.com\/shop\/terrafina\/amazonia-green\/groene-kopjes-en-mokken-set-amazonia-green\/"]}]},{"@type":"ImageObject","inLanguage":"de-AT","@id":"https:\/\/unrostore.com\/shop\/terrafina\/amazonia-green\/groene-kopjes-en-mokken-set-amazonia-green\/#primaryimage","url":"https:\/\/unrostore.com\/wp-content\/uploads\/2023\/10\/unro-kopjes-groen-mokken.jpg","contentUrl":"https:\/\/unrostore.com\/wp-content\/uploads\/2023\/10\/unro-kopjes-groen-mokken.jpg","width":1000,"height":1000,"caption":"espresso kopjes groen mokken groot"},{"@type":"BreadcrumbList","@id":"https:\/\/unrostore.com\/shop\/terrafina\/amazonia-green\/groene-kopjes-en-mokken-set-amazonia-green\/#breadcrumb","itemListElement":[{"@type":"ListItem","position":1,"name":"Home","item":"https:\/\/unrostore.com\/"},{"@type":"ListItem","position":2,"name":"Shop","item":"https:\/\/unrostore.com\/shop\/"},{"@type":"ListItem","position":3,"name":"Groene Kopjes en Mokken &#8211; Amazonia Green"}]},{"@type":"WebSite","@id":"https:\/\/unrostore.com\/#website","url":"https:\/\/unrostore.com\/","name":"UNRO","description":"Portugiesisches Geschirr, das Sie gl\u00fccklich machen wird!","publisher":{"@id":"https:\/\/unrostore.com\/#organization"},"potentialAction":[{"@type":"SearchAction","target":{"@type":"EntryPoint","urlTemplate":"https:\/\/unrostore.com\/?s={search_term_string}"},"query-input":{"@type":"PropertyValueSpecification","valueRequired":true,"valueName":"search_term_string"}}],"inLanguage":"de-AT"},{"@type":"Organization","@id":"https:\/\/unrostore.com\/#organization","name":"UNRO","url":"https:\/\/unrostore.com\/","logo":{"@type":"ImageObject","inLanguage":"de-AT","@id":"https:\/\/unrostore.com\/#\/schema\/logo\/image\/","url":"https:\/\/unrostore.com\/wp-content\/uploads\/2022\/05\/Logo-UNRO.png","contentUrl":"https:\/\/unrostore.com\/wp-content\/uploads\/2022\/05\/Logo-UNRO.png","width":605,"height":179,"caption":"UNRO"},"image":{"@id":"https:\/\/unrostore.com\/#\/schema\/logo\/image\/"}}]}},"_links":{"self":[{"href":"https:\/\/unrostore.com\/de-at\/wp-json\/wp\/v2\/product\/6096","targetHints":{"allow":["GET"]}}],"collection":[{"href":"https:\/\/unrostore.com\/de-at\/wp-json\/wp\/v2\/product"}],"about":[{"href":"https:\/\/unrostore.com\/de-at\/wp-json\/wp\/v2\/types\/product"}],"wp:featuredmedia":[{"embeddable":true,"href":"https:\/\/unrostore.com\/de-at\/wp-json\/wp\/v2\/media\/6098"}],"wp:attachment":[{"href":"https:\/\/unrostore.com\/de-at\/wp-json\/wp\/v2\/media?parent=6096"}],"wp:term":[{"taxonomy":"product_brand","embeddable":true,"href":"https:\/\/unrostore.com\/de-at\/wp-json\/wp\/v2\/product_brand?post=6096"},{"taxonomy":"product_cat","embeddable":true,"href":"https:\/\/unrostore.com\/de-at\/wp-json\/wp\/v2\/product_cat?post=6096"},{"taxonomy":"product_tag","embeddable":true,"href":"https:\/\/unrostore.com\/de-at\/wp-json\/wp\/v2\/product_tag?post=6096"}],"curies":[{"name":"wp","href":"https:\/\/api.w.org\/{rel}","templated":true}]}}