{"id":5661,"date":"2023-09-30T12:01:59","date_gmt":"2023-09-30T12:01:59","guid":{"rendered":"https:\/\/unrostore.com\/?post_type=product&#038;p=5661"},"modified":"2026-01-19T20:37:23","modified_gmt":"2026-01-19T20:37:23","slug":"weises-geschirr-16-stuck-mit-pastatellern-und-schusseln-segel","status":"publish","type":"product","link":"https:\/\/unrostore.com\/de-at\/shop\/terrafina\/sail\/weises-geschirr-16-stuck-mit-pastatellern-und-schusseln-segel\/","title":{"rendered":"Wei\u00dfes Geschirr 16 St\u00fcck mit Pastatellern und Sch\u00fcsseln Sail"},"content":{"rendered":"<h3>Frisch und modern: Wei\u00dfes Geschirr 16-teilig mit Pastatellern und Sch\u00fcsseln f\u00fcr 4 Personen<\/h3>\n<p>Diese <strong>Wei\u00df<\/strong><strong>\u00a016-teiliges Geschirr mit Pastatellern und Sch\u00fcsseln<\/strong> durch portugiesische Marke <a href=\"https:\/\/www.terrafinastore.com\/en\/collections\/amazonia\">Terrafina<\/a>aus der Sail-Geschirrkollektion ist zeitlos, hotelschick und einzigartig. Die matte wei\u00dfe Farbe und Textur ist mit einem subtilen Schimmer von blauen und gr\u00fcnen Farbt\u00f6nen durchsetzt. Diese neutralen Farben verleihen Ihrem Interieur einen Hauch von Luxus. Mit diesem 16-teiligen Geschirr haben Sie ein komplettes Set f\u00fcr alle spontanen Abendessen und das t\u00e4gliche Mittag- und Abendessen in Ihrem Haus. Verwenden Sie die Nudelteller auch als Suppenteller oder Acai Bowl und die Schalen als Snackteller oder Tapas-Teller. Die Fr\u00fchst\u00fccks- und Essteller sind ideal f\u00fcr gemeinsame Mahlzeiten und ausgiebige Dinner, aber auch f\u00fcr schnelle Snacks. Erg\u00e4nzen Sie Ihr komplett wei\u00dfes Geschirr mit dem passenden <a href=\"https:\/\/unrostore.com\/de-at\/shop\/terrafina\/sail\/obstschale-weises-segel\/\">Obstschale<\/a>, <a href=\"https:\/\/unrostore.com\/de-at\/shop\/terrafina\/sail\/weises-serviergeschirr-segel\/\">ovale Servierschalen<\/a> und passende <a href=\"https:\/\/unrostore.com\/de-at\/shop\/terrafina\/sail\/witte-grote-mokken-sail-2-delig\/\">gro\u00dfe Becher<\/a>. Dar\u00fcber hinaus ist dieses Geschirrset sch\u00f6n als Outfit und als Geschenk bei einer Hochzeit, Geburtstag oder Einweihungsparty.<\/p>\n<p>\u00a0<\/p>\n<h3>Dies ist die Nummer, die Sie zugestellt bekommen<\/h3>\n<ul>\n<li>4x Segelschalen \u00f8 15 cm<\/li>\n<li>4x Sail Nudelteller \u00f8 22 cm<\/li>\n<li>4x Sail Fr\u00fchst\u00fccksteller \u00f8 22 cm<\/li>\n<li>4x Sail Essteller \u00f8 28,5 cm<\/li>\n<li>5x Terrafina Geschenkbox<\/li>\n<\/ul>\n<p>\u00a0<\/p>\n<p><em><strong>Duurzaam voor mens & milieu:<\/strong><br \/>\nJedes Produkt ist ein Unikat, denn es wird in Handarbeit hergestellt.<br \/>\nDruck und Textur k\u00f6nnen daher leicht vom Produktfoto abweichen.<\/em><\/p>","protected":false},"excerpt":{"rendered":"<div class=\"usps\"><i class=\"far fa-check-circle\"><\/i> Mikrowellenfest<br \/>\n<i class=\"far fa-check-circle\"><\/i> Backofenfest (bis zu 200 Grad)<br \/>\n<i class=\"far fa-check-circle\"><\/i> Sp\u00fclmaschinentauglich<br \/>\n<i class=\"far fa-thumbs-up\"><\/i> Handgefertigt<\/div>","protected":false},"featured_media":5759,"template":"","meta":[],"product_brand":[],"product_cat":[871,730,122,119,139],"product_tag":[859,310,284,131,289,404,124,125,858,123,224,644,645],"class_list":{"0":"post-5661","1":"product","2":"type-product","3":"status-publish","4":"has-post-thumbnail","6":"product_cat-unro-populair-portugees-keramiek","7":"product_cat-servies-16-delig","8":"product_cat-serviesset","9":"product_cat-terrafina","10":"product_cat-sail","11":"product_tag-16-delig","12":"product_tag-4-personen","13":"product_tag-dinerborden","14":"product_tag-kommen","15":"product_tag-ontbijtborden","16":"product_tag-pastaborden","17":"product_tag-sail","18":"product_tag-serviesset","19":"product_tag-serviesset-wit","20":"product_tag-terrafina","21":"product_tag-wit","22":"product_tag-wit-servies","23":"product_tag-witte-serviesset","25":"first","26":"outofstock","27":"sale","28":"taxable","29":"shipping-taxable","30":"purchasable","31":"product-type-simple"},"yoast_head":"<!-- This site is optimized with the Yoast SEO plugin v27.5 - https:\/\/yoast.com\/product\/yoast-seo-wordpress\/ -->\n<title>Wit Servies 16 delig met Pastaborden en Kommen Sail &#8226; UNRO<\/title>\n<meta name=\"description\" content=\"Geniet van jouw diners in stijl met de hotel chique wit servies compleet met kommen, pastaborden, ontbijtborden en dinerborden, speciaal uit Portugal!\" \/>\n<meta name=\"robots\" content=\"index, follow, max-snippet:-1, max-image-preview:large, max-video-preview:-1\" \/>\n<link rel=\"canonical\" href=\"https:\/\/unrostore.com\/de-at\/shop\/terrafina\/sail\/weises-geschirr-16-stuck-mit-pastatellern-und-schusseln-segel\/\" \/>\n<meta property=\"og:locale\" content=\"de_DE\" \/>\n<meta property=\"og:type\" content=\"article\" \/>\n<meta property=\"og:title\" content=\"Wit Servies 16 delig met Pastaborden en Kommen Sail &#8226; UNRO\" \/>\n<meta property=\"og:description\" content=\"Geniet van jouw diners in stijl met de hotel chique wit servies compleet met kommen, pastaborden, ontbijtborden en dinerborden, speciaal uit Portugal!\" \/>\n<meta property=\"og:url\" content=\"https:\/\/unrostore.com\/de-at\/shop\/terrafina\/sail\/weises-geschirr-16-stuck-mit-pastatellern-und-schusseln-segel\/\" \/>\n<meta property=\"og:site_name\" content=\"UNRO\" \/>\n<meta property=\"article:modified_time\" content=\"2026-01-19T20:37:23+00:00\" \/>\n<meta property=\"og:image\" content=\"https:\/\/unrostore.com\/wp-content\/uploads\/2023\/09\/unro-portugees-serviesset-wit-16-delig-servies-jpg.webp\" \/>\n\t<meta property=\"og:image:width\" content=\"1000\" \/>\n\t<meta property=\"og:image:height\" content=\"1000\" \/>\n\t<meta property=\"og:image:type\" content=\"image\/jpeg\" \/>\n<meta name=\"twitter:card\" content=\"summary_large_image\" \/>\n<script type=\"application\/ld+json\" class=\"yoast-schema-graph\">{\"@context\":\"https:\\\/\\\/schema.org\",\"@graph\":[{\"@type\":\"WebPage\",\"@id\":\"https:\\\/\\\/unrostore.com\\\/shop\\\/terrafina\\\/sail\\\/wit-servies-16-delig-met-pastaborden-en-kommen-sail\\\/\",\"url\":\"https:\\\/\\\/unrostore.com\\\/shop\\\/terrafina\\\/sail\\\/wit-servies-16-delig-met-pastaborden-en-kommen-sail\\\/\",\"name\":\"Wit Servies 16 delig met Pastaborden en Kommen Sail &#8226; UNRO\",\"isPartOf\":{\"@id\":\"https:\\\/\\\/unrostore.com\\\/#website\"},\"primaryImageOfPage\":{\"@id\":\"https:\\\/\\\/unrostore.com\\\/shop\\\/terrafina\\\/sail\\\/wit-servies-16-delig-met-pastaborden-en-kommen-sail\\\/#primaryimage\"},\"image\":{\"@id\":\"https:\\\/\\\/unrostore.com\\\/shop\\\/terrafina\\\/sail\\\/wit-servies-16-delig-met-pastaborden-en-kommen-sail\\\/#primaryimage\"},\"thumbnailUrl\":\"https:\\\/\\\/unrostore.com\\\/wp-content\\\/uploads\\\/2023\\\/09\\\/unro-portugees-serviesset-wit-16-delig-servies-jpg.webp\",\"datePublished\":\"2023-09-30T12:01:59+00:00\",\"dateModified\":\"2026-01-19T20:37:23+00:00\",\"description\":\"Geniet van jouw diners in stijl met de hotel chique wit servies compleet met kommen, pastaborden, ontbijtborden en dinerborden, speciaal uit Portugal!\",\"breadcrumb\":{\"@id\":\"https:\\\/\\\/unrostore.com\\\/shop\\\/terrafina\\\/sail\\\/wit-servies-16-delig-met-pastaborden-en-kommen-sail\\\/#breadcrumb\"},\"inLanguage\":\"de-AT\",\"potentialAction\":[{\"@type\":\"ReadAction\",\"target\":[\"https:\\\/\\\/unrostore.com\\\/shop\\\/terrafina\\\/sail\\\/wit-servies-16-delig-met-pastaborden-en-kommen-sail\\\/\"]}]},{\"@type\":\"ImageObject\",\"inLanguage\":\"de-AT\",\"@id\":\"https:\\\/\\\/unrostore.com\\\/shop\\\/terrafina\\\/sail\\\/wit-servies-16-delig-met-pastaborden-en-kommen-sail\\\/#primaryimage\",\"url\":\"https:\\\/\\\/unrostore.com\\\/wp-content\\\/uploads\\\/2023\\\/09\\\/unro-portugees-serviesset-wit-16-delig-servies-jpg.webp\",\"contentUrl\":\"https:\\\/\\\/unrostore.com\\\/wp-content\\\/uploads\\\/2023\\\/09\\\/unro-portugees-serviesset-wit-16-delig-servies-jpg.webp\",\"width\":1000,\"height\":1000,\"caption\":\"Wit Servies 16 delig\"},{\"@type\":\"BreadcrumbList\",\"@id\":\"https:\\\/\\\/unrostore.com\\\/shop\\\/terrafina\\\/sail\\\/wit-servies-16-delig-met-pastaborden-en-kommen-sail\\\/#breadcrumb\",\"itemListElement\":[{\"@type\":\"ListItem\",\"position\":1,\"name\":\"Home\",\"item\":\"https:\\\/\\\/unrostore.com\\\/\"},{\"@type\":\"ListItem\",\"position\":2,\"name\":\"Shop\",\"item\":\"https:\\\/\\\/unrostore.com\\\/shop\\\/\"},{\"@type\":\"ListItem\",\"position\":3,\"name\":\"Wit Servies 16 delig met Pastaborden en Kommen Sail\"}]},{\"@type\":\"WebSite\",\"@id\":\"https:\\\/\\\/unrostore.com\\\/#website\",\"url\":\"https:\\\/\\\/unrostore.com\\\/\",\"name\":\"UNRO\",\"description\":\"Portugees servies waar je blij van wordt!\",\"publisher\":{\"@id\":\"https:\\\/\\\/unrostore.com\\\/#organization\"},\"potentialAction\":[{\"@type\":\"SearchAction\",\"target\":{\"@type\":\"EntryPoint\",\"urlTemplate\":\"https:\\\/\\\/unrostore.com\\\/?s={search_term_string}\"},\"query-input\":{\"@type\":\"PropertyValueSpecification\",\"valueRequired\":true,\"valueName\":\"search_term_string\"}}],\"inLanguage\":\"de-AT\"},{\"@type\":\"Organization\",\"@id\":\"https:\\\/\\\/unrostore.com\\\/#organization\",\"name\":\"UNRO\",\"url\":\"https:\\\/\\\/unrostore.com\\\/\",\"logo\":{\"@type\":\"ImageObject\",\"inLanguage\":\"de-AT\",\"@id\":\"https:\\\/\\\/unrostore.com\\\/#\\\/schema\\\/logo\\\/image\\\/\",\"url\":\"https:\\\/\\\/unrostore.com\\\/wp-content\\\/uploads\\\/2022\\\/05\\\/Logo-UNRO.png\",\"contentUrl\":\"https:\\\/\\\/unrostore.com\\\/wp-content\\\/uploads\\\/2022\\\/05\\\/Logo-UNRO.png\",\"width\":605,\"height\":179,\"caption\":\"UNRO\"},\"image\":{\"@id\":\"https:\\\/\\\/unrostore.com\\\/#\\\/schema\\\/logo\\\/image\\\/\"}}]}<\/script>\n<!-- \/ Yoast SEO plugin. -->","yoast_head_json":{"title":"Wei\u00dfes Geschirr 16-teilig mit Pastatellern und Sch\u00fcsseln Sail - UNRO","description":"Genie\u00dfen Sie Ihre Mahlzeiten stilvoll mit dem schicken wei\u00dfen Hotelgeschirr mit Sch\u00fcsseln, Pastatellern, Fr\u00fchst\u00fcckstellern und Esstellern, speziell aus Portugal!","robots":{"index":"index","follow":"follow","max-snippet":"max-snippet:-1","max-image-preview":"max-image-preview:large","max-video-preview":"max-video-preview:-1"},"canonical":"https:\/\/unrostore.com\/de-at\/shop\/terrafina\/sail\/weises-geschirr-16-stuck-mit-pastatellern-und-schusseln-segel\/","og_locale":"de_DE","og_type":"article","og_title":"Wit Servies 16 delig met Pastaborden en Kommen Sail &#8226; UNRO","og_description":"Geniet van jouw diners in stijl met de hotel chique wit servies compleet met kommen, pastaborden, ontbijtborden en dinerborden, speciaal uit Portugal!","og_url":"https:\/\/unrostore.com\/de-at\/shop\/terrafina\/sail\/weises-geschirr-16-stuck-mit-pastatellern-und-schusseln-segel\/","og_site_name":"UNRO","article_modified_time":"2026-01-19T20:37:23+00:00","og_image":[{"width":1000,"height":1000,"url":"https:\/\/unrostore.com\/wp-content\/uploads\/2023\/09\/unro-portugees-serviesset-wit-16-delig-servies-jpg.webp","type":"image\/jpeg"}],"twitter_card":"summary_large_image","schema":{"@context":"https:\/\/schema.org","@graph":[{"@type":"WebPage","@id":"https:\/\/unrostore.com\/shop\/terrafina\/sail\/wit-servies-16-delig-met-pastaborden-en-kommen-sail\/","url":"https:\/\/unrostore.com\/shop\/terrafina\/sail\/wit-servies-16-delig-met-pastaborden-en-kommen-sail\/","name":"Wei\u00dfes Geschirr 16-teilig mit Pastatellern und Sch\u00fcsseln Sail - UNRO","isPartOf":{"@id":"https:\/\/unrostore.com\/#website"},"primaryImageOfPage":{"@id":"https:\/\/unrostore.com\/shop\/terrafina\/sail\/wit-servies-16-delig-met-pastaborden-en-kommen-sail\/#primaryimage"},"image":{"@id":"https:\/\/unrostore.com\/shop\/terrafina\/sail\/wit-servies-16-delig-met-pastaborden-en-kommen-sail\/#primaryimage"},"thumbnailUrl":"https:\/\/unrostore.com\/wp-content\/uploads\/2023\/09\/unro-portugees-serviesset-wit-16-delig-servies-jpg.webp","datePublished":"2023-09-30T12:01:59+00:00","dateModified":"2026-01-19T20:37:23+00:00","description":"Genie\u00dfen Sie Ihre Mahlzeiten stilvoll mit dem schicken wei\u00dfen Hotelgeschirr mit Sch\u00fcsseln, Pastatellern, Fr\u00fchst\u00fcckstellern und Esstellern, speziell aus Portugal!","breadcrumb":{"@id":"https:\/\/unrostore.com\/shop\/terrafina\/sail\/wit-servies-16-delig-met-pastaborden-en-kommen-sail\/#breadcrumb"},"inLanguage":"de-AT","potentialAction":[{"@type":"ReadAction","target":["https:\/\/unrostore.com\/shop\/terrafina\/sail\/wit-servies-16-delig-met-pastaborden-en-kommen-sail\/"]}]},{"@type":"ImageObject","inLanguage":"de-AT","@id":"https:\/\/unrostore.com\/shop\/terrafina\/sail\/wit-servies-16-delig-met-pastaborden-en-kommen-sail\/#primaryimage","url":"https:\/\/unrostore.com\/wp-content\/uploads\/2023\/09\/unro-portugees-serviesset-wit-16-delig-servies-jpg.webp","contentUrl":"https:\/\/unrostore.com\/wp-content\/uploads\/2023\/09\/unro-portugees-serviesset-wit-16-delig-servies-jpg.webp","width":1000,"height":1000,"caption":"Wit Servies 16 delig"},{"@type":"BreadcrumbList","@id":"https:\/\/unrostore.com\/shop\/terrafina\/sail\/wit-servies-16-delig-met-pastaborden-en-kommen-sail\/#breadcrumb","itemListElement":[{"@type":"ListItem","position":1,"name":"Home","item":"https:\/\/unrostore.com\/"},{"@type":"ListItem","position":2,"name":"Shop","item":"https:\/\/unrostore.com\/shop\/"},{"@type":"ListItem","position":3,"name":"Wit Servies 16 delig met Pastaborden en Kommen Sail"}]},{"@type":"WebSite","@id":"https:\/\/unrostore.com\/#website","url":"https:\/\/unrostore.com\/","name":"UNRO","description":"Portugiesisches Geschirr, das Sie gl\u00fccklich machen wird!","publisher":{"@id":"https:\/\/unrostore.com\/#organization"},"potentialAction":[{"@type":"SearchAction","target":{"@type":"EntryPoint","urlTemplate":"https:\/\/unrostore.com\/?s={search_term_string}"},"query-input":{"@type":"PropertyValueSpecification","valueRequired":true,"valueName":"search_term_string"}}],"inLanguage":"de-AT"},{"@type":"Organization","@id":"https:\/\/unrostore.com\/#organization","name":"UNRO","url":"https:\/\/unrostore.com\/","logo":{"@type":"ImageObject","inLanguage":"de-AT","@id":"https:\/\/unrostore.com\/#\/schema\/logo\/image\/","url":"https:\/\/unrostore.com\/wp-content\/uploads\/2022\/05\/Logo-UNRO.png","contentUrl":"https:\/\/unrostore.com\/wp-content\/uploads\/2022\/05\/Logo-UNRO.png","width":605,"height":179,"caption":"UNRO"},"image":{"@id":"https:\/\/unrostore.com\/#\/schema\/logo\/image\/"}}]}},"_links":{"self":[{"href":"https:\/\/unrostore.com\/de-at\/wp-json\/wp\/v2\/product\/5661","targetHints":{"allow":["GET"]}}],"collection":[{"href":"https:\/\/unrostore.com\/de-at\/wp-json\/wp\/v2\/product"}],"about":[{"href":"https:\/\/unrostore.com\/de-at\/wp-json\/wp\/v2\/types\/product"}],"wp:featuredmedia":[{"embeddable":true,"href":"https:\/\/unrostore.com\/de-at\/wp-json\/wp\/v2\/media\/5759"}],"wp:attachment":[{"href":"https:\/\/unrostore.com\/de-at\/wp-json\/wp\/v2\/media?parent=5661"}],"wp:term":[{"taxonomy":"product_brand","embeddable":true,"href":"https:\/\/unrostore.com\/de-at\/wp-json\/wp\/v2\/product_brand?post=5661"},{"taxonomy":"product_cat","embeddable":true,"href":"https:\/\/unrostore.com\/de-at\/wp-json\/wp\/v2\/product_cat?post=5661"},{"taxonomy":"product_tag","embeddable":true,"href":"https:\/\/unrostore.com\/de-at\/wp-json\/wp\/v2\/product_tag?post=5661"}],"curies":[{"name":"wp","href":"https:\/\/api.w.org\/{rel}","templated":true}]}}