{"id":5258,"date":"2023-08-12T16:13:41","date_gmt":"2023-08-12T16:13:41","guid":{"rendered":"https:\/\/unrostore.com\/?post_type=product&#038;p=5258"},"modified":"2025-05-20T19:26:39","modified_gmt":"2025-05-20T19:26:39","slug":"geschenkgutschein-300","status":"publish","type":"product","link":"https:\/\/unrostore.com\/de-at\/shop\/geschenkgutscheine\/geschenkgutschein-300\/","title":{"rendered":"Geschenkgutschein 300 \u20ac"},"content":{"rendered":"<h2>UNRO-Gutschein \u20ac300<\/h2>\n<p>Machen Sie jemandem eine Freude mit einem UNRO-Geschenkgutschein im Wert von 300 \u20ac, damit er oder sie ein sch\u00f6nes komplettes Geschirrset nach seinem\/ihrem Geschmack ausw\u00e4hlen kann! Ein sch\u00f6nes Geschenk zur Einweihung, zur Hochzeit, zum Geburtstag, zum Jubil\u00e4um oder zu Weihnachten.<\/p>\n<p>F\u00fcgen Sie au\u00dferdem Ihre pers\u00f6nliche Nachricht auf dem E-Gutschein hinzu, um ihn zu einem wirklich einzigartigen Geschenk zu machen. Manchmal ist es schwierig, ein (gro\u00dfes) und sch\u00f6nes Geschenk auszuw\u00e4hlen, von dem Sie 100% sicher sind, dass es gut ankommt. Sie k\u00f6nnen dies vermeiden, indem Sie einen Geschenkgutschein verschenken, damit der Empf\u00e4nger selbst etwas Sch\u00f6nes und Lustiges aussuchen kann!<\/p>\n<p><span style=\"text-decoration: underline;\"><strong>Wie es funktioniert.<\/strong><\/span><\/p>\n<ol>\n<li style=\"font-weight: 400;\" aria-level=\"1\"><span style=\"font-weight: 400;\">Nach der Bezahlung erhalten Sie den Geschenkgutschein (A4-Format) als pdf in Ihrem Postfach und drucken ihn aus.<\/span><\/li>\n<li style=\"font-weight: 400;\" aria-level=\"1\"><span style=\"font-weight: 400;\">Schreiben Sie den Namen und eine nette Notiz an die Person, der Sie es schenken m\u00f6chten.<\/span><\/li>\n<li style=\"font-weight: 400;\" aria-level=\"1\"><span style=\"font-weight: 400;\">Falten Sie den Geschenkgutschein an den beiden blauen Faltlinien (ggf. in einen Umschlag stecken). Voil\u00e0, Ihr Geschenk ist fertig!<\/span><\/li>\n<\/ol>\n<p>UNRO-Tipp: Sch\u00f6n, dass es sie gibt, unsere <a href=\"https:\/\/unrostore.com\/de-at\/produktkategorie-2\/tassen-und-becher\/\">Tassen &amp; Becher<\/a>.<br \/>\nInspiration finden Sie auf unseren Konten unter <a href=\"https:\/\/nl.pinterest.com\/nlunro\/\">Pinterest<\/a>, <a href=\"https:\/\/www.instagram.com\/unro.nl\/\">Instagram<\/a> &amp; <a href=\"https:\/\/www.facebook.com\/unro.nl\">Facebook<\/a>.<\/p>\n<p><strong><span style=\"text-decoration: underline;\">Bedingungen:<\/span><\/strong><em><br \/>\nGeschenkgutscheine sind bis zu zwei Jahre nach dem Kauf g\u00fcltig und k\u00f6nnen sowohl f\u00fcr normale als auch f\u00fcr reduzierte Artikel verwendet werden. Geschenkgutscheine sind <span style=\"text-decoration: underline;\">nicht<\/span> gegen Bargeld einl\u00f6sbar und k\u00f6nnen <span style=\"text-decoration: underline;\">nicht<\/span> zur\u00fcckgegeben werden.<\/em><\/p>","protected":false},"excerpt":{"rendered":"<div class=\"usps\"><i class=\"far fa-check-circle\"><\/i> 300 \u20ac Einkaufsguthaben<br \/>\n<i class=\"far fa-check-circle\"><\/i> F\u00fcr alle, die herumschn\u00fcffeln<br \/>\n<i class=\"far fa-check-circle\"><\/i> E-Voucher zum Ausdrucken<br \/>\n<i class=\"far fa-thumbs-up\"><\/i> Sitzt immer gut<\/div>","protected":false},"featured_media":5259,"template":"","meta":[],"product_brand":[],"product_cat":[832],"product_tag":[850,849,833,852,851,837,838],"class_list":{"0":"post-5258","1":"product","2":"type-product","3":"status-publish","4":"has-post-thumbnail","6":"product_cat-cadeaubonnen","7":"product_tag-e300","8":"product_tag-849","9":"product_tag-cadeaubon","10":"product_tag-cadeaubone300","11":"product_tag-cadeaubon300","12":"product_tag-e-voucher","13":"product_tag-voucher","15":"first","16":"instock","17":"virtual","18":"taxable","19":"purchasable","20":"product-type-simple"},"yoast_head":"<!-- This site is optimized with the Yoast SEO plugin v27.4 - https:\/\/yoast.com\/product\/yoast-seo-wordpress\/ -->\n<title>Cadeaubon \u20ac300 &#8226; UNRO<\/title>\n<meta name=\"description\" content=\"Maak iemand blij met een UNRO cadeaubon t.w.v. \u20ac300,- en laat hen zelf iets unieks uitzoeken. Handgemaakt keramiek uit Portugal, exclusief bij UNRO!\" \/>\n<meta name=\"robots\" content=\"index, follow, max-snippet:-1, max-image-preview:large, max-video-preview:-1\" \/>\n<link rel=\"canonical\" href=\"https:\/\/unrostore.com\/de-at\/shop\/geschenkgutscheine\/geschenkgutschein-300\/\" \/>\n<meta property=\"og:locale\" content=\"de_DE\" \/>\n<meta property=\"og:type\" content=\"article\" \/>\n<meta property=\"og:title\" content=\"Cadeaubon \u20ac300 &#8226; UNRO\" \/>\n<meta property=\"og:description\" content=\"Maak iemand blij met een UNRO cadeaubon t.w.v. \u20ac300,- en laat hen zelf iets unieks uitzoeken. Handgemaakt keramiek uit Portugal, exclusief bij UNRO!\" \/>\n<meta property=\"og:url\" content=\"https:\/\/unrostore.com\/de-at\/shop\/geschenkgutscheine\/geschenkgutschein-300\/\" \/>\n<meta property=\"og:site_name\" content=\"UNRO\" \/>\n<meta property=\"article:modified_time\" content=\"2025-05-20T19:26:39+00:00\" \/>\n<meta property=\"og:image\" content=\"https:\/\/unrostore.com\/wp-content\/uploads\/2023\/08\/unro-giftcard-300.jpg\" \/>\n\t<meta property=\"og:image:width\" content=\"909\" \/>\n\t<meta property=\"og:image:height\" content=\"909\" \/>\n\t<meta property=\"og:image:type\" content=\"image\/jpeg\" \/>\n<meta name=\"twitter:card\" content=\"summary_large_image\" \/>\n<script type=\"application\/ld+json\" class=\"yoast-schema-graph\">{\"@context\":\"https:\\\/\\\/schema.org\",\"@graph\":[{\"@type\":\"WebPage\",\"@id\":\"https:\\\/\\\/unrostore.com\\\/shop\\\/cadeaubonnen\\\/cadeaubon-300\\\/\",\"url\":\"https:\\\/\\\/unrostore.com\\\/shop\\\/cadeaubonnen\\\/cadeaubon-300\\\/\",\"name\":\"Cadeaubon \u20ac300 &#8226; UNRO\",\"isPartOf\":{\"@id\":\"https:\\\/\\\/unrostore.com\\\/#website\"},\"primaryImageOfPage\":{\"@id\":\"https:\\\/\\\/unrostore.com\\\/shop\\\/cadeaubonnen\\\/cadeaubon-300\\\/#primaryimage\"},\"image\":{\"@id\":\"https:\\\/\\\/unrostore.com\\\/shop\\\/cadeaubonnen\\\/cadeaubon-300\\\/#primaryimage\"},\"thumbnailUrl\":\"https:\\\/\\\/unrostore.com\\\/wp-content\\\/uploads\\\/2023\\\/08\\\/unro-giftcard-300.jpg\",\"datePublished\":\"2023-08-12T16:13:41+00:00\",\"dateModified\":\"2025-05-20T19:26:39+00:00\",\"description\":\"Maak iemand blij met een UNRO cadeaubon t.w.v. \u20ac300,- en laat hen zelf iets unieks uitzoeken. Handgemaakt keramiek uit Portugal, exclusief bij UNRO!\",\"breadcrumb\":{\"@id\":\"https:\\\/\\\/unrostore.com\\\/shop\\\/cadeaubonnen\\\/cadeaubon-300\\\/#breadcrumb\"},\"inLanguage\":\"de-AT\",\"potentialAction\":[{\"@type\":\"ReadAction\",\"target\":[\"https:\\\/\\\/unrostore.com\\\/shop\\\/cadeaubonnen\\\/cadeaubon-300\\\/\"]}]},{\"@type\":\"ImageObject\",\"inLanguage\":\"de-AT\",\"@id\":\"https:\\\/\\\/unrostore.com\\\/shop\\\/cadeaubonnen\\\/cadeaubon-300\\\/#primaryimage\",\"url\":\"https:\\\/\\\/unrostore.com\\\/wp-content\\\/uploads\\\/2023\\\/08\\\/unro-giftcard-300.jpg\",\"contentUrl\":\"https:\\\/\\\/unrostore.com\\\/wp-content\\\/uploads\\\/2023\\\/08\\\/unro-giftcard-300.jpg\",\"width\":909,\"height\":909,\"caption\":\"cadeaubon \u20ac300 e-voucher UNRO\"},{\"@type\":\"BreadcrumbList\",\"@id\":\"https:\\\/\\\/unrostore.com\\\/shop\\\/cadeaubonnen\\\/cadeaubon-300\\\/#breadcrumb\",\"itemListElement\":[{\"@type\":\"ListItem\",\"position\":1,\"name\":\"Home\",\"item\":\"https:\\\/\\\/unrostore.com\\\/\"},{\"@type\":\"ListItem\",\"position\":2,\"name\":\"Shop\",\"item\":\"https:\\\/\\\/unrostore.com\\\/shop\\\/\"},{\"@type\":\"ListItem\",\"position\":3,\"name\":\"Cadeaubon \u20ac300\"}]},{\"@type\":\"WebSite\",\"@id\":\"https:\\\/\\\/unrostore.com\\\/#website\",\"url\":\"https:\\\/\\\/unrostore.com\\\/\",\"name\":\"UNRO\",\"description\":\"Portugees servies waar je blij van wordt!\",\"publisher\":{\"@id\":\"https:\\\/\\\/unrostore.com\\\/#organization\"},\"potentialAction\":[{\"@type\":\"SearchAction\",\"target\":{\"@type\":\"EntryPoint\",\"urlTemplate\":\"https:\\\/\\\/unrostore.com\\\/?s={search_term_string}\"},\"query-input\":{\"@type\":\"PropertyValueSpecification\",\"valueRequired\":true,\"valueName\":\"search_term_string\"}}],\"inLanguage\":\"de-AT\"},{\"@type\":\"Organization\",\"@id\":\"https:\\\/\\\/unrostore.com\\\/#organization\",\"name\":\"UNRO\",\"url\":\"https:\\\/\\\/unrostore.com\\\/\",\"logo\":{\"@type\":\"ImageObject\",\"inLanguage\":\"de-AT\",\"@id\":\"https:\\\/\\\/unrostore.com\\\/#\\\/schema\\\/logo\\\/image\\\/\",\"url\":\"https:\\\/\\\/unrostore.com\\\/wp-content\\\/uploads\\\/2022\\\/05\\\/Logo-UNRO.png\",\"contentUrl\":\"https:\\\/\\\/unrostore.com\\\/wp-content\\\/uploads\\\/2022\\\/05\\\/Logo-UNRO.png\",\"width\":605,\"height\":179,\"caption\":\"UNRO\"},\"image\":{\"@id\":\"https:\\\/\\\/unrostore.com\\\/#\\\/schema\\\/logo\\\/image\\\/\"}}]}<\/script>\n<!-- \/ Yoast SEO plugin. -->","yoast_head_json":{"title":"Geschenkgutschein 300 \u20ac - UNRO","description":"Machen Sie jemandem mit einem UNRO-Geschenkgutschein im Wert von 300 \u20ac eine Freude und lassen Sie ihn selbst etwas Einzigartiges ausw\u00e4hlen. Handgefertigte Keramik aus Portugal, exklusiv bei UNRO!","robots":{"index":"index","follow":"follow","max-snippet":"max-snippet:-1","max-image-preview":"max-image-preview:large","max-video-preview":"max-video-preview:-1"},"canonical":"https:\/\/unrostore.com\/de-at\/shop\/geschenkgutscheine\/geschenkgutschein-300\/","og_locale":"de_DE","og_type":"article","og_title":"Cadeaubon \u20ac300 &#8226; UNRO","og_description":"Maak iemand blij met een UNRO cadeaubon t.w.v. \u20ac300,- en laat hen zelf iets unieks uitzoeken. Handgemaakt keramiek uit Portugal, exclusief bij UNRO!","og_url":"https:\/\/unrostore.com\/de-at\/shop\/geschenkgutscheine\/geschenkgutschein-300\/","og_site_name":"UNRO","article_modified_time":"2025-05-20T19:26:39+00:00","og_image":[{"width":909,"height":909,"url":"https:\/\/unrostore.com\/wp-content\/uploads\/2023\/08\/unro-giftcard-300.jpg","type":"image\/jpeg"}],"twitter_card":"summary_large_image","schema":{"@context":"https:\/\/schema.org","@graph":[{"@type":"WebPage","@id":"https:\/\/unrostore.com\/shop\/cadeaubonnen\/cadeaubon-300\/","url":"https:\/\/unrostore.com\/shop\/cadeaubonnen\/cadeaubon-300\/","name":"Geschenkgutschein 300 \u20ac - UNRO","isPartOf":{"@id":"https:\/\/unrostore.com\/#website"},"primaryImageOfPage":{"@id":"https:\/\/unrostore.com\/shop\/cadeaubonnen\/cadeaubon-300\/#primaryimage"},"image":{"@id":"https:\/\/unrostore.com\/shop\/cadeaubonnen\/cadeaubon-300\/#primaryimage"},"thumbnailUrl":"https:\/\/unrostore.com\/wp-content\/uploads\/2023\/08\/unro-giftcard-300.jpg","datePublished":"2023-08-12T16:13:41+00:00","dateModified":"2025-05-20T19:26:39+00:00","description":"Machen Sie jemandem mit einem UNRO-Geschenkgutschein im Wert von 300 \u20ac eine Freude und lassen Sie ihn selbst etwas Einzigartiges ausw\u00e4hlen. Handgefertigte Keramik aus Portugal, exklusiv bei UNRO!","breadcrumb":{"@id":"https:\/\/unrostore.com\/shop\/cadeaubonnen\/cadeaubon-300\/#breadcrumb"},"inLanguage":"de-AT","potentialAction":[{"@type":"ReadAction","target":["https:\/\/unrostore.com\/shop\/cadeaubonnen\/cadeaubon-300\/"]}]},{"@type":"ImageObject","inLanguage":"de-AT","@id":"https:\/\/unrostore.com\/shop\/cadeaubonnen\/cadeaubon-300\/#primaryimage","url":"https:\/\/unrostore.com\/wp-content\/uploads\/2023\/08\/unro-giftcard-300.jpg","contentUrl":"https:\/\/unrostore.com\/wp-content\/uploads\/2023\/08\/unro-giftcard-300.jpg","width":909,"height":909,"caption":"cadeaubon \u20ac300 e-voucher UNRO"},{"@type":"BreadcrumbList","@id":"https:\/\/unrostore.com\/shop\/cadeaubonnen\/cadeaubon-300\/#breadcrumb","itemListElement":[{"@type":"ListItem","position":1,"name":"Home","item":"https:\/\/unrostore.com\/"},{"@type":"ListItem","position":2,"name":"Shop","item":"https:\/\/unrostore.com\/shop\/"},{"@type":"ListItem","position":3,"name":"Cadeaubon \u20ac300"}]},{"@type":"WebSite","@id":"https:\/\/unrostore.com\/#website","url":"https:\/\/unrostore.com\/","name":"UNRO","description":"Portugiesisches Geschirr, das Sie gl\u00fccklich machen wird!","publisher":{"@id":"https:\/\/unrostore.com\/#organization"},"potentialAction":[{"@type":"SearchAction","target":{"@type":"EntryPoint","urlTemplate":"https:\/\/unrostore.com\/?s={search_term_string}"},"query-input":{"@type":"PropertyValueSpecification","valueRequired":true,"valueName":"search_term_string"}}],"inLanguage":"de-AT"},{"@type":"Organization","@id":"https:\/\/unrostore.com\/#organization","name":"UNRO","url":"https:\/\/unrostore.com\/","logo":{"@type":"ImageObject","inLanguage":"de-AT","@id":"https:\/\/unrostore.com\/#\/schema\/logo\/image\/","url":"https:\/\/unrostore.com\/wp-content\/uploads\/2022\/05\/Logo-UNRO.png","contentUrl":"https:\/\/unrostore.com\/wp-content\/uploads\/2022\/05\/Logo-UNRO.png","width":605,"height":179,"caption":"UNRO"},"image":{"@id":"https:\/\/unrostore.com\/#\/schema\/logo\/image\/"}}]}},"_links":{"self":[{"href":"https:\/\/unrostore.com\/de-at\/wp-json\/wp\/v2\/product\/5258","targetHints":{"allow":["GET"]}}],"collection":[{"href":"https:\/\/unrostore.com\/de-at\/wp-json\/wp\/v2\/product"}],"about":[{"href":"https:\/\/unrostore.com\/de-at\/wp-json\/wp\/v2\/types\/product"}],"wp:featuredmedia":[{"embeddable":true,"href":"https:\/\/unrostore.com\/de-at\/wp-json\/wp\/v2\/media\/5259"}],"wp:attachment":[{"href":"https:\/\/unrostore.com\/de-at\/wp-json\/wp\/v2\/media?parent=5258"}],"wp:term":[{"taxonomy":"product_brand","embeddable":true,"href":"https:\/\/unrostore.com\/de-at\/wp-json\/wp\/v2\/product_brand?post=5258"},{"taxonomy":"product_cat","embeddable":true,"href":"https:\/\/unrostore.com\/de-at\/wp-json\/wp\/v2\/product_cat?post=5258"},{"taxonomy":"product_tag","embeddable":true,"href":"https:\/\/unrostore.com\/de-at\/wp-json\/wp\/v2\/product_tag?post=5258"}],"curies":[{"name":"wp","href":"https:\/\/api.w.org\/{rel}","templated":true}]}}